{"id":1783,"date":"2016-11-07T09:44:17","date_gmt":"2016-11-07T08:44:17","guid":{"rendered":"https:\/\/www.rijeka.hr\/it\/?page_id=1783"},"modified":"2025-12-05T10:29:41","modified_gmt":"2025-12-05T09:29:41","slug":"comitato-lautogoverno-locale","status":"publish","type":"page","link":"https:\/\/www.rijeka.hr\/it\/amministrazione-cittadina\/consiglio-cittadino\/organi-lavoro-del-consiglio-cittadino\/comitato-lautogoverno-locale\/","title":{"rendered":"Comitato per l&#8217;autogoverno locale"},"content":{"rendered":"<p>Il Comitato per l&#8217;autogoverno locale monitora il lavoro dell\u2019autogoverno locale, propone al Consiglio cittadino misure volte a migliorare l\u2019attivit\u00e0 dell\u2019autogoverno locale, in questo riguardo considera proposte dei consigli dei comitati di quartiere ed esprime il proprio parere al Consiglio cittadino e propone al Consiglio cittadino le attivit\u00e0 che rientrano nello scopo dell\u2019autogoverno locale della Citt\u00e0 di Fiume rilevanti per i comitati di quartiere che possono essere delegate ai comitati di quartiere, considera, inoltre, proposte di decisione allo scopo di svolgere le elezioni per i membri dei consigli dei comitati di quartiere, e alte, le bozze di atto rilevanti per lo sviluppo e il funzionamento dell\u2019autogoverno locale, propone al Consiglio cittadino denominazioni e modifiche ai nomi di vie e piazze.<\/p>\n<p><strong>Composizione del Comitato:<\/strong><\/p>\n<ul>\n<li><b><strong>Sanjin Matijevi\u0107<\/strong>, <\/b>come presidente<\/li>\n<li><b style=\"font-size: 1.125rem;\"><b>Kristian Star\u010di\u0107<\/b>, <\/b><span style=\"font-size: 1.125rem;\">vicepresidente\u00a0<\/span><\/li>\n<\/ul>\n<p><strong>Membri:<\/strong><\/p>\n<ul>\n<li><b><strong>Vi\u0161nja Jelen\u010di\u0107<\/strong>,\u00a0<\/b><\/li>\n<li><b style=\"font-size: 1.125rem;\">Zoran \u0160alov,<\/b><\/li>\n<li><b style=\"font-size: 1.125rem;\"><strong>Igor Su\u0161i\u0107,<\/strong>.<\/b><\/li>\n<\/ul>\n<p><strong>Contatti &#8211; Comitato per l&#8217;autogoverno locale:<\/strong><br \/>\nSegretario del Comitato<br \/>\n<strong>Vinko Randi\u0107<\/strong><br \/>\nTelefono: <a href=\"tel:+385 51 209 477\">051 209 477<\/a><br \/>\nE-mail: <a>&#118;i&#x6e;k&#x6f;&#46;&#x72;a&#x6e;&#100;&#x69;&#99;&#x40;&#114;&#x69;&#106;e&#107;a&#x2e;h&#x72;<\/a><\/p>\n<p>Responsabile per i preparativi delle sedute del Comitato:<br \/>\n<strong>Ines Pece<\/strong><br \/>\nTelefono:\u00a0 <a href=\"tel:+385 51 209 541\">051 209 541<\/a><br \/>\nE-mail: <a href=\"&#x6d;&#x61;&#x69;&#108;&#116;&#111;:i&#x6e;&#x65;&#x73;&#x2e;&#112;&#101;ce&#x40;&#x72;&#x69;&#x6a;&#101;&#107;a&#46;&#x68;&#x72;\">&#x69;n&#x65;&#115;&#x2e;&#112;e&#x63;&#101;&#x40;&#114;i&#x6a;&#101;&#x6b;&#97;&#46;&#x68;r<\/a><\/p>\n","protected":false},"excerpt":{"rendered":"<p>Il Comitato per l&#8217;autogoverno locale monitora il lavoro dell\u2019autogoverno locale, propone al Consiglio cittadino misure volte a migliorare l\u2019attivit\u00e0 dell\u2019autogoverno locale, in questo riguardo considera proposte dei consigli dei comitati di quartiere ed esprime il proprio parere al Consiglio cittadino e propone al Consiglio cittadino le attivit\u00e0 che rientrano nello scopo dell\u2019autogoverno locale della Citt\u00e0&#8230;<\/p>\n","protected":false},"author":13,"featured_media":0,"parent":1757,"menu_order":0,"comment_status":"closed","ping_status":"closed","template":"","meta":{"_acf_changed":false,"_trash_the_other_posts":false,"footnotes":"","_links_to":"","_links_to_target":""},"tags":[],"class_list":["post-1783","page","type-page","status-publish","hentry"],"acf":[],"yoast_head":"<!-- This site is optimized with the Yoast SEO plugin v24.4 - https:\/\/yoast.com\/wordpress\/plugins\/seo\/ -->\n<title>Comitato per l&#039;autogoverno locale - Citt\u00e0 di Fiume<\/title>\n<meta name=\"robots\" content=\"index, follow, max-snippet:-1, max-image-preview:large, max-video-preview:-1\" \/>\n<link rel=\"canonical\" href=\"https:\/\/www.rijeka.hr\/it\/amministrazione-cittadina\/consiglio-cittadino\/organi-lavoro-del-consiglio-cittadino\/comitato-lautogoverno-locale\/\" \/>\n<meta property=\"og:locale\" content=\"it_IT\" \/>\n<meta property=\"og:type\" content=\"article\" \/>\n<meta property=\"og:title\" content=\"Comitato per l&#039;autogoverno locale - Citt\u00e0 di Fiume\" \/>\n<meta property=\"og:description\" content=\"Il Comitato per l&#8217;autogoverno locale monitora il lavoro dell\u2019autogoverno locale, propone al Consiglio cittadino misure volte a migliorare l\u2019attivit\u00e0 dell\u2019autogoverno locale, in questo riguardo considera proposte dei consigli dei comitati di quartiere ed esprime il proprio parere al Consiglio cittadino e propone al Consiglio cittadino le attivit\u00e0 che rientrano nello scopo dell\u2019autogoverno locale della Citt\u00e0...\" \/>\n<meta property=\"og:url\" content=\"https:\/\/www.rijeka.hr\/it\/amministrazione-cittadina\/consiglio-cittadino\/organi-lavoro-del-consiglio-cittadino\/comitato-lautogoverno-locale\/\" \/>\n<meta property=\"og:site_name\" content=\"Citt\u00e0 di Fiume\" \/>\n<meta property=\"article:modified_time\" content=\"2025-12-05T09:29:41+00:00\" \/>\n<meta name=\"twitter:card\" content=\"summary_large_image\" \/>\n<meta name=\"twitter:label1\" content=\"Est. reading time\" \/>\n\t<meta name=\"twitter:data1\" content=\"1 minute\" \/>\n<script type=\"application\/ld+json\" class=\"yoast-schema-graph\">{\"@context\":\"https:\/\/schema.org\",\"@graph\":[{\"@type\":\"WebPage\",\"@id\":\"https:\/\/www.rijeka.hr\/it\/amministrazione-cittadina\/consiglio-cittadino\/organi-lavoro-del-consiglio-cittadino\/comitato-lautogoverno-locale\/\",\"url\":\"https:\/\/www.rijeka.hr\/it\/amministrazione-cittadina\/consiglio-cittadino\/organi-lavoro-del-consiglio-cittadino\/comitato-lautogoverno-locale\/\",\"name\":\"Comitato per l'autogoverno locale - Citt\u00e0 di Fiume\",\"isPartOf\":{\"@id\":\"https:\/\/www.rijeka.hr\/it\/#website\"},\"datePublished\":\"2016-11-07T08:44:17+00:00\",\"dateModified\":\"2025-12-05T09:29:41+00:00\",\"breadcrumb\":{\"@id\":\"https:\/\/www.rijeka.hr\/it\/amministrazione-cittadina\/consiglio-cittadino\/organi-lavoro-del-consiglio-cittadino\/comitato-lautogoverno-locale\/#breadcrumb\"},\"inLanguage\":\"it-IT\",\"potentialAction\":[{\"@type\":\"ReadAction\",\"target\":[\"https:\/\/www.rijeka.hr\/it\/amministrazione-cittadina\/consiglio-cittadino\/organi-lavoro-del-consiglio-cittadino\/comitato-lautogoverno-locale\/\"]}]},{\"@type\":\"BreadcrumbList\",\"@id\":\"https:\/\/www.rijeka.hr\/it\/amministrazione-cittadina\/consiglio-cittadino\/organi-lavoro-del-consiglio-cittadino\/comitato-lautogoverno-locale\/#breadcrumb\",\"itemListElement\":[{\"@type\":\"ListItem\",\"position\":1,\"name\":\"Po\u010detna stranica\",\"item\":\"https:\/\/www.rijeka.hr\/it\/\"},{\"@type\":\"ListItem\",\"position\":2,\"name\":\"Amministrazione cittadina\",\"item\":\"https:\/\/www.rijeka.hr\/it\/amministrazione-cittadina\/\"},{\"@type\":\"ListItem\",\"position\":3,\"name\":\"Consiglio cittadino\",\"item\":\"https:\/\/www.rijeka.hr\/it\/amministrazione-cittadina\/consiglio-cittadino\/\"},{\"@type\":\"ListItem\",\"position\":4,\"name\":\"Organi di lavoro del Consiglio cittadino\",\"item\":\"https:\/\/www.rijeka.hr\/it\/amministrazione-cittadina\/consiglio-cittadino\/organi-lavoro-del-consiglio-cittadino\/\"},{\"@type\":\"ListItem\",\"position\":5,\"name\":\"Comitato per l&#8217;autogoverno locale\"}]},{\"@type\":\"WebSite\",\"@id\":\"https:\/\/www.rijeka.hr\/it\/#website\",\"url\":\"https:\/\/www.rijeka.hr\/it\/\",\"name\":\"Citt\u00e0 di Fiume\",\"description\":\"Portale web della Citta&#039; di Fiume\",\"potentialAction\":[{\"@type\":\"SearchAction\",\"target\":{\"@type\":\"EntryPoint\",\"urlTemplate\":\"https:\/\/www.rijeka.hr\/it\/?s={search_term_string}\"},\"query-input\":{\"@type\":\"PropertyValueSpecification\",\"valueRequired\":true,\"valueName\":\"search_term_string\"}}],\"inLanguage\":\"it-IT\"}]}<\/script>\n<!-- \/ Yoast SEO plugin. -->","yoast_head_json":{"title":"Comitato per l'autogoverno locale - Citt\u00e0 di Fiume","robots":{"index":"index","follow":"follow","max-snippet":"max-snippet:-1","max-image-preview":"max-image-preview:large","max-video-preview":"max-video-preview:-1"},"canonical":"https:\/\/www.rijeka.hr\/it\/amministrazione-cittadina\/consiglio-cittadino\/organi-lavoro-del-consiglio-cittadino\/comitato-lautogoverno-locale\/","og_locale":"it_IT","og_type":"article","og_title":"Comitato per l'autogoverno locale - Citt\u00e0 di Fiume","og_description":"Il Comitato per l&#8217;autogoverno locale monitora il lavoro dell\u2019autogoverno locale, propone al Consiglio cittadino misure volte a migliorare l\u2019attivit\u00e0 dell\u2019autogoverno locale, in questo riguardo considera proposte dei consigli dei comitati di quartiere ed esprime il proprio parere al Consiglio cittadino e propone al Consiglio cittadino le attivit\u00e0 che rientrano nello scopo dell\u2019autogoverno locale della Citt\u00e0...","og_url":"https:\/\/www.rijeka.hr\/it\/amministrazione-cittadina\/consiglio-cittadino\/organi-lavoro-del-consiglio-cittadino\/comitato-lautogoverno-locale\/","og_site_name":"Citt\u00e0 di Fiume","article_modified_time":"2025-12-05T09:29:41+00:00","twitter_card":"summary_large_image","twitter_misc":{"Est. reading time":"1 minute"},"schema":{"@context":"https:\/\/schema.org","@graph":[{"@type":"WebPage","@id":"https:\/\/www.rijeka.hr\/it\/amministrazione-cittadina\/consiglio-cittadino\/organi-lavoro-del-consiglio-cittadino\/comitato-lautogoverno-locale\/","url":"https:\/\/www.rijeka.hr\/it\/amministrazione-cittadina\/consiglio-cittadino\/organi-lavoro-del-consiglio-cittadino\/comitato-lautogoverno-locale\/","name":"Comitato per l'autogoverno locale - Citt\u00e0 di Fiume","isPartOf":{"@id":"https:\/\/www.rijeka.hr\/it\/#website"},"datePublished":"2016-11-07T08:44:17+00:00","dateModified":"2025-12-05T09:29:41+00:00","breadcrumb":{"@id":"https:\/\/www.rijeka.hr\/it\/amministrazione-cittadina\/consiglio-cittadino\/organi-lavoro-del-consiglio-cittadino\/comitato-lautogoverno-locale\/#breadcrumb"},"inLanguage":"it-IT","potentialAction":[{"@type":"ReadAction","target":["https:\/\/www.rijeka.hr\/it\/amministrazione-cittadina\/consiglio-cittadino\/organi-lavoro-del-consiglio-cittadino\/comitato-lautogoverno-locale\/"]}]},{"@type":"BreadcrumbList","@id":"https:\/\/www.rijeka.hr\/it\/amministrazione-cittadina\/consiglio-cittadino\/organi-lavoro-del-consiglio-cittadino\/comitato-lautogoverno-locale\/#breadcrumb","itemListElement":[{"@type":"ListItem","position":1,"name":"Po\u010detna stranica","item":"https:\/\/www.rijeka.hr\/it\/"},{"@type":"ListItem","position":2,"name":"Amministrazione cittadina","item":"https:\/\/www.rijeka.hr\/it\/amministrazione-cittadina\/"},{"@type":"ListItem","position":3,"name":"Consiglio cittadino","item":"https:\/\/www.rijeka.hr\/it\/amministrazione-cittadina\/consiglio-cittadino\/"},{"@type":"ListItem","position":4,"name":"Organi di lavoro del Consiglio cittadino","item":"https:\/\/www.rijeka.hr\/it\/amministrazione-cittadina\/consiglio-cittadino\/organi-lavoro-del-consiglio-cittadino\/"},{"@type":"ListItem","position":5,"name":"Comitato per l&#8217;autogoverno locale"}]},{"@type":"WebSite","@id":"https:\/\/www.rijeka.hr\/it\/#website","url":"https:\/\/www.rijeka.hr\/it\/","name":"Citt\u00e0 di Fiume","description":"Portale web della Citta&#039; di Fiume","potentialAction":[{"@type":"SearchAction","target":{"@type":"EntryPoint","urlTemplate":"https:\/\/www.rijeka.hr\/it\/?s={search_term_string}"},"query-input":{"@type":"PropertyValueSpecification","valueRequired":true,"valueName":"search_term_string"}}],"inLanguage":"it-IT"}]}},"_links":{"self":[{"href":"https:\/\/www.rijeka.hr\/it\/wp-json\/wp\/v2\/pages\/1783","targetHints":{"allow":["GET"]}}],"collection":[{"href":"https:\/\/www.rijeka.hr\/it\/wp-json\/wp\/v2\/pages"}],"about":[{"href":"https:\/\/www.rijeka.hr\/it\/wp-json\/wp\/v2\/types\/page"}],"author":[{"embeddable":true,"href":"https:\/\/www.rijeka.hr\/it\/wp-json\/wp\/v2\/users\/13"}],"replies":[{"embeddable":true,"href":"https:\/\/www.rijeka.hr\/it\/wp-json\/wp\/v2\/comments?post=1783"}],"version-history":[{"count":4,"href":"https:\/\/www.rijeka.hr\/it\/wp-json\/wp\/v2\/pages\/1783\/revisions"}],"predecessor-version":[{"id":20020,"href":"https:\/\/www.rijeka.hr\/it\/wp-json\/wp\/v2\/pages\/1783\/revisions\/20020"}],"up":[{"embeddable":true,"href":"https:\/\/www.rijeka.hr\/it\/wp-json\/wp\/v2\/pages\/1757"}],"wp:attachment":[{"href":"https:\/\/www.rijeka.hr\/it\/wp-json\/wp\/v2\/media?parent=1783"}],"wp:term":[{"taxonomy":"post_tag","embeddable":true,"href":"https:\/\/www.rijeka.hr\/it\/wp-json\/wp\/v2\/tags?post=1783"}],"curies":[{"name":"wp","href":"https:\/\/api.w.org\/{rel}","templated":true}]}}