{"id":1787,"date":"2016-11-07T09:51:58","date_gmt":"2016-11-07T08:51:58","guid":{"rendered":"https:\/\/www.rijeka.hr\/it\/?page_id=1787"},"modified":"2025-12-05T10:14:03","modified_gmt":"2025-12-05T09:14:03","slug":"comitato-leducazione-listruzione-prescolare","status":"publish","type":"page","link":"https:\/\/www.rijeka.hr\/it\/amministrazione-cittadina\/consiglio-cittadino\/organi-lavoro-del-consiglio-cittadino\/comitato-leducazione-listruzione-prescolare\/","title":{"rendered":"Comitato per l&#8217;educazione e l&#8217;istruzione prescolare"},"content":{"rendered":"<p>Il Comitato per l&#8217;educazione prescolare e l&#8217;istruzione considera le esigenze dei cittadini nel campo dell\u2019educazione prescolare e dell\u2019istruzione, propone misure relative alla promozione di queste attivit\u00e0 e svolge anche le altre attivit\u00e0 specificate dal Regolamento e dagli atti del Consiglio cittadino.<\/p>\n<p><strong>Composizione del Comitato:<\/strong><\/p>\n<ul>\n<li><b><strong>Igor Vlajni\u0107<\/strong>, <\/b>come\u00a0presidente<\/li>\n<li><b style=\"font-size: 1.125rem;\"><strong>Astrid Massari,<\/strong>\u00a0<\/b><span style=\"font-size: 1.125rem;\">vicepresidente\u00a0<\/span><span style=\"font-size: 1.125rem;\">\u00a0 \u00a0 \u00a0 \u00a0<\/span><\/li>\n<\/ul>\n<p><strong>Membri:<\/strong><\/p>\n<ul>\n<li><strong>Sanjin Lukari\u0107,\u00a0<\/strong><\/li>\n<li><strong>Patrizia Pitacco,<\/strong><\/li>\n<li><strong>Tanija \u010cau\u0161evi\u0107,\u00a0<\/strong><\/li>\n<li><strong>Hana Paleka,<\/strong><\/li>\n<li><strong>Anamarija Kos,<\/strong><\/li>\n<\/ul>\n<p>Contatti \u2013 Comitato per l&#8217;educazione prescolare e l&#8217;istruzione<\/p>\n<p>Segretaria del Comitato:<br \/>\n<strong>Maja Manestar<\/strong><br \/>\nTel:\u00a0<a href=\"tel:\/\/+385 51 209 349\">051 209 349<\/a><br \/>\nE-mail: <a href=\"mai&#108;&#116;&#111;&#x3a;&#x6d;&#x61;&#x6a;&#x61;&#x2e;man&#101;&#115;&#116;&#97;&#x72;&#x40;&#x72;&#x69;&#x6a;&#x65;ka&#46;&#104;&#114;\">&#109;&#x61;&#x6a;&#97;&#x2e;&#x6d;&#97;&#x6e;&#x65;&#115;&#x74;&#x61;&#114;&#x40;&#x72;&#105;&#x6a;&#x65;&#107;&#x61;&#x2e;&#104;&#x72;<\/a><\/p>\n<p>Responsabile per i preparativi delle sedute del Comitato:<br \/>\n<b><strong>Daniela Pe\u0161ov<br \/>\n<\/strong><\/b>Telefon:\u00a0\u00a0<a href=\"tel:+385 51 209 694\">051 209 694<\/a><br \/>\nE-mail: <a href=\"&#x6d;a&#x69;&#108;&#x74;&#x6f;:&#x64;&#97;&#x6e;&#x69;j&#x65;&#108;&#x61;&#x2e;p&#x65;&#115;&#x6f;&#x76;&#64;&#x72;&#105;&#x6a;&#x65;k&#x61;&#46;&#x68;&#x72;\">&#x64;&#x61;&#x6e;&#x69;&#106;&#101;&#108;&#97;&#46;pe&#x73;&#x6f;&#x76;&#x40;&#x72;&#105;&#106;&#101;ka&#46;&#x68;&#x72;<\/a><\/p>\n","protected":false},"excerpt":{"rendered":"<p>Il Comitato per l&#8217;educazione prescolare e l&#8217;istruzione considera le esigenze dei cittadini nel campo dell\u2019educazione prescolare e dell\u2019istruzione, propone misure relative alla promozione di queste attivit\u00e0 e svolge anche le altre attivit\u00e0 specificate dal Regolamento e dagli atti del Consiglio cittadino. Composizione del Comitato: Igor Vlajni\u0107, come\u00a0presidente Astrid Massari,\u00a0vicepresidente\u00a0\u00a0 \u00a0 \u00a0 \u00a0 Membri: Sanjin Lukari\u0107,\u00a0&#8230;<\/p>\n","protected":false},"author":13,"featured_media":0,"parent":1757,"menu_order":0,"comment_status":"closed","ping_status":"closed","template":"","meta":{"_acf_changed":false,"_trash_the_other_posts":false,"footnotes":"","_links_to":"","_links_to_target":""},"tags":[],"class_list":["post-1787","page","type-page","status-publish","hentry"],"acf":[],"yoast_head":"<!-- This site is optimized with the Yoast SEO plugin v24.4 - https:\/\/yoast.com\/wordpress\/plugins\/seo\/ -->\n<title>Comitato per l&#039;educazione e l&#039;istruzione prescolare - Citt\u00e0 di Fiume<\/title>\n<meta name=\"robots\" content=\"index, follow, max-snippet:-1, max-image-preview:large, max-video-preview:-1\" \/>\n<link rel=\"canonical\" href=\"https:\/\/www.rijeka.hr\/it\/amministrazione-cittadina\/consiglio-cittadino\/organi-lavoro-del-consiglio-cittadino\/comitato-leducazione-listruzione-prescolare\/\" \/>\n<meta property=\"og:locale\" content=\"it_IT\" \/>\n<meta property=\"og:type\" content=\"article\" \/>\n<meta property=\"og:title\" content=\"Comitato per l&#039;educazione e l&#039;istruzione prescolare - Citt\u00e0 di Fiume\" \/>\n<meta property=\"og:description\" content=\"Il Comitato per l&#8217;educazione prescolare e l&#8217;istruzione considera le esigenze dei cittadini nel campo dell\u2019educazione prescolare e dell\u2019istruzione, propone misure relative alla promozione di queste attivit\u00e0 e svolge anche le altre attivit\u00e0 specificate dal Regolamento e dagli atti del Consiglio cittadino. Composizione del Comitato: Igor Vlajni\u0107, come\u00a0presidente Astrid Massari,\u00a0vicepresidente\u00a0\u00a0 \u00a0 \u00a0 \u00a0 Membri: Sanjin Lukari\u0107,\u00a0...\" \/>\n<meta property=\"og:url\" content=\"https:\/\/www.rijeka.hr\/it\/amministrazione-cittadina\/consiglio-cittadino\/organi-lavoro-del-consiglio-cittadino\/comitato-leducazione-listruzione-prescolare\/\" \/>\n<meta property=\"og:site_name\" content=\"Citt\u00e0 di Fiume\" \/>\n<meta property=\"article:modified_time\" content=\"2025-12-05T09:14:03+00:00\" \/>\n<meta name=\"twitter:card\" content=\"summary_large_image\" \/>\n<meta name=\"twitter:label1\" content=\"Est. reading time\" \/>\n\t<meta name=\"twitter:data1\" content=\"1 minute\" \/>\n<script type=\"application\/ld+json\" class=\"yoast-schema-graph\">{\"@context\":\"https:\/\/schema.org\",\"@graph\":[{\"@type\":\"WebPage\",\"@id\":\"https:\/\/www.rijeka.hr\/it\/amministrazione-cittadina\/consiglio-cittadino\/organi-lavoro-del-consiglio-cittadino\/comitato-leducazione-listruzione-prescolare\/\",\"url\":\"https:\/\/www.rijeka.hr\/it\/amministrazione-cittadina\/consiglio-cittadino\/organi-lavoro-del-consiglio-cittadino\/comitato-leducazione-listruzione-prescolare\/\",\"name\":\"Comitato per l'educazione e l'istruzione prescolare - Citt\u00e0 di Fiume\",\"isPartOf\":{\"@id\":\"https:\/\/www.rijeka.hr\/it\/#website\"},\"datePublished\":\"2016-11-07T08:51:58+00:00\",\"dateModified\":\"2025-12-05T09:14:03+00:00\",\"breadcrumb\":{\"@id\":\"https:\/\/www.rijeka.hr\/it\/amministrazione-cittadina\/consiglio-cittadino\/organi-lavoro-del-consiglio-cittadino\/comitato-leducazione-listruzione-prescolare\/#breadcrumb\"},\"inLanguage\":\"it-IT\",\"potentialAction\":[{\"@type\":\"ReadAction\",\"target\":[\"https:\/\/www.rijeka.hr\/it\/amministrazione-cittadina\/consiglio-cittadino\/organi-lavoro-del-consiglio-cittadino\/comitato-leducazione-listruzione-prescolare\/\"]}]},{\"@type\":\"BreadcrumbList\",\"@id\":\"https:\/\/www.rijeka.hr\/it\/amministrazione-cittadina\/consiglio-cittadino\/organi-lavoro-del-consiglio-cittadino\/comitato-leducazione-listruzione-prescolare\/#breadcrumb\",\"itemListElement\":[{\"@type\":\"ListItem\",\"position\":1,\"name\":\"Po\u010detna stranica\",\"item\":\"https:\/\/www.rijeka.hr\/it\/\"},{\"@type\":\"ListItem\",\"position\":2,\"name\":\"Amministrazione cittadina\",\"item\":\"https:\/\/www.rijeka.hr\/it\/amministrazione-cittadina\/\"},{\"@type\":\"ListItem\",\"position\":3,\"name\":\"Consiglio cittadino\",\"item\":\"https:\/\/www.rijeka.hr\/it\/amministrazione-cittadina\/consiglio-cittadino\/\"},{\"@type\":\"ListItem\",\"position\":4,\"name\":\"Organi di lavoro del Consiglio cittadino\",\"item\":\"https:\/\/www.rijeka.hr\/it\/amministrazione-cittadina\/consiglio-cittadino\/organi-lavoro-del-consiglio-cittadino\/\"},{\"@type\":\"ListItem\",\"position\":5,\"name\":\"Comitato per l&#8217;educazione e l&#8217;istruzione prescolare\"}]},{\"@type\":\"WebSite\",\"@id\":\"https:\/\/www.rijeka.hr\/it\/#website\",\"url\":\"https:\/\/www.rijeka.hr\/it\/\",\"name\":\"Citt\u00e0 di Fiume\",\"description\":\"Portale web della Citta&#039; di Fiume\",\"potentialAction\":[{\"@type\":\"SearchAction\",\"target\":{\"@type\":\"EntryPoint\",\"urlTemplate\":\"https:\/\/www.rijeka.hr\/it\/?s={search_term_string}\"},\"query-input\":{\"@type\":\"PropertyValueSpecification\",\"valueRequired\":true,\"valueName\":\"search_term_string\"}}],\"inLanguage\":\"it-IT\"}]}<\/script>\n<!-- \/ Yoast SEO plugin. -->","yoast_head_json":{"title":"Comitato per l'educazione e l'istruzione prescolare - Citt\u00e0 di Fiume","robots":{"index":"index","follow":"follow","max-snippet":"max-snippet:-1","max-image-preview":"max-image-preview:large","max-video-preview":"max-video-preview:-1"},"canonical":"https:\/\/www.rijeka.hr\/it\/amministrazione-cittadina\/consiglio-cittadino\/organi-lavoro-del-consiglio-cittadino\/comitato-leducazione-listruzione-prescolare\/","og_locale":"it_IT","og_type":"article","og_title":"Comitato per l'educazione e l'istruzione prescolare - Citt\u00e0 di Fiume","og_description":"Il Comitato per l&#8217;educazione prescolare e l&#8217;istruzione considera le esigenze dei cittadini nel campo dell\u2019educazione prescolare e dell\u2019istruzione, propone misure relative alla promozione di queste attivit\u00e0 e svolge anche le altre attivit\u00e0 specificate dal Regolamento e dagli atti del Consiglio cittadino. Composizione del Comitato: Igor Vlajni\u0107, come\u00a0presidente Astrid Massari,\u00a0vicepresidente\u00a0\u00a0 \u00a0 \u00a0 \u00a0 Membri: Sanjin Lukari\u0107,\u00a0...","og_url":"https:\/\/www.rijeka.hr\/it\/amministrazione-cittadina\/consiglio-cittadino\/organi-lavoro-del-consiglio-cittadino\/comitato-leducazione-listruzione-prescolare\/","og_site_name":"Citt\u00e0 di Fiume","article_modified_time":"2025-12-05T09:14:03+00:00","twitter_card":"summary_large_image","twitter_misc":{"Est. reading time":"1 minute"},"schema":{"@context":"https:\/\/schema.org","@graph":[{"@type":"WebPage","@id":"https:\/\/www.rijeka.hr\/it\/amministrazione-cittadina\/consiglio-cittadino\/organi-lavoro-del-consiglio-cittadino\/comitato-leducazione-listruzione-prescolare\/","url":"https:\/\/www.rijeka.hr\/it\/amministrazione-cittadina\/consiglio-cittadino\/organi-lavoro-del-consiglio-cittadino\/comitato-leducazione-listruzione-prescolare\/","name":"Comitato per l'educazione e l'istruzione prescolare - Citt\u00e0 di Fiume","isPartOf":{"@id":"https:\/\/www.rijeka.hr\/it\/#website"},"datePublished":"2016-11-07T08:51:58+00:00","dateModified":"2025-12-05T09:14:03+00:00","breadcrumb":{"@id":"https:\/\/www.rijeka.hr\/it\/amministrazione-cittadina\/consiglio-cittadino\/organi-lavoro-del-consiglio-cittadino\/comitato-leducazione-listruzione-prescolare\/#breadcrumb"},"inLanguage":"it-IT","potentialAction":[{"@type":"ReadAction","target":["https:\/\/www.rijeka.hr\/it\/amministrazione-cittadina\/consiglio-cittadino\/organi-lavoro-del-consiglio-cittadino\/comitato-leducazione-listruzione-prescolare\/"]}]},{"@type":"BreadcrumbList","@id":"https:\/\/www.rijeka.hr\/it\/amministrazione-cittadina\/consiglio-cittadino\/organi-lavoro-del-consiglio-cittadino\/comitato-leducazione-listruzione-prescolare\/#breadcrumb","itemListElement":[{"@type":"ListItem","position":1,"name":"Po\u010detna stranica","item":"https:\/\/www.rijeka.hr\/it\/"},{"@type":"ListItem","position":2,"name":"Amministrazione cittadina","item":"https:\/\/www.rijeka.hr\/it\/amministrazione-cittadina\/"},{"@type":"ListItem","position":3,"name":"Consiglio cittadino","item":"https:\/\/www.rijeka.hr\/it\/amministrazione-cittadina\/consiglio-cittadino\/"},{"@type":"ListItem","position":4,"name":"Organi di lavoro del Consiglio cittadino","item":"https:\/\/www.rijeka.hr\/it\/amministrazione-cittadina\/consiglio-cittadino\/organi-lavoro-del-consiglio-cittadino\/"},{"@type":"ListItem","position":5,"name":"Comitato per l&#8217;educazione e l&#8217;istruzione prescolare"}]},{"@type":"WebSite","@id":"https:\/\/www.rijeka.hr\/it\/#website","url":"https:\/\/www.rijeka.hr\/it\/","name":"Citt\u00e0 di Fiume","description":"Portale web della Citta&#039; di Fiume","potentialAction":[{"@type":"SearchAction","target":{"@type":"EntryPoint","urlTemplate":"https:\/\/www.rijeka.hr\/it\/?s={search_term_string}"},"query-input":{"@type":"PropertyValueSpecification","valueRequired":true,"valueName":"search_term_string"}}],"inLanguage":"it-IT"}]}},"_links":{"self":[{"href":"https:\/\/www.rijeka.hr\/it\/wp-json\/wp\/v2\/pages\/1787","targetHints":{"allow":["GET"]}}],"collection":[{"href":"https:\/\/www.rijeka.hr\/it\/wp-json\/wp\/v2\/pages"}],"about":[{"href":"https:\/\/www.rijeka.hr\/it\/wp-json\/wp\/v2\/types\/page"}],"author":[{"embeddable":true,"href":"https:\/\/www.rijeka.hr\/it\/wp-json\/wp\/v2\/users\/13"}],"replies":[{"embeddable":true,"href":"https:\/\/www.rijeka.hr\/it\/wp-json\/wp\/v2\/comments?post=1787"}],"version-history":[{"count":5,"href":"https:\/\/www.rijeka.hr\/it\/wp-json\/wp\/v2\/pages\/1787\/revisions"}],"predecessor-version":[{"id":20016,"href":"https:\/\/www.rijeka.hr\/it\/wp-json\/wp\/v2\/pages\/1787\/revisions\/20016"}],"up":[{"embeddable":true,"href":"https:\/\/www.rijeka.hr\/it\/wp-json\/wp\/v2\/pages\/1757"}],"wp:attachment":[{"href":"https:\/\/www.rijeka.hr\/it\/wp-json\/wp\/v2\/media?parent=1787"}],"wp:term":[{"taxonomy":"post_tag","embeddable":true,"href":"https:\/\/www.rijeka.hr\/it\/wp-json\/wp\/v2\/tags?post=1787"}],"curies":[{"name":"wp","href":"https:\/\/api.w.org\/{rel}","templated":true}]}}