{"id":1789,"date":"2016-11-07T10:00:30","date_gmt":"2016-11-07T09:00:30","guid":{"rendered":"https:\/\/www.rijeka.hr\/it\/?page_id=1789"},"modified":"2025-12-05T11:08:42","modified_gmt":"2025-12-05T10:08:42","slug":"comitato-dei-trasporti","status":"publish","type":"page","link":"https:\/\/www.rijeka.hr\/it\/amministrazione-cittadina\/consiglio-cittadino\/organi-lavoro-del-consiglio-cittadino\/comitato-dei-trasporti\/","title":{"rendered":"Comitato dei trasporti"},"content":{"rendered":"<p>Lo scopo del Comitato dei trasporti comprende le attivit\u00e0 volte a stabilire e monitorare l\u2019attuazione delle politiche nel campo della marineria e delle comunicazioni, del trasporto e dell\u2019infrastruttura trasportistica nella Citt\u00e0 di Fiume.<\/p>\n<p><strong>Composizione del Comitato:<\/strong><\/p>\n<ul>\n<li><b><strong>Marko Smojver<\/strong>, <\/b>come presidente<\/li>\n<li><b><strong>Darko Brusi\u0107<\/strong>, <\/b>vicepresidente<\/li>\n<\/ul>\n<p><strong>Membri<\/strong>:<\/p>\n<ul>\n<li><strong>Goran Jelen\u010di\u0107<\/strong>,<\/li>\n<li><strong>Sabina Marov<\/strong>,<\/li>\n<li><strong>Ivo Simper<\/strong><\/li>\n<li style=\"list-style-type: none;\"><\/li>\n<\/ul>\n<p><strong>Contatti:<\/strong><br \/>\nSegretaria del Comitato:<br \/>\n<strong>Marina Cvitan Menalo<\/strong><br \/>\nTelefono:\u00a0<a href=\"tel:\/\/+385 51 209 246\">+385 51 209 246<\/a><br \/>\nE-mail:\u00a0<a href=\"&#109;&#x61;&#105;&#x6c;&#116;&#x6f;:&#x6d;a&#114;&#x69;&#110;&#x61;&#46;&#x63;v&#x69;t&#97;&#x6e;&#45;&#x6d;&#101;&#x6e;&#97;&#x6c;o&#x40;r&#105;&#x6a;&#101;&#x6b;&#97;&#x2e;h&#x72;\">m&#97;&#114;&#x69;&#x6e;&#x61;&#46;c&#118;&#105;&#x74;&#x61;&#x6e;-&#109;&#101;&#110;&#x61;&#x6c;&#x6f;&#64;&#114;&#105;&#x6a;&#x65;&#x6b;a&#46;&#104;&#114;<\/a><\/p>\n<p>Responsabile per i preparativi delle sedute del Comitato:<br \/>\n<strong>Daniela Pe\u0161ov<br \/>\n<\/strong>Telefono:\u00a0\u00a0<a href=\"tel:\/\/+385 51 209 246\">+385 51 209 246<\/a><br \/>\nE-mail: <a href=\"&#x6d;&#x61;&#x69;&#x6c;&#x74;&#x6f;&#58;&#100;&#97;&#110;iela&#x2e;&#x70;&#x65;&#x73;&#x6f;&#x76;&#64;&#114;&#105;&#106;&#101;ka&#46;&#x68;&#x72;\">&#100;&#x61;&#x6e;i&#101;&#x6c;a&#46;&#x70;&#x65;&#115;&#x6f;&#x76;&#64;&#114;&#x69;j&#101;&#x6b;&#x61;&#46;&#x68;&#x72;<\/a><\/p>\n","protected":false},"excerpt":{"rendered":"<p>Lo scopo del Comitato dei trasporti comprende le attivit\u00e0 volte a stabilire e monitorare l\u2019attuazione delle politiche nel campo della marineria e delle comunicazioni, del trasporto e dell\u2019infrastruttura trasportistica nella Citt\u00e0 di Fiume. Composizione del Comitato: Marko Smojver, come presidente Darko Brusi\u0107, vicepresidente Membri: Goran Jelen\u010di\u0107, Sabina Marov, Ivo Simper Contatti: Segretaria del Comitato: Marina&#8230;<\/p>\n","protected":false},"author":13,"featured_media":0,"parent":1757,"menu_order":0,"comment_status":"closed","ping_status":"closed","template":"","meta":{"_acf_changed":false,"_trash_the_other_posts":false,"footnotes":"","_links_to":"","_links_to_target":""},"tags":[],"class_list":["post-1789","page","type-page","status-publish","hentry"],"acf":[],"yoast_head":"<!-- This site is optimized with the Yoast SEO plugin v24.4 - https:\/\/yoast.com\/wordpress\/plugins\/seo\/ -->\n<title>Comitato dei trasporti - Citt\u00e0 di Fiume<\/title>\n<meta name=\"robots\" content=\"index, follow, max-snippet:-1, max-image-preview:large, max-video-preview:-1\" \/>\n<link rel=\"canonical\" href=\"https:\/\/www.rijeka.hr\/it\/amministrazione-cittadina\/consiglio-cittadino\/organi-lavoro-del-consiglio-cittadino\/comitato-dei-trasporti\/\" \/>\n<meta property=\"og:locale\" content=\"it_IT\" \/>\n<meta property=\"og:type\" content=\"article\" \/>\n<meta property=\"og:title\" content=\"Comitato dei trasporti - Citt\u00e0 di Fiume\" \/>\n<meta property=\"og:description\" content=\"Lo scopo del Comitato dei trasporti comprende le attivit\u00e0 volte a stabilire e monitorare l\u2019attuazione delle politiche nel campo della marineria e delle comunicazioni, del trasporto e dell\u2019infrastruttura trasportistica nella Citt\u00e0 di Fiume. Composizione del Comitato: Marko Smojver, come presidente Darko Brusi\u0107, vicepresidente Membri: Goran Jelen\u010di\u0107, Sabina Marov, Ivo Simper Contatti: Segretaria del Comitato: Marina...\" \/>\n<meta property=\"og:url\" content=\"https:\/\/www.rijeka.hr\/it\/amministrazione-cittadina\/consiglio-cittadino\/organi-lavoro-del-consiglio-cittadino\/comitato-dei-trasporti\/\" \/>\n<meta property=\"og:site_name\" content=\"Citt\u00e0 di Fiume\" \/>\n<meta property=\"article:modified_time\" content=\"2025-12-05T10:08:42+00:00\" \/>\n<meta name=\"twitter:card\" content=\"summary_large_image\" \/>\n<meta name=\"twitter:label1\" content=\"Est. reading time\" \/>\n\t<meta name=\"twitter:data1\" content=\"1 minute\" \/>\n<script type=\"application\/ld+json\" class=\"yoast-schema-graph\">{\"@context\":\"https:\/\/schema.org\",\"@graph\":[{\"@type\":\"WebPage\",\"@id\":\"https:\/\/www.rijeka.hr\/it\/amministrazione-cittadina\/consiglio-cittadino\/organi-lavoro-del-consiglio-cittadino\/comitato-dei-trasporti\/\",\"url\":\"https:\/\/www.rijeka.hr\/it\/amministrazione-cittadina\/consiglio-cittadino\/organi-lavoro-del-consiglio-cittadino\/comitato-dei-trasporti\/\",\"name\":\"Comitato dei trasporti - Citt\u00e0 di Fiume\",\"isPartOf\":{\"@id\":\"https:\/\/www.rijeka.hr\/it\/#website\"},\"datePublished\":\"2016-11-07T09:00:30+00:00\",\"dateModified\":\"2025-12-05T10:08:42+00:00\",\"breadcrumb\":{\"@id\":\"https:\/\/www.rijeka.hr\/it\/amministrazione-cittadina\/consiglio-cittadino\/organi-lavoro-del-consiglio-cittadino\/comitato-dei-trasporti\/#breadcrumb\"},\"inLanguage\":\"it-IT\",\"potentialAction\":[{\"@type\":\"ReadAction\",\"target\":[\"https:\/\/www.rijeka.hr\/it\/amministrazione-cittadina\/consiglio-cittadino\/organi-lavoro-del-consiglio-cittadino\/comitato-dei-trasporti\/\"]}]},{\"@type\":\"BreadcrumbList\",\"@id\":\"https:\/\/www.rijeka.hr\/it\/amministrazione-cittadina\/consiglio-cittadino\/organi-lavoro-del-consiglio-cittadino\/comitato-dei-trasporti\/#breadcrumb\",\"itemListElement\":[{\"@type\":\"ListItem\",\"position\":1,\"name\":\"Po\u010detna stranica\",\"item\":\"https:\/\/www.rijeka.hr\/it\/\"},{\"@type\":\"ListItem\",\"position\":2,\"name\":\"Amministrazione cittadina\",\"item\":\"https:\/\/www.rijeka.hr\/it\/amministrazione-cittadina\/\"},{\"@type\":\"ListItem\",\"position\":3,\"name\":\"Consiglio cittadino\",\"item\":\"https:\/\/www.rijeka.hr\/it\/amministrazione-cittadina\/consiglio-cittadino\/\"},{\"@type\":\"ListItem\",\"position\":4,\"name\":\"Organi di lavoro del Consiglio cittadino\",\"item\":\"https:\/\/www.rijeka.hr\/it\/amministrazione-cittadina\/consiglio-cittadino\/organi-lavoro-del-consiglio-cittadino\/\"},{\"@type\":\"ListItem\",\"position\":5,\"name\":\"Comitato dei trasporti\"}]},{\"@type\":\"WebSite\",\"@id\":\"https:\/\/www.rijeka.hr\/it\/#website\",\"url\":\"https:\/\/www.rijeka.hr\/it\/\",\"name\":\"Citt\u00e0 di Fiume\",\"description\":\"Portale web della Citta&#039; di Fiume\",\"potentialAction\":[{\"@type\":\"SearchAction\",\"target\":{\"@type\":\"EntryPoint\",\"urlTemplate\":\"https:\/\/www.rijeka.hr\/it\/?s={search_term_string}\"},\"query-input\":{\"@type\":\"PropertyValueSpecification\",\"valueRequired\":true,\"valueName\":\"search_term_string\"}}],\"inLanguage\":\"it-IT\"}]}<\/script>\n<!-- \/ Yoast SEO plugin. -->","yoast_head_json":{"title":"Comitato dei trasporti - Citt\u00e0 di Fiume","robots":{"index":"index","follow":"follow","max-snippet":"max-snippet:-1","max-image-preview":"max-image-preview:large","max-video-preview":"max-video-preview:-1"},"canonical":"https:\/\/www.rijeka.hr\/it\/amministrazione-cittadina\/consiglio-cittadino\/organi-lavoro-del-consiglio-cittadino\/comitato-dei-trasporti\/","og_locale":"it_IT","og_type":"article","og_title":"Comitato dei trasporti - Citt\u00e0 di Fiume","og_description":"Lo scopo del Comitato dei trasporti comprende le attivit\u00e0 volte a stabilire e monitorare l\u2019attuazione delle politiche nel campo della marineria e delle comunicazioni, del trasporto e dell\u2019infrastruttura trasportistica nella Citt\u00e0 di Fiume. Composizione del Comitato: Marko Smojver, come presidente Darko Brusi\u0107, vicepresidente Membri: Goran Jelen\u010di\u0107, Sabina Marov, Ivo Simper Contatti: Segretaria del Comitato: Marina...","og_url":"https:\/\/www.rijeka.hr\/it\/amministrazione-cittadina\/consiglio-cittadino\/organi-lavoro-del-consiglio-cittadino\/comitato-dei-trasporti\/","og_site_name":"Citt\u00e0 di Fiume","article_modified_time":"2025-12-05T10:08:42+00:00","twitter_card":"summary_large_image","twitter_misc":{"Est. reading time":"1 minute"},"schema":{"@context":"https:\/\/schema.org","@graph":[{"@type":"WebPage","@id":"https:\/\/www.rijeka.hr\/it\/amministrazione-cittadina\/consiglio-cittadino\/organi-lavoro-del-consiglio-cittadino\/comitato-dei-trasporti\/","url":"https:\/\/www.rijeka.hr\/it\/amministrazione-cittadina\/consiglio-cittadino\/organi-lavoro-del-consiglio-cittadino\/comitato-dei-trasporti\/","name":"Comitato dei trasporti - Citt\u00e0 di Fiume","isPartOf":{"@id":"https:\/\/www.rijeka.hr\/it\/#website"},"datePublished":"2016-11-07T09:00:30+00:00","dateModified":"2025-12-05T10:08:42+00:00","breadcrumb":{"@id":"https:\/\/www.rijeka.hr\/it\/amministrazione-cittadina\/consiglio-cittadino\/organi-lavoro-del-consiglio-cittadino\/comitato-dei-trasporti\/#breadcrumb"},"inLanguage":"it-IT","potentialAction":[{"@type":"ReadAction","target":["https:\/\/www.rijeka.hr\/it\/amministrazione-cittadina\/consiglio-cittadino\/organi-lavoro-del-consiglio-cittadino\/comitato-dei-trasporti\/"]}]},{"@type":"BreadcrumbList","@id":"https:\/\/www.rijeka.hr\/it\/amministrazione-cittadina\/consiglio-cittadino\/organi-lavoro-del-consiglio-cittadino\/comitato-dei-trasporti\/#breadcrumb","itemListElement":[{"@type":"ListItem","position":1,"name":"Po\u010detna stranica","item":"https:\/\/www.rijeka.hr\/it\/"},{"@type":"ListItem","position":2,"name":"Amministrazione cittadina","item":"https:\/\/www.rijeka.hr\/it\/amministrazione-cittadina\/"},{"@type":"ListItem","position":3,"name":"Consiglio cittadino","item":"https:\/\/www.rijeka.hr\/it\/amministrazione-cittadina\/consiglio-cittadino\/"},{"@type":"ListItem","position":4,"name":"Organi di lavoro del Consiglio cittadino","item":"https:\/\/www.rijeka.hr\/it\/amministrazione-cittadina\/consiglio-cittadino\/organi-lavoro-del-consiglio-cittadino\/"},{"@type":"ListItem","position":5,"name":"Comitato dei trasporti"}]},{"@type":"WebSite","@id":"https:\/\/www.rijeka.hr\/it\/#website","url":"https:\/\/www.rijeka.hr\/it\/","name":"Citt\u00e0 di Fiume","description":"Portale web della Citta&#039; di Fiume","potentialAction":[{"@type":"SearchAction","target":{"@type":"EntryPoint","urlTemplate":"https:\/\/www.rijeka.hr\/it\/?s={search_term_string}"},"query-input":{"@type":"PropertyValueSpecification","valueRequired":true,"valueName":"search_term_string"}}],"inLanguage":"it-IT"}]}},"_links":{"self":[{"href":"https:\/\/www.rijeka.hr\/it\/wp-json\/wp\/v2\/pages\/1789","targetHints":{"allow":["GET"]}}],"collection":[{"href":"https:\/\/www.rijeka.hr\/it\/wp-json\/wp\/v2\/pages"}],"about":[{"href":"https:\/\/www.rijeka.hr\/it\/wp-json\/wp\/v2\/types\/page"}],"author":[{"embeddable":true,"href":"https:\/\/www.rijeka.hr\/it\/wp-json\/wp\/v2\/users\/13"}],"replies":[{"embeddable":true,"href":"https:\/\/www.rijeka.hr\/it\/wp-json\/wp\/v2\/comments?post=1789"}],"version-history":[{"count":4,"href":"https:\/\/www.rijeka.hr\/it\/wp-json\/wp\/v2\/pages\/1789\/revisions"}],"predecessor-version":[{"id":20001,"href":"https:\/\/www.rijeka.hr\/it\/wp-json\/wp\/v2\/pages\/1789\/revisions\/20001"}],"up":[{"embeddable":true,"href":"https:\/\/www.rijeka.hr\/it\/wp-json\/wp\/v2\/pages\/1757"}],"wp:attachment":[{"href":"https:\/\/www.rijeka.hr\/it\/wp-json\/wp\/v2\/media?parent=1789"}],"wp:term":[{"taxonomy":"post_tag","embeddable":true,"href":"https:\/\/www.rijeka.hr\/it\/wp-json\/wp\/v2\/tags?post=1789"}],"curies":[{"name":"wp","href":"https:\/\/api.w.org\/{rel}","templated":true}]}}