{"id":1801,"date":"2016-11-07T10:24:44","date_gmt":"2016-11-07T09:24:44","guid":{"rendered":"https:\/\/www.rijeka.hr\/it\/?page_id=1801"},"modified":"2025-12-05T13:34:44","modified_gmt":"2025-12-05T12:34:44","slug":"comitato-la-sanita-la-previdenza-sociale","status":"publish","type":"page","link":"https:\/\/www.rijeka.hr\/it\/amministrazione-cittadina\/consiglio-cittadino\/organi-lavoro-del-consiglio-cittadino\/comitato-la-sanita-la-previdenza-sociale\/","title":{"rendered":"Comitato per la sanit\u00e0 e la previdenza sociale"},"content":{"rendered":"<p>Il Comitato per la sanit\u00e0 e la previdenza sociale considera le esigenze dei cittadini nel campo della protezione sanitaria primaria e della previdenza sociale, propone misure relative alla promozione di queste attivit\u00e0, svolge anche le altre attivit\u00e0 specificate dal Regolamento e dagli atti del Consiglio cittadino.<\/p>\n<p><strong>Composizione del Comitato:<\/strong><\/p>\n<ul>\n<li><b><strong>Tea Mi\u010di\u0107 Badurina<\/strong>,<\/b> come presidente<\/li>\n<li><b><strong>Nikolina Velni\u0107<\/strong>,<\/b> vicepresidente<\/li>\n<\/ul>\n<p><strong>Memberi:<\/strong><\/p>\n<ul>\n<li><strong>Alen Proti\u0107,\u00a0<\/strong><\/li>\n<li><strong>Halima Podrug,\u00a0<\/strong><\/li>\n<li><strong>Rudolf Ljubi\u010di\u0107,<\/strong><\/li>\n<li><strong>Daniel Antunovi\u0107,<\/strong><\/li>\n<li><strong>Goran Pal\u010devski,\u00a0<\/strong><\/li>\n<\/ul>\n<p><strong>Contatti:<\/strong><\/p>\n<p>Segretaria del Comitato:<br \/>\n<strong>Anita Kri\u0161tofi\u0107<\/strong><br \/>\nTelefono: <a href=\"tel:+385 51 209 622\">051 209 622<\/a><br \/>\nE-mail: <a href=\"m&#97;&#105;&#108;&#x74;&#x6f;&#x3a;an&#105;&#116;&#x61;&#x2e;&#x6b;&#x72;is&#116;&#111;&#x66;&#x69;&#x63;&#x40;r&#105;&#106;&#101;&#x6b;&#x61;&#x2e;hr\">&#97;n&#x69;t&#x61;&#46;&#x6b;r&#x69;&#115;&#x74;&#111;&#x66;&#105;&#x63;&#64;r&#105;j&#x65;k&#x61;&#46;&#x68;&#114;<\/a><\/p>\n<p>Responsabile per i preparativi delle sedute del Comitato:<br \/>\n<strong>Jelena Mulac<\/strong><br \/>\nTelefono:\u00a0 <a href=\"tel:+385 51 209 533\">051 209 533<\/a><br \/>\nE-mail: <a href=\"&#x6d;a&#x69;&#108;&#x74;&#111;:&#x6a;&#101;&#x6c;&#101;n&#x61;&#46;&#x6d;&#117;l&#x61;c&#x40;&#114;&#x69;&#x6a;e&#x6b;&#97;&#x2e;&#104;r\">&#x6a;&#x65;&#108;&#101;na&#x2e;&#x6d;&#x75;&#108;ac&#x40;&#x72;&#x69;&#106;&#101;k&#x61;&#x2e;&#x68;&#114;<\/a><\/p>\n","protected":false},"excerpt":{"rendered":"<p>Il Comitato per la sanit\u00e0 e la previdenza sociale considera le esigenze dei cittadini nel campo della protezione sanitaria primaria e della previdenza sociale, propone misure relative alla promozione di queste attivit\u00e0, svolge anche le altre attivit\u00e0 specificate dal Regolamento e dagli atti del Consiglio cittadino. Composizione del Comitato: Tea Mi\u010di\u0107 Badurina, come presidente Nikolina&#8230;<\/p>\n","protected":false},"author":13,"featured_media":0,"parent":1757,"menu_order":0,"comment_status":"closed","ping_status":"closed","template":"","meta":{"_acf_changed":false,"_trash_the_other_posts":false,"footnotes":"","_links_to":"","_links_to_target":""},"tags":[],"class_list":["post-1801","page","type-page","status-publish","hentry"],"acf":[],"yoast_head":"<!-- This site is optimized with the Yoast SEO plugin v24.4 - https:\/\/yoast.com\/wordpress\/plugins\/seo\/ -->\n<title>Comitato per la sanit\u00e0 e la previdenza sociale - Citt\u00e0 di Fiume<\/title>\n<meta name=\"robots\" content=\"index, follow, max-snippet:-1, max-image-preview:large, max-video-preview:-1\" \/>\n<link rel=\"canonical\" href=\"https:\/\/www.rijeka.hr\/it\/amministrazione-cittadina\/consiglio-cittadino\/organi-lavoro-del-consiglio-cittadino\/comitato-la-sanita-la-previdenza-sociale\/\" \/>\n<meta property=\"og:locale\" content=\"it_IT\" \/>\n<meta property=\"og:type\" content=\"article\" \/>\n<meta property=\"og:title\" content=\"Comitato per la sanit\u00e0 e la previdenza sociale - Citt\u00e0 di Fiume\" \/>\n<meta property=\"og:description\" content=\"Il Comitato per la sanit\u00e0 e la previdenza sociale considera le esigenze dei cittadini nel campo della protezione sanitaria primaria e della previdenza sociale, propone misure relative alla promozione di queste attivit\u00e0, svolge anche le altre attivit\u00e0 specificate dal Regolamento e dagli atti del Consiglio cittadino. Composizione del Comitato: Tea Mi\u010di\u0107 Badurina, come presidente Nikolina...\" \/>\n<meta property=\"og:url\" content=\"https:\/\/www.rijeka.hr\/it\/amministrazione-cittadina\/consiglio-cittadino\/organi-lavoro-del-consiglio-cittadino\/comitato-la-sanita-la-previdenza-sociale\/\" \/>\n<meta property=\"og:site_name\" content=\"Citt\u00e0 di Fiume\" \/>\n<meta property=\"article:modified_time\" content=\"2025-12-05T12:34:44+00:00\" \/>\n<meta name=\"twitter:card\" content=\"summary_large_image\" \/>\n<meta name=\"twitter:label1\" content=\"Est. reading time\" \/>\n\t<meta name=\"twitter:data1\" content=\"1 minute\" \/>\n<script type=\"application\/ld+json\" class=\"yoast-schema-graph\">{\"@context\":\"https:\/\/schema.org\",\"@graph\":[{\"@type\":\"WebPage\",\"@id\":\"https:\/\/www.rijeka.hr\/it\/amministrazione-cittadina\/consiglio-cittadino\/organi-lavoro-del-consiglio-cittadino\/comitato-la-sanita-la-previdenza-sociale\/\",\"url\":\"https:\/\/www.rijeka.hr\/it\/amministrazione-cittadina\/consiglio-cittadino\/organi-lavoro-del-consiglio-cittadino\/comitato-la-sanita-la-previdenza-sociale\/\",\"name\":\"Comitato per la sanit\u00e0 e la previdenza sociale - Citt\u00e0 di Fiume\",\"isPartOf\":{\"@id\":\"https:\/\/www.rijeka.hr\/it\/#website\"},\"datePublished\":\"2016-11-07T09:24:44+00:00\",\"dateModified\":\"2025-12-05T12:34:44+00:00\",\"breadcrumb\":{\"@id\":\"https:\/\/www.rijeka.hr\/it\/amministrazione-cittadina\/consiglio-cittadino\/organi-lavoro-del-consiglio-cittadino\/comitato-la-sanita-la-previdenza-sociale\/#breadcrumb\"},\"inLanguage\":\"it-IT\",\"potentialAction\":[{\"@type\":\"ReadAction\",\"target\":[\"https:\/\/www.rijeka.hr\/it\/amministrazione-cittadina\/consiglio-cittadino\/organi-lavoro-del-consiglio-cittadino\/comitato-la-sanita-la-previdenza-sociale\/\"]}]},{\"@type\":\"BreadcrumbList\",\"@id\":\"https:\/\/www.rijeka.hr\/it\/amministrazione-cittadina\/consiglio-cittadino\/organi-lavoro-del-consiglio-cittadino\/comitato-la-sanita-la-previdenza-sociale\/#breadcrumb\",\"itemListElement\":[{\"@type\":\"ListItem\",\"position\":1,\"name\":\"Po\u010detna stranica\",\"item\":\"https:\/\/www.rijeka.hr\/it\/\"},{\"@type\":\"ListItem\",\"position\":2,\"name\":\"Amministrazione cittadina\",\"item\":\"https:\/\/www.rijeka.hr\/it\/amministrazione-cittadina\/\"},{\"@type\":\"ListItem\",\"position\":3,\"name\":\"Consiglio cittadino\",\"item\":\"https:\/\/www.rijeka.hr\/it\/amministrazione-cittadina\/consiglio-cittadino\/\"},{\"@type\":\"ListItem\",\"position\":4,\"name\":\"Organi di lavoro del Consiglio cittadino\",\"item\":\"https:\/\/www.rijeka.hr\/it\/amministrazione-cittadina\/consiglio-cittadino\/organi-lavoro-del-consiglio-cittadino\/\"},{\"@type\":\"ListItem\",\"position\":5,\"name\":\"Comitato per la sanit\u00e0 e la previdenza sociale\"}]},{\"@type\":\"WebSite\",\"@id\":\"https:\/\/www.rijeka.hr\/it\/#website\",\"url\":\"https:\/\/www.rijeka.hr\/it\/\",\"name\":\"Citt\u00e0 di Fiume\",\"description\":\"Portale web della Citta&#039; di Fiume\",\"potentialAction\":[{\"@type\":\"SearchAction\",\"target\":{\"@type\":\"EntryPoint\",\"urlTemplate\":\"https:\/\/www.rijeka.hr\/it\/?s={search_term_string}\"},\"query-input\":{\"@type\":\"PropertyValueSpecification\",\"valueRequired\":true,\"valueName\":\"search_term_string\"}}],\"inLanguage\":\"it-IT\"}]}<\/script>\n<!-- \/ Yoast SEO plugin. -->","yoast_head_json":{"title":"Comitato per la sanit\u00e0 e la previdenza sociale - Citt\u00e0 di Fiume","robots":{"index":"index","follow":"follow","max-snippet":"max-snippet:-1","max-image-preview":"max-image-preview:large","max-video-preview":"max-video-preview:-1"},"canonical":"https:\/\/www.rijeka.hr\/it\/amministrazione-cittadina\/consiglio-cittadino\/organi-lavoro-del-consiglio-cittadino\/comitato-la-sanita-la-previdenza-sociale\/","og_locale":"it_IT","og_type":"article","og_title":"Comitato per la sanit\u00e0 e la previdenza sociale - Citt\u00e0 di Fiume","og_description":"Il Comitato per la sanit\u00e0 e la previdenza sociale considera le esigenze dei cittadini nel campo della protezione sanitaria primaria e della previdenza sociale, propone misure relative alla promozione di queste attivit\u00e0, svolge anche le altre attivit\u00e0 specificate dal Regolamento e dagli atti del Consiglio cittadino. Composizione del Comitato: Tea Mi\u010di\u0107 Badurina, come presidente Nikolina...","og_url":"https:\/\/www.rijeka.hr\/it\/amministrazione-cittadina\/consiglio-cittadino\/organi-lavoro-del-consiglio-cittadino\/comitato-la-sanita-la-previdenza-sociale\/","og_site_name":"Citt\u00e0 di Fiume","article_modified_time":"2025-12-05T12:34:44+00:00","twitter_card":"summary_large_image","twitter_misc":{"Est. reading time":"1 minute"},"schema":{"@context":"https:\/\/schema.org","@graph":[{"@type":"WebPage","@id":"https:\/\/www.rijeka.hr\/it\/amministrazione-cittadina\/consiglio-cittadino\/organi-lavoro-del-consiglio-cittadino\/comitato-la-sanita-la-previdenza-sociale\/","url":"https:\/\/www.rijeka.hr\/it\/amministrazione-cittadina\/consiglio-cittadino\/organi-lavoro-del-consiglio-cittadino\/comitato-la-sanita-la-previdenza-sociale\/","name":"Comitato per la sanit\u00e0 e la previdenza sociale - Citt\u00e0 di Fiume","isPartOf":{"@id":"https:\/\/www.rijeka.hr\/it\/#website"},"datePublished":"2016-11-07T09:24:44+00:00","dateModified":"2025-12-05T12:34:44+00:00","breadcrumb":{"@id":"https:\/\/www.rijeka.hr\/it\/amministrazione-cittadina\/consiglio-cittadino\/organi-lavoro-del-consiglio-cittadino\/comitato-la-sanita-la-previdenza-sociale\/#breadcrumb"},"inLanguage":"it-IT","potentialAction":[{"@type":"ReadAction","target":["https:\/\/www.rijeka.hr\/it\/amministrazione-cittadina\/consiglio-cittadino\/organi-lavoro-del-consiglio-cittadino\/comitato-la-sanita-la-previdenza-sociale\/"]}]},{"@type":"BreadcrumbList","@id":"https:\/\/www.rijeka.hr\/it\/amministrazione-cittadina\/consiglio-cittadino\/organi-lavoro-del-consiglio-cittadino\/comitato-la-sanita-la-previdenza-sociale\/#breadcrumb","itemListElement":[{"@type":"ListItem","position":1,"name":"Po\u010detna stranica","item":"https:\/\/www.rijeka.hr\/it\/"},{"@type":"ListItem","position":2,"name":"Amministrazione cittadina","item":"https:\/\/www.rijeka.hr\/it\/amministrazione-cittadina\/"},{"@type":"ListItem","position":3,"name":"Consiglio cittadino","item":"https:\/\/www.rijeka.hr\/it\/amministrazione-cittadina\/consiglio-cittadino\/"},{"@type":"ListItem","position":4,"name":"Organi di lavoro del Consiglio cittadino","item":"https:\/\/www.rijeka.hr\/it\/amministrazione-cittadina\/consiglio-cittadino\/organi-lavoro-del-consiglio-cittadino\/"},{"@type":"ListItem","position":5,"name":"Comitato per la sanit\u00e0 e la previdenza sociale"}]},{"@type":"WebSite","@id":"https:\/\/www.rijeka.hr\/it\/#website","url":"https:\/\/www.rijeka.hr\/it\/","name":"Citt\u00e0 di Fiume","description":"Portale web della Citta&#039; di Fiume","potentialAction":[{"@type":"SearchAction","target":{"@type":"EntryPoint","urlTemplate":"https:\/\/www.rijeka.hr\/it\/?s={search_term_string}"},"query-input":{"@type":"PropertyValueSpecification","valueRequired":true,"valueName":"search_term_string"}}],"inLanguage":"it-IT"}]}},"_links":{"self":[{"href":"https:\/\/www.rijeka.hr\/it\/wp-json\/wp\/v2\/pages\/1801","targetHints":{"allow":["GET"]}}],"collection":[{"href":"https:\/\/www.rijeka.hr\/it\/wp-json\/wp\/v2\/pages"}],"about":[{"href":"https:\/\/www.rijeka.hr\/it\/wp-json\/wp\/v2\/types\/page"}],"author":[{"embeddable":true,"href":"https:\/\/www.rijeka.hr\/it\/wp-json\/wp\/v2\/users\/13"}],"replies":[{"embeddable":true,"href":"https:\/\/www.rijeka.hr\/it\/wp-json\/wp\/v2\/comments?post=1801"}],"version-history":[{"count":3,"href":"https:\/\/www.rijeka.hr\/it\/wp-json\/wp\/v2\/pages\/1801\/revisions"}],"predecessor-version":[{"id":20043,"href":"https:\/\/www.rijeka.hr\/it\/wp-json\/wp\/v2\/pages\/1801\/revisions\/20043"}],"up":[{"embeddable":true,"href":"https:\/\/www.rijeka.hr\/it\/wp-json\/wp\/v2\/pages\/1757"}],"wp:attachment":[{"href":"https:\/\/www.rijeka.hr\/it\/wp-json\/wp\/v2\/media?parent=1801"}],"wp:term":[{"taxonomy":"post_tag","embeddable":true,"href":"https:\/\/www.rijeka.hr\/it\/wp-json\/wp\/v2\/tags?post=1801"}],"curies":[{"name":"wp","href":"https:\/\/api.w.org\/{rel}","templated":true}]}}