{"id":18040,"date":"2023-04-03T10:40:02","date_gmt":"2023-04-03T08:40:02","guid":{"rendered":"https:\/\/www.rijeka.hr\/it\/?page_id=18040"},"modified":"2025-01-24T15:36:01","modified_gmt":"2025-01-24T14:36:01","slug":"ambito-di-attivita-del-dipartimento-amministrativo","status":"publish","type":"page","link":"https:\/\/www.rijeka.hr\/it\/amministrazione-cittadina\/dipartimenti-amministrativi\/dipartimento-amministrativo-per-le-finanze-2\/ambito-di-attivita-del-dipartimento-amministrativo\/","title":{"rendered":"Ambito di attivit\u00e0 del Dipartimento amministrativo"},"content":{"rendered":"<p>Ambito di attivit\u00e0 del Dipartimento amministrativo<\/p>\n<p>Il Dipartimento amministrativo delle Finanze si occupa delle seguenti attivit\u00e0 amministrative e professionali:<\/p>\n<ul>\n<li>attivit\u00e0 relative all\u2019amministrazione e alla gestione della Tesoreria cittadina<\/li>\n<li>predisposizione, programmazione e redazione della proposta di bilancio cittadino, sue modifiche ed integrazioni e predisposizione degli atti di supporto, monitoraggio, controllo e analisi delle dinamiche di esecuzione delle entrate e delle uscite nel bilancio, redazione dei verbali di esecuzione del bilancio e mozioni sulle misure per equilibrare il bilancio,<\/li>\n<li>l\u2019attuazione delle procedure di indebitamento da parte della Citt\u00e0 e il rilascio di garanzie e consenti all\u2019indebitamento, il monitoraggio dell\u2019indebitamento e la stesura delle relazioni sul saldo in debito.<\/li>\n<li>attivit\u00e0 di gestione quotidiana della liquidit\u00e0, l\u2019effettuazione delle spese e delle uscite del bilancio consolidato<\/li>\n<li>calcoli centralizzati del libro paga del bilancio consolidato<\/li>\n<li>manutenzione del registro centrale degli strumenti utilizzati come garanzia dei pagamenti<\/li>\n<li>operazioni di tesoreria<\/li>\n<li>tenuta delle scritture contabili relative al bilancio per la Citt\u00e0, per il Corpo dei vigili del fuoco della Citt\u00e0 di Fiume, per i comitati di quartiere, e per la Casa per l\u2019infanzia Ti\u0107<\/li>\n<li>attivit\u00e0 di determinazione e riscossione dei tributi cittadini, e dei redditi derivanti dagli appartamenti cittadini venduti e altri redditi, e la gestione di procedure amministrative e fiscali<\/li>\n<li>attivit\u00e0 di istituzione e sviluppo della gestione finanziaria e dei controlli<\/li>\n<li>altri incarichi rientranti nell&#8217;ambito della propria attivit\u00e0 determinati da leggi speciali, altri regolamenti e deliberazioni del sindaco e del Consiglio cittadino.<\/li>\n<\/ul>\n<p>Numero di conto corrente per le transazioni ordinarie della Citt\u00e0 di Fiume \u00e8<strong> 2402006-1837300005 prora\u010dun Grada Rijeke (Bilancio della Citt\u00e0 di Fiume)<\/strong><\/p>\n<p><strong>IBAN: HR3324020061837300005<\/strong><\/p>\n<p><strong>SWIFT: ESBCHR22<\/strong><\/p>\n<p><strong>Il codice PIN della Citt\u00e0 di Fiume \u2013 54382731928<\/strong><\/p>\n","protected":false},"excerpt":{"rendered":"<p>Ambito di attivit\u00e0 del Dipartimento amministrativo Il Dipartimento amministrativo delle Finanze si occupa delle seguenti attivit\u00e0 amministrative e professionali: attivit\u00e0 relative all\u2019amministrazione e alla gestione della Tesoreria cittadina predisposizione, programmazione e redazione della proposta di bilancio cittadino, sue modifiche ed integrazioni e predisposizione degli atti di supporto, monitoraggio, controllo e analisi delle dinamiche di esecuzione&#8230;<\/p>\n","protected":false},"author":5,"featured_media":0,"parent":18032,"menu_order":0,"comment_status":"closed","ping_status":"closed","template":"","meta":{"_acf_changed":false,"_trash_the_other_posts":false,"footnotes":"","_links_to":"","_links_to_target":""},"tags":[],"class_list":["post-18040","page","type-page","status-publish","hentry"],"acf":[],"yoast_head":"<!-- This site is optimized with the Yoast SEO plugin v24.4 - https:\/\/yoast.com\/wordpress\/plugins\/seo\/ -->\n<title>Ambito di attivit\u00e0 del Dipartimento amministrativo - Citt\u00e0 di Fiume<\/title>\n<meta name=\"robots\" content=\"index, follow, max-snippet:-1, max-image-preview:large, max-video-preview:-1\" \/>\n<link rel=\"canonical\" href=\"https:\/\/www.rijeka.hr\/it\/amministrazione-cittadina\/dipartimenti-amministrativi\/dipartimento-amministrativo-per-le-finanze-2\/ambito-di-attivita-del-dipartimento-amministrativo\/\" \/>\n<meta property=\"og:locale\" content=\"it_IT\" \/>\n<meta property=\"og:type\" content=\"article\" \/>\n<meta property=\"og:title\" content=\"Ambito di attivit\u00e0 del Dipartimento amministrativo - Citt\u00e0 di Fiume\" \/>\n<meta property=\"og:description\" content=\"Ambito di attivit\u00e0 del Dipartimento amministrativo Il Dipartimento amministrativo delle Finanze si occupa delle seguenti attivit\u00e0 amministrative e professionali: attivit\u00e0 relative all\u2019amministrazione e alla gestione della Tesoreria cittadina predisposizione, programmazione e redazione della proposta di bilancio cittadino, sue modifiche ed integrazioni e predisposizione degli atti di supporto, monitoraggio, controllo e analisi delle dinamiche di esecuzione...\" \/>\n<meta property=\"og:url\" content=\"https:\/\/www.rijeka.hr\/it\/amministrazione-cittadina\/dipartimenti-amministrativi\/dipartimento-amministrativo-per-le-finanze-2\/ambito-di-attivita-del-dipartimento-amministrativo\/\" \/>\n<meta property=\"og:site_name\" content=\"Citt\u00e0 di Fiume\" \/>\n<meta property=\"article:modified_time\" content=\"2025-01-24T14:36:01+00:00\" \/>\n<meta name=\"twitter:card\" content=\"summary_large_image\" \/>\n<meta name=\"twitter:label1\" content=\"Est. reading time\" \/>\n\t<meta name=\"twitter:data1\" content=\"1 minute\" \/>\n<script type=\"application\/ld+json\" class=\"yoast-schema-graph\">{\"@context\":\"https:\/\/schema.org\",\"@graph\":[{\"@type\":\"WebPage\",\"@id\":\"https:\/\/www.rijeka.hr\/it\/amministrazione-cittadina\/dipartimenti-amministrativi\/dipartimento-amministrativo-per-le-finanze-2\/ambito-di-attivita-del-dipartimento-amministrativo\/\",\"url\":\"https:\/\/www.rijeka.hr\/it\/amministrazione-cittadina\/dipartimenti-amministrativi\/dipartimento-amministrativo-per-le-finanze-2\/ambito-di-attivita-del-dipartimento-amministrativo\/\",\"name\":\"Ambito di attivit\u00e0 del Dipartimento amministrativo - Citt\u00e0 di Fiume\",\"isPartOf\":{\"@id\":\"https:\/\/www.rijeka.hr\/it\/#website\"},\"datePublished\":\"2023-04-03T08:40:02+00:00\",\"dateModified\":\"2025-01-24T14:36:01+00:00\",\"breadcrumb\":{\"@id\":\"https:\/\/www.rijeka.hr\/it\/amministrazione-cittadina\/dipartimenti-amministrativi\/dipartimento-amministrativo-per-le-finanze-2\/ambito-di-attivita-del-dipartimento-amministrativo\/#breadcrumb\"},\"inLanguage\":\"it-IT\",\"potentialAction\":[{\"@type\":\"ReadAction\",\"target\":[\"https:\/\/www.rijeka.hr\/it\/amministrazione-cittadina\/dipartimenti-amministrativi\/dipartimento-amministrativo-per-le-finanze-2\/ambito-di-attivita-del-dipartimento-amministrativo\/\"]}]},{\"@type\":\"BreadcrumbList\",\"@id\":\"https:\/\/www.rijeka.hr\/it\/amministrazione-cittadina\/dipartimenti-amministrativi\/dipartimento-amministrativo-per-le-finanze-2\/ambito-di-attivita-del-dipartimento-amministrativo\/#breadcrumb\",\"itemListElement\":[{\"@type\":\"ListItem\",\"position\":1,\"name\":\"Po\u010detna stranica\",\"item\":\"https:\/\/www.rijeka.hr\/it\/\"},{\"@type\":\"ListItem\",\"position\":2,\"name\":\"Amministrazione cittadina\",\"item\":\"https:\/\/www.rijeka.hr\/it\/amministrazione-cittadina\/\"},{\"@type\":\"ListItem\",\"position\":3,\"name\":\"Dipartimenti amministrativi\",\"item\":\"https:\/\/www.rijeka.hr\/it\/amministrazione-cittadina\/dipartimenti-amministrativi\/\"},{\"@type\":\"ListItem\",\"position\":4,\"name\":\"Dipartimento amministrativo per le finanze\",\"item\":\"https:\/\/www.rijeka.hr\/it\/amministrazione-cittadina\/dipartimenti-amministrativi\/dipartimento-amministrativo-per-le-finanze-2\/\"},{\"@type\":\"ListItem\",\"position\":5,\"name\":\"Ambito di attivit\u00e0 del Dipartimento amministrativo\"}]},{\"@type\":\"WebSite\",\"@id\":\"https:\/\/www.rijeka.hr\/it\/#website\",\"url\":\"https:\/\/www.rijeka.hr\/it\/\",\"name\":\"Citt\u00e0 di Fiume\",\"description\":\"Portale web della Citta&#039; di Fiume\",\"potentialAction\":[{\"@type\":\"SearchAction\",\"target\":{\"@type\":\"EntryPoint\",\"urlTemplate\":\"https:\/\/www.rijeka.hr\/it\/?s={search_term_string}\"},\"query-input\":{\"@type\":\"PropertyValueSpecification\",\"valueRequired\":true,\"valueName\":\"search_term_string\"}}],\"inLanguage\":\"it-IT\"}]}<\/script>\n<!-- \/ Yoast SEO plugin. -->","yoast_head_json":{"title":"Ambito di attivit\u00e0 del Dipartimento amministrativo - Citt\u00e0 di Fiume","robots":{"index":"index","follow":"follow","max-snippet":"max-snippet:-1","max-image-preview":"max-image-preview:large","max-video-preview":"max-video-preview:-1"},"canonical":"https:\/\/www.rijeka.hr\/it\/amministrazione-cittadina\/dipartimenti-amministrativi\/dipartimento-amministrativo-per-le-finanze-2\/ambito-di-attivita-del-dipartimento-amministrativo\/","og_locale":"it_IT","og_type":"article","og_title":"Ambito di attivit\u00e0 del Dipartimento amministrativo - Citt\u00e0 di Fiume","og_description":"Ambito di attivit\u00e0 del Dipartimento amministrativo Il Dipartimento amministrativo delle Finanze si occupa delle seguenti attivit\u00e0 amministrative e professionali: attivit\u00e0 relative all\u2019amministrazione e alla gestione della Tesoreria cittadina predisposizione, programmazione e redazione della proposta di bilancio cittadino, sue modifiche ed integrazioni e predisposizione degli atti di supporto, monitoraggio, controllo e analisi delle dinamiche di esecuzione...","og_url":"https:\/\/www.rijeka.hr\/it\/amministrazione-cittadina\/dipartimenti-amministrativi\/dipartimento-amministrativo-per-le-finanze-2\/ambito-di-attivita-del-dipartimento-amministrativo\/","og_site_name":"Citt\u00e0 di Fiume","article_modified_time":"2025-01-24T14:36:01+00:00","twitter_card":"summary_large_image","twitter_misc":{"Est. reading time":"1 minute"},"schema":{"@context":"https:\/\/schema.org","@graph":[{"@type":"WebPage","@id":"https:\/\/www.rijeka.hr\/it\/amministrazione-cittadina\/dipartimenti-amministrativi\/dipartimento-amministrativo-per-le-finanze-2\/ambito-di-attivita-del-dipartimento-amministrativo\/","url":"https:\/\/www.rijeka.hr\/it\/amministrazione-cittadina\/dipartimenti-amministrativi\/dipartimento-amministrativo-per-le-finanze-2\/ambito-di-attivita-del-dipartimento-amministrativo\/","name":"Ambito di attivit\u00e0 del Dipartimento amministrativo - Citt\u00e0 di Fiume","isPartOf":{"@id":"https:\/\/www.rijeka.hr\/it\/#website"},"datePublished":"2023-04-03T08:40:02+00:00","dateModified":"2025-01-24T14:36:01+00:00","breadcrumb":{"@id":"https:\/\/www.rijeka.hr\/it\/amministrazione-cittadina\/dipartimenti-amministrativi\/dipartimento-amministrativo-per-le-finanze-2\/ambito-di-attivita-del-dipartimento-amministrativo\/#breadcrumb"},"inLanguage":"it-IT","potentialAction":[{"@type":"ReadAction","target":["https:\/\/www.rijeka.hr\/it\/amministrazione-cittadina\/dipartimenti-amministrativi\/dipartimento-amministrativo-per-le-finanze-2\/ambito-di-attivita-del-dipartimento-amministrativo\/"]}]},{"@type":"BreadcrumbList","@id":"https:\/\/www.rijeka.hr\/it\/amministrazione-cittadina\/dipartimenti-amministrativi\/dipartimento-amministrativo-per-le-finanze-2\/ambito-di-attivita-del-dipartimento-amministrativo\/#breadcrumb","itemListElement":[{"@type":"ListItem","position":1,"name":"Po\u010detna stranica","item":"https:\/\/www.rijeka.hr\/it\/"},{"@type":"ListItem","position":2,"name":"Amministrazione cittadina","item":"https:\/\/www.rijeka.hr\/it\/amministrazione-cittadina\/"},{"@type":"ListItem","position":3,"name":"Dipartimenti amministrativi","item":"https:\/\/www.rijeka.hr\/it\/amministrazione-cittadina\/dipartimenti-amministrativi\/"},{"@type":"ListItem","position":4,"name":"Dipartimento amministrativo per le finanze","item":"https:\/\/www.rijeka.hr\/it\/amministrazione-cittadina\/dipartimenti-amministrativi\/dipartimento-amministrativo-per-le-finanze-2\/"},{"@type":"ListItem","position":5,"name":"Ambito di attivit\u00e0 del Dipartimento amministrativo"}]},{"@type":"WebSite","@id":"https:\/\/www.rijeka.hr\/it\/#website","url":"https:\/\/www.rijeka.hr\/it\/","name":"Citt\u00e0 di Fiume","description":"Portale web della Citta&#039; di Fiume","potentialAction":[{"@type":"SearchAction","target":{"@type":"EntryPoint","urlTemplate":"https:\/\/www.rijeka.hr\/it\/?s={search_term_string}"},"query-input":{"@type":"PropertyValueSpecification","valueRequired":true,"valueName":"search_term_string"}}],"inLanguage":"it-IT"}]}},"_links":{"self":[{"href":"https:\/\/www.rijeka.hr\/it\/wp-json\/wp\/v2\/pages\/18040","targetHints":{"allow":["GET"]}}],"collection":[{"href":"https:\/\/www.rijeka.hr\/it\/wp-json\/wp\/v2\/pages"}],"about":[{"href":"https:\/\/www.rijeka.hr\/it\/wp-json\/wp\/v2\/types\/page"}],"author":[{"embeddable":true,"href":"https:\/\/www.rijeka.hr\/it\/wp-json\/wp\/v2\/users\/5"}],"replies":[{"embeddable":true,"href":"https:\/\/www.rijeka.hr\/it\/wp-json\/wp\/v2\/comments?post=18040"}],"version-history":[{"count":3,"href":"https:\/\/www.rijeka.hr\/it\/wp-json\/wp\/v2\/pages\/18040\/revisions"}],"predecessor-version":[{"id":18093,"href":"https:\/\/www.rijeka.hr\/it\/wp-json\/wp\/v2\/pages\/18040\/revisions\/18093"}],"up":[{"embeddable":true,"href":"https:\/\/www.rijeka.hr\/it\/wp-json\/wp\/v2\/pages\/18032"}],"wp:attachment":[{"href":"https:\/\/www.rijeka.hr\/it\/wp-json\/wp\/v2\/media?parent=18040"}],"wp:term":[{"taxonomy":"post_tag","embeddable":true,"href":"https:\/\/www.rijeka.hr\/it\/wp-json\/wp\/v2\/tags?post=18040"}],"curies":[{"name":"wp","href":"https:\/\/api.w.org\/{rel}","templated":true}]}}