{"id":18065,"date":"2023-04-03T11:41:56","date_gmt":"2023-04-03T09:41:56","guid":{"rendered":"https:\/\/www.rijeka.hr\/it\/?page_id=18065"},"modified":"2025-01-24T13:12:22","modified_gmt":"2025-01-24T12:12:22","slug":"ambito-di-attivita-del-dipartimento-cittadino","status":"publish","type":"page","link":"https:\/\/www.rijeka.hr\/it\/amministrazione-cittadina\/dipartimenti-amministrativi\/dipartimento-amministrativo-per-gli-affari-comunali-e-il-traffico-2\/ambito-di-attivita-del-dipartimento-cittadino\/","title":{"rendered":"Ambito di attivit\u00e0 del Dipartimento amministrativo"},"content":{"rendered":"<p>Il Dipartimento per gli affari comunali e il trasporto si occupa delle seguenti attivit\u00e0:<\/p>\n<ul>\n<li>incarichi amministrativi e professionali nell&#8217;area comunale relativi alla progettazione, costruzione, gestione e manutenzione degli edifici e delle relative strutture e dispositivi delle infrastrutture comunali e delle aree pubbliche determinate dalla normativa sull&#8217;economia comunale<\/li>\n<li>attivit\u00e0 relative all\u2019analisi, al controllo e alla regolamentazione del traffico e operazioni riguardanti il rilascio di permessi per svolgere il servizio taxi,<\/li>\n<li>rilascio di autorizzazioni per le attivit\u00e0 che si svolgono sul demanio marittimo e le concessioni demaniali marittime, incarichi relativi al rilascio di concessione per lo svolgimento delle attivit\u00e0 di spazzacamino e concessioni per lo svolgimento dell&#8217;attivit\u00e0 di distribuzione dell&#8217;energia termica sul territorio della citt\u00e0<\/li>\n<li>assegnazione del servizio idrico pubblico relativo alla pulizia di fosse settiche e serbatoi<\/li>\n<li>operazioni riguardanti l\u2019utilizzo e l\u2019utilizzo temporaneo delle aree pubbliche e di altri beni immobili e di articoli commerciali e pubblicitari di propriet\u00e0 della Citt\u00e0 di Fiume,<\/li>\n<li>determinazione del contributo comunale, del canone per il mantenimento di un edificio abusivamente costruito nello spazio, dell\u2019indennizzo comunale e di altre imposte, della tassa sui monumenti, l\u2019emanazione di decisioni, la riscossione e il procedimento di sequestro sotto la competenza del Dipartimento,<\/li>\n<li>lavori di manutenzione e cura per la protezione del demanio marittimo destinato all\u2019uso generale, lavori connessi allo svolgimento delle attivit\u00e0 comunali finanziate con i fondi dell&#8217;indennizzo comunale, lavori relativi allo scavo e all&#8217;occupazione di un\u2019aree pubblica<\/li>\n<li>attivit\u00e0 relative alla prestazione dei servizi comunali ,<\/li>\n<li>operazioni riguardanti la polizia comunale,<\/li>\n<li>operazioni riguardanti la polizia stradale.<\/li>\n<li>coordinamento e monitoraggio dell&#8217;operato e del funzionamento delle societ\u00e0 e aziende municipalizzate di con\/propriet\u00e0 della Citt\u00e0 nell&#8217;ambito delle loro attivit\u00e0<\/li>\n<li>monitoraggio del lavoro e delle operazioni dell&#8217;Agenzia per l&#8217;edilizia abitativa sovvenzionata della Citt\u00e0 di Fiume<\/li>\n<li>altri incarichi rientranti nell&#8217;ambito della propria attivit\u00e0 determinati da leggi speciali, altri regolamenti e deliberazioni del sindaco e del Consiglio cittadino.<\/li>\n<\/ul>\n<p>In seno a questo organo amministrativo sono state istituite le seguenti unit\u00e0 organizzative interne:<\/p>\n<p>1. La Direzione per la pianificazione, lo sviluppo e l\u2019edilizia svolge incarichi relativi alla progettazione, costruzione, gestione e manutenzione degli edifici e delle relative strutture e dispositivi delle infrastrutture comunali, attivit\u00e0 relative all\u2019analisi, al controllo e alla regolamentazione del traffico, in termini di analisi delle soluzioni esistenti e la proposta di nuove soluzioni trasportistiche di importanza locale e operazioni riguardanti il rilascio di permessi per svolgere il servizio taxi, attivit\u00e0 di determinazione e riscossione (forzata) dell\u2019indennizzo e del contributo comunale per il mantenimento di edifici abusivamente costruiti nello spazio, attivit\u00e0 di assegnazione del servizio idrico pubblico relativo alla pulizia di fosse settiche e serbatoi, monitoraggio dell\u2019operato dell&#8217;Agenzia per l&#8217;edilizia abitativa sovvenzionata, compiti relativi alla procedura di riscossione, analisi e certificazione delle fatture e di altra documentazione finanziaria delle persone giuridiche e fisiche, a cui \u00e8 stata assegnata la concessione, rientranti nelle competenze dell&#8217;Organo Amministrativo, nonch\u00e9 il coordinamento e il monitoraggio dell\u2019operato e della gestione delle aziende municipalizzate di com\/propriet\u00e0 della Citt\u00e0 rientranti nell&#8217;ambito di attivit\u00e0 della Direzione.<\/p>\n<ol>\n<li>La sezione per la pianificazione, lo sviluppo, la costruzione delle infrastrutture, svolge incarichi relativi alla progettazione, costruzione, gestione e manutenzione degli edifici e delle relative strutture e dispositivi delle infrastrutture comunali, attivit\u00e0 relative alla determinazione e riscossione (forzata) dell\u2019indennizzo e del contributo comunale per il mantenimento di edifici abusivamente costruiti nello spazio, attivit\u00e0 di assegnazione del servizio idrico pubblico relativo alla pulizia di fosse settiche e serbatoi, monitoraggio dell\u2019operato dell&#8217;Agenzia per l&#8217;edilizia abitativa sovvenzionata, compiti relativi alla procedura di riscossione, analisi e certificazione delle fatture e di altra documentazione finanziaria delle persone giuridiche e fisiche, a cui \u00e8 stata assegnata la concessione, rientranti nelle competenze dell&#8217;Organo Amministrativo, nonch\u00e9 il coordinamento e il monitoraggio dell\u2019operato e della gestione delle aziende municipalizzate di com\/propriet\u00e0 della Citt\u00e0 rientranti nell&#8217;ambito di attivit\u00e0 della sezione.<\/li>\n<li>La sezione Trasporti, svolge le attivit\u00e0 relative all\u2019analisi, al controllo e alla regolamentazione del traffico, in termini di analisi delle soluzioni esistenti e la proposta di nuove soluzioni trasportistiche di importanza locale e operazioni riguardanti il rilascio di permessi per svolgere il servizio taxi, nonch\u00e9 il coordinamento e il monitoraggio dell\u2019operato e della gestione delle aziende municipalizzate di com\/propriet\u00e0 della Citt\u00e0 rientranti nell&#8217;ambito di attivit\u00e0 della sezione.<\/li>\n<\/ol>\n<p>3. La Direzione per le attivit\u00e0 comunali congiunte, svolge le attivit\u00e0 relative alla manutenzione degli edifici e delle relative strutture e dispositivi delle infrastrutture comunali e delle aree pubbliche, il rilascio di autorizzazioni in materia di concessione per le attivit\u00e0 che si svolgono sul demanio marittimo e le concessioni sul demanio marittimo rientranti nelle competenze della Citt\u00e0, attivit\u00e0 relative al rilascio di concessioni alle persone giuridiche e fisiche rientranti nelle competenze dell\u2019Organo Amministrativo, attivit\u00e0 di determinazione e riscossione (forzata) dell\u2019indennizzo e del contributo comunale, della tassa sui monumenti, lavori di manutenzione e cura per la protezione del demanio marittimo destinato all\u2019uso generale, lavori connessi allo svolgimento delle attivit\u00e0 comunali finanziate con i fondi dell\u2019indennizzo comunale, operazioni riguardanti l\u2019uso e l\u2019uso temporaneo delle aree pubbliche e di altri beni immobili e di articoli commerciali e pubblicitari di propriet\u00e0 della Citt\u00e0, attivit\u00e0 relative allo scavo e all&#8217;occupazione delle aree pubbliche, e il monitoraggio dell\u2019operato e della gestione delle aziende municipalizzate di com\/propriet\u00e0 della Citt\u00e0 rientranti nell&#8217;ambito di attivit\u00e0 della Direzione.<\/p>\n<ol>\n<li>La sezione per l\u2019economia e la riscossione svolge le attivit\u00e0 relative alla determinazione degli obblighi e alla riscossione (forzata) dell\u2019indennizzo comunale, della tassa sui monumenti, del compenso per la regolazione dell&#8217;acqua (per conto della societ\u00e0 \u201cHrvatske vode\u201d &#8211; ente nazionale per la gestione delle risorse idriche), compiti relativi alla l&#8217;uso e l&#8217;uso temporaneo delle aree pubbliche e di altri beni immobili e di articoli commerciali e pubblicitari di propriet\u00e0 della Citt\u00e0, attivit\u00e0 relative allo scavo e all&#8217;occupazione delle aree pubbliche e il rilascio di autorizzazioni in materia di concessione per le attivit\u00e0 che si svolgono sul demanio marittimo.<\/li>\n<li>La sezione per la manutenzione, svolge le attivit\u00e0 relative alla manutenzione degli edifici e delle relative strutture e dispositivi delle infrastrutture comunali ai sensi delle norme sull&#8217;economia comunale, lavori di manutenzione e cura per la protezione del demanio marittimo destinato all\u2019uso generale, lavori connessi allo svolgimento delle attivit\u00e0 comunali finanziate con i fondi dell\u2019indennizzo comunale, operazioni riguardanti l\u2019uso e l\u2019uso temporaneo delle aree pubbliche e di altri beni immobili e di articoli commerciali e pubblicitari di propriet\u00e0 della Citt\u00e0, attivit\u00e0 relative allo scavo e all&#8217;occupazione delle aree pubbliche, e il monitoraggio dell\u2019operato e della gestione delle aziende municipalizzate di com\/propriet\u00e0 della Citt\u00e0 rientranti nell&#8217;ambito di attivit\u00e0 della sezione.<\/li>\n<\/ol>\n<p>3. La Direzione della polizia municipale \u00e8 il servizio per la sorveglianza dell\u2019attuazione e dell\u2019osservazione della Delibera sull\u2019ordine comunale nonch\u00e9 degli altri atti generali della Citt\u00e0 e delle relative norme che riguardano l&#8217;economia comunale che determinano la competenza della polizia municipale, la supervisione su persone fisiche e giuridiche a cui \u00e8 stata assegnata la concessione, nonch\u00e9 i compiti di emanazione dei provvedimenti e delle ordinanze di contravvenzione cogenti determinati dai regolamenti e dagli atti generali della Citt\u00e0 relativi alle predette competenze della polizia municipale, nonch\u00e9 il coordinamento e il monitoraggio dell\u2019operato e della gestione delle aziende municipalizzate di com\/propriet\u00e0 della Citt\u00e0 rientranti nell&#8217;ambito di attivit\u00e0 della Direzione.<\/p>\n<p>4. La Direzione della polizia stradale svolge compiti di vigilanza sui veicoli in divieto di sosta o parcheggio e del regolamento del traffico al fine di risolvere, in modo efficace, i problemi del traffico in citt\u00e0, nonch\u00e9 il coordinamento e il monitoraggio dell\u2019operato e della gestione delle aziende municipalizzate di com\/propriet\u00e0 della Citt\u00e0 rientranti nell&#8217;ambito di attivit\u00e0 della Direzione.<\/p>\n","protected":false},"excerpt":{"rendered":"<p>Il Dipartimento per gli affari comunali e il trasporto si occupa delle seguenti attivit\u00e0: incarichi amministrativi e professionali nell&#8217;area comunale relativi alla progettazione, costruzione, gestione e manutenzione degli edifici e delle relative strutture e dispositivi delle infrastrutture comunali e delle aree pubbliche determinate dalla normativa sull&#8217;economia comunale attivit\u00e0 relative all\u2019analisi, al controllo e alla regolamentazione&#8230;<\/p>\n","protected":false},"author":5,"featured_media":0,"parent":18022,"menu_order":0,"comment_status":"closed","ping_status":"closed","template":"","meta":{"_acf_changed":false,"_trash_the_other_posts":false,"footnotes":"","_links_to":"","_links_to_target":""},"tags":[],"class_list":["post-18065","page","type-page","status-publish","hentry"],"acf":[],"yoast_head":"<!-- This site is optimized with the Yoast SEO plugin v24.4 - https:\/\/yoast.com\/wordpress\/plugins\/seo\/ -->\n<title>Ambito di attivit\u00e0 del Dipartimento amministrativo - Citt\u00e0 di Fiume<\/title>\n<meta name=\"robots\" content=\"index, follow, max-snippet:-1, max-image-preview:large, max-video-preview:-1\" \/>\n<link rel=\"canonical\" href=\"https:\/\/www.rijeka.hr\/it\/amministrazione-cittadina\/dipartimenti-amministrativi\/dipartimento-amministrativo-per-gli-affari-comunali-e-il-traffico-2\/ambito-di-attivita-del-dipartimento-cittadino\/\" \/>\n<meta property=\"og:locale\" content=\"it_IT\" \/>\n<meta property=\"og:type\" content=\"article\" \/>\n<meta property=\"og:title\" content=\"Ambito di attivit\u00e0 del Dipartimento amministrativo - Citt\u00e0 di Fiume\" \/>\n<meta property=\"og:description\" content=\"Il Dipartimento per gli affari comunali e il trasporto si occupa delle seguenti attivit\u00e0: incarichi amministrativi e professionali nell&#8217;area comunale relativi alla progettazione, costruzione, gestione e manutenzione degli edifici e delle relative strutture e dispositivi delle infrastrutture comunali e delle aree pubbliche determinate dalla normativa sull&#8217;economia comunale attivit\u00e0 relative all\u2019analisi, al controllo e alla regolamentazione...\" \/>\n<meta property=\"og:url\" content=\"https:\/\/www.rijeka.hr\/it\/amministrazione-cittadina\/dipartimenti-amministrativi\/dipartimento-amministrativo-per-gli-affari-comunali-e-il-traffico-2\/ambito-di-attivita-del-dipartimento-cittadino\/\" \/>\n<meta property=\"og:site_name\" content=\"Citt\u00e0 di Fiume\" \/>\n<meta property=\"article:modified_time\" content=\"2025-01-24T12:12:22+00:00\" \/>\n<meta name=\"twitter:card\" content=\"summary_large_image\" \/>\n<meta name=\"twitter:label1\" content=\"Est. reading time\" \/>\n\t<meta name=\"twitter:data1\" content=\"6 minutes\" \/>\n<script type=\"application\/ld+json\" class=\"yoast-schema-graph\">{\"@context\":\"https:\/\/schema.org\",\"@graph\":[{\"@type\":\"WebPage\",\"@id\":\"https:\/\/www.rijeka.hr\/it\/amministrazione-cittadina\/dipartimenti-amministrativi\/dipartimento-amministrativo-per-gli-affari-comunali-e-il-traffico-2\/ambito-di-attivita-del-dipartimento-cittadino\/\",\"url\":\"https:\/\/www.rijeka.hr\/it\/amministrazione-cittadina\/dipartimenti-amministrativi\/dipartimento-amministrativo-per-gli-affari-comunali-e-il-traffico-2\/ambito-di-attivita-del-dipartimento-cittadino\/\",\"name\":\"Ambito di attivit\u00e0 del Dipartimento amministrativo - Citt\u00e0 di Fiume\",\"isPartOf\":{\"@id\":\"https:\/\/www.rijeka.hr\/it\/#website\"},\"datePublished\":\"2023-04-03T09:41:56+00:00\",\"dateModified\":\"2025-01-24T12:12:22+00:00\",\"breadcrumb\":{\"@id\":\"https:\/\/www.rijeka.hr\/it\/amministrazione-cittadina\/dipartimenti-amministrativi\/dipartimento-amministrativo-per-gli-affari-comunali-e-il-traffico-2\/ambito-di-attivita-del-dipartimento-cittadino\/#breadcrumb\"},\"inLanguage\":\"it-IT\",\"potentialAction\":[{\"@type\":\"ReadAction\",\"target\":[\"https:\/\/www.rijeka.hr\/it\/amministrazione-cittadina\/dipartimenti-amministrativi\/dipartimento-amministrativo-per-gli-affari-comunali-e-il-traffico-2\/ambito-di-attivita-del-dipartimento-cittadino\/\"]}]},{\"@type\":\"BreadcrumbList\",\"@id\":\"https:\/\/www.rijeka.hr\/it\/amministrazione-cittadina\/dipartimenti-amministrativi\/dipartimento-amministrativo-per-gli-affari-comunali-e-il-traffico-2\/ambito-di-attivita-del-dipartimento-cittadino\/#breadcrumb\",\"itemListElement\":[{\"@type\":\"ListItem\",\"position\":1,\"name\":\"Po\u010detna stranica\",\"item\":\"https:\/\/www.rijeka.hr\/it\/\"},{\"@type\":\"ListItem\",\"position\":2,\"name\":\"Amministrazione cittadina\",\"item\":\"https:\/\/www.rijeka.hr\/it\/amministrazione-cittadina\/\"},{\"@type\":\"ListItem\",\"position\":3,\"name\":\"Dipartimenti amministrativi\",\"item\":\"https:\/\/www.rijeka.hr\/it\/amministrazione-cittadina\/dipartimenti-amministrativi\/\"},{\"@type\":\"ListItem\",\"position\":4,\"name\":\"Dipartimento amministrativo per gli affari comunali e il trasporto\",\"item\":\"https:\/\/www.rijeka.hr\/it\/amministrazione-cittadina\/dipartimenti-amministrativi\/dipartimento-amministrativo-per-gli-affari-comunali-e-il-traffico-2\/\"},{\"@type\":\"ListItem\",\"position\":5,\"name\":\"Ambito di attivit\u00e0 del Dipartimento amministrativo\"}]},{\"@type\":\"WebSite\",\"@id\":\"https:\/\/www.rijeka.hr\/it\/#website\",\"url\":\"https:\/\/www.rijeka.hr\/it\/\",\"name\":\"Citt\u00e0 di Fiume\",\"description\":\"Portale web della Citta&#039; di Fiume\",\"potentialAction\":[{\"@type\":\"SearchAction\",\"target\":{\"@type\":\"EntryPoint\",\"urlTemplate\":\"https:\/\/www.rijeka.hr\/it\/?s={search_term_string}\"},\"query-input\":{\"@type\":\"PropertyValueSpecification\",\"valueRequired\":true,\"valueName\":\"search_term_string\"}}],\"inLanguage\":\"it-IT\"}]}<\/script>\n<!-- \/ Yoast SEO plugin. -->","yoast_head_json":{"title":"Ambito di attivit\u00e0 del Dipartimento amministrativo - Citt\u00e0 di Fiume","robots":{"index":"index","follow":"follow","max-snippet":"max-snippet:-1","max-image-preview":"max-image-preview:large","max-video-preview":"max-video-preview:-1"},"canonical":"https:\/\/www.rijeka.hr\/it\/amministrazione-cittadina\/dipartimenti-amministrativi\/dipartimento-amministrativo-per-gli-affari-comunali-e-il-traffico-2\/ambito-di-attivita-del-dipartimento-cittadino\/","og_locale":"it_IT","og_type":"article","og_title":"Ambito di attivit\u00e0 del Dipartimento amministrativo - Citt\u00e0 di Fiume","og_description":"Il Dipartimento per gli affari comunali e il trasporto si occupa delle seguenti attivit\u00e0: incarichi amministrativi e professionali nell&#8217;area comunale relativi alla progettazione, costruzione, gestione e manutenzione degli edifici e delle relative strutture e dispositivi delle infrastrutture comunali e delle aree pubbliche determinate dalla normativa sull&#8217;economia comunale attivit\u00e0 relative all\u2019analisi, al controllo e alla regolamentazione...","og_url":"https:\/\/www.rijeka.hr\/it\/amministrazione-cittadina\/dipartimenti-amministrativi\/dipartimento-amministrativo-per-gli-affari-comunali-e-il-traffico-2\/ambito-di-attivita-del-dipartimento-cittadino\/","og_site_name":"Citt\u00e0 di Fiume","article_modified_time":"2025-01-24T12:12:22+00:00","twitter_card":"summary_large_image","twitter_misc":{"Est. reading time":"6 minutes"},"schema":{"@context":"https:\/\/schema.org","@graph":[{"@type":"WebPage","@id":"https:\/\/www.rijeka.hr\/it\/amministrazione-cittadina\/dipartimenti-amministrativi\/dipartimento-amministrativo-per-gli-affari-comunali-e-il-traffico-2\/ambito-di-attivita-del-dipartimento-cittadino\/","url":"https:\/\/www.rijeka.hr\/it\/amministrazione-cittadina\/dipartimenti-amministrativi\/dipartimento-amministrativo-per-gli-affari-comunali-e-il-traffico-2\/ambito-di-attivita-del-dipartimento-cittadino\/","name":"Ambito di attivit\u00e0 del Dipartimento amministrativo - Citt\u00e0 di Fiume","isPartOf":{"@id":"https:\/\/www.rijeka.hr\/it\/#website"},"datePublished":"2023-04-03T09:41:56+00:00","dateModified":"2025-01-24T12:12:22+00:00","breadcrumb":{"@id":"https:\/\/www.rijeka.hr\/it\/amministrazione-cittadina\/dipartimenti-amministrativi\/dipartimento-amministrativo-per-gli-affari-comunali-e-il-traffico-2\/ambito-di-attivita-del-dipartimento-cittadino\/#breadcrumb"},"inLanguage":"it-IT","potentialAction":[{"@type":"ReadAction","target":["https:\/\/www.rijeka.hr\/it\/amministrazione-cittadina\/dipartimenti-amministrativi\/dipartimento-amministrativo-per-gli-affari-comunali-e-il-traffico-2\/ambito-di-attivita-del-dipartimento-cittadino\/"]}]},{"@type":"BreadcrumbList","@id":"https:\/\/www.rijeka.hr\/it\/amministrazione-cittadina\/dipartimenti-amministrativi\/dipartimento-amministrativo-per-gli-affari-comunali-e-il-traffico-2\/ambito-di-attivita-del-dipartimento-cittadino\/#breadcrumb","itemListElement":[{"@type":"ListItem","position":1,"name":"Po\u010detna stranica","item":"https:\/\/www.rijeka.hr\/it\/"},{"@type":"ListItem","position":2,"name":"Amministrazione cittadina","item":"https:\/\/www.rijeka.hr\/it\/amministrazione-cittadina\/"},{"@type":"ListItem","position":3,"name":"Dipartimenti amministrativi","item":"https:\/\/www.rijeka.hr\/it\/amministrazione-cittadina\/dipartimenti-amministrativi\/"},{"@type":"ListItem","position":4,"name":"Dipartimento amministrativo per gli affari comunali e il trasporto","item":"https:\/\/www.rijeka.hr\/it\/amministrazione-cittadina\/dipartimenti-amministrativi\/dipartimento-amministrativo-per-gli-affari-comunali-e-il-traffico-2\/"},{"@type":"ListItem","position":5,"name":"Ambito di attivit\u00e0 del Dipartimento amministrativo"}]},{"@type":"WebSite","@id":"https:\/\/www.rijeka.hr\/it\/#website","url":"https:\/\/www.rijeka.hr\/it\/","name":"Citt\u00e0 di Fiume","description":"Portale web della Citta&#039; di Fiume","potentialAction":[{"@type":"SearchAction","target":{"@type":"EntryPoint","urlTemplate":"https:\/\/www.rijeka.hr\/it\/?s={search_term_string}"},"query-input":{"@type":"PropertyValueSpecification","valueRequired":true,"valueName":"search_term_string"}}],"inLanguage":"it-IT"}]}},"_links":{"self":[{"href":"https:\/\/www.rijeka.hr\/it\/wp-json\/wp\/v2\/pages\/18065","targetHints":{"allow":["GET"]}}],"collection":[{"href":"https:\/\/www.rijeka.hr\/it\/wp-json\/wp\/v2\/pages"}],"about":[{"href":"https:\/\/www.rijeka.hr\/it\/wp-json\/wp\/v2\/types\/page"}],"author":[{"embeddable":true,"href":"https:\/\/www.rijeka.hr\/it\/wp-json\/wp\/v2\/users\/5"}],"replies":[{"embeddable":true,"href":"https:\/\/www.rijeka.hr\/it\/wp-json\/wp\/v2\/comments?post=18065"}],"version-history":[{"count":4,"href":"https:\/\/www.rijeka.hr\/it\/wp-json\/wp\/v2\/pages\/18065\/revisions"}],"predecessor-version":[{"id":18961,"href":"https:\/\/www.rijeka.hr\/it\/wp-json\/wp\/v2\/pages\/18065\/revisions\/18961"}],"up":[{"embeddable":true,"href":"https:\/\/www.rijeka.hr\/it\/wp-json\/wp\/v2\/pages\/18022"}],"wp:attachment":[{"href":"https:\/\/www.rijeka.hr\/it\/wp-json\/wp\/v2\/media?parent=18065"}],"wp:term":[{"taxonomy":"post_tag","embeddable":true,"href":"https:\/\/www.rijeka.hr\/it\/wp-json\/wp\/v2\/tags?post=18065"}],"curies":[{"name":"wp","href":"https:\/\/api.w.org\/{rel}","templated":true}]}}