{"id":18071,"date":"2023-04-03T12:31:45","date_gmt":"2023-04-03T10:31:45","guid":{"rendered":"https:\/\/www.rijeka.hr\/it\/?page_id=18071"},"modified":"2025-01-24T13:28:57","modified_gmt":"2025-01-24T12:28:57","slug":"ambito-di-attivita-del-dipartimento-cittadino","status":"publish","type":"page","link":"https:\/\/www.rijeka.hr\/it\/amministrazione-cittadina\/dipartimenti-amministrativi\/dipartimento-amministrativo-per-la-proprieta-cittadina\/ambito-di-attivita-del-dipartimento-cittadino\/","title":{"rendered":"Ambito di attivit\u00e0 del Dipartimento amministrativo"},"content":{"rendered":"<p>Il Dipartimento amministrativo per il patrimonio cittadino si occupa delle seguenti attivit\u00e0:<\/p>\n<ul>\n<li>attivit\u00e0 di gestione, registrazione, acquisizione, alienazione, costruzione, manutenzione, affitto, concessione d\u2019uso dei terreni e degli edifici degli scopi pubblici, commerciali e abitativi di propriet\u00e0 della Citt\u00e0, ad eccezione delle infrastrutture comunali e degli edifici che servono per lo svolgimento delle attivit\u00e0 comunali<\/li>\n<li>compiti di predisposizione ed attuazione della certificazione energetica degli edifici di propriet\u00e0 della Citt\u00e0<\/li>\n<li>compiti professionali e amministrativi relativi alla valutazione degli immobili secondo una legge speciale (preparazione, inserimento e valutazione dei dati nel sistema eNekretnine, mantenimento di una raccolta dei prezzi di acquisto e di vendita e di un piano di valori approssimativi, emissione di estratti dallo stesso, redazione delle relazioni sul mercato immobiliare, lavoro tecnico professionale e amministrativo per le esigenze delle commissioni di stima, ecc.)<\/li>\n<li>determinazione e cura aggiornata dello stato giuridico degli immobili di propriet\u00e0 della Citt\u00e0 nei libri fondiari, predisposizione della documentazione per l&#8217;iscrizione ed esecuzione dell&#8217;iter di registrazione dei diritti di propriet\u00e0 e degli altri diritti reali sugli immobili acquisiti, e gestione delle procedure amministrative e di collegamento al fine di iscrivere gli immobili a favore della Citt\u00e0<\/li>\n<li>compiti relativi alla preparazione di terreni, ovvero la creazione di presupposti tecnici e patrimoniali per l&#8217;attuazione dei piani territoriali e la realizzazione di progetti di costruzione<\/li>\n<li>altri compiti rientranti nell&#8217;ambito della propria attivit\u00e0 determinati da leggi speciali, altri regolamenti e deliberazioni del Sindaco e del Consiglio cittadino.<\/li>\n<\/ul>\n<p><strong>In seno a questo organo amministrativo sono state istituite le seguenti unit\u00e0 organizzative interne:<\/strong><\/p>\n<p>1. La Direzione per la gestione degli edifici abitativi svolge le attivit\u00e0 relative alla stipula di contratti di locazione residenziali, alla registrazione del regolare pagamento dei canoni di locazione e di altre spese abitative, alla disdetta e alla cancellazione dei contratti di locazione, alla concessione in affitto degli appartamenti secondo la Graduatoria per la locazione di appartamenti, attivit\u00e0 di tenuta dei dati sugli immobili gestiti dall&#8217;Organo Amministrativo, registri dei gestori e di monitoraggio della gestione degli edifici residenziali e commerciali, tenuta del registro immobiliare della Citt\u00e0 di Fiume, la stipula degli allegati ai contratti di vendita degli appartamenti sui quali erano diritti di occupazione, trasferimento dell&#8217;obbligazione ipotecaria in contratti di compravendita di appartamenti su cui sussistevano i diritti di occupazione, di vendita di appartamenti, avvia procedimenti giudiziari per inosservanza del contratto di locazione residenziale e procedimenti nei confronti di persone che si sono traslocate abusivamente, attivit\u00e0 di mantenimento di una banca dati che \u00e8 la base per l&#8217;emissione delle fatture dei costi abitativi integrati ai proprietari e agli utenti di appartamenti e locali commerciali nella citt\u00e0 di Fiume, il rilascio delle cancellazioni di ipoteche in base a contratti di vendita di appartamenti su cui sussistevano i diritti di occupazione, l&#8217;emissione di vari certificati nell&#8217;area di edilizia abitativa, l\u2019attuazione della procedura per compilare l&#8217;Elenco degli acquirenti, in base al quale si svolge la procedura di vendita degli appartamenti secondo il programma di edilizia abitativa sovvenzionata.<\/p>\n<p>2. La Direzione per la gestione degli edifici usati a scopi commerciali e pubblici svolge attivit\u00e0 relative alla locazione di locali commerciali di propriet\u00e0 e compropriet\u00e0 della Citt\u00e0 di Fiume (pubblicazione di gare d&#8217;appalto, vendita all&#8217;asta, sottoscrizione di contratti di locazione e controllo dell&#8217;esecuzione del contratto, attivit\u00e0 relative alla modifica dell&#8217;attivit\u00e0 svolta e rilascio di consensi alla ristrutturazione di locali commerciali, fatturazione e riscossione dei canoni e compensi per l&#8217;uso di locali commerciali), nonch\u00e9 incarichi connessi alla gestione di strutture pubbliche (stipula di contratti per l&#8217;uso gratuito e l\u2019assegnazione di consensi alla ristrutturazione di edifici pubblici) nonch\u00e9 attivit\u00e0 di manutenzione dei dati sugli immobili gestiti dall&#8217;Organo Amministrazione.<\/p>\n<ol>\n<li>La sezione per la gestione degli edifici usati a scopi commerciali svolge attivit\u00e0 relative alla locazione di locali commerciali di propriet\u00e0 e compropriet\u00e0 della Citt\u00e0 di Fiume, nonch\u00e9 l&#8217;affitto di locali gestiti dalla Citt\u00e0 di Fiume. Quanto sopra include la tenuta dei registri dei locali commerciali, il controllo regolare dei locatari in merito allo svolgimento delle attivit\u00e0 nei locali commerciali, la tenuta del Registro dei locali commerciali sfitti e dei locali commerciali affittati, la pubblicazione di gare pubbliche, la vendita all&#8217;asta, la conclusione di contratti di locazione, il controllo della regolarit\u00e0 dei locatari. Inoltre, i compiti includono la riscossione degli affitti come entrate nel bilancio della Citt\u00e0 di Fiume e l&#8217;adozione di tutte le misure per garantire un regolare afflusso di tali entrate di bilancio.<\/li>\n<li>La sezione per la gestione degli edifici usati a scopi pubblici svolge le attivit\u00e0 di assegnazione dei locali in uso (sottoscrizione di contratti di locazione senza canoni), la cui qualificazione \u00e8 stata individuata come edifici pubblici (scuole, asili, locali per uffici degli organi cittadini ecc.). L&#8217;istituzione e la tenuta dei registri degli edifici pubblici, i termini con cui sono stati resi disponibili, il controllo periodico dell&#8217;uso e il coordinamento con gli altri organi amministrativi della Citt\u00e0 in relazione alla determinazione dello stato dell&#8217;edificio pubblico.<\/li>\n<\/ol>\n<p>3. La Direzione per la gestione del territorio, svolge attivit\u00e0 relative alla preparazione dei terreni, ovvero alla creazione dei presupposti tecnici e patrimoniali per l&#8217;attuazione degli atti di pianificazione territoriale e la realizzazione di progetti edilizi in conformit\u00e0 alle leggi e ai regolamenti. Attuano le procedure per la preparazione tecnica e immobiliare dei terreni per gli investimenti cittadini e per le locazioni offerte sul mercato per la vendita, che comprende l&#8217;ordinazione di studi geodetici (lottizzazione, ecc.), l&#8217;analisi della propriet\u00e0 delle singole zone, l&#8217;esecuzione delle procedure per l\u2019acquisizione di terreni in propriet\u00e0 (acquisto di terreni, avvio di procedure di esproprio, ecc.). Inoltre, su richiesta delle parti, vengono svolte le procedure relative alla risoluzione dei rapporti di propriet\u00e0 fondiaria (vendita di terreni, permuta di terreni, diritto di costruzione, diritto di servit\u00f9, locazione di terreni), che comprende la predisposizione e l&#8217;esecuzione di gare per la disponibilit\u00e0 di terreni, la conclusione di contratti, il controllo dell&#8217;esecuzione dei contratti. Gli studi geodetici (lottizzazione, ecc.) nei quali la Citt\u00e0 di Fiume fa parte nel procedimento sono certificati su richiesta delle parti o gli studi geodetici commissionati dalla Citt\u00e0 di Fiume. Vengono eseguite le procedure per la registrazione dei diritti di propriet\u00e0 della Citt\u00e0 di Fiume sul terreno e vengono conservate registrazioni sistematiche del terreno di propriet\u00e0 della Citt\u00e0 di Fiume nella banca dati GIS (dati alfanumerici e grafici). Vengono monitorate anche tutte le procedure relative ai terreni di cui la Citt\u00e0 di Fiume fa parte, come le cause giudiziarie, le procedure di restituzione dei terreni, ecc.<\/p>\n<p>4. La Direzione per gli affari giuridici e patrimoniali svolge attivit\u00e0 relative alla registrazione dei diritti di propriet\u00e0 sugli immobili della Citt\u00e0 di Fiume, alla rappresentanza della Citt\u00e0 di Fiume nelle procedure di unificazione del libro dei contratti depositati con i libri fondiari e nei procedimenti relativi al risarcimento dei beni confiscati durante il sistema comunista jugoslavo, attivit\u00e0 relative alla compravendita di immobili, attivit\u00e0 relative alla propriet\u00e0 condominiale di edifici e alla legalizzazione degli edifici, ovvero le parti separate degli edifici residenziali e pubblici che rappresentano la propriet\u00e0 della Citt\u00e0 di Fiume, la partecipazione alla preparazione delle riunioni della Commissione cittadina per la stima, l\u2019emissione degli estratti dalla raccolta dei prezzi di compravendita e la redazione della relazione annuale sul mercato immobiliare nell&#8217;ambito dei compiti di tenuta dei dati sugli immobili gestiti dall&#8217;Organo Amministrativo.<\/p>\n<p>5. La Direzione per l\u2019edilizia e la manutenzione degli edifici usati a scopi pubblici, commerciali e abitativi svolge attivit\u00e0 relative alla costruzione e alla manutenzione degli edifici gestiti dall&#8217;Organo Amministrativo, attivit\u00e0 relative alla realizzazione di progetti di efficienza energetica, la manutenzione di edifici pubblici, commerciali e edifici residenziali, compiti relativi agli interventi di emergenza, la collaborazione con i gestori degli edifici e il monitoraggio dei danni agli edifici, la segnalazione e la preparazione della documentazione per gli assicuratori al fine di esercitare il diritto al risarcimento dei danni, l\u2019analisi, la pianificazione delle esigenze, dello scopo dei lavori e dei servizi, e la stima dei costi di manutenzione regolare e di investimento, la redazione e la preparazione della documentazione progettuale, l\u2019esecuzione di ricostruzioni e strutture aggiunte agli edifici e l\u2019analisi, la pianificazione delle esigenze, l\u2019organizzazione e il monitoraggio della costruzione degli edifici di propriet\u00e0 della Citt\u00e0 di Fiume nonch\u00e9 compiti di manutenzione dei dati sul patrimonio gestito dall&#8217;Organo Amministrativo.<\/p>\n","protected":false},"excerpt":{"rendered":"<p>Il Dipartimento amministrativo per il patrimonio cittadino si occupa delle seguenti attivit\u00e0: attivit\u00e0 di gestione, registrazione, acquisizione, alienazione, costruzione, manutenzione, affitto, concessione d\u2019uso dei terreni e degli edifici degli scopi pubblici, commerciali e abitativi di propriet\u00e0 della Citt\u00e0, ad eccezione delle infrastrutture comunali e degli edifici che servono per lo svolgimento delle attivit\u00e0 comunali compiti&#8230;<\/p>\n","protected":false},"author":5,"featured_media":0,"parent":17996,"menu_order":8,"comment_status":"closed","ping_status":"closed","template":"","meta":{"_acf_changed":false,"_trash_the_other_posts":false,"footnotes":"","_links_to":"","_links_to_target":""},"tags":[],"class_list":["post-18071","page","type-page","status-publish","hentry"],"acf":[],"yoast_head":"<!-- This site is optimized with the Yoast SEO plugin v24.4 - https:\/\/yoast.com\/wordpress\/plugins\/seo\/ -->\n<title>Ambito di attivit\u00e0 del Dipartimento amministrativo - Citt\u00e0 di Fiume<\/title>\n<meta name=\"robots\" content=\"index, follow, max-snippet:-1, max-image-preview:large, max-video-preview:-1\" \/>\n<link rel=\"canonical\" href=\"https:\/\/www.rijeka.hr\/it\/amministrazione-cittadina\/dipartimenti-amministrativi\/dipartimento-amministrativo-per-la-proprieta-cittadina\/ambito-di-attivita-del-dipartimento-cittadino\/\" \/>\n<meta property=\"og:locale\" content=\"it_IT\" \/>\n<meta property=\"og:type\" content=\"article\" \/>\n<meta property=\"og:title\" content=\"Ambito di attivit\u00e0 del Dipartimento amministrativo - Citt\u00e0 di Fiume\" \/>\n<meta property=\"og:description\" content=\"Il Dipartimento amministrativo per il patrimonio cittadino si occupa delle seguenti attivit\u00e0: attivit\u00e0 di gestione, registrazione, acquisizione, alienazione, costruzione, manutenzione, affitto, concessione d\u2019uso dei terreni e degli edifici degli scopi pubblici, commerciali e abitativi di propriet\u00e0 della Citt\u00e0, ad eccezione delle infrastrutture comunali e degli edifici che servono per lo svolgimento delle attivit\u00e0 comunali compiti...\" \/>\n<meta property=\"og:url\" content=\"https:\/\/www.rijeka.hr\/it\/amministrazione-cittadina\/dipartimenti-amministrativi\/dipartimento-amministrativo-per-la-proprieta-cittadina\/ambito-di-attivita-del-dipartimento-cittadino\/\" \/>\n<meta property=\"og:site_name\" content=\"Citt\u00e0 di Fiume\" \/>\n<meta property=\"article:modified_time\" content=\"2025-01-24T12:28:57+00:00\" \/>\n<meta name=\"twitter:card\" content=\"summary_large_image\" \/>\n<meta name=\"twitter:label1\" content=\"Est. reading time\" \/>\n\t<meta name=\"twitter:data1\" content=\"7 minutes\" \/>\n<script type=\"application\/ld+json\" class=\"yoast-schema-graph\">{\"@context\":\"https:\/\/schema.org\",\"@graph\":[{\"@type\":\"WebPage\",\"@id\":\"https:\/\/www.rijeka.hr\/it\/amministrazione-cittadina\/dipartimenti-amministrativi\/dipartimento-amministrativo-per-la-proprieta-cittadina\/ambito-di-attivita-del-dipartimento-cittadino\/\",\"url\":\"https:\/\/www.rijeka.hr\/it\/amministrazione-cittadina\/dipartimenti-amministrativi\/dipartimento-amministrativo-per-la-proprieta-cittadina\/ambito-di-attivita-del-dipartimento-cittadino\/\",\"name\":\"Ambito di attivit\u00e0 del Dipartimento amministrativo - Citt\u00e0 di Fiume\",\"isPartOf\":{\"@id\":\"https:\/\/www.rijeka.hr\/it\/#website\"},\"datePublished\":\"2023-04-03T10:31:45+00:00\",\"dateModified\":\"2025-01-24T12:28:57+00:00\",\"breadcrumb\":{\"@id\":\"https:\/\/www.rijeka.hr\/it\/amministrazione-cittadina\/dipartimenti-amministrativi\/dipartimento-amministrativo-per-la-proprieta-cittadina\/ambito-di-attivita-del-dipartimento-cittadino\/#breadcrumb\"},\"inLanguage\":\"it-IT\",\"potentialAction\":[{\"@type\":\"ReadAction\",\"target\":[\"https:\/\/www.rijeka.hr\/it\/amministrazione-cittadina\/dipartimenti-amministrativi\/dipartimento-amministrativo-per-la-proprieta-cittadina\/ambito-di-attivita-del-dipartimento-cittadino\/\"]}]},{\"@type\":\"BreadcrumbList\",\"@id\":\"https:\/\/www.rijeka.hr\/it\/amministrazione-cittadina\/dipartimenti-amministrativi\/dipartimento-amministrativo-per-la-proprieta-cittadina\/ambito-di-attivita-del-dipartimento-cittadino\/#breadcrumb\",\"itemListElement\":[{\"@type\":\"ListItem\",\"position\":1,\"name\":\"Po\u010detna stranica\",\"item\":\"https:\/\/www.rijeka.hr\/it\/\"},{\"@type\":\"ListItem\",\"position\":2,\"name\":\"Amministrazione cittadina\",\"item\":\"https:\/\/www.rijeka.hr\/it\/amministrazione-cittadina\/\"},{\"@type\":\"ListItem\",\"position\":3,\"name\":\"Dipartimenti amministrativi\",\"item\":\"https:\/\/www.rijeka.hr\/it\/amministrazione-cittadina\/dipartimenti-amministrativi\/\"},{\"@type\":\"ListItem\",\"position\":4,\"name\":\"Dipartimento amministrativo per il patrimonio cittadino\",\"item\":\"https:\/\/www.rijeka.hr\/it\/amministrazione-cittadina\/dipartimenti-amministrativi\/dipartimento-amministrativo-per-la-proprieta-cittadina\/\"},{\"@type\":\"ListItem\",\"position\":5,\"name\":\"Ambito di attivit\u00e0 del Dipartimento amministrativo\"}]},{\"@type\":\"WebSite\",\"@id\":\"https:\/\/www.rijeka.hr\/it\/#website\",\"url\":\"https:\/\/www.rijeka.hr\/it\/\",\"name\":\"Citt\u00e0 di Fiume\",\"description\":\"Portale web della Citta&#039; di Fiume\",\"potentialAction\":[{\"@type\":\"SearchAction\",\"target\":{\"@type\":\"EntryPoint\",\"urlTemplate\":\"https:\/\/www.rijeka.hr\/it\/?s={search_term_string}\"},\"query-input\":{\"@type\":\"PropertyValueSpecification\",\"valueRequired\":true,\"valueName\":\"search_term_string\"}}],\"inLanguage\":\"it-IT\"}]}<\/script>\n<!-- \/ Yoast SEO plugin. -->","yoast_head_json":{"title":"Ambito di attivit\u00e0 del Dipartimento amministrativo - Citt\u00e0 di Fiume","robots":{"index":"index","follow":"follow","max-snippet":"max-snippet:-1","max-image-preview":"max-image-preview:large","max-video-preview":"max-video-preview:-1"},"canonical":"https:\/\/www.rijeka.hr\/it\/amministrazione-cittadina\/dipartimenti-amministrativi\/dipartimento-amministrativo-per-la-proprieta-cittadina\/ambito-di-attivita-del-dipartimento-cittadino\/","og_locale":"it_IT","og_type":"article","og_title":"Ambito di attivit\u00e0 del Dipartimento amministrativo - Citt\u00e0 di Fiume","og_description":"Il Dipartimento amministrativo per il patrimonio cittadino si occupa delle seguenti attivit\u00e0: attivit\u00e0 di gestione, registrazione, acquisizione, alienazione, costruzione, manutenzione, affitto, concessione d\u2019uso dei terreni e degli edifici degli scopi pubblici, commerciali e abitativi di propriet\u00e0 della Citt\u00e0, ad eccezione delle infrastrutture comunali e degli edifici che servono per lo svolgimento delle attivit\u00e0 comunali compiti...","og_url":"https:\/\/www.rijeka.hr\/it\/amministrazione-cittadina\/dipartimenti-amministrativi\/dipartimento-amministrativo-per-la-proprieta-cittadina\/ambito-di-attivita-del-dipartimento-cittadino\/","og_site_name":"Citt\u00e0 di Fiume","article_modified_time":"2025-01-24T12:28:57+00:00","twitter_card":"summary_large_image","twitter_misc":{"Est. reading time":"7 minutes"},"schema":{"@context":"https:\/\/schema.org","@graph":[{"@type":"WebPage","@id":"https:\/\/www.rijeka.hr\/it\/amministrazione-cittadina\/dipartimenti-amministrativi\/dipartimento-amministrativo-per-la-proprieta-cittadina\/ambito-di-attivita-del-dipartimento-cittadino\/","url":"https:\/\/www.rijeka.hr\/it\/amministrazione-cittadina\/dipartimenti-amministrativi\/dipartimento-amministrativo-per-la-proprieta-cittadina\/ambito-di-attivita-del-dipartimento-cittadino\/","name":"Ambito di attivit\u00e0 del Dipartimento amministrativo - Citt\u00e0 di Fiume","isPartOf":{"@id":"https:\/\/www.rijeka.hr\/it\/#website"},"datePublished":"2023-04-03T10:31:45+00:00","dateModified":"2025-01-24T12:28:57+00:00","breadcrumb":{"@id":"https:\/\/www.rijeka.hr\/it\/amministrazione-cittadina\/dipartimenti-amministrativi\/dipartimento-amministrativo-per-la-proprieta-cittadina\/ambito-di-attivita-del-dipartimento-cittadino\/#breadcrumb"},"inLanguage":"it-IT","potentialAction":[{"@type":"ReadAction","target":["https:\/\/www.rijeka.hr\/it\/amministrazione-cittadina\/dipartimenti-amministrativi\/dipartimento-amministrativo-per-la-proprieta-cittadina\/ambito-di-attivita-del-dipartimento-cittadino\/"]}]},{"@type":"BreadcrumbList","@id":"https:\/\/www.rijeka.hr\/it\/amministrazione-cittadina\/dipartimenti-amministrativi\/dipartimento-amministrativo-per-la-proprieta-cittadina\/ambito-di-attivita-del-dipartimento-cittadino\/#breadcrumb","itemListElement":[{"@type":"ListItem","position":1,"name":"Po\u010detna stranica","item":"https:\/\/www.rijeka.hr\/it\/"},{"@type":"ListItem","position":2,"name":"Amministrazione cittadina","item":"https:\/\/www.rijeka.hr\/it\/amministrazione-cittadina\/"},{"@type":"ListItem","position":3,"name":"Dipartimenti amministrativi","item":"https:\/\/www.rijeka.hr\/it\/amministrazione-cittadina\/dipartimenti-amministrativi\/"},{"@type":"ListItem","position":4,"name":"Dipartimento amministrativo per il patrimonio cittadino","item":"https:\/\/www.rijeka.hr\/it\/amministrazione-cittadina\/dipartimenti-amministrativi\/dipartimento-amministrativo-per-la-proprieta-cittadina\/"},{"@type":"ListItem","position":5,"name":"Ambito di attivit\u00e0 del Dipartimento amministrativo"}]},{"@type":"WebSite","@id":"https:\/\/www.rijeka.hr\/it\/#website","url":"https:\/\/www.rijeka.hr\/it\/","name":"Citt\u00e0 di Fiume","description":"Portale web della Citta&#039; di Fiume","potentialAction":[{"@type":"SearchAction","target":{"@type":"EntryPoint","urlTemplate":"https:\/\/www.rijeka.hr\/it\/?s={search_term_string}"},"query-input":{"@type":"PropertyValueSpecification","valueRequired":true,"valueName":"search_term_string"}}],"inLanguage":"it-IT"}]}},"_links":{"self":[{"href":"https:\/\/www.rijeka.hr\/it\/wp-json\/wp\/v2\/pages\/18071","targetHints":{"allow":["GET"]}}],"collection":[{"href":"https:\/\/www.rijeka.hr\/it\/wp-json\/wp\/v2\/pages"}],"about":[{"href":"https:\/\/www.rijeka.hr\/it\/wp-json\/wp\/v2\/types\/page"}],"author":[{"embeddable":true,"href":"https:\/\/www.rijeka.hr\/it\/wp-json\/wp\/v2\/users\/5"}],"replies":[{"embeddable":true,"href":"https:\/\/www.rijeka.hr\/it\/wp-json\/wp\/v2\/comments?post=18071"}],"version-history":[{"count":3,"href":"https:\/\/www.rijeka.hr\/it\/wp-json\/wp\/v2\/pages\/18071\/revisions"}],"predecessor-version":[{"id":18970,"href":"https:\/\/www.rijeka.hr\/it\/wp-json\/wp\/v2\/pages\/18071\/revisions\/18970"}],"up":[{"embeddable":true,"href":"https:\/\/www.rijeka.hr\/it\/wp-json\/wp\/v2\/pages\/17996"}],"wp:attachment":[{"href":"https:\/\/www.rijeka.hr\/it\/wp-json\/wp\/v2\/media?parent=18071"}],"wp:term":[{"taxonomy":"post_tag","embeddable":true,"href":"https:\/\/www.rijeka.hr\/it\/wp-json\/wp\/v2\/tags?post=18071"}],"curies":[{"name":"wp","href":"https:\/\/api.w.org\/{rel}","templated":true}]}}