{"id":18427,"date":"2023-05-03T13:15:36","date_gmt":"2023-05-03T11:15:36","guid":{"rendered":"https:\/\/www.rijeka.hr\/it\/?page_id=18427"},"modified":"2023-05-03T13:15:51","modified_gmt":"2023-05-03T11:15:51","slug":"i-locali-dellexportdrvo","status":"publish","type":"page","link":"https:\/\/www.rijeka.hr\/it\/amministrazione-cittadina\/progetti-cittadini\/progetti-realizzati\/cultura\/i-locali-dellexportdrvo\/","title":{"rendered":"I locali dell\u2019Exportdrvo,"},"content":{"rendered":"<p>La Port Authority di Fiume ha investito 4,5 milioni di kune per il rifacimento del tetto e dei servizi igienici e l&#8217;installazione degli impianti elettrici e delle scale esterne, e nel 2020 il Ministero del Mare, dei Trasporti e delle Infrastrutture ha concesso la concessione quinquennale alla Citt\u00e0 di Fiume per i magazzini ristrutturati dell\u2019Exportdrvo, a titolo gratuito, principalmente per l&#8217;esecuzione di vari programmi pubblici.<\/p>\n<p>L&#8217;esperienza finora maturata sull&#8217;utilizzo dei locali indica che esistono numerose possibilit\u00e0 per l&#8217;organizzazione di varie manifestazioni di carattere culturale, fieristico e commerciale.<\/p>\n<div id='gallery-1' class='gallery galleryid-18427 gallery-columns-3 gallery-size-thumbnail'><dl class='gallery-item'>\n            <dt class='gallery-icon landscape'>\n                <a href='https:\/\/www.rijeka.hr\/it\/wp-content\/uploads\/sites\/3\/2023\/05\/Fiume-fantastika.jpg' title=\"\" data-rl_title=\"\" class=\"rl-gallery-link\" data-rl_caption=\"\" data-rel=\"lightbox-gallery-1\"><img loading=\"lazy\" decoding=\"async\" width=\"250\" height=\"250\" src=\"https:\/\/www.rijeka.hr\/it\/wp-content\/uploads\/sites\/3\/2023\/05\/Fiume-fantastika-250x250.jpg\" class=\"attachment-thumbnail size-thumbnail\" alt=\"Fiume-fantastika\" srcset=\"https:\/\/www.rijeka.hr\/it\/wp-content\/uploads\/sites\/3\/2023\/05\/Fiume-fantastika-250x250.jpg 250w, https:\/\/www.rijeka.hr\/it\/wp-content\/uploads\/sites\/3\/2023\/05\/Fiume-fantastika-200x200.jpg 200w\" sizes=\"(max-width: 250px) 100vw, 250px\" \/><\/a>\n            <\/dt><\/dl><dl class='gallery-item'>\n            <dt class='gallery-icon landscape'>\n                <a href='https:\/\/www.rijeka.hr\/it\/wp-content\/uploads\/sites\/3\/2023\/05\/Usijano-more.jpg' title=\"\" data-rl_title=\"\" class=\"rl-gallery-link\" data-rl_caption=\"\" data-rel=\"lightbox-gallery-1\"><img loading=\"lazy\" decoding=\"async\" width=\"250\" height=\"250\" src=\"https:\/\/www.rijeka.hr\/it\/wp-content\/uploads\/sites\/3\/2023\/05\/Usijano-more-250x250.jpg\" class=\"attachment-thumbnail size-thumbnail\" alt=\"Usijano-more\" srcset=\"https:\/\/www.rijeka.hr\/it\/wp-content\/uploads\/sites\/3\/2023\/05\/Usijano-more-250x250.jpg 250w, https:\/\/www.rijeka.hr\/it\/wp-content\/uploads\/sites\/3\/2023\/05\/Usijano-more-200x200.jpg 200w\" sizes=\"(max-width: 250px) 100vw, 250px\" \/><\/a>\n            <\/dt><\/dl><dl class='gallery-item'>\n            <dt class='gallery-icon landscape'>\n                <a href='https:\/\/www.rijeka.hr\/it\/wp-content\/uploads\/sites\/3\/2023\/05\/EPK-2020.jpg' title=\"\" data-rl_title=\"\" class=\"rl-gallery-link\" data-rl_caption=\"\" data-rel=\"lightbox-gallery-1\"><img loading=\"lazy\" decoding=\"async\" width=\"250\" height=\"250\" src=\"https:\/\/www.rijeka.hr\/it\/wp-content\/uploads\/sites\/3\/2023\/05\/EPK-2020-250x250.jpg\" class=\"attachment-thumbnail size-thumbnail\" alt=\"EPK 2020\" srcset=\"https:\/\/www.rijeka.hr\/it\/wp-content\/uploads\/sites\/3\/2023\/05\/EPK-2020-250x250.jpg 250w, https:\/\/www.rijeka.hr\/it\/wp-content\/uploads\/sites\/3\/2023\/05\/EPK-2020-200x200.jpg 200w\" sizes=\"(max-width: 250px) 100vw, 250px\" \/><\/a>\n            <\/dt><\/dl><br style=\"clear: both\" \/>\n        <\/div>\n\n<p>I locali dell\u2019Exportdrvo si sono affermati come sede grazie ai programmi chiave del progetto Fiume 2020 \u2013 Capitale europea della cultura (CEC). L\u2019Exportdrvo ha cos\u00ec ospitato due importanti mostre nell\u2019ambito del progetto CEC, mostre notevoli di livello mondiale: &#8220;Fiume Fantastika: Fenomeni della Citt\u00e0&#8221; e la mostra internazionale &#8220;Usijano more&#8221;, oltre a numerose mostre collaterali. L\u2019Exportdrvo ha anche ospitato numerosi programmi letterari.<\/p>\n<p>Nell&#8217;ambito della realizzazione del progetto CEC, i magazzini dell&#8217;ex azienda Exportdrvo sono stati visti come un punto importante della direzione programmatica Dolce e Salato, che ha considerato la possibilit\u00e0 di collegamento urbano e culturale della zona dell\u2019ex Cartiera, situata nel canyon della Rje\u010dina, con la zona del Delta meridionale dove il fiume Rje\u010dina sfocia nel mare. Cos\u00ec, alcuni degli eventi legati alla preparazione e alla promozione del progetto CEC si sono svolti proprio nell&#8217;area del magazzino dell&#8217;ex azienda Exportdrvo.<\/p>\n<p>Nell&#8217;ambito del progetto Fiume &#8211; CEC, nel luglio 2020, su iniziativa dell&#8217;Associazione dei business club PartneRI, \u00e8 stato ristrutturato un parco gioco per bambini con l&#8217;installazione artistica l\u2019Uragan di Balthazar&#8217;, situata accanto alla vecchia nave a vapore \u201cUragan\u201d sul Molo longo. Per motivi di sicurezza, l&#8217;installazione \u00e8 stata successivamente traslocata in Delta accanto al magazzino dell\u2019Exportdrvo.<\/p>\n","protected":false},"excerpt":{"rendered":"<p>La Port Authority di Fiume ha investito 4,5 milioni di kune per il rifacimento del tetto e dei servizi igienici e l&#8217;installazione degli impianti elettrici e delle scale esterne, e nel 2020 il Ministero del Mare, dei Trasporti e delle Infrastrutture ha concesso la concessione quinquennale alla Citt\u00e0 di Fiume per i magazzini ristrutturati dell\u2019Exportdrvo,&#8230;<\/p>\n","protected":false},"author":8,"featured_media":18432,"parent":18388,"menu_order":0,"comment_status":"closed","ping_status":"closed","template":"","meta":{"_acf_changed":false,"_trash_the_other_posts":false,"footnotes":"","_links_to":"","_links_to_target":""},"tags":[],"class_list":["post-18427","page","type-page","status-publish","has-post-thumbnail","hentry"],"acf":[],"yoast_head":"<!-- This site is optimized with the Yoast SEO plugin v24.4 - https:\/\/yoast.com\/wordpress\/plugins\/seo\/ -->\n<title>I locali dell\u2019Exportdrvo, - Citt\u00e0 di Fiume<\/title>\n<meta name=\"robots\" content=\"index, follow, max-snippet:-1, max-image-preview:large, max-video-preview:-1\" \/>\n<link rel=\"canonical\" href=\"https:\/\/www.rijeka.hr\/it\/amministrazione-cittadina\/progetti-cittadini\/progetti-realizzati\/cultura\/i-locali-dellexportdrvo\/\" \/>\n<meta property=\"og:locale\" content=\"it_IT\" \/>\n<meta property=\"og:type\" content=\"article\" \/>\n<meta property=\"og:title\" content=\"I locali dell\u2019Exportdrvo, - Citt\u00e0 di Fiume\" \/>\n<meta property=\"og:description\" content=\"La Port Authority di Fiume ha investito 4,5 milioni di kune per il rifacimento del tetto e dei servizi igienici e l&#8217;installazione degli impianti elettrici e delle scale esterne, e nel 2020 il Ministero del Mare, dei Trasporti e delle Infrastrutture ha concesso la concessione quinquennale alla Citt\u00e0 di Fiume per i magazzini ristrutturati dell\u2019Exportdrvo,...\" \/>\n<meta property=\"og:url\" content=\"https:\/\/www.rijeka.hr\/it\/amministrazione-cittadina\/progetti-cittadini\/progetti-realizzati\/cultura\/i-locali-dellexportdrvo\/\" \/>\n<meta property=\"og:site_name\" content=\"Citt\u00e0 di Fiume\" \/>\n<meta property=\"article:modified_time\" content=\"2023-05-03T11:15:51+00:00\" \/>\n<meta property=\"og:image\" content=\"https:\/\/www.rijeka.hr\/it\/wp-content\/uploads\/sites\/3\/2023\/05\/Exportdrvo.jpg\" \/>\n\t<meta property=\"og:image:width\" content=\"1200\" \/>\n\t<meta property=\"og:image:height\" content=\"800\" \/>\n\t<meta property=\"og:image:type\" content=\"image\/jpeg\" \/>\n<meta name=\"twitter:card\" content=\"summary_large_image\" \/>\n<meta name=\"twitter:label1\" content=\"Est. reading time\" \/>\n\t<meta name=\"twitter:data1\" content=\"1 minute\" \/>\n<script type=\"application\/ld+json\" class=\"yoast-schema-graph\">{\"@context\":\"https:\/\/schema.org\",\"@graph\":[{\"@type\":\"WebPage\",\"@id\":\"https:\/\/www.rijeka.hr\/it\/amministrazione-cittadina\/progetti-cittadini\/progetti-realizzati\/cultura\/i-locali-dellexportdrvo\/\",\"url\":\"https:\/\/www.rijeka.hr\/it\/amministrazione-cittadina\/progetti-cittadini\/progetti-realizzati\/cultura\/i-locali-dellexportdrvo\/\",\"name\":\"I locali dell\u2019Exportdrvo, - Citt\u00e0 di Fiume\",\"isPartOf\":{\"@id\":\"https:\/\/www.rijeka.hr\/it\/#website\"},\"primaryImageOfPage\":{\"@id\":\"https:\/\/www.rijeka.hr\/it\/amministrazione-cittadina\/progetti-cittadini\/progetti-realizzati\/cultura\/i-locali-dellexportdrvo\/#primaryimage\"},\"image\":{\"@id\":\"https:\/\/www.rijeka.hr\/it\/amministrazione-cittadina\/progetti-cittadini\/progetti-realizzati\/cultura\/i-locali-dellexportdrvo\/#primaryimage\"},\"thumbnailUrl\":\"https:\/\/www.rijeka.hr\/it\/wp-content\/uploads\/sites\/3\/2023\/05\/Exportdrvo.jpg\",\"datePublished\":\"2023-05-03T11:15:36+00:00\",\"dateModified\":\"2023-05-03T11:15:51+00:00\",\"breadcrumb\":{\"@id\":\"https:\/\/www.rijeka.hr\/it\/amministrazione-cittadina\/progetti-cittadini\/progetti-realizzati\/cultura\/i-locali-dellexportdrvo\/#breadcrumb\"},\"inLanguage\":\"it-IT\",\"potentialAction\":[{\"@type\":\"ReadAction\",\"target\":[\"https:\/\/www.rijeka.hr\/it\/amministrazione-cittadina\/progetti-cittadini\/progetti-realizzati\/cultura\/i-locali-dellexportdrvo\/\"]}]},{\"@type\":\"ImageObject\",\"inLanguage\":\"it-IT\",\"@id\":\"https:\/\/www.rijeka.hr\/it\/amministrazione-cittadina\/progetti-cittadini\/progetti-realizzati\/cultura\/i-locali-dellexportdrvo\/#primaryimage\",\"url\":\"https:\/\/www.rijeka.hr\/it\/wp-content\/uploads\/sites\/3\/2023\/05\/Exportdrvo.jpg\",\"contentUrl\":\"https:\/\/www.rijeka.hr\/it\/wp-content\/uploads\/sites\/3\/2023\/05\/Exportdrvo.jpg\",\"width\":1200,\"height\":800},{\"@type\":\"BreadcrumbList\",\"@id\":\"https:\/\/www.rijeka.hr\/it\/amministrazione-cittadina\/progetti-cittadini\/progetti-realizzati\/cultura\/i-locali-dellexportdrvo\/#breadcrumb\",\"itemListElement\":[{\"@type\":\"ListItem\",\"position\":1,\"name\":\"Po\u010detna stranica\",\"item\":\"https:\/\/www.rijeka.hr\/it\/\"},{\"@type\":\"ListItem\",\"position\":2,\"name\":\"Amministrazione cittadina\",\"item\":\"https:\/\/www.rijeka.hr\/it\/amministrazione-cittadina\/\"},{\"@type\":\"ListItem\",\"position\":3,\"name\":\"Progetti cittadini\",\"item\":\"https:\/\/www.rijeka.hr\/it\/amministrazione-cittadina\/progetti-cittadini\/\"},{\"@type\":\"ListItem\",\"position\":4,\"name\":\"Progetti realizzati\",\"item\":\"https:\/\/www.rijeka.hr\/it\/amministrazione-cittadina\/progetti-cittadini\/progetti-realizzati\/\"},{\"@type\":\"ListItem\",\"position\":5,\"name\":\"Cultura\",\"item\":\"https:\/\/www.rijeka.hr\/it\/amministrazione-cittadina\/progetti-cittadini\/progetti-realizzati\/cultura\/\"},{\"@type\":\"ListItem\",\"position\":6,\"name\":\"I locali dell\u2019Exportdrvo,\"}]},{\"@type\":\"WebSite\",\"@id\":\"https:\/\/www.rijeka.hr\/it\/#website\",\"url\":\"https:\/\/www.rijeka.hr\/it\/\",\"name\":\"Citt\u00e0 di Fiume\",\"description\":\"Portale web della Citta&#039; di Fiume\",\"potentialAction\":[{\"@type\":\"SearchAction\",\"target\":{\"@type\":\"EntryPoint\",\"urlTemplate\":\"https:\/\/www.rijeka.hr\/it\/?s={search_term_string}\"},\"query-input\":{\"@type\":\"PropertyValueSpecification\",\"valueRequired\":true,\"valueName\":\"search_term_string\"}}],\"inLanguage\":\"it-IT\"}]}<\/script>\n<!-- \/ Yoast SEO plugin. -->","yoast_head_json":{"title":"I locali dell\u2019Exportdrvo, - Citt\u00e0 di Fiume","robots":{"index":"index","follow":"follow","max-snippet":"max-snippet:-1","max-image-preview":"max-image-preview:large","max-video-preview":"max-video-preview:-1"},"canonical":"https:\/\/www.rijeka.hr\/it\/amministrazione-cittadina\/progetti-cittadini\/progetti-realizzati\/cultura\/i-locali-dellexportdrvo\/","og_locale":"it_IT","og_type":"article","og_title":"I locali dell\u2019Exportdrvo, - Citt\u00e0 di Fiume","og_description":"La Port Authority di Fiume ha investito 4,5 milioni di kune per il rifacimento del tetto e dei servizi igienici e l&#8217;installazione degli impianti elettrici e delle scale esterne, e nel 2020 il Ministero del Mare, dei Trasporti e delle Infrastrutture ha concesso la concessione quinquennale alla Citt\u00e0 di Fiume per i magazzini ristrutturati dell\u2019Exportdrvo,...","og_url":"https:\/\/www.rijeka.hr\/it\/amministrazione-cittadina\/progetti-cittadini\/progetti-realizzati\/cultura\/i-locali-dellexportdrvo\/","og_site_name":"Citt\u00e0 di Fiume","article_modified_time":"2023-05-03T11:15:51+00:00","og_image":[{"width":1200,"height":800,"url":"https:\/\/www.rijeka.hr\/it\/wp-content\/uploads\/sites\/3\/2023\/05\/Exportdrvo.jpg","type":"image\/jpeg"}],"twitter_card":"summary_large_image","twitter_misc":{"Est. reading time":"1 minute"},"schema":{"@context":"https:\/\/schema.org","@graph":[{"@type":"WebPage","@id":"https:\/\/www.rijeka.hr\/it\/amministrazione-cittadina\/progetti-cittadini\/progetti-realizzati\/cultura\/i-locali-dellexportdrvo\/","url":"https:\/\/www.rijeka.hr\/it\/amministrazione-cittadina\/progetti-cittadini\/progetti-realizzati\/cultura\/i-locali-dellexportdrvo\/","name":"I locali dell\u2019Exportdrvo, - Citt\u00e0 di Fiume","isPartOf":{"@id":"https:\/\/www.rijeka.hr\/it\/#website"},"primaryImageOfPage":{"@id":"https:\/\/www.rijeka.hr\/it\/amministrazione-cittadina\/progetti-cittadini\/progetti-realizzati\/cultura\/i-locali-dellexportdrvo\/#primaryimage"},"image":{"@id":"https:\/\/www.rijeka.hr\/it\/amministrazione-cittadina\/progetti-cittadini\/progetti-realizzati\/cultura\/i-locali-dellexportdrvo\/#primaryimage"},"thumbnailUrl":"https:\/\/www.rijeka.hr\/it\/wp-content\/uploads\/sites\/3\/2023\/05\/Exportdrvo.jpg","datePublished":"2023-05-03T11:15:36+00:00","dateModified":"2023-05-03T11:15:51+00:00","breadcrumb":{"@id":"https:\/\/www.rijeka.hr\/it\/amministrazione-cittadina\/progetti-cittadini\/progetti-realizzati\/cultura\/i-locali-dellexportdrvo\/#breadcrumb"},"inLanguage":"it-IT","potentialAction":[{"@type":"ReadAction","target":["https:\/\/www.rijeka.hr\/it\/amministrazione-cittadina\/progetti-cittadini\/progetti-realizzati\/cultura\/i-locali-dellexportdrvo\/"]}]},{"@type":"ImageObject","inLanguage":"it-IT","@id":"https:\/\/www.rijeka.hr\/it\/amministrazione-cittadina\/progetti-cittadini\/progetti-realizzati\/cultura\/i-locali-dellexportdrvo\/#primaryimage","url":"https:\/\/www.rijeka.hr\/it\/wp-content\/uploads\/sites\/3\/2023\/05\/Exportdrvo.jpg","contentUrl":"https:\/\/www.rijeka.hr\/it\/wp-content\/uploads\/sites\/3\/2023\/05\/Exportdrvo.jpg","width":1200,"height":800},{"@type":"BreadcrumbList","@id":"https:\/\/www.rijeka.hr\/it\/amministrazione-cittadina\/progetti-cittadini\/progetti-realizzati\/cultura\/i-locali-dellexportdrvo\/#breadcrumb","itemListElement":[{"@type":"ListItem","position":1,"name":"Po\u010detna stranica","item":"https:\/\/www.rijeka.hr\/it\/"},{"@type":"ListItem","position":2,"name":"Amministrazione cittadina","item":"https:\/\/www.rijeka.hr\/it\/amministrazione-cittadina\/"},{"@type":"ListItem","position":3,"name":"Progetti cittadini","item":"https:\/\/www.rijeka.hr\/it\/amministrazione-cittadina\/progetti-cittadini\/"},{"@type":"ListItem","position":4,"name":"Progetti realizzati","item":"https:\/\/www.rijeka.hr\/it\/amministrazione-cittadina\/progetti-cittadini\/progetti-realizzati\/"},{"@type":"ListItem","position":5,"name":"Cultura","item":"https:\/\/www.rijeka.hr\/it\/amministrazione-cittadina\/progetti-cittadini\/progetti-realizzati\/cultura\/"},{"@type":"ListItem","position":6,"name":"I locali dell\u2019Exportdrvo,"}]},{"@type":"WebSite","@id":"https:\/\/www.rijeka.hr\/it\/#website","url":"https:\/\/www.rijeka.hr\/it\/","name":"Citt\u00e0 di Fiume","description":"Portale web della Citta&#039; di Fiume","potentialAction":[{"@type":"SearchAction","target":{"@type":"EntryPoint","urlTemplate":"https:\/\/www.rijeka.hr\/it\/?s={search_term_string}"},"query-input":{"@type":"PropertyValueSpecification","valueRequired":true,"valueName":"search_term_string"}}],"inLanguage":"it-IT"}]}},"_links":{"self":[{"href":"https:\/\/www.rijeka.hr\/it\/wp-json\/wp\/v2\/pages\/18427","targetHints":{"allow":["GET"]}}],"collection":[{"href":"https:\/\/www.rijeka.hr\/it\/wp-json\/wp\/v2\/pages"}],"about":[{"href":"https:\/\/www.rijeka.hr\/it\/wp-json\/wp\/v2\/types\/page"}],"author":[{"embeddable":true,"href":"https:\/\/www.rijeka.hr\/it\/wp-json\/wp\/v2\/users\/8"}],"replies":[{"embeddable":true,"href":"https:\/\/www.rijeka.hr\/it\/wp-json\/wp\/v2\/comments?post=18427"}],"version-history":[{"count":2,"href":"https:\/\/www.rijeka.hr\/it\/wp-json\/wp\/v2\/pages\/18427\/revisions"}],"predecessor-version":[{"id":18433,"href":"https:\/\/www.rijeka.hr\/it\/wp-json\/wp\/v2\/pages\/18427\/revisions\/18433"}],"up":[{"embeddable":true,"href":"https:\/\/www.rijeka.hr\/it\/wp-json\/wp\/v2\/pages\/18388"}],"wp:featuredmedia":[{"embeddable":true,"href":"https:\/\/www.rijeka.hr\/it\/wp-json\/wp\/v2\/media\/18432"}],"wp:attachment":[{"href":"https:\/\/www.rijeka.hr\/it\/wp-json\/wp\/v2\/media?parent=18427"}],"wp:term":[{"taxonomy":"post_tag","embeddable":true,"href":"https:\/\/www.rijeka.hr\/it\/wp-json\/wp\/v2\/tags?post=18427"}],"curies":[{"name":"wp","href":"https:\/\/api.w.org\/{rel}","templated":true}]}}