{"id":18681,"date":"2023-06-02T11:21:27","date_gmt":"2023-06-02T09:21:27","guid":{"rendered":"https:\/\/www.rijeka.hr\/it\/?page_id=18681"},"modified":"2023-06-02T15:07:21","modified_gmt":"2023-06-02T13:07:21","slug":"campo-di-allenamento-rujevica-infrastruttura","status":"publish","type":"page","link":"https:\/\/www.rijeka.hr\/it\/amministrazione-cittadina\/progetti-cittadini\/progetti-realizzati\/sport\/campo-di-allenamento-rujevica-infrastruttura\/","title":{"rendered":"Campo di allenamento Rujevica &#8211; infrastruttura"},"content":{"rendered":"<p><img loading=\"lazy\" decoding=\"async\" width=\"5472\" height=\"3648\" class=\"aligncenter wp-image-18685 size-full\" src=\"https:\/\/www.rijeka.hr\/it\/wp-content\/uploads\/sites\/3\/2023\/06\/stadion-Rujevica.jpg\" alt=\"\" srcset=\"https:\/\/www.rijeka.hr\/it\/wp-content\/uploads\/sites\/3\/2023\/06\/stadion-Rujevica.jpg 5472w, https:\/\/www.rijeka.hr\/it\/wp-content\/uploads\/sites\/3\/2023\/06\/stadion-Rujevica-600x400.jpg 600w, https:\/\/www.rijeka.hr\/it\/wp-content\/uploads\/sites\/3\/2023\/06\/stadion-Rujevica-768x512.jpg 768w, https:\/\/www.rijeka.hr\/it\/wp-content\/uploads\/sites\/3\/2023\/06\/stadion-Rujevica-1200x800.jpg 1200w, https:\/\/www.rijeka.hr\/it\/wp-content\/uploads\/sites\/3\/2023\/06\/stadion-Rujevica-900x600.jpg 900w\" sizes=\"(max-width: 5472px) 100vw, 5472px\" \/><\/p>\n<p>Con investimenti privati, \u00e8 stato costruito un nuovo stadio a Rujevica, dove gioca l&#8217;HNK Rijeka.<\/p>\n<p>La Citt\u00e0 di Fiume ha contribuito in modo significativo all&#8217;investimento fornendo un terreno, la costruzione di strade e le infrastrutture necessarie.<\/p>\n<p>La Citt\u00e0 ha assicurato parte del terreno necessario per la costruzione del campo di allenamento e la necessaria documentazione territoriale e urbanistica, in particolare il Piano d\u2019assetto urbanistico dell&#8217;area sportiva di Rujevica.<\/p>\n<p>Inoltre, \u00e8 stato realizzato il progetto concettuale, principale ed esecutivo della strada di accesso al futuro Campo, \u00e8 stato acquistato il terreno e costruita la strada.<\/p>\n<p>Per dotare il campo di infrastrutture comunali, \u00e8 stato costruito un gasdotto lungo 675 metri.<\/p>\n","protected":false},"excerpt":{"rendered":"<p>Con investimenti privati, \u00e8 stato costruito un nuovo stadio a Rujevica, dove gioca l&#8217;HNK Rijeka. La Citt\u00e0 di Fiume ha contribuito in modo significativo all&#8217;investimento fornendo un terreno, la costruzione di strade e le infrastrutture necessarie. La Citt\u00e0 ha assicurato parte del terreno necessario per la costruzione del campo di allenamento e la necessaria documentazione&#8230;<\/p>\n","protected":false},"author":13,"featured_media":0,"parent":13037,"menu_order":10,"comment_status":"closed","ping_status":"closed","template":"","meta":{"_acf_changed":false,"_trash_the_other_posts":false,"footnotes":"","_links_to":"","_links_to_target":""},"tags":[],"class_list":["post-18681","page","type-page","status-publish","hentry"],"acf":[],"yoast_head":"<!-- This site is optimized with the Yoast SEO plugin v24.4 - https:\/\/yoast.com\/wordpress\/plugins\/seo\/ -->\n<title>Campo di allenamento Rujevica - infrastruttura - Citt\u00e0 di Fiume<\/title>\n<meta name=\"robots\" content=\"index, follow, max-snippet:-1, max-image-preview:large, max-video-preview:-1\" \/>\n<link rel=\"canonical\" href=\"https:\/\/www.rijeka.hr\/it\/amministrazione-cittadina\/progetti-cittadini\/progetti-realizzati\/sport\/campo-di-allenamento-rujevica-infrastruttura\/\" \/>\n<meta property=\"og:locale\" content=\"it_IT\" \/>\n<meta property=\"og:type\" content=\"article\" \/>\n<meta property=\"og:title\" content=\"Campo di allenamento Rujevica - infrastruttura - Citt\u00e0 di Fiume\" \/>\n<meta property=\"og:description\" content=\"Con investimenti privati, \u00e8 stato costruito un nuovo stadio a Rujevica, dove gioca l&#8217;HNK Rijeka. La Citt\u00e0 di Fiume ha contribuito in modo significativo all&#8217;investimento fornendo un terreno, la costruzione di strade e le infrastrutture necessarie. La Citt\u00e0 ha assicurato parte del terreno necessario per la costruzione del campo di allenamento e la necessaria documentazione...\" \/>\n<meta property=\"og:url\" content=\"https:\/\/www.rijeka.hr\/it\/amministrazione-cittadina\/progetti-cittadini\/progetti-realizzati\/sport\/campo-di-allenamento-rujevica-infrastruttura\/\" \/>\n<meta property=\"og:site_name\" content=\"Citt\u00e0 di Fiume\" \/>\n<meta property=\"article:modified_time\" content=\"2023-06-02T13:07:21+00:00\" \/>\n<meta property=\"og:image\" content=\"https:\/\/www.rijeka.hr\/it\/wp-content\/uploads\/sites\/3\/2023\/06\/stadion-Rujevica.jpg\" \/>\n<meta name=\"twitter:card\" content=\"summary_large_image\" \/>\n<meta name=\"twitter:label1\" content=\"Est. reading time\" \/>\n\t<meta name=\"twitter:data1\" content=\"1 minute\" \/>\n<script type=\"application\/ld+json\" class=\"yoast-schema-graph\">{\"@context\":\"https:\/\/schema.org\",\"@graph\":[{\"@type\":\"WebPage\",\"@id\":\"https:\/\/www.rijeka.hr\/it\/amministrazione-cittadina\/progetti-cittadini\/progetti-realizzati\/sport\/campo-di-allenamento-rujevica-infrastruttura\/\",\"url\":\"https:\/\/www.rijeka.hr\/it\/amministrazione-cittadina\/progetti-cittadini\/progetti-realizzati\/sport\/campo-di-allenamento-rujevica-infrastruttura\/\",\"name\":\"Campo di allenamento Rujevica - infrastruttura - Citt\u00e0 di Fiume\",\"isPartOf\":{\"@id\":\"https:\/\/www.rijeka.hr\/it\/#website\"},\"primaryImageOfPage\":{\"@id\":\"https:\/\/www.rijeka.hr\/it\/amministrazione-cittadina\/progetti-cittadini\/progetti-realizzati\/sport\/campo-di-allenamento-rujevica-infrastruttura\/#primaryimage\"},\"image\":{\"@id\":\"https:\/\/www.rijeka.hr\/it\/amministrazione-cittadina\/progetti-cittadini\/progetti-realizzati\/sport\/campo-di-allenamento-rujevica-infrastruttura\/#primaryimage\"},\"thumbnailUrl\":\"https:\/\/www.rijeka.hr\/it\/wp-content\/uploads\/sites\/3\/2023\/06\/stadion-Rujevica.jpg\",\"datePublished\":\"2023-06-02T09:21:27+00:00\",\"dateModified\":\"2023-06-02T13:07:21+00:00\",\"breadcrumb\":{\"@id\":\"https:\/\/www.rijeka.hr\/it\/amministrazione-cittadina\/progetti-cittadini\/progetti-realizzati\/sport\/campo-di-allenamento-rujevica-infrastruttura\/#breadcrumb\"},\"inLanguage\":\"it-IT\",\"potentialAction\":[{\"@type\":\"ReadAction\",\"target\":[\"https:\/\/www.rijeka.hr\/it\/amministrazione-cittadina\/progetti-cittadini\/progetti-realizzati\/sport\/campo-di-allenamento-rujevica-infrastruttura\/\"]}]},{\"@type\":\"ImageObject\",\"inLanguage\":\"it-IT\",\"@id\":\"https:\/\/www.rijeka.hr\/it\/amministrazione-cittadina\/progetti-cittadini\/progetti-realizzati\/sport\/campo-di-allenamento-rujevica-infrastruttura\/#primaryimage\",\"url\":\"https:\/\/www.rijeka.hr\/it\/wp-content\/uploads\/sites\/3\/2023\/06\/stadion-Rujevica.jpg\",\"contentUrl\":\"https:\/\/www.rijeka.hr\/it\/wp-content\/uploads\/sites\/3\/2023\/06\/stadion-Rujevica.jpg\",\"width\":5472,\"height\":3648},{\"@type\":\"BreadcrumbList\",\"@id\":\"https:\/\/www.rijeka.hr\/it\/amministrazione-cittadina\/progetti-cittadini\/progetti-realizzati\/sport\/campo-di-allenamento-rujevica-infrastruttura\/#breadcrumb\",\"itemListElement\":[{\"@type\":\"ListItem\",\"position\":1,\"name\":\"Po\u010detna stranica\",\"item\":\"https:\/\/www.rijeka.hr\/it\/\"},{\"@type\":\"ListItem\",\"position\":2,\"name\":\"Amministrazione cittadina\",\"item\":\"https:\/\/www.rijeka.hr\/it\/amministrazione-cittadina\/\"},{\"@type\":\"ListItem\",\"position\":3,\"name\":\"Progetti cittadini\",\"item\":\"https:\/\/www.rijeka.hr\/it\/amministrazione-cittadina\/progetti-cittadini\/\"},{\"@type\":\"ListItem\",\"position\":4,\"name\":\"Progetti realizzati\",\"item\":\"https:\/\/www.rijeka.hr\/it\/amministrazione-cittadina\/progetti-cittadini\/progetti-realizzati\/\"},{\"@type\":\"ListItem\",\"position\":5,\"name\":\"Sport\",\"item\":\"https:\/\/www.rijeka.hr\/it\/amministrazione-cittadina\/progetti-cittadini\/progetti-realizzati\/sport\/\"},{\"@type\":\"ListItem\",\"position\":6,\"name\":\"Campo di allenamento Rujevica &#8211; infrastruttura\"}]},{\"@type\":\"WebSite\",\"@id\":\"https:\/\/www.rijeka.hr\/it\/#website\",\"url\":\"https:\/\/www.rijeka.hr\/it\/\",\"name\":\"Citt\u00e0 di Fiume\",\"description\":\"Portale web della Citta&#039; di Fiume\",\"potentialAction\":[{\"@type\":\"SearchAction\",\"target\":{\"@type\":\"EntryPoint\",\"urlTemplate\":\"https:\/\/www.rijeka.hr\/it\/?s={search_term_string}\"},\"query-input\":{\"@type\":\"PropertyValueSpecification\",\"valueRequired\":true,\"valueName\":\"search_term_string\"}}],\"inLanguage\":\"it-IT\"}]}<\/script>\n<!-- \/ Yoast SEO plugin. -->","yoast_head_json":{"title":"Campo di allenamento Rujevica - infrastruttura - Citt\u00e0 di Fiume","robots":{"index":"index","follow":"follow","max-snippet":"max-snippet:-1","max-image-preview":"max-image-preview:large","max-video-preview":"max-video-preview:-1"},"canonical":"https:\/\/www.rijeka.hr\/it\/amministrazione-cittadina\/progetti-cittadini\/progetti-realizzati\/sport\/campo-di-allenamento-rujevica-infrastruttura\/","og_locale":"it_IT","og_type":"article","og_title":"Campo di allenamento Rujevica - infrastruttura - Citt\u00e0 di Fiume","og_description":"Con investimenti privati, \u00e8 stato costruito un nuovo stadio a Rujevica, dove gioca l&#8217;HNK Rijeka. La Citt\u00e0 di Fiume ha contribuito in modo significativo all&#8217;investimento fornendo un terreno, la costruzione di strade e le infrastrutture necessarie. La Citt\u00e0 ha assicurato parte del terreno necessario per la costruzione del campo di allenamento e la necessaria documentazione...","og_url":"https:\/\/www.rijeka.hr\/it\/amministrazione-cittadina\/progetti-cittadini\/progetti-realizzati\/sport\/campo-di-allenamento-rujevica-infrastruttura\/","og_site_name":"Citt\u00e0 di Fiume","article_modified_time":"2023-06-02T13:07:21+00:00","og_image":[{"url":"https:\/\/www.rijeka.hr\/it\/wp-content\/uploads\/sites\/3\/2023\/06\/stadion-Rujevica.jpg","type":"","width":"","height":""}],"twitter_card":"summary_large_image","twitter_misc":{"Est. reading time":"1 minute"},"schema":{"@context":"https:\/\/schema.org","@graph":[{"@type":"WebPage","@id":"https:\/\/www.rijeka.hr\/it\/amministrazione-cittadina\/progetti-cittadini\/progetti-realizzati\/sport\/campo-di-allenamento-rujevica-infrastruttura\/","url":"https:\/\/www.rijeka.hr\/it\/amministrazione-cittadina\/progetti-cittadini\/progetti-realizzati\/sport\/campo-di-allenamento-rujevica-infrastruttura\/","name":"Campo di allenamento Rujevica - infrastruttura - Citt\u00e0 di Fiume","isPartOf":{"@id":"https:\/\/www.rijeka.hr\/it\/#website"},"primaryImageOfPage":{"@id":"https:\/\/www.rijeka.hr\/it\/amministrazione-cittadina\/progetti-cittadini\/progetti-realizzati\/sport\/campo-di-allenamento-rujevica-infrastruttura\/#primaryimage"},"image":{"@id":"https:\/\/www.rijeka.hr\/it\/amministrazione-cittadina\/progetti-cittadini\/progetti-realizzati\/sport\/campo-di-allenamento-rujevica-infrastruttura\/#primaryimage"},"thumbnailUrl":"https:\/\/www.rijeka.hr\/it\/wp-content\/uploads\/sites\/3\/2023\/06\/stadion-Rujevica.jpg","datePublished":"2023-06-02T09:21:27+00:00","dateModified":"2023-06-02T13:07:21+00:00","breadcrumb":{"@id":"https:\/\/www.rijeka.hr\/it\/amministrazione-cittadina\/progetti-cittadini\/progetti-realizzati\/sport\/campo-di-allenamento-rujevica-infrastruttura\/#breadcrumb"},"inLanguage":"it-IT","potentialAction":[{"@type":"ReadAction","target":["https:\/\/www.rijeka.hr\/it\/amministrazione-cittadina\/progetti-cittadini\/progetti-realizzati\/sport\/campo-di-allenamento-rujevica-infrastruttura\/"]}]},{"@type":"ImageObject","inLanguage":"it-IT","@id":"https:\/\/www.rijeka.hr\/it\/amministrazione-cittadina\/progetti-cittadini\/progetti-realizzati\/sport\/campo-di-allenamento-rujevica-infrastruttura\/#primaryimage","url":"https:\/\/www.rijeka.hr\/it\/wp-content\/uploads\/sites\/3\/2023\/06\/stadion-Rujevica.jpg","contentUrl":"https:\/\/www.rijeka.hr\/it\/wp-content\/uploads\/sites\/3\/2023\/06\/stadion-Rujevica.jpg","width":5472,"height":3648},{"@type":"BreadcrumbList","@id":"https:\/\/www.rijeka.hr\/it\/amministrazione-cittadina\/progetti-cittadini\/progetti-realizzati\/sport\/campo-di-allenamento-rujevica-infrastruttura\/#breadcrumb","itemListElement":[{"@type":"ListItem","position":1,"name":"Po\u010detna stranica","item":"https:\/\/www.rijeka.hr\/it\/"},{"@type":"ListItem","position":2,"name":"Amministrazione cittadina","item":"https:\/\/www.rijeka.hr\/it\/amministrazione-cittadina\/"},{"@type":"ListItem","position":3,"name":"Progetti cittadini","item":"https:\/\/www.rijeka.hr\/it\/amministrazione-cittadina\/progetti-cittadini\/"},{"@type":"ListItem","position":4,"name":"Progetti realizzati","item":"https:\/\/www.rijeka.hr\/it\/amministrazione-cittadina\/progetti-cittadini\/progetti-realizzati\/"},{"@type":"ListItem","position":5,"name":"Sport","item":"https:\/\/www.rijeka.hr\/it\/amministrazione-cittadina\/progetti-cittadini\/progetti-realizzati\/sport\/"},{"@type":"ListItem","position":6,"name":"Campo di allenamento Rujevica &#8211; infrastruttura"}]},{"@type":"WebSite","@id":"https:\/\/www.rijeka.hr\/it\/#website","url":"https:\/\/www.rijeka.hr\/it\/","name":"Citt\u00e0 di Fiume","description":"Portale web della Citta&#039; di Fiume","potentialAction":[{"@type":"SearchAction","target":{"@type":"EntryPoint","urlTemplate":"https:\/\/www.rijeka.hr\/it\/?s={search_term_string}"},"query-input":{"@type":"PropertyValueSpecification","valueRequired":true,"valueName":"search_term_string"}}],"inLanguage":"it-IT"}]}},"_links":{"self":[{"href":"https:\/\/www.rijeka.hr\/it\/wp-json\/wp\/v2\/pages\/18681","targetHints":{"allow":["GET"]}}],"collection":[{"href":"https:\/\/www.rijeka.hr\/it\/wp-json\/wp\/v2\/pages"}],"about":[{"href":"https:\/\/www.rijeka.hr\/it\/wp-json\/wp\/v2\/types\/page"}],"author":[{"embeddable":true,"href":"https:\/\/www.rijeka.hr\/it\/wp-json\/wp\/v2\/users\/13"}],"replies":[{"embeddable":true,"href":"https:\/\/www.rijeka.hr\/it\/wp-json\/wp\/v2\/comments?post=18681"}],"version-history":[{"count":3,"href":"https:\/\/www.rijeka.hr\/it\/wp-json\/wp\/v2\/pages\/18681\/revisions"}],"predecessor-version":[{"id":18686,"href":"https:\/\/www.rijeka.hr\/it\/wp-json\/wp\/v2\/pages\/18681\/revisions\/18686"}],"up":[{"embeddable":true,"href":"https:\/\/www.rijeka.hr\/it\/wp-json\/wp\/v2\/pages\/13037"}],"wp:attachment":[{"href":"https:\/\/www.rijeka.hr\/it\/wp-json\/wp\/v2\/media?parent=18681"}],"wp:term":[{"taxonomy":"post_tag","embeddable":true,"href":"https:\/\/www.rijeka.hr\/it\/wp-json\/wp\/v2\/tags?post=18681"}],"curies":[{"name":"wp","href":"https:\/\/api.w.org\/{rel}","templated":true}]}}