{"id":18732,"date":"2023-06-06T12:14:14","date_gmt":"2023-06-06T10:14:14","guid":{"rendered":"https:\/\/www.rijeka.hr\/it\/?page_id=18732"},"modified":"2023-06-06T12:17:17","modified_gmt":"2023-06-06T10:17:17","slug":"rifacimento-e-attrezzamento-dello-stadio-crimea","status":"publish","type":"page","link":"https:\/\/www.rijeka.hr\/it\/rifacimento-e-attrezzamento-dello-stadio-crimea\/","title":{"rendered":"Rifacimento e attrezzamento dello stadio Crimea"},"content":{"rendered":"<p><img loading=\"lazy\" decoding=\"async\" width=\"1152\" height=\"768\" class=\"aligncenter wp-image-18737 size-full\" src=\"https:\/\/www.rijeka.hr\/it\/wp-content\/uploads\/sites\/3\/2023\/06\/Stadion-NK-Orijent-5.jpg\" alt=\"\" srcset=\"https:\/\/www.rijeka.hr\/it\/wp-content\/uploads\/sites\/3\/2023\/06\/Stadion-NK-Orijent-5.jpg 1152w, https:\/\/www.rijeka.hr\/it\/wp-content\/uploads\/sites\/3\/2023\/06\/Stadion-NK-Orijent-5-600x400.jpg 600w, https:\/\/www.rijeka.hr\/it\/wp-content\/uploads\/sites\/3\/2023\/06\/Stadion-NK-Orijent-5-768x512.jpg 768w, https:\/\/www.rijeka.hr\/it\/wp-content\/uploads\/sites\/3\/2023\/06\/Stadion-NK-Orijent-5-900x600.jpg 900w\" sizes=\"(max-width: 1152px) 100vw, 1152px\" \/><\/p>\n<p>Sono stati eseguiti lavori alle tribune, agli spogliatoi, all&#8217;accesso allo stadio e all&#8217;impianto di irrigazione e drenaggio del valore di 1.375.000,00 kune, che hanno innalzato lo standard dell&#8217;impianto, sia per gli atleti che per gli spettatori, e ottenuta la licenza per giocare le partite del calcio di seconda divisone. I lavori sono stati finanziati dalla Citt\u00e0 di Fiume.<\/p>\n<p>Allo stadio \u00e8 stata riparata la struttura in cemento della tribuna e sono stati installati nuovi sedili con schienale, secondo gli standard FIFA e UEFA. Tale soluzione ha portato ad una capienza complessiva di 1.002 posti per gli spettatori, di cui 300 coperti.<\/p>\n<p>Nella parte centrale della tribuna sono stati costruiti palchi VIP con una capienza di 84 spettatori e 10 posti per i rappresentanti dei media, separati dagli altri spettatori da una recinzione di vetro. L&#8217;ingresso ai palchi VIP e all&#8217;area per i rappresentanti dei media da via Kumi\u010di\u0107 \u00e8 stato organizzato e assicurato.<\/p>\n<div id='gallery-1' class='gallery galleryid-18732 gallery-columns-3 gallery-size-thumbnail'><dl class='gallery-item'>\n            <dt class='gallery-icon landscape'>\n                <a href='https:\/\/www.rijeka.hr\/it\/wp-content\/uploads\/sites\/3\/2023\/06\/Stadion-NK-Orijent-2-250x250.jpg' title=\"\" data-rl_title=\"\" class=\"rl-gallery-link\" data-rl_caption=\"\" data-rel=\"lightbox-gallery-1\"><img loading=\"lazy\" decoding=\"async\" width=\"250\" height=\"250\" src=\"https:\/\/www.rijeka.hr\/it\/wp-content\/uploads\/sites\/3\/2023\/06\/Stadion-NK-Orijent-2-250x250.jpg\" class=\"attachment-thumbnail size-thumbnail\" alt=\"\" srcset=\"https:\/\/www.rijeka.hr\/it\/wp-content\/uploads\/sites\/3\/2023\/06\/Stadion-NK-Orijent-2-250x250.jpg 250w, https:\/\/www.rijeka.hr\/it\/wp-content\/uploads\/sites\/3\/2023\/06\/Stadion-NK-Orijent-2-250x250-200x200.jpg 200w\" sizes=\"(max-width: 250px) 100vw, 250px\" \/><\/a>\n            <\/dt><\/dl><dl class='gallery-item'>\n            <dt class='gallery-icon landscape'>\n                <a href='https:\/\/www.rijeka.hr\/it\/wp-content\/uploads\/sites\/3\/2023\/06\/Stadion-NK-Orijent-3-250x250.jpg' title=\"\" data-rl_title=\"\" class=\"rl-gallery-link\" data-rl_caption=\"\" data-rel=\"lightbox-gallery-1\"><img loading=\"lazy\" decoding=\"async\" width=\"250\" height=\"250\" src=\"https:\/\/www.rijeka.hr\/it\/wp-content\/uploads\/sites\/3\/2023\/06\/Stadion-NK-Orijent-3-250x250.jpg\" class=\"attachment-thumbnail size-thumbnail\" alt=\"\" srcset=\"https:\/\/www.rijeka.hr\/it\/wp-content\/uploads\/sites\/3\/2023\/06\/Stadion-NK-Orijent-3-250x250.jpg 250w, https:\/\/www.rijeka.hr\/it\/wp-content\/uploads\/sites\/3\/2023\/06\/Stadion-NK-Orijent-3-250x250-200x200.jpg 200w\" sizes=\"(max-width: 250px) 100vw, 250px\" \/><\/a>\n            <\/dt><\/dl><dl class='gallery-item'>\n            <dt class='gallery-icon landscape'>\n                <a href='https:\/\/www.rijeka.hr\/it\/wp-content\/uploads\/sites\/3\/2023\/06\/Obilazak-preure\u0111enog-stadiona-NK-Orijent-18-250x250.jpg' title=\"\" data-rl_title=\"\" class=\"rl-gallery-link\" data-rl_caption=\"\" data-rel=\"lightbox-gallery-1\"><img loading=\"lazy\" decoding=\"async\" width=\"250\" height=\"250\" src=\"https:\/\/www.rijeka.hr\/it\/wp-content\/uploads\/sites\/3\/2023\/06\/Obilazak-preure\u0111enog-stadiona-NK-Orijent-18-250x250.jpg\" class=\"attachment-thumbnail size-thumbnail\" alt=\"\" srcset=\"https:\/\/www.rijeka.hr\/it\/wp-content\/uploads\/sites\/3\/2023\/06\/Obilazak-preure\u0111enog-stadiona-NK-Orijent-18-250x250.jpg 250w, https:\/\/www.rijeka.hr\/it\/wp-content\/uploads\/sites\/3\/2023\/06\/Obilazak-preure\u0111enog-stadiona-NK-Orijent-18-250x250-200x200.jpg 200w\" sizes=\"(max-width: 250px) 100vw, 250px\" \/><\/a>\n            <\/dt><\/dl><br style=\"clear: both\" \/>\n        <\/div>\n\n<p>Sotto le tribune sono stati sistemati gli spogliatoi per i giocatori ospiti e domestici e una Vip lounge per circa 80 visitatori, mentre nella parte sud-est del campo \u00e8 stata predisposta e attrezzata una nuova area per le esigenze della polizia.<\/p>\n<p>Sulla tribuna sono state inoltre installate nuove recinzioni in acciaio conformi alle normative vigenti. Sul prato \u00e8 stato installato un sistema di irrigazione e drenaggio automatizzato e il prato \u00e8 stato rinnovato installando nuove sezioni di erba naturale con una superficie di 620 mq.<\/p>\n<p>Da via Martin Kontu\u0161 \u00e8 stata realizzata una nuova scala di accesso e un percorso pedonale lastricato verso la tribuna per i tifosi in visita.<\/p>\n","protected":false},"excerpt":{"rendered":"<p>Sono stati eseguiti lavori alle tribune, agli spogliatoi, all&#8217;accesso allo stadio e all&#8217;impianto di irrigazione e drenaggio del valore di 1.375.000,00 kune, che hanno innalzato lo standard dell&#8217;impianto, sia per gli atleti che per gli spettatori, e ottenuta la licenza per giocare le partite del calcio di seconda divisone. I lavori sono stati finanziati dalla&#8230;<\/p>\n","protected":false},"author":8,"featured_media":0,"parent":0,"menu_order":0,"comment_status":"closed","ping_status":"closed","template":"","meta":{"_acf_changed":false,"_trash_the_other_posts":false,"footnotes":"","_links_to":"","_links_to_target":""},"tags":[],"class_list":["post-18732","page","type-page","status-publish","hentry"],"acf":[],"yoast_head":"<!-- This site is optimized with the Yoast SEO plugin v24.4 - https:\/\/yoast.com\/wordpress\/plugins\/seo\/ -->\n<title>Rifacimento e attrezzamento dello stadio Crimea - Citt\u00e0 di Fiume<\/title>\n<meta name=\"robots\" content=\"index, follow, max-snippet:-1, max-image-preview:large, max-video-preview:-1\" \/>\n<link rel=\"canonical\" href=\"https:\/\/www.rijeka.hr\/it\/rifacimento-e-attrezzamento-dello-stadio-crimea\/\" \/>\n<meta property=\"og:locale\" content=\"it_IT\" \/>\n<meta property=\"og:type\" content=\"article\" \/>\n<meta property=\"og:title\" content=\"Rifacimento e attrezzamento dello stadio Crimea - Citt\u00e0 di Fiume\" \/>\n<meta property=\"og:description\" content=\"Sono stati eseguiti lavori alle tribune, agli spogliatoi, all&#8217;accesso allo stadio e all&#8217;impianto di irrigazione e drenaggio del valore di 1.375.000,00 kune, che hanno innalzato lo standard dell&#8217;impianto, sia per gli atleti che per gli spettatori, e ottenuta la licenza per giocare le partite del calcio di seconda divisone. I lavori sono stati finanziati dalla...\" \/>\n<meta property=\"og:url\" content=\"https:\/\/www.rijeka.hr\/it\/rifacimento-e-attrezzamento-dello-stadio-crimea\/\" \/>\n<meta property=\"og:site_name\" content=\"Citt\u00e0 di Fiume\" \/>\n<meta property=\"article:modified_time\" content=\"2023-06-06T10:17:17+00:00\" \/>\n<meta property=\"og:image\" content=\"https:\/\/www.rijeka.hr\/it\/wp-content\/uploads\/sites\/3\/2023\/06\/Stadion-NK-Orijent-2-250x250.jpg\" \/>\n<meta name=\"twitter:card\" content=\"summary_large_image\" \/>\n<meta name=\"twitter:label1\" content=\"Est. reading time\" \/>\n\t<meta name=\"twitter:data1\" content=\"1 minute\" \/>\n<script type=\"application\/ld+json\" class=\"yoast-schema-graph\">{\"@context\":\"https:\/\/schema.org\",\"@graph\":[{\"@type\":\"WebPage\",\"@id\":\"https:\/\/www.rijeka.hr\/it\/rifacimento-e-attrezzamento-dello-stadio-crimea\/\",\"url\":\"https:\/\/www.rijeka.hr\/it\/rifacimento-e-attrezzamento-dello-stadio-crimea\/\",\"name\":\"Rifacimento e attrezzamento dello stadio Crimea - Citt\u00e0 di Fiume\",\"isPartOf\":{\"@id\":\"https:\/\/www.rijeka.hr\/it\/#website\"},\"primaryImageOfPage\":{\"@id\":\"https:\/\/www.rijeka.hr\/it\/rifacimento-e-attrezzamento-dello-stadio-crimea\/#primaryimage\"},\"image\":{\"@id\":\"https:\/\/www.rijeka.hr\/it\/rifacimento-e-attrezzamento-dello-stadio-crimea\/#primaryimage\"},\"thumbnailUrl\":\"https:\/\/www.rijeka.hr\/it\/wp-content\/uploads\/sites\/3\/2023\/06\/Stadion-NK-Orijent-5.jpg\",\"datePublished\":\"2023-06-06T10:14:14+00:00\",\"dateModified\":\"2023-06-06T10:17:17+00:00\",\"breadcrumb\":{\"@id\":\"https:\/\/www.rijeka.hr\/it\/rifacimento-e-attrezzamento-dello-stadio-crimea\/#breadcrumb\"},\"inLanguage\":\"it-IT\",\"potentialAction\":[{\"@type\":\"ReadAction\",\"target\":[\"https:\/\/www.rijeka.hr\/it\/rifacimento-e-attrezzamento-dello-stadio-crimea\/\"]}]},{\"@type\":\"ImageObject\",\"inLanguage\":\"it-IT\",\"@id\":\"https:\/\/www.rijeka.hr\/it\/rifacimento-e-attrezzamento-dello-stadio-crimea\/#primaryimage\",\"url\":\"https:\/\/www.rijeka.hr\/it\/wp-content\/uploads\/sites\/3\/2023\/06\/Stadion-NK-Orijent-5.jpg\",\"contentUrl\":\"https:\/\/www.rijeka.hr\/it\/wp-content\/uploads\/sites\/3\/2023\/06\/Stadion-NK-Orijent-5.jpg\",\"width\":1152,\"height\":768},{\"@type\":\"BreadcrumbList\",\"@id\":\"https:\/\/www.rijeka.hr\/it\/rifacimento-e-attrezzamento-dello-stadio-crimea\/#breadcrumb\",\"itemListElement\":[{\"@type\":\"ListItem\",\"position\":1,\"name\":\"Po\u010detna stranica\",\"item\":\"https:\/\/www.rijeka.hr\/it\/\"},{\"@type\":\"ListItem\",\"position\":2,\"name\":\"Rifacimento e attrezzamento dello stadio Crimea\"}]},{\"@type\":\"WebSite\",\"@id\":\"https:\/\/www.rijeka.hr\/it\/#website\",\"url\":\"https:\/\/www.rijeka.hr\/it\/\",\"name\":\"Citt\u00e0 di Fiume\",\"description\":\"Portale web della Citta&#039; di Fiume\",\"potentialAction\":[{\"@type\":\"SearchAction\",\"target\":{\"@type\":\"EntryPoint\",\"urlTemplate\":\"https:\/\/www.rijeka.hr\/it\/?s={search_term_string}\"},\"query-input\":{\"@type\":\"PropertyValueSpecification\",\"valueRequired\":true,\"valueName\":\"search_term_string\"}}],\"inLanguage\":\"it-IT\"}]}<\/script>\n<!-- \/ Yoast SEO plugin. -->","yoast_head_json":{"title":"Rifacimento e attrezzamento dello stadio Crimea - Citt\u00e0 di Fiume","robots":{"index":"index","follow":"follow","max-snippet":"max-snippet:-1","max-image-preview":"max-image-preview:large","max-video-preview":"max-video-preview:-1"},"canonical":"https:\/\/www.rijeka.hr\/it\/rifacimento-e-attrezzamento-dello-stadio-crimea\/","og_locale":"it_IT","og_type":"article","og_title":"Rifacimento e attrezzamento dello stadio Crimea - Citt\u00e0 di Fiume","og_description":"Sono stati eseguiti lavori alle tribune, agli spogliatoi, all&#8217;accesso allo stadio e all&#8217;impianto di irrigazione e drenaggio del valore di 1.375.000,00 kune, che hanno innalzato lo standard dell&#8217;impianto, sia per gli atleti che per gli spettatori, e ottenuta la licenza per giocare le partite del calcio di seconda divisone. I lavori sono stati finanziati dalla...","og_url":"https:\/\/www.rijeka.hr\/it\/rifacimento-e-attrezzamento-dello-stadio-crimea\/","og_site_name":"Citt\u00e0 di Fiume","article_modified_time":"2023-06-06T10:17:17+00:00","og_image":[{"url":"https:\/\/www.rijeka.hr\/it\/wp-content\/uploads\/sites\/3\/2023\/06\/Stadion-NK-Orijent-2-250x250.jpg","type":"","width":"","height":""}],"twitter_card":"summary_large_image","twitter_misc":{"Est. reading time":"1 minute"},"schema":{"@context":"https:\/\/schema.org","@graph":[{"@type":"WebPage","@id":"https:\/\/www.rijeka.hr\/it\/rifacimento-e-attrezzamento-dello-stadio-crimea\/","url":"https:\/\/www.rijeka.hr\/it\/rifacimento-e-attrezzamento-dello-stadio-crimea\/","name":"Rifacimento e attrezzamento dello stadio Crimea - Citt\u00e0 di Fiume","isPartOf":{"@id":"https:\/\/www.rijeka.hr\/it\/#website"},"primaryImageOfPage":{"@id":"https:\/\/www.rijeka.hr\/it\/rifacimento-e-attrezzamento-dello-stadio-crimea\/#primaryimage"},"image":{"@id":"https:\/\/www.rijeka.hr\/it\/rifacimento-e-attrezzamento-dello-stadio-crimea\/#primaryimage"},"thumbnailUrl":"https:\/\/www.rijeka.hr\/it\/wp-content\/uploads\/sites\/3\/2023\/06\/Stadion-NK-Orijent-5.jpg","datePublished":"2023-06-06T10:14:14+00:00","dateModified":"2023-06-06T10:17:17+00:00","breadcrumb":{"@id":"https:\/\/www.rijeka.hr\/it\/rifacimento-e-attrezzamento-dello-stadio-crimea\/#breadcrumb"},"inLanguage":"it-IT","potentialAction":[{"@type":"ReadAction","target":["https:\/\/www.rijeka.hr\/it\/rifacimento-e-attrezzamento-dello-stadio-crimea\/"]}]},{"@type":"ImageObject","inLanguage":"it-IT","@id":"https:\/\/www.rijeka.hr\/it\/rifacimento-e-attrezzamento-dello-stadio-crimea\/#primaryimage","url":"https:\/\/www.rijeka.hr\/it\/wp-content\/uploads\/sites\/3\/2023\/06\/Stadion-NK-Orijent-5.jpg","contentUrl":"https:\/\/www.rijeka.hr\/it\/wp-content\/uploads\/sites\/3\/2023\/06\/Stadion-NK-Orijent-5.jpg","width":1152,"height":768},{"@type":"BreadcrumbList","@id":"https:\/\/www.rijeka.hr\/it\/rifacimento-e-attrezzamento-dello-stadio-crimea\/#breadcrumb","itemListElement":[{"@type":"ListItem","position":1,"name":"Po\u010detna stranica","item":"https:\/\/www.rijeka.hr\/it\/"},{"@type":"ListItem","position":2,"name":"Rifacimento e attrezzamento dello stadio Crimea"}]},{"@type":"WebSite","@id":"https:\/\/www.rijeka.hr\/it\/#website","url":"https:\/\/www.rijeka.hr\/it\/","name":"Citt\u00e0 di Fiume","description":"Portale web della Citta&#039; di Fiume","potentialAction":[{"@type":"SearchAction","target":{"@type":"EntryPoint","urlTemplate":"https:\/\/www.rijeka.hr\/it\/?s={search_term_string}"},"query-input":{"@type":"PropertyValueSpecification","valueRequired":true,"valueName":"search_term_string"}}],"inLanguage":"it-IT"}]}},"_links":{"self":[{"href":"https:\/\/www.rijeka.hr\/it\/wp-json\/wp\/v2\/pages\/18732","targetHints":{"allow":["GET"]}}],"collection":[{"href":"https:\/\/www.rijeka.hr\/it\/wp-json\/wp\/v2\/pages"}],"about":[{"href":"https:\/\/www.rijeka.hr\/it\/wp-json\/wp\/v2\/types\/page"}],"author":[{"embeddable":true,"href":"https:\/\/www.rijeka.hr\/it\/wp-json\/wp\/v2\/users\/8"}],"replies":[{"embeddable":true,"href":"https:\/\/www.rijeka.hr\/it\/wp-json\/wp\/v2\/comments?post=18732"}],"version-history":[{"count":3,"href":"https:\/\/www.rijeka.hr\/it\/wp-json\/wp\/v2\/pages\/18732\/revisions"}],"predecessor-version":[{"id":18741,"href":"https:\/\/www.rijeka.hr\/it\/wp-json\/wp\/v2\/pages\/18732\/revisions\/18741"}],"wp:attachment":[{"href":"https:\/\/www.rijeka.hr\/it\/wp-json\/wp\/v2\/media?parent=18732"}],"wp:term":[{"taxonomy":"post_tag","embeddable":true,"href":"https:\/\/www.rijeka.hr\/it\/wp-json\/wp\/v2\/tags?post=18732"}],"curies":[{"name":"wp","href":"https:\/\/api.w.org\/{rel}","templated":true}]}}