{"id":1879,"date":"2016-11-08T10:59:20","date_gmt":"2016-11-08T09:59:20","guid":{"rendered":"https:\/\/www.rijeka.hr\/it\/?page_id=1879"},"modified":"2023-05-08T15:01:00","modified_gmt":"2023-05-08T13:01:00","slug":"lo-scopo-delle-attivita","status":"publish","type":"page","link":"https:\/\/www.rijeka.hr\/it\/lo-scopo-delle-attivita\/","title":{"rendered":"Ambito di attivit\u00e0"},"content":{"rendered":"<p>Le attivit\u00e0 del Dipartimento includono:<\/p>\n<ul>\n<li>la pianificazione, lo sviluppo e le analisi in termini di fabbisogni per costruire edifici, le proiezioni e i preparativi geodetici dei terreni edificabili (incluso l\u2019acquisto di terreni), la costruzione, il trasferimento e il subentro nella propriet\u00e0 di edifici,<\/li>\n<li>la gestione dei progetti di sviluppo in collaborazione con le aziende e le societ\u00e0 municipalizzate della Citt\u00e0 di Fiume o con quelle in cui la Citt\u00e0 detiene una partecipazione maggioritaria,<\/li>\n<li>attivit\u00e0 relative all&#8217;analisi, al controllo e alla regolamentazione del traffico,<\/li>\n<li>coordinamento delle aziende e societ\u00e0 municipalizzate di propriet\u00e0 o compropriet\u00e0 della Citt\u00e0 che rientrano nello scopo di attivit\u00e0 del Dipartimento,<\/li>\n<li>concessione dei sussidi per il luogo di sepoltura,<\/li>\n<li>assegnazione del servizio idrico pubblico relativo alla pulizia di fosse settiche e di pozzetti di raccolta,<\/li>\n<li>la determinazione del contributo comunale, delle imposte comunali e di altre imposte, della tassa sui monumenti, e l\u2019emanazione di decisioni, la riscossione e il procedimento di sequestro sotto la competenza del Dipartimento,<\/li>\n<li>il rilascio di concessioni per le attivit\u00e0 che si svolgono sul demanio marittimo e le concessioni demaniali marittime che sono sotto la competenza della Citt\u00e0 di Fiume, la premura per la tutela del demanio marittimo nell\u2019utilizzo generale,<\/li>\n<li>il mantenimento degli edifici e impianti comunali e delle attrezzature per le infrastrutture comunali e la loro manutenzione,<\/li>\n<li>attivit\u00e0 relative alla prestazione dei servizi comunali finanziati dai mezzi raccolti a titolo dell\u2019indennizzo comunale,<\/li>\n<li>operazioni riguardanti l\u2019utilizzo e l\u2019utilizzo temporaneo delle aree pubbliche e di altri beni immobili e di articoli commerciali e pubblicitari di propriet\u00e0 della Citt\u00e0 di Fiume,<\/li>\n<li>operazioni riguardanti il rilascio di permessi per svolgere il servizio taxi,<\/li>\n<li>operazioni riguardanti la polizia comunale,<\/li>\n<li>operazioni riguardanti la polizia stradale.<\/li>\n<\/ul>\n","protected":false},"excerpt":{"rendered":"<p>Le attivit\u00e0 del Dipartimento includono: la pianificazione, lo sviluppo e le analisi in termini di fabbisogni per costruire edifici, le proiezioni e i preparativi geodetici dei terreni edificabili (incluso l\u2019acquisto di terreni), la costruzione, il trasferimento e il subentro nella propriet\u00e0 di edifici, la gestione dei progetti di sviluppo in collaborazione con le aziende e&#8230;<\/p>\n","protected":false},"author":2,"featured_media":0,"parent":0,"menu_order":72,"comment_status":"closed","ping_status":"closed","template":"","meta":{"_acf_changed":false,"_trash_the_other_posts":false,"footnotes":"","_links_to":"","_links_to_target":""},"tags":[],"class_list":["post-1879","page","type-page","status-publish","hentry"],"acf":[],"yoast_head":"<!-- This site is optimized with the Yoast SEO plugin v24.4 - https:\/\/yoast.com\/wordpress\/plugins\/seo\/ -->\n<title>Ambito di attivit\u00e0 - Citt\u00e0 di Fiume<\/title>\n<meta name=\"robots\" content=\"index, follow, max-snippet:-1, max-image-preview:large, max-video-preview:-1\" \/>\n<link rel=\"canonical\" href=\"https:\/\/www.rijeka.hr\/it\/lo-scopo-delle-attivita\/\" \/>\n<meta property=\"og:locale\" content=\"it_IT\" \/>\n<meta property=\"og:type\" content=\"article\" \/>\n<meta property=\"og:title\" content=\"Ambito di attivit\u00e0 - Citt\u00e0 di Fiume\" \/>\n<meta property=\"og:description\" content=\"Le attivit\u00e0 del Dipartimento includono: la pianificazione, lo sviluppo e le analisi in termini di fabbisogni per costruire edifici, le proiezioni e i preparativi geodetici dei terreni edificabili (incluso l\u2019acquisto di terreni), la costruzione, il trasferimento e il subentro nella propriet\u00e0 di edifici, la gestione dei progetti di sviluppo in collaborazione con le aziende e...\" \/>\n<meta property=\"og:url\" content=\"https:\/\/www.rijeka.hr\/it\/lo-scopo-delle-attivita\/\" \/>\n<meta property=\"og:site_name\" content=\"Citt\u00e0 di Fiume\" \/>\n<meta property=\"article:modified_time\" content=\"2023-05-08T13:01:00+00:00\" \/>\n<meta name=\"twitter:card\" content=\"summary_large_image\" \/>\n<meta name=\"twitter:label1\" content=\"Est. reading time\" \/>\n\t<meta name=\"twitter:data1\" content=\"1 minute\" \/>\n<script type=\"application\/ld+json\" class=\"yoast-schema-graph\">{\"@context\":\"https:\/\/schema.org\",\"@graph\":[{\"@type\":\"WebPage\",\"@id\":\"https:\/\/www.rijeka.hr\/it\/lo-scopo-delle-attivita\/\",\"url\":\"https:\/\/www.rijeka.hr\/it\/lo-scopo-delle-attivita\/\",\"name\":\"Ambito di attivit\u00e0 - Citt\u00e0 di Fiume\",\"isPartOf\":{\"@id\":\"https:\/\/www.rijeka.hr\/it\/#website\"},\"datePublished\":\"2016-11-08T09:59:20+00:00\",\"dateModified\":\"2023-05-08T13:01:00+00:00\",\"breadcrumb\":{\"@id\":\"https:\/\/www.rijeka.hr\/it\/lo-scopo-delle-attivita\/#breadcrumb\"},\"inLanguage\":\"it-IT\",\"potentialAction\":[{\"@type\":\"ReadAction\",\"target\":[\"https:\/\/www.rijeka.hr\/it\/lo-scopo-delle-attivita\/\"]}]},{\"@type\":\"BreadcrumbList\",\"@id\":\"https:\/\/www.rijeka.hr\/it\/lo-scopo-delle-attivita\/#breadcrumb\",\"itemListElement\":[{\"@type\":\"ListItem\",\"position\":1,\"name\":\"Po\u010detna stranica\",\"item\":\"https:\/\/www.rijeka.hr\/it\/\"},{\"@type\":\"ListItem\",\"position\":2,\"name\":\"Ambito di attivit\u00e0\"}]},{\"@type\":\"WebSite\",\"@id\":\"https:\/\/www.rijeka.hr\/it\/#website\",\"url\":\"https:\/\/www.rijeka.hr\/it\/\",\"name\":\"Citt\u00e0 di Fiume\",\"description\":\"Portale web della Citta&#039; di Fiume\",\"potentialAction\":[{\"@type\":\"SearchAction\",\"target\":{\"@type\":\"EntryPoint\",\"urlTemplate\":\"https:\/\/www.rijeka.hr\/it\/?s={search_term_string}\"},\"query-input\":{\"@type\":\"PropertyValueSpecification\",\"valueRequired\":true,\"valueName\":\"search_term_string\"}}],\"inLanguage\":\"it-IT\"}]}<\/script>\n<!-- \/ Yoast SEO plugin. -->","yoast_head_json":{"title":"Ambito di attivit\u00e0 - Citt\u00e0 di Fiume","robots":{"index":"index","follow":"follow","max-snippet":"max-snippet:-1","max-image-preview":"max-image-preview:large","max-video-preview":"max-video-preview:-1"},"canonical":"https:\/\/www.rijeka.hr\/it\/lo-scopo-delle-attivita\/","og_locale":"it_IT","og_type":"article","og_title":"Ambito di attivit\u00e0 - Citt\u00e0 di Fiume","og_description":"Le attivit\u00e0 del Dipartimento includono: la pianificazione, lo sviluppo e le analisi in termini di fabbisogni per costruire edifici, le proiezioni e i preparativi geodetici dei terreni edificabili (incluso l\u2019acquisto di terreni), la costruzione, il trasferimento e il subentro nella propriet\u00e0 di edifici, la gestione dei progetti di sviluppo in collaborazione con le aziende e...","og_url":"https:\/\/www.rijeka.hr\/it\/lo-scopo-delle-attivita\/","og_site_name":"Citt\u00e0 di Fiume","article_modified_time":"2023-05-08T13:01:00+00:00","twitter_card":"summary_large_image","twitter_misc":{"Est. reading time":"1 minute"},"schema":{"@context":"https:\/\/schema.org","@graph":[{"@type":"WebPage","@id":"https:\/\/www.rijeka.hr\/it\/lo-scopo-delle-attivita\/","url":"https:\/\/www.rijeka.hr\/it\/lo-scopo-delle-attivita\/","name":"Ambito di attivit\u00e0 - Citt\u00e0 di Fiume","isPartOf":{"@id":"https:\/\/www.rijeka.hr\/it\/#website"},"datePublished":"2016-11-08T09:59:20+00:00","dateModified":"2023-05-08T13:01:00+00:00","breadcrumb":{"@id":"https:\/\/www.rijeka.hr\/it\/lo-scopo-delle-attivita\/#breadcrumb"},"inLanguage":"it-IT","potentialAction":[{"@type":"ReadAction","target":["https:\/\/www.rijeka.hr\/it\/lo-scopo-delle-attivita\/"]}]},{"@type":"BreadcrumbList","@id":"https:\/\/www.rijeka.hr\/it\/lo-scopo-delle-attivita\/#breadcrumb","itemListElement":[{"@type":"ListItem","position":1,"name":"Po\u010detna stranica","item":"https:\/\/www.rijeka.hr\/it\/"},{"@type":"ListItem","position":2,"name":"Ambito di attivit\u00e0"}]},{"@type":"WebSite","@id":"https:\/\/www.rijeka.hr\/it\/#website","url":"https:\/\/www.rijeka.hr\/it\/","name":"Citt\u00e0 di Fiume","description":"Portale web della Citta&#039; di Fiume","potentialAction":[{"@type":"SearchAction","target":{"@type":"EntryPoint","urlTemplate":"https:\/\/www.rijeka.hr\/it\/?s={search_term_string}"},"query-input":{"@type":"PropertyValueSpecification","valueRequired":true,"valueName":"search_term_string"}}],"inLanguage":"it-IT"}]}},"_links":{"self":[{"href":"https:\/\/www.rijeka.hr\/it\/wp-json\/wp\/v2\/pages\/1879","targetHints":{"allow":["GET"]}}],"collection":[{"href":"https:\/\/www.rijeka.hr\/it\/wp-json\/wp\/v2\/pages"}],"about":[{"href":"https:\/\/www.rijeka.hr\/it\/wp-json\/wp\/v2\/types\/page"}],"author":[{"embeddable":true,"href":"https:\/\/www.rijeka.hr\/it\/wp-json\/wp\/v2\/users\/2"}],"replies":[{"embeddable":true,"href":"https:\/\/www.rijeka.hr\/it\/wp-json\/wp\/v2\/comments?post=1879"}],"version-history":[{"count":3,"href":"https:\/\/www.rijeka.hr\/it\/wp-json\/wp\/v2\/pages\/1879\/revisions"}],"predecessor-version":[{"id":11648,"href":"https:\/\/www.rijeka.hr\/it\/wp-json\/wp\/v2\/pages\/1879\/revisions\/11648"}],"wp:attachment":[{"href":"https:\/\/www.rijeka.hr\/it\/wp-json\/wp\/v2\/media?parent=1879"}],"wp:term":[{"taxonomy":"post_tag","embeddable":true,"href":"https:\/\/www.rijeka.hr\/it\/wp-json\/wp\/v2\/tags?post=1879"}],"curies":[{"name":"wp","href":"https:\/\/api.w.org\/{rel}","templated":true}]}}