{"id":18860,"date":"2023-06-20T10:46:05","date_gmt":"2023-06-20T08:46:05","guid":{"rendered":"https:\/\/www.rijeka.hr\/it\/?page_id=18860"},"modified":"2023-12-19T11:56:06","modified_gmt":"2023-12-19T10:56:06","slug":"greenpact","status":"publish","type":"page","link":"https:\/\/www.rijeka.hr\/it\/amministrazione-cittadina\/progetti-dellue\/progetti-in-corso\/greenpact\/","title":{"rendered":"GREENPACT"},"content":{"rendered":"<h2>Titolo del progetto<\/h2>\n<p>GREENPACT \u2013 Futuri imprenditori e PMI per un&#8217;Europa centrale sostenibile<\/p>\n<h2><img loading=\"lazy\" decoding=\"async\" width=\"600\" height=\"340\" class=\"size-medium wp-image-18864 alignleft\" src=\"https:\/\/www.rijeka.hr\/it\/wp-content\/uploads\/sites\/3\/2023\/06\/GREENPACT-600x340-600x340.jpg\" alt=\"\" \/>Obiettivo del progetto<\/h2>\n<p>L&#8217;obiettivo principale del progetto GREENPACT (Futurepreneurs and SMEs for sustainable Central Europe | Certification Scheme) \u00e8 rafforzare le competenze dei piccoli e medi imprenditori del settore dei servizi e cambiare la loro mentalit\u00e0 e formarli per applicare l&#8217;economia circolare.<\/p>\n<h2>Durata<\/h2>\n<p>1 aprile 2023 \u2013 31 marzo 2026<\/p>\n<h2>Descrizione<\/h2>\n<p>Il progetto \u00e8 finalizzato a rafforzare le competenze dei piccoli e medi imprenditori, il tutto al fine di raggiungere il loro continuo sviluppo sostenibile. L&#8217;attenzione \u00e8 rivolta al settore dell&#8217;industria creativa, culturale e turistica e, nell&#8217;ambito del progetto, verranno svolte attivit\u00e0 che aiuteranno i piccoli e medi imprenditori della Repubblica Ceca, Germania, Croazia, Italia e Slovacchia a diventare &#8220;pi\u00f9 verdi&#8221;. Il progetto GREENPACT sviluppa un approccio innovativo dal basso verso l&#8217;alto in cui, attraverso la cooperazione transnazionale multigenerazionale, si cerca una migliore comprensione dei consumatori affinch\u00e9 le aziende si adattino alle tendenze dell&#8217;Europa sostenibile e verde. A tal fine, il progetto sta sviluppando piani d&#8217;azione congiunti, azioni pilota e uno strumento di autovalutazione.<\/p>\n<h2>Principali attivit\u00e0 del progetto<\/h2>\n<ul>\n<li>Sviluppo di una strategia transnazionale e di un piano d&#8217;azione<\/li>\n<li>Sviluppo di strumenti di autovalutazione nel campo dell&#8217;economia circolare, i cui risultati saranno utilizzati per guidare l&#8217;attivit\u00e0 imprenditoriale verso l&#8217;economia circolare e ridurre la quantit\u00e0 di rifiuti e l&#8217;impronta di carbonio<\/li>\n<li>Sviluppo di una metodologia per l&#8217;attuazione di un programma per migliorare le operazioni aziendali applicando l&#8217;economia circolare<\/li>\n<li>Realizzazione di un programma pilota di formazione delle imprese attraverso la cooperazione intergenerazionale diretta tra produttori e consumatori<\/li>\n<\/ul>\n<h2>Partner progettuali<\/h2>\n<ul>\n<li>Universit\u00e0 dei media di Stoccarda (Germania)<\/li>\n<li>Societ\u00e0 per lo sviluppo economico della regione di Stoccarda (Germania)<\/li>\n<li>ENAIP Imprese Sociali Veneto (Italia)<\/li>\n<li>Regione Veneto \u2013 Assessorato al Lavoro (Italia)<\/li>\n<li>STEP RI Parco Scientifico e Tecnologico dell&#8217;Universit\u00e0 di Fiume (Croazia)<\/li>\n<li>Citt\u00e0 di Fiume (Croazia)<\/li>\n<li>Camera di Commercio Ceca (Repubblica Ceca)<\/li>\n<li>Istituto di Tecnologia e Commercio di \u010cesk\u00e9 Bud\u011bjovice (Repubblica Ceca)<\/li>\n<li>Universit\u00e0 di Economia di Bratislava (Slovacchia)<\/li>\n<\/ul>\n<h2>Bilancio<\/h2>\n<ul>\n<li>Valore complessivo del progetto: EUR 1.783.625,00<\/li>\n<li>Bilancio della Citt\u00e0 di Fiume: EUR 152.320,00<\/li>\n<\/ul>\n<h2>Finanziato da<\/h2>\n<p>Interreg Europa Centrale<\/p>\n<h2>Sito ufficiale del progetto<\/h2>\n<p><a href=\"https:\/\/www.interreg-central.eu\/projects\/greepact\/\">https:\/\/www.interreg-central.eu\/projects\/greepact\/<\/a><\/p>\n<h2>Persona da contattare per ulteriori informazioni sul progetto<\/h2>\n<p>Neda Suvajac<br \/>\ne-mail: <a href=\"&#109;&#x61;i&#108;&#x74;o&#x3a;&#x6e;&#101;&#x64;a&#46;&#x73;u&#118;&#x61;&#106;&#x61;c&#64;&#x72;i&#106;&#x65;&#107;&#x61;&#x2e;&#104;&#x72;\">&#x6e;&#x65;&#x64;&#x61;&#x2e;&#x73;&#x75;&#x76;&#x61;&#x6a;&#x61;&#x63;&#x40;&#x72;&#x69;&#x6a;&#x65;&#x6b;&#x61;&#x2e;&#x68;&#x72;<\/a><br \/>\ntel:\u00a0<a role=\"link\" href=\"tel:+38551209687\">+385 51 209 942<\/a><\/p>\n","protected":false},"excerpt":{"rendered":"<p>Titolo del progetto GREENPACT \u2013 Futuri imprenditori e PMI per un&#8217;Europa centrale sostenibile Obiettivo del progetto L&#8217;obiettivo principale del progetto GREENPACT (Futurepreneurs and SMEs for sustainable Central Europe | Certification Scheme) \u00e8 rafforzare le competenze dei piccoli e medi imprenditori del settore dei servizi e cambiare la loro mentalit\u00e0 e formarli per applicare l&#8217;economia circolare&#8230;.<\/p>\n","protected":false},"author":8,"featured_media":0,"parent":2059,"menu_order":0,"comment_status":"closed","ping_status":"closed","template":"","meta":{"_acf_changed":false,"_trash_the_other_posts":false,"footnotes":"","_links_to":"","_links_to_target":""},"tags":[],"class_list":["post-18860","page","type-page","status-publish","hentry"],"acf":[],"yoast_head":"<!-- This site is optimized with the Yoast SEO plugin v24.4 - https:\/\/yoast.com\/wordpress\/plugins\/seo\/ -->\n<title>GREENPACT - Citt\u00e0 di Fiume<\/title>\n<meta name=\"robots\" content=\"index, follow, max-snippet:-1, max-image-preview:large, max-video-preview:-1\" \/>\n<link rel=\"canonical\" href=\"https:\/\/www.rijeka.hr\/it\/amministrazione-cittadina\/progetti-dellue\/progetti-in-corso\/greenpact\/\" \/>\n<meta property=\"og:locale\" content=\"it_IT\" \/>\n<meta property=\"og:type\" content=\"article\" \/>\n<meta property=\"og:title\" content=\"GREENPACT - Citt\u00e0 di Fiume\" \/>\n<meta property=\"og:description\" content=\"Titolo del progetto GREENPACT \u2013 Futuri imprenditori e PMI per un&#8217;Europa centrale sostenibile Obiettivo del progetto L&#8217;obiettivo principale del progetto GREENPACT (Futurepreneurs and SMEs for sustainable Central Europe | Certification Scheme) \u00e8 rafforzare le competenze dei piccoli e medi imprenditori del settore dei servizi e cambiare la loro mentalit\u00e0 e formarli per applicare l&#8217;economia circolare....\" \/>\n<meta property=\"og:url\" content=\"https:\/\/www.rijeka.hr\/it\/amministrazione-cittadina\/progetti-dellue\/progetti-in-corso\/greenpact\/\" \/>\n<meta property=\"og:site_name\" content=\"Citt\u00e0 di Fiume\" \/>\n<meta property=\"article:modified_time\" content=\"2023-12-19T10:56:06+00:00\" \/>\n<meta property=\"og:image\" content=\"https:\/\/www.rijeka.hr\/it\/wp-content\/uploads\/sites\/3\/2023\/06\/GREENPACT-600x340-600x340.jpg\" \/>\n<meta name=\"twitter:card\" content=\"summary_large_image\" \/>\n<meta name=\"twitter:label1\" content=\"Est. reading time\" \/>\n\t<meta name=\"twitter:data1\" content=\"2 minutes\" \/>\n<script type=\"application\/ld+json\" class=\"yoast-schema-graph\">{\"@context\":\"https:\/\/schema.org\",\"@graph\":[{\"@type\":\"WebPage\",\"@id\":\"https:\/\/www.rijeka.hr\/it\/amministrazione-cittadina\/progetti-dellue\/progetti-in-corso\/greenpact\/\",\"url\":\"https:\/\/www.rijeka.hr\/it\/amministrazione-cittadina\/progetti-dellue\/progetti-in-corso\/greenpact\/\",\"name\":\"GREENPACT - Citt\u00e0 di Fiume\",\"isPartOf\":{\"@id\":\"https:\/\/www.rijeka.hr\/it\/#website\"},\"primaryImageOfPage\":{\"@id\":\"https:\/\/www.rijeka.hr\/it\/amministrazione-cittadina\/progetti-dellue\/progetti-in-corso\/greenpact\/#primaryimage\"},\"image\":{\"@id\":\"https:\/\/www.rijeka.hr\/it\/amministrazione-cittadina\/progetti-dellue\/progetti-in-corso\/greenpact\/#primaryimage\"},\"thumbnailUrl\":\"https:\/\/www.rijeka.hr\/it\/wp-content\/uploads\/sites\/3\/2023\/06\/GREENPACT-600x340-600x340.jpg\",\"datePublished\":\"2023-06-20T08:46:05+00:00\",\"dateModified\":\"2023-12-19T10:56:06+00:00\",\"breadcrumb\":{\"@id\":\"https:\/\/www.rijeka.hr\/it\/amministrazione-cittadina\/progetti-dellue\/progetti-in-corso\/greenpact\/#breadcrumb\"},\"inLanguage\":\"it-IT\",\"potentialAction\":[{\"@type\":\"ReadAction\",\"target\":[\"https:\/\/www.rijeka.hr\/it\/amministrazione-cittadina\/progetti-dellue\/progetti-in-corso\/greenpact\/\"]}]},{\"@type\":\"ImageObject\",\"inLanguage\":\"it-IT\",\"@id\":\"https:\/\/www.rijeka.hr\/it\/amministrazione-cittadina\/progetti-dellue\/progetti-in-corso\/greenpact\/#primaryimage\",\"url\":\"https:\/\/www.rijeka.hr\/it\/wp-content\/uploads\/sites\/3\/2023\/06\/GREENPACT-600x340.jpg\",\"contentUrl\":\"https:\/\/www.rijeka.hr\/it\/wp-content\/uploads\/sites\/3\/2023\/06\/GREENPACT-600x340.jpg\",\"width\":600,\"height\":340},{\"@type\":\"BreadcrumbList\",\"@id\":\"https:\/\/www.rijeka.hr\/it\/amministrazione-cittadina\/progetti-dellue\/progetti-in-corso\/greenpact\/#breadcrumb\",\"itemListElement\":[{\"@type\":\"ListItem\",\"position\":1,\"name\":\"Po\u010detna stranica\",\"item\":\"https:\/\/www.rijeka.hr\/it\/\"},{\"@type\":\"ListItem\",\"position\":2,\"name\":\"Amministrazione cittadina\",\"item\":\"https:\/\/www.rijeka.hr\/it\/amministrazione-cittadina\/\"},{\"@type\":\"ListItem\",\"position\":3,\"name\":\"Progetti dell&#8217;UE\",\"item\":\"https:\/\/www.rijeka.hr\/it\/amministrazione-cittadina\/progetti-dellue\/\"},{\"@type\":\"ListItem\",\"position\":4,\"name\":\"Progetti in corso\",\"item\":\"https:\/\/www.rijeka.hr\/it\/amministrazione-cittadina\/progetti-dellue\/progetti-in-corso\/\"},{\"@type\":\"ListItem\",\"position\":5,\"name\":\"GREENPACT\"}]},{\"@type\":\"WebSite\",\"@id\":\"https:\/\/www.rijeka.hr\/it\/#website\",\"url\":\"https:\/\/www.rijeka.hr\/it\/\",\"name\":\"Citt\u00e0 di Fiume\",\"description\":\"Portale web della Citta&#039; di Fiume\",\"potentialAction\":[{\"@type\":\"SearchAction\",\"target\":{\"@type\":\"EntryPoint\",\"urlTemplate\":\"https:\/\/www.rijeka.hr\/it\/?s={search_term_string}\"},\"query-input\":{\"@type\":\"PropertyValueSpecification\",\"valueRequired\":true,\"valueName\":\"search_term_string\"}}],\"inLanguage\":\"it-IT\"}]}<\/script>\n<!-- \/ Yoast SEO plugin. -->","yoast_head_json":{"title":"GREENPACT - Citt\u00e0 di Fiume","robots":{"index":"index","follow":"follow","max-snippet":"max-snippet:-1","max-image-preview":"max-image-preview:large","max-video-preview":"max-video-preview:-1"},"canonical":"https:\/\/www.rijeka.hr\/it\/amministrazione-cittadina\/progetti-dellue\/progetti-in-corso\/greenpact\/","og_locale":"it_IT","og_type":"article","og_title":"GREENPACT - Citt\u00e0 di Fiume","og_description":"Titolo del progetto GREENPACT \u2013 Futuri imprenditori e PMI per un&#8217;Europa centrale sostenibile Obiettivo del progetto L&#8217;obiettivo principale del progetto GREENPACT (Futurepreneurs and SMEs for sustainable Central Europe | Certification Scheme) \u00e8 rafforzare le competenze dei piccoli e medi imprenditori del settore dei servizi e cambiare la loro mentalit\u00e0 e formarli per applicare l&#8217;economia circolare....","og_url":"https:\/\/www.rijeka.hr\/it\/amministrazione-cittadina\/progetti-dellue\/progetti-in-corso\/greenpact\/","og_site_name":"Citt\u00e0 di Fiume","article_modified_time":"2023-12-19T10:56:06+00:00","og_image":[{"url":"https:\/\/www.rijeka.hr\/it\/wp-content\/uploads\/sites\/3\/2023\/06\/GREENPACT-600x340-600x340.jpg","type":"","width":"","height":""}],"twitter_card":"summary_large_image","twitter_misc":{"Est. reading time":"2 minutes"},"schema":{"@context":"https:\/\/schema.org","@graph":[{"@type":"WebPage","@id":"https:\/\/www.rijeka.hr\/it\/amministrazione-cittadina\/progetti-dellue\/progetti-in-corso\/greenpact\/","url":"https:\/\/www.rijeka.hr\/it\/amministrazione-cittadina\/progetti-dellue\/progetti-in-corso\/greenpact\/","name":"GREENPACT - Citt\u00e0 di Fiume","isPartOf":{"@id":"https:\/\/www.rijeka.hr\/it\/#website"},"primaryImageOfPage":{"@id":"https:\/\/www.rijeka.hr\/it\/amministrazione-cittadina\/progetti-dellue\/progetti-in-corso\/greenpact\/#primaryimage"},"image":{"@id":"https:\/\/www.rijeka.hr\/it\/amministrazione-cittadina\/progetti-dellue\/progetti-in-corso\/greenpact\/#primaryimage"},"thumbnailUrl":"https:\/\/www.rijeka.hr\/it\/wp-content\/uploads\/sites\/3\/2023\/06\/GREENPACT-600x340-600x340.jpg","datePublished":"2023-06-20T08:46:05+00:00","dateModified":"2023-12-19T10:56:06+00:00","breadcrumb":{"@id":"https:\/\/www.rijeka.hr\/it\/amministrazione-cittadina\/progetti-dellue\/progetti-in-corso\/greenpact\/#breadcrumb"},"inLanguage":"it-IT","potentialAction":[{"@type":"ReadAction","target":["https:\/\/www.rijeka.hr\/it\/amministrazione-cittadina\/progetti-dellue\/progetti-in-corso\/greenpact\/"]}]},{"@type":"ImageObject","inLanguage":"it-IT","@id":"https:\/\/www.rijeka.hr\/it\/amministrazione-cittadina\/progetti-dellue\/progetti-in-corso\/greenpact\/#primaryimage","url":"https:\/\/www.rijeka.hr\/it\/wp-content\/uploads\/sites\/3\/2023\/06\/GREENPACT-600x340.jpg","contentUrl":"https:\/\/www.rijeka.hr\/it\/wp-content\/uploads\/sites\/3\/2023\/06\/GREENPACT-600x340.jpg","width":600,"height":340},{"@type":"BreadcrumbList","@id":"https:\/\/www.rijeka.hr\/it\/amministrazione-cittadina\/progetti-dellue\/progetti-in-corso\/greenpact\/#breadcrumb","itemListElement":[{"@type":"ListItem","position":1,"name":"Po\u010detna stranica","item":"https:\/\/www.rijeka.hr\/it\/"},{"@type":"ListItem","position":2,"name":"Amministrazione cittadina","item":"https:\/\/www.rijeka.hr\/it\/amministrazione-cittadina\/"},{"@type":"ListItem","position":3,"name":"Progetti dell&#8217;UE","item":"https:\/\/www.rijeka.hr\/it\/amministrazione-cittadina\/progetti-dellue\/"},{"@type":"ListItem","position":4,"name":"Progetti in corso","item":"https:\/\/www.rijeka.hr\/it\/amministrazione-cittadina\/progetti-dellue\/progetti-in-corso\/"},{"@type":"ListItem","position":5,"name":"GREENPACT"}]},{"@type":"WebSite","@id":"https:\/\/www.rijeka.hr\/it\/#website","url":"https:\/\/www.rijeka.hr\/it\/","name":"Citt\u00e0 di Fiume","description":"Portale web della Citta&#039; di Fiume","potentialAction":[{"@type":"SearchAction","target":{"@type":"EntryPoint","urlTemplate":"https:\/\/www.rijeka.hr\/it\/?s={search_term_string}"},"query-input":{"@type":"PropertyValueSpecification","valueRequired":true,"valueName":"search_term_string"}}],"inLanguage":"it-IT"}]}},"_links":{"self":[{"href":"https:\/\/www.rijeka.hr\/it\/wp-json\/wp\/v2\/pages\/18860","targetHints":{"allow":["GET"]}}],"collection":[{"href":"https:\/\/www.rijeka.hr\/it\/wp-json\/wp\/v2\/pages"}],"about":[{"href":"https:\/\/www.rijeka.hr\/it\/wp-json\/wp\/v2\/types\/page"}],"author":[{"embeddable":true,"href":"https:\/\/www.rijeka.hr\/it\/wp-json\/wp\/v2\/users\/8"}],"replies":[{"embeddable":true,"href":"https:\/\/www.rijeka.hr\/it\/wp-json\/wp\/v2\/comments?post=18860"}],"version-history":[{"count":3,"href":"https:\/\/www.rijeka.hr\/it\/wp-json\/wp\/v2\/pages\/18860\/revisions"}],"predecessor-version":[{"id":18867,"href":"https:\/\/www.rijeka.hr\/it\/wp-json\/wp\/v2\/pages\/18860\/revisions\/18867"}],"up":[{"embeddable":true,"href":"https:\/\/www.rijeka.hr\/it\/wp-json\/wp\/v2\/pages\/2059"}],"wp:attachment":[{"href":"https:\/\/www.rijeka.hr\/it\/wp-json\/wp\/v2\/media?parent=18860"}],"wp:term":[{"taxonomy":"post_tag","embeddable":true,"href":"https:\/\/www.rijeka.hr\/it\/wp-json\/wp\/v2\/tags?post=18860"}],"curies":[{"name":"wp","href":"https:\/\/api.w.org\/{rel}","templated":true}]}}