{"id":18951,"date":"2023-07-18T13:34:00","date_gmt":"2023-07-18T11:34:00","guid":{"rendered":"https:\/\/www.rijeka.hr\/it\/?page_id=18951"},"modified":"2023-11-27T12:36:55","modified_gmt":"2023-11-27T11:36:55","slug":"la-direzione-dellurbanistica","status":"publish","type":"page","link":"https:\/\/www.rijeka.hr\/it\/amministrazione-cittadina\/dipartimenti-amministrativi\/dipartimento-amministrativo-per-lurbanistica-la-pianificazione-territoriale-e-ledilizia-2\/la-direzione-dellurbanistica\/","title":{"rendered":"La Direzione dell\u2019urbanistica"},"content":{"rendered":"<p>La Direzione dell\u2019urbanistica compie le attivit\u00e0 di preparazione, coordinazione e stesura della documentazione di pianificazione urbanistica nonch\u00e9 tutte le altre attivit\u00e0 relative alla stesura della documentazione urbanistica, della documentazione progettuale e altra documentazione connessa con la pianificazione urbanistica e l\u2019assestamento urbanistico.<\/p>\n","protected":false},"excerpt":{"rendered":"<p>La Direzione dell\u2019urbanistica compie le attivit\u00e0 di preparazione, coordinazione e stesura della documentazione di pianificazione urbanistica nonch\u00e9 tutte le altre attivit\u00e0 relative alla stesura della documentazione urbanistica, della documentazione progettuale e altra documentazione connessa con la pianificazione urbanistica e l\u2019assestamento urbanistico.<\/p>\n","protected":false},"author":5,"featured_media":0,"parent":17992,"menu_order":0,"comment_status":"closed","ping_status":"closed","template":"","meta":{"_acf_changed":false,"_trash_the_other_posts":false,"footnotes":"","_links_to":"","_links_to_target":""},"tags":[],"class_list":["post-18951","page","type-page","status-publish","hentry"],"acf":[],"yoast_head":"<!-- This site is optimized with the Yoast SEO plugin v24.4 - https:\/\/yoast.com\/wordpress\/plugins\/seo\/ -->\n<title>La Direzione dell\u2019urbanistica - Citt\u00e0 di Fiume<\/title>\n<meta name=\"robots\" content=\"index, follow, max-snippet:-1, max-image-preview:large, max-video-preview:-1\" \/>\n<link rel=\"canonical\" href=\"https:\/\/www.rijeka.hr\/it\/amministrazione-cittadina\/dipartimenti-amministrativi\/dipartimento-amministrativo-per-lurbanistica-la-pianificazione-territoriale-e-ledilizia-2\/la-direzione-dellurbanistica\/\" \/>\n<meta property=\"og:locale\" content=\"it_IT\" \/>\n<meta property=\"og:type\" content=\"article\" \/>\n<meta property=\"og:title\" content=\"La Direzione dell\u2019urbanistica - Citt\u00e0 di Fiume\" \/>\n<meta property=\"og:description\" content=\"La Direzione dell\u2019urbanistica compie le attivit\u00e0 di preparazione, coordinazione e stesura della documentazione di pianificazione urbanistica nonch\u00e9 tutte le altre attivit\u00e0 relative alla stesura della documentazione urbanistica, della documentazione progettuale e altra documentazione connessa con la pianificazione urbanistica e l\u2019assestamento urbanistico.\" \/>\n<meta property=\"og:url\" content=\"https:\/\/www.rijeka.hr\/it\/amministrazione-cittadina\/dipartimenti-amministrativi\/dipartimento-amministrativo-per-lurbanistica-la-pianificazione-territoriale-e-ledilizia-2\/la-direzione-dellurbanistica\/\" \/>\n<meta property=\"og:site_name\" content=\"Citt\u00e0 di Fiume\" \/>\n<meta property=\"article:modified_time\" content=\"2023-11-27T11:36:55+00:00\" \/>\n<meta name=\"twitter:card\" content=\"summary_large_image\" \/>\n<script type=\"application\/ld+json\" class=\"yoast-schema-graph\">{\"@context\":\"https:\/\/schema.org\",\"@graph\":[{\"@type\":\"WebPage\",\"@id\":\"https:\/\/www.rijeka.hr\/it\/amministrazione-cittadina\/dipartimenti-amministrativi\/dipartimento-amministrativo-per-lurbanistica-la-pianificazione-territoriale-e-ledilizia-2\/la-direzione-dellurbanistica\/\",\"url\":\"https:\/\/www.rijeka.hr\/it\/amministrazione-cittadina\/dipartimenti-amministrativi\/dipartimento-amministrativo-per-lurbanistica-la-pianificazione-territoriale-e-ledilizia-2\/la-direzione-dellurbanistica\/\",\"name\":\"La Direzione dell\u2019urbanistica - Citt\u00e0 di Fiume\",\"isPartOf\":{\"@id\":\"https:\/\/www.rijeka.hr\/it\/#website\"},\"datePublished\":\"2023-07-18T11:34:00+00:00\",\"dateModified\":\"2023-11-27T11:36:55+00:00\",\"breadcrumb\":{\"@id\":\"https:\/\/www.rijeka.hr\/it\/amministrazione-cittadina\/dipartimenti-amministrativi\/dipartimento-amministrativo-per-lurbanistica-la-pianificazione-territoriale-e-ledilizia-2\/la-direzione-dellurbanistica\/#breadcrumb\"},\"inLanguage\":\"it-IT\",\"potentialAction\":[{\"@type\":\"ReadAction\",\"target\":[\"https:\/\/www.rijeka.hr\/it\/amministrazione-cittadina\/dipartimenti-amministrativi\/dipartimento-amministrativo-per-lurbanistica-la-pianificazione-territoriale-e-ledilizia-2\/la-direzione-dellurbanistica\/\"]}]},{\"@type\":\"BreadcrumbList\",\"@id\":\"https:\/\/www.rijeka.hr\/it\/amministrazione-cittadina\/dipartimenti-amministrativi\/dipartimento-amministrativo-per-lurbanistica-la-pianificazione-territoriale-e-ledilizia-2\/la-direzione-dellurbanistica\/#breadcrumb\",\"itemListElement\":[{\"@type\":\"ListItem\",\"position\":1,\"name\":\"Po\u010detna stranica\",\"item\":\"https:\/\/www.rijeka.hr\/it\/\"},{\"@type\":\"ListItem\",\"position\":2,\"name\":\"Amministrazione cittadina\",\"item\":\"https:\/\/www.rijeka.hr\/it\/amministrazione-cittadina\/\"},{\"@type\":\"ListItem\",\"position\":3,\"name\":\"Dipartimenti amministrativi\",\"item\":\"https:\/\/www.rijeka.hr\/it\/amministrazione-cittadina\/dipartimenti-amministrativi\/\"},{\"@type\":\"ListItem\",\"position\":4,\"name\":\"Dipartimento amministrativo per l\u2019urbanistica, la pianificazione territoriale e l\u2019edilizia\",\"item\":\"https:\/\/www.rijeka.hr\/it\/amministrazione-cittadina\/dipartimenti-amministrativi\/dipartimento-amministrativo-per-lurbanistica-la-pianificazione-territoriale-e-ledilizia-2\/\"},{\"@type\":\"ListItem\",\"position\":5,\"name\":\"La Direzione dell\u2019urbanistica\"}]},{\"@type\":\"WebSite\",\"@id\":\"https:\/\/www.rijeka.hr\/it\/#website\",\"url\":\"https:\/\/www.rijeka.hr\/it\/\",\"name\":\"Citt\u00e0 di Fiume\",\"description\":\"Portale web della Citta&#039; di Fiume\",\"potentialAction\":[{\"@type\":\"SearchAction\",\"target\":{\"@type\":\"EntryPoint\",\"urlTemplate\":\"https:\/\/www.rijeka.hr\/it\/?s={search_term_string}\"},\"query-input\":{\"@type\":\"PropertyValueSpecification\",\"valueRequired\":true,\"valueName\":\"search_term_string\"}}],\"inLanguage\":\"it-IT\"}]}<\/script>\n<!-- \/ Yoast SEO plugin. -->","yoast_head_json":{"title":"La Direzione dell\u2019urbanistica - Citt\u00e0 di Fiume","robots":{"index":"index","follow":"follow","max-snippet":"max-snippet:-1","max-image-preview":"max-image-preview:large","max-video-preview":"max-video-preview:-1"},"canonical":"https:\/\/www.rijeka.hr\/it\/amministrazione-cittadina\/dipartimenti-amministrativi\/dipartimento-amministrativo-per-lurbanistica-la-pianificazione-territoriale-e-ledilizia-2\/la-direzione-dellurbanistica\/","og_locale":"it_IT","og_type":"article","og_title":"La Direzione dell\u2019urbanistica - Citt\u00e0 di Fiume","og_description":"La Direzione dell\u2019urbanistica compie le attivit\u00e0 di preparazione, coordinazione e stesura della documentazione di pianificazione urbanistica nonch\u00e9 tutte le altre attivit\u00e0 relative alla stesura della documentazione urbanistica, della documentazione progettuale e altra documentazione connessa con la pianificazione urbanistica e l\u2019assestamento urbanistico.","og_url":"https:\/\/www.rijeka.hr\/it\/amministrazione-cittadina\/dipartimenti-amministrativi\/dipartimento-amministrativo-per-lurbanistica-la-pianificazione-territoriale-e-ledilizia-2\/la-direzione-dellurbanistica\/","og_site_name":"Citt\u00e0 di Fiume","article_modified_time":"2023-11-27T11:36:55+00:00","twitter_card":"summary_large_image","schema":{"@context":"https:\/\/schema.org","@graph":[{"@type":"WebPage","@id":"https:\/\/www.rijeka.hr\/it\/amministrazione-cittadina\/dipartimenti-amministrativi\/dipartimento-amministrativo-per-lurbanistica-la-pianificazione-territoriale-e-ledilizia-2\/la-direzione-dellurbanistica\/","url":"https:\/\/www.rijeka.hr\/it\/amministrazione-cittadina\/dipartimenti-amministrativi\/dipartimento-amministrativo-per-lurbanistica-la-pianificazione-territoriale-e-ledilizia-2\/la-direzione-dellurbanistica\/","name":"La Direzione dell\u2019urbanistica - Citt\u00e0 di Fiume","isPartOf":{"@id":"https:\/\/www.rijeka.hr\/it\/#website"},"datePublished":"2023-07-18T11:34:00+00:00","dateModified":"2023-11-27T11:36:55+00:00","breadcrumb":{"@id":"https:\/\/www.rijeka.hr\/it\/amministrazione-cittadina\/dipartimenti-amministrativi\/dipartimento-amministrativo-per-lurbanistica-la-pianificazione-territoriale-e-ledilizia-2\/la-direzione-dellurbanistica\/#breadcrumb"},"inLanguage":"it-IT","potentialAction":[{"@type":"ReadAction","target":["https:\/\/www.rijeka.hr\/it\/amministrazione-cittadina\/dipartimenti-amministrativi\/dipartimento-amministrativo-per-lurbanistica-la-pianificazione-territoriale-e-ledilizia-2\/la-direzione-dellurbanistica\/"]}]},{"@type":"BreadcrumbList","@id":"https:\/\/www.rijeka.hr\/it\/amministrazione-cittadina\/dipartimenti-amministrativi\/dipartimento-amministrativo-per-lurbanistica-la-pianificazione-territoriale-e-ledilizia-2\/la-direzione-dellurbanistica\/#breadcrumb","itemListElement":[{"@type":"ListItem","position":1,"name":"Po\u010detna stranica","item":"https:\/\/www.rijeka.hr\/it\/"},{"@type":"ListItem","position":2,"name":"Amministrazione cittadina","item":"https:\/\/www.rijeka.hr\/it\/amministrazione-cittadina\/"},{"@type":"ListItem","position":3,"name":"Dipartimenti amministrativi","item":"https:\/\/www.rijeka.hr\/it\/amministrazione-cittadina\/dipartimenti-amministrativi\/"},{"@type":"ListItem","position":4,"name":"Dipartimento amministrativo per l\u2019urbanistica, la pianificazione territoriale e l\u2019edilizia","item":"https:\/\/www.rijeka.hr\/it\/amministrazione-cittadina\/dipartimenti-amministrativi\/dipartimento-amministrativo-per-lurbanistica-la-pianificazione-territoriale-e-ledilizia-2\/"},{"@type":"ListItem","position":5,"name":"La Direzione dell\u2019urbanistica"}]},{"@type":"WebSite","@id":"https:\/\/www.rijeka.hr\/it\/#website","url":"https:\/\/www.rijeka.hr\/it\/","name":"Citt\u00e0 di Fiume","description":"Portale web della Citta&#039; di Fiume","potentialAction":[{"@type":"SearchAction","target":{"@type":"EntryPoint","urlTemplate":"https:\/\/www.rijeka.hr\/it\/?s={search_term_string}"},"query-input":{"@type":"PropertyValueSpecification","valueRequired":true,"valueName":"search_term_string"}}],"inLanguage":"it-IT"}]}},"_links":{"self":[{"href":"https:\/\/www.rijeka.hr\/it\/wp-json\/wp\/v2\/pages\/18951","targetHints":{"allow":["GET"]}}],"collection":[{"href":"https:\/\/www.rijeka.hr\/it\/wp-json\/wp\/v2\/pages"}],"about":[{"href":"https:\/\/www.rijeka.hr\/it\/wp-json\/wp\/v2\/types\/page"}],"author":[{"embeddable":true,"href":"https:\/\/www.rijeka.hr\/it\/wp-json\/wp\/v2\/users\/5"}],"replies":[{"embeddable":true,"href":"https:\/\/www.rijeka.hr\/it\/wp-json\/wp\/v2\/comments?post=18951"}],"version-history":[{"count":1,"href":"https:\/\/www.rijeka.hr\/it\/wp-json\/wp\/v2\/pages\/18951\/revisions"}],"predecessor-version":[{"id":18952,"href":"https:\/\/www.rijeka.hr\/it\/wp-json\/wp\/v2\/pages\/18951\/revisions\/18952"}],"up":[{"embeddable":true,"href":"https:\/\/www.rijeka.hr\/it\/wp-json\/wp\/v2\/pages\/17992"}],"wp:attachment":[{"href":"https:\/\/www.rijeka.hr\/it\/wp-json\/wp\/v2\/media?parent=18951"}],"wp:term":[{"taxonomy":"post_tag","embeddable":true,"href":"https:\/\/www.rijeka.hr\/it\/wp-json\/wp\/v2\/tags?post=18951"}],"curies":[{"name":"wp","href":"https:\/\/api.w.org\/{rel}","templated":true}]}}