{"id":1963,"date":"2016-11-09T13:15:42","date_gmt":"2016-11-09T12:15:42","guid":{"rendered":"https:\/\/www.rijeka.hr\/it\/?page_id=1963"},"modified":"2023-07-11T09:33:07","modified_gmt":"2023-07-11T07:33:07","slug":"direzione-contabilita-analitica-dei-crediti","status":"publish","type":"page","link":"https:\/\/www.rijeka.hr\/it\/amministrazione-cittadina\/dipartimenti-amministrativi\/dipartimento-amministrativo-per-le-finanze-2\/direzione-contabilita\/direzione-contabilita-analitica-dei-crediti\/","title":{"rendered":"Servizio di contabilit\u00e0 analitica delle voci di credito e debito"},"content":{"rendered":"<p>Il Servizio di contabilit\u00e0 analitica delle voci di credito e debito svolge le seguenti mansioni::<\/p>\n<ul>\n<li>contabilit\u00e0 analitica delle voci di credito e di debito<\/li>\n<li>tenuta dei libri ausiliari prescritti e dei resoconti analitici delle voci di credito e di debito, l\u2019armonizzazione del saldo con clienti e fornitori<\/li>\n<li>preparazione delle relazioni che rinetrano nel perimetro di attivit\u00e0 e la preparazione di documentazione contabile e dati da libri aziendali per le esigenze del tribunale, dell&#8217;esecuzione e di altre procedure di raccolta<\/li>\n<\/ul>\n<p>E-mail di contatto: <a href=\"m&#97;&#x69;&#x6c;&#x74;o&#58;&#x61;&#x6e;&#x61;l&#105;&#x74;&#x69;&#x63;k&#111;&#x2e;&#x6b;&#x6e;j&#105;&#x67;&#x6f;&#x76;o&#100;&#x73;&#x74;&#x76;o&#64;&#x72;&#x69;&#x6a;e&#107;&#x61;&#x2e;&#x68;r\">an&#97;&#108;&#105;&#116;&#x69;&#x63;&#x6b;&#x6f;&#x2e;kn&#106;&#105;&#103;&#111;&#x76;&#x6f;&#x64;&#x73;&#x74;vo&#64;&#114;&#105;&#106;&#x65;&#x6b;&#x61;&#x2e;&#x68;r<\/a><\/p>\n","protected":false},"excerpt":{"rendered":"<p>Il Servizio di contabilit\u00e0 analitica delle voci di credito e debito svolge le seguenti mansioni:: contabilit\u00e0 analitica delle voci di credito e di debito tenuta dei libri ausiliari prescritti e dei resoconti analitici delle voci di credito e di debito, l\u2019armonizzazione del saldo con clienti e fornitori preparazione delle relazioni che rinetrano nel perimetro di&#8230;<\/p>\n","protected":false},"author":3,"featured_media":0,"parent":1948,"menu_order":0,"comment_status":"closed","ping_status":"closed","template":"","meta":{"_acf_changed":false,"_trash_the_other_posts":false,"footnotes":"","_links_to":"","_links_to_target":""},"tags":[],"class_list":["post-1963","page","type-page","status-publish","hentry"],"acf":[],"yoast_head":"<!-- This site is optimized with the Yoast SEO plugin v24.4 - https:\/\/yoast.com\/wordpress\/plugins\/seo\/ -->\n<title>Servizio di contabilit\u00e0 analitica delle voci di credito e debito - Citt\u00e0 di Fiume<\/title>\n<meta name=\"robots\" content=\"index, follow, max-snippet:-1, max-image-preview:large, max-video-preview:-1\" \/>\n<link rel=\"canonical\" href=\"https:\/\/www.rijeka.hr\/it\/amministrazione-cittadina\/dipartimenti-amministrativi\/dipartimento-amministrativo-per-le-finanze-2\/direzione-contabilita\/direzione-contabilita-analitica-dei-crediti\/\" \/>\n<meta property=\"og:locale\" content=\"it_IT\" \/>\n<meta property=\"og:type\" content=\"article\" \/>\n<meta property=\"og:title\" content=\"Servizio di contabilit\u00e0 analitica delle voci di credito e debito - Citt\u00e0 di Fiume\" \/>\n<meta property=\"og:description\" content=\"Il Servizio di contabilit\u00e0 analitica delle voci di credito e debito svolge le seguenti mansioni:: contabilit\u00e0 analitica delle voci di credito e di debito tenuta dei libri ausiliari prescritti e dei resoconti analitici delle voci di credito e di debito, l\u2019armonizzazione del saldo con clienti e fornitori preparazione delle relazioni che rinetrano nel perimetro di...\" \/>\n<meta property=\"og:url\" content=\"https:\/\/www.rijeka.hr\/it\/amministrazione-cittadina\/dipartimenti-amministrativi\/dipartimento-amministrativo-per-le-finanze-2\/direzione-contabilita\/direzione-contabilita-analitica-dei-crediti\/\" \/>\n<meta property=\"og:site_name\" content=\"Citt\u00e0 di Fiume\" \/>\n<meta property=\"article:modified_time\" content=\"2023-07-11T07:33:07+00:00\" \/>\n<meta name=\"twitter:card\" content=\"summary_large_image\" \/>\n<script type=\"application\/ld+json\" class=\"yoast-schema-graph\">{\"@context\":\"https:\/\/schema.org\",\"@graph\":[{\"@type\":\"WebPage\",\"@id\":\"https:\/\/www.rijeka.hr\/it\/amministrazione-cittadina\/dipartimenti-amministrativi\/dipartimento-amministrativo-per-le-finanze-2\/direzione-contabilita\/direzione-contabilita-analitica-dei-crediti\/\",\"url\":\"https:\/\/www.rijeka.hr\/it\/amministrazione-cittadina\/dipartimenti-amministrativi\/dipartimento-amministrativo-per-le-finanze-2\/direzione-contabilita\/direzione-contabilita-analitica-dei-crediti\/\",\"name\":\"Servizio di contabilit\u00e0 analitica delle voci di credito e debito - Citt\u00e0 di Fiume\",\"isPartOf\":{\"@id\":\"https:\/\/www.rijeka.hr\/it\/#website\"},\"datePublished\":\"2016-11-09T12:15:42+00:00\",\"dateModified\":\"2023-07-11T07:33:07+00:00\",\"breadcrumb\":{\"@id\":\"https:\/\/www.rijeka.hr\/it\/amministrazione-cittadina\/dipartimenti-amministrativi\/dipartimento-amministrativo-per-le-finanze-2\/direzione-contabilita\/direzione-contabilita-analitica-dei-crediti\/#breadcrumb\"},\"inLanguage\":\"it-IT\",\"potentialAction\":[{\"@type\":\"ReadAction\",\"target\":[\"https:\/\/www.rijeka.hr\/it\/amministrazione-cittadina\/dipartimenti-amministrativi\/dipartimento-amministrativo-per-le-finanze-2\/direzione-contabilita\/direzione-contabilita-analitica-dei-crediti\/\"]}]},{\"@type\":\"BreadcrumbList\",\"@id\":\"https:\/\/www.rijeka.hr\/it\/amministrazione-cittadina\/dipartimenti-amministrativi\/dipartimento-amministrativo-per-le-finanze-2\/direzione-contabilita\/direzione-contabilita-analitica-dei-crediti\/#breadcrumb\",\"itemListElement\":[{\"@type\":\"ListItem\",\"position\":1,\"name\":\"Po\u010detna stranica\",\"item\":\"https:\/\/www.rijeka.hr\/it\/\"},{\"@type\":\"ListItem\",\"position\":2,\"name\":\"Amministrazione cittadina\",\"item\":\"https:\/\/www.rijeka.hr\/it\/amministrazione-cittadina\/\"},{\"@type\":\"ListItem\",\"position\":3,\"name\":\"Dipartimenti amministrativi\",\"item\":\"https:\/\/www.rijeka.hr\/it\/amministrazione-cittadina\/dipartimenti-amministrativi\/\"},{\"@type\":\"ListItem\",\"position\":4,\"name\":\"Dipartimento amministrativo per le finanze\",\"item\":\"https:\/\/www.rijeka.hr\/it\/amministrazione-cittadina\/dipartimenti-amministrativi\/dipartimento-amministrativo-per-le-finanze-2\/\"},{\"@type\":\"ListItem\",\"position\":5,\"name\":\"Direzione contabilit\u00e0 bilancio e tesoreria cittadina\",\"item\":\"https:\/\/www.rijeka.hr\/it\/amministrazione-cittadina\/dipartimenti-amministrativi\/dipartimento-amministrativo-per-le-finanze-2\/direzione-contabilita\/\"},{\"@type\":\"ListItem\",\"position\":6,\"name\":\"Servizio di contabilit\u00e0 analitica delle voci di credito e debito\"}]},{\"@type\":\"WebSite\",\"@id\":\"https:\/\/www.rijeka.hr\/it\/#website\",\"url\":\"https:\/\/www.rijeka.hr\/it\/\",\"name\":\"Citt\u00e0 di Fiume\",\"description\":\"Portale web della Citta&#039; di Fiume\",\"potentialAction\":[{\"@type\":\"SearchAction\",\"target\":{\"@type\":\"EntryPoint\",\"urlTemplate\":\"https:\/\/www.rijeka.hr\/it\/?s={search_term_string}\"},\"query-input\":{\"@type\":\"PropertyValueSpecification\",\"valueRequired\":true,\"valueName\":\"search_term_string\"}}],\"inLanguage\":\"it-IT\"}]}<\/script>\n<!-- \/ Yoast SEO plugin. -->","yoast_head_json":{"title":"Servizio di contabilit\u00e0 analitica delle voci di credito e debito - Citt\u00e0 di Fiume","robots":{"index":"index","follow":"follow","max-snippet":"max-snippet:-1","max-image-preview":"max-image-preview:large","max-video-preview":"max-video-preview:-1"},"canonical":"https:\/\/www.rijeka.hr\/it\/amministrazione-cittadina\/dipartimenti-amministrativi\/dipartimento-amministrativo-per-le-finanze-2\/direzione-contabilita\/direzione-contabilita-analitica-dei-crediti\/","og_locale":"it_IT","og_type":"article","og_title":"Servizio di contabilit\u00e0 analitica delle voci di credito e debito - Citt\u00e0 di Fiume","og_description":"Il Servizio di contabilit\u00e0 analitica delle voci di credito e debito svolge le seguenti mansioni:: contabilit\u00e0 analitica delle voci di credito e di debito tenuta dei libri ausiliari prescritti e dei resoconti analitici delle voci di credito e di debito, l\u2019armonizzazione del saldo con clienti e fornitori preparazione delle relazioni che rinetrano nel perimetro di...","og_url":"https:\/\/www.rijeka.hr\/it\/amministrazione-cittadina\/dipartimenti-amministrativi\/dipartimento-amministrativo-per-le-finanze-2\/direzione-contabilita\/direzione-contabilita-analitica-dei-crediti\/","og_site_name":"Citt\u00e0 di Fiume","article_modified_time":"2023-07-11T07:33:07+00:00","twitter_card":"summary_large_image","schema":{"@context":"https:\/\/schema.org","@graph":[{"@type":"WebPage","@id":"https:\/\/www.rijeka.hr\/it\/amministrazione-cittadina\/dipartimenti-amministrativi\/dipartimento-amministrativo-per-le-finanze-2\/direzione-contabilita\/direzione-contabilita-analitica-dei-crediti\/","url":"https:\/\/www.rijeka.hr\/it\/amministrazione-cittadina\/dipartimenti-amministrativi\/dipartimento-amministrativo-per-le-finanze-2\/direzione-contabilita\/direzione-contabilita-analitica-dei-crediti\/","name":"Servizio di contabilit\u00e0 analitica delle voci di credito e debito - Citt\u00e0 di Fiume","isPartOf":{"@id":"https:\/\/www.rijeka.hr\/it\/#website"},"datePublished":"2016-11-09T12:15:42+00:00","dateModified":"2023-07-11T07:33:07+00:00","breadcrumb":{"@id":"https:\/\/www.rijeka.hr\/it\/amministrazione-cittadina\/dipartimenti-amministrativi\/dipartimento-amministrativo-per-le-finanze-2\/direzione-contabilita\/direzione-contabilita-analitica-dei-crediti\/#breadcrumb"},"inLanguage":"it-IT","potentialAction":[{"@type":"ReadAction","target":["https:\/\/www.rijeka.hr\/it\/amministrazione-cittadina\/dipartimenti-amministrativi\/dipartimento-amministrativo-per-le-finanze-2\/direzione-contabilita\/direzione-contabilita-analitica-dei-crediti\/"]}]},{"@type":"BreadcrumbList","@id":"https:\/\/www.rijeka.hr\/it\/amministrazione-cittadina\/dipartimenti-amministrativi\/dipartimento-amministrativo-per-le-finanze-2\/direzione-contabilita\/direzione-contabilita-analitica-dei-crediti\/#breadcrumb","itemListElement":[{"@type":"ListItem","position":1,"name":"Po\u010detna stranica","item":"https:\/\/www.rijeka.hr\/it\/"},{"@type":"ListItem","position":2,"name":"Amministrazione cittadina","item":"https:\/\/www.rijeka.hr\/it\/amministrazione-cittadina\/"},{"@type":"ListItem","position":3,"name":"Dipartimenti amministrativi","item":"https:\/\/www.rijeka.hr\/it\/amministrazione-cittadina\/dipartimenti-amministrativi\/"},{"@type":"ListItem","position":4,"name":"Dipartimento amministrativo per le finanze","item":"https:\/\/www.rijeka.hr\/it\/amministrazione-cittadina\/dipartimenti-amministrativi\/dipartimento-amministrativo-per-le-finanze-2\/"},{"@type":"ListItem","position":5,"name":"Direzione contabilit\u00e0 bilancio e tesoreria cittadina","item":"https:\/\/www.rijeka.hr\/it\/amministrazione-cittadina\/dipartimenti-amministrativi\/dipartimento-amministrativo-per-le-finanze-2\/direzione-contabilita\/"},{"@type":"ListItem","position":6,"name":"Servizio di contabilit\u00e0 analitica delle voci di credito e debito"}]},{"@type":"WebSite","@id":"https:\/\/www.rijeka.hr\/it\/#website","url":"https:\/\/www.rijeka.hr\/it\/","name":"Citt\u00e0 di Fiume","description":"Portale web della Citta&#039; di Fiume","potentialAction":[{"@type":"SearchAction","target":{"@type":"EntryPoint","urlTemplate":"https:\/\/www.rijeka.hr\/it\/?s={search_term_string}"},"query-input":{"@type":"PropertyValueSpecification","valueRequired":true,"valueName":"search_term_string"}}],"inLanguage":"it-IT"}]}},"_links":{"self":[{"href":"https:\/\/www.rijeka.hr\/it\/wp-json\/wp\/v2\/pages\/1963","targetHints":{"allow":["GET"]}}],"collection":[{"href":"https:\/\/www.rijeka.hr\/it\/wp-json\/wp\/v2\/pages"}],"about":[{"href":"https:\/\/www.rijeka.hr\/it\/wp-json\/wp\/v2\/types\/page"}],"author":[{"embeddable":true,"href":"https:\/\/www.rijeka.hr\/it\/wp-json\/wp\/v2\/users\/3"}],"replies":[{"embeddable":true,"href":"https:\/\/www.rijeka.hr\/it\/wp-json\/wp\/v2\/comments?post=1963"}],"version-history":[{"count":3,"href":"https:\/\/www.rijeka.hr\/it\/wp-json\/wp\/v2\/pages\/1963\/revisions"}],"predecessor-version":[{"id":11718,"href":"https:\/\/www.rijeka.hr\/it\/wp-json\/wp\/v2\/pages\/1963\/revisions\/11718"}],"up":[{"embeddable":true,"href":"https:\/\/www.rijeka.hr\/it\/wp-json\/wp\/v2\/pages\/1948"}],"wp:attachment":[{"href":"https:\/\/www.rijeka.hr\/it\/wp-json\/wp\/v2\/media?parent=1963"}],"wp:term":[{"taxonomy":"post_tag","embeddable":true,"href":"https:\/\/www.rijeka.hr\/it\/wp-json\/wp\/v2\/tags?post=1963"}],"curies":[{"name":"wp","href":"https:\/\/api.w.org\/{rel}","templated":true}]}}