{"id":1965,"date":"2016-11-09T13:31:05","date_gmt":"2016-11-09T12:31:05","guid":{"rendered":"https:\/\/www.rijeka.hr\/it\/?page_id=1965"},"modified":"2023-07-03T10:59:11","modified_gmt":"2023-07-03T08:59:11","slug":"servizio-contabilita-analitica-degli-appartamenti-venduti","status":"publish","type":"page","link":"https:\/\/www.rijeka.hr\/it\/amministrazione-cittadina\/dipartimenti-amministrativi\/dipartimento-amministrativo-per-le-finanze-2\/direzione-imposte-cittadine-altri-ricavi\/servizio-contabilita-analitica-degli-appartamenti-venduti\/","title":{"rendered":"Servizio delle entrate non tributarie"},"content":{"rendered":"<p>Le attivit\u00e0 del Servizio delle entrate non tributarie comprendono<\/p>\n<ul>\n<li>l\u2019identificazione, il monitoraggio e la registrazione delle passivit\u00e0 contrattate a titolo di pagamento rateale e obbligazioni garantite da strumenti collaterali e la fatturazione<\/li>\n<li>la gestione delle concessioni in collaborazione con il Registro delle concessioni, il contributo comunale, il noleggio e la vendita di attivit\u00e0, prestiti imprenditoriali a lungo termine, depositi di garanzia derivanti da varie basi, banche e clienti, il monitoraggio degli alloggi cittadini venduti e altre attivit\u00e0,<\/li>\n<li>intraprende misure di raccolta e rendicontazione per vari scopi, nonch\u00e9 pianifica e monitora la realizzazione dei proventi che rientrano nel perimetro di attivit\u00e0, monitora l&#8217;esecuzione degli obblighi garantiti con strumenti per l&#8217;espletamento delle attivit\u00e0 di riscossione, la tenuta dei registri delle procedure e della riscossione e il registro delle entit\u00e0 aziendali,<\/li>\n<li>prepara vari ordini di contabilit\u00e0, decisioni sulla restituzione di fondi in modo errato o pagati in eccesso, decisioni in materia di esecuzione, emissioni di altre decisioni e atti in procedimenti amministrativi, calcolo degli interessi, segnalazione di crediti in procedure pre-fallimentari, fallimentari e liquidazioni, attivit\u00e0 di cancellazione di credito che rientrano nel perimetro di attivit\u00e0,<\/li>\n<li>preparazione delle risposte ufficiali alle richieste dentro il perimento di attivit\u00e0, la comunicazione con i contribuenti, altre unit\u00e0 organizzative, istituzioni finanziarie e altre persone giuridiche e organi competenti, e tenuta dei registri ausiliari prescritti<\/li>\n<\/ul>\n","protected":false},"excerpt":{"rendered":"<p>Le attivit\u00e0 del Servizio delle entrate non tributarie comprendono l\u2019identificazione, il monitoraggio e la registrazione delle passivit\u00e0 contrattate a titolo di pagamento rateale e obbligazioni garantite da strumenti collaterali e la fatturazione la gestione delle concessioni in collaborazione con il Registro delle concessioni, il contributo comunale, il noleggio e la vendita di attivit\u00e0, prestiti imprenditoriali&#8230;<\/p>\n","protected":false},"author":3,"featured_media":0,"parent":1950,"menu_order":0,"comment_status":"closed","ping_status":"closed","template":"","meta":{"_acf_changed":false,"_trash_the_other_posts":false,"footnotes":"","_links_to":"","_links_to_target":""},"tags":[],"class_list":["post-1965","page","type-page","status-publish","hentry"],"acf":[],"yoast_head":"<!-- This site is optimized with the Yoast SEO plugin v24.4 - https:\/\/yoast.com\/wordpress\/plugins\/seo\/ -->\n<title>Servizio delle entrate non tributarie - Citt\u00e0 di Fiume<\/title>\n<meta name=\"robots\" content=\"index, follow, max-snippet:-1, max-image-preview:large, max-video-preview:-1\" \/>\n<link rel=\"canonical\" href=\"https:\/\/www.rijeka.hr\/it\/amministrazione-cittadina\/dipartimenti-amministrativi\/dipartimento-amministrativo-per-le-finanze-2\/direzione-imposte-cittadine-altri-ricavi\/servizio-contabilita-analitica-degli-appartamenti-venduti\/\" \/>\n<meta property=\"og:locale\" content=\"it_IT\" \/>\n<meta property=\"og:type\" content=\"article\" \/>\n<meta property=\"og:title\" content=\"Servizio delle entrate non tributarie - Citt\u00e0 di Fiume\" \/>\n<meta property=\"og:description\" content=\"Le attivit\u00e0 del Servizio delle entrate non tributarie comprendono l\u2019identificazione, il monitoraggio e la registrazione delle passivit\u00e0 contrattate a titolo di pagamento rateale e obbligazioni garantite da strumenti collaterali e la fatturazione la gestione delle concessioni in collaborazione con il Registro delle concessioni, il contributo comunale, il noleggio e la vendita di attivit\u00e0, prestiti imprenditoriali...\" \/>\n<meta property=\"og:url\" content=\"https:\/\/www.rijeka.hr\/it\/amministrazione-cittadina\/dipartimenti-amministrativi\/dipartimento-amministrativo-per-le-finanze-2\/direzione-imposte-cittadine-altri-ricavi\/servizio-contabilita-analitica-degli-appartamenti-venduti\/\" \/>\n<meta property=\"og:site_name\" content=\"Citt\u00e0 di Fiume\" \/>\n<meta property=\"article:modified_time\" content=\"2023-07-03T08:59:11+00:00\" \/>\n<meta name=\"twitter:card\" content=\"summary_large_image\" \/>\n<meta name=\"twitter:label1\" content=\"Est. reading time\" \/>\n\t<meta name=\"twitter:data1\" content=\"1 minute\" \/>\n<script type=\"application\/ld+json\" class=\"yoast-schema-graph\">{\"@context\":\"https:\/\/schema.org\",\"@graph\":[{\"@type\":\"WebPage\",\"@id\":\"https:\/\/www.rijeka.hr\/it\/amministrazione-cittadina\/dipartimenti-amministrativi\/dipartimento-amministrativo-per-le-finanze-2\/direzione-imposte-cittadine-altri-ricavi\/servizio-contabilita-analitica-degli-appartamenti-venduti\/\",\"url\":\"https:\/\/www.rijeka.hr\/it\/amministrazione-cittadina\/dipartimenti-amministrativi\/dipartimento-amministrativo-per-le-finanze-2\/direzione-imposte-cittadine-altri-ricavi\/servizio-contabilita-analitica-degli-appartamenti-venduti\/\",\"name\":\"Servizio delle entrate non tributarie - Citt\u00e0 di Fiume\",\"isPartOf\":{\"@id\":\"https:\/\/www.rijeka.hr\/it\/#website\"},\"datePublished\":\"2016-11-09T12:31:05+00:00\",\"dateModified\":\"2023-07-03T08:59:11+00:00\",\"breadcrumb\":{\"@id\":\"https:\/\/www.rijeka.hr\/it\/amministrazione-cittadina\/dipartimenti-amministrativi\/dipartimento-amministrativo-per-le-finanze-2\/direzione-imposte-cittadine-altri-ricavi\/servizio-contabilita-analitica-degli-appartamenti-venduti\/#breadcrumb\"},\"inLanguage\":\"it-IT\",\"potentialAction\":[{\"@type\":\"ReadAction\",\"target\":[\"https:\/\/www.rijeka.hr\/it\/amministrazione-cittadina\/dipartimenti-amministrativi\/dipartimento-amministrativo-per-le-finanze-2\/direzione-imposte-cittadine-altri-ricavi\/servizio-contabilita-analitica-degli-appartamenti-venduti\/\"]}]},{\"@type\":\"BreadcrumbList\",\"@id\":\"https:\/\/www.rijeka.hr\/it\/amministrazione-cittadina\/dipartimenti-amministrativi\/dipartimento-amministrativo-per-le-finanze-2\/direzione-imposte-cittadine-altri-ricavi\/servizio-contabilita-analitica-degli-appartamenti-venduti\/#breadcrumb\",\"itemListElement\":[{\"@type\":\"ListItem\",\"position\":1,\"name\":\"Po\u010detna stranica\",\"item\":\"https:\/\/www.rijeka.hr\/it\/\"},{\"@type\":\"ListItem\",\"position\":2,\"name\":\"Amministrazione cittadina\",\"item\":\"https:\/\/www.rijeka.hr\/it\/amministrazione-cittadina\/\"},{\"@type\":\"ListItem\",\"position\":3,\"name\":\"Dipartimenti amministrativi\",\"item\":\"https:\/\/www.rijeka.hr\/it\/amministrazione-cittadina\/dipartimenti-amministrativi\/\"},{\"@type\":\"ListItem\",\"position\":4,\"name\":\"Dipartimento amministrativo per le finanze\",\"item\":\"https:\/\/www.rijeka.hr\/it\/amministrazione-cittadina\/dipartimenti-amministrativi\/dipartimento-amministrativo-per-le-finanze-2\/\"},{\"@type\":\"ListItem\",\"position\":5,\"name\":\"Direzione imposte cittadine e altri ricavi\",\"item\":\"https:\/\/www.rijeka.hr\/it\/amministrazione-cittadina\/dipartimenti-amministrativi\/dipartimento-amministrativo-per-le-finanze-2\/direzione-imposte-cittadine-altri-ricavi\/\"},{\"@type\":\"ListItem\",\"position\":6,\"name\":\"Servizio delle entrate non tributarie\"}]},{\"@type\":\"WebSite\",\"@id\":\"https:\/\/www.rijeka.hr\/it\/#website\",\"url\":\"https:\/\/www.rijeka.hr\/it\/\",\"name\":\"Citt\u00e0 di Fiume\",\"description\":\"Portale web della Citta&#039; di Fiume\",\"potentialAction\":[{\"@type\":\"SearchAction\",\"target\":{\"@type\":\"EntryPoint\",\"urlTemplate\":\"https:\/\/www.rijeka.hr\/it\/?s={search_term_string}\"},\"query-input\":{\"@type\":\"PropertyValueSpecification\",\"valueRequired\":true,\"valueName\":\"search_term_string\"}}],\"inLanguage\":\"it-IT\"}]}<\/script>\n<!-- \/ Yoast SEO plugin. -->","yoast_head_json":{"title":"Servizio delle entrate non tributarie - Citt\u00e0 di Fiume","robots":{"index":"index","follow":"follow","max-snippet":"max-snippet:-1","max-image-preview":"max-image-preview:large","max-video-preview":"max-video-preview:-1"},"canonical":"https:\/\/www.rijeka.hr\/it\/amministrazione-cittadina\/dipartimenti-amministrativi\/dipartimento-amministrativo-per-le-finanze-2\/direzione-imposte-cittadine-altri-ricavi\/servizio-contabilita-analitica-degli-appartamenti-venduti\/","og_locale":"it_IT","og_type":"article","og_title":"Servizio delle entrate non tributarie - Citt\u00e0 di Fiume","og_description":"Le attivit\u00e0 del Servizio delle entrate non tributarie comprendono l\u2019identificazione, il monitoraggio e la registrazione delle passivit\u00e0 contrattate a titolo di pagamento rateale e obbligazioni garantite da strumenti collaterali e la fatturazione la gestione delle concessioni in collaborazione con il Registro delle concessioni, il contributo comunale, il noleggio e la vendita di attivit\u00e0, prestiti imprenditoriali...","og_url":"https:\/\/www.rijeka.hr\/it\/amministrazione-cittadina\/dipartimenti-amministrativi\/dipartimento-amministrativo-per-le-finanze-2\/direzione-imposte-cittadine-altri-ricavi\/servizio-contabilita-analitica-degli-appartamenti-venduti\/","og_site_name":"Citt\u00e0 di Fiume","article_modified_time":"2023-07-03T08:59:11+00:00","twitter_card":"summary_large_image","twitter_misc":{"Est. reading time":"1 minute"},"schema":{"@context":"https:\/\/schema.org","@graph":[{"@type":"WebPage","@id":"https:\/\/www.rijeka.hr\/it\/amministrazione-cittadina\/dipartimenti-amministrativi\/dipartimento-amministrativo-per-le-finanze-2\/direzione-imposte-cittadine-altri-ricavi\/servizio-contabilita-analitica-degli-appartamenti-venduti\/","url":"https:\/\/www.rijeka.hr\/it\/amministrazione-cittadina\/dipartimenti-amministrativi\/dipartimento-amministrativo-per-le-finanze-2\/direzione-imposte-cittadine-altri-ricavi\/servizio-contabilita-analitica-degli-appartamenti-venduti\/","name":"Servizio delle entrate non tributarie - Citt\u00e0 di Fiume","isPartOf":{"@id":"https:\/\/www.rijeka.hr\/it\/#website"},"datePublished":"2016-11-09T12:31:05+00:00","dateModified":"2023-07-03T08:59:11+00:00","breadcrumb":{"@id":"https:\/\/www.rijeka.hr\/it\/amministrazione-cittadina\/dipartimenti-amministrativi\/dipartimento-amministrativo-per-le-finanze-2\/direzione-imposte-cittadine-altri-ricavi\/servizio-contabilita-analitica-degli-appartamenti-venduti\/#breadcrumb"},"inLanguage":"it-IT","potentialAction":[{"@type":"ReadAction","target":["https:\/\/www.rijeka.hr\/it\/amministrazione-cittadina\/dipartimenti-amministrativi\/dipartimento-amministrativo-per-le-finanze-2\/direzione-imposte-cittadine-altri-ricavi\/servizio-contabilita-analitica-degli-appartamenti-venduti\/"]}]},{"@type":"BreadcrumbList","@id":"https:\/\/www.rijeka.hr\/it\/amministrazione-cittadina\/dipartimenti-amministrativi\/dipartimento-amministrativo-per-le-finanze-2\/direzione-imposte-cittadine-altri-ricavi\/servizio-contabilita-analitica-degli-appartamenti-venduti\/#breadcrumb","itemListElement":[{"@type":"ListItem","position":1,"name":"Po\u010detna stranica","item":"https:\/\/www.rijeka.hr\/it\/"},{"@type":"ListItem","position":2,"name":"Amministrazione cittadina","item":"https:\/\/www.rijeka.hr\/it\/amministrazione-cittadina\/"},{"@type":"ListItem","position":3,"name":"Dipartimenti amministrativi","item":"https:\/\/www.rijeka.hr\/it\/amministrazione-cittadina\/dipartimenti-amministrativi\/"},{"@type":"ListItem","position":4,"name":"Dipartimento amministrativo per le finanze","item":"https:\/\/www.rijeka.hr\/it\/amministrazione-cittadina\/dipartimenti-amministrativi\/dipartimento-amministrativo-per-le-finanze-2\/"},{"@type":"ListItem","position":5,"name":"Direzione imposte cittadine e altri ricavi","item":"https:\/\/www.rijeka.hr\/it\/amministrazione-cittadina\/dipartimenti-amministrativi\/dipartimento-amministrativo-per-le-finanze-2\/direzione-imposte-cittadine-altri-ricavi\/"},{"@type":"ListItem","position":6,"name":"Servizio delle entrate non tributarie"}]},{"@type":"WebSite","@id":"https:\/\/www.rijeka.hr\/it\/#website","url":"https:\/\/www.rijeka.hr\/it\/","name":"Citt\u00e0 di Fiume","description":"Portale web della Citta&#039; di Fiume","potentialAction":[{"@type":"SearchAction","target":{"@type":"EntryPoint","urlTemplate":"https:\/\/www.rijeka.hr\/it\/?s={search_term_string}"},"query-input":{"@type":"PropertyValueSpecification","valueRequired":true,"valueName":"search_term_string"}}],"inLanguage":"it-IT"}]}},"_links":{"self":[{"href":"https:\/\/www.rijeka.hr\/it\/wp-json\/wp\/v2\/pages\/1965","targetHints":{"allow":["GET"]}}],"collection":[{"href":"https:\/\/www.rijeka.hr\/it\/wp-json\/wp\/v2\/pages"}],"about":[{"href":"https:\/\/www.rijeka.hr\/it\/wp-json\/wp\/v2\/types\/page"}],"author":[{"embeddable":true,"href":"https:\/\/www.rijeka.hr\/it\/wp-json\/wp\/v2\/users\/3"}],"replies":[{"embeddable":true,"href":"https:\/\/www.rijeka.hr\/it\/wp-json\/wp\/v2\/comments?post=1965"}],"version-history":[{"count":3,"href":"https:\/\/www.rijeka.hr\/it\/wp-json\/wp\/v2\/pages\/1965\/revisions"}],"predecessor-version":[{"id":1967,"href":"https:\/\/www.rijeka.hr\/it\/wp-json\/wp\/v2\/pages\/1965\/revisions\/1967"}],"up":[{"embeddable":true,"href":"https:\/\/www.rijeka.hr\/it\/wp-json\/wp\/v2\/pages\/1950"}],"wp:attachment":[{"href":"https:\/\/www.rijeka.hr\/it\/wp-json\/wp\/v2\/media?parent=1965"}],"wp:term":[{"taxonomy":"post_tag","embeddable":true,"href":"https:\/\/www.rijeka.hr\/it\/wp-json\/wp\/v2\/tags?post=1965"}],"curies":[{"name":"wp","href":"https:\/\/api.w.org\/{rel}","templated":true}]}}