{"id":2009,"date":"2016-11-10T09:39:41","date_gmt":"2016-11-10T08:39:41","guid":{"rendered":"https:\/\/www.rijeka.hr\/it\/?page_id=2009"},"modified":"2026-03-03T12:39:07","modified_gmt":"2026-03-03T11:39:07","slug":"komunalna-i-trgovacka-drustva","status":"publish","type":"page","link":"https:\/\/www.rijeka.hr\/it\/amministrazione-cittadina\/komunalna-i-trgovacka-drustva\/","title":{"rendered":"Aziende e societ\u00e0 municipalizzate"},"content":{"rendered":"<h2>Poslovni sustavi<\/h2>\n<p><a href=\"https:\/\/www.rijeka.hr\/wp-content\/uploads\/2016\/04\/Poslovni-sustavi-2.jpg\" data-rel=\"lightbox-image-0\" data-rl_title=\"\" data-rl_caption=\"\" title=\"\"><img decoding=\"async\" class=\"alignleft size-full wp-image-28310\" src=\"https:\/\/www.rijeka.hr\/wp-content\/uploads\/2016\/04\/Poslovni-sustavi-2.jpg\" alt=\"Poslovni sustavi (2)\" \/><\/a><\/p>\n<p>L\u2019azienda municipalizzata \u201c<a href=\"http:\/\/www.poslovni-sustavi.hr\/\">Poslovni sustavi<\/a>\u201d si occupa, in primo luogo, dello sviluppo strategico e del supporto commerciale che presta alle aziende municipalizzate Autotrolej di Fiume e Rijeka Promet.<\/p>\n<p>Membri del Consiglio di gestione &#8211; Direttore: <strong>Tomislav Mazal<br \/>\n<\/strong>\u0160kolji\u0107 15, Rijeka<br \/>\n<a href=\"tel:+385%2051%20564%20446\">T. +385 51 564 446<\/a><br \/>\nF. +385 51 564 446<br \/>\n<a href=\"http:\/\/www.poslovni-sustavi.hr\">http:\/\/www.poslovni-sustavi.hr<\/a><\/p>\n<h2>Rijeka plus<\/h2>\n<p><a href=\"https:\/\/www.rijeka.hr\/wp-content\/uploads\/2016\/04\/Rijeka-plus-mala-1.jpg\" data-rel=\"lightbox-image-1\" data-rl_title=\"\" data-rl_caption=\"\" title=\"\"><img loading=\"lazy\" decoding=\"async\" class=\"alignleft size-full wp-image-28311\" src=\"https:\/\/www.rijeka.hr\/wp-content\/uploads\/2016\/04\/Rijeka-plus-mala-1.jpg\" alt=\"Rijeka plus mala (1)\" width=\"150\" height=\"61\" \/><\/a>L&#8217;azienda \u00a0<a href=\"http:\/\/www.rijeka-plus.hr\/\" target=\"_blank\" rel=\"noopener\">Rijeka plus s.r.l<\/a>.\u00a0svolge le attivit\u00e0 di organizzazione e di gestione del pagamento di parccheggio nell&#8217;area della citt\u00e0 di Fiume, presta il servizio di trasporto, di noleggio degli autobus, dei furgoni, dei veicoli VIP e autobus a due piani per escursioni e gite concordate. Offre il servizio di nolleggio delle bici pubbliche sul Molo longo. Rijeka plus svolge inoltre le attivit\u00e0 legate al trasferimento, trazione e spostamento delle macchine parcheggiate irregolarmente usando il carroattrezzi e dispositivi per blocacre le ruote e svolge l&#8217;attivit\u00e0 comunale di mercati al dettaglio. La\u00a0<span style=\"color: #666666; font-family: Roboto, 'Helvetica Neue', Helvetica, Roboto, Arial, sans-serif; font-size: 16px;\">Rijeka plus svolge inoltre le attivit\u00e0 relative alla gestione del traffico e alla manutenzione delle strade.<\/span><\/p>\n<p>Direttore: <strong>Vlado Mezak<\/strong><br \/>\n\u0160kolji\u0107 15, Rijeka<br \/>\n<a href=\"tel:+385%2051%20445%20353\">T. +385 51 445 353<\/a><br \/>\nF. +385 51 445 353<br \/>\n<a href=\"m&#97;&#x69;&#x6c;t&#111;&#x3a;&#x69;n&#102;&#x6f;&#x40;r&#105;&#x6a;&#x65;k&#97;&#x2d;&#x70;l&#117;&#115;&#x2e;&#x68;r\">&#x69;&#x6e;&#x66;&#x6f;&#64;&#114;&#105;&#106;eka&#x2d;&#x70;&#x6c;&#x75;&#x73;&#46;&#104;&#114;<\/a><br \/>\n<a href=\"http:\/\/www.rijeka-plus.hr\/rijeka-plus\">http:\/\/www.rijeka-plus.hr\/rijeka-plus<\/a><\/p>\n<h2>Rijeka sport<\/h2>\n<p><a href=\"https:\/\/www.rijeka.hr\/wp-content\/uploads\/2016\/04\/Rijeka-sport-logo.jpg\" data-rel=\"lightbox-image-2\" data-rl_title=\"\" data-rl_caption=\"\" title=\"\"><img loading=\"lazy\" decoding=\"async\" class=\"alignleft size-full wp-image-28312\" src=\"https:\/\/www.rijeka.hr\/wp-content\/uploads\/2016\/04\/Rijeka-sport-logo.jpg\" alt=\"Rijeka sport logo\" width=\"150\" height=\"36\" \/><\/a><\/p>\n<p>L\u2019azienda municipalizzata \u201cRijeka sport\u201d\u00a0 s.r.l. per la gestione, la manutenzione e la costruzione delle strutture sportive e di altre strutture \u00e8 stata fondata nel 2007. La Citt\u00e0 di Fiume \u00e8 proprietaria dell\u2019azienda al 100%.<\/p>\n<p>Direttore: <strong>Igor Butorac<\/strong><br \/>\nTrg Viktora Bubnja 1, Rijeka<br \/>\n<a href=\"tel:+385%2051%20406%20444\">T. +385 51 406 444<\/a><br \/>\nF. +385 51 406 449<br \/>\n<a href=\"&#109;&#x61;&#x69;l&#116;&#x6f;&#x3a;r&#105;&#x6a;e&#107;&#x61;&#x73;p&#111;&#x72;t&#64;&#x72;&#x69;j&#101;&#x6b;&#x61;&#115;&#x70;&#x6f;r&#116;&#x2e;&#x68;r\">&#114;&#x69;j&#101;&#x6b;a&#115;&#x70;o&#114;&#x74;&#64;&#114;&#x69;&#106;&#x65;&#x6b;&#97;&#x73;&#x70;&#111;&#x72;t&#46;&#x68;r<\/a><br \/>\n<a href=\"https:\/\/www.rijekasport.hr\/\">http:\/\/www.rijekasport.hr\/Default.aspx<\/a><\/p>\n<h2>Autotrolej<\/h2>\n<p><a href=\"https:\/\/www.rijeka.hr\/wp-content\/uploads\/2016\/04\/Autotrolej.jpg\" data-rel=\"lightbox-image-3\" data-rl_title=\"\" data-rl_caption=\"\" title=\"\"><img loading=\"lazy\" decoding=\"async\" class=\"alignleft wp-image-28313 size-full\" src=\"https:\/\/www.rijeka.hr\/wp-content\/uploads\/2016\/04\/Autotrolej.jpg\" width=\"150\" height=\"65\" \/><\/a><\/p>\n<p>L\u2019azienda municipalizzata Autotrolej s.r.l. preposta ai trasporti pubblici opera a Fiume e nelle citt\u00e0 di Bakar, Kastav, Kraljevica e Opatija nonch\u00e9 nei comuni del circondario fumano di \u010cavle, Jelenje, Klana, Kostrena, Vi\u0161kovo, Matulji e Lovran. Tra i suoi proprietari e fondatori c\u2019e\u2019 pure la Citt\u00e0 di Fiume con una quota dell\u201983,4 per cento.<\/p>\n<p>Direttore: <strong>Vedran Tomi\u010di\u0107<\/strong><br \/>\n\u0160kolji\u0107 15, Rijeka<br \/>\n<a href=\"tel:+385%2051%20311%20400\">T. +385 51 311 400<\/a><br \/>\nF. +385 51 330 330<br \/>\n<a href=\"&#109;&#x61;&#105;&#x6c;&#116;&#x6f;&#58;&#x61;u&#x74;o&#x74;r&#x6f;l&#101;&#x6a;&#64;&#x61;&#117;&#x74;&#111;&#x74;&#114;&#x6f;l&#x65;j&#x2e;h&#x72;\">&#97;&#x75;&#116;&#x6f;t&#x72;o&#108;&#x65;&#106;&#x40;&#97;&#x75;t&#x6f;t&#114;&#x6f;&#108;&#x65;j&#x2e;h&#x72;<\/a><br \/>\n<a href=\"http:\/\/www.autotrolej.hr\">http:\/\/www.autotrolej.hr<\/a><\/p>\n<h2>\u010cisto\u0107a<\/h2>\n<p><a href=\"https:\/\/www.rijeka.hr\/wp-content\/uploads\/2016\/04\/Cistoca-Logo.jpg\" data-rel=\"lightbox-image-4\" data-rl_title=\"\" data-rl_caption=\"\" title=\"\"><img loading=\"lazy\" decoding=\"async\" class=\"alignleft size-full wp-image-28314\" src=\"https:\/\/www.rijeka.hr\/wp-content\/uploads\/2016\/04\/Cistoca-Logo.jpg\" alt=\"Cistoca Logo\" width=\"150\" height=\"65\" \/><\/a><a href=\"http:\/\/www.cistoca-ri.hr\/Pocetna.aspx\" target=\"_blank\" rel=\"noopener\">\u010cisto\u0107a<\/a>, \u00e8 l\u2019azienda municipalizzata che si occupa della manutenzione della pulizia e della gestione dei rifiuti.<br \/>\nLa Citt\u00e0 di Fiume ne \u00e8 \u00a0proprietaria con una quota dell\u2019 81,23%.<\/p>\n<p>Direttore: <strong>Igor Velimirovi\u0107<\/strong><br \/>\nDolac 14, Rijeka<br \/>\n<a href=\"tel:+385%2051%20353%20409\">T. +385 51 353 409<\/a><br \/>\n<a href=\"tel:0800%2099%2099%2000\">T. 0800 99 99 00<\/a><br \/>\n<a href=\"&#x6d;&#97;i&#x6c;&#116;o&#x3a;&#99;i&#x73;&#116;o&#x63;&#97;&#46;&#x72;&#x69;j&#x65;&#x6b;&#97;&#x40;&#x63;&#105;&#x73;&#x74;&#111;c&#x61;&#45;r&#x69;&#46;h&#x72;\">c&#105;&#x73;&#x74;o&#99;&#x61;&#x2e;r&#105;&#106;&#x65;&#x6b;a&#64;&#x63;&#x69;s&#116;&#x6f;&#x63;a&#45;&#114;&#x69;&#x2e;h&#114;<\/a><br \/>\n<a href=\"http:\/\/www.cistoca-ri.hr\/\">http:\/\/www.cistoca-ri.hr\/<\/a><\/p>\n<h2>Energo<\/h2>\n<p><a href=\"https:\/\/www.rijeka.hr\/wp-content\/uploads\/2016\/04\/Energo-logo.jpg\" data-rel=\"lightbox-image-5\" data-rl_title=\"\" data-rl_caption=\"\" title=\"\"><img loading=\"lazy\" decoding=\"async\" class=\"alignleft size-full wp-image-28315\" src=\"https:\/\/www.rijeka.hr\/wp-content\/uploads\/2016\/04\/Energo-logo.jpg\" alt=\"Energo logo\" width=\"150\" height=\"60\" \/><\/a><\/p>\n<p>L&#8217;azienda municipalizzata Energo s.r.l. per la produzione e la distribuzione di energia termica e gas. La Citt\u00e0 di Fiume detiene una quota proprietaria del 91,8 % nell\u2019azienda.<\/p>\n<p>Direttore:<strong> Marko Kri\u017eanec<\/strong><br \/>\nDolac 14, Rijeka<br \/>\n<a href=\"tel:+385%2051%20353%20006\">T. +385 51 353 006<\/a><br \/>\n<a href=\"tel:0800%20353%20040\">T. 0800 353 040<\/a><br \/>\nF. +385 51 353 007<br \/>\n<a href=\"&#x6d;a&#x69;&#108;&#x74;&#111;:&#x69;&#110;&#x66;&#111;&#64;&#x65;&#110;&#x65;&#114;g&#x6f;&#46;&#x68;&#114;\">&#105;n&#102;o&#64;e&#x6e;e&#x72;g&#x6f;&#46;&#x68;r<\/a><br \/>\n<a href=\"http:\/\/energo.hr\/\">http:\/\/energo.hr\/<\/a><\/p>\n<h2>Kozala<\/h2>\n<p><a href=\"https:\/\/www.rijeka.hr\/wp-content\/uploads\/2016\/04\/Kozala-logo.jpg\" data-rel=\"lightbox-image-6\" data-rl_title=\"\" data-rl_caption=\"\" title=\"\"><img loading=\"lazy\" decoding=\"async\" class=\"alignleft size-full wp-image-28316\" src=\"https:\/\/www.rijeka.hr\/wp-content\/uploads\/2016\/04\/Kozala-logo.jpg\" alt=\"Kozala-logo\" width=\"150\" height=\"51\" \/><\/a><\/p>\n<p>L\u2019azienda municipalizzata \u201cKozala\u201d di propriet\u00e0 della Citt\u00e0 di Fiume svolge l&#8217;attivit\u00e0 di sistemazione e manutenzione dei cimiteri, offre servizi funebri, di sepoltura e di arte funeraria. La municipalizzata svolge l\u2019attivit\u00e0 sul territorio della Citt\u00e0 di Fiume e comprende otto cimiteri: Cosala, Tersatto, Zamet, il cimitero cittadino centrale a Drenova, San Cosimo, Draga, Drenova Inferiore e Drenova Superiore.<\/p>\n<p>Direttrice: <strong>Nives Torbarina<\/strong><br \/>\nBra\u0107e Hla\u010da 2a, Rijeka<br \/>\n<a href=\"tel:+385%2051%20514%20300\">T. +385 51 514 300<\/a><br \/>\n<a href=\"tel:+385%2051%20208%20740\">T. +385 51 208 740<\/a><br \/>\nF. +385 51 514 201<br \/>\n<a href=\"&#x6d;&#97;&#x69;&#108;t&#x6f;&#58;i&#x6e;&#102;&#x6f;&#x40;k&#x64;&#45;k&#x6f;&#122;&#x61;&#x6c;a&#x2e;&#104;r\">in&#102;&#111;&#64;&#x6b;&#x64;&#x2d;&#x6b;oz&#97;&#108;&#97;&#x2e;&#x68;&#x72;<\/a><br \/>\n<a href=\"http:\/\/www.kd-kozala.hr\">http:\/\/www.kd-kozala.hr<\/a><\/p>\n<h2>Vodovod i kanalizacija<\/h2>\n<p><a href=\"https:\/\/www.rijeka.hr\/wp-content\/uploads\/2016\/04\/vik.jpg\" data-rel=\"lightbox-image-7\" data-rl_title=\"\" data-rl_caption=\"\" title=\"\"><img loading=\"lazy\" decoding=\"async\" class=\"alignleft size-full wp-image-28317\" src=\"https:\/\/www.rijeka.hr\/wp-content\/uploads\/2016\/04\/vik.jpg\" alt=\"vik\" width=\"150\" height=\"62\" \/><\/a>L&#8217;azienda municipalizzata \u00a0<a href=\"http:\/\/www.kdvik-rijeka.hr\/default.asp\">Vodovod i kanalizacija s.r.l.<\/a> presta servizi di rifornimento dell\u2019acqua potabile e di smaltimento delle acque di scarico e depurazione delle acque di scolo, di scarico delle acque piovane e di smaltimento delle acque reflue da fosse settiche e da serbatoi.<br \/>\nNumero di telefono del servizio di turno: 051 211 906 i 051 353 222<\/p>\n<p>Direttore: <strong>Damir Togunjac<\/strong><br \/>\nDolac 14, Rijeka<br \/>\n<a href=\"tel:+385%2051%20353%20222\">T. +385 51 353 222<\/a><br \/>\n<a href=\"&#x6d;a&#x69;&#108;&#x74;&#111;&#x3a;&#x6b;d&#x76;&#105;&#x6b;&#45;&#x72;&#105;j&#x65;&#107;&#x61;&#64;&#x6b;&#100;v&#x69;&#107;&#x2d;&#114;&#x69;&#106;e&#x6b;a&#x2e;&#104;&#x72;\">k&#100;&#x76;&#x69;k&#45;&#x72;&#x69;j&#101;&#x6b;&#x61;&#64;&#107;&#x64;&#x76;i&#107;&#x2d;&#x72;i&#106;&#101;&#x6b;&#x61;&#46;&#104;&#x72;<\/a><br \/>\n<a href=\"http:\/\/www.kdvik-rijeka.hr\/\">http:\/\/www.kdvik-rijeka.hr\/<\/a><\/p>\n<h2>Kanal Ri<\/h2>\n<p><a href=\"https:\/\/www.rijeka.hr\/wp-content\/uploads\/2016\/04\/KanalRi.jpg\" data-rel=\"lightbox-image-8\" data-rl_title=\"\" data-rl_caption=\"\" title=\"\"><img loading=\"lazy\" decoding=\"async\" class=\"alignleft size-full wp-image-28319\" src=\"https:\/\/www.rijeka.hr\/wp-content\/uploads\/2016\/04\/KanalRi.jpg\" alt=\"KanalRi\" width=\"150\" height=\"56\" \/><\/a><a href=\"http:\/\/www.kanal-ri.hr\/\" target=\"_blank\" rel=\"noopener\">Kanal Ri\u00a0<\/a>\u00a0( Canale RI) \u00e8 la televisione commerciale che trasmette programmi al livello di concessione sul territorio della Regione litoraneo &#8211; montana, della Regione Istriana e della Regione della Lika e di Segna.<\/p>\n<p>Direttore ad interim:<strong> Dorian Celcer<\/strong><br \/>\nTrg Rije\u010dke rezolucije 3, Rijeka<br \/>\n<a href=\"tel:+385%2051%20353%20666\">T. +385 51 353 666<\/a><br \/>\nF. +385 51 353 620<br \/>\n<a href=\"m&#97;&#x69;&#x6c;&#x74;o&#58;&#x69;&#x6e;&#x66;o&#64;&#x6b;&#x61;&#x6e;a&#108;&#x2d;&#x72;&#x69;&#46;&#104;&#x72;\">&#x69;&#x6e;&#x66;&#x6f;&#x40;&#x6b;&#x61;&#x6e;&#x61;&#x6c;&#x2d;&#x72;&#x69;&#x2e;&#x68;&#x72;<\/a><br \/>\n<a href=\"http:\/\/www.kanal-ri.hr\/\">http:\/\/www.kanal-ri.hr\/<\/a><\/p>\n<h2>Ekoplus<\/h2>\n<p><a href=\"https:\/\/www.rijeka.hr\/wp-content\/uploads\/2016\/04\/Ekoplus-logo.jpg\" data-rel=\"lightbox-image-9\" data-rl_title=\"\" data-rl_caption=\"\" title=\"\"><img loading=\"lazy\" decoding=\"async\" class=\"alignleft size-full wp-image-28320\" src=\"https:\/\/www.rijeka.hr\/wp-content\/uploads\/2016\/04\/Ekoplus-logo.jpg\" alt=\"Ekoplus logo\" width=\"150\" height=\"62\" \/><\/a><\/p>\n<p>Ekoplus \u00e8 una societ\u00e0 le cui attivit\u00e0 sono rivolte all\u2019introduzione di un nuovo sistema di gestione dei rifiuti nella Regione litoraneo &#8211; montana. I fondatori dell\u2019azienda Ekoplus sono: la Regione Litoraneo \u2013 montana, la Citt\u00e0 di Fiume, il Comune di Vi\u0161kovo e la municipalizzata \u010cisto\u0107a s.r.l.<\/p>\n<p>Presidente del Consiglio di amministrazione: <strong>Kristian Ga\u0161parini<\/strong><br \/>\nvia Ciotta 17b, Rijeka<br \/>\n<a href=\"tel:+385%2051%20325%20200\">T. +385 51 325 200<\/a><br \/>\nF. +385 51 325 190<br \/>\n<a href=\"&#x6d;&#x61;&#x69;&#108;&#116;&#111;:e&#x6b;&#x6f;&#x70;&#x6c;&#117;&#115;&#64;e&#x6b;&#x6f;&#x70;&#x6c;&#117;&#115;&#46;h&#x72;\">&#x65;&#x6b;&#111;p&#x6c;&#x75;&#x73;&#64;e&#x6b;&#x6f;&#x70;&#108;u&#x73;&#x2e;&#x68;&#114;<\/a><br \/>\n<a href=\"http:\/\/www.ekoplus.hr\/\">http:\/\/www.ekoplus.hr<\/a><\/p>\n<h2>Rije\u010dka razvojna agencija Porin<\/h2>\n<p><a href=\"https:\/\/www.rijeka.hr\/wp-content\/uploads\/2016\/04\/RRA_Porin-2015.jpg\" data-rel=\"lightbox-image-10\" data-rl_title=\"\" data-rl_caption=\"\" title=\"\"><img loading=\"lazy\" decoding=\"async\" class=\"alignleft size-full wp-image-28321\" src=\"https:\/\/www.rijeka.hr\/wp-content\/uploads\/2016\/04\/RRA_Porin-2015.jpg\" alt=\"RRA_Porin 2015\" width=\"150\" height=\"91\" \/><\/a><a href=\"http:\/\/www.porin.hr\/\" target=\"_blank\" rel=\"noopener\">Rije\u010dka razvojna agencija Porin<\/a>\u00a0L\u2019agenzia cittadina per lo sviluppo Porin si occupa dello sviluppo dell\u2019imprenditoria e del sistema di incubatori d\u2019impresa. Il suo fondatore \u00e8 la Citt\u00e0 di Fiume che detiene una quota pari al 100% del capitale sociale<\/p>\n<p>Diretore: <strong>Nenad Antolovi\u0107<\/strong><br \/>\nMilutina Bara\u010da 62, Rijeka<br \/>\n<a href=\"tel:+385%2051%20634%20331\">T. +385 51 634 331<\/a><br \/>\n<a href=\"&#x6d;&#x61;&#x69;&#x6c;&#x74;&#x6f;&#x3a;&#x72;&#114;&#97;&#112;&#111;&#114;&#105;&#110;&#64;por&#x69;&#x6e;&#x2e;&#x68;&#x72;\">&#x72;&#114;a&#x70;&#x6f;&#114;i&#x6e;&#64;p&#x6f;&#x72;&#105;n&#x2e;&#104;r<\/a><br \/>\n<a href=\"http:\/\/www.porin.hr\/\">http:\/\/www.porin.hr\/<\/a><\/p>\n<h2>Regionalna veletr\u017enica Rijeka-Matulji<\/h2>\n<p><a href=\"https:\/\/www.rijeka.hr\/wp-content\/uploads\/2016\/04\/rvm.jpg\" data-rel=\"lightbox-image-11\" data-rl_title=\"\" data-rl_caption=\"\" title=\"\"><img loading=\"lazy\" decoding=\"async\" class=\"alignleft size-full wp-image-28322\" src=\"https:\/\/www.rijeka.hr\/wp-content\/uploads\/2016\/04\/rvm.jpg\" alt=\"rvm\" width=\"150\" height=\"62\" \/><\/a><a href=\"http:\/\/www.veletrznica.hr\/hr\/regionalna-veletrznica-rijeka-matulji\" target=\"_blank\" rel=\"noopener\">Regionalna veletr\u017enica Rijeka-Matulji <\/a>\u00a0(Il Mercato regionale all&#8217;ingrosso Rijeka \u2013Matulji s.p.a.) \u00e8 un moderno mercato della frutta e verdura il quale opera secondo gli standard europei della qualit\u00e0 e delle condizioni sanitarie. I servizi del mercato vengono usati dai seguenti: produttori ortofrutticoli, associazioni dei produttori, commercianti ortofrutticoli all&#8217;ingrosso, negozi di frutta e verdura, supermercati, grandi magazzini, alberghi, ristoranti, ospedali e dalle altre istituzioni pubbliche nonch\u00e9 dai cittadini. Il mercato \u00e8 aperto ogni giorno eccetto la domenica e le feste. I clienti possono entrare nella zona del mercato in macchina dove ci sono sufficienti posti macchina.<\/p>\n<p>Direttore: <strong>Vilim Sankovi\u0107<\/strong><br \/>\nJu\u0161i\u0107i 69c, Matulji<br \/>\n<a href=\"tel:+385%2051%20277%20258\">T. +385 51 277 258 <\/a><br \/>\n<a href=\"tel:+385%2051%20277%20257\">T. +385 51 277 257<\/a><br \/>\nF. +385 51 277 258<br \/>\n<a href=\"&#109;&#x61;i&#x6c;t&#111;&#x3a;&#114;&#x76;r&#109;&#x40;&#114;&#x69;&#46;&#x74;&#x2d;&#99;&#x6f;m&#x2e;h&#114;\">&#x72;v&#x72;&#109;&#x40;&#114;&#x69;&#x2e;t&#x2d;&#99;&#x6f;&#109;&#x2e;&#104;r<\/a><br \/>\n<a href=\"https:\/\/www.veletrznica.hr\/hr\/regionalna-veletrznica-rijeka-matulji\">http:\/\/www.veletrznica.hr<\/a><\/p>\n","protected":false},"excerpt":{"rendered":"<p>Poslovni sustavi L\u2019azienda municipalizzata \u201cPoslovni sustavi\u201d si occupa, in primo luogo, dello sviluppo strategico e del supporto commerciale che presta alle aziende municipalizzate Autotrolej di Fiume e Rijeka Promet. Membri del Consiglio di gestione &#8211; Direttore: Tomislav Mazal \u0160kolji\u0107 15, Rijeka T. +385 51 564 446 F. +385 51 564 446 http:\/\/www.poslovni-sustavi.hr Rijeka plus L&#8217;azienda&#8230;<\/p>\n","protected":false},"author":2,"featured_media":0,"parent":1833,"menu_order":115,"comment_status":"closed","ping_status":"closed","template":"","meta":{"_acf_changed":false,"_trash_the_other_posts":false,"footnotes":"","_links_to":"","_links_to_target":""},"tags":[],"class_list":["post-2009","page","type-page","status-publish","hentry"],"acf":[],"yoast_head":"<!-- This site is optimized with the Yoast SEO plugin v24.4 - https:\/\/yoast.com\/wordpress\/plugins\/seo\/ -->\n<title>Aziende e societ\u00e0 municipalizzate - Citt\u00e0 di Fiume<\/title>\n<meta name=\"robots\" content=\"index, follow, max-snippet:-1, max-image-preview:large, max-video-preview:-1\" \/>\n<link rel=\"canonical\" href=\"https:\/\/www.rijeka.hr\/it\/amministrazione-cittadina\/komunalna-i-trgovacka-drustva\/\" \/>\n<meta property=\"og:locale\" content=\"it_IT\" \/>\n<meta property=\"og:type\" content=\"article\" \/>\n<meta property=\"og:title\" content=\"Aziende e societ\u00e0 municipalizzate - Citt\u00e0 di Fiume\" \/>\n<meta property=\"og:description\" content=\"Poslovni sustavi L\u2019azienda municipalizzata \u201cPoslovni sustavi\u201d si occupa, in primo luogo, dello sviluppo strategico e del supporto commerciale che presta alle aziende municipalizzate Autotrolej di Fiume e Rijeka Promet. Membri del Consiglio di gestione &#8211; Direttore: Tomislav Mazal \u0160kolji\u0107 15, Rijeka T. +385 51 564 446 F. +385 51 564 446 http:\/\/www.poslovni-sustavi.hr Rijeka plus L&#8217;azienda...\" \/>\n<meta property=\"og:url\" content=\"https:\/\/www.rijeka.hr\/it\/amministrazione-cittadina\/komunalna-i-trgovacka-drustva\/\" \/>\n<meta property=\"og:site_name\" content=\"Citt\u00e0 di Fiume\" \/>\n<meta property=\"article:modified_time\" content=\"2026-03-03T11:39:07+00:00\" \/>\n<meta name=\"twitter:card\" content=\"summary_large_image\" \/>\n<meta name=\"twitter:label1\" content=\"Est. reading time\" \/>\n\t<meta name=\"twitter:data1\" content=\"7 minutes\" \/>\n<script type=\"application\/ld+json\" class=\"yoast-schema-graph\">{\"@context\":\"https:\/\/schema.org\",\"@graph\":[{\"@type\":\"WebPage\",\"@id\":\"https:\/\/www.rijeka.hr\/it\/amministrazione-cittadina\/komunalna-i-trgovacka-drustva\/\",\"url\":\"https:\/\/www.rijeka.hr\/it\/amministrazione-cittadina\/komunalna-i-trgovacka-drustva\/\",\"name\":\"Aziende e societ\u00e0 municipalizzate - Citt\u00e0 di Fiume\",\"isPartOf\":{\"@id\":\"https:\/\/www.rijeka.hr\/it\/#website\"},\"primaryImageOfPage\":{\"@id\":\"https:\/\/www.rijeka.hr\/it\/amministrazione-cittadina\/komunalna-i-trgovacka-drustva\/#primaryimage\"},\"image\":{\"@id\":\"https:\/\/www.rijeka.hr\/it\/amministrazione-cittadina\/komunalna-i-trgovacka-drustva\/#primaryimage\"},\"thumbnailUrl\":\"https:\/\/www.rijeka.hr\/wp-content\/uploads\/2016\/04\/Poslovni-sustavi-2.jpg\",\"datePublished\":\"2016-11-10T08:39:41+00:00\",\"dateModified\":\"2026-03-03T11:39:07+00:00\",\"breadcrumb\":{\"@id\":\"https:\/\/www.rijeka.hr\/it\/amministrazione-cittadina\/komunalna-i-trgovacka-drustva\/#breadcrumb\"},\"inLanguage\":\"it-IT\",\"potentialAction\":[{\"@type\":\"ReadAction\",\"target\":[\"https:\/\/www.rijeka.hr\/it\/amministrazione-cittadina\/komunalna-i-trgovacka-drustva\/\"]}]},{\"@type\":\"ImageObject\",\"inLanguage\":\"it-IT\",\"@id\":\"https:\/\/www.rijeka.hr\/it\/amministrazione-cittadina\/komunalna-i-trgovacka-drustva\/#primaryimage\",\"url\":\"https:\/\/www.rijeka.hr\/wp-content\/uploads\/2016\/04\/Poslovni-sustavi-2.jpg\",\"contentUrl\":\"https:\/\/www.rijeka.hr\/wp-content\/uploads\/2016\/04\/Poslovni-sustavi-2.jpg\"},{\"@type\":\"BreadcrumbList\",\"@id\":\"https:\/\/www.rijeka.hr\/it\/amministrazione-cittadina\/komunalna-i-trgovacka-drustva\/#breadcrumb\",\"itemListElement\":[{\"@type\":\"ListItem\",\"position\":1,\"name\":\"Po\u010detna stranica\",\"item\":\"https:\/\/www.rijeka.hr\/it\/\"},{\"@type\":\"ListItem\",\"position\":2,\"name\":\"Amministrazione cittadina\",\"item\":\"https:\/\/www.rijeka.hr\/it\/amministrazione-cittadina\/\"},{\"@type\":\"ListItem\",\"position\":3,\"name\":\"Aziende e societ\u00e0 municipalizzate\"}]},{\"@type\":\"WebSite\",\"@id\":\"https:\/\/www.rijeka.hr\/it\/#website\",\"url\":\"https:\/\/www.rijeka.hr\/it\/\",\"name\":\"Citt\u00e0 di Fiume\",\"description\":\"Portale web della Citta&#039; di Fiume\",\"potentialAction\":[{\"@type\":\"SearchAction\",\"target\":{\"@type\":\"EntryPoint\",\"urlTemplate\":\"https:\/\/www.rijeka.hr\/it\/?s={search_term_string}\"},\"query-input\":{\"@type\":\"PropertyValueSpecification\",\"valueRequired\":true,\"valueName\":\"search_term_string\"}}],\"inLanguage\":\"it-IT\"}]}<\/script>\n<!-- \/ Yoast SEO plugin. -->","yoast_head_json":{"title":"Aziende e societ\u00e0 municipalizzate - Citt\u00e0 di Fiume","robots":{"index":"index","follow":"follow","max-snippet":"max-snippet:-1","max-image-preview":"max-image-preview:large","max-video-preview":"max-video-preview:-1"},"canonical":"https:\/\/www.rijeka.hr\/it\/amministrazione-cittadina\/komunalna-i-trgovacka-drustva\/","og_locale":"it_IT","og_type":"article","og_title":"Aziende e societ\u00e0 municipalizzate - Citt\u00e0 di Fiume","og_description":"Poslovni sustavi L\u2019azienda municipalizzata \u201cPoslovni sustavi\u201d si occupa, in primo luogo, dello sviluppo strategico e del supporto commerciale che presta alle aziende municipalizzate Autotrolej di Fiume e Rijeka Promet. Membri del Consiglio di gestione &#8211; Direttore: Tomislav Mazal \u0160kolji\u0107 15, Rijeka T. +385 51 564 446 F. +385 51 564 446 http:\/\/www.poslovni-sustavi.hr Rijeka plus L&#8217;azienda...","og_url":"https:\/\/www.rijeka.hr\/it\/amministrazione-cittadina\/komunalna-i-trgovacka-drustva\/","og_site_name":"Citt\u00e0 di Fiume","article_modified_time":"2026-03-03T11:39:07+00:00","twitter_card":"summary_large_image","twitter_misc":{"Est. reading time":"7 minutes"},"schema":{"@context":"https:\/\/schema.org","@graph":[{"@type":"WebPage","@id":"https:\/\/www.rijeka.hr\/it\/amministrazione-cittadina\/komunalna-i-trgovacka-drustva\/","url":"https:\/\/www.rijeka.hr\/it\/amministrazione-cittadina\/komunalna-i-trgovacka-drustva\/","name":"Aziende e societ\u00e0 municipalizzate - Citt\u00e0 di Fiume","isPartOf":{"@id":"https:\/\/www.rijeka.hr\/it\/#website"},"primaryImageOfPage":{"@id":"https:\/\/www.rijeka.hr\/it\/amministrazione-cittadina\/komunalna-i-trgovacka-drustva\/#primaryimage"},"image":{"@id":"https:\/\/www.rijeka.hr\/it\/amministrazione-cittadina\/komunalna-i-trgovacka-drustva\/#primaryimage"},"thumbnailUrl":"https:\/\/www.rijeka.hr\/wp-content\/uploads\/2016\/04\/Poslovni-sustavi-2.jpg","datePublished":"2016-11-10T08:39:41+00:00","dateModified":"2026-03-03T11:39:07+00:00","breadcrumb":{"@id":"https:\/\/www.rijeka.hr\/it\/amministrazione-cittadina\/komunalna-i-trgovacka-drustva\/#breadcrumb"},"inLanguage":"it-IT","potentialAction":[{"@type":"ReadAction","target":["https:\/\/www.rijeka.hr\/it\/amministrazione-cittadina\/komunalna-i-trgovacka-drustva\/"]}]},{"@type":"ImageObject","inLanguage":"it-IT","@id":"https:\/\/www.rijeka.hr\/it\/amministrazione-cittadina\/komunalna-i-trgovacka-drustva\/#primaryimage","url":"https:\/\/www.rijeka.hr\/wp-content\/uploads\/2016\/04\/Poslovni-sustavi-2.jpg","contentUrl":"https:\/\/www.rijeka.hr\/wp-content\/uploads\/2016\/04\/Poslovni-sustavi-2.jpg"},{"@type":"BreadcrumbList","@id":"https:\/\/www.rijeka.hr\/it\/amministrazione-cittadina\/komunalna-i-trgovacka-drustva\/#breadcrumb","itemListElement":[{"@type":"ListItem","position":1,"name":"Po\u010detna stranica","item":"https:\/\/www.rijeka.hr\/it\/"},{"@type":"ListItem","position":2,"name":"Amministrazione cittadina","item":"https:\/\/www.rijeka.hr\/it\/amministrazione-cittadina\/"},{"@type":"ListItem","position":3,"name":"Aziende e societ\u00e0 municipalizzate"}]},{"@type":"WebSite","@id":"https:\/\/www.rijeka.hr\/it\/#website","url":"https:\/\/www.rijeka.hr\/it\/","name":"Citt\u00e0 di Fiume","description":"Portale web della Citta&#039; di Fiume","potentialAction":[{"@type":"SearchAction","target":{"@type":"EntryPoint","urlTemplate":"https:\/\/www.rijeka.hr\/it\/?s={search_term_string}"},"query-input":{"@type":"PropertyValueSpecification","valueRequired":true,"valueName":"search_term_string"}}],"inLanguage":"it-IT"}]}},"_links":{"self":[{"href":"https:\/\/www.rijeka.hr\/it\/wp-json\/wp\/v2\/pages\/2009","targetHints":{"allow":["GET"]}}],"collection":[{"href":"https:\/\/www.rijeka.hr\/it\/wp-json\/wp\/v2\/pages"}],"about":[{"href":"https:\/\/www.rijeka.hr\/it\/wp-json\/wp\/v2\/types\/page"}],"author":[{"embeddable":true,"href":"https:\/\/www.rijeka.hr\/it\/wp-json\/wp\/v2\/users\/2"}],"replies":[{"embeddable":true,"href":"https:\/\/www.rijeka.hr\/it\/wp-json\/wp\/v2\/comments?post=2009"}],"version-history":[{"count":4,"href":"https:\/\/www.rijeka.hr\/it\/wp-json\/wp\/v2\/pages\/2009\/revisions"}],"predecessor-version":[{"id":20237,"href":"https:\/\/www.rijeka.hr\/it\/wp-json\/wp\/v2\/pages\/2009\/revisions\/20237"}],"up":[{"embeddable":true,"href":"https:\/\/www.rijeka.hr\/it\/wp-json\/wp\/v2\/pages\/1833"}],"wp:attachment":[{"href":"https:\/\/www.rijeka.hr\/it\/wp-json\/wp\/v2\/media?parent=2009"}],"wp:term":[{"taxonomy":"post_tag","embeddable":true,"href":"https:\/\/www.rijeka.hr\/it\/wp-json\/wp\/v2\/tags?post=2009"}],"curies":[{"name":"wp","href":"https:\/\/api.w.org\/{rel}","templated":true}]}}