{"id":2022,"date":"2016-11-10T10:37:33","date_gmt":"2016-11-10T09:37:33","guid":{"rendered":"https:\/\/www.rijeka.hr\/it\/?page_id=2022"},"modified":"2024-09-02T12:36:46","modified_gmt":"2024-09-02T10:36:46","slug":"drustveno-poticana-stanogradnja","status":"publish","type":"page","link":"https:\/\/www.rijeka.hr\/it\/amministrazione-cittadina\/istituzioni\/drustveno-poticana-stanogradnja\/","title":{"rendered":"Edilizia abitativa sovvenzionata"},"content":{"rendered":"<p><a href=\"https:\/\/www.rijeka.hr\/wp-content\/uploads\/2016\/10\/APOS_Hostov_breg05.jpg\" data-rel=\"lightbox-image-0\" data-rl_title=\"\" data-rl_caption=\"\" title=\"\"><img decoding=\"async\" class=\"alignnone wp-image-28587 size-medium\" src=\"https:\/\/www.rijeka.hr\/wp-content\/uploads\/2016\/10\/APOS_Hostov_breg05-600x429.jpg\" alt=\"Stanovi gradeni po modelu poticane stanogradnje na Hostovom bre\" \/><\/a><\/p>\n<p>La Citt\u00e0 di Fiume ha istituito l&#8217;Agenzia per l&#8217;edilizia abitativa sovvenzionata che si occupa della progettazione e costruzione di alloggi in conformit\u00e0 al programma di edilizia residenziale pubblica.<\/p>\n<p>Il nome abbreviato dell\u2019Agenzia: APOS della Citt\u00e0 di Fiume<br \/>\nIl fondatore dell\u2019Agenzia \u00e8: la Citt\u00e0 di Fiume<br \/>\nDirettore: <strong>Alen Milakovi\u0107<\/strong><\/p>\n<p><strong>Le attivit\u00e0 dell&#8217;Agenzia comprendono<\/strong><\/p>\n<ul>\n<li>l&#8217;osservazione degli interessi e delle esigenze dei cittadini per l&#8217;acquisto di alloggi nell&#8217;ambito del programma di edilizia residenziale pubblica.<\/li>\n<li>elabora progettazioni annue o a medio termine e la dinamica rispetto all&#8217;edilizia di edifici abitativi in conformit\u00e0 al programma di edilizia residenziale pubblica,<\/li>\n<li>determina la struttura e il numero di alloggi, pianifica le aree destinate all&#8217;edilizia abitativa sovvenzionata, ordina documentazione progettistica per edifici abitativi, conclude contratti per l&#8217;edilizia abitativa nell&#8217;ambito del programma di edilizia residenziale pubblica,<\/li>\n<li>svolge l&#8217;ispezione e collauda edifici, conclude il contratto di compravendita di alloggi e controlla rimborsi rateali, realizza altre forme di edilizia abitativa sovvenzionata con le\u00a0 quali si assicurano nuovi spazi abitativi.<\/li>\n<\/ul>\n","protected":false},"excerpt":{"rendered":"<p>La Citt\u00e0 di Fiume ha istituito l&#8217;Agenzia per l&#8217;edilizia abitativa sovvenzionata che si occupa della progettazione e costruzione di alloggi in conformit\u00e0 al programma di edilizia residenziale pubblica. Il nome abbreviato dell\u2019Agenzia: APOS della Citt\u00e0 di Fiume Il fondatore dell\u2019Agenzia \u00e8: la Citt\u00e0 di Fiume Direttore: Alen Milakovi\u0107 Le attivit\u00e0 dell&#8217;Agenzia comprendono l&#8217;osservazione degli interessi&#8230;<\/p>\n","protected":false},"author":6,"featured_media":0,"parent":2011,"menu_order":0,"comment_status":"closed","ping_status":"closed","template":"","meta":{"_acf_changed":false,"_trash_the_other_posts":false,"footnotes":"","_links_to":"","_links_to_target":""},"tags":[],"class_list":["post-2022","page","type-page","status-publish","hentry"],"acf":[],"yoast_head":"<!-- This site is optimized with the Yoast SEO plugin v24.4 - https:\/\/yoast.com\/wordpress\/plugins\/seo\/ -->\n<title>Edilizia abitativa sovvenzionata - Citt\u00e0 di Fiume<\/title>\n<meta name=\"robots\" content=\"index, follow, max-snippet:-1, max-image-preview:large, max-video-preview:-1\" \/>\n<link rel=\"canonical\" href=\"https:\/\/www.rijeka.hr\/it\/amministrazione-cittadina\/istituzioni\/drustveno-poticana-stanogradnja\/\" \/>\n<meta property=\"og:locale\" content=\"it_IT\" \/>\n<meta property=\"og:type\" content=\"article\" \/>\n<meta property=\"og:title\" content=\"Edilizia abitativa sovvenzionata - Citt\u00e0 di Fiume\" \/>\n<meta property=\"og:description\" content=\"La Citt\u00e0 di Fiume ha istituito l&#8217;Agenzia per l&#8217;edilizia abitativa sovvenzionata che si occupa della progettazione e costruzione di alloggi in conformit\u00e0 al programma di edilizia residenziale pubblica. Il nome abbreviato dell\u2019Agenzia: APOS della Citt\u00e0 di Fiume Il fondatore dell\u2019Agenzia \u00e8: la Citt\u00e0 di Fiume Direttore: Alen Milakovi\u0107 Le attivit\u00e0 dell&#8217;Agenzia comprendono l&#8217;osservazione degli interessi...\" \/>\n<meta property=\"og:url\" content=\"https:\/\/www.rijeka.hr\/it\/amministrazione-cittadina\/istituzioni\/drustveno-poticana-stanogradnja\/\" \/>\n<meta property=\"og:site_name\" content=\"Citt\u00e0 di Fiume\" \/>\n<meta property=\"article:modified_time\" content=\"2024-09-02T10:36:46+00:00\" \/>\n<meta property=\"og:image\" content=\"https:\/\/www.rijeka.hr\/wp-content\/uploads\/2016\/10\/APOS_Hostov_breg05-600x429.jpg\" \/>\n<meta name=\"twitter:card\" content=\"summary_large_image\" \/>\n<meta name=\"twitter:label1\" content=\"Est. reading time\" \/>\n\t<meta name=\"twitter:data1\" content=\"1 minute\" \/>\n<script type=\"application\/ld+json\" class=\"yoast-schema-graph\">{\"@context\":\"https:\/\/schema.org\",\"@graph\":[{\"@type\":\"WebPage\",\"@id\":\"https:\/\/www.rijeka.hr\/it\/amministrazione-cittadina\/istituzioni\/drustveno-poticana-stanogradnja\/\",\"url\":\"https:\/\/www.rijeka.hr\/it\/amministrazione-cittadina\/istituzioni\/drustveno-poticana-stanogradnja\/\",\"name\":\"Edilizia abitativa sovvenzionata - Citt\u00e0 di Fiume\",\"isPartOf\":{\"@id\":\"https:\/\/www.rijeka.hr\/it\/#website\"},\"primaryImageOfPage\":{\"@id\":\"https:\/\/www.rijeka.hr\/it\/amministrazione-cittadina\/istituzioni\/drustveno-poticana-stanogradnja\/#primaryimage\"},\"image\":{\"@id\":\"https:\/\/www.rijeka.hr\/it\/amministrazione-cittadina\/istituzioni\/drustveno-poticana-stanogradnja\/#primaryimage\"},\"thumbnailUrl\":\"https:\/\/www.rijeka.hr\/wp-content\/uploads\/2016\/10\/APOS_Hostov_breg05-600x429.jpg\",\"datePublished\":\"2016-11-10T09:37:33+00:00\",\"dateModified\":\"2024-09-02T10:36:46+00:00\",\"breadcrumb\":{\"@id\":\"https:\/\/www.rijeka.hr\/it\/amministrazione-cittadina\/istituzioni\/drustveno-poticana-stanogradnja\/#breadcrumb\"},\"inLanguage\":\"it-IT\",\"potentialAction\":[{\"@type\":\"ReadAction\",\"target\":[\"https:\/\/www.rijeka.hr\/it\/amministrazione-cittadina\/istituzioni\/drustveno-poticana-stanogradnja\/\"]}]},{\"@type\":\"ImageObject\",\"inLanguage\":\"it-IT\",\"@id\":\"https:\/\/www.rijeka.hr\/it\/amministrazione-cittadina\/istituzioni\/drustveno-poticana-stanogradnja\/#primaryimage\",\"url\":\"https:\/\/www.rijeka.hr\/wp-content\/uploads\/2016\/10\/APOS_Hostov_breg05-600x429.jpg\",\"contentUrl\":\"https:\/\/www.rijeka.hr\/wp-content\/uploads\/2016\/10\/APOS_Hostov_breg05-600x429.jpg\"},{\"@type\":\"BreadcrumbList\",\"@id\":\"https:\/\/www.rijeka.hr\/it\/amministrazione-cittadina\/istituzioni\/drustveno-poticana-stanogradnja\/#breadcrumb\",\"itemListElement\":[{\"@type\":\"ListItem\",\"position\":1,\"name\":\"Po\u010detna stranica\",\"item\":\"https:\/\/www.rijeka.hr\/it\/\"},{\"@type\":\"ListItem\",\"position\":2,\"name\":\"Amministrazione cittadina\",\"item\":\"https:\/\/www.rijeka.hr\/it\/amministrazione-cittadina\/\"},{\"@type\":\"ListItem\",\"position\":3,\"name\":\"Istituzioni\",\"item\":\"https:\/\/www.rijeka.hr\/it\/amministrazione-cittadina\/istituzioni\/\"},{\"@type\":\"ListItem\",\"position\":4,\"name\":\"Edilizia abitativa sovvenzionata\"}]},{\"@type\":\"WebSite\",\"@id\":\"https:\/\/www.rijeka.hr\/it\/#website\",\"url\":\"https:\/\/www.rijeka.hr\/it\/\",\"name\":\"Citt\u00e0 di Fiume\",\"description\":\"Portale web della Citta&#039; di Fiume\",\"potentialAction\":[{\"@type\":\"SearchAction\",\"target\":{\"@type\":\"EntryPoint\",\"urlTemplate\":\"https:\/\/www.rijeka.hr\/it\/?s={search_term_string}\"},\"query-input\":{\"@type\":\"PropertyValueSpecification\",\"valueRequired\":true,\"valueName\":\"search_term_string\"}}],\"inLanguage\":\"it-IT\"}]}<\/script>\n<!-- \/ Yoast SEO plugin. -->","yoast_head_json":{"title":"Edilizia abitativa sovvenzionata - Citt\u00e0 di Fiume","robots":{"index":"index","follow":"follow","max-snippet":"max-snippet:-1","max-image-preview":"max-image-preview:large","max-video-preview":"max-video-preview:-1"},"canonical":"https:\/\/www.rijeka.hr\/it\/amministrazione-cittadina\/istituzioni\/drustveno-poticana-stanogradnja\/","og_locale":"it_IT","og_type":"article","og_title":"Edilizia abitativa sovvenzionata - Citt\u00e0 di Fiume","og_description":"La Citt\u00e0 di Fiume ha istituito l&#8217;Agenzia per l&#8217;edilizia abitativa sovvenzionata che si occupa della progettazione e costruzione di alloggi in conformit\u00e0 al programma di edilizia residenziale pubblica. Il nome abbreviato dell\u2019Agenzia: APOS della Citt\u00e0 di Fiume Il fondatore dell\u2019Agenzia \u00e8: la Citt\u00e0 di Fiume Direttore: Alen Milakovi\u0107 Le attivit\u00e0 dell&#8217;Agenzia comprendono l&#8217;osservazione degli interessi...","og_url":"https:\/\/www.rijeka.hr\/it\/amministrazione-cittadina\/istituzioni\/drustveno-poticana-stanogradnja\/","og_site_name":"Citt\u00e0 di Fiume","article_modified_time":"2024-09-02T10:36:46+00:00","og_image":[{"url":"https:\/\/www.rijeka.hr\/wp-content\/uploads\/2016\/10\/APOS_Hostov_breg05-600x429.jpg","type":"","width":"","height":""}],"twitter_card":"summary_large_image","twitter_misc":{"Est. reading time":"1 minute"},"schema":{"@context":"https:\/\/schema.org","@graph":[{"@type":"WebPage","@id":"https:\/\/www.rijeka.hr\/it\/amministrazione-cittadina\/istituzioni\/drustveno-poticana-stanogradnja\/","url":"https:\/\/www.rijeka.hr\/it\/amministrazione-cittadina\/istituzioni\/drustveno-poticana-stanogradnja\/","name":"Edilizia abitativa sovvenzionata - Citt\u00e0 di Fiume","isPartOf":{"@id":"https:\/\/www.rijeka.hr\/it\/#website"},"primaryImageOfPage":{"@id":"https:\/\/www.rijeka.hr\/it\/amministrazione-cittadina\/istituzioni\/drustveno-poticana-stanogradnja\/#primaryimage"},"image":{"@id":"https:\/\/www.rijeka.hr\/it\/amministrazione-cittadina\/istituzioni\/drustveno-poticana-stanogradnja\/#primaryimage"},"thumbnailUrl":"https:\/\/www.rijeka.hr\/wp-content\/uploads\/2016\/10\/APOS_Hostov_breg05-600x429.jpg","datePublished":"2016-11-10T09:37:33+00:00","dateModified":"2024-09-02T10:36:46+00:00","breadcrumb":{"@id":"https:\/\/www.rijeka.hr\/it\/amministrazione-cittadina\/istituzioni\/drustveno-poticana-stanogradnja\/#breadcrumb"},"inLanguage":"it-IT","potentialAction":[{"@type":"ReadAction","target":["https:\/\/www.rijeka.hr\/it\/amministrazione-cittadina\/istituzioni\/drustveno-poticana-stanogradnja\/"]}]},{"@type":"ImageObject","inLanguage":"it-IT","@id":"https:\/\/www.rijeka.hr\/it\/amministrazione-cittadina\/istituzioni\/drustveno-poticana-stanogradnja\/#primaryimage","url":"https:\/\/www.rijeka.hr\/wp-content\/uploads\/2016\/10\/APOS_Hostov_breg05-600x429.jpg","contentUrl":"https:\/\/www.rijeka.hr\/wp-content\/uploads\/2016\/10\/APOS_Hostov_breg05-600x429.jpg"},{"@type":"BreadcrumbList","@id":"https:\/\/www.rijeka.hr\/it\/amministrazione-cittadina\/istituzioni\/drustveno-poticana-stanogradnja\/#breadcrumb","itemListElement":[{"@type":"ListItem","position":1,"name":"Po\u010detna stranica","item":"https:\/\/www.rijeka.hr\/it\/"},{"@type":"ListItem","position":2,"name":"Amministrazione cittadina","item":"https:\/\/www.rijeka.hr\/it\/amministrazione-cittadina\/"},{"@type":"ListItem","position":3,"name":"Istituzioni","item":"https:\/\/www.rijeka.hr\/it\/amministrazione-cittadina\/istituzioni\/"},{"@type":"ListItem","position":4,"name":"Edilizia abitativa sovvenzionata"}]},{"@type":"WebSite","@id":"https:\/\/www.rijeka.hr\/it\/#website","url":"https:\/\/www.rijeka.hr\/it\/","name":"Citt\u00e0 di Fiume","description":"Portale web della Citta&#039; di Fiume","potentialAction":[{"@type":"SearchAction","target":{"@type":"EntryPoint","urlTemplate":"https:\/\/www.rijeka.hr\/it\/?s={search_term_string}"},"query-input":{"@type":"PropertyValueSpecification","valueRequired":true,"valueName":"search_term_string"}}],"inLanguage":"it-IT"}]}},"_links":{"self":[{"href":"https:\/\/www.rijeka.hr\/it\/wp-json\/wp\/v2\/pages\/2022","targetHints":{"allow":["GET"]}}],"collection":[{"href":"https:\/\/www.rijeka.hr\/it\/wp-json\/wp\/v2\/pages"}],"about":[{"href":"https:\/\/www.rijeka.hr\/it\/wp-json\/wp\/v2\/types\/page"}],"author":[{"embeddable":true,"href":"https:\/\/www.rijeka.hr\/it\/wp-json\/wp\/v2\/users\/6"}],"replies":[{"embeddable":true,"href":"https:\/\/www.rijeka.hr\/it\/wp-json\/wp\/v2\/comments?post=2022"}],"version-history":[{"count":3,"href":"https:\/\/www.rijeka.hr\/it\/wp-json\/wp\/v2\/pages\/2022\/revisions"}],"predecessor-version":[{"id":19180,"href":"https:\/\/www.rijeka.hr\/it\/wp-json\/wp\/v2\/pages\/2022\/revisions\/19180"}],"up":[{"embeddable":true,"href":"https:\/\/www.rijeka.hr\/it\/wp-json\/wp\/v2\/pages\/2011"}],"wp:attachment":[{"href":"https:\/\/www.rijeka.hr\/it\/wp-json\/wp\/v2\/media?parent=2022"}],"wp:term":[{"taxonomy":"post_tag","embeddable":true,"href":"https:\/\/www.rijeka.hr\/it\/wp-json\/wp\/v2\/tags?post=2022"}],"curies":[{"name":"wp","href":"https:\/\/api.w.org\/{rel}","templated":true}]}}