{"id":2046,"date":"2016-11-10T12:50:45","date_gmt":"2016-11-10T11:50:45","guid":{"rendered":"https:\/\/www.rijeka.hr\/it\/?page_id=2046"},"modified":"2020-07-07T08:57:02","modified_gmt":"2020-07-07T06:57:02","slug":"posizionare-fiume-livello-globale-lo-sviluppo-del-corridoio-intermodale-fiumano","status":"publish","type":"page","link":"https:\/\/www.rijeka.hr\/it\/amministrazione-cittadina\/strategia-sviluppo-della-citta-fiume-2014-2020__trashed\/posizionare-fiume-livello-globale-lo-sviluppo-del-corridoio-intermodale-fiumano\/","title":{"rendered":"Posizionare Fiume a livello globale con lo sviluppo del corridoio intermodale fiumano"},"content":{"rendered":"<h2>Le priorit\u00e0 e le misure del primo obiettivo strategico<\/h2>\n<p><strong>Lo sviluppo del corridoio intermodale fiumano<\/strong><\/p>\n<ul>\n<li>Costruzione delle infrastrutture di trasporto<\/li>\n<li>Gestione integrata del corridoio intermodale fiumano<\/li>\n<\/ul>\n<p><strong>Integrazione logistica degli imprenditori nell\u2019ambito del Corridoio intermodale fiumano<\/strong><\/p>\n<ul>\n<li>Rafforzamento del cluster logistico e marittimo<\/li>\n<li>Promozione globale e la collaborazione internazionale<\/li>\n<\/ul>\n<p><strong>La Citt\u00e0 di Fiume \u2013 funzione integrale dei sistemi di trasporto<\/strong><\/p>\n<ul>\n<li>Coordinamento degli enti di trasporto<\/li>\n<li>Sostenibilit\u00e0 dei sistemi di trasporto pubblico urbano<\/li>\n<\/ul>\n<p>&nbsp;<\/p>\n<h2>Progetti nell\u2019ambito del primo obiettivo strategico<\/h2>\n<p>\u2022 La costruzione del terminal per container al Molo Zagabria render\u00e0 possibile l\u2019attracco delle pi\u00f9 grandi navi portacontainer con pescaggio fino ai 18 m, grazie al quale il Porto di Fiume diventer\u00e0 pi\u00f9 competitivo e notevolmente aumenter\u00e0 la capacit\u00e0 di carico (TEU).<br \/>\n\u2022 Con la costruzione della strada D-403 il terminal per container al Molo Zagabria sar\u00e0 allacciato alla tangenziale e via Zvonimir, premettendo in questo modo l\u2019apertura di una nuova entrata occidentale verso il centro citt\u00e0.<br \/>\n\u2022 La costruzione della doppia linea ferroviaria da Delnice a \u0160apjane che attraverser\u00e0 Fiume aprir\u00e0 la possibilit\u00e0 di introdurre una rapida ferrovia urbana.<br \/>\n\u2022 L\u2019introduzione della rapida ferrovia urbana alleggerir\u00e0 e migliorer\u00e0 il traffico pubblico urbano.<br \/>\n\u2022 Con la partecipazione della Citt\u00e0 alla modernizzazione dell\u2019Aeroporto di Fiume con l\u2019assistenza del partner strategico, sar\u00e0 realizzata una competitivit\u00e0 maggiore dell\u2019aeroporto di Fiume.<br \/>\n\u2022 Con la partecipazione della Citt\u00e0 alla realizzazione delle zone commerciali e logistiche di Miklavje e \u0160krljevo saranno direttamente creati nuovi posti di lavoro sul territorio di Fiume.<br \/>\n\u2022 Con la partecipazione della Citt\u00e0 alla ristrutturazione del marina in porto Baross con contenuti supplementari, questa parte della citt\u00e0 sar\u00e0 trasformata in una zona attraente.<br \/>\n\u2022 Con la partecipazione della Citt\u00e0 alla costruzione del Delta come un nuovo spazio per i cittadini, la citt\u00e0 risponder\u00e0 alle necessit\u00e0 per contenuti pubblici, alberghi, un centro congressi, appartamenti e vani d\u2019affari in questo nuovo centro cittadino.<br \/>\n\u2022 Con la costruzione del complesso \u017dabica occidentale, la galleria \u017dabica \u2013 Mlaka e la ristrutturazione della stazione ferroviaria sar\u00e0 regolato il traffico degli autobus e il traffico ferroviario, la cui realizzazione sar\u00e0 resa possibile attraverso i fondi dell\u2019UE.<br \/>\n\u2022 Con la costruzione delle autorimesse pubbliche nelle zone di \u017dabica e Gomila, saranno arricchite le infrastrutture cittadine di parcheggio.<br \/>\n\u2022 Con la ristrutturazione del Molo longo saranno offerti nuovi contenuti dedicati ai cittadini e ai turisti.<br \/>\n\u2022 Liberando lo spazio del molo Adami\u0107 e della Riva dalle macchine sar\u00e0 creata una nuova zona pedonale in centro citt\u00e0.<br \/>\n\u2022 Rimuovendo il terrapieno ferroviario nel quartiere di Scoglietto saranno create le condizioni per la sistemazione di questo quartiere e per traslocare l\u2019autorimessa dell\u2019azienda Autotrolej in una nuova localit\u00e0.<br \/>\n\u2022 Con la costruzione di alcune rotatorie nelle localit\u00e0 dove questo \u00e8 possibile (Plumbum, Martinkovac, l\u2019incrocio di via 1mo maggio e via Osijek), sar\u00e0 assicurata una maggiore scorrevolezza e un risparmio di tempo.<br \/>\n\u2022 Con la costruzione della funivia a Tersatto sar\u00e0 disponibile un\u2019opzione aggiuntiva del trasporto pubblico urbano che servir\u00e0 in particolare per collegare pi\u00f9 velocemente il Campus universitario e il centro citt\u00e0.<br \/>\n\u2022 Rafforzando il ruolo dei cluster logistici per il corridoio intermodale fiumano saranno create le condizioni per la promozione di un pacchetto intero dei progetti che il corridoio intermodale fiumano sottintende.<br \/>\n\u2022 Con l\u2019ulteriore introduzione degli autobus a gas nel trasporto pubblico urbano, quest\u2019attivit\u00e0 sar\u00e0 trasformata in un sistema energetico efficace e accettabile dal punto di vista ecologico.<br \/>\n\u2022 Incoraggiando e sovvenzionando i programmi di efficienza energetica continuer\u00e0 la realizzazione dei progetti come, ad esempio, l\u2019installazione di pannelli fotovoltaici per la produzione di energia elettrica e la costruzione degli impianti di cogenerazione.<\/p>\n","protected":false},"excerpt":{"rendered":"<p>Le priorit\u00e0 e le misure del primo obiettivo strategico Lo sviluppo del corridoio intermodale fiumano Costruzione delle infrastrutture di trasporto Gestione integrata del corridoio intermodale fiumano Integrazione logistica degli imprenditori nell\u2019ambito del Corridoio intermodale fiumano Rafforzamento del cluster logistico e marittimo Promozione globale e la collaborazione internazionale La Citt\u00e0 di Fiume \u2013 funzione integrale dei&#8230;<\/p>\n","protected":false},"author":13,"featured_media":0,"parent":2044,"menu_order":0,"comment_status":"closed","ping_status":"closed","template":"","meta":{"_acf_changed":false,"_trash_the_other_posts":false,"footnotes":"","_links_to":"","_links_to_target":""},"tags":[],"class_list":["post-2046","page","type-page","status-publish","hentry"],"acf":[],"yoast_head":"<!-- This site is optimized with the Yoast SEO plugin v24.4 - https:\/\/yoast.com\/wordpress\/plugins\/seo\/ -->\n<title>Posizionare Fiume a livello globale con lo sviluppo del corridoio intermodale fiumano - Citt\u00e0 di Fiume<\/title>\n<meta name=\"robots\" content=\"index, follow, max-snippet:-1, max-image-preview:large, max-video-preview:-1\" \/>\n<link rel=\"canonical\" href=\"https:\/\/www.rijeka.hr\/it\/amministrazione-cittadina\/strategia-sviluppo-della-citta-fiume-2014-2020__trashed\/posizionare-fiume-livello-globale-lo-sviluppo-del-corridoio-intermodale-fiumano\/\" \/>\n<meta property=\"og:locale\" content=\"it_IT\" \/>\n<meta property=\"og:type\" content=\"article\" \/>\n<meta property=\"og:title\" content=\"Posizionare Fiume a livello globale con lo sviluppo del corridoio intermodale fiumano - Citt\u00e0 di Fiume\" \/>\n<meta property=\"og:description\" content=\"Le priorit\u00e0 e le misure del primo obiettivo strategico Lo sviluppo del corridoio intermodale fiumano Costruzione delle infrastrutture di trasporto Gestione integrata del corridoio intermodale fiumano Integrazione logistica degli imprenditori nell\u2019ambito del Corridoio intermodale fiumano Rafforzamento del cluster logistico e marittimo Promozione globale e la collaborazione internazionale La Citt\u00e0 di Fiume \u2013 funzione integrale dei...\" \/>\n<meta property=\"og:url\" content=\"https:\/\/www.rijeka.hr\/it\/amministrazione-cittadina\/strategia-sviluppo-della-citta-fiume-2014-2020__trashed\/posizionare-fiume-livello-globale-lo-sviluppo-del-corridoio-intermodale-fiumano\/\" \/>\n<meta property=\"og:site_name\" content=\"Citt\u00e0 di Fiume\" \/>\n<meta property=\"article:modified_time\" content=\"2020-07-07T06:57:02+00:00\" \/>\n<meta name=\"twitter:card\" content=\"summary_large_image\" \/>\n<meta name=\"twitter:label1\" content=\"Est. reading time\" \/>\n\t<meta name=\"twitter:data1\" content=\"3 minutes\" \/>\n<script type=\"application\/ld+json\" class=\"yoast-schema-graph\">{\"@context\":\"https:\/\/schema.org\",\"@graph\":[{\"@type\":\"WebPage\",\"@id\":\"https:\/\/www.rijeka.hr\/it\/amministrazione-cittadina\/strategia-sviluppo-della-citta-fiume-2014-2020__trashed\/posizionare-fiume-livello-globale-lo-sviluppo-del-corridoio-intermodale-fiumano\/\",\"url\":\"https:\/\/www.rijeka.hr\/it\/amministrazione-cittadina\/strategia-sviluppo-della-citta-fiume-2014-2020__trashed\/posizionare-fiume-livello-globale-lo-sviluppo-del-corridoio-intermodale-fiumano\/\",\"name\":\"Posizionare Fiume a livello globale con lo sviluppo del corridoio intermodale fiumano - Citt\u00e0 di Fiume\",\"isPartOf\":{\"@id\":\"https:\/\/www.rijeka.hr\/it\/#website\"},\"datePublished\":\"2016-11-10T11:50:45+00:00\",\"dateModified\":\"2020-07-07T06:57:02+00:00\",\"breadcrumb\":{\"@id\":\"https:\/\/www.rijeka.hr\/it\/amministrazione-cittadina\/strategia-sviluppo-della-citta-fiume-2014-2020__trashed\/posizionare-fiume-livello-globale-lo-sviluppo-del-corridoio-intermodale-fiumano\/#breadcrumb\"},\"inLanguage\":\"it-IT\",\"potentialAction\":[{\"@type\":\"ReadAction\",\"target\":[\"https:\/\/www.rijeka.hr\/it\/amministrazione-cittadina\/strategia-sviluppo-della-citta-fiume-2014-2020__trashed\/posizionare-fiume-livello-globale-lo-sviluppo-del-corridoio-intermodale-fiumano\/\"]}]},{\"@type\":\"BreadcrumbList\",\"@id\":\"https:\/\/www.rijeka.hr\/it\/amministrazione-cittadina\/strategia-sviluppo-della-citta-fiume-2014-2020__trashed\/posizionare-fiume-livello-globale-lo-sviluppo-del-corridoio-intermodale-fiumano\/#breadcrumb\",\"itemListElement\":[{\"@type\":\"ListItem\",\"position\":1,\"name\":\"Po\u010detna stranica\",\"item\":\"https:\/\/www.rijeka.hr\/it\/\"},{\"@type\":\"ListItem\",\"position\":2,\"name\":\"Amministrazione cittadina\",\"item\":\"https:\/\/www.rijeka.hr\/it\/amministrazione-cittadina\/\"},{\"@type\":\"ListItem\",\"position\":3,\"name\":\"Strategia di sviluppo della Citt\u00e0 di Fiume 2014 \u2013 2020\",\"item\":\"https:\/\/www.rijeka.hr\/it\/?page_id=2044\"},{\"@type\":\"ListItem\",\"position\":4,\"name\":\"Posizionare Fiume a livello globale con lo sviluppo del corridoio intermodale fiumano\"}]},{\"@type\":\"WebSite\",\"@id\":\"https:\/\/www.rijeka.hr\/it\/#website\",\"url\":\"https:\/\/www.rijeka.hr\/it\/\",\"name\":\"Citt\u00e0 di Fiume\",\"description\":\"Portale web della Citta&#039; di Fiume\",\"potentialAction\":[{\"@type\":\"SearchAction\",\"target\":{\"@type\":\"EntryPoint\",\"urlTemplate\":\"https:\/\/www.rijeka.hr\/it\/?s={search_term_string}\"},\"query-input\":{\"@type\":\"PropertyValueSpecification\",\"valueRequired\":true,\"valueName\":\"search_term_string\"}}],\"inLanguage\":\"it-IT\"}]}<\/script>\n<!-- \/ Yoast SEO plugin. -->","yoast_head_json":{"title":"Posizionare Fiume a livello globale con lo sviluppo del corridoio intermodale fiumano - Citt\u00e0 di Fiume","robots":{"index":"index","follow":"follow","max-snippet":"max-snippet:-1","max-image-preview":"max-image-preview:large","max-video-preview":"max-video-preview:-1"},"canonical":"https:\/\/www.rijeka.hr\/it\/amministrazione-cittadina\/strategia-sviluppo-della-citta-fiume-2014-2020__trashed\/posizionare-fiume-livello-globale-lo-sviluppo-del-corridoio-intermodale-fiumano\/","og_locale":"it_IT","og_type":"article","og_title":"Posizionare Fiume a livello globale con lo sviluppo del corridoio intermodale fiumano - Citt\u00e0 di Fiume","og_description":"Le priorit\u00e0 e le misure del primo obiettivo strategico Lo sviluppo del corridoio intermodale fiumano Costruzione delle infrastrutture di trasporto Gestione integrata del corridoio intermodale fiumano Integrazione logistica degli imprenditori nell\u2019ambito del Corridoio intermodale fiumano Rafforzamento del cluster logistico e marittimo Promozione globale e la collaborazione internazionale La Citt\u00e0 di Fiume \u2013 funzione integrale dei...","og_url":"https:\/\/www.rijeka.hr\/it\/amministrazione-cittadina\/strategia-sviluppo-della-citta-fiume-2014-2020__trashed\/posizionare-fiume-livello-globale-lo-sviluppo-del-corridoio-intermodale-fiumano\/","og_site_name":"Citt\u00e0 di Fiume","article_modified_time":"2020-07-07T06:57:02+00:00","twitter_card":"summary_large_image","twitter_misc":{"Est. reading time":"3 minutes"},"schema":{"@context":"https:\/\/schema.org","@graph":[{"@type":"WebPage","@id":"https:\/\/www.rijeka.hr\/it\/amministrazione-cittadina\/strategia-sviluppo-della-citta-fiume-2014-2020__trashed\/posizionare-fiume-livello-globale-lo-sviluppo-del-corridoio-intermodale-fiumano\/","url":"https:\/\/www.rijeka.hr\/it\/amministrazione-cittadina\/strategia-sviluppo-della-citta-fiume-2014-2020__trashed\/posizionare-fiume-livello-globale-lo-sviluppo-del-corridoio-intermodale-fiumano\/","name":"Posizionare Fiume a livello globale con lo sviluppo del corridoio intermodale fiumano - Citt\u00e0 di Fiume","isPartOf":{"@id":"https:\/\/www.rijeka.hr\/it\/#website"},"datePublished":"2016-11-10T11:50:45+00:00","dateModified":"2020-07-07T06:57:02+00:00","breadcrumb":{"@id":"https:\/\/www.rijeka.hr\/it\/amministrazione-cittadina\/strategia-sviluppo-della-citta-fiume-2014-2020__trashed\/posizionare-fiume-livello-globale-lo-sviluppo-del-corridoio-intermodale-fiumano\/#breadcrumb"},"inLanguage":"it-IT","potentialAction":[{"@type":"ReadAction","target":["https:\/\/www.rijeka.hr\/it\/amministrazione-cittadina\/strategia-sviluppo-della-citta-fiume-2014-2020__trashed\/posizionare-fiume-livello-globale-lo-sviluppo-del-corridoio-intermodale-fiumano\/"]}]},{"@type":"BreadcrumbList","@id":"https:\/\/www.rijeka.hr\/it\/amministrazione-cittadina\/strategia-sviluppo-della-citta-fiume-2014-2020__trashed\/posizionare-fiume-livello-globale-lo-sviluppo-del-corridoio-intermodale-fiumano\/#breadcrumb","itemListElement":[{"@type":"ListItem","position":1,"name":"Po\u010detna stranica","item":"https:\/\/www.rijeka.hr\/it\/"},{"@type":"ListItem","position":2,"name":"Amministrazione cittadina","item":"https:\/\/www.rijeka.hr\/it\/amministrazione-cittadina\/"},{"@type":"ListItem","position":3,"name":"Strategia di sviluppo della Citt\u00e0 di Fiume 2014 \u2013 2020","item":"https:\/\/www.rijeka.hr\/it\/?page_id=2044"},{"@type":"ListItem","position":4,"name":"Posizionare Fiume a livello globale con lo sviluppo del corridoio intermodale fiumano"}]},{"@type":"WebSite","@id":"https:\/\/www.rijeka.hr\/it\/#website","url":"https:\/\/www.rijeka.hr\/it\/","name":"Citt\u00e0 di Fiume","description":"Portale web della Citta&#039; di Fiume","potentialAction":[{"@type":"SearchAction","target":{"@type":"EntryPoint","urlTemplate":"https:\/\/www.rijeka.hr\/it\/?s={search_term_string}"},"query-input":{"@type":"PropertyValueSpecification","valueRequired":true,"valueName":"search_term_string"}}],"inLanguage":"it-IT"}]}},"_links":{"self":[{"href":"https:\/\/www.rijeka.hr\/it\/wp-json\/wp\/v2\/pages\/2046","targetHints":{"allow":["GET"]}}],"collection":[{"href":"https:\/\/www.rijeka.hr\/it\/wp-json\/wp\/v2\/pages"}],"about":[{"href":"https:\/\/www.rijeka.hr\/it\/wp-json\/wp\/v2\/types\/page"}],"author":[{"embeddable":true,"href":"https:\/\/www.rijeka.hr\/it\/wp-json\/wp\/v2\/users\/13"}],"replies":[{"embeddable":true,"href":"https:\/\/www.rijeka.hr\/it\/wp-json\/wp\/v2\/comments?post=2046"}],"version-history":[{"count":6,"href":"https:\/\/www.rijeka.hr\/it\/wp-json\/wp\/v2\/pages\/2046\/revisions"}],"predecessor-version":[{"id":3928,"href":"https:\/\/www.rijeka.hr\/it\/wp-json\/wp\/v2\/pages\/2046\/revisions\/3928"}],"up":[{"embeddable":true,"href":"https:\/\/www.rijeka.hr\/it\/wp-json\/wp\/v2\/pages\/2044"}],"wp:attachment":[{"href":"https:\/\/www.rijeka.hr\/it\/wp-json\/wp\/v2\/media?parent=2046"}],"wp:term":[{"taxonomy":"post_tag","embeddable":true,"href":"https:\/\/www.rijeka.hr\/it\/wp-json\/wp\/v2\/tags?post=2046"}],"curies":[{"name":"wp","href":"https:\/\/api.w.org\/{rel}","templated":true}]}}