{"id":2049,"date":"2016-11-10T13:00:04","date_gmt":"2016-11-10T12:00:04","guid":{"rendered":"https:\/\/www.rijeka.hr\/it\/?page_id=2049"},"modified":"2020-07-07T08:58:36","modified_gmt":"2020-07-07T06:58:36","slug":"sviluppare-uneconomia-competitiva-basata-sulla-societa-del-sapere-sulle-nuove-tecnologie","status":"publish","type":"page","link":"https:\/\/www.rijeka.hr\/it\/amministrazione-cittadina\/strategia-sviluppo-della-citta-fiume-2014-2020__trashed\/sviluppare-uneconomia-competitiva-basata-sulla-societa-del-sapere-sulle-nuove-tecnologie\/","title":{"rendered":"Sviluppare un\u2019economia competitiva basata sulla societ\u00e0 del sapere e sulle nuove tecnologie"},"content":{"rendered":"<h2>Le priorit\u00e0 e le misure del secondo obiettivo strategico<\/h2>\n<h4>Sviluppo di nuove conoscenze e tecnologie<\/h4>\n<ul>\n<li>Sviluppo di conoscenze tecnologiche e imprenditoriali attraverso tutte le forme di educazione<\/li>\n<li>Sviluppo di istituzioni imprenditoriali e misure di sostegno<\/li>\n<li>Trasferimento delle conoscenze e delle tecnologie<\/li>\n<\/ul>\n<h4>Rafforzamento della competitivit\u00e0 economica<\/h4>\n<ul>\n<li>Consiglio per la competitivit\u00e0<\/li>\n<li>Aumento dell\u2019occupazione con l\u2019accento sull\u2019occupazione dei giovani<\/li>\n<li>Sviluppo dell\u2019economia basata sulle nuove tecnologie<\/li>\n<li>Sviluppo delle industrie creativi<\/li>\n<li>Infrastrutture ICT cittadine<\/li>\n<\/ul>\n<p>&nbsp;<\/p>\n<h2>Progetti del secondo obiettivo strategico<\/h2>\n<ul>\n<li>Con l\u2019ultimazione della costruzione del Campus, saranno create le condizioni per una completa trasformazione dell\u2019Universit\u00e0 in un\u2019universit\u00e0 moderna di nuova generazione.<\/li>\n<li>Con la partecipazione attiva della Citt\u00e0 alla costruzione del nuovo ospedale universitario a Tersatto migliorer\u00e0 la qualit\u00e0 della tutela sanitaria e del lavoro scientifico e la competitivit\u00e0 della Facolt\u00e0 di medicina.<\/li>\n<li>La creazione del Parco scientifico e tecnologico (STeP2) a Cantrida consentir\u00e0 un ulteriore sviluppo delle nuove tecnologie e il loro trasferimento verso l\u2019economia.<\/li>\n<li>Incoraggiando lo sviluppo tecnologico incentrato sulla crescita della competitivit\u00e0 del cantiere navale \u201c3 maj\u201d, sar\u00e0 assicurata la sopravivenza e lo sviluppo della cantieristica navale a Fiume.<\/li>\n<li>Con l\u2019ampliamento degli incubatori \u00a0start-up\u00a0 si svilupper\u00e0 un modello che permetter\u00e0 il lavoro autonomo dei giovani.<\/li>\n<li>Con l\u2019ultimazione della costruzione della zona imprenditoriale Bodulovo, sar\u00e0 creata una zona in funzione della nuova economia.<\/li>\n<li>Ampliando la capacit\u00e0 dell\u2019incubatore produttivo in zona Bodulovo, sar\u00e0 consentito il suo funzionamento.<\/li>\n<li>La promozione della zona di Mlaka e dell\u2019ex fabbrica Torpedo come zone commerciali e imprenditoriali attirer\u00e0 investitori interessati a investire in Fiume.<\/li>\n<li>Con l\u2019ulteriore sviluppo della rete cittadina dell\u2019informazione e della comunicazione e con l\u2019ampliamento dell\u2019area internet senza fili gratuito sar\u00e0 determinata la posizione di Fiume come una citt\u00e0 intelligente.<\/li>\n<li>Incoraggiando lo sviluppo dell\u2019industria basata sulle nove tecnologie, sar\u00e0 assicurato il criterio della sostenibilit\u00e0 nello sviluppo della citt\u00e0.<\/li>\n<li>La fondazione del centro per la commercializzazione delle innovazioni assister\u00e0 nel processo integrativo tra innovatori e aziende e investitori allo scopo di commercializzare pi\u00f9 velocemente le innovazioni.<\/li>\n<li>L\u2019ulteriore sviluppo del programma rivolto all\u2019imprenditoria e allo sviluppo dei programmi di educazione all\u2019imprenditoria mirati a gruppi specifici dei giovani e dei cittadini.<\/li>\n<li>Con la fondazione del Consiglio per la competitivit\u00e0, il sindaco della Citt\u00e0 di Fiume, in collaborazione con i migliori imprenditori di Fiume, cercher\u00e0 di posizionare Fiume sul mercato europeo e globale allo scopo di rafforzare la competitivit\u00e0 dell\u2019economia.<\/li>\n<li>Incoraggiando e sovvenzionando i programmi di efficienza energetica, la Citt\u00e0 continuer\u00e0 a realizzare i progetti come, ad esempio, l\u2019installazione di pannelli fotovoltaici per la produzione dell\u2019energia elettrica e la costruzione di impianti di cogenerazione.<\/li>\n<li>Lo sviluppo delle industrie creativi sar\u00e0 incoraggiato attraverso l\u2019attuazione di nuovi programmi di sviluppo sulla base della creativit\u00e0 culturale e artistica, utilizzando le conoscenze, nuove tecnologie e innovazioni.<\/li>\n<\/ul>\n","protected":false},"excerpt":{"rendered":"<p>Le priorit\u00e0 e le misure del secondo obiettivo strategico Sviluppo di nuove conoscenze e tecnologie Sviluppo di conoscenze tecnologiche e imprenditoriali attraverso tutte le forme di educazione Sviluppo di istituzioni imprenditoriali e misure di sostegno Trasferimento delle conoscenze e delle tecnologie Rafforzamento della competitivit\u00e0 economica Consiglio per la competitivit\u00e0 Aumento dell\u2019occupazione con l\u2019accento sull\u2019occupazione dei&#8230;<\/p>\n","protected":false},"author":13,"featured_media":0,"parent":2044,"menu_order":0,"comment_status":"closed","ping_status":"closed","template":"","meta":{"_acf_changed":false,"_trash_the_other_posts":false,"footnotes":"","_links_to":"","_links_to_target":""},"tags":[],"class_list":["post-2049","page","type-page","status-publish","hentry"],"acf":[],"yoast_head":"<!-- This site is optimized with the Yoast SEO plugin v24.4 - https:\/\/yoast.com\/wordpress\/plugins\/seo\/ -->\n<title>Sviluppare un\u2019economia competitiva basata sulla societ\u00e0 del sapere e sulle nuove tecnologie - Citt\u00e0 di Fiume<\/title>\n<meta name=\"robots\" content=\"index, follow, max-snippet:-1, max-image-preview:large, max-video-preview:-1\" \/>\n<link rel=\"canonical\" href=\"https:\/\/www.rijeka.hr\/it\/amministrazione-cittadina\/strategia-sviluppo-della-citta-fiume-2014-2020__trashed\/sviluppare-uneconomia-competitiva-basata-sulla-societa-del-sapere-sulle-nuove-tecnologie\/\" \/>\n<meta property=\"og:locale\" content=\"it_IT\" \/>\n<meta property=\"og:type\" content=\"article\" \/>\n<meta property=\"og:title\" content=\"Sviluppare un\u2019economia competitiva basata sulla societ\u00e0 del sapere e sulle nuove tecnologie - Citt\u00e0 di Fiume\" \/>\n<meta property=\"og:description\" content=\"Le priorit\u00e0 e le misure del secondo obiettivo strategico Sviluppo di nuove conoscenze e tecnologie Sviluppo di conoscenze tecnologiche e imprenditoriali attraverso tutte le forme di educazione Sviluppo di istituzioni imprenditoriali e misure di sostegno Trasferimento delle conoscenze e delle tecnologie Rafforzamento della competitivit\u00e0 economica Consiglio per la competitivit\u00e0 Aumento dell\u2019occupazione con l\u2019accento sull\u2019occupazione dei...\" \/>\n<meta property=\"og:url\" content=\"https:\/\/www.rijeka.hr\/it\/amministrazione-cittadina\/strategia-sviluppo-della-citta-fiume-2014-2020__trashed\/sviluppare-uneconomia-competitiva-basata-sulla-societa-del-sapere-sulle-nuove-tecnologie\/\" \/>\n<meta property=\"og:site_name\" content=\"Citt\u00e0 di Fiume\" \/>\n<meta property=\"article:modified_time\" content=\"2020-07-07T06:58:36+00:00\" \/>\n<meta name=\"twitter:card\" content=\"summary_large_image\" \/>\n<meta name=\"twitter:label1\" content=\"Est. reading time\" \/>\n\t<meta name=\"twitter:data1\" content=\"2 minutes\" \/>\n<script type=\"application\/ld+json\" class=\"yoast-schema-graph\">{\"@context\":\"https:\/\/schema.org\",\"@graph\":[{\"@type\":\"WebPage\",\"@id\":\"https:\/\/www.rijeka.hr\/it\/amministrazione-cittadina\/strategia-sviluppo-della-citta-fiume-2014-2020__trashed\/sviluppare-uneconomia-competitiva-basata-sulla-societa-del-sapere-sulle-nuove-tecnologie\/\",\"url\":\"https:\/\/www.rijeka.hr\/it\/amministrazione-cittadina\/strategia-sviluppo-della-citta-fiume-2014-2020__trashed\/sviluppare-uneconomia-competitiva-basata-sulla-societa-del-sapere-sulle-nuove-tecnologie\/\",\"name\":\"Sviluppare un\u2019economia competitiva basata sulla societ\u00e0 del sapere e sulle nuove tecnologie - Citt\u00e0 di Fiume\",\"isPartOf\":{\"@id\":\"https:\/\/www.rijeka.hr\/it\/#website\"},\"datePublished\":\"2016-11-10T12:00:04+00:00\",\"dateModified\":\"2020-07-07T06:58:36+00:00\",\"breadcrumb\":{\"@id\":\"https:\/\/www.rijeka.hr\/it\/amministrazione-cittadina\/strategia-sviluppo-della-citta-fiume-2014-2020__trashed\/sviluppare-uneconomia-competitiva-basata-sulla-societa-del-sapere-sulle-nuove-tecnologie\/#breadcrumb\"},\"inLanguage\":\"it-IT\",\"potentialAction\":[{\"@type\":\"ReadAction\",\"target\":[\"https:\/\/www.rijeka.hr\/it\/amministrazione-cittadina\/strategia-sviluppo-della-citta-fiume-2014-2020__trashed\/sviluppare-uneconomia-competitiva-basata-sulla-societa-del-sapere-sulle-nuove-tecnologie\/\"]}]},{\"@type\":\"BreadcrumbList\",\"@id\":\"https:\/\/www.rijeka.hr\/it\/amministrazione-cittadina\/strategia-sviluppo-della-citta-fiume-2014-2020__trashed\/sviluppare-uneconomia-competitiva-basata-sulla-societa-del-sapere-sulle-nuove-tecnologie\/#breadcrumb\",\"itemListElement\":[{\"@type\":\"ListItem\",\"position\":1,\"name\":\"Po\u010detna stranica\",\"item\":\"https:\/\/www.rijeka.hr\/it\/\"},{\"@type\":\"ListItem\",\"position\":2,\"name\":\"Amministrazione cittadina\",\"item\":\"https:\/\/www.rijeka.hr\/it\/amministrazione-cittadina\/\"},{\"@type\":\"ListItem\",\"position\":3,\"name\":\"Strategia di sviluppo della Citt\u00e0 di Fiume 2014 \u2013 2020\",\"item\":\"https:\/\/www.rijeka.hr\/it\/?page_id=2044\"},{\"@type\":\"ListItem\",\"position\":4,\"name\":\"Sviluppare un\u2019economia competitiva basata sulla societ\u00e0 del sapere e sulle nuove tecnologie\"}]},{\"@type\":\"WebSite\",\"@id\":\"https:\/\/www.rijeka.hr\/it\/#website\",\"url\":\"https:\/\/www.rijeka.hr\/it\/\",\"name\":\"Citt\u00e0 di Fiume\",\"description\":\"Portale web della Citta&#039; di Fiume\",\"potentialAction\":[{\"@type\":\"SearchAction\",\"target\":{\"@type\":\"EntryPoint\",\"urlTemplate\":\"https:\/\/www.rijeka.hr\/it\/?s={search_term_string}\"},\"query-input\":{\"@type\":\"PropertyValueSpecification\",\"valueRequired\":true,\"valueName\":\"search_term_string\"}}],\"inLanguage\":\"it-IT\"}]}<\/script>\n<!-- \/ Yoast SEO plugin. -->","yoast_head_json":{"title":"Sviluppare un\u2019economia competitiva basata sulla societ\u00e0 del sapere e sulle nuove tecnologie - Citt\u00e0 di Fiume","robots":{"index":"index","follow":"follow","max-snippet":"max-snippet:-1","max-image-preview":"max-image-preview:large","max-video-preview":"max-video-preview:-1"},"canonical":"https:\/\/www.rijeka.hr\/it\/amministrazione-cittadina\/strategia-sviluppo-della-citta-fiume-2014-2020__trashed\/sviluppare-uneconomia-competitiva-basata-sulla-societa-del-sapere-sulle-nuove-tecnologie\/","og_locale":"it_IT","og_type":"article","og_title":"Sviluppare un\u2019economia competitiva basata sulla societ\u00e0 del sapere e sulle nuove tecnologie - Citt\u00e0 di Fiume","og_description":"Le priorit\u00e0 e le misure del secondo obiettivo strategico Sviluppo di nuove conoscenze e tecnologie Sviluppo di conoscenze tecnologiche e imprenditoriali attraverso tutte le forme di educazione Sviluppo di istituzioni imprenditoriali e misure di sostegno Trasferimento delle conoscenze e delle tecnologie Rafforzamento della competitivit\u00e0 economica Consiglio per la competitivit\u00e0 Aumento dell\u2019occupazione con l\u2019accento sull\u2019occupazione dei...","og_url":"https:\/\/www.rijeka.hr\/it\/amministrazione-cittadina\/strategia-sviluppo-della-citta-fiume-2014-2020__trashed\/sviluppare-uneconomia-competitiva-basata-sulla-societa-del-sapere-sulle-nuove-tecnologie\/","og_site_name":"Citt\u00e0 di Fiume","article_modified_time":"2020-07-07T06:58:36+00:00","twitter_card":"summary_large_image","twitter_misc":{"Est. reading time":"2 minutes"},"schema":{"@context":"https:\/\/schema.org","@graph":[{"@type":"WebPage","@id":"https:\/\/www.rijeka.hr\/it\/amministrazione-cittadina\/strategia-sviluppo-della-citta-fiume-2014-2020__trashed\/sviluppare-uneconomia-competitiva-basata-sulla-societa-del-sapere-sulle-nuove-tecnologie\/","url":"https:\/\/www.rijeka.hr\/it\/amministrazione-cittadina\/strategia-sviluppo-della-citta-fiume-2014-2020__trashed\/sviluppare-uneconomia-competitiva-basata-sulla-societa-del-sapere-sulle-nuove-tecnologie\/","name":"Sviluppare un\u2019economia competitiva basata sulla societ\u00e0 del sapere e sulle nuove tecnologie - Citt\u00e0 di Fiume","isPartOf":{"@id":"https:\/\/www.rijeka.hr\/it\/#website"},"datePublished":"2016-11-10T12:00:04+00:00","dateModified":"2020-07-07T06:58:36+00:00","breadcrumb":{"@id":"https:\/\/www.rijeka.hr\/it\/amministrazione-cittadina\/strategia-sviluppo-della-citta-fiume-2014-2020__trashed\/sviluppare-uneconomia-competitiva-basata-sulla-societa-del-sapere-sulle-nuove-tecnologie\/#breadcrumb"},"inLanguage":"it-IT","potentialAction":[{"@type":"ReadAction","target":["https:\/\/www.rijeka.hr\/it\/amministrazione-cittadina\/strategia-sviluppo-della-citta-fiume-2014-2020__trashed\/sviluppare-uneconomia-competitiva-basata-sulla-societa-del-sapere-sulle-nuove-tecnologie\/"]}]},{"@type":"BreadcrumbList","@id":"https:\/\/www.rijeka.hr\/it\/amministrazione-cittadina\/strategia-sviluppo-della-citta-fiume-2014-2020__trashed\/sviluppare-uneconomia-competitiva-basata-sulla-societa-del-sapere-sulle-nuove-tecnologie\/#breadcrumb","itemListElement":[{"@type":"ListItem","position":1,"name":"Po\u010detna stranica","item":"https:\/\/www.rijeka.hr\/it\/"},{"@type":"ListItem","position":2,"name":"Amministrazione cittadina","item":"https:\/\/www.rijeka.hr\/it\/amministrazione-cittadina\/"},{"@type":"ListItem","position":3,"name":"Strategia di sviluppo della Citt\u00e0 di Fiume 2014 \u2013 2020","item":"https:\/\/www.rijeka.hr\/it\/?page_id=2044"},{"@type":"ListItem","position":4,"name":"Sviluppare un\u2019economia competitiva basata sulla societ\u00e0 del sapere e sulle nuove tecnologie"}]},{"@type":"WebSite","@id":"https:\/\/www.rijeka.hr\/it\/#website","url":"https:\/\/www.rijeka.hr\/it\/","name":"Citt\u00e0 di Fiume","description":"Portale web della Citta&#039; di Fiume","potentialAction":[{"@type":"SearchAction","target":{"@type":"EntryPoint","urlTemplate":"https:\/\/www.rijeka.hr\/it\/?s={search_term_string}"},"query-input":{"@type":"PropertyValueSpecification","valueRequired":true,"valueName":"search_term_string"}}],"inLanguage":"it-IT"}]}},"_links":{"self":[{"href":"https:\/\/www.rijeka.hr\/it\/wp-json\/wp\/v2\/pages\/2049","targetHints":{"allow":["GET"]}}],"collection":[{"href":"https:\/\/www.rijeka.hr\/it\/wp-json\/wp\/v2\/pages"}],"about":[{"href":"https:\/\/www.rijeka.hr\/it\/wp-json\/wp\/v2\/types\/page"}],"author":[{"embeddable":true,"href":"https:\/\/www.rijeka.hr\/it\/wp-json\/wp\/v2\/users\/13"}],"replies":[{"embeddable":true,"href":"https:\/\/www.rijeka.hr\/it\/wp-json\/wp\/v2\/comments?post=2049"}],"version-history":[{"count":6,"href":"https:\/\/www.rijeka.hr\/it\/wp-json\/wp\/v2\/pages\/2049\/revisions"}],"predecessor-version":[{"id":3938,"href":"https:\/\/www.rijeka.hr\/it\/wp-json\/wp\/v2\/pages\/2049\/revisions\/3938"}],"up":[{"embeddable":true,"href":"https:\/\/www.rijeka.hr\/it\/wp-json\/wp\/v2\/pages\/2044"}],"wp:attachment":[{"href":"https:\/\/www.rijeka.hr\/it\/wp-json\/wp\/v2\/media?parent=2049"}],"wp:term":[{"taxonomy":"post_tag","embeddable":true,"href":"https:\/\/www.rijeka.hr\/it\/wp-json\/wp\/v2\/tags?post=2049"}],"curies":[{"name":"wp","href":"https:\/\/api.w.org\/{rel}","templated":true}]}}