{"id":2051,"date":"2016-11-10T13:18:27","date_gmt":"2016-11-10T12:18:27","guid":{"rendered":"https:\/\/www.rijeka.hr\/it\/?page_id=2051"},"modified":"2020-07-07T09:00:40","modified_gmt":"2020-07-07T07:00:40","slug":"assicurare-vita-dignitosa-tutti-cittadini-rafforzando-linclusione-sociale-sviluppando-progetti-dinteresse-comune","status":"publish","type":"page","link":"https:\/\/www.rijeka.hr\/it\/amministrazione-cittadina\/strategia-sviluppo-della-citta-fiume-2014-2020__trashed\/assicurare-vita-dignitosa-tutti-cittadini-rafforzando-linclusione-sociale-sviluppando-progetti-dinteresse-comune\/","title":{"rendered":"Assicurare una vita dignitosa a tutti i cittadini rafforzando l\u2019inclusione sociale e sviluppando progetti d\u2019interesse comune"},"content":{"rendered":"<h2>Le priorit\u00e0 e le misure del terzo obiettivo strategico<\/h2>\n<h4>Rigenerazione urbana<\/h4>\n<ul>\n<li>Pianificazione urbana integrata<\/li>\n<li>Candidatura a capitale europea della cultura<\/li>\n<li>La costruzione delle infrastrutture cittadine<\/li>\n<\/ul>\n<h4>La tutela e il miglioramento della qualit\u00e0 della vita e della salute dei cittadini<\/h4>\n<ul>\n<li>La creazione delle condizioni per la vita indipendente dei giovani<\/li>\n<li>La tutela e il miglioramento della salute (programmi educativi e sanitari, sport e ricreazione)<\/li>\n<li>La politica sociale moderna<\/li>\n<\/ul>\n<h4>Il rafforzamento delle capacit\u00e0 amministrative dentro il sistema della Citt\u00e0 di Fiume<\/h4>\n<ul>\n<li>Rafforzamento delle risorse umane e del sapere<\/li>\n<li>Collaborazione regionale ed europea<\/li>\n<\/ul>\n<h2>Progetti nell\u2019ambito del terzo obiettivo strategico<\/h2>\n<ul>\n<li>Con la costruzione delle scuole materne nei rioni di Pehlin, Rasto\u010dine e Krnjevo e assicurando lo spazio per una scuola materna dentro il Campus che pu\u00f2 venir usato come spazio per la pratica per corsi di laurea in educazione prescolare, aumenteranno le capacit\u00e0 dell\u2019Ente Asili di Fiume.<\/li>\n<li>L\u2019introduzione di pasti sani nelle scuole elementari contribuir\u00e0 allo sviluppo di un sano stile di vita e aiuter\u00e0 a prevenire problemi legati all\u2019alimentazione.<\/li>\n<li>Con l\u2019introduzione del programma educativo \u201cLa mia Fiume\u201d in tutte le scuole elementari di Fiume gli alunni si familiarizzeranno con la storia e l\u2019identit\u00e0 culturale della citt\u00e0 e con l\u2019introduzione del programma educativo nelle scuole elementari che promover\u00e0 la nonviolenza, la tolleranza e la solidariet\u00e0, si svilupperanno i valori umani fondamentali.<\/li>\n<li>Con l\u2019ulteriore assegnazione delle borse di studio rivolte ad alunni delle scuole medie superiori e studenti secondo i criteri dell\u2019eccellenza sar\u00e0 promosso il successo, con l\u2019introduzione delle borse di studio secondo i criteri sociali, le fasce socialmente deboli e giovani ambiziosi avranno una possibilit\u00e0 aggiuntiva per progredire, mentre l\u2019ulteriore cofinanziamento dei programmi di apprendimento permanente permetteranno l\u2019acquisizione del sapere e delle abilit\u00e0 nell\u2019et\u00e0 post-scolare.<\/li>\n<li>La continuazione dell\u2019edilizia abitativa nell\u2019ambito del programma di edilizia abitativa agevolata nei rioni di Martinkovac e Hostov breg, contribuir\u00e0 a risolvere la questione abitativa di molte famiglie fiumane.<\/li>\n<li>L\u2019ulteriore miglioramento del Programma sociale, aiuter\u00e0 a ridurre l\u2019esclusione sociale delle fasce socialmente deboli.<\/li>\n<li>Seguendo la deistituzionalizzazione delle case di previdenza sociale e una pi\u00f9 intensa briga per bambini con necessit\u00e0 particolari aiuteranno a trovati i modelli per utilizzare i fondi dell\u2019UE.<\/li>\n<li>Con l\u2019apertura di nuovi club dei pensionati e degli anziani e incoraggiando l\u2019ampliamento delle capacit\u00e0 ricettive per la sistemazione degli anziani e dei disabili (il settore privato e il settore pubblico) aumenter\u00e0 la qualit\u00e0 della vita dei cittadini di Fiume nella terza et\u00e0.<\/li>\n<li>Il cofinanziamento dei programmi sanitari preventivi e educativi e un ambulatorio di medicina dello sport contribuiranno a una migliore salute mentale e fisica dei bambini e dei giovani.<\/li>\n<li>Creando le condizioni per traslocare la Biblioteca civica e il Museo di arte moderna e contemporanea e il Museo Civico di Fiume (complesso \u00a0Ben\u010di\u0107)\u00a0saranno risolti i problemi concernenti gli spazi di queste istituzioni e migliorer\u00e0 la qualit\u00e0 del lavoro.<\/li>\n<li>Lavorando continuamente sulla candidatura di Fiume a Capitale europea della cultura aiuter\u00e0 a determinare l\u2019identit\u00e0 culturale della citt\u00e0.<\/li>\n<li>Con lo sviluppo di un nuovo modello di collaborazione in cui il settore culturale indipendente e il neo-fondato Centro culturale studentesco gestiscono gli spazi di Palach, Filodrammatica e Marganovo sar\u00e0 assicurato l\u2019adeguato uso dei vani e una maggiore visibilit\u00e0 dei programmi culturali e l\u2019inclusione della popolazione studentesca nella vita culturale della citt\u00e0.<\/li>\n<li>Con ulteriori investimenti nei programmi e nel lavoro delle minoranze nazionali sar\u00e0 promosso il valore del multiculturalismo come una parte importante dell\u2019identit\u00e0 fiumana.<\/li>\n<li>Finanziando le attivit\u00e0 delle fasce pi\u00f9 giovani presso i club sportivi, saranno costruiti i fondamenti dei successi sportivi fiumani e incoraggiata l\u2019inclusione dei giovani nelle attivit\u00e0 sportive.<\/li>\n<li>Con la ricostruzione della palestra Dinko Lukari\u0107, attraverso i fondi dell\u2019UE, sar\u00e0 sistemato uno spazio per attivamente praticare lo sport e la ricreazione.<\/li>\n<li>Con ulteriori investimenti nelle manifestazioni culturali, sportive e di cultura tecnica, che sono riconosciute al di fuori dei confini della citt\u00e0 e rappresentano parte dell\u2019identit\u00e0 di Fiume, aumenter\u00e0 l\u2019attrazione di Fiume quale destinazione, e sviluppando la disponibilit\u00e0 dei contenuti culturali e sportivi a un maggiore numero dei cittadini, sar\u00e0 incoraggiata l\u2019inclusione sociale.<\/li>\n<li>Sostenendo la costruzione dell\u2019albergo nell\u2019ambito del complesso Ben\u010di\u0107 e del villaggio turistico di Costabella, con la costruzione delle necessarie infrastrutture comunali, la citt\u00e0 prender\u00e0 parte attiva alla realizzazione di questi progetti.<\/li>\n<li>Con la ristrutturazione della piazza del Duomo, della piazza Kobler e della piazza dei Paolini, in collaborazione con la Port Authority, con il risanamento della rampa di lancio del siluro dell\u2019ex fabbrica Torpedo, saranno rafforzate le attivit\u00e0 di questi luoghi specifici.<\/li>\n<li>Con la sistemazione della passeggiata lungo il canyon della Rje\u010dina dall\u2019ex fabbrica Cartiera fino a Orehovica e sistemando ulteriormente le passeggiate lungo il mare da Cantrida fino a Preluca, saranno offerti nuovi spazi per la ricreazione per trascorrere il tempo libero in modo piacevole.<\/li>\n<li>Sistemando pi\u00f9 intensamente nuove aree verdi e parchi gioco per bambini si risponder\u00e0 alla mancanza di tali spazi in diversi quartieri cittadini.<\/li>\n<li>Con l\u2019attuazione dell\u2019iniziativa educativa negli asili d\u2019infanzia, nelle scuole, e con i cittadini inerente alla selezione primaria dei rifiuti e aumentando il numero delle ecoisole e dei recipienti per la raccolta differenziata dei rifiuti, sar\u00e0 incoraggiato un rapporto responsabile verso l\u2019ambiente e a lungo termine migliorer\u00e0 la qualit\u00e0 della vita.<\/li>\n<li>Con la costruzione dell\u2019impianto per la produzione di energia elettrica da biogas prodotto nella risanata discarica dei rifiuti Vi\u0161evac, aumenter\u00e0 l&#8217;efficienza energetica della citt\u00e0.<\/li>\n<li>Con l\u2019ultimazione della costruzione del Centro regionale per la gestione dei rifiuti di Mari\u0161\u0107ina con il sistema per il trattamento meccanico e biologico, sar\u00e0 realizzato il progetto del sistema integrale per la gestione dei rifiuti.<\/li>\n<li>Con la costruzione di nuovi 135 km di canalizzazioni, con la posa simultanea dell\u2019installazione di gas sul territorio di Fiume, dei comuni limitrofi, con l\u2019utilizzo dei fondi dell\u2019UE, sar\u00e0 elevato lo standard di attrezzamento con infrastrutture comunali.<\/li>\n<li>Con l\u2019ulteriore cofinanziamento delle linee notturne della municipalizzata Autotrolej i cittadini e particolarmente i giovani avranno una maggiore liberta e sicurezza nel traffico.<\/li>\n<li>Assicurano un\u2019ulteriore attuazione del Programma di partenariato di Fiume allo scopo di incoraggiare il valore del volontariato e della comunit\u00e0, sar\u00e0 rafforzato il senso dell\u2019appartenenza alla comunit\u00e0.<\/li>\n<li>Con l\u2019ulteriore attuazione della politica trasparente cittadina, in comunicazione con i cittadini, sar\u00e0 introdotto il modello di dialogo pubblico con professionisti e in questo modo ottenuta la massima qualit\u00e0 nei processi decisionali e l\u2019attuazione dei progetti rilevanti per tutta la citt\u00e0.<\/li>\n<li>Insistendo sull\u2019ulteriore attuazione della decentralizzazione sar\u00e0 rafforzato il ruolo di Fiume e di tutti gli altri enti di autogoverno locale.<\/li>\n<\/ul>\n<p>&nbsp;<\/p>\n","protected":false},"excerpt":{"rendered":"<p>Le priorit\u00e0 e le misure del terzo obiettivo strategico Rigenerazione urbana Pianificazione urbana integrata Candidatura a capitale europea della cultura La costruzione delle infrastrutture cittadine La tutela e il miglioramento della qualit\u00e0 della vita e della salute dei cittadini La creazione delle condizioni per la vita indipendente dei giovani La tutela e il miglioramento della&#8230;<\/p>\n","protected":false},"author":13,"featured_media":0,"parent":2044,"menu_order":0,"comment_status":"closed","ping_status":"closed","template":"","meta":{"_acf_changed":false,"_trash_the_other_posts":false,"footnotes":"","_links_to":"","_links_to_target":""},"tags":[],"class_list":["post-2051","page","type-page","status-publish","hentry"],"acf":[],"yoast_head":"<!-- This site is optimized with the Yoast SEO plugin v24.4 - https:\/\/yoast.com\/wordpress\/plugins\/seo\/ -->\n<title>Assicurare una vita dignitosa a tutti i cittadini rafforzando l\u2019inclusione sociale e sviluppando progetti d\u2019interesse comune - Citt\u00e0 di Fiume<\/title>\n<meta name=\"robots\" content=\"index, follow, max-snippet:-1, max-image-preview:large, max-video-preview:-1\" \/>\n<link rel=\"canonical\" href=\"https:\/\/www.rijeka.hr\/it\/amministrazione-cittadina\/strategia-sviluppo-della-citta-fiume-2014-2020__trashed\/assicurare-vita-dignitosa-tutti-cittadini-rafforzando-linclusione-sociale-sviluppando-progetti-dinteresse-comune\/\" \/>\n<meta property=\"og:locale\" content=\"it_IT\" \/>\n<meta property=\"og:type\" content=\"article\" \/>\n<meta property=\"og:title\" content=\"Assicurare una vita dignitosa a tutti i cittadini rafforzando l\u2019inclusione sociale e sviluppando progetti d\u2019interesse comune - Citt\u00e0 di Fiume\" \/>\n<meta property=\"og:description\" content=\"Le priorit\u00e0 e le misure del terzo obiettivo strategico Rigenerazione urbana Pianificazione urbana integrata Candidatura a capitale europea della cultura La costruzione delle infrastrutture cittadine La tutela e il miglioramento della qualit\u00e0 della vita e della salute dei cittadini La creazione delle condizioni per la vita indipendente dei giovani La tutela e il miglioramento della...\" \/>\n<meta property=\"og:url\" content=\"https:\/\/www.rijeka.hr\/it\/amministrazione-cittadina\/strategia-sviluppo-della-citta-fiume-2014-2020__trashed\/assicurare-vita-dignitosa-tutti-cittadini-rafforzando-linclusione-sociale-sviluppando-progetti-dinteresse-comune\/\" \/>\n<meta property=\"og:site_name\" content=\"Citt\u00e0 di Fiume\" \/>\n<meta property=\"article:modified_time\" content=\"2020-07-07T07:00:40+00:00\" \/>\n<meta name=\"twitter:card\" content=\"summary_large_image\" \/>\n<meta name=\"twitter:label1\" content=\"Est. reading time\" \/>\n\t<meta name=\"twitter:data1\" content=\"6 minutes\" \/>\n<script type=\"application\/ld+json\" class=\"yoast-schema-graph\">{\"@context\":\"https:\/\/schema.org\",\"@graph\":[{\"@type\":\"WebPage\",\"@id\":\"https:\/\/www.rijeka.hr\/it\/amministrazione-cittadina\/strategia-sviluppo-della-citta-fiume-2014-2020__trashed\/assicurare-vita-dignitosa-tutti-cittadini-rafforzando-linclusione-sociale-sviluppando-progetti-dinteresse-comune\/\",\"url\":\"https:\/\/www.rijeka.hr\/it\/amministrazione-cittadina\/strategia-sviluppo-della-citta-fiume-2014-2020__trashed\/assicurare-vita-dignitosa-tutti-cittadini-rafforzando-linclusione-sociale-sviluppando-progetti-dinteresse-comune\/\",\"name\":\"Assicurare una vita dignitosa a tutti i cittadini rafforzando l\u2019inclusione sociale e sviluppando progetti d\u2019interesse comune - Citt\u00e0 di Fiume\",\"isPartOf\":{\"@id\":\"https:\/\/www.rijeka.hr\/it\/#website\"},\"datePublished\":\"2016-11-10T12:18:27+00:00\",\"dateModified\":\"2020-07-07T07:00:40+00:00\",\"breadcrumb\":{\"@id\":\"https:\/\/www.rijeka.hr\/it\/amministrazione-cittadina\/strategia-sviluppo-della-citta-fiume-2014-2020__trashed\/assicurare-vita-dignitosa-tutti-cittadini-rafforzando-linclusione-sociale-sviluppando-progetti-dinteresse-comune\/#breadcrumb\"},\"inLanguage\":\"it-IT\",\"potentialAction\":[{\"@type\":\"ReadAction\",\"target\":[\"https:\/\/www.rijeka.hr\/it\/amministrazione-cittadina\/strategia-sviluppo-della-citta-fiume-2014-2020__trashed\/assicurare-vita-dignitosa-tutti-cittadini-rafforzando-linclusione-sociale-sviluppando-progetti-dinteresse-comune\/\"]}]},{\"@type\":\"BreadcrumbList\",\"@id\":\"https:\/\/www.rijeka.hr\/it\/amministrazione-cittadina\/strategia-sviluppo-della-citta-fiume-2014-2020__trashed\/assicurare-vita-dignitosa-tutti-cittadini-rafforzando-linclusione-sociale-sviluppando-progetti-dinteresse-comune\/#breadcrumb\",\"itemListElement\":[{\"@type\":\"ListItem\",\"position\":1,\"name\":\"Po\u010detna stranica\",\"item\":\"https:\/\/www.rijeka.hr\/it\/\"},{\"@type\":\"ListItem\",\"position\":2,\"name\":\"Amministrazione cittadina\",\"item\":\"https:\/\/www.rijeka.hr\/it\/amministrazione-cittadina\/\"},{\"@type\":\"ListItem\",\"position\":3,\"name\":\"Strategia di sviluppo della Citt\u00e0 di Fiume 2014 \u2013 2020\",\"item\":\"https:\/\/www.rijeka.hr\/it\/?page_id=2044\"},{\"@type\":\"ListItem\",\"position\":4,\"name\":\"Assicurare una vita dignitosa a tutti i cittadini rafforzando l\u2019inclusione sociale e sviluppando progetti d\u2019interesse comune\"}]},{\"@type\":\"WebSite\",\"@id\":\"https:\/\/www.rijeka.hr\/it\/#website\",\"url\":\"https:\/\/www.rijeka.hr\/it\/\",\"name\":\"Citt\u00e0 di Fiume\",\"description\":\"Portale web della Citta&#039; di Fiume\",\"potentialAction\":[{\"@type\":\"SearchAction\",\"target\":{\"@type\":\"EntryPoint\",\"urlTemplate\":\"https:\/\/www.rijeka.hr\/it\/?s={search_term_string}\"},\"query-input\":{\"@type\":\"PropertyValueSpecification\",\"valueRequired\":true,\"valueName\":\"search_term_string\"}}],\"inLanguage\":\"it-IT\"}]}<\/script>\n<!-- \/ Yoast SEO plugin. -->","yoast_head_json":{"title":"Assicurare una vita dignitosa a tutti i cittadini rafforzando l\u2019inclusione sociale e sviluppando progetti d\u2019interesse comune - Citt\u00e0 di Fiume","robots":{"index":"index","follow":"follow","max-snippet":"max-snippet:-1","max-image-preview":"max-image-preview:large","max-video-preview":"max-video-preview:-1"},"canonical":"https:\/\/www.rijeka.hr\/it\/amministrazione-cittadina\/strategia-sviluppo-della-citta-fiume-2014-2020__trashed\/assicurare-vita-dignitosa-tutti-cittadini-rafforzando-linclusione-sociale-sviluppando-progetti-dinteresse-comune\/","og_locale":"it_IT","og_type":"article","og_title":"Assicurare una vita dignitosa a tutti i cittadini rafforzando l\u2019inclusione sociale e sviluppando progetti d\u2019interesse comune - Citt\u00e0 di Fiume","og_description":"Le priorit\u00e0 e le misure del terzo obiettivo strategico Rigenerazione urbana Pianificazione urbana integrata Candidatura a capitale europea della cultura La costruzione delle infrastrutture cittadine La tutela e il miglioramento della qualit\u00e0 della vita e della salute dei cittadini La creazione delle condizioni per la vita indipendente dei giovani La tutela e il miglioramento della...","og_url":"https:\/\/www.rijeka.hr\/it\/amministrazione-cittadina\/strategia-sviluppo-della-citta-fiume-2014-2020__trashed\/assicurare-vita-dignitosa-tutti-cittadini-rafforzando-linclusione-sociale-sviluppando-progetti-dinteresse-comune\/","og_site_name":"Citt\u00e0 di Fiume","article_modified_time":"2020-07-07T07:00:40+00:00","twitter_card":"summary_large_image","twitter_misc":{"Est. reading time":"6 minutes"},"schema":{"@context":"https:\/\/schema.org","@graph":[{"@type":"WebPage","@id":"https:\/\/www.rijeka.hr\/it\/amministrazione-cittadina\/strategia-sviluppo-della-citta-fiume-2014-2020__trashed\/assicurare-vita-dignitosa-tutti-cittadini-rafforzando-linclusione-sociale-sviluppando-progetti-dinteresse-comune\/","url":"https:\/\/www.rijeka.hr\/it\/amministrazione-cittadina\/strategia-sviluppo-della-citta-fiume-2014-2020__trashed\/assicurare-vita-dignitosa-tutti-cittadini-rafforzando-linclusione-sociale-sviluppando-progetti-dinteresse-comune\/","name":"Assicurare una vita dignitosa a tutti i cittadini rafforzando l\u2019inclusione sociale e sviluppando progetti d\u2019interesse comune - Citt\u00e0 di Fiume","isPartOf":{"@id":"https:\/\/www.rijeka.hr\/it\/#website"},"datePublished":"2016-11-10T12:18:27+00:00","dateModified":"2020-07-07T07:00:40+00:00","breadcrumb":{"@id":"https:\/\/www.rijeka.hr\/it\/amministrazione-cittadina\/strategia-sviluppo-della-citta-fiume-2014-2020__trashed\/assicurare-vita-dignitosa-tutti-cittadini-rafforzando-linclusione-sociale-sviluppando-progetti-dinteresse-comune\/#breadcrumb"},"inLanguage":"it-IT","potentialAction":[{"@type":"ReadAction","target":["https:\/\/www.rijeka.hr\/it\/amministrazione-cittadina\/strategia-sviluppo-della-citta-fiume-2014-2020__trashed\/assicurare-vita-dignitosa-tutti-cittadini-rafforzando-linclusione-sociale-sviluppando-progetti-dinteresse-comune\/"]}]},{"@type":"BreadcrumbList","@id":"https:\/\/www.rijeka.hr\/it\/amministrazione-cittadina\/strategia-sviluppo-della-citta-fiume-2014-2020__trashed\/assicurare-vita-dignitosa-tutti-cittadini-rafforzando-linclusione-sociale-sviluppando-progetti-dinteresse-comune\/#breadcrumb","itemListElement":[{"@type":"ListItem","position":1,"name":"Po\u010detna stranica","item":"https:\/\/www.rijeka.hr\/it\/"},{"@type":"ListItem","position":2,"name":"Amministrazione cittadina","item":"https:\/\/www.rijeka.hr\/it\/amministrazione-cittadina\/"},{"@type":"ListItem","position":3,"name":"Strategia di sviluppo della Citt\u00e0 di Fiume 2014 \u2013 2020","item":"https:\/\/www.rijeka.hr\/it\/?page_id=2044"},{"@type":"ListItem","position":4,"name":"Assicurare una vita dignitosa a tutti i cittadini rafforzando l\u2019inclusione sociale e sviluppando progetti d\u2019interesse comune"}]},{"@type":"WebSite","@id":"https:\/\/www.rijeka.hr\/it\/#website","url":"https:\/\/www.rijeka.hr\/it\/","name":"Citt\u00e0 di Fiume","description":"Portale web della Citta&#039; di Fiume","potentialAction":[{"@type":"SearchAction","target":{"@type":"EntryPoint","urlTemplate":"https:\/\/www.rijeka.hr\/it\/?s={search_term_string}"},"query-input":{"@type":"PropertyValueSpecification","valueRequired":true,"valueName":"search_term_string"}}],"inLanguage":"it-IT"}]}},"_links":{"self":[{"href":"https:\/\/www.rijeka.hr\/it\/wp-json\/wp\/v2\/pages\/2051","targetHints":{"allow":["GET"]}}],"collection":[{"href":"https:\/\/www.rijeka.hr\/it\/wp-json\/wp\/v2\/pages"}],"about":[{"href":"https:\/\/www.rijeka.hr\/it\/wp-json\/wp\/v2\/types\/page"}],"author":[{"embeddable":true,"href":"https:\/\/www.rijeka.hr\/it\/wp-json\/wp\/v2\/users\/13"}],"replies":[{"embeddable":true,"href":"https:\/\/www.rijeka.hr\/it\/wp-json\/wp\/v2\/comments?post=2051"}],"version-history":[{"count":3,"href":"https:\/\/www.rijeka.hr\/it\/wp-json\/wp\/v2\/pages\/2051\/revisions"}],"predecessor-version":[{"id":3940,"href":"https:\/\/www.rijeka.hr\/it\/wp-json\/wp\/v2\/pages\/2051\/revisions\/3940"}],"up":[{"embeddable":true,"href":"https:\/\/www.rijeka.hr\/it\/wp-json\/wp\/v2\/pages\/2044"}],"wp:attachment":[{"href":"https:\/\/www.rijeka.hr\/it\/wp-json\/wp\/v2\/media?parent=2051"}],"wp:term":[{"taxonomy":"post_tag","embeddable":true,"href":"https:\/\/www.rijeka.hr\/it\/wp-json\/wp\/v2\/tags?post=2051"}],"curies":[{"name":"wp","href":"https:\/\/api.w.org\/{rel}","templated":true}]}}