{"id":2089,"date":"2016-11-10T15:29:22","date_gmt":"2016-11-10T14:29:22","guid":{"rendered":"https:\/\/www.rijeka.hr\/it\/?page_id=2089"},"modified":"2022-10-14T10:49:03","modified_gmt":"2022-10-14T08:49:03","slug":"la-linea-ferroviaria-ad-alta-efficienza-botovo-fiume","status":"publish","type":"page","link":"https:\/\/www.rijeka.hr\/it\/amministrazione-cittadina\/progetti-dellue\/progetti-in-corso\/la-linea-ferroviaria-ad-alta-efficienza-botovo-fiume\/","title":{"rendered":"La linea ferroviaria ad alta capacit\u00e0 Botovo &#8211; Fiume"},"content":{"rendered":"<p><strong>Importanza del progetto<\/strong><\/p>\n<p>La linea ferroviaria ad alta capacit\u00e0 Botovo \u2013 Zagabria \u2013 Fiume e il suo allacciamento alla rete ferroviaria europea ha la funzione di garantire la qualit\u00e0 e un servizio concorrenziale nell\u2019ambito della consegna merci dal porto di Fiume. L\u2019allacciamento alla rete delle linee ferroviarie ad alta velocit\u00e0 dell\u2019UE apre delle potenzialit\u00e0 straordinarie anche per quanto concerne il trasporto dei passeggeri.<\/p>\n<div id=\"attachment_14709\" class=\"wp-caption aligncenter\"><img loading=\"lazy\" decoding=\"async\" width=\"354\" height=\"233\" class=\"wp-image-14709 size-full\" src=\"https:\/\/www.rijeka.hr\/it\/wp-content\/uploads\/sites\/3\/2022\/03\/Pruga-visoke-u\u010dinkovitosti-Botovo-Rijeka.jpg\" alt=\"\" \/><p class=\"wp-caption-text\">linea ferroviaria ad alta capacit\u00e0 Botovo \u2013 Zagabria \u2013 Fiume<\/p><\/div>\n<p><strong>Posizione<\/strong>:<\/p>\n<p>La linea ferroviaria della Regione litoraneo-montana attraversa diverse unit\u00e0 di autogoverno locale<\/p>\n<p><strong>Propriet\u00e0<\/strong>: pubblica e privata<\/p>\n<p><strong>Tipo di progetto:<\/strong> Infrastrutture di trasporto<\/p>\n<p><strong>Promotore del progetto:<\/strong> H\u017d infrastruktura<\/p>\n<p><strong>Stimato valore del progetto<\/strong>: 4.732.000.000 euro<\/p>\n<p>La costruzione della linea ferroviaria \u00e8 suddivisa in quattro fasi:<\/p>\n<ol>\n<li>Botovo \u2013 Zagabria: 90 km del secondo binario,<\/li>\n<li>Nodo Zagabria: nuova circonvallazione di 65 km di ferrovia,<\/li>\n<li>Zagabria \u2013 Fiume: 177,5 km di ferrovia nuova,<\/li>\n<li>Nodo Fiume: 50 km di binario.<\/li>\n<\/ol>\n<p><strong>Modello di realizzazione:\u00a0<\/strong>Trattative aperte per potenziali investitori.<\/p>\n<p><strong>Documentazione preparata<\/strong><\/p>\n<p>Documentazione relativa alla pianificazione territoriale:<\/p>\n<ul>\n<li>Strategia e programma di pianificazione territoriale della Repubblica di Croazia.<\/li>\n<\/ul>\n<p>Documentazione relativa a vari studi eseguiti:<\/p>\n<ul>\n<li>strategia di sviluppo delle infrastrutture stradali della Repubblica di Croazia, 1999,<\/li>\n<li>studio di fattibilit\u00e0 del progetto d\u2019investimento,<\/li>\n<li>studio sull\u2019impatto ambientale del tratto Zagabria \u2013 Dre\u017enica,<\/li>\n<li>studio sull\u2019aerodinamica nei tunnel,<\/li>\n<li>studio territoriale e stradale della Regione litoraneo-montana e della Citt\u00e0 di Fiume, 2011.<\/li>\n<\/ul>\n<p>Documentazione progettuale:<\/p>\n<ul>\n<li>progetti preliminari di costruzione.<\/li>\n<\/ul>\n<p><strong>Contatto:<br \/>\n<\/strong>Dipartimento per lo sviluppo, la preparazione e l&#8217;attuazione degli investimenti e i fondi dell&#8217;UE<br \/>\nH\u017d infrastruktura<br \/>\nTel.:\u00a0<u><a href=\"tel:+385%201%20378%203440\">01 378 3440<\/a><\/u><br \/>\nE-mail:\u00a0<u><a href=\"&#x6d;a&#x69;&#108;&#x74;&#111;:&#x66;o&#x6e;&#100;&#x6f;&#118;i&#x2e;&#101;&#x75;&#64;h&#x7a;i&#x6e;&#102;&#x72;&#97;&#46;&#x68;r\">&#102;o&#x6e;d&#x6f;v&#x69;&#46;&#x65;u&#x40;h&#x7a;&#105;&#x6e;&#102;&#x72;&#97;&#x2e;&#104;&#x72;<\/a><\/u><br \/>\nWeb:\u00a0<u><a href=\"http:\/\/www.hzinfra.hr\/\">www.hzinfra.hr<\/a><\/u><\/p>\n<p>&nbsp;<\/p>\n","protected":false},"excerpt":{"rendered":"<p>Importanza del progetto La linea ferroviaria ad alta capacit\u00e0 Botovo \u2013 Zagabria \u2013 Fiume e il suo allacciamento alla rete ferroviaria europea ha la funzione di garantire la qualit\u00e0 e un servizio concorrenziale nell\u2019ambito della consegna merci dal porto di Fiume. L\u2019allacciamento alla rete delle linee ferroviarie ad alta velocit\u00e0 dell\u2019UE apre delle potenzialit\u00e0 straordinarie&#8230;<\/p>\n","protected":false},"author":3,"featured_media":14709,"parent":2059,"menu_order":0,"comment_status":"closed","ping_status":"closed","template":"","meta":{"_acf_changed":false,"_trash_the_other_posts":false,"footnotes":"","_links_to":"","_links_to_target":""},"tags":[],"class_list":["post-2089","page","type-page","status-publish","has-post-thumbnail","hentry"],"acf":[],"yoast_head":"<!-- This site is optimized with the Yoast SEO plugin v24.4 - https:\/\/yoast.com\/wordpress\/plugins\/seo\/ -->\n<title>La linea ferroviaria ad alta capacit\u00e0 Botovo - Fiume - Citt\u00e0 di Fiume<\/title>\n<meta name=\"robots\" content=\"index, follow, max-snippet:-1, max-image-preview:large, max-video-preview:-1\" \/>\n<link rel=\"canonical\" href=\"https:\/\/www.rijeka.hr\/it\/amministrazione-cittadina\/progetti-dellue\/progetti-in-corso\/la-linea-ferroviaria-ad-alta-efficienza-botovo-fiume\/\" \/>\n<meta property=\"og:locale\" content=\"it_IT\" \/>\n<meta property=\"og:type\" content=\"article\" \/>\n<meta property=\"og:title\" content=\"La linea ferroviaria ad alta capacit\u00e0 Botovo - Fiume - Citt\u00e0 di Fiume\" \/>\n<meta property=\"og:description\" content=\"Importanza del progetto La linea ferroviaria ad alta capacit\u00e0 Botovo \u2013 Zagabria \u2013 Fiume e il suo allacciamento alla rete ferroviaria europea ha la funzione di garantire la qualit\u00e0 e un servizio concorrenziale nell\u2019ambito della consegna merci dal porto di Fiume. L\u2019allacciamento alla rete delle linee ferroviarie ad alta velocit\u00e0 dell\u2019UE apre delle potenzialit\u00e0 straordinarie...\" \/>\n<meta property=\"og:url\" content=\"https:\/\/www.rijeka.hr\/it\/amministrazione-cittadina\/progetti-dellue\/progetti-in-corso\/la-linea-ferroviaria-ad-alta-efficienza-botovo-fiume\/\" \/>\n<meta property=\"og:site_name\" content=\"Citt\u00e0 di Fiume\" \/>\n<meta property=\"article:modified_time\" content=\"2022-10-14T08:49:03+00:00\" \/>\n<meta property=\"og:image\" content=\"https:\/\/www.rijeka.hr\/it\/wp-content\/uploads\/sites\/3\/2022\/03\/Pruga-visoke-u\u010dinkovitosti-Botovo-Rijeka.jpg\" \/>\n\t<meta property=\"og:image:width\" content=\"354\" \/>\n\t<meta property=\"og:image:height\" content=\"233\" \/>\n\t<meta property=\"og:image:type\" content=\"image\/jpeg\" \/>\n<meta name=\"twitter:card\" content=\"summary_large_image\" \/>\n<meta name=\"twitter:label1\" content=\"Est. reading time\" \/>\n\t<meta name=\"twitter:data1\" content=\"1 minute\" \/>\n<script type=\"application\/ld+json\" class=\"yoast-schema-graph\">{\"@context\":\"https:\/\/schema.org\",\"@graph\":[{\"@type\":\"WebPage\",\"@id\":\"https:\/\/www.rijeka.hr\/it\/amministrazione-cittadina\/progetti-dellue\/progetti-in-corso\/la-linea-ferroviaria-ad-alta-efficienza-botovo-fiume\/\",\"url\":\"https:\/\/www.rijeka.hr\/it\/amministrazione-cittadina\/progetti-dellue\/progetti-in-corso\/la-linea-ferroviaria-ad-alta-efficienza-botovo-fiume\/\",\"name\":\"La linea ferroviaria ad alta capacit\u00e0 Botovo - Fiume - Citt\u00e0 di Fiume\",\"isPartOf\":{\"@id\":\"https:\/\/www.rijeka.hr\/it\/#website\"},\"primaryImageOfPage\":{\"@id\":\"https:\/\/www.rijeka.hr\/it\/amministrazione-cittadina\/progetti-dellue\/progetti-in-corso\/la-linea-ferroviaria-ad-alta-efficienza-botovo-fiume\/#primaryimage\"},\"image\":{\"@id\":\"https:\/\/www.rijeka.hr\/it\/amministrazione-cittadina\/progetti-dellue\/progetti-in-corso\/la-linea-ferroviaria-ad-alta-efficienza-botovo-fiume\/#primaryimage\"},\"thumbnailUrl\":\"https:\/\/www.rijeka.hr\/it\/wp-content\/uploads\/sites\/3\/2022\/03\/Pruga-visoke-u\u010dinkovitosti-Botovo-Rijeka.jpg\",\"datePublished\":\"2016-11-10T14:29:22+00:00\",\"dateModified\":\"2022-10-14T08:49:03+00:00\",\"breadcrumb\":{\"@id\":\"https:\/\/www.rijeka.hr\/it\/amministrazione-cittadina\/progetti-dellue\/progetti-in-corso\/la-linea-ferroviaria-ad-alta-efficienza-botovo-fiume\/#breadcrumb\"},\"inLanguage\":\"it-IT\",\"potentialAction\":[{\"@type\":\"ReadAction\",\"target\":[\"https:\/\/www.rijeka.hr\/it\/amministrazione-cittadina\/progetti-dellue\/progetti-in-corso\/la-linea-ferroviaria-ad-alta-efficienza-botovo-fiume\/\"]}]},{\"@type\":\"ImageObject\",\"inLanguage\":\"it-IT\",\"@id\":\"https:\/\/www.rijeka.hr\/it\/amministrazione-cittadina\/progetti-dellue\/progetti-in-corso\/la-linea-ferroviaria-ad-alta-efficienza-botovo-fiume\/#primaryimage\",\"url\":\"https:\/\/www.rijeka.hr\/it\/wp-content\/uploads\/sites\/3\/2022\/03\/Pruga-visoke-u\u010dinkovitosti-Botovo-Rijeka.jpg\",\"contentUrl\":\"https:\/\/www.rijeka.hr\/it\/wp-content\/uploads\/sites\/3\/2022\/03\/Pruga-visoke-u\u010dinkovitosti-Botovo-Rijeka.jpg\",\"width\":354,\"height\":233,\"caption\":\"La linea ferroviaria ad alta capacit\u00e0 Botovo - Fiume\"},{\"@type\":\"BreadcrumbList\",\"@id\":\"https:\/\/www.rijeka.hr\/it\/amministrazione-cittadina\/progetti-dellue\/progetti-in-corso\/la-linea-ferroviaria-ad-alta-efficienza-botovo-fiume\/#breadcrumb\",\"itemListElement\":[{\"@type\":\"ListItem\",\"position\":1,\"name\":\"Po\u010detna stranica\",\"item\":\"https:\/\/www.rijeka.hr\/it\/\"},{\"@type\":\"ListItem\",\"position\":2,\"name\":\"Amministrazione cittadina\",\"item\":\"https:\/\/www.rijeka.hr\/it\/amministrazione-cittadina\/\"},{\"@type\":\"ListItem\",\"position\":3,\"name\":\"Progetti dell&#8217;UE\",\"item\":\"https:\/\/www.rijeka.hr\/it\/amministrazione-cittadina\/progetti-dellue\/\"},{\"@type\":\"ListItem\",\"position\":4,\"name\":\"Progetti in corso\",\"item\":\"https:\/\/www.rijeka.hr\/it\/amministrazione-cittadina\/progetti-dellue\/progetti-in-corso\/\"},{\"@type\":\"ListItem\",\"position\":5,\"name\":\"La linea ferroviaria ad alta capacit\u00e0 Botovo &#8211; Fiume\"}]},{\"@type\":\"WebSite\",\"@id\":\"https:\/\/www.rijeka.hr\/it\/#website\",\"url\":\"https:\/\/www.rijeka.hr\/it\/\",\"name\":\"Citt\u00e0 di Fiume\",\"description\":\"Portale web della Citta&#039; di Fiume\",\"potentialAction\":[{\"@type\":\"SearchAction\",\"target\":{\"@type\":\"EntryPoint\",\"urlTemplate\":\"https:\/\/www.rijeka.hr\/it\/?s={search_term_string}\"},\"query-input\":{\"@type\":\"PropertyValueSpecification\",\"valueRequired\":true,\"valueName\":\"search_term_string\"}}],\"inLanguage\":\"it-IT\"}]}<\/script>\n<!-- \/ Yoast SEO plugin. -->","yoast_head_json":{"title":"La linea ferroviaria ad alta capacit\u00e0 Botovo - Fiume - Citt\u00e0 di Fiume","robots":{"index":"index","follow":"follow","max-snippet":"max-snippet:-1","max-image-preview":"max-image-preview:large","max-video-preview":"max-video-preview:-1"},"canonical":"https:\/\/www.rijeka.hr\/it\/amministrazione-cittadina\/progetti-dellue\/progetti-in-corso\/la-linea-ferroviaria-ad-alta-efficienza-botovo-fiume\/","og_locale":"it_IT","og_type":"article","og_title":"La linea ferroviaria ad alta capacit\u00e0 Botovo - Fiume - Citt\u00e0 di Fiume","og_description":"Importanza del progetto La linea ferroviaria ad alta capacit\u00e0 Botovo \u2013 Zagabria \u2013 Fiume e il suo allacciamento alla rete ferroviaria europea ha la funzione di garantire la qualit\u00e0 e un servizio concorrenziale nell\u2019ambito della consegna merci dal porto di Fiume. L\u2019allacciamento alla rete delle linee ferroviarie ad alta velocit\u00e0 dell\u2019UE apre delle potenzialit\u00e0 straordinarie...","og_url":"https:\/\/www.rijeka.hr\/it\/amministrazione-cittadina\/progetti-dellue\/progetti-in-corso\/la-linea-ferroviaria-ad-alta-efficienza-botovo-fiume\/","og_site_name":"Citt\u00e0 di Fiume","article_modified_time":"2022-10-14T08:49:03+00:00","og_image":[{"width":354,"height":233,"url":"https:\/\/www.rijeka.hr\/it\/wp-content\/uploads\/sites\/3\/2022\/03\/Pruga-visoke-u\u010dinkovitosti-Botovo-Rijeka.jpg","type":"image\/jpeg"}],"twitter_card":"summary_large_image","twitter_misc":{"Est. reading time":"1 minute"},"schema":{"@context":"https:\/\/schema.org","@graph":[{"@type":"WebPage","@id":"https:\/\/www.rijeka.hr\/it\/amministrazione-cittadina\/progetti-dellue\/progetti-in-corso\/la-linea-ferroviaria-ad-alta-efficienza-botovo-fiume\/","url":"https:\/\/www.rijeka.hr\/it\/amministrazione-cittadina\/progetti-dellue\/progetti-in-corso\/la-linea-ferroviaria-ad-alta-efficienza-botovo-fiume\/","name":"La linea ferroviaria ad alta capacit\u00e0 Botovo - Fiume - Citt\u00e0 di Fiume","isPartOf":{"@id":"https:\/\/www.rijeka.hr\/it\/#website"},"primaryImageOfPage":{"@id":"https:\/\/www.rijeka.hr\/it\/amministrazione-cittadina\/progetti-dellue\/progetti-in-corso\/la-linea-ferroviaria-ad-alta-efficienza-botovo-fiume\/#primaryimage"},"image":{"@id":"https:\/\/www.rijeka.hr\/it\/amministrazione-cittadina\/progetti-dellue\/progetti-in-corso\/la-linea-ferroviaria-ad-alta-efficienza-botovo-fiume\/#primaryimage"},"thumbnailUrl":"https:\/\/www.rijeka.hr\/it\/wp-content\/uploads\/sites\/3\/2022\/03\/Pruga-visoke-u\u010dinkovitosti-Botovo-Rijeka.jpg","datePublished":"2016-11-10T14:29:22+00:00","dateModified":"2022-10-14T08:49:03+00:00","breadcrumb":{"@id":"https:\/\/www.rijeka.hr\/it\/amministrazione-cittadina\/progetti-dellue\/progetti-in-corso\/la-linea-ferroviaria-ad-alta-efficienza-botovo-fiume\/#breadcrumb"},"inLanguage":"it-IT","potentialAction":[{"@type":"ReadAction","target":["https:\/\/www.rijeka.hr\/it\/amministrazione-cittadina\/progetti-dellue\/progetti-in-corso\/la-linea-ferroviaria-ad-alta-efficienza-botovo-fiume\/"]}]},{"@type":"ImageObject","inLanguage":"it-IT","@id":"https:\/\/www.rijeka.hr\/it\/amministrazione-cittadina\/progetti-dellue\/progetti-in-corso\/la-linea-ferroviaria-ad-alta-efficienza-botovo-fiume\/#primaryimage","url":"https:\/\/www.rijeka.hr\/it\/wp-content\/uploads\/sites\/3\/2022\/03\/Pruga-visoke-u\u010dinkovitosti-Botovo-Rijeka.jpg","contentUrl":"https:\/\/www.rijeka.hr\/it\/wp-content\/uploads\/sites\/3\/2022\/03\/Pruga-visoke-u\u010dinkovitosti-Botovo-Rijeka.jpg","width":354,"height":233,"caption":"La linea ferroviaria ad alta capacit\u00e0 Botovo - Fiume"},{"@type":"BreadcrumbList","@id":"https:\/\/www.rijeka.hr\/it\/amministrazione-cittadina\/progetti-dellue\/progetti-in-corso\/la-linea-ferroviaria-ad-alta-efficienza-botovo-fiume\/#breadcrumb","itemListElement":[{"@type":"ListItem","position":1,"name":"Po\u010detna stranica","item":"https:\/\/www.rijeka.hr\/it\/"},{"@type":"ListItem","position":2,"name":"Amministrazione cittadina","item":"https:\/\/www.rijeka.hr\/it\/amministrazione-cittadina\/"},{"@type":"ListItem","position":3,"name":"Progetti dell&#8217;UE","item":"https:\/\/www.rijeka.hr\/it\/amministrazione-cittadina\/progetti-dellue\/"},{"@type":"ListItem","position":4,"name":"Progetti in corso","item":"https:\/\/www.rijeka.hr\/it\/amministrazione-cittadina\/progetti-dellue\/progetti-in-corso\/"},{"@type":"ListItem","position":5,"name":"La linea ferroviaria ad alta capacit\u00e0 Botovo &#8211; Fiume"}]},{"@type":"WebSite","@id":"https:\/\/www.rijeka.hr\/it\/#website","url":"https:\/\/www.rijeka.hr\/it\/","name":"Citt\u00e0 di Fiume","description":"Portale web della Citta&#039; di Fiume","potentialAction":[{"@type":"SearchAction","target":{"@type":"EntryPoint","urlTemplate":"https:\/\/www.rijeka.hr\/it\/?s={search_term_string}"},"query-input":{"@type":"PropertyValueSpecification","valueRequired":true,"valueName":"search_term_string"}}],"inLanguage":"it-IT"}]}},"_links":{"self":[{"href":"https:\/\/www.rijeka.hr\/it\/wp-json\/wp\/v2\/pages\/2089","targetHints":{"allow":["GET"]}}],"collection":[{"href":"https:\/\/www.rijeka.hr\/it\/wp-json\/wp\/v2\/pages"}],"about":[{"href":"https:\/\/www.rijeka.hr\/it\/wp-json\/wp\/v2\/types\/page"}],"author":[{"embeddable":true,"href":"https:\/\/www.rijeka.hr\/it\/wp-json\/wp\/v2\/users\/3"}],"replies":[{"embeddable":true,"href":"https:\/\/www.rijeka.hr\/it\/wp-json\/wp\/v2\/comments?post=2089"}],"version-history":[{"count":3,"href":"https:\/\/www.rijeka.hr\/it\/wp-json\/wp\/v2\/pages\/2089\/revisions"}],"predecessor-version":[{"id":14706,"href":"https:\/\/www.rijeka.hr\/it\/wp-json\/wp\/v2\/pages\/2089\/revisions\/14706"}],"up":[{"embeddable":true,"href":"https:\/\/www.rijeka.hr\/it\/wp-json\/wp\/v2\/pages\/2059"}],"wp:featuredmedia":[{"embeddable":true,"href":"https:\/\/www.rijeka.hr\/it\/wp-json\/wp\/v2\/media\/14709"}],"wp:attachment":[{"href":"https:\/\/www.rijeka.hr\/it\/wp-json\/wp\/v2\/media?parent=2089"}],"wp:term":[{"taxonomy":"post_tag","embeddable":true,"href":"https:\/\/www.rijeka.hr\/it\/wp-json\/wp\/v2\/tags?post=2089"}],"curies":[{"name":"wp","href":"https:\/\/api.w.org\/{rel}","templated":true}]}}