{"id":21,"date":"2016-07-22T09:02:58","date_gmt":"2016-07-22T07:02:58","guid":{"rendered":"https:\/\/www.rijeka.hr\/it\/?page_id=21"},"modified":"2024-01-12T13:51:29","modified_gmt":"2024-01-12T12:51:29","slug":"servizi-sociali-assistenza-laica","status":"publish","type":"page","link":"https:\/\/www.rijeka.hr\/it\/temi-per-i-cittadini\/famiglia-e-assistenza-sociale\/previdenza-sociale\/servizi-sociali-assistenza-laica\/","title":{"rendered":"Servizi sociali e assistenza laica"},"content":{"rendered":"<h3>Supporto psicosociale<\/h3>\n<p>Supporto psicosociale che sottintende la riabilitazione che incoraggia lo sviluppo delle abilit\u00e0 cognitive, funzionali, sociali e di comunicazione dei fruitori<\/p>\n<ul>\n<li><a href=\"https:\/\/www.rijeka.hr\/it\/temi-per-i-cittadini\/famiglia-e-assistenza-sociale\/previdenza-sociale\/servizi-sociali-assistenza-laica\/simulazioni-musicali-per-bambini-ipoudenti-e-con-disturbi-del-linguaggio\/?noredirect=it_IT\">Simulazioni musicali per bambini audiolesi e con disturbi del linguaggio<\/a> \u2013 Il centro diurno per la riabilitazione Slava Ra\u0161kaj<\/li>\n<li><a href=\"https:\/\/www.rijeka.hr\/it\/temi-per-i-cittadini\/famiglia-e-assistenza-sociale\/previdenza-sociale\/servizi-sociali-assistenza-laica\/laboratori-extra-istituzionali-per-bambini-e-giovani-con-disabilita\/?noredirect=it_IT\">Laboratori extra istituzionali per bambini e giovani con disabilit\u00e0<\/a> \u2013 Associazione delle persone affette da paralisi cerebrale<\/li>\n<li><a href=\"https:\/\/www.rijeka.hr\/it\/temi-per-i-cittadini\/famiglia-e-assistenza-sociale\/previdenza-sociale\/servizi-sociali-assistenza-laica\/laboratori-creiamo-insieme-per-bambini-con-difficolta-nello-sviluppo\/?noredirect=it_IT\">Laboratori \u201cCreiamo insieme\u201d<\/a> dedicati ai bambini con difficolt\u00e0 nello sviluppo \u2013 La societ\u00e0 per la cibernetica della psicoterapia<\/li>\n<li><a href=\"https:\/\/www.rijeka.hr\/it\/temi-per-i-cittadini\/famiglia-e-assistenza-sociale\/previdenza-sociale\/servizi-sociali-assistenza-laica\/laboratori-creativi-dedicati-alle-persone-affette-da-sclerosi-multipla\/?noredirect=it_IT\">Laboratori creativi dedicati alle persone affette da sclerosi multipla<\/a> \u2013 La societ\u00e0 sclerosi multipla<\/li>\n<li><a href=\"https:\/\/www.rijeka.hr\/it\/temi-per-i-cittadini\/famiglia-e-assistenza-sociale\/previdenza-sociale\/servizi-sociali-assistenza-laica\/cura-completa-per-i-diversamente-abili-nella-comunita\/?noredirect=it_IT\">Cura completa per i diversamente abili nella comunit\u00e0<\/a> \u2013 L\u2019associazione per l\u2019assistenza alle persone con ritardo mentale (Club Srce\/Cuore)<\/li>\n<li><a href=\"https:\/\/www.rijeka.hr\/it\/temi-per-i-cittadini\/famiglia-e-assistenza-sociale\/previdenza-sociale\/servizi-sociali-assistenza-laica\/gruppi-di-sostegno-ai-genitori-e-laboratori-per-i-bambini-con-sindrome-di-down\/?noredirect=it_IT\">Gruppi di sostegno ai genitori e laboratori per bambini con sindrome di Down<\/a> \u2013 Associazione Sindrome di Down \u2013 Rijeka 21<\/li>\n<li><a href=\"https:\/\/www.rijeka.hr\/it\/temi-per-i-cittadini\/famiglia-e-assistenza-sociale\/previdenza-sociale\/servizi-sociali-assistenza-laica\/il-progetto-di-sensibilizzazione-sulle-esigenze-dei-bambini-con-difficolta-nello-sviluppo-il-mio-amico-speciale\/?noredirect=it_IT\">Laboratorio \u201cIl mio amico speciale\u201d <\/a>\u2013 Centro per l\u2019intervento precoce OKOlonaOKOlo<\/li>\n<li><a href=\"https:\/\/www.rijeka.hr\/it\/temi-per-i-cittadini\/famiglia-e-assistenza-sociale\/previdenza-sociale\/servizi-sociali-assistenza-laica\/idrokinesiterapia-per-bambini-con-difficolta-nello-sviluppo-e-diversamente-abili\/?noredirect=it_IT\">Idrokinesiterapia<\/a> per bambini con difficolt\u00e0 nello sviluppo e diversamente abili \u2013 Club di nuoto Forca<\/li>\n<li>Associazione per l\u2019equitazione terapeutica <a href=\"http:\/\/www.pegaz-rijeka.hr\/\" target=\"_blank\" rel=\"noopener noreferrer\">\u201cPegaz\u201d <\/a>di Fiume<\/li>\n<li><a href=\"https:\/\/www.rijeka.hr\/it\/temi-per-i-cittadini\/famiglia-e-assistenza-sociale\/tutela-delle-persone-vittime-di-violenza\/trattamento-psicosociale-per-lautore-di-violenza-familiare\/?noredirect=it_IT\">Trattamento psicosociale per l\u2019autore di violenza familiare<\/a> \u2013 U.Z.O.R.<\/li>\n<li>La risocializazzione e l\u2019istruzione aggiuntiva delle donne \u2013 vittime di violenza<\/li>\n<li><a href=\"https:\/\/www.rijeka.hr\/it\/temi-per-i-cittadini\/famiglia-e-assistenza-sociale\/previdenza-sociale\/servizi-sociali-assistenza-laica\/i-club-dei-pensionati-e-degli-anziani\/?noredirect=it_IT\">I club dei pensionati<\/a> \u2013 L\u2019associazione dei pensionati della citt\u00e0 di Fiume e la Casa dell\u2019anziano di Cantrida<\/li>\n<li><a href=\"https:\/\/www.rijeka.hr\/it\/temi-per-i-cittadini\/famiglia-e-assistenza-sociale\/previdenza-sociale\/servizi-sociali-assistenza-laica\/con-rappresentazioni-teatrali-e-canzoni-contro-lo-stigma\/?noredirect=it_IT\">Con rappresentazioni teatrali e canzoni contro lo stigma<\/a><\/li>\n<li><a href=\"https:\/\/www.rijeka.hr\/it\/temi-per-i-cittadini\/famiglia-e-assistenza-sociale\/previdenza-sociale\/servizi-sociali-assistenza-laica\/il-campeggio-per-i-giovani-provenienti-da-famiglie-socialmente-deboli\/?noredirect=it_IT\">Il campeggio per i giovani provenienti da famiglie socialmente deboli<\/a> \u2013 La Croce Rossa di Fiume<\/li>\n<li><a href=\"https:\/\/www.rijeka.hr\/it\/temi-per-i-cittadini\/famiglia-e-assistenza-sociale\/previdenza-sociale\/servizi-sociali-assistenza-laica\/illa-narratoretrice-di-racconti-della-buonanotte-nellospedale-pediatrico-di-cantrida\/?noredirect=it_IT\">Le narratici di storie per i bambini curati nell\u2019ospedale di Cantrida<\/a> \u2013 Associazione professionale per la promozione del benessere dei bambini &#8220;Porti\u0107<\/li>\n<\/ul>\n<p>&nbsp;<\/p>\n<h3>Consulenza e assistenza<\/h3>\n<p>Aiuto professionale sistematico allo scopo di scavalcare le difficolt\u00e0 e creare le condizioni per preservare e sviluppare abilit\u00e0 personali e un rapporto responsabile verso se stesso, la famiglia e la societ\u00e0 dell\u2019individuo<\/p>\n<ul>\n<li><a href=\"https:\/\/www.rijeka.hr\/it\/temi-per-i-cittadini\/educazione-e-istruzione\/consultori-per-bambini-e-genitori\/\">Consultorio per bambini rimasti senza genitori<\/a>, bambini trascurati dai genitori o i cui genitori abusano i propri doveri paterni; Scola per i genitori \u2013 Casa Ti\u0107<\/li>\n<li><a href=\"https:\/\/www.rijeka.hr\/it\/famiglia-e-assistenza-sociale\/tutela-delle-persone-vittime-di-violenza\/consultorio-e-rifugio-per-le-persone-vittime-di-violenza\/\">Consultorio e rifugio per le vittime di violenza familiare<\/a> \u2013 U.Z.O.R.<\/li>\n<li><a href=\"https:\/\/www.rijeka.hr\/wp-admin\/post.php?post=3365&amp;action=edit\">Centro per l\u2019assistenza psicosociale agli invalidi di guerra<\/a>, presso la Casa della salute della Regione litoraneo \u2013 montana<\/li>\n<li><a href=\"https:\/\/www.rijeka.hr\/it\/anziani-e-pensionati\/il-servizio-dei-pasti-pranzo-per-i-pensionati\/\">Servizio dei pasti caldi a pranzo per i pensionati<\/a> \u2013 l\u2019Associazione dei pensionati<\/li>\n<li><a href=\"https:\/\/www.rijeka.hr\/it\/famiglia-e-assistenza-sociale\/previdenza-sociale\/servizi-sociali-e-assistenza-laica\/servizi-sociali\/associazione-cittadina-della-croce-rossa-di-fiume\/\">Associazione cittadina della Croce Rossa di Fiume<\/a><\/li>\n<li><a href=\"https:\/\/www.rijeka.hr\/it\/famiglia-e-assistenza-sociale\/previdenza-sociale\/servizi-sociali-e-assistenza-laica\/servizi-sociali\/associazione-di-volontariato-musulmana-merhamet-la-mezzaluna-rossa\/\">Associazione di volontariato musulmana &#8220;Merhamet \u2013 La mezzaluna rossa<\/a>&#8220;<\/li>\n<li><a href=\"https:\/\/www.rijeka.hr\/it\/famiglia-e-assistenza-sociale\/previdenza-sociale\/servizi-sociali-e-assistenza-laica\/servizi-sociali\/caritas-della-arcidiocesi-di-fiume\/\">La Caritas dell\u2019Arcidiocesi di Fiume<\/a><\/li>\n<li><a href=\"https:\/\/www.rijeka.hr\/it\/famiglia-e-assistenza-sociale\/previdenza-sociale\/servizi-sociali-e-assistenza-laica\/servizi-sociali\/spaccio-solidale-il-pane-di-santa-elisabetta\/\">Spaccio solidale \u201cIl pane di Santa Elisabetta\u201c<\/a><\/li>\n<li><a href=\"https:\/\/www.rijeka.hr\/it\/famiglia-e-assistenza-sociale\/previdenza-sociale\/servizi-sociali-e-assistenza-laica\/servizi-sociali\/il-rifugio-della-societa-sorelle-della-misericordia-di-san-vincenzo-de-paoli\/\">Il rifugio della Societ\u00e0 Sorelle della Misericordia di San Vincenzo de\u2019 Paoli<\/a><\/li>\n<li><a href=\"https:\/\/www.rijeka.hr\/it\/famiglia-e-assistenza-sociale\/previdenza-sociale\/servizi-sociali-e-assistenza-laica\/servizi-sociali\/il-campeggio-per-i-giovani-provenienti-da-famiglie-socialmente-deboli\/\">Il campeggio per i giovani provenienti da famiglie socialmente deboli <\/a>\u2013 La Croce Rossa di Fiume<\/li>\n<\/ul>\n<h3>Servizio di trasporto<\/h3>\n<ul>\n<li>acquisto di furgoni per associazioni, pagamento delle spese di trasporto per associazioni, un furgone speciale, auto scuola, trasporto verso la scuola materna e la scuola<\/li>\n<\/ul>\n<h3>Intervento precoce<\/h3>\n<p>Aiuto professionale stimolante ai bambini e un aiuto professionale e consultivo ai loro genitori, inclusi anche gli altri famigliari e il genitore adottivo, in caso di un determinato rischio nello sviluppo o un disturbo nello sviluppo del bambino<\/p>\n<ul>\n<li>Consultorio di sviluppo <a href=\"https:\/\/www.rijeka.hr\/it\/temi-per-i-cittadini\/famiglia-e-assistenza-sociale\/previdenza-sociale\/servizi-sociali-assistenza-laica\/consultorio-di-sviluppo-korak-naprijed-un-passo-in-avanti-per-incoraggiare-i-bambini-con-necessita-particolari\/\">&#8220;Korak naprijed\/ Un passo in avanti&#8221;<\/a> \u2013 incoraggiare bambini con necessit\u00e0 particolari \u2013 Centro per l\u2019intervento precoce OKOlonaOKOlo<\/li>\n<li><a href=\"https:\/\/www.rijeka.hr\/it\/temi-per-i-cittadini\/famiglia-e-assistenza-sociale\/previdenza-sociale\/servizi-sociali-assistenza-laica\/educazione-per-i-genitori-dei-bambini-con-difficolta-nello-sviluppo-e-lavoro-con-bambini\/\">Educazione per i genitori <\/a>dei bambini con difficolt\u00e0 nello sviluppo e dei diversamente abili \u2013<br \/>\nAssociazione Dira<\/li>\n<li><a href=\"https:\/\/www.rijeka.hr\/it\/temi-per-i-cittadini\/famiglia-e-assistenza-sociale\/previdenza-sociale\/servizi-sociali-assistenza-laica\/intervento-precoce-fisioterapico-e-di-terapia-occupazionale-attraverso-il-servizio-ambulatorio-a-fiume\/\">Intervento precoce<\/a> per bambini con disturbi dallo spettro autistico<\/li>\n<\/ul>\n<h3>Soggiorno<\/h3>\n<p>a tempo pieno e semigiornaliero durante il quale vengono soddisfatte le necessit\u00e0 di vita offrendo ai fruitori i servizi di pasti, di cura dell\u2019igiene personale, di cura della salute, di custodia, educazione, cura, attivit\u00e0 di lavoro, riabilitazione psicosociale, riorganizzazione del tempo libero, di trasporto organizzato, a dipendenza delle determinate necessit\u00e0 e della scelta del fruitore<\/p>\n<ul>\n<li><a href=\"https:\/\/www.rijeka.hr\/it\/famiglia-e-assistenza-sociale\/previdenza-sociale\/servizi-sociali-e-assistenza-laica\/servizi-sociali\/la-casa-per-adulti-con-malattie-psichiche-di-torretta\/\">Soggiorno diurno<\/a> nella Casa per adulti con malattie psichiche di Torretta<\/li>\n<li><a href=\"https:\/\/www.rijeka.hr\/it\/famiglia-e-assistenza-sociale\/tutela-delle-persone-vittime-di-violenza\/casa-per-linfanzia-tic\/\">Casa d\u2019infanzia Ti\u0107<\/a> \u2013 nell\u2019ambito del soggiorno semigiornaliero fornisce assistenza psicosociale professionale, prima di tutto, ai bambini rimasti senza genitori, ai bambini trascurati dai genitori o i cui genitori abusano i propri doveri paterni<\/li>\n<\/ul>\n<h3>Alloggio<\/h3>\n<p>&#8211; pu\u00f2 comprendere il servizio di alloggio, cibo, cura, cura della salute, lavoro sociale, riabilitazione psicosociale, terapia fisica, terapia occupazionale, attivit\u00e0 di lavoro, tempo libero attivo, educazione e istruzione, a dipendenza delle determinate necessit\u00e0 e della scelta del fruitore<\/p>\n<ul>\n<li>Rifugio per i senzatetto <a href=\"https:\/\/www.rijeka.hr\/it\/famiglia-e-assistenza-sociale\/i-senzatetto\/rifugio-per-i-senzatetto-oasi\/\">\u201cOasi\u201d<\/a><\/li>\n<li>Rifugio per i senzatetto le <a href=\"https:\/\/www.rijeka.hr\/it\/famiglia-e-assistenza-sociale\/i-senzatetto\/rifugio-senzatetto-le-rose-san-francesco\/\">&#8220;Rose di San Francesco&#8221;<\/a><\/li>\n<li><a href=\"https:\/\/www.rijeka.hr\/it\/famiglia-e-assistenza-sociale\/tutela-delle-persone-vittime-di-violenza\/santanna-casa-per-le-donne-e-i-bambini-vittime-di-violenza-familiare-gestita-dalla-caritas\/\">Sant\u2019Anna<\/a> \u2013 Casa per donne e bambini \u2013 vittime di violenza familiare gestita dalla Caritas<\/li>\n<li><a href=\"https:\/\/www.rijeka.hr\/it\/famiglia-e-assistenza-sociale\/tutela-delle-persone-vittime-di-violenza\/consultorio-e-rifugio-per-le-persone-vittime-di-violenza\/\">Rifugio per le vittime di violenza familiare<\/a> \u2013 U.Z.O.R.<\/li>\n<li><a href=\"https:\/\/www.rijeka.hr\/it\/famiglia-e-assistenza-sociale\/previdenza-sociale\/lalloggio-per-i-cittadini-socialmente-svantaggiati\/\">Alloggio ai cittadini socialmente deboli<\/a> (alloggio necessario)<\/li>\n<li><a href=\"http:\/\/www.pbl.hr\/\" target=\"_blank\" rel=\"noopener noreferrer\">Ospedale psichiatrico di Lopa\u010da<\/a><\/li>\n<li><a href=\"https:\/\/www.rijeka.hr\/it\/famiglia-e-assistenza-sociale\/previdenza-sociale\/servizi-sociali-e-assistenza-laica\/servizi-sociali\/la-casa-per-adulti-con-malattie-psichiche-di-torretta\/\">Casa per adulti con malattie psichiche di Torretta<\/a><\/li>\n<li><a href=\"https:\/\/www.rijeka.hr\/it\/famiglia-e-assistenza-sociale\/previdenza-sociale\/servizi-sociali-e-assistenza-laica\/servizi-sociali\/casa-dellanziano-di-cantrida\/\">Casa dell\u2019anziano di Cantrida\u00a0<\/a><\/li>\n<\/ul>\n<p>Molti <strong><a href=\"https:\/\/www.rijeka.hr\/it\/famiglia-e-assistenza-sociale\/finanziamento-di-programmi-e-progetti-inerenti-alla-tutela-sanitaria-e-alla-previdenza-sociale\/\">progetti e programmi<\/a><\/strong> ricevono supporto attraverso il bando di gara per il finanziamento annuale dei progetti e programmi nell\u2019ambito della tutela sanitaria e della previdenza sociale.<\/p>\n<h2><a href=\"https:\/\/www.rijeka.hr\/it\/temi-per-i-cittadini\/famiglia-e-assistenza-sociale\/previdenza-sociale\/rimborso-delle-spese-e-sussidi\/rimborso-delle-spese\/servizio-di-assistenza-domiciliare\/?noredirect=it_IT\"><span style=\"color: #ff0000\">Assistenza domiciliare<\/span><\/a><\/h2>\n<h2><a href=\"https:\/\/www.rijeka.hr\/it\/temi-per-i-cittadini\/famiglia-e-assistenza-sociale\/persone-con-disabilita\/garantire-la-mobilita-e-laccessibilita\/trasporto-delle-persone-con-disabilita\/?noredirect=it_IT\"><span style=\"color: #ff0000\">Trasporto delle persone con disabilit\u00e0<\/span><\/a><\/h2>\n","protected":false},"excerpt":{"rendered":"<p>Supporto psicosociale Supporto psicosociale che sottintende la riabilitazione che incoraggia lo sviluppo delle abilit\u00e0 cognitive, funzionali, sociali e di comunicazione dei fruitori Simulazioni musicali per bambini audiolesi e con disturbi del linguaggio \u2013 Il centro diurno per la riabilitazione Slava Ra\u0161kaj Laboratori extra istituzionali per bambini e giovani con disabilit\u00e0 \u2013 Associazione delle persone affette&#8230;<\/p>\n","protected":false},"author":6,"featured_media":0,"parent":133,"menu_order":0,"comment_status":"closed","ping_status":"closed","template":"","meta":{"_acf_changed":false,"_trash_the_other_posts":false,"footnotes":"","_links_to":"","_links_to_target":""},"tags":[67],"class_list":["post-21","page","type-page","status-publish","hentry","tag-servizi-sociali"],"acf":[],"yoast_head":"<!-- This site is optimized with the Yoast SEO plugin v24.4 - https:\/\/yoast.com\/wordpress\/plugins\/seo\/ -->\n<title>Servizi sociali e assistenza laica - Citt\u00e0 di Fiume<\/title>\n<meta name=\"robots\" content=\"index, follow, max-snippet:-1, max-image-preview:large, max-video-preview:-1\" \/>\n<link rel=\"canonical\" href=\"https:\/\/www.rijeka.hr\/it\/temi-per-i-cittadini\/famiglia-e-assistenza-sociale\/previdenza-sociale\/servizi-sociali-assistenza-laica\/\" \/>\n<meta property=\"og:locale\" content=\"it_IT\" \/>\n<meta property=\"og:type\" content=\"article\" \/>\n<meta property=\"og:title\" content=\"Servizi sociali e assistenza laica - Citt\u00e0 di Fiume\" \/>\n<meta property=\"og:description\" content=\"Supporto psicosociale Supporto psicosociale che sottintende la riabilitazione che incoraggia lo sviluppo delle abilit\u00e0 cognitive, funzionali, sociali e di comunicazione dei fruitori Simulazioni musicali per bambini audiolesi e con disturbi del linguaggio \u2013 Il centro diurno per la riabilitazione Slava Ra\u0161kaj Laboratori extra istituzionali per bambini e giovani con disabilit\u00e0 \u2013 Associazione delle persone affette...\" \/>\n<meta property=\"og:url\" content=\"https:\/\/www.rijeka.hr\/it\/temi-per-i-cittadini\/famiglia-e-assistenza-sociale\/previdenza-sociale\/servizi-sociali-assistenza-laica\/\" \/>\n<meta property=\"og:site_name\" content=\"Citt\u00e0 di Fiume\" \/>\n<meta property=\"article:modified_time\" content=\"2024-01-12T12:51:29+00:00\" \/>\n<meta name=\"twitter:card\" content=\"summary_large_image\" \/>\n<meta name=\"twitter:label1\" content=\"Est. reading time\" \/>\n\t<meta name=\"twitter:data1\" content=\"4 minutes\" \/>\n<script type=\"application\/ld+json\" class=\"yoast-schema-graph\">{\"@context\":\"https:\/\/schema.org\",\"@graph\":[{\"@type\":\"WebPage\",\"@id\":\"https:\/\/www.rijeka.hr\/it\/temi-per-i-cittadini\/famiglia-e-assistenza-sociale\/previdenza-sociale\/servizi-sociali-assistenza-laica\/\",\"url\":\"https:\/\/www.rijeka.hr\/it\/temi-per-i-cittadini\/famiglia-e-assistenza-sociale\/previdenza-sociale\/servizi-sociali-assistenza-laica\/\",\"name\":\"Servizi sociali e assistenza laica - Citt\u00e0 di Fiume\",\"isPartOf\":{\"@id\":\"https:\/\/www.rijeka.hr\/it\/#website\"},\"datePublished\":\"2016-07-22T07:02:58+00:00\",\"dateModified\":\"2024-01-12T12:51:29+00:00\",\"breadcrumb\":{\"@id\":\"https:\/\/www.rijeka.hr\/it\/temi-per-i-cittadini\/famiglia-e-assistenza-sociale\/previdenza-sociale\/servizi-sociali-assistenza-laica\/#breadcrumb\"},\"inLanguage\":\"it-IT\",\"potentialAction\":[{\"@type\":\"ReadAction\",\"target\":[\"https:\/\/www.rijeka.hr\/it\/temi-per-i-cittadini\/famiglia-e-assistenza-sociale\/previdenza-sociale\/servizi-sociali-assistenza-laica\/\"]}]},{\"@type\":\"BreadcrumbList\",\"@id\":\"https:\/\/www.rijeka.hr\/it\/temi-per-i-cittadini\/famiglia-e-assistenza-sociale\/previdenza-sociale\/servizi-sociali-assistenza-laica\/#breadcrumb\",\"itemListElement\":[{\"@type\":\"ListItem\",\"position\":1,\"name\":\"Po\u010detna stranica\",\"item\":\"https:\/\/www.rijeka.hr\/it\/\"},{\"@type\":\"ListItem\",\"position\":2,\"name\":\"Temi per i cittadini\",\"item\":\"https:\/\/www.rijeka.hr\/it\/temi-per-i-cittadini\/\"},{\"@type\":\"ListItem\",\"position\":3,\"name\":\"Famiglia e previdenza sociale\",\"item\":\"https:\/\/www.rijeka.hr\/it\/temi-per-i-cittadini\/famiglia-e-assistenza-sociale\/\"},{\"@type\":\"ListItem\",\"position\":4,\"name\":\"Previdenza sociale\",\"item\":\"https:\/\/www.rijeka.hr\/it\/temi-per-i-cittadini\/famiglia-e-assistenza-sociale\/previdenza-sociale\/\"},{\"@type\":\"ListItem\",\"position\":5,\"name\":\"Servizi sociali e assistenza laica\"}]},{\"@type\":\"WebSite\",\"@id\":\"https:\/\/www.rijeka.hr\/it\/#website\",\"url\":\"https:\/\/www.rijeka.hr\/it\/\",\"name\":\"Citt\u00e0 di Fiume\",\"description\":\"Portale web della Citta&#039; di Fiume\",\"potentialAction\":[{\"@type\":\"SearchAction\",\"target\":{\"@type\":\"EntryPoint\",\"urlTemplate\":\"https:\/\/www.rijeka.hr\/it\/?s={search_term_string}\"},\"query-input\":{\"@type\":\"PropertyValueSpecification\",\"valueRequired\":true,\"valueName\":\"search_term_string\"}}],\"inLanguage\":\"it-IT\"}]}<\/script>\n<!-- \/ Yoast SEO plugin. -->","yoast_head_json":{"title":"Servizi sociali e assistenza laica - Citt\u00e0 di Fiume","robots":{"index":"index","follow":"follow","max-snippet":"max-snippet:-1","max-image-preview":"max-image-preview:large","max-video-preview":"max-video-preview:-1"},"canonical":"https:\/\/www.rijeka.hr\/it\/temi-per-i-cittadini\/famiglia-e-assistenza-sociale\/previdenza-sociale\/servizi-sociali-assistenza-laica\/","og_locale":"it_IT","og_type":"article","og_title":"Servizi sociali e assistenza laica - Citt\u00e0 di Fiume","og_description":"Supporto psicosociale Supporto psicosociale che sottintende la riabilitazione che incoraggia lo sviluppo delle abilit\u00e0 cognitive, funzionali, sociali e di comunicazione dei fruitori Simulazioni musicali per bambini audiolesi e con disturbi del linguaggio \u2013 Il centro diurno per la riabilitazione Slava Ra\u0161kaj Laboratori extra istituzionali per bambini e giovani con disabilit\u00e0 \u2013 Associazione delle persone affette...","og_url":"https:\/\/www.rijeka.hr\/it\/temi-per-i-cittadini\/famiglia-e-assistenza-sociale\/previdenza-sociale\/servizi-sociali-assistenza-laica\/","og_site_name":"Citt\u00e0 di Fiume","article_modified_time":"2024-01-12T12:51:29+00:00","twitter_card":"summary_large_image","twitter_misc":{"Est. reading time":"4 minutes"},"schema":{"@context":"https:\/\/schema.org","@graph":[{"@type":"WebPage","@id":"https:\/\/www.rijeka.hr\/it\/temi-per-i-cittadini\/famiglia-e-assistenza-sociale\/previdenza-sociale\/servizi-sociali-assistenza-laica\/","url":"https:\/\/www.rijeka.hr\/it\/temi-per-i-cittadini\/famiglia-e-assistenza-sociale\/previdenza-sociale\/servizi-sociali-assistenza-laica\/","name":"Servizi sociali e assistenza laica - Citt\u00e0 di Fiume","isPartOf":{"@id":"https:\/\/www.rijeka.hr\/it\/#website"},"datePublished":"2016-07-22T07:02:58+00:00","dateModified":"2024-01-12T12:51:29+00:00","breadcrumb":{"@id":"https:\/\/www.rijeka.hr\/it\/temi-per-i-cittadini\/famiglia-e-assistenza-sociale\/previdenza-sociale\/servizi-sociali-assistenza-laica\/#breadcrumb"},"inLanguage":"it-IT","potentialAction":[{"@type":"ReadAction","target":["https:\/\/www.rijeka.hr\/it\/temi-per-i-cittadini\/famiglia-e-assistenza-sociale\/previdenza-sociale\/servizi-sociali-assistenza-laica\/"]}]},{"@type":"BreadcrumbList","@id":"https:\/\/www.rijeka.hr\/it\/temi-per-i-cittadini\/famiglia-e-assistenza-sociale\/previdenza-sociale\/servizi-sociali-assistenza-laica\/#breadcrumb","itemListElement":[{"@type":"ListItem","position":1,"name":"Po\u010detna stranica","item":"https:\/\/www.rijeka.hr\/it\/"},{"@type":"ListItem","position":2,"name":"Temi per i cittadini","item":"https:\/\/www.rijeka.hr\/it\/temi-per-i-cittadini\/"},{"@type":"ListItem","position":3,"name":"Famiglia e previdenza sociale","item":"https:\/\/www.rijeka.hr\/it\/temi-per-i-cittadini\/famiglia-e-assistenza-sociale\/"},{"@type":"ListItem","position":4,"name":"Previdenza sociale","item":"https:\/\/www.rijeka.hr\/it\/temi-per-i-cittadini\/famiglia-e-assistenza-sociale\/previdenza-sociale\/"},{"@type":"ListItem","position":5,"name":"Servizi sociali e assistenza laica"}]},{"@type":"WebSite","@id":"https:\/\/www.rijeka.hr\/it\/#website","url":"https:\/\/www.rijeka.hr\/it\/","name":"Citt\u00e0 di Fiume","description":"Portale web della Citta&#039; di Fiume","potentialAction":[{"@type":"SearchAction","target":{"@type":"EntryPoint","urlTemplate":"https:\/\/www.rijeka.hr\/it\/?s={search_term_string}"},"query-input":{"@type":"PropertyValueSpecification","valueRequired":true,"valueName":"search_term_string"}}],"inLanguage":"it-IT"}]}},"_links":{"self":[{"href":"https:\/\/www.rijeka.hr\/it\/wp-json\/wp\/v2\/pages\/21","targetHints":{"allow":["GET"]}}],"collection":[{"href":"https:\/\/www.rijeka.hr\/it\/wp-json\/wp\/v2\/pages"}],"about":[{"href":"https:\/\/www.rijeka.hr\/it\/wp-json\/wp\/v2\/types\/page"}],"author":[{"embeddable":true,"href":"https:\/\/www.rijeka.hr\/it\/wp-json\/wp\/v2\/users\/6"}],"replies":[{"embeddable":true,"href":"https:\/\/www.rijeka.hr\/it\/wp-json\/wp\/v2\/comments?post=21"}],"version-history":[{"count":6,"href":"https:\/\/www.rijeka.hr\/it\/wp-json\/wp\/v2\/pages\/21\/revisions"}],"predecessor-version":[{"id":18649,"href":"https:\/\/www.rijeka.hr\/it\/wp-json\/wp\/v2\/pages\/21\/revisions\/18649"}],"up":[{"embeddable":true,"href":"https:\/\/www.rijeka.hr\/it\/wp-json\/wp\/v2\/pages\/133"}],"wp:attachment":[{"href":"https:\/\/www.rijeka.hr\/it\/wp-json\/wp\/v2\/media?parent=21"}],"wp:term":[{"taxonomy":"post_tag","embeddable":true,"href":"https:\/\/www.rijeka.hr\/it\/wp-json\/wp\/v2\/tags?post=21"}],"curies":[{"name":"wp","href":"https:\/\/api.w.org\/{rel}","templated":true}]}}