{"id":2124,"date":"2016-11-11T12:24:16","date_gmt":"2016-11-11T11:24:16","guid":{"rendered":"https:\/\/www.rijeka.hr\/it\/?page_id=2124"},"modified":"2023-06-07T13:07:04","modified_gmt":"2023-06-07T11:07:04","slug":"centro-zamet","status":"publish","type":"page","link":"https:\/\/www.rijeka.hr\/it\/centro-zamet\/","title":{"rendered":"Centro Zamet"},"content":{"rendered":"<p><img loading=\"lazy\" decoding=\"async\" width=\"650\" height=\"433\" class=\"aligncenter wp-image-18602 size-full\" src=\"https:\/\/www.rijeka.hr\/it\/wp-content\/uploads\/sites\/3\/2023\/05\/Centar-Zamet.jpg\" alt=\"\" srcset=\"https:\/\/www.rijeka.hr\/it\/wp-content\/uploads\/sites\/3\/2023\/05\/Centar-Zamet.jpg 650w, https:\/\/www.rijeka.hr\/it\/wp-content\/uploads\/sites\/3\/2023\/05\/Centar-Zamet-600x400.jpg 600w\" sizes=\"(max-width: 650px) 100vw, 650px\" \/><\/p>\n<p>La specificit\u00e0 dell&#8217;intero complesso \u00e8 stata realizzata con piastrelle in ceramica sfumate di un design unico che ricorda le rocce o una pallamano, di cui oltre 51.000 sono state posate sull&#8217;edificio. L&#8217;insegna Centro Zamet \u00e8 stata ricavata da queste piastrelle e posta sul piazzale antistante il palasport, ben visibile dal primo piano dell&#8217;edificio.<\/p>\n<p>Il palasport viene utilizzato per vari eventi sportivi e culturali.<\/p>\n<p>L&#8217;edificio \u00e8 composto da:<\/p>\n<ul>\n<li>nuovo palazzetto dello sport, di una superficie complessiva di 6768 m.q.,<\/li>\n<li>edificio commerciale e di servizio, di una superficie di 1582 m.q.<\/li>\n<li>piazze pubbliche, di una superficie di 4283 m.q.<\/li>\n<li>garage interrato con 250 posti auto<\/li>\n<\/ul>\n<p>Per le sue dimensioni, lo spazio del campo di gioco del palasport, grazie alla platea o alle tribune telescopiche mobili, consente di trasformare il piano terra in due campi da pallamano affiancati, che si ottiene per mezzo di una tenda o divisorio mobile. Le tribune principali hanno 2198 posti, e accanto ad esse c&#8217;\u00e8 anche una tribuna VIP che pu\u00f2 ospitare 128 visitatori. Pertanto, l&#8217;auditorium ha complessivamente 2.326 posti, e ci sono anche 23 posti per persone con disabilit\u00e0.<\/p>\n<p>Il palasport \u00e8 stata progettato secondo gli standard mondiali per le competizioni sportive internazionali e il parquet \u00e8 stato realizzato secondo il certificato della FIBA &#8211; Federazione Internazionale Pallacanestro. Al primo piano, si trovano gli spazi rappresentativi del palasport per le esigenze dei club, dell\u2019amministrazione, dei vip, ecc.<\/p>\n<p>L&#8217;ingresso principale al palasport si trova sulla facciata ovest a livello della piazza. Nell&#8217;uso regolare del palasport per l&#8217;allenamento e la ricreazione, questo ingresso \u00e8 destinato a tutti gli utenti: atleti, dipendenti, ricreativi e visitatori. Tuttavia, durante le partite o gli eventi, questo ingresso \u00e8 destinato esclusivamente agli spettatori.<\/p>\n<p>Nell&#8217;ambito del progetto \u00e8 stata realizzata una nuova strada di accesso, che consente l&#8217;accesso alla scuola elementare e al palasport e alle attivit\u00e0 commerciali e di servizio dal lato nord. Al di sotto del palasport e delle strutture commerciali e pubbliche si trova un garage interrato con 250 posti auto, che comprende posti auto per disabili e moto.<\/p>\n<p>Le strutture di accompagnamento nella parte nord del palasport sono costituite da guardarobe e spogliatoi con docce per atleti, arbitri, funzionari e allenatori, nonch\u00e9 un&#8217;infermeria e una sala doping. Accanto all&#8217;atrio, come entit\u00e0 separata, ci sono stanze per sauna, massaggi e rifiniture.<\/p>\n<p>Il Centro Zamet fornisce anche servizi. C&#8217;\u00e8 la sede del Comitato di quartiere Zamet con una superficie di 190 m.q., una sala con 90 posti a sedere e una filiale della Biblioteca civica di Fiume con una superficie di 409 m.q.<\/p>\n<p>L&#8217;investitore del Centro Zamet \u00e8 l\u2019azienda municipalizzata Rijeka sport. L&#8217;investimento rappresenta l&#8217;investimento della Citt\u00e0 di Fiume in infrastrutture sportive per un valore di 152 milioni di kune, di cui 90 milioni di kune sono stati accantonati per il palazzetto stesso. Il progetto \u00e8 stato realizzato in leasing operativo con la ditta Immorent Leasing International Holding di Zagabria per il periodo di 25 anni. I lavori sono stati eseguiti dall\u2019azienda GP Krk.<\/p>\n<div id='gallery-1' class='gallery galleryid-2124 gallery-columns-3 gallery-size-thumbnail'><dl class='gallery-item'>\n            <dt class='gallery-icon landscape'>\n                <a href='https:\/\/www.rijeka.hr\/it\/wp-content\/uploads\/sites\/3\/2023\/05\/Centar-Zamet-2-250x250.jpg' title=\"\" data-rl_title=\"\" class=\"rl-gallery-link\" data-rl_caption=\"\" data-rel=\"lightbox-gallery-1\"><img loading=\"lazy\" decoding=\"async\" width=\"250\" height=\"250\" src=\"https:\/\/www.rijeka.hr\/it\/wp-content\/uploads\/sites\/3\/2023\/05\/Centar-Zamet-2-250x250.jpg\" class=\"attachment-thumbnail size-thumbnail\" alt=\"\" srcset=\"https:\/\/www.rijeka.hr\/it\/wp-content\/uploads\/sites\/3\/2023\/05\/Centar-Zamet-2-250x250.jpg 250w, https:\/\/www.rijeka.hr\/it\/wp-content\/uploads\/sites\/3\/2023\/05\/Centar-Zamet-2-250x250-200x200.jpg 200w\" sizes=\"(max-width: 250px) 100vw, 250px\" \/><\/a>\n            <\/dt><\/dl><dl class='gallery-item'>\n            <dt class='gallery-icon landscape'>\n                <a href='https:\/\/www.rijeka.hr\/it\/wp-content\/uploads\/sites\/3\/2023\/05\/Centar-Zamet.jpg' title=\"\" data-rl_title=\"\" class=\"rl-gallery-link\" data-rl_caption=\"\" data-rel=\"lightbox-gallery-1\"><img loading=\"lazy\" decoding=\"async\" width=\"250\" height=\"250\" src=\"https:\/\/www.rijeka.hr\/it\/wp-content\/uploads\/sites\/3\/2023\/05\/Centar-Zamet-250x250.jpg\" class=\"attachment-thumbnail size-thumbnail\" alt=\"\" srcset=\"https:\/\/www.rijeka.hr\/it\/wp-content\/uploads\/sites\/3\/2023\/05\/Centar-Zamet-250x250.jpg 250w, https:\/\/www.rijeka.hr\/it\/wp-content\/uploads\/sites\/3\/2023\/05\/Centar-Zamet-200x200.jpg 200w\" sizes=\"(max-width: 250px) 100vw, 250px\" \/><\/a>\n            <\/dt><\/dl><dl class='gallery-item'>\n            <dt class='gallery-icon landscape'>\n                <a href='https:\/\/www.rijeka.hr\/it\/wp-content\/uploads\/sites\/3\/2023\/05\/Centar-Zamet-3-250x250.jpg' title=\"\" data-rl_title=\"\" class=\"rl-gallery-link\" data-rl_caption=\"\" data-rel=\"lightbox-gallery-1\"><img loading=\"lazy\" decoding=\"async\" width=\"250\" height=\"250\" src=\"https:\/\/www.rijeka.hr\/it\/wp-content\/uploads\/sites\/3\/2023\/05\/Centar-Zamet-3-250x250.jpg\" class=\"attachment-thumbnail size-thumbnail\" alt=\"\" srcset=\"https:\/\/www.rijeka.hr\/it\/wp-content\/uploads\/sites\/3\/2023\/05\/Centar-Zamet-3-250x250.jpg 250w, https:\/\/www.rijeka.hr\/it\/wp-content\/uploads\/sites\/3\/2023\/05\/Centar-Zamet-3-250x250-200x200.jpg 200w\" sizes=\"(max-width: 250px) 100vw, 250px\" \/><\/a>\n            <\/dt><\/dl><br style=\"clear: both\" \/><dl class='gallery-item'>\n            <dt class='gallery-icon landscape'>\n                <a href='https:\/\/www.rijeka.hr\/it\/wp-content\/uploads\/sites\/3\/2023\/05\/Centar-Zamet-4-250x250.jpg' title=\"\" data-rl_title=\"\" class=\"rl-gallery-link\" data-rl_caption=\"\" data-rel=\"lightbox-gallery-1\"><img loading=\"lazy\" decoding=\"async\" width=\"250\" height=\"250\" src=\"https:\/\/www.rijeka.hr\/it\/wp-content\/uploads\/sites\/3\/2023\/05\/Centar-Zamet-4-250x250.jpg\" class=\"attachment-thumbnail size-thumbnail\" alt=\"\" srcset=\"https:\/\/www.rijeka.hr\/it\/wp-content\/uploads\/sites\/3\/2023\/05\/Centar-Zamet-4-250x250.jpg 250w, https:\/\/www.rijeka.hr\/it\/wp-content\/uploads\/sites\/3\/2023\/05\/Centar-Zamet-4-250x250-200x200.jpg 200w\" sizes=\"(max-width: 250px) 100vw, 250px\" \/><\/a>\n            <\/dt><\/dl><dl class='gallery-item'>\n            <dt class='gallery-icon landscape'>\n                <a href='https:\/\/www.rijeka.hr\/it\/wp-content\/uploads\/sites\/3\/2023\/05\/Centar-Zamet-5-250x250.jpg' title=\"\" data-rl_title=\"\" class=\"rl-gallery-link\" data-rl_caption=\"\" data-rel=\"lightbox-gallery-1\"><img loading=\"lazy\" decoding=\"async\" width=\"250\" height=\"250\" src=\"https:\/\/www.rijeka.hr\/it\/wp-content\/uploads\/sites\/3\/2023\/05\/Centar-Zamet-5-250x250.jpg\" class=\"attachment-thumbnail size-thumbnail\" alt=\"\" srcset=\"https:\/\/www.rijeka.hr\/it\/wp-content\/uploads\/sites\/3\/2023\/05\/Centar-Zamet-5-250x250.jpg 250w, https:\/\/www.rijeka.hr\/it\/wp-content\/uploads\/sites\/3\/2023\/05\/Centar-Zamet-5-250x250-200x200.jpg 200w\" sizes=\"(max-width: 250px) 100vw, 250px\" \/><\/a>\n            <\/dt><\/dl><dl class='gallery-item'>\n            <dt class='gallery-icon landscape'>\n                <a href='https:\/\/www.rijeka.hr\/it\/wp-content\/uploads\/sites\/3\/2023\/05\/Centar-Zamet-250x250-1.jpg' title=\"\" data-rl_title=\"\" class=\"rl-gallery-link\" data-rl_caption=\"\" data-rel=\"lightbox-gallery-1\"><img loading=\"lazy\" decoding=\"async\" width=\"250\" height=\"250\" src=\"https:\/\/www.rijeka.hr\/it\/wp-content\/uploads\/sites\/3\/2023\/05\/Centar-Zamet-250x250-1.jpg\" class=\"attachment-thumbnail size-thumbnail\" alt=\"Centro-Zamet\" srcset=\"https:\/\/www.rijeka.hr\/it\/wp-content\/uploads\/sites\/3\/2023\/05\/Centar-Zamet-250x250-1.jpg 250w, https:\/\/www.rijeka.hr\/it\/wp-content\/uploads\/sites\/3\/2023\/05\/Centar-Zamet-250x250-1-200x200.jpg 200w\" sizes=\"(max-width: 250px) 100vw, 250px\" \/><\/a>\n            <\/dt><\/dl><br style=\"clear: both\" \/>\n        <\/div>\n\n","protected":false},"excerpt":{"rendered":"<p>La specificit\u00e0 dell&#8217;intero complesso \u00e8 stata realizzata con piastrelle in ceramica sfumate di un design unico che ricorda le rocce o una pallamano, di cui oltre 51.000 sono state posate sull&#8217;edificio. L&#8217;insegna Centro Zamet \u00e8 stata ricavata da queste piastrelle e posta sul piazzale antistante il palasport, ben visibile dal primo piano dell&#8217;edificio. Il palasport&#8230;<\/p>\n","protected":false},"author":3,"featured_media":18608,"parent":0,"menu_order":16,"comment_status":"closed","ping_status":"closed","template":"","meta":{"_acf_changed":false,"_trash_the_other_posts":false,"footnotes":"","_links_to":"","_links_to_target":""},"tags":[],"class_list":["post-2124","page","type-page","status-publish","has-post-thumbnail","hentry"],"acf":[],"yoast_head":"<!-- This site is optimized with the Yoast SEO plugin v24.4 - https:\/\/yoast.com\/wordpress\/plugins\/seo\/ -->\n<title>Centro Zamet - Citt\u00e0 di Fiume<\/title>\n<meta name=\"robots\" content=\"index, follow, max-snippet:-1, max-image-preview:large, max-video-preview:-1\" \/>\n<link rel=\"canonical\" href=\"https:\/\/www.rijeka.hr\/it\/centro-zamet\/\" \/>\n<meta property=\"og:locale\" content=\"it_IT\" \/>\n<meta property=\"og:type\" content=\"article\" \/>\n<meta property=\"og:title\" content=\"Centro Zamet - Citt\u00e0 di Fiume\" \/>\n<meta property=\"og:description\" content=\"La specificit\u00e0 dell&#8217;intero complesso \u00e8 stata realizzata con piastrelle in ceramica sfumate di un design unico che ricorda le rocce o una pallamano, di cui oltre 51.000 sono state posate sull&#8217;edificio. L&#8217;insegna Centro Zamet \u00e8 stata ricavata da queste piastrelle e posta sul piazzale antistante il palasport, ben visibile dal primo piano dell&#8217;edificio. Il palasport...\" \/>\n<meta property=\"og:url\" content=\"https:\/\/www.rijeka.hr\/it\/centro-zamet\/\" \/>\n<meta property=\"og:site_name\" content=\"Citt\u00e0 di Fiume\" \/>\n<meta property=\"article:modified_time\" content=\"2023-06-07T11:07:04+00:00\" \/>\n<meta property=\"og:image\" content=\"https:\/\/www.rijeka.hr\/it\/wp-content\/uploads\/sites\/3\/2023\/05\/Centar-Zamet-250x250-1.jpg\" \/>\n\t<meta property=\"og:image:width\" content=\"250\" \/>\n\t<meta property=\"og:image:height\" content=\"250\" \/>\n\t<meta property=\"og:image:type\" content=\"image\/jpeg\" \/>\n<meta name=\"twitter:card\" content=\"summary_large_image\" \/>\n<meta name=\"twitter:label1\" content=\"Est. reading time\" \/>\n\t<meta name=\"twitter:data1\" content=\"2 minutes\" \/>\n<script type=\"application\/ld+json\" class=\"yoast-schema-graph\">{\"@context\":\"https:\/\/schema.org\",\"@graph\":[{\"@type\":\"WebPage\",\"@id\":\"https:\/\/www.rijeka.hr\/it\/centro-zamet\/\",\"url\":\"https:\/\/www.rijeka.hr\/it\/centro-zamet\/\",\"name\":\"Centro Zamet - Citt\u00e0 di Fiume\",\"isPartOf\":{\"@id\":\"https:\/\/www.rijeka.hr\/it\/#website\"},\"primaryImageOfPage\":{\"@id\":\"https:\/\/www.rijeka.hr\/it\/centro-zamet\/#primaryimage\"},\"image\":{\"@id\":\"https:\/\/www.rijeka.hr\/it\/centro-zamet\/#primaryimage\"},\"thumbnailUrl\":\"https:\/\/www.rijeka.hr\/it\/wp-content\/uploads\/sites\/3\/2023\/05\/Centar-Zamet-250x250-1.jpg\",\"datePublished\":\"2016-11-11T11:24:16+00:00\",\"dateModified\":\"2023-06-07T11:07:04+00:00\",\"breadcrumb\":{\"@id\":\"https:\/\/www.rijeka.hr\/it\/centro-zamet\/#breadcrumb\"},\"inLanguage\":\"it-IT\",\"potentialAction\":[{\"@type\":\"ReadAction\",\"target\":[\"https:\/\/www.rijeka.hr\/it\/centro-zamet\/\"]}]},{\"@type\":\"ImageObject\",\"inLanguage\":\"it-IT\",\"@id\":\"https:\/\/www.rijeka.hr\/it\/centro-zamet\/#primaryimage\",\"url\":\"https:\/\/www.rijeka.hr\/it\/wp-content\/uploads\/sites\/3\/2023\/05\/Centar-Zamet-250x250-1.jpg\",\"contentUrl\":\"https:\/\/www.rijeka.hr\/it\/wp-content\/uploads\/sites\/3\/2023\/05\/Centar-Zamet-250x250-1.jpg\",\"width\":250,\"height\":250,\"caption\":\"Centro-Zamet\"},{\"@type\":\"BreadcrumbList\",\"@id\":\"https:\/\/www.rijeka.hr\/it\/centro-zamet\/#breadcrumb\",\"itemListElement\":[{\"@type\":\"ListItem\",\"position\":1,\"name\":\"Po\u010detna stranica\",\"item\":\"https:\/\/www.rijeka.hr\/it\/\"},{\"@type\":\"ListItem\",\"position\":2,\"name\":\"Centro Zamet\"}]},{\"@type\":\"WebSite\",\"@id\":\"https:\/\/www.rijeka.hr\/it\/#website\",\"url\":\"https:\/\/www.rijeka.hr\/it\/\",\"name\":\"Citt\u00e0 di Fiume\",\"description\":\"Portale web della Citta&#039; di Fiume\",\"potentialAction\":[{\"@type\":\"SearchAction\",\"target\":{\"@type\":\"EntryPoint\",\"urlTemplate\":\"https:\/\/www.rijeka.hr\/it\/?s={search_term_string}\"},\"query-input\":{\"@type\":\"PropertyValueSpecification\",\"valueRequired\":true,\"valueName\":\"search_term_string\"}}],\"inLanguage\":\"it-IT\"}]}<\/script>\n<!-- \/ Yoast SEO plugin. -->","yoast_head_json":{"title":"Centro Zamet - Citt\u00e0 di Fiume","robots":{"index":"index","follow":"follow","max-snippet":"max-snippet:-1","max-image-preview":"max-image-preview:large","max-video-preview":"max-video-preview:-1"},"canonical":"https:\/\/www.rijeka.hr\/it\/centro-zamet\/","og_locale":"it_IT","og_type":"article","og_title":"Centro Zamet - Citt\u00e0 di Fiume","og_description":"La specificit\u00e0 dell&#8217;intero complesso \u00e8 stata realizzata con piastrelle in ceramica sfumate di un design unico che ricorda le rocce o una pallamano, di cui oltre 51.000 sono state posate sull&#8217;edificio. L&#8217;insegna Centro Zamet \u00e8 stata ricavata da queste piastrelle e posta sul piazzale antistante il palasport, ben visibile dal primo piano dell&#8217;edificio. Il palasport...","og_url":"https:\/\/www.rijeka.hr\/it\/centro-zamet\/","og_site_name":"Citt\u00e0 di Fiume","article_modified_time":"2023-06-07T11:07:04+00:00","og_image":[{"width":250,"height":250,"url":"https:\/\/www.rijeka.hr\/it\/wp-content\/uploads\/sites\/3\/2023\/05\/Centar-Zamet-250x250-1.jpg","type":"image\/jpeg"}],"twitter_card":"summary_large_image","twitter_misc":{"Est. reading time":"2 minutes"},"schema":{"@context":"https:\/\/schema.org","@graph":[{"@type":"WebPage","@id":"https:\/\/www.rijeka.hr\/it\/centro-zamet\/","url":"https:\/\/www.rijeka.hr\/it\/centro-zamet\/","name":"Centro Zamet - Citt\u00e0 di Fiume","isPartOf":{"@id":"https:\/\/www.rijeka.hr\/it\/#website"},"primaryImageOfPage":{"@id":"https:\/\/www.rijeka.hr\/it\/centro-zamet\/#primaryimage"},"image":{"@id":"https:\/\/www.rijeka.hr\/it\/centro-zamet\/#primaryimage"},"thumbnailUrl":"https:\/\/www.rijeka.hr\/it\/wp-content\/uploads\/sites\/3\/2023\/05\/Centar-Zamet-250x250-1.jpg","datePublished":"2016-11-11T11:24:16+00:00","dateModified":"2023-06-07T11:07:04+00:00","breadcrumb":{"@id":"https:\/\/www.rijeka.hr\/it\/centro-zamet\/#breadcrumb"},"inLanguage":"it-IT","potentialAction":[{"@type":"ReadAction","target":["https:\/\/www.rijeka.hr\/it\/centro-zamet\/"]}]},{"@type":"ImageObject","inLanguage":"it-IT","@id":"https:\/\/www.rijeka.hr\/it\/centro-zamet\/#primaryimage","url":"https:\/\/www.rijeka.hr\/it\/wp-content\/uploads\/sites\/3\/2023\/05\/Centar-Zamet-250x250-1.jpg","contentUrl":"https:\/\/www.rijeka.hr\/it\/wp-content\/uploads\/sites\/3\/2023\/05\/Centar-Zamet-250x250-1.jpg","width":250,"height":250,"caption":"Centro-Zamet"},{"@type":"BreadcrumbList","@id":"https:\/\/www.rijeka.hr\/it\/centro-zamet\/#breadcrumb","itemListElement":[{"@type":"ListItem","position":1,"name":"Po\u010detna stranica","item":"https:\/\/www.rijeka.hr\/it\/"},{"@type":"ListItem","position":2,"name":"Centro Zamet"}]},{"@type":"WebSite","@id":"https:\/\/www.rijeka.hr\/it\/#website","url":"https:\/\/www.rijeka.hr\/it\/","name":"Citt\u00e0 di Fiume","description":"Portale web della Citta&#039; di Fiume","potentialAction":[{"@type":"SearchAction","target":{"@type":"EntryPoint","urlTemplate":"https:\/\/www.rijeka.hr\/it\/?s={search_term_string}"},"query-input":{"@type":"PropertyValueSpecification","valueRequired":true,"valueName":"search_term_string"}}],"inLanguage":"it-IT"}]}},"_links":{"self":[{"href":"https:\/\/www.rijeka.hr\/it\/wp-json\/wp\/v2\/pages\/2124","targetHints":{"allow":["GET"]}}],"collection":[{"href":"https:\/\/www.rijeka.hr\/it\/wp-json\/wp\/v2\/pages"}],"about":[{"href":"https:\/\/www.rijeka.hr\/it\/wp-json\/wp\/v2\/types\/page"}],"author":[{"embeddable":true,"href":"https:\/\/www.rijeka.hr\/it\/wp-json\/wp\/v2\/users\/3"}],"replies":[{"embeddable":true,"href":"https:\/\/www.rijeka.hr\/it\/wp-json\/wp\/v2\/comments?post=2124"}],"version-history":[{"count":3,"href":"https:\/\/www.rijeka.hr\/it\/wp-json\/wp\/v2\/pages\/2124\/revisions"}],"predecessor-version":[{"id":18609,"href":"https:\/\/www.rijeka.hr\/it\/wp-json\/wp\/v2\/pages\/2124\/revisions\/18609"}],"wp:featuredmedia":[{"embeddable":true,"href":"https:\/\/www.rijeka.hr\/it\/wp-json\/wp\/v2\/media\/18608"}],"wp:attachment":[{"href":"https:\/\/www.rijeka.hr\/it\/wp-json\/wp\/v2\/media?parent=2124"}],"wp:term":[{"taxonomy":"post_tag","embeddable":true,"href":"https:\/\/www.rijeka.hr\/it\/wp-json\/wp\/v2\/tags?post=2124"}],"curies":[{"name":"wp","href":"https:\/\/api.w.org\/{rel}","templated":true}]}}