{"id":2129,"date":"2016-11-11T12:41:32","date_gmt":"2016-11-11T11:41:32","guid":{"rendered":"https:\/\/www.rijeka.hr\/it\/?page_id=2129"},"modified":"2023-06-12T11:27:18","modified_gmt":"2023-06-12T09:27:18","slug":"scuola-materna-a-srdoci","status":"publish","type":"page","link":"https:\/\/www.rijeka.hr\/it\/scuola-materna-a-srdoci\/","title":{"rendered":"Scuola dell\u2019infanzia Srdo\u010di"},"content":{"rendered":"<p><img loading=\"lazy\" decoding=\"async\" width=\"600\" height=\"450\" class=\"aligncenter wp-image-18782 size-full\" src=\"https:\/\/www.rijeka.hr\/it\/wp-content\/uploads\/sites\/3\/2023\/06\/Dje\u010dji-vrti\u0107-Srdo\u010di-600x450.jpg\" alt=\"\" srcset=\"https:\/\/www.rijeka.hr\/it\/wp-content\/uploads\/sites\/3\/2023\/06\/Dje\u010dji-vrti\u0107-Srdo\u010di-600x450.jpg 600w, https:\/\/www.rijeka.hr\/it\/wp-content\/uploads\/sites\/3\/2023\/06\/Dje\u010dji-vrti\u0107-Srdo\u010di-600x450-533x400.jpg 533w\" sizes=\"(max-width: 600px) 100vw, 600px\" \/><\/p>\n<p>La scuola dell\u2019infanzia Srdo\u010di pu\u00f2 vantare il design pi\u00f9 moderno e le migliori attrezzature a Fiume, ospita 7 gruppi educativi; 3 gruppi nido e 4 gruppi scuola dell\u2019infanzia.<\/p>\n<p>Sono 52 i bambini iscritti ai gruppi nido e 95 bambini ai gruppi scuola dell&#8217;infanzia.<\/p>\n<p>L&#8217;investimento nella costruzione della scuola dell\u2019infanzia ammonta a 29,8 milioni di kune.<\/p>\n<p>La scuola dell\u2019infanzia \u00e8 stata costruita con materiali accuratamente selezionati secondo gli standard dell&#8217;UE, tenendo conto anche dell&#8217;uso di energia rinnovabile.<\/p>\n<p>L&#8217;edificio ha una superficie utile netta complessiva di 1.315,90 mq. e ha due piani. Al piano terra, avente una superficie di 1.061,00 mq, si trovano le unit\u00e0 didattiche della scuola dell&#8217;infanzia e del nido con servizi annessi. La parte dell\u2019asilo nido \u00e8 composta da tre parti, mentre la scuola materna \u00e8 composta da quattro parti.<\/p>\n<p>Al piano terra \u00e8 presente anche una zona economica con cucina, officina e locali tecnici annessi. L&#8217;amministrazione dell&#8217;asilo si trova al primo piano, che ha una superficie di 254,90 mq.<\/p>\n<p>I tetti sopra il complesso dell&#8217;asilo e della scuola materna sono riccamente inverditi e fungono da giardini didattici.<\/p>\n<div id='gallery-1' class='gallery galleryid-2129 gallery-columns-3 gallery-size-thumbnail'><dl class='gallery-item'>\n            <dt class='gallery-icon landscape'>\n                <a href='https:\/\/www.rijeka.hr\/it\/wp-content\/uploads\/sites\/3\/2023\/06\/dje\u010dji-vrti\u0107-na-Srdo\u010dima5-250x250-1.jpg' title=\"\" data-rl_title=\"\" class=\"rl-gallery-link\" data-rl_caption=\"\" data-rel=\"lightbox-gallery-1\"><img loading=\"lazy\" decoding=\"async\" width=\"250\" height=\"250\" src=\"https:\/\/www.rijeka.hr\/it\/wp-content\/uploads\/sites\/3\/2023\/06\/dje\u010dji-vrti\u0107-na-Srdo\u010dima5-250x250-1.jpg\" class=\"attachment-thumbnail size-thumbnail\" alt=\"\" srcset=\"https:\/\/www.rijeka.hr\/it\/wp-content\/uploads\/sites\/3\/2023\/06\/dje\u010dji-vrti\u0107-na-Srdo\u010dima5-250x250-1.jpg 250w, https:\/\/www.rijeka.hr\/it\/wp-content\/uploads\/sites\/3\/2023\/06\/dje\u010dji-vrti\u0107-na-Srdo\u010dima5-250x250-1-200x200.jpg 200w\" sizes=\"(max-width: 250px) 100vw, 250px\" \/><\/a>\n            <\/dt><\/dl><dl class='gallery-item'>\n            <dt class='gallery-icon landscape'>\n                <a href='https:\/\/www.rijeka.hr\/it\/wp-content\/uploads\/sites\/3\/2023\/06\/dje\u010dji-vrti\u0107-na-Srdo\u010dima-250x250.jpg' title=\"\" data-rl_title=\"\" class=\"rl-gallery-link\" data-rl_caption=\"\" data-rel=\"lightbox-gallery-1\"><img loading=\"lazy\" decoding=\"async\" width=\"250\" height=\"250\" src=\"https:\/\/www.rijeka.hr\/it\/wp-content\/uploads\/sites\/3\/2023\/06\/dje\u010dji-vrti\u0107-na-Srdo\u010dima-250x250.jpg\" class=\"attachment-thumbnail size-thumbnail\" alt=\"\" srcset=\"https:\/\/www.rijeka.hr\/it\/wp-content\/uploads\/sites\/3\/2023\/06\/dje\u010dji-vrti\u0107-na-Srdo\u010dima-250x250.jpg 250w, https:\/\/www.rijeka.hr\/it\/wp-content\/uploads\/sites\/3\/2023\/06\/dje\u010dji-vrti\u0107-na-Srdo\u010dima-250x250-200x200.jpg 200w\" sizes=\"(max-width: 250px) 100vw, 250px\" \/><\/a>\n            <\/dt><\/dl><dl class='gallery-item'>\n            <dt class='gallery-icon landscape'>\n                <a href='https:\/\/www.rijeka.hr\/it\/wp-content\/uploads\/sites\/3\/2023\/06\/dje\u010dji-vrti\u0107-na-Srdo\u010dima2-250x250.jpg' title=\"\" data-rl_title=\"\" class=\"rl-gallery-link\" data-rl_caption=\"\" data-rel=\"lightbox-gallery-1\"><img loading=\"lazy\" decoding=\"async\" width=\"250\" height=\"250\" src=\"https:\/\/www.rijeka.hr\/it\/wp-content\/uploads\/sites\/3\/2023\/06\/dje\u010dji-vrti\u0107-na-Srdo\u010dima2-250x250.jpg\" class=\"attachment-thumbnail size-thumbnail\" alt=\"\" srcset=\"https:\/\/www.rijeka.hr\/it\/wp-content\/uploads\/sites\/3\/2023\/06\/dje\u010dji-vrti\u0107-na-Srdo\u010dima2-250x250.jpg 250w, https:\/\/www.rijeka.hr\/it\/wp-content\/uploads\/sites\/3\/2023\/06\/dje\u010dji-vrti\u0107-na-Srdo\u010dima2-250x250-200x200.jpg 200w\" sizes=\"(max-width: 250px) 100vw, 250px\" \/><\/a>\n            <\/dt><\/dl><br style=\"clear: both\" \/><dl class='gallery-item'>\n            <dt class='gallery-icon landscape'>\n                <a href='https:\/\/www.rijeka.hr\/it\/wp-content\/uploads\/sites\/3\/2023\/06\/dje\u010dji-vrti\u0107-na-Srdo\u010dima6-250x250.jpg' title=\"\" data-rl_title=\"\" class=\"rl-gallery-link\" data-rl_caption=\"\" data-rel=\"lightbox-gallery-1\"><img loading=\"lazy\" decoding=\"async\" width=\"250\" height=\"250\" src=\"https:\/\/www.rijeka.hr\/it\/wp-content\/uploads\/sites\/3\/2023\/06\/dje\u010dji-vrti\u0107-na-Srdo\u010dima6-250x250.jpg\" class=\"attachment-thumbnail size-thumbnail\" alt=\"\" srcset=\"https:\/\/www.rijeka.hr\/it\/wp-content\/uploads\/sites\/3\/2023\/06\/dje\u010dji-vrti\u0107-na-Srdo\u010dima6-250x250.jpg 250w, https:\/\/www.rijeka.hr\/it\/wp-content\/uploads\/sites\/3\/2023\/06\/dje\u010dji-vrti\u0107-na-Srdo\u010dima6-250x250-200x200.jpg 200w\" sizes=\"(max-width: 250px) 100vw, 250px\" \/><\/a>\n            <\/dt><\/dl><dl class='gallery-item'>\n            <dt class='gallery-icon landscape'>\n                <a href='https:\/\/www.rijeka.hr\/it\/wp-content\/uploads\/sites\/3\/2023\/06\/dje\u010dji-vrti\u0107-na-Srdo\u010dima3-250x250.jpg' title=\"\" data-rl_title=\"\" class=\"rl-gallery-link\" data-rl_caption=\"\" data-rel=\"lightbox-gallery-1\"><img loading=\"lazy\" decoding=\"async\" width=\"250\" height=\"250\" src=\"https:\/\/www.rijeka.hr\/it\/wp-content\/uploads\/sites\/3\/2023\/06\/dje\u010dji-vrti\u0107-na-Srdo\u010dima3-250x250.jpg\" class=\"attachment-thumbnail size-thumbnail\" alt=\"\" srcset=\"https:\/\/www.rijeka.hr\/it\/wp-content\/uploads\/sites\/3\/2023\/06\/dje\u010dji-vrti\u0107-na-Srdo\u010dima3-250x250.jpg 250w, https:\/\/www.rijeka.hr\/it\/wp-content\/uploads\/sites\/3\/2023\/06\/dje\u010dji-vrti\u0107-na-Srdo\u010dima3-250x250-200x200.jpg 200w\" sizes=\"(max-width: 250px) 100vw, 250px\" \/><\/a>\n            <\/dt><\/dl><dl class='gallery-item'>\n            <dt class='gallery-icon landscape'>\n                <a href='https:\/\/www.rijeka.hr\/it\/wp-content\/uploads\/sites\/3\/2023\/06\/dje\u010dji-vrti\u0107-na-Srdo\u010dima4-250x250.jpg' title=\"\" data-rl_title=\"\" class=\"rl-gallery-link\" data-rl_caption=\"\" data-rel=\"lightbox-gallery-1\"><img loading=\"lazy\" decoding=\"async\" width=\"250\" height=\"250\" src=\"https:\/\/www.rijeka.hr\/it\/wp-content\/uploads\/sites\/3\/2023\/06\/dje\u010dji-vrti\u0107-na-Srdo\u010dima4-250x250.jpg\" class=\"attachment-thumbnail size-thumbnail\" alt=\"\" srcset=\"https:\/\/www.rijeka.hr\/it\/wp-content\/uploads\/sites\/3\/2023\/06\/dje\u010dji-vrti\u0107-na-Srdo\u010dima4-250x250.jpg 250w, https:\/\/www.rijeka.hr\/it\/wp-content\/uploads\/sites\/3\/2023\/06\/dje\u010dji-vrti\u0107-na-Srdo\u010dima4-250x250-200x200.jpg 200w\" sizes=\"(max-width: 250px) 100vw, 250px\" \/><\/a>\n            <\/dt><\/dl><br style=\"clear: both\" \/>\n        <\/div>\n\n<p>36 pannelli fotovoltaici per una superficie totale di 72 mq. che dovrebbero produrre annualmente 10,2 MWh di elettricit\u00e0, sono stati installati sul tetto del parcheggio che fa parte della scuola dell\u2019infanzia Srdo\u010di.<\/p>\n<p>L&#8217;intero edificio \u00e8 certificato energeticamente con il marchio massimo A+, che, per gli edifici residenziali e non residenziali, indica la classe energetica pi\u00f9 efficiente secondo la scala energetica.<\/p>\n<p>La scuola dell\u2019infanzia \u00e8 attrezzata da materiali didattico e giocattoli. Complessivamente 147 bambini sono inseriti in 7 gruppi educativi. In ogni gruppo lavorano 2 educatori.<\/p>\n<p>Oltre al programma regolare, in due gruppi educativi viene attuato il programma sportivo. Nella scuola materna, in collaborazione con la Facolt\u00e0 di formazione degli insegnanti di Fiume, si svolgono stage per gli studenti degli studi di educazione prescolare.<\/p>\n<p>Il progetto \u00e8 stato redatto dallo studio di architettura Penezi\u0107 e Rogina Arhitekti. L&#8217;appaltatore era la societ\u00e0 Radnik di Kri\u017eevci e l&#8217;appaltatore per i lavori paesaggistici Parkovi-Plus.<\/p>\n","protected":false},"excerpt":{"rendered":"<p>La scuola dell\u2019infanzia Srdo\u010di pu\u00f2 vantare il design pi\u00f9 moderno e le migliori attrezzature a Fiume, ospita 7 gruppi educativi; 3 gruppi nido e 4 gruppi scuola dell\u2019infanzia. Sono 52 i bambini iscritti ai gruppi nido e 95 bambini ai gruppi scuola dell&#8217;infanzia. L&#8217;investimento nella costruzione della scuola dell\u2019infanzia ammonta a 29,8 milioni di kune&#8230;.<\/p>\n","protected":false},"author":3,"featured_media":0,"parent":0,"menu_order":0,"comment_status":"closed","ping_status":"closed","template":"","meta":{"_acf_changed":false,"_trash_the_other_posts":false,"footnotes":"","_links_to":"","_links_to_target":""},"tags":[],"class_list":["post-2129","page","type-page","status-publish","hentry"],"acf":[],"yoast_head":"<!-- This site is optimized with the Yoast SEO plugin v24.4 - https:\/\/yoast.com\/wordpress\/plugins\/seo\/ -->\n<title>Scuola dell\u2019infanzia Srdo\u010di - Citt\u00e0 di Fiume<\/title>\n<meta name=\"robots\" content=\"index, follow, max-snippet:-1, max-image-preview:large, max-video-preview:-1\" \/>\n<link rel=\"canonical\" href=\"https:\/\/www.rijeka.hr\/it\/scuola-materna-a-srdoci\/\" \/>\n<meta property=\"og:locale\" content=\"it_IT\" \/>\n<meta property=\"og:type\" content=\"article\" \/>\n<meta property=\"og:title\" content=\"Scuola dell\u2019infanzia Srdo\u010di - Citt\u00e0 di Fiume\" \/>\n<meta property=\"og:description\" content=\"La scuola dell\u2019infanzia Srdo\u010di pu\u00f2 vantare il design pi\u00f9 moderno e le migliori attrezzature a Fiume, ospita 7 gruppi educativi; 3 gruppi nido e 4 gruppi scuola dell\u2019infanzia. Sono 52 i bambini iscritti ai gruppi nido e 95 bambini ai gruppi scuola dell&#8217;infanzia. L&#8217;investimento nella costruzione della scuola dell\u2019infanzia ammonta a 29,8 milioni di kune....\" \/>\n<meta property=\"og:url\" content=\"https:\/\/www.rijeka.hr\/it\/scuola-materna-a-srdoci\/\" \/>\n<meta property=\"og:site_name\" content=\"Citt\u00e0 di Fiume\" \/>\n<meta property=\"article:modified_time\" content=\"2023-06-12T09:27:18+00:00\" \/>\n<meta property=\"og:image\" content=\"https:\/\/www.rijeka.hr\/it\/wp-content\/uploads\/sites\/3\/2023\/06\/dje\u010dji-vrti\u0107-na-Srdo\u010dima5-250x250-1.jpg\" \/>\n<meta name=\"twitter:card\" content=\"summary_large_image\" \/>\n<meta name=\"twitter:label1\" content=\"Est. reading time\" \/>\n\t<meta name=\"twitter:data1\" content=\"2 minutes\" \/>\n<script type=\"application\/ld+json\" class=\"yoast-schema-graph\">{\"@context\":\"https:\/\/schema.org\",\"@graph\":[{\"@type\":\"WebPage\",\"@id\":\"https:\/\/www.rijeka.hr\/it\/scuola-materna-a-srdoci\/\",\"url\":\"https:\/\/www.rijeka.hr\/it\/scuola-materna-a-srdoci\/\",\"name\":\"Scuola dell\u2019infanzia Srdo\u010di - Citt\u00e0 di Fiume\",\"isPartOf\":{\"@id\":\"https:\/\/www.rijeka.hr\/it\/#website\"},\"datePublished\":\"2016-11-11T11:41:32+00:00\",\"dateModified\":\"2023-06-12T09:27:18+00:00\",\"breadcrumb\":{\"@id\":\"https:\/\/www.rijeka.hr\/it\/scuola-materna-a-srdoci\/#breadcrumb\"},\"inLanguage\":\"it-IT\",\"potentialAction\":[{\"@type\":\"ReadAction\",\"target\":[\"https:\/\/www.rijeka.hr\/it\/scuola-materna-a-srdoci\/\"]}]},{\"@type\":\"BreadcrumbList\",\"@id\":\"https:\/\/www.rijeka.hr\/it\/scuola-materna-a-srdoci\/#breadcrumb\",\"itemListElement\":[{\"@type\":\"ListItem\",\"position\":1,\"name\":\"Po\u010detna stranica\",\"item\":\"https:\/\/www.rijeka.hr\/it\/\"},{\"@type\":\"ListItem\",\"position\":2,\"name\":\"Scuola dell\u2019infanzia Srdo\u010di\"}]},{\"@type\":\"WebSite\",\"@id\":\"https:\/\/www.rijeka.hr\/it\/#website\",\"url\":\"https:\/\/www.rijeka.hr\/it\/\",\"name\":\"Citt\u00e0 di Fiume\",\"description\":\"Portale web della Citta&#039; di Fiume\",\"potentialAction\":[{\"@type\":\"SearchAction\",\"target\":{\"@type\":\"EntryPoint\",\"urlTemplate\":\"https:\/\/www.rijeka.hr\/it\/?s={search_term_string}\"},\"query-input\":{\"@type\":\"PropertyValueSpecification\",\"valueRequired\":true,\"valueName\":\"search_term_string\"}}],\"inLanguage\":\"it-IT\"}]}<\/script>\n<!-- \/ Yoast SEO plugin. -->","yoast_head_json":{"title":"Scuola dell\u2019infanzia Srdo\u010di - Citt\u00e0 di Fiume","robots":{"index":"index","follow":"follow","max-snippet":"max-snippet:-1","max-image-preview":"max-image-preview:large","max-video-preview":"max-video-preview:-1"},"canonical":"https:\/\/www.rijeka.hr\/it\/scuola-materna-a-srdoci\/","og_locale":"it_IT","og_type":"article","og_title":"Scuola dell\u2019infanzia Srdo\u010di - Citt\u00e0 di Fiume","og_description":"La scuola dell\u2019infanzia Srdo\u010di pu\u00f2 vantare il design pi\u00f9 moderno e le migliori attrezzature a Fiume, ospita 7 gruppi educativi; 3 gruppi nido e 4 gruppi scuola dell\u2019infanzia. Sono 52 i bambini iscritti ai gruppi nido e 95 bambini ai gruppi scuola dell&#8217;infanzia. L&#8217;investimento nella costruzione della scuola dell\u2019infanzia ammonta a 29,8 milioni di kune....","og_url":"https:\/\/www.rijeka.hr\/it\/scuola-materna-a-srdoci\/","og_site_name":"Citt\u00e0 di Fiume","article_modified_time":"2023-06-12T09:27:18+00:00","og_image":[{"url":"https:\/\/www.rijeka.hr\/it\/wp-content\/uploads\/sites\/3\/2023\/06\/dje\u010dji-vrti\u0107-na-Srdo\u010dima5-250x250-1.jpg","type":"","width":"","height":""}],"twitter_card":"summary_large_image","twitter_misc":{"Est. reading time":"2 minutes"},"schema":{"@context":"https:\/\/schema.org","@graph":[{"@type":"WebPage","@id":"https:\/\/www.rijeka.hr\/it\/scuola-materna-a-srdoci\/","url":"https:\/\/www.rijeka.hr\/it\/scuola-materna-a-srdoci\/","name":"Scuola dell\u2019infanzia Srdo\u010di - Citt\u00e0 di Fiume","isPartOf":{"@id":"https:\/\/www.rijeka.hr\/it\/#website"},"datePublished":"2016-11-11T11:41:32+00:00","dateModified":"2023-06-12T09:27:18+00:00","breadcrumb":{"@id":"https:\/\/www.rijeka.hr\/it\/scuola-materna-a-srdoci\/#breadcrumb"},"inLanguage":"it-IT","potentialAction":[{"@type":"ReadAction","target":["https:\/\/www.rijeka.hr\/it\/scuola-materna-a-srdoci\/"]}]},{"@type":"BreadcrumbList","@id":"https:\/\/www.rijeka.hr\/it\/scuola-materna-a-srdoci\/#breadcrumb","itemListElement":[{"@type":"ListItem","position":1,"name":"Po\u010detna stranica","item":"https:\/\/www.rijeka.hr\/it\/"},{"@type":"ListItem","position":2,"name":"Scuola dell\u2019infanzia Srdo\u010di"}]},{"@type":"WebSite","@id":"https:\/\/www.rijeka.hr\/it\/#website","url":"https:\/\/www.rijeka.hr\/it\/","name":"Citt\u00e0 di Fiume","description":"Portale web della Citta&#039; di Fiume","potentialAction":[{"@type":"SearchAction","target":{"@type":"EntryPoint","urlTemplate":"https:\/\/www.rijeka.hr\/it\/?s={search_term_string}"},"query-input":{"@type":"PropertyValueSpecification","valueRequired":true,"valueName":"search_term_string"}}],"inLanguage":"it-IT"}]}},"_links":{"self":[{"href":"https:\/\/www.rijeka.hr\/it\/wp-json\/wp\/v2\/pages\/2129","targetHints":{"allow":["GET"]}}],"collection":[{"href":"https:\/\/www.rijeka.hr\/it\/wp-json\/wp\/v2\/pages"}],"about":[{"href":"https:\/\/www.rijeka.hr\/it\/wp-json\/wp\/v2\/types\/page"}],"author":[{"embeddable":true,"href":"https:\/\/www.rijeka.hr\/it\/wp-json\/wp\/v2\/users\/3"}],"replies":[{"embeddable":true,"href":"https:\/\/www.rijeka.hr\/it\/wp-json\/wp\/v2\/comments?post=2129"}],"version-history":[{"count":3,"href":"https:\/\/www.rijeka.hr\/it\/wp-json\/wp\/v2\/pages\/2129\/revisions"}],"predecessor-version":[{"id":18789,"href":"https:\/\/www.rijeka.hr\/it\/wp-json\/wp\/v2\/pages\/2129\/revisions\/18789"}],"wp:attachment":[{"href":"https:\/\/www.rijeka.hr\/it\/wp-json\/wp\/v2\/media?parent=2129"}],"wp:term":[{"taxonomy":"post_tag","embeddable":true,"href":"https:\/\/www.rijeka.hr\/it\/wp-json\/wp\/v2\/tags?post=2129"}],"curies":[{"name":"wp","href":"https:\/\/api.w.org\/{rel}","templated":true}]}}