{"id":2132,"date":"2016-11-11T12:44:56","date_gmt":"2016-11-11T11:44:56","guid":{"rendered":"https:\/\/www.rijeka.hr\/it\/?page_id=2132"},"modified":"2023-06-12T11:18:11","modified_gmt":"2023-06-12T09:18:11","slug":"scuola-materna-mavrica","status":"publish","type":"page","link":"https:\/\/www.rijeka.hr\/it\/scuola-materna-mavrica\/","title":{"rendered":"Scuola dell\u2019infanzia \u201cMavrica\u201d"},"content":{"rendered":"<p><img loading=\"lazy\" decoding=\"async\" width=\"600\" height=\"400\" class=\"aligncenter wp-image-18770 size-full\" src=\"https:\/\/www.rijeka.hr\/it\/wp-content\/uploads\/sites\/3\/2023\/06\/Dje\u010dji-vrti\u0107-Mavrica-600x400.jpg\" alt=\"\" \/><\/p>\n<p>La scuola dell\u2019infanzia Mavrica nel rione di Pehlin accoglie 105 bambini divisi in cinque gruppi educativi: 2 gruppi asilo nido e 3 nella scuola dell\u2019infanzia.<\/p>\n<p>L&#8217;edificio che ospita l&#8217;asilo Mavrica, oltre a cinque gruppi educativi con tutte le strutture economiche e comuni, dispone anche di una cucina centrale modernamente attrezzata dove vengono preparati 500 pasti per la scuola dell\u2019infanzia Pehlin e per gli altri asili inclusi nel centro prescolare Torretta. Il valore complessivo dei lavori edili alla scuola dell\u2019infanzia Pehlin ammonta a 23 milioni di kune.<\/p>\n<p>La scuola dell\u2019infanzia Pehlin copre un&#8217;area di 1.252 mq. L&#8217;aspetto dell&#8217;edificio ricorda una nave, ed \u00e8 progettato in modo semplice e moderno e in armonia con la costruzione circostante. Sulle coperture piane dell&#8217;asilo sono presenti collettori solari e un impianto fotovoltaico da 30 kW. L&#8217;area circostante \u00e8 coltivata e l&#8217;asilo \u00e8 completamente attrezzato.<\/p>\n<p>La specificit\u00e0 dell&#8217;asilo \u00e8 la sua splendida vista sul mare. Le stanze dove soggiornano i bambini si trovano al piano terra e sono orientate a sud.<\/p>\n<p>I soggiorni hanno un collegamento diretto con le aree esterne &#8211; terrazze, con protezione dal forte sole mediante l&#8217;utilizzo di tende da sole mobili elettrificate. L&#8217;unit\u00e0 con l&#8217;area delle stanze dei bambini \u00e8 composta anche da spogliatoi e servizi igienici, separati da una superficie vetrata in modo che l&#8217;educatore pu\u00f2 controllare il movimento dei bambini.<\/p>\n<p>L&#8217;asilo dispone di una sala polivalente che viene utilizzata per l&#8217;educazione fisica, eventi speciali e altre attivit\u00e0. L&#8217;amministrazione e i locali per il gruppo di esperti si trovano al primo piano dell&#8217;edificio, mentre i locali per l&#8217;esecuzione dei lavori tecnici ausiliari si trovano nella parte nord dell&#8217;edificio.<\/p>\n<p>I parchi giochi all&#8217;aperto sono orientati a sud e progettati come una serie di superfici di gioco, interconnesse da una terrazza, una scala con piccola inclinazione, percorsi lastricati e rampe. I parchi gioco sono dotati di dispositivi fissi e superficie anti-traumatica, una sabbiera e area giochi con dispositivi mobili e requisiti.<\/p>\n<p>Il parco giochi \u00e8 organizzato in una rete connessa e armonizzata, collegata da percorsi e una rampa per il movimento delle persone con disabilit\u00e0.<\/p>\n<p>La caldaia si trova nella parte nord del piano terra. Il riscaldamento primario dell&#8217;acqua calda sanitaria avviene tramite un impianto di riscaldamento a collettori solari.<\/p>\n<p>Grazie all&#8217;utilizzo di materiali da costruzione non dannosi per l&#8217;ambiente, raccogliendo l&#8217;acqua piovana in una cisterna sotto la terrazza dell&#8217;asilo e riutilizzandola nell&#8217;impianto di irrigazione, buon isolamento termico delle pareti esterne, solai e tetto con aperture di facciata con vetri &#8220;IZO&#8221; e l&#8217;utilizzo di fonti energetiche rinnovabili attraverso collettori solari e pannelli fotovoltaici, l&#8217;edificio \u00e8 un esempio di edilizia sostenibile ed efficienza energetica.<\/p>\n<p>I lavori di costruzione sono stati eseguiti dalla societ\u00e0 Lav\u010devi\u0107 di Spalato, con i loro subappaltatori.<\/p>\n<p>&nbsp;<\/p>\n<div id='gallery-1' class='gallery galleryid-2132 gallery-columns-3 gallery-size-thumbnail'><dl class='gallery-item'>\n            <dt class='gallery-icon landscape'>\n                <a href='https:\/\/www.rijeka.hr\/it\/wp-content\/uploads\/sites\/3\/2023\/06\/dje\u010dji-vrti\u0107-Mavrica-250x250.jpg' title=\"\" data-rl_title=\"\" class=\"rl-gallery-link\" data-rl_caption=\"\" data-rel=\"lightbox-gallery-1\"><img loading=\"lazy\" decoding=\"async\" width=\"250\" height=\"250\" src=\"https:\/\/www.rijeka.hr\/it\/wp-content\/uploads\/sites\/3\/2023\/06\/dje\u010dji-vrti\u0107-Mavrica-250x250.jpg\" class=\"attachment-thumbnail size-thumbnail\" alt=\"\" srcset=\"https:\/\/www.rijeka.hr\/it\/wp-content\/uploads\/sites\/3\/2023\/06\/dje\u010dji-vrti\u0107-Mavrica-250x250.jpg 250w, https:\/\/www.rijeka.hr\/it\/wp-content\/uploads\/sites\/3\/2023\/06\/dje\u010dji-vrti\u0107-Mavrica-250x250-200x200.jpg 200w\" sizes=\"(max-width: 250px) 100vw, 250px\" \/><\/a>\n            <\/dt><\/dl><dl class='gallery-item'>\n            <dt class='gallery-icon landscape'>\n                <a href='https:\/\/www.rijeka.hr\/it\/wp-content\/uploads\/sites\/3\/2023\/06\/dje\u010dji-vrti\u0107-Mavrica-2-250x250.jpg' title=\"\" data-rl_title=\"\" class=\"rl-gallery-link\" data-rl_caption=\"\" data-rel=\"lightbox-gallery-1\"><img loading=\"lazy\" decoding=\"async\" width=\"250\" height=\"250\" src=\"https:\/\/www.rijeka.hr\/it\/wp-content\/uploads\/sites\/3\/2023\/06\/dje\u010dji-vrti\u0107-Mavrica-2-250x250.jpg\" class=\"attachment-thumbnail size-thumbnail\" alt=\"\" srcset=\"https:\/\/www.rijeka.hr\/it\/wp-content\/uploads\/sites\/3\/2023\/06\/dje\u010dji-vrti\u0107-Mavrica-2-250x250.jpg 250w, https:\/\/www.rijeka.hr\/it\/wp-content\/uploads\/sites\/3\/2023\/06\/dje\u010dji-vrti\u0107-Mavrica-2-250x250-200x200.jpg 200w\" sizes=\"(max-width: 250px) 100vw, 250px\" \/><\/a>\n            <\/dt><\/dl><dl class='gallery-item'>\n            <dt class='gallery-icon landscape'>\n                <a href='https:\/\/www.rijeka.hr\/it\/wp-content\/uploads\/sites\/3\/2023\/06\/dje\u010dji-vrti\u0107-Mavrica-3-250x250.jpg' title=\"\" data-rl_title=\"\" class=\"rl-gallery-link\" data-rl_caption=\"\" data-rel=\"lightbox-gallery-1\"><img loading=\"lazy\" decoding=\"async\" width=\"250\" height=\"250\" src=\"https:\/\/www.rijeka.hr\/it\/wp-content\/uploads\/sites\/3\/2023\/06\/dje\u010dji-vrti\u0107-Mavrica-3-250x250.jpg\" class=\"attachment-thumbnail size-thumbnail\" alt=\"\" srcset=\"https:\/\/www.rijeka.hr\/it\/wp-content\/uploads\/sites\/3\/2023\/06\/dje\u010dji-vrti\u0107-Mavrica-3-250x250.jpg 250w, https:\/\/www.rijeka.hr\/it\/wp-content\/uploads\/sites\/3\/2023\/06\/dje\u010dji-vrti\u0107-Mavrica-3-250x250-200x200.jpg 200w\" sizes=\"(max-width: 250px) 100vw, 250px\" \/><\/a>\n            <\/dt><\/dl><br style=\"clear: both\" \/><dl class='gallery-item'>\n            <dt class='gallery-icon landscape'>\n                <a href='https:\/\/www.rijeka.hr\/it\/wp-content\/uploads\/sites\/3\/2023\/06\/dje\u010dji-vrti\u0107-Mavrica-4-250x250.jpg' title=\"\" data-rl_title=\"\" class=\"rl-gallery-link\" data-rl_caption=\"\" data-rel=\"lightbox-gallery-1\"><img loading=\"lazy\" decoding=\"async\" width=\"250\" height=\"250\" src=\"https:\/\/www.rijeka.hr\/it\/wp-content\/uploads\/sites\/3\/2023\/06\/dje\u010dji-vrti\u0107-Mavrica-4-250x250.jpg\" class=\"attachment-thumbnail size-thumbnail\" alt=\"\" srcset=\"https:\/\/www.rijeka.hr\/it\/wp-content\/uploads\/sites\/3\/2023\/06\/dje\u010dji-vrti\u0107-Mavrica-4-250x250.jpg 250w, https:\/\/www.rijeka.hr\/it\/wp-content\/uploads\/sites\/3\/2023\/06\/dje\u010dji-vrti\u0107-Mavrica-4-250x250-200x200.jpg 200w\" sizes=\"(max-width: 250px) 100vw, 250px\" \/><\/a>\n            <\/dt><\/dl><dl class='gallery-item'>\n            <dt class='gallery-icon landscape'>\n                <a href='https:\/\/www.rijeka.hr\/it\/wp-content\/uploads\/sites\/3\/2023\/06\/dje\u010dji-vrti\u0107-Mavrica-5-250x250.jpg' title=\"\" data-rl_title=\"\" class=\"rl-gallery-link\" data-rl_caption=\"\" data-rel=\"lightbox-gallery-1\"><img loading=\"lazy\" decoding=\"async\" width=\"250\" height=\"250\" src=\"https:\/\/www.rijeka.hr\/it\/wp-content\/uploads\/sites\/3\/2023\/06\/dje\u010dji-vrti\u0107-Mavrica-5-250x250.jpg\" class=\"attachment-thumbnail size-thumbnail\" alt=\"\" srcset=\"https:\/\/www.rijeka.hr\/it\/wp-content\/uploads\/sites\/3\/2023\/06\/dje\u010dji-vrti\u0107-Mavrica-5-250x250.jpg 250w, https:\/\/www.rijeka.hr\/it\/wp-content\/uploads\/sites\/3\/2023\/06\/dje\u010dji-vrti\u0107-Mavrica-5-250x250-200x200.jpg 200w\" sizes=\"(max-width: 250px) 100vw, 250px\" \/><\/a>\n            <\/dt><\/dl><dl class='gallery-item'>\n            <dt class='gallery-icon landscape'>\n                <a href='https:\/\/www.rijeka.hr\/it\/wp-content\/uploads\/sites\/3\/2023\/06\/dje\u010dji-vrti\u0107-Mavrica-6-250x250.jpg' title=\"\" data-rl_title=\"\" class=\"rl-gallery-link\" data-rl_caption=\"\" data-rel=\"lightbox-gallery-1\"><img loading=\"lazy\" decoding=\"async\" width=\"250\" height=\"250\" src=\"https:\/\/www.rijeka.hr\/it\/wp-content\/uploads\/sites\/3\/2023\/06\/dje\u010dji-vrti\u0107-Mavrica-6-250x250.jpg\" class=\"attachment-thumbnail size-thumbnail\" alt=\"\" srcset=\"https:\/\/www.rijeka.hr\/it\/wp-content\/uploads\/sites\/3\/2023\/06\/dje\u010dji-vrti\u0107-Mavrica-6-250x250.jpg 250w, https:\/\/www.rijeka.hr\/it\/wp-content\/uploads\/sites\/3\/2023\/06\/dje\u010dji-vrti\u0107-Mavrica-6-250x250-200x200.jpg 200w\" sizes=\"(max-width: 250px) 100vw, 250px\" \/><\/a>\n            <\/dt><\/dl><br style=\"clear: both\" \/><dl class='gallery-item'>\n            <dt class='gallery-icon landscape'>\n                <a href='https:\/\/www.rijeka.hr\/it\/wp-content\/uploads\/sites\/3\/2023\/06\/dje\u010dji-vrti\u0107-Mavrica-7-250x250.jpg' title=\"\" data-rl_title=\"\" class=\"rl-gallery-link\" data-rl_caption=\"\" data-rel=\"lightbox-gallery-1\"><img loading=\"lazy\" decoding=\"async\" width=\"250\" height=\"250\" src=\"https:\/\/www.rijeka.hr\/it\/wp-content\/uploads\/sites\/3\/2023\/06\/dje\u010dji-vrti\u0107-Mavrica-7-250x250.jpg\" class=\"attachment-thumbnail size-thumbnail\" alt=\"\" srcset=\"https:\/\/www.rijeka.hr\/it\/wp-content\/uploads\/sites\/3\/2023\/06\/dje\u010dji-vrti\u0107-Mavrica-7-250x250.jpg 250w, https:\/\/www.rijeka.hr\/it\/wp-content\/uploads\/sites\/3\/2023\/06\/dje\u010dji-vrti\u0107-Mavrica-7-250x250-200x200.jpg 200w\" sizes=\"(max-width: 250px) 100vw, 250px\" \/><\/a>\n            <\/dt><\/dl><dl class='gallery-item'>\n            <dt class='gallery-icon landscape'>\n                <a href='https:\/\/www.rijeka.hr\/it\/wp-content\/uploads\/sites\/3\/2023\/06\/dje\u010dji-vrti\u0107-Mavrica-8-250x250.jpg' title=\"\" data-rl_title=\"\" class=\"rl-gallery-link\" data-rl_caption=\"\" data-rel=\"lightbox-gallery-1\"><img loading=\"lazy\" decoding=\"async\" width=\"250\" height=\"250\" src=\"https:\/\/www.rijeka.hr\/it\/wp-content\/uploads\/sites\/3\/2023\/06\/dje\u010dji-vrti\u0107-Mavrica-8-250x250.jpg\" class=\"attachment-thumbnail size-thumbnail\" alt=\"\" srcset=\"https:\/\/www.rijeka.hr\/it\/wp-content\/uploads\/sites\/3\/2023\/06\/dje\u010dji-vrti\u0107-Mavrica-8-250x250.jpg 250w, https:\/\/www.rijeka.hr\/it\/wp-content\/uploads\/sites\/3\/2023\/06\/dje\u010dji-vrti\u0107-Mavrica-8-250x250-200x200.jpg 200w\" sizes=\"(max-width: 250px) 100vw, 250px\" \/><\/a>\n            <\/dt><\/dl>\n            <br style='clear: both' \/>\n        <\/div>\n\n","protected":false},"excerpt":{"rendered":"<p>La scuola dell\u2019infanzia Mavrica nel rione di Pehlin accoglie 105 bambini divisi in cinque gruppi educativi: 2 gruppi asilo nido e 3 nella scuola dell\u2019infanzia. L&#8217;edificio che ospita l&#8217;asilo Mavrica, oltre a cinque gruppi educativi con tutte le strutture economiche e comuni, dispone anche di una cucina centrale modernamente attrezzata dove vengono preparati 500 pasti&#8230;<\/p>\n","protected":false},"author":3,"featured_media":0,"parent":0,"menu_order":0,"comment_status":"closed","ping_status":"closed","template":"","meta":{"_acf_changed":false,"_trash_the_other_posts":false,"footnotes":"","_links_to":"","_links_to_target":""},"tags":[],"class_list":["post-2132","page","type-page","status-publish","hentry"],"acf":[],"yoast_head":"<!-- This site is optimized with the Yoast SEO plugin v24.4 - https:\/\/yoast.com\/wordpress\/plugins\/seo\/ -->\n<title>Scuola dell\u2019infanzia \u201cMavrica\u201d - Citt\u00e0 di Fiume<\/title>\n<meta name=\"robots\" content=\"index, follow, max-snippet:-1, max-image-preview:large, max-video-preview:-1\" \/>\n<link rel=\"canonical\" href=\"https:\/\/www.rijeka.hr\/it\/scuola-materna-mavrica\/\" \/>\n<meta property=\"og:locale\" content=\"it_IT\" \/>\n<meta property=\"og:type\" content=\"article\" \/>\n<meta property=\"og:title\" content=\"Scuola dell\u2019infanzia \u201cMavrica\u201d - Citt\u00e0 di Fiume\" \/>\n<meta property=\"og:description\" content=\"La scuola dell\u2019infanzia Mavrica nel rione di Pehlin accoglie 105 bambini divisi in cinque gruppi educativi: 2 gruppi asilo nido e 3 nella scuola dell\u2019infanzia. L&#8217;edificio che ospita l&#8217;asilo Mavrica, oltre a cinque gruppi educativi con tutte le strutture economiche e comuni, dispone anche di una cucina centrale modernamente attrezzata dove vengono preparati 500 pasti...\" \/>\n<meta property=\"og:url\" content=\"https:\/\/www.rijeka.hr\/it\/scuola-materna-mavrica\/\" \/>\n<meta property=\"og:site_name\" content=\"Citt\u00e0 di Fiume\" \/>\n<meta property=\"article:modified_time\" content=\"2023-06-12T09:18:11+00:00\" \/>\n<meta property=\"og:image\" content=\"https:\/\/www.rijeka.hr\/it\/wp-content\/uploads\/sites\/3\/2023\/06\/dje\u010dji-vrti\u0107-Mavrica-250x250.jpg\" \/>\n<meta name=\"twitter:card\" content=\"summary_large_image\" \/>\n<meta name=\"twitter:label1\" content=\"Est. reading time\" \/>\n\t<meta name=\"twitter:data1\" content=\"2 minutes\" \/>\n<script type=\"application\/ld+json\" class=\"yoast-schema-graph\">{\"@context\":\"https:\/\/schema.org\",\"@graph\":[{\"@type\":\"WebPage\",\"@id\":\"https:\/\/www.rijeka.hr\/it\/scuola-materna-mavrica\/\",\"url\":\"https:\/\/www.rijeka.hr\/it\/scuola-materna-mavrica\/\",\"name\":\"Scuola dell\u2019infanzia \u201cMavrica\u201d - Citt\u00e0 di Fiume\",\"isPartOf\":{\"@id\":\"https:\/\/www.rijeka.hr\/it\/#website\"},\"datePublished\":\"2016-11-11T11:44:56+00:00\",\"dateModified\":\"2023-06-12T09:18:11+00:00\",\"breadcrumb\":{\"@id\":\"https:\/\/www.rijeka.hr\/it\/scuola-materna-mavrica\/#breadcrumb\"},\"inLanguage\":\"it-IT\",\"potentialAction\":[{\"@type\":\"ReadAction\",\"target\":[\"https:\/\/www.rijeka.hr\/it\/scuola-materna-mavrica\/\"]}]},{\"@type\":\"BreadcrumbList\",\"@id\":\"https:\/\/www.rijeka.hr\/it\/scuola-materna-mavrica\/#breadcrumb\",\"itemListElement\":[{\"@type\":\"ListItem\",\"position\":1,\"name\":\"Po\u010detna stranica\",\"item\":\"https:\/\/www.rijeka.hr\/it\/\"},{\"@type\":\"ListItem\",\"position\":2,\"name\":\"Scuola dell\u2019infanzia \u201cMavrica\u201d\"}]},{\"@type\":\"WebSite\",\"@id\":\"https:\/\/www.rijeka.hr\/it\/#website\",\"url\":\"https:\/\/www.rijeka.hr\/it\/\",\"name\":\"Citt\u00e0 di Fiume\",\"description\":\"Portale web della Citta&#039; di Fiume\",\"potentialAction\":[{\"@type\":\"SearchAction\",\"target\":{\"@type\":\"EntryPoint\",\"urlTemplate\":\"https:\/\/www.rijeka.hr\/it\/?s={search_term_string}\"},\"query-input\":{\"@type\":\"PropertyValueSpecification\",\"valueRequired\":true,\"valueName\":\"search_term_string\"}}],\"inLanguage\":\"it-IT\"}]}<\/script>\n<!-- \/ Yoast SEO plugin. -->","yoast_head_json":{"title":"Scuola dell\u2019infanzia \u201cMavrica\u201d - Citt\u00e0 di Fiume","robots":{"index":"index","follow":"follow","max-snippet":"max-snippet:-1","max-image-preview":"max-image-preview:large","max-video-preview":"max-video-preview:-1"},"canonical":"https:\/\/www.rijeka.hr\/it\/scuola-materna-mavrica\/","og_locale":"it_IT","og_type":"article","og_title":"Scuola dell\u2019infanzia \u201cMavrica\u201d - Citt\u00e0 di Fiume","og_description":"La scuola dell\u2019infanzia Mavrica nel rione di Pehlin accoglie 105 bambini divisi in cinque gruppi educativi: 2 gruppi asilo nido e 3 nella scuola dell\u2019infanzia. L&#8217;edificio che ospita l&#8217;asilo Mavrica, oltre a cinque gruppi educativi con tutte le strutture economiche e comuni, dispone anche di una cucina centrale modernamente attrezzata dove vengono preparati 500 pasti...","og_url":"https:\/\/www.rijeka.hr\/it\/scuola-materna-mavrica\/","og_site_name":"Citt\u00e0 di Fiume","article_modified_time":"2023-06-12T09:18:11+00:00","og_image":[{"url":"https:\/\/www.rijeka.hr\/it\/wp-content\/uploads\/sites\/3\/2023\/06\/dje\u010dji-vrti\u0107-Mavrica-250x250.jpg","type":"","width":"","height":""}],"twitter_card":"summary_large_image","twitter_misc":{"Est. reading time":"2 minutes"},"schema":{"@context":"https:\/\/schema.org","@graph":[{"@type":"WebPage","@id":"https:\/\/www.rijeka.hr\/it\/scuola-materna-mavrica\/","url":"https:\/\/www.rijeka.hr\/it\/scuola-materna-mavrica\/","name":"Scuola dell\u2019infanzia \u201cMavrica\u201d - Citt\u00e0 di Fiume","isPartOf":{"@id":"https:\/\/www.rijeka.hr\/it\/#website"},"datePublished":"2016-11-11T11:44:56+00:00","dateModified":"2023-06-12T09:18:11+00:00","breadcrumb":{"@id":"https:\/\/www.rijeka.hr\/it\/scuola-materna-mavrica\/#breadcrumb"},"inLanguage":"it-IT","potentialAction":[{"@type":"ReadAction","target":["https:\/\/www.rijeka.hr\/it\/scuola-materna-mavrica\/"]}]},{"@type":"BreadcrumbList","@id":"https:\/\/www.rijeka.hr\/it\/scuola-materna-mavrica\/#breadcrumb","itemListElement":[{"@type":"ListItem","position":1,"name":"Po\u010detna stranica","item":"https:\/\/www.rijeka.hr\/it\/"},{"@type":"ListItem","position":2,"name":"Scuola dell\u2019infanzia \u201cMavrica\u201d"}]},{"@type":"WebSite","@id":"https:\/\/www.rijeka.hr\/it\/#website","url":"https:\/\/www.rijeka.hr\/it\/","name":"Citt\u00e0 di Fiume","description":"Portale web della Citta&#039; di Fiume","potentialAction":[{"@type":"SearchAction","target":{"@type":"EntryPoint","urlTemplate":"https:\/\/www.rijeka.hr\/it\/?s={search_term_string}"},"query-input":{"@type":"PropertyValueSpecification","valueRequired":true,"valueName":"search_term_string"}}],"inLanguage":"it-IT"}]}},"_links":{"self":[{"href":"https:\/\/www.rijeka.hr\/it\/wp-json\/wp\/v2\/pages\/2132","targetHints":{"allow":["GET"]}}],"collection":[{"href":"https:\/\/www.rijeka.hr\/it\/wp-json\/wp\/v2\/pages"}],"about":[{"href":"https:\/\/www.rijeka.hr\/it\/wp-json\/wp\/v2\/types\/page"}],"author":[{"embeddable":true,"href":"https:\/\/www.rijeka.hr\/it\/wp-json\/wp\/v2\/users\/3"}],"replies":[{"embeddable":true,"href":"https:\/\/www.rijeka.hr\/it\/wp-json\/wp\/v2\/comments?post=2132"}],"version-history":[{"count":3,"href":"https:\/\/www.rijeka.hr\/it\/wp-json\/wp\/v2\/pages\/2132\/revisions"}],"predecessor-version":[{"id":18780,"href":"https:\/\/www.rijeka.hr\/it\/wp-json\/wp\/v2\/pages\/2132\/revisions\/18780"}],"wp:attachment":[{"href":"https:\/\/www.rijeka.hr\/it\/wp-json\/wp\/v2\/media?parent=2132"}],"wp:term":[{"taxonomy":"post_tag","embeddable":true,"href":"https:\/\/www.rijeka.hr\/it\/wp-json\/wp\/v2\/tags?post=2132"}],"curies":[{"name":"wp","href":"https:\/\/api.w.org\/{rel}","templated":true}]}}