{"id":2154,"date":"2016-11-14T09:55:18","date_gmt":"2016-11-14T08:55:18","guid":{"rendered":"https:\/\/www.rijeka.hr\/it\/?page_id=2154"},"modified":"2020-08-21T10:23:38","modified_gmt":"2020-08-21T08:23:38","slug":"ilocate","status":"publish","type":"page","link":"https:\/\/www.rijeka.hr\/it\/amministrazione-cittadina\/progetti-dellue\/progetti-chiusi\/ilocate\/","title":{"rendered":"iLOCATE"},"content":{"rendered":"<h3 style=\"background: white\"><span style=\"font-family: 'Helvetica',sans-serif;color: #333333;font-weight: normal\">Titolo del progetto:<br \/>\nIndoor\/outdoor location and Asset Management Through Open Geodata (iLOCATE)<\/span><\/h3>\n<h3>Obiettivo del progetto:<\/h3>\n<p>migliorare il sistema GIS attraverso lo sviluppo di applicazioni mobili che consentiranno la navigazione interna all&#8217;interno di cinque edifici amministrativi<\/p>\n<p>&nbsp;<\/p>\n<h3>Durata: gennaio 2014 &#8211; durata 36 mesi<\/h3>\n<h3>Attivit\u00e0 chiave:<\/h3>\n<p><img loading=\"lazy\" decoding=\"async\" width=\"250\" height=\"250\" class=\"alignleft wp-image-10879 size-thumbnail\" src=\"https:\/\/www.rijeka.hr\/it\/wp-content\/uploads\/sites\/3\/2020\/08\/iLOCATE-250x250.jpg\" alt=\"\" srcset=\"https:\/\/www.rijeka.hr\/it\/wp-content\/uploads\/sites\/3\/2020\/08\/iLOCATE-250x250.jpg 250w, https:\/\/www.rijeka.hr\/it\/wp-content\/uploads\/sites\/3\/2020\/08\/iLOCATE-200x200.jpg 200w\" sizes=\"(max-width: 250px) 100vw, 250px\" \/>Nella citt\u00e0 di Fiume il progetto pilota sar\u00e0 basato sullo sviluppo di un&#8217;applicazione mobile che fornir\u00e0 ai cittadini informazioni aggiornate sui servizi che la citt\u00e0 fornisce, offrendo, su richiesta, la navigazione da porta a porta, cio\u00e8 dalla residenza del cittadino all&#8217;ufficio \/ sportello. La navigazione interna sar\u00e0 implementata all&#8217;interno di cinque edifici amministrativi. Negli anni a venire, questa tecnologia potrebbe essere implementata anche per offrire un&#8217;applicazione mobile ai visitatori della citt\u00e0, per visitare, ad esempio, destinazioni culturali e istituzioni nel centro cittadino.<\/p>\n<h3>Partner:<\/h3>\n<p>Trilogis, Italia<br \/>\nCadzow Communications Consultin, Gran Bretagna<br \/>\nTechnische Universiteit Eindhoven, Paesi Bassi<br \/>\nGeosys, Malta<br \/>\nGistandards, Gran Bretagna<br \/>\nEpsilon International, Grecia<br \/>\nOspedale di emergenza della contea di Alba Iulia, Romania<br \/>\nU-Hopper, Italia<br \/>\nZigpos, Germania<br \/>\nSoftware industriale, Romania<br \/>\nEpsilon Italia, Italia<br \/>\nComune di Brasov, Romania<br \/>\nUrbasofia, Romania<br \/>\nCitt\u00e0 di Baia Sprie, Romania<br \/>\nTechnoport, Lussemburgo<br \/>\nSoluzioni Fida, Romania<br \/>\nGisig &#8211; Gruppo internazionale per i sistemi informativi geografici, Italia<br \/>\nMuseo Nazionale Brukenthal, Romania<br \/>\nAzienda Provinciale Sanitaria della Provincia Autonoma di Trento, Italia<br \/>\nComune di Genova, Italia<br \/>\nFondazione Bruno Kessler, Italia<br \/>\nReparto maternit\u00e0 Mitera, Grecia<br \/>\nComune di Velletri, Italia<br \/>\nCitt\u00e0 di Fiume<\/p>\n<h3>Bilancio della Citt\u00e0 di Fiume: 111.685,00 EUR<\/h3>\n<h3>Finanziato nell&#8217;ambito di: programma CIP<\/h3>\n<h3>Sito web:<\/h3>\n<p>www.i-locate.eu<\/p>\n","protected":false},"excerpt":{"rendered":"<p>Titolo del progetto: Indoor\/outdoor location and Asset Management Through Open Geodata (iLOCATE) Obiettivo del progetto: migliorare il sistema GIS attraverso lo sviluppo di applicazioni mobili che consentiranno la navigazione interna all&#8217;interno di cinque edifici amministrativi &nbsp; Durata: gennaio 2014 &#8211; durata 36 mesi Attivit\u00e0 chiave: Nella citt\u00e0 di Fiume il progetto pilota sar\u00e0 basato sullo&#8230;<\/p>\n","protected":false},"author":3,"featured_media":0,"parent":2062,"menu_order":0,"comment_status":"closed","ping_status":"closed","template":"","meta":{"_acf_changed":false,"_trash_the_other_posts":false,"footnotes":"","_links_to":"","_links_to_target":""},"tags":[],"class_list":["post-2154","page","type-page","status-publish","hentry"],"acf":[],"yoast_head":"<!-- This site is optimized with the Yoast SEO plugin v24.4 - https:\/\/yoast.com\/wordpress\/plugins\/seo\/ -->\n<title>iLOCATE - Citt\u00e0 di Fiume<\/title>\n<meta name=\"robots\" content=\"index, follow, max-snippet:-1, max-image-preview:large, max-video-preview:-1\" \/>\n<link rel=\"canonical\" href=\"https:\/\/www.rijeka.hr\/it\/amministrazione-cittadina\/progetti-dellue\/progetti-chiusi\/ilocate\/\" \/>\n<meta property=\"og:locale\" content=\"it_IT\" \/>\n<meta property=\"og:type\" content=\"article\" \/>\n<meta property=\"og:title\" content=\"iLOCATE - Citt\u00e0 di Fiume\" \/>\n<meta property=\"og:description\" content=\"Titolo del progetto: Indoor\/outdoor location and Asset Management Through Open Geodata (iLOCATE) Obiettivo del progetto: migliorare il sistema GIS attraverso lo sviluppo di applicazioni mobili che consentiranno la navigazione interna all&#8217;interno di cinque edifici amministrativi &nbsp; Durata: gennaio 2014 &#8211; durata 36 mesi Attivit\u00e0 chiave: Nella citt\u00e0 di Fiume il progetto pilota sar\u00e0 basato sullo...\" \/>\n<meta property=\"og:url\" content=\"https:\/\/www.rijeka.hr\/it\/amministrazione-cittadina\/progetti-dellue\/progetti-chiusi\/ilocate\/\" \/>\n<meta property=\"og:site_name\" content=\"Citt\u00e0 di Fiume\" \/>\n<meta property=\"article:modified_time\" content=\"2020-08-21T08:23:38+00:00\" \/>\n<meta property=\"og:image\" content=\"https:\/\/www.rijeka.hr\/it\/wp-content\/uploads\/sites\/3\/2020\/08\/iLOCATE-250x250.jpg\" \/>\n<meta name=\"twitter:card\" content=\"summary_large_image\" \/>\n<meta name=\"twitter:label1\" content=\"Est. reading time\" \/>\n\t<meta name=\"twitter:data1\" content=\"1 minute\" \/>\n<script type=\"application\/ld+json\" class=\"yoast-schema-graph\">{\"@context\":\"https:\/\/schema.org\",\"@graph\":[{\"@type\":\"WebPage\",\"@id\":\"https:\/\/www.rijeka.hr\/it\/amministrazione-cittadina\/progetti-dellue\/progetti-chiusi\/ilocate\/\",\"url\":\"https:\/\/www.rijeka.hr\/it\/amministrazione-cittadina\/progetti-dellue\/progetti-chiusi\/ilocate\/\",\"name\":\"iLOCATE - Citt\u00e0 di Fiume\",\"isPartOf\":{\"@id\":\"https:\/\/www.rijeka.hr\/it\/#website\"},\"primaryImageOfPage\":{\"@id\":\"https:\/\/www.rijeka.hr\/it\/amministrazione-cittadina\/progetti-dellue\/progetti-chiusi\/ilocate\/#primaryimage\"},\"image\":{\"@id\":\"https:\/\/www.rijeka.hr\/it\/amministrazione-cittadina\/progetti-dellue\/progetti-chiusi\/ilocate\/#primaryimage\"},\"thumbnailUrl\":\"https:\/\/www.rijeka.hr\/it\/wp-content\/uploads\/sites\/3\/2020\/08\/iLOCATE-250x250.jpg\",\"datePublished\":\"2016-11-14T08:55:18+00:00\",\"dateModified\":\"2020-08-21T08:23:38+00:00\",\"breadcrumb\":{\"@id\":\"https:\/\/www.rijeka.hr\/it\/amministrazione-cittadina\/progetti-dellue\/progetti-chiusi\/ilocate\/#breadcrumb\"},\"inLanguage\":\"it-IT\",\"potentialAction\":[{\"@type\":\"ReadAction\",\"target\":[\"https:\/\/www.rijeka.hr\/it\/amministrazione-cittadina\/progetti-dellue\/progetti-chiusi\/ilocate\/\"]}]},{\"@type\":\"ImageObject\",\"inLanguage\":\"it-IT\",\"@id\":\"https:\/\/www.rijeka.hr\/it\/amministrazione-cittadina\/progetti-dellue\/progetti-chiusi\/ilocate\/#primaryimage\",\"url\":\"https:\/\/www.rijeka.hr\/it\/wp-content\/uploads\/sites\/3\/2020\/08\/iLOCATE.jpg\",\"contentUrl\":\"https:\/\/www.rijeka.hr\/it\/wp-content\/uploads\/sites\/3\/2020\/08\/iLOCATE.jpg\",\"width\":395,\"height\":282},{\"@type\":\"BreadcrumbList\",\"@id\":\"https:\/\/www.rijeka.hr\/it\/amministrazione-cittadina\/progetti-dellue\/progetti-chiusi\/ilocate\/#breadcrumb\",\"itemListElement\":[{\"@type\":\"ListItem\",\"position\":1,\"name\":\"Po\u010detna stranica\",\"item\":\"https:\/\/www.rijeka.hr\/it\/\"},{\"@type\":\"ListItem\",\"position\":2,\"name\":\"Amministrazione cittadina\",\"item\":\"https:\/\/www.rijeka.hr\/it\/amministrazione-cittadina\/\"},{\"@type\":\"ListItem\",\"position\":3,\"name\":\"Progetti dell&#8217;UE\",\"item\":\"https:\/\/www.rijeka.hr\/it\/amministrazione-cittadina\/progetti-dellue\/\"},{\"@type\":\"ListItem\",\"position\":4,\"name\":\"Progetti chiusi\",\"item\":\"https:\/\/www.rijeka.hr\/it\/amministrazione-cittadina\/progetti-dellue\/progetti-chiusi\/\"},{\"@type\":\"ListItem\",\"position\":5,\"name\":\"iLOCATE\"}]},{\"@type\":\"WebSite\",\"@id\":\"https:\/\/www.rijeka.hr\/it\/#website\",\"url\":\"https:\/\/www.rijeka.hr\/it\/\",\"name\":\"Citt\u00e0 di Fiume\",\"description\":\"Portale web della Citta&#039; di Fiume\",\"potentialAction\":[{\"@type\":\"SearchAction\",\"target\":{\"@type\":\"EntryPoint\",\"urlTemplate\":\"https:\/\/www.rijeka.hr\/it\/?s={search_term_string}\"},\"query-input\":{\"@type\":\"PropertyValueSpecification\",\"valueRequired\":true,\"valueName\":\"search_term_string\"}}],\"inLanguage\":\"it-IT\"}]}<\/script>\n<!-- \/ Yoast SEO plugin. -->","yoast_head_json":{"title":"iLOCATE - Citt\u00e0 di Fiume","robots":{"index":"index","follow":"follow","max-snippet":"max-snippet:-1","max-image-preview":"max-image-preview:large","max-video-preview":"max-video-preview:-1"},"canonical":"https:\/\/www.rijeka.hr\/it\/amministrazione-cittadina\/progetti-dellue\/progetti-chiusi\/ilocate\/","og_locale":"it_IT","og_type":"article","og_title":"iLOCATE - Citt\u00e0 di Fiume","og_description":"Titolo del progetto: Indoor\/outdoor location and Asset Management Through Open Geodata (iLOCATE) Obiettivo del progetto: migliorare il sistema GIS attraverso lo sviluppo di applicazioni mobili che consentiranno la navigazione interna all&#8217;interno di cinque edifici amministrativi &nbsp; Durata: gennaio 2014 &#8211; durata 36 mesi Attivit\u00e0 chiave: Nella citt\u00e0 di Fiume il progetto pilota sar\u00e0 basato sullo...","og_url":"https:\/\/www.rijeka.hr\/it\/amministrazione-cittadina\/progetti-dellue\/progetti-chiusi\/ilocate\/","og_site_name":"Citt\u00e0 di Fiume","article_modified_time":"2020-08-21T08:23:38+00:00","og_image":[{"url":"https:\/\/www.rijeka.hr\/it\/wp-content\/uploads\/sites\/3\/2020\/08\/iLOCATE-250x250.jpg","type":"","width":"","height":""}],"twitter_card":"summary_large_image","twitter_misc":{"Est. reading time":"1 minute"},"schema":{"@context":"https:\/\/schema.org","@graph":[{"@type":"WebPage","@id":"https:\/\/www.rijeka.hr\/it\/amministrazione-cittadina\/progetti-dellue\/progetti-chiusi\/ilocate\/","url":"https:\/\/www.rijeka.hr\/it\/amministrazione-cittadina\/progetti-dellue\/progetti-chiusi\/ilocate\/","name":"iLOCATE - Citt\u00e0 di Fiume","isPartOf":{"@id":"https:\/\/www.rijeka.hr\/it\/#website"},"primaryImageOfPage":{"@id":"https:\/\/www.rijeka.hr\/it\/amministrazione-cittadina\/progetti-dellue\/progetti-chiusi\/ilocate\/#primaryimage"},"image":{"@id":"https:\/\/www.rijeka.hr\/it\/amministrazione-cittadina\/progetti-dellue\/progetti-chiusi\/ilocate\/#primaryimage"},"thumbnailUrl":"https:\/\/www.rijeka.hr\/it\/wp-content\/uploads\/sites\/3\/2020\/08\/iLOCATE-250x250.jpg","datePublished":"2016-11-14T08:55:18+00:00","dateModified":"2020-08-21T08:23:38+00:00","breadcrumb":{"@id":"https:\/\/www.rijeka.hr\/it\/amministrazione-cittadina\/progetti-dellue\/progetti-chiusi\/ilocate\/#breadcrumb"},"inLanguage":"it-IT","potentialAction":[{"@type":"ReadAction","target":["https:\/\/www.rijeka.hr\/it\/amministrazione-cittadina\/progetti-dellue\/progetti-chiusi\/ilocate\/"]}]},{"@type":"ImageObject","inLanguage":"it-IT","@id":"https:\/\/www.rijeka.hr\/it\/amministrazione-cittadina\/progetti-dellue\/progetti-chiusi\/ilocate\/#primaryimage","url":"https:\/\/www.rijeka.hr\/it\/wp-content\/uploads\/sites\/3\/2020\/08\/iLOCATE.jpg","contentUrl":"https:\/\/www.rijeka.hr\/it\/wp-content\/uploads\/sites\/3\/2020\/08\/iLOCATE.jpg","width":395,"height":282},{"@type":"BreadcrumbList","@id":"https:\/\/www.rijeka.hr\/it\/amministrazione-cittadina\/progetti-dellue\/progetti-chiusi\/ilocate\/#breadcrumb","itemListElement":[{"@type":"ListItem","position":1,"name":"Po\u010detna stranica","item":"https:\/\/www.rijeka.hr\/it\/"},{"@type":"ListItem","position":2,"name":"Amministrazione cittadina","item":"https:\/\/www.rijeka.hr\/it\/amministrazione-cittadina\/"},{"@type":"ListItem","position":3,"name":"Progetti dell&#8217;UE","item":"https:\/\/www.rijeka.hr\/it\/amministrazione-cittadina\/progetti-dellue\/"},{"@type":"ListItem","position":4,"name":"Progetti chiusi","item":"https:\/\/www.rijeka.hr\/it\/amministrazione-cittadina\/progetti-dellue\/progetti-chiusi\/"},{"@type":"ListItem","position":5,"name":"iLOCATE"}]},{"@type":"WebSite","@id":"https:\/\/www.rijeka.hr\/it\/#website","url":"https:\/\/www.rijeka.hr\/it\/","name":"Citt\u00e0 di Fiume","description":"Portale web della Citta&#039; di Fiume","potentialAction":[{"@type":"SearchAction","target":{"@type":"EntryPoint","urlTemplate":"https:\/\/www.rijeka.hr\/it\/?s={search_term_string}"},"query-input":{"@type":"PropertyValueSpecification","valueRequired":true,"valueName":"search_term_string"}}],"inLanguage":"it-IT"}]}},"_links":{"self":[{"href":"https:\/\/www.rijeka.hr\/it\/wp-json\/wp\/v2\/pages\/2154","targetHints":{"allow":["GET"]}}],"collection":[{"href":"https:\/\/www.rijeka.hr\/it\/wp-json\/wp\/v2\/pages"}],"about":[{"href":"https:\/\/www.rijeka.hr\/it\/wp-json\/wp\/v2\/types\/page"}],"author":[{"embeddable":true,"href":"https:\/\/www.rijeka.hr\/it\/wp-json\/wp\/v2\/users\/3"}],"replies":[{"embeddable":true,"href":"https:\/\/www.rijeka.hr\/it\/wp-json\/wp\/v2\/comments?post=2154"}],"version-history":[{"count":2,"href":"https:\/\/www.rijeka.hr\/it\/wp-json\/wp\/v2\/pages\/2154\/revisions"}],"predecessor-version":[{"id":10881,"href":"https:\/\/www.rijeka.hr\/it\/wp-json\/wp\/v2\/pages\/2154\/revisions\/10881"}],"up":[{"embeddable":true,"href":"https:\/\/www.rijeka.hr\/it\/wp-json\/wp\/v2\/pages\/2062"}],"wp:attachment":[{"href":"https:\/\/www.rijeka.hr\/it\/wp-json\/wp\/v2\/media?parent=2154"}],"wp:term":[{"taxonomy":"post_tag","embeddable":true,"href":"https:\/\/www.rijeka.hr\/it\/wp-json\/wp\/v2\/tags?post=2154"}],"curies":[{"name":"wp","href":"https:\/\/api.w.org\/{rel}","templated":true}]}}