{"id":2172,"date":"2016-11-14T10:39:06","date_gmt":"2016-11-14T09:39:06","guid":{"rendered":"https:\/\/www.rijeka.hr\/it\/?page_id=2172"},"modified":"2020-09-28T14:13:55","modified_gmt":"2020-09-28T12:13:55","slug":"progetto-forget-heritage","status":"publish","type":"page","link":"https:\/\/www.rijeka.hr\/it\/amministrazione-cittadina\/progetti-dellue\/progetti-chiusi\/progetto-forget-heritage\/","title":{"rendered":"Forget Heritage"},"content":{"rendered":"<p>La Citt\u00e0 di Fiume ha aderito al progetto intitolato Forget Heritage che mira a promuovere la cooperazione tra le citt\u00e0 dell&#8217;Europa centrale e fornire ad altre citt\u00e0, attraverso le loro associazioni, raccomandazioni su come migliorare i potenziali del patrimonio culturale nascosto e influenzare la qualit\u00e0 della vita dei cittadini e degli operatori delle imprese culturali e creative.<\/p>\n<p><img loading=\"lazy\" decoding=\"async\" width=\"600\" height=\"258\" class=\"aligncenter size-medium wp-image-11344\" src=\"https:\/\/www.rijeka.hr\/it\/wp-content\/uploads\/sites\/3\/2020\/09\/ForHeritage-1-600x258.jpg\" alt=\"\" srcset=\"https:\/\/www.rijeka.hr\/it\/wp-content\/uploads\/sites\/3\/2020\/09\/ForHeritage-1-600x258.jpg 600w, https:\/\/www.rijeka.hr\/it\/wp-content\/uploads\/sites\/3\/2020\/09\/ForHeritage-1-768x330.jpg 768w, https:\/\/www.rijeka.hr\/it\/wp-content\/uploads\/sites\/3\/2020\/09\/ForHeritage-1-1200x516.jpg 1200w, https:\/\/www.rijeka.hr\/it\/wp-content\/uploads\/sites\/3\/2020\/09\/ForHeritage-1-1000x430.jpg 1000w, https:\/\/www.rijeka.hr\/it\/wp-content\/uploads\/sites\/3\/2020\/09\/ForHeritage-1.jpg 1441w\" sizes=\"(max-width: 600px) 100vw, 600px\" \/><\/p>\n<p>Il progetto Forget Heritage fa parte del programma INTERREG Central Europe della durata di tre anni, avviato il 1 giugno 2016. L&#8217;obiettivo principale del progetto \u00e8 quello di promuovere la cooperazione tra le citt\u00e0 europee per l\u2019identificazione di modalit\u00e0 di management, in partenariato tra soggetti pubblici e privati, per la valorizzazione di siti storico-artistici attraverso l\u2019insediamento di attivit\u00e0 culturali o creative replicabili e sostenibili.<\/p>\n<p>\u201cDimentichiamo per ricordare, ricordiamo per dimenticare\u201d (Rodney Harrison): la maggior parte delle citt\u00e0 \u00e8 caratterizzata dalla presenza di edifici storici inutilizzati che hanno segnato la storia della comunit\u00e0 locale. Ora, in stato di abbandono, la loro memoria storica \u00e8 stata dimenticata e hanno un impatto negativo sul territorio circostante trasformandosi in \u201cvuoti urbani\u201d.<\/p>\n<p>\u201cNuove idee hanno bisogno di vecchi edifici\u201d (Jane Jacobs): la sfida affrontata congiuntamente dai partner progettuali \u00e8 quella di trovare una soluzione innovativa e sostenibile per la tutela e la valorizzazione del patrimonio culturale dell&#8217;Europa centrale, aumentandone il valore economico. Il cluster mira a fornire raccomandazioni ad altre citt\u00e0 su come migliorare il potenziale nascosto del patrimonio culturale per influenzare la qualit\u00e0 della vita dei cittadini e degli operatori delle imprese culturali e creative che avranno nuove opportunit\u00e0 di lavoro e aumenteranno le loro capacit\u00e0 manageriali.<\/p>\n<h3>I partner progettuali sono:<\/h3>\n<ul>\n<li>Comune di Genova (IT)<\/li>\n<li>Istituto di ricerca economica (SI)<\/li>\n<li>Agenzia di sviluppo regionale della regione urbana di Lubiana (SI)<\/li>\n<li>Citt\u00e0 di Norimberga (DE)<\/li>\n<li>Citt\u00e0 di Bydgoszcz (PL)<\/li>\n<li>Associazione dei Centri di competenza per l&#8217;innovazione culturale (HU)<\/li>\n<li>Citt\u00e0 di Fiume (HR)<\/li>\n<li>Citt\u00e0 statutaria di Usti Nad Labem (CZ)<\/li>\n<li>Regione Lombardia (IT)<\/li>\n<li>Citt\u00e0 di Varsavia (PL)<\/li>\n<\/ul>\n<p>Budget:<\/p>\n<ul>\n<li>Totale: 2.470.570,45<\/li>\n<li>FESR: 2.048.805,40<\/li>\n<li>Cofinanziamento nazionale: 421.765,05<\/li>\n<\/ul>\n","protected":false},"excerpt":{"rendered":"<p>La Citt\u00e0 di Fiume ha aderito al progetto intitolato Forget Heritage che mira a promuovere la cooperazione tra le citt\u00e0 dell&#8217;Europa centrale e fornire ad altre citt\u00e0, attraverso le loro associazioni, raccomandazioni su come migliorare i potenziali del patrimonio culturale nascosto e influenzare la qualit\u00e0 della vita dei cittadini e degli operatori delle imprese culturali&#8230;<\/p>\n","protected":false},"author":3,"featured_media":0,"parent":2062,"menu_order":0,"comment_status":"closed","ping_status":"closed","template":"","meta":{"_acf_changed":false,"_trash_the_other_posts":false,"footnotes":"","_links_to":"","_links_to_target":""},"tags":[],"class_list":["post-2172","page","type-page","status-publish","hentry"],"acf":[],"yoast_head":"<!-- This site is optimized with the Yoast SEO plugin v24.4 - https:\/\/yoast.com\/wordpress\/plugins\/seo\/ -->\n<title>Forget Heritage - Citt\u00e0 di Fiume<\/title>\n<meta name=\"robots\" content=\"index, follow, max-snippet:-1, max-image-preview:large, max-video-preview:-1\" \/>\n<link rel=\"canonical\" href=\"https:\/\/www.rijeka.hr\/it\/amministrazione-cittadina\/progetti-dellue\/progetti-chiusi\/progetto-forget-heritage\/\" \/>\n<meta property=\"og:locale\" content=\"it_IT\" \/>\n<meta property=\"og:type\" content=\"article\" \/>\n<meta property=\"og:title\" content=\"Forget Heritage - Citt\u00e0 di Fiume\" \/>\n<meta property=\"og:description\" content=\"La Citt\u00e0 di Fiume ha aderito al progetto intitolato Forget Heritage che mira a promuovere la cooperazione tra le citt\u00e0 dell&#8217;Europa centrale e fornire ad altre citt\u00e0, attraverso le loro associazioni, raccomandazioni su come migliorare i potenziali del patrimonio culturale nascosto e influenzare la qualit\u00e0 della vita dei cittadini e degli operatori delle imprese culturali...\" \/>\n<meta property=\"og:url\" content=\"https:\/\/www.rijeka.hr\/it\/amministrazione-cittadina\/progetti-dellue\/progetti-chiusi\/progetto-forget-heritage\/\" \/>\n<meta property=\"og:site_name\" content=\"Citt\u00e0 di Fiume\" \/>\n<meta property=\"article:modified_time\" content=\"2020-09-28T12:13:55+00:00\" \/>\n<meta property=\"og:image\" content=\"https:\/\/www.rijeka.hr\/it\/wp-content\/uploads\/sites\/3\/2020\/09\/ForHeritage-1-600x258.jpg\" \/>\n<meta name=\"twitter:card\" content=\"summary_large_image\" \/>\n<meta name=\"twitter:label1\" content=\"Est. reading time\" \/>\n\t<meta name=\"twitter:data1\" content=\"2 minutes\" \/>\n<script type=\"application\/ld+json\" class=\"yoast-schema-graph\">{\"@context\":\"https:\/\/schema.org\",\"@graph\":[{\"@type\":\"WebPage\",\"@id\":\"https:\/\/www.rijeka.hr\/it\/amministrazione-cittadina\/progetti-dellue\/progetti-chiusi\/progetto-forget-heritage\/\",\"url\":\"https:\/\/www.rijeka.hr\/it\/amministrazione-cittadina\/progetti-dellue\/progetti-chiusi\/progetto-forget-heritage\/\",\"name\":\"Forget Heritage - Citt\u00e0 di Fiume\",\"isPartOf\":{\"@id\":\"https:\/\/www.rijeka.hr\/it\/#website\"},\"primaryImageOfPage\":{\"@id\":\"https:\/\/www.rijeka.hr\/it\/amministrazione-cittadina\/progetti-dellue\/progetti-chiusi\/progetto-forget-heritage\/#primaryimage\"},\"image\":{\"@id\":\"https:\/\/www.rijeka.hr\/it\/amministrazione-cittadina\/progetti-dellue\/progetti-chiusi\/progetto-forget-heritage\/#primaryimage\"},\"thumbnailUrl\":\"https:\/\/www.rijeka.hr\/it\/wp-content\/uploads\/sites\/3\/2020\/09\/ForHeritage-1-600x258.jpg\",\"datePublished\":\"2016-11-14T09:39:06+00:00\",\"dateModified\":\"2020-09-28T12:13:55+00:00\",\"breadcrumb\":{\"@id\":\"https:\/\/www.rijeka.hr\/it\/amministrazione-cittadina\/progetti-dellue\/progetti-chiusi\/progetto-forget-heritage\/#breadcrumb\"},\"inLanguage\":\"it-IT\",\"potentialAction\":[{\"@type\":\"ReadAction\",\"target\":[\"https:\/\/www.rijeka.hr\/it\/amministrazione-cittadina\/progetti-dellue\/progetti-chiusi\/progetto-forget-heritage\/\"]}]},{\"@type\":\"ImageObject\",\"inLanguage\":\"it-IT\",\"@id\":\"https:\/\/www.rijeka.hr\/it\/amministrazione-cittadina\/progetti-dellue\/progetti-chiusi\/progetto-forget-heritage\/#primaryimage\",\"url\":\"https:\/\/www.rijeka.hr\/it\/wp-content\/uploads\/sites\/3\/2020\/09\/ForHeritage-1.jpg\",\"contentUrl\":\"https:\/\/www.rijeka.hr\/it\/wp-content\/uploads\/sites\/3\/2020\/09\/ForHeritage-1.jpg\",\"width\":1441,\"height\":620},{\"@type\":\"BreadcrumbList\",\"@id\":\"https:\/\/www.rijeka.hr\/it\/amministrazione-cittadina\/progetti-dellue\/progetti-chiusi\/progetto-forget-heritage\/#breadcrumb\",\"itemListElement\":[{\"@type\":\"ListItem\",\"position\":1,\"name\":\"Po\u010detna stranica\",\"item\":\"https:\/\/www.rijeka.hr\/it\/\"},{\"@type\":\"ListItem\",\"position\":2,\"name\":\"Amministrazione cittadina\",\"item\":\"https:\/\/www.rijeka.hr\/it\/amministrazione-cittadina\/\"},{\"@type\":\"ListItem\",\"position\":3,\"name\":\"Progetti dell&#8217;UE\",\"item\":\"https:\/\/www.rijeka.hr\/it\/amministrazione-cittadina\/progetti-dellue\/\"},{\"@type\":\"ListItem\",\"position\":4,\"name\":\"Progetti chiusi\",\"item\":\"https:\/\/www.rijeka.hr\/it\/amministrazione-cittadina\/progetti-dellue\/progetti-chiusi\/\"},{\"@type\":\"ListItem\",\"position\":5,\"name\":\"Forget Heritage\"}]},{\"@type\":\"WebSite\",\"@id\":\"https:\/\/www.rijeka.hr\/it\/#website\",\"url\":\"https:\/\/www.rijeka.hr\/it\/\",\"name\":\"Citt\u00e0 di Fiume\",\"description\":\"Portale web della Citta&#039; di Fiume\",\"potentialAction\":[{\"@type\":\"SearchAction\",\"target\":{\"@type\":\"EntryPoint\",\"urlTemplate\":\"https:\/\/www.rijeka.hr\/it\/?s={search_term_string}\"},\"query-input\":{\"@type\":\"PropertyValueSpecification\",\"valueRequired\":true,\"valueName\":\"search_term_string\"}}],\"inLanguage\":\"it-IT\"}]}<\/script>\n<!-- \/ Yoast SEO plugin. -->","yoast_head_json":{"title":"Forget Heritage - Citt\u00e0 di Fiume","robots":{"index":"index","follow":"follow","max-snippet":"max-snippet:-1","max-image-preview":"max-image-preview:large","max-video-preview":"max-video-preview:-1"},"canonical":"https:\/\/www.rijeka.hr\/it\/amministrazione-cittadina\/progetti-dellue\/progetti-chiusi\/progetto-forget-heritage\/","og_locale":"it_IT","og_type":"article","og_title":"Forget Heritage - Citt\u00e0 di Fiume","og_description":"La Citt\u00e0 di Fiume ha aderito al progetto intitolato Forget Heritage che mira a promuovere la cooperazione tra le citt\u00e0 dell&#8217;Europa centrale e fornire ad altre citt\u00e0, attraverso le loro associazioni, raccomandazioni su come migliorare i potenziali del patrimonio culturale nascosto e influenzare la qualit\u00e0 della vita dei cittadini e degli operatori delle imprese culturali...","og_url":"https:\/\/www.rijeka.hr\/it\/amministrazione-cittadina\/progetti-dellue\/progetti-chiusi\/progetto-forget-heritage\/","og_site_name":"Citt\u00e0 di Fiume","article_modified_time":"2020-09-28T12:13:55+00:00","og_image":[{"url":"https:\/\/www.rijeka.hr\/it\/wp-content\/uploads\/sites\/3\/2020\/09\/ForHeritage-1-600x258.jpg","type":"","width":"","height":""}],"twitter_card":"summary_large_image","twitter_misc":{"Est. reading time":"2 minutes"},"schema":{"@context":"https:\/\/schema.org","@graph":[{"@type":"WebPage","@id":"https:\/\/www.rijeka.hr\/it\/amministrazione-cittadina\/progetti-dellue\/progetti-chiusi\/progetto-forget-heritage\/","url":"https:\/\/www.rijeka.hr\/it\/amministrazione-cittadina\/progetti-dellue\/progetti-chiusi\/progetto-forget-heritage\/","name":"Forget Heritage - Citt\u00e0 di Fiume","isPartOf":{"@id":"https:\/\/www.rijeka.hr\/it\/#website"},"primaryImageOfPage":{"@id":"https:\/\/www.rijeka.hr\/it\/amministrazione-cittadina\/progetti-dellue\/progetti-chiusi\/progetto-forget-heritage\/#primaryimage"},"image":{"@id":"https:\/\/www.rijeka.hr\/it\/amministrazione-cittadina\/progetti-dellue\/progetti-chiusi\/progetto-forget-heritage\/#primaryimage"},"thumbnailUrl":"https:\/\/www.rijeka.hr\/it\/wp-content\/uploads\/sites\/3\/2020\/09\/ForHeritage-1-600x258.jpg","datePublished":"2016-11-14T09:39:06+00:00","dateModified":"2020-09-28T12:13:55+00:00","breadcrumb":{"@id":"https:\/\/www.rijeka.hr\/it\/amministrazione-cittadina\/progetti-dellue\/progetti-chiusi\/progetto-forget-heritage\/#breadcrumb"},"inLanguage":"it-IT","potentialAction":[{"@type":"ReadAction","target":["https:\/\/www.rijeka.hr\/it\/amministrazione-cittadina\/progetti-dellue\/progetti-chiusi\/progetto-forget-heritage\/"]}]},{"@type":"ImageObject","inLanguage":"it-IT","@id":"https:\/\/www.rijeka.hr\/it\/amministrazione-cittadina\/progetti-dellue\/progetti-chiusi\/progetto-forget-heritage\/#primaryimage","url":"https:\/\/www.rijeka.hr\/it\/wp-content\/uploads\/sites\/3\/2020\/09\/ForHeritage-1.jpg","contentUrl":"https:\/\/www.rijeka.hr\/it\/wp-content\/uploads\/sites\/3\/2020\/09\/ForHeritage-1.jpg","width":1441,"height":620},{"@type":"BreadcrumbList","@id":"https:\/\/www.rijeka.hr\/it\/amministrazione-cittadina\/progetti-dellue\/progetti-chiusi\/progetto-forget-heritage\/#breadcrumb","itemListElement":[{"@type":"ListItem","position":1,"name":"Po\u010detna stranica","item":"https:\/\/www.rijeka.hr\/it\/"},{"@type":"ListItem","position":2,"name":"Amministrazione cittadina","item":"https:\/\/www.rijeka.hr\/it\/amministrazione-cittadina\/"},{"@type":"ListItem","position":3,"name":"Progetti dell&#8217;UE","item":"https:\/\/www.rijeka.hr\/it\/amministrazione-cittadina\/progetti-dellue\/"},{"@type":"ListItem","position":4,"name":"Progetti chiusi","item":"https:\/\/www.rijeka.hr\/it\/amministrazione-cittadina\/progetti-dellue\/progetti-chiusi\/"},{"@type":"ListItem","position":5,"name":"Forget Heritage"}]},{"@type":"WebSite","@id":"https:\/\/www.rijeka.hr\/it\/#website","url":"https:\/\/www.rijeka.hr\/it\/","name":"Citt\u00e0 di Fiume","description":"Portale web della Citta&#039; di Fiume","potentialAction":[{"@type":"SearchAction","target":{"@type":"EntryPoint","urlTemplate":"https:\/\/www.rijeka.hr\/it\/?s={search_term_string}"},"query-input":{"@type":"PropertyValueSpecification","valueRequired":true,"valueName":"search_term_string"}}],"inLanguage":"it-IT"}]}},"_links":{"self":[{"href":"https:\/\/www.rijeka.hr\/it\/wp-json\/wp\/v2\/pages\/2172","targetHints":{"allow":["GET"]}}],"collection":[{"href":"https:\/\/www.rijeka.hr\/it\/wp-json\/wp\/v2\/pages"}],"about":[{"href":"https:\/\/www.rijeka.hr\/it\/wp-json\/wp\/v2\/types\/page"}],"author":[{"embeddable":true,"href":"https:\/\/www.rijeka.hr\/it\/wp-json\/wp\/v2\/users\/3"}],"replies":[{"embeddable":true,"href":"https:\/\/www.rijeka.hr\/it\/wp-json\/wp\/v2\/comments?post=2172"}],"version-history":[{"count":3,"href":"https:\/\/www.rijeka.hr\/it\/wp-json\/wp\/v2\/pages\/2172\/revisions"}],"predecessor-version":[{"id":11348,"href":"https:\/\/www.rijeka.hr\/it\/wp-json\/wp\/v2\/pages\/2172\/revisions\/11348"}],"up":[{"embeddable":true,"href":"https:\/\/www.rijeka.hr\/it\/wp-json\/wp\/v2\/pages\/2062"}],"wp:attachment":[{"href":"https:\/\/www.rijeka.hr\/it\/wp-json\/wp\/v2\/media?parent=2172"}],"wp:term":[{"taxonomy":"post_tag","embeddable":true,"href":"https:\/\/www.rijeka.hr\/it\/wp-json\/wp\/v2\/tags?post=2172"}],"curies":[{"name":"wp","href":"https:\/\/api.w.org\/{rel}","templated":true}]}}