{"id":2178,"date":"2016-11-14T10:53:25","date_gmt":"2016-11-14T09:53:25","guid":{"rendered":"https:\/\/www.rijeka.hr\/it\/?page_id=2178"},"modified":"2020-08-20T12:50:19","modified_gmt":"2020-08-20T10:50:19","slug":"easy-towns","status":"publish","type":"page","link":"https:\/\/www.rijeka.hr\/it\/amministrazione-cittadina\/progetti-dellue\/progetti-chiusi\/easy-towns\/","title":{"rendered":"Easy Towns"},"content":{"rendered":"<h3>Titolo del progetto:<br \/>\nEasy Towns<br \/>\nEuropean Accesible Sustainable Young Towns<\/h3>\n<h3>Obiettivo del progetto:<\/h3>\n<p><img loading=\"lazy\" decoding=\"async\" width=\"250\" height=\"250\" class=\"alignleft wp-image-10859 size-thumbnail\" src=\"https:\/\/www.rijeka.hr\/it\/wp-content\/uploads\/sites\/3\/2020\/08\/Europa-600x396-250x250.jpg\" alt=\"\" srcset=\"https:\/\/www.rijeka.hr\/it\/wp-content\/uploads\/sites\/3\/2020\/08\/Europa-600x396-250x250.jpg 250w, https:\/\/www.rijeka.hr\/it\/wp-content\/uploads\/sites\/3\/2020\/08\/Europa-600x396-200x200.jpg 200w\" sizes=\"(max-width: 250px) 100vw, 250px\" \/>sensibilizzare e includere i cittadini nella discussione sul multiculturalismo, l&#8217;interculturalit\u00e0 e l&#8217;integrazione nelle citt\u00e0 europee.<\/p>\n<h3>Durata del progetto: ottobre 2015 &#8211; novembre 2017<\/h3>\n<h3>Attivit\u00e0 chiave:<\/h3>\n<p>I partner del progetto avranno l&#8217;opportunit\u00e0 di condividere esempi di buone pratiche, nonch\u00e9 trasferire conoscenze ed esperienze relative ai temi menzionati. Tutti i partner del progetto, realizzeranno azioni, il cui obiettivo \u00e8 parlare delle sfide dell&#8217;integrazione, in modo creativo, in particolare in collaborazione con la popolazione giovanile.<\/p>\n<h3>Partner:<\/h3>\n<p>Vicenza (Italia)<br \/>\nHeist-op-den-Berg (Belgio)<br \/>\nL\u2019Alfas del Pi (Spagna)<br \/>\nPforzheim (Germania)<br \/>\nFiume<br \/>\nPola<br \/>\n\u0160entjur (Slovenia)<br \/>\nGozo (Malta)<br \/>\nNiepolomice (Polonia)<br \/>\nCraigavon (Regno Unito &#8211; Irlanda del Nord)<\/p>\n<h3>Budget:<\/h3>\n<p>Valore totale del progetto: 145.000 euro<\/p>\n<p>Finanziamento UE: 8.850 EUR<\/p>\n<h3>Finanziato nell&#8217;ambito del programma &#8220;Europa per i cittadini&#8221;<\/h3>\n<h3 style=\"background: white\"><span style=\"font-family: 'Helvetica',sans-serif;color: #333333;font-weight: normal\">Sito web del progetto:\u00a0easytowns.eu<\/span><\/h3>\n","protected":false},"excerpt":{"rendered":"<p>Titolo del progetto: Easy Towns European Accesible Sustainable Young Towns Obiettivo del progetto: sensibilizzare e includere i cittadini nella discussione sul multiculturalismo, l&#8217;interculturalit\u00e0 e l&#8217;integrazione nelle citt\u00e0 europee. Durata del progetto: ottobre 2015 &#8211; novembre 2017 Attivit\u00e0 chiave: I partner del progetto avranno l&#8217;opportunit\u00e0 di condividere esempi di buone pratiche, nonch\u00e9 trasferire conoscenze ed esperienze&#8230;<\/p>\n","protected":false},"author":3,"featured_media":0,"parent":2062,"menu_order":0,"comment_status":"closed","ping_status":"closed","template":"","meta":{"_acf_changed":false,"_trash_the_other_posts":false,"footnotes":"","_links_to":"","_links_to_target":""},"tags":[],"class_list":["post-2178","page","type-page","status-publish","hentry"],"acf":[],"yoast_head":"<!-- This site is optimized with the Yoast SEO plugin v24.4 - https:\/\/yoast.com\/wordpress\/plugins\/seo\/ -->\n<title>Easy Towns - Citt\u00e0 di Fiume<\/title>\n<meta name=\"robots\" content=\"index, follow, max-snippet:-1, max-image-preview:large, max-video-preview:-1\" \/>\n<link rel=\"canonical\" href=\"https:\/\/www.rijeka.hr\/it\/amministrazione-cittadina\/progetti-dellue\/progetti-chiusi\/easy-towns\/\" \/>\n<meta property=\"og:locale\" content=\"it_IT\" \/>\n<meta property=\"og:type\" content=\"article\" \/>\n<meta property=\"og:title\" content=\"Easy Towns - Citt\u00e0 di Fiume\" \/>\n<meta property=\"og:description\" content=\"Titolo del progetto: Easy Towns European Accesible Sustainable Young Towns Obiettivo del progetto: sensibilizzare e includere i cittadini nella discussione sul multiculturalismo, l&#8217;interculturalit\u00e0 e l&#8217;integrazione nelle citt\u00e0 europee. Durata del progetto: ottobre 2015 &#8211; novembre 2017 Attivit\u00e0 chiave: I partner del progetto avranno l&#8217;opportunit\u00e0 di condividere esempi di buone pratiche, nonch\u00e9 trasferire conoscenze ed esperienze...\" \/>\n<meta property=\"og:url\" content=\"https:\/\/www.rijeka.hr\/it\/amministrazione-cittadina\/progetti-dellue\/progetti-chiusi\/easy-towns\/\" \/>\n<meta property=\"og:site_name\" content=\"Citt\u00e0 di Fiume\" \/>\n<meta property=\"article:modified_time\" content=\"2020-08-20T10:50:19+00:00\" \/>\n<meta property=\"og:image\" content=\"https:\/\/www.rijeka.hr\/it\/wp-content\/uploads\/sites\/3\/2020\/08\/Europa-600x396-250x250.jpg\" \/>\n<meta name=\"twitter:card\" content=\"summary_large_image\" \/>\n<meta name=\"twitter:label1\" content=\"Est. reading time\" \/>\n\t<meta name=\"twitter:data1\" content=\"1 minute\" \/>\n<script type=\"application\/ld+json\" class=\"yoast-schema-graph\">{\"@context\":\"https:\/\/schema.org\",\"@graph\":[{\"@type\":\"WebPage\",\"@id\":\"https:\/\/www.rijeka.hr\/it\/amministrazione-cittadina\/progetti-dellue\/progetti-chiusi\/easy-towns\/\",\"url\":\"https:\/\/www.rijeka.hr\/it\/amministrazione-cittadina\/progetti-dellue\/progetti-chiusi\/easy-towns\/\",\"name\":\"Easy Towns - Citt\u00e0 di Fiume\",\"isPartOf\":{\"@id\":\"https:\/\/www.rijeka.hr\/it\/#website\"},\"primaryImageOfPage\":{\"@id\":\"https:\/\/www.rijeka.hr\/it\/amministrazione-cittadina\/progetti-dellue\/progetti-chiusi\/easy-towns\/#primaryimage\"},\"image\":{\"@id\":\"https:\/\/www.rijeka.hr\/it\/amministrazione-cittadina\/progetti-dellue\/progetti-chiusi\/easy-towns\/#primaryimage\"},\"thumbnailUrl\":\"https:\/\/www.rijeka.hr\/it\/wp-content\/uploads\/sites\/3\/2020\/08\/Europa-600x396-250x250.jpg\",\"datePublished\":\"2016-11-14T09:53:25+00:00\",\"dateModified\":\"2020-08-20T10:50:19+00:00\",\"breadcrumb\":{\"@id\":\"https:\/\/www.rijeka.hr\/it\/amministrazione-cittadina\/progetti-dellue\/progetti-chiusi\/easy-towns\/#breadcrumb\"},\"inLanguage\":\"it-IT\",\"potentialAction\":[{\"@type\":\"ReadAction\",\"target\":[\"https:\/\/www.rijeka.hr\/it\/amministrazione-cittadina\/progetti-dellue\/progetti-chiusi\/easy-towns\/\"]}]},{\"@type\":\"ImageObject\",\"inLanguage\":\"it-IT\",\"@id\":\"https:\/\/www.rijeka.hr\/it\/amministrazione-cittadina\/progetti-dellue\/progetti-chiusi\/easy-towns\/#primaryimage\",\"url\":\"https:\/\/www.rijeka.hr\/it\/wp-content\/uploads\/sites\/3\/2020\/08\/Europa-600x396.jpg\",\"contentUrl\":\"https:\/\/www.rijeka.hr\/it\/wp-content\/uploads\/sites\/3\/2020\/08\/Europa-600x396.jpg\",\"width\":600,\"height\":396},{\"@type\":\"BreadcrumbList\",\"@id\":\"https:\/\/www.rijeka.hr\/it\/amministrazione-cittadina\/progetti-dellue\/progetti-chiusi\/easy-towns\/#breadcrumb\",\"itemListElement\":[{\"@type\":\"ListItem\",\"position\":1,\"name\":\"Po\u010detna stranica\",\"item\":\"https:\/\/www.rijeka.hr\/it\/\"},{\"@type\":\"ListItem\",\"position\":2,\"name\":\"Amministrazione cittadina\",\"item\":\"https:\/\/www.rijeka.hr\/it\/amministrazione-cittadina\/\"},{\"@type\":\"ListItem\",\"position\":3,\"name\":\"Progetti dell&#8217;UE\",\"item\":\"https:\/\/www.rijeka.hr\/it\/amministrazione-cittadina\/progetti-dellue\/\"},{\"@type\":\"ListItem\",\"position\":4,\"name\":\"Progetti chiusi\",\"item\":\"https:\/\/www.rijeka.hr\/it\/amministrazione-cittadina\/progetti-dellue\/progetti-chiusi\/\"},{\"@type\":\"ListItem\",\"position\":5,\"name\":\"Easy Towns\"}]},{\"@type\":\"WebSite\",\"@id\":\"https:\/\/www.rijeka.hr\/it\/#website\",\"url\":\"https:\/\/www.rijeka.hr\/it\/\",\"name\":\"Citt\u00e0 di Fiume\",\"description\":\"Portale web della Citta&#039; di Fiume\",\"potentialAction\":[{\"@type\":\"SearchAction\",\"target\":{\"@type\":\"EntryPoint\",\"urlTemplate\":\"https:\/\/www.rijeka.hr\/it\/?s={search_term_string}\"},\"query-input\":{\"@type\":\"PropertyValueSpecification\",\"valueRequired\":true,\"valueName\":\"search_term_string\"}}],\"inLanguage\":\"it-IT\"}]}<\/script>\n<!-- \/ Yoast SEO plugin. -->","yoast_head_json":{"title":"Easy Towns - Citt\u00e0 di Fiume","robots":{"index":"index","follow":"follow","max-snippet":"max-snippet:-1","max-image-preview":"max-image-preview:large","max-video-preview":"max-video-preview:-1"},"canonical":"https:\/\/www.rijeka.hr\/it\/amministrazione-cittadina\/progetti-dellue\/progetti-chiusi\/easy-towns\/","og_locale":"it_IT","og_type":"article","og_title":"Easy Towns - Citt\u00e0 di Fiume","og_description":"Titolo del progetto: Easy Towns European Accesible Sustainable Young Towns Obiettivo del progetto: sensibilizzare e includere i cittadini nella discussione sul multiculturalismo, l&#8217;interculturalit\u00e0 e l&#8217;integrazione nelle citt\u00e0 europee. Durata del progetto: ottobre 2015 &#8211; novembre 2017 Attivit\u00e0 chiave: I partner del progetto avranno l&#8217;opportunit\u00e0 di condividere esempi di buone pratiche, nonch\u00e9 trasferire conoscenze ed esperienze...","og_url":"https:\/\/www.rijeka.hr\/it\/amministrazione-cittadina\/progetti-dellue\/progetti-chiusi\/easy-towns\/","og_site_name":"Citt\u00e0 di Fiume","article_modified_time":"2020-08-20T10:50:19+00:00","og_image":[{"url":"https:\/\/www.rijeka.hr\/it\/wp-content\/uploads\/sites\/3\/2020\/08\/Europa-600x396-250x250.jpg","type":"","width":"","height":""}],"twitter_card":"summary_large_image","twitter_misc":{"Est. reading time":"1 minute"},"schema":{"@context":"https:\/\/schema.org","@graph":[{"@type":"WebPage","@id":"https:\/\/www.rijeka.hr\/it\/amministrazione-cittadina\/progetti-dellue\/progetti-chiusi\/easy-towns\/","url":"https:\/\/www.rijeka.hr\/it\/amministrazione-cittadina\/progetti-dellue\/progetti-chiusi\/easy-towns\/","name":"Easy Towns - Citt\u00e0 di Fiume","isPartOf":{"@id":"https:\/\/www.rijeka.hr\/it\/#website"},"primaryImageOfPage":{"@id":"https:\/\/www.rijeka.hr\/it\/amministrazione-cittadina\/progetti-dellue\/progetti-chiusi\/easy-towns\/#primaryimage"},"image":{"@id":"https:\/\/www.rijeka.hr\/it\/amministrazione-cittadina\/progetti-dellue\/progetti-chiusi\/easy-towns\/#primaryimage"},"thumbnailUrl":"https:\/\/www.rijeka.hr\/it\/wp-content\/uploads\/sites\/3\/2020\/08\/Europa-600x396-250x250.jpg","datePublished":"2016-11-14T09:53:25+00:00","dateModified":"2020-08-20T10:50:19+00:00","breadcrumb":{"@id":"https:\/\/www.rijeka.hr\/it\/amministrazione-cittadina\/progetti-dellue\/progetti-chiusi\/easy-towns\/#breadcrumb"},"inLanguage":"it-IT","potentialAction":[{"@type":"ReadAction","target":["https:\/\/www.rijeka.hr\/it\/amministrazione-cittadina\/progetti-dellue\/progetti-chiusi\/easy-towns\/"]}]},{"@type":"ImageObject","inLanguage":"it-IT","@id":"https:\/\/www.rijeka.hr\/it\/amministrazione-cittadina\/progetti-dellue\/progetti-chiusi\/easy-towns\/#primaryimage","url":"https:\/\/www.rijeka.hr\/it\/wp-content\/uploads\/sites\/3\/2020\/08\/Europa-600x396.jpg","contentUrl":"https:\/\/www.rijeka.hr\/it\/wp-content\/uploads\/sites\/3\/2020\/08\/Europa-600x396.jpg","width":600,"height":396},{"@type":"BreadcrumbList","@id":"https:\/\/www.rijeka.hr\/it\/amministrazione-cittadina\/progetti-dellue\/progetti-chiusi\/easy-towns\/#breadcrumb","itemListElement":[{"@type":"ListItem","position":1,"name":"Po\u010detna stranica","item":"https:\/\/www.rijeka.hr\/it\/"},{"@type":"ListItem","position":2,"name":"Amministrazione cittadina","item":"https:\/\/www.rijeka.hr\/it\/amministrazione-cittadina\/"},{"@type":"ListItem","position":3,"name":"Progetti dell&#8217;UE","item":"https:\/\/www.rijeka.hr\/it\/amministrazione-cittadina\/progetti-dellue\/"},{"@type":"ListItem","position":4,"name":"Progetti chiusi","item":"https:\/\/www.rijeka.hr\/it\/amministrazione-cittadina\/progetti-dellue\/progetti-chiusi\/"},{"@type":"ListItem","position":5,"name":"Easy Towns"}]},{"@type":"WebSite","@id":"https:\/\/www.rijeka.hr\/it\/#website","url":"https:\/\/www.rijeka.hr\/it\/","name":"Citt\u00e0 di Fiume","description":"Portale web della Citta&#039; di Fiume","potentialAction":[{"@type":"SearchAction","target":{"@type":"EntryPoint","urlTemplate":"https:\/\/www.rijeka.hr\/it\/?s={search_term_string}"},"query-input":{"@type":"PropertyValueSpecification","valueRequired":true,"valueName":"search_term_string"}}],"inLanguage":"it-IT"}]}},"_links":{"self":[{"href":"https:\/\/www.rijeka.hr\/it\/wp-json\/wp\/v2\/pages\/2178","targetHints":{"allow":["GET"]}}],"collection":[{"href":"https:\/\/www.rijeka.hr\/it\/wp-json\/wp\/v2\/pages"}],"about":[{"href":"https:\/\/www.rijeka.hr\/it\/wp-json\/wp\/v2\/types\/page"}],"author":[{"embeddable":true,"href":"https:\/\/www.rijeka.hr\/it\/wp-json\/wp\/v2\/users\/3"}],"replies":[{"embeddable":true,"href":"https:\/\/www.rijeka.hr\/it\/wp-json\/wp\/v2\/comments?post=2178"}],"version-history":[{"count":3,"href":"https:\/\/www.rijeka.hr\/it\/wp-json\/wp\/v2\/pages\/2178\/revisions"}],"predecessor-version":[{"id":10861,"href":"https:\/\/www.rijeka.hr\/it\/wp-json\/wp\/v2\/pages\/2178\/revisions\/10861"}],"up":[{"embeddable":true,"href":"https:\/\/www.rijeka.hr\/it\/wp-json\/wp\/v2\/pages\/2062"}],"wp:attachment":[{"href":"https:\/\/www.rijeka.hr\/it\/wp-json\/wp\/v2\/media?parent=2178"}],"wp:term":[{"taxonomy":"post_tag","embeddable":true,"href":"https:\/\/www.rijeka.hr\/it\/wp-json\/wp\/v2\/tags?post=2178"}],"curies":[{"name":"wp","href":"https:\/\/api.w.org\/{rel}","templated":true}]}}