{"id":2201,"date":"2016-11-14T14:20:13","date_gmt":"2016-11-14T13:20:13","guid":{"rendered":"https:\/\/www.rijeka.hr\/it\/?page_id=2201"},"modified":"2021-01-19T14:12:41","modified_gmt":"2021-01-19T13:12:41","slug":"permettere-tutti-cittadini-le-facilitazioni-delle-nuove-tecnologie","status":"publish","type":"page","link":"https:\/\/www.rijeka.hr\/it\/amministrazione-cittadina\/progetti-dellue\/progetti-chiusi\/permettere-tutti-cittadini-le-facilitazioni-delle-nuove-tecnologie\/","title":{"rendered":"Permettere a tutti i cittadini facilitazioni delle nuove tecnologie"},"content":{"rendered":"<p>I rappresentanti della Citt\u00e0 di Fiume hanno preso parte all&#8217;attivit\u00e0 della task force per l&#8217;Inclusione digitale presso il Forum della societ\u00e0 della conoscenza organizzato all&#8217;interno di Eurocities, una rete di citt\u00e0 europee. Gli obiettivi promossi dal Forum e dalla task force per l&#8217;Inclusione digitale mirano a consentire a ogni cittadino i vantaggi dell\u2019utilizzo delle nuove tecnologiche.<\/p>\n<p><img loading=\"lazy\" decoding=\"async\" width=\"600\" height=\"334\" class=\"alignleft wp-image-11269 size-medium\" src=\"https:\/\/www.rijeka.hr\/it\/wp-content\/uploads\/sites\/3\/2020\/09\/e-Uklju\u010denost-projekt-600x334-600x334.jpg\" alt=\"\" \/>Il progetto l\u2019Inclusione digitale \u00e8 stato attuato nel 2007 e 2008. La Task Force per l&#8217;Inclusione digitale \u00e8 stata presieduta dalla citt\u00e0 dell&#8217;Aia e vicepresieduta dalla citt\u00e0 di Birmingham.<\/p>\n<p>Gli obiettivi della Task Force:<\/p>\n<p>La realizzazione della &#8220;societ\u00e0 dell&#8217;informazione per tutti&#8221; e la promozione dell&#8217;e-inclusione al fine di:<\/p>\n<ul>\n<li>consentire a ogni persona che lo desidera di essere totalmente inclusa nella societ\u00e0 dell&#8217;informazione, nonostante le difficolt\u00e0 individuali o sociali<\/li>\n<li>utilizzare le nuove tecnologie con l&#8217;obiettivo di promuovere l&#8217;inclusione e la coesione sociale<\/li>\n<li>offrire un approccio personalizzato verso le nuove tecnologie e superare limiti o divisioni, tenendo conto delle differenze, propensioni e richieste di un individuo<\/li>\n<li>offrire supporto alle citt\u00e0, nella realizzazione dell&#8217;Inclusione digitale attraverso le attivit\u00e0 in cui sono impegnate<\/li>\n<\/ul>\n<p>&#8211; Competenze digitali<br \/>\n&#8211; Inclusione sociale e culturale<br \/>\n&#8211; e-Government inclusivo<\/p>\n<ul>\n<li>elaborare raccomandazioni per le politiche che consentono lo sviluppo di una societ\u00e0 della conoscenza inclusiva.<\/li>\n<\/ul>\n<p>Membri della task force:<\/p>\n<p>All&#8217;attivit\u00e0 della task force hanno partecipato, oltre a Fiume, L&#8217;Aia e Birmingham, anche le seguenti citt\u00e0: Anversa, Bologna, Gand, Kingston-upon-Hull, Rotterdam, Sunderland, Tallinn, Torino e Vienna.<\/p>\n<p>Ulteriori informazioni sul progetto:<\/p>\n<p><a href=\"https:\/\/ec.europa.eu\/digital-single-market\/en\/policies\/creating-digital-society\">Europe\u2019s Information Society \u2013 e-Inclusion: Be part of It!<\/a><\/p>\n","protected":false},"excerpt":{"rendered":"<p>I rappresentanti della Citt\u00e0 di Fiume hanno preso parte all&#8217;attivit\u00e0 della task force per l&#8217;Inclusione digitale presso il Forum della societ\u00e0 della conoscenza organizzato all&#8217;interno di Eurocities, una rete di citt\u00e0 europee. Gli obiettivi promossi dal Forum e dalla task force per l&#8217;Inclusione digitale mirano a consentire a ogni cittadino i vantaggi dell\u2019utilizzo delle nuove&#8230;<\/p>\n","protected":false},"author":3,"featured_media":12224,"parent":2062,"menu_order":0,"comment_status":"closed","ping_status":"closed","template":"","meta":{"_acf_changed":false,"_trash_the_other_posts":false,"footnotes":"","_links_to":"","_links_to_target":""},"tags":[],"class_list":["post-2201","page","type-page","status-publish","has-post-thumbnail","hentry"],"acf":[],"yoast_head":"<!-- This site is optimized with the Yoast SEO plugin v24.4 - https:\/\/yoast.com\/wordpress\/plugins\/seo\/ -->\n<title>Permettere a tutti i cittadini facilitazioni delle nuove tecnologie - Citt\u00e0 di Fiume<\/title>\n<meta name=\"robots\" content=\"index, follow, max-snippet:-1, max-image-preview:large, max-video-preview:-1\" \/>\n<link rel=\"canonical\" href=\"https:\/\/www.rijeka.hr\/it\/amministrazione-cittadina\/progetti-dellue\/progetti-chiusi\/permettere-tutti-cittadini-le-facilitazioni-delle-nuove-tecnologie\/\" \/>\n<meta property=\"og:locale\" content=\"it_IT\" \/>\n<meta property=\"og:type\" content=\"article\" \/>\n<meta property=\"og:title\" content=\"Permettere a tutti i cittadini facilitazioni delle nuove tecnologie - Citt\u00e0 di Fiume\" \/>\n<meta property=\"og:description\" content=\"I rappresentanti della Citt\u00e0 di Fiume hanno preso parte all&#8217;attivit\u00e0 della task force per l&#8217;Inclusione digitale presso il Forum della societ\u00e0 della conoscenza organizzato all&#8217;interno di Eurocities, una rete di citt\u00e0 europee. Gli obiettivi promossi dal Forum e dalla task force per l&#8217;Inclusione digitale mirano a consentire a ogni cittadino i vantaggi dell\u2019utilizzo delle nuove...\" \/>\n<meta property=\"og:url\" content=\"https:\/\/www.rijeka.hr\/it\/amministrazione-cittadina\/progetti-dellue\/progetti-chiusi\/permettere-tutti-cittadini-le-facilitazioni-delle-nuove-tecnologie\/\" \/>\n<meta property=\"og:site_name\" content=\"Citt\u00e0 di Fiume\" \/>\n<meta property=\"article:modified_time\" content=\"2021-01-19T13:12:41+00:00\" \/>\n<meta property=\"og:image\" content=\"https:\/\/www.rijeka.hr\/it\/wp-content\/uploads\/sites\/3\/2021\/01\/e-Uklju\u010denost-projekt-600x334-600x334.jpg\" \/>\n\t<meta property=\"og:image:width\" content=\"600\" \/>\n\t<meta property=\"og:image:height\" content=\"334\" \/>\n\t<meta property=\"og:image:type\" content=\"image\/jpeg\" \/>\n<meta name=\"twitter:card\" content=\"summary_large_image\" \/>\n<meta name=\"twitter:label1\" content=\"Est. reading time\" \/>\n\t<meta name=\"twitter:data1\" content=\"1 minute\" \/>\n<script type=\"application\/ld+json\" class=\"yoast-schema-graph\">{\"@context\":\"https:\/\/schema.org\",\"@graph\":[{\"@type\":\"WebPage\",\"@id\":\"https:\/\/www.rijeka.hr\/it\/amministrazione-cittadina\/progetti-dellue\/progetti-chiusi\/permettere-tutti-cittadini-le-facilitazioni-delle-nuove-tecnologie\/\",\"url\":\"https:\/\/www.rijeka.hr\/it\/amministrazione-cittadina\/progetti-dellue\/progetti-chiusi\/permettere-tutti-cittadini-le-facilitazioni-delle-nuove-tecnologie\/\",\"name\":\"Permettere a tutti i cittadini facilitazioni delle nuove tecnologie - Citt\u00e0 di Fiume\",\"isPartOf\":{\"@id\":\"https:\/\/www.rijeka.hr\/it\/#website\"},\"primaryImageOfPage\":{\"@id\":\"https:\/\/www.rijeka.hr\/it\/amministrazione-cittadina\/progetti-dellue\/progetti-chiusi\/permettere-tutti-cittadini-le-facilitazioni-delle-nuove-tecnologie\/#primaryimage\"},\"image\":{\"@id\":\"https:\/\/www.rijeka.hr\/it\/amministrazione-cittadina\/progetti-dellue\/progetti-chiusi\/permettere-tutti-cittadini-le-facilitazioni-delle-nuove-tecnologie\/#primaryimage\"},\"thumbnailUrl\":\"https:\/\/www.rijeka.hr\/it\/wp-content\/uploads\/sites\/3\/2021\/01\/e-Uklju\u010denost-projekt-600x334-600x334.jpg\",\"datePublished\":\"2016-11-14T13:20:13+00:00\",\"dateModified\":\"2021-01-19T13:12:41+00:00\",\"breadcrumb\":{\"@id\":\"https:\/\/www.rijeka.hr\/it\/amministrazione-cittadina\/progetti-dellue\/progetti-chiusi\/permettere-tutti-cittadini-le-facilitazioni-delle-nuove-tecnologie\/#breadcrumb\"},\"inLanguage\":\"it-IT\",\"potentialAction\":[{\"@type\":\"ReadAction\",\"target\":[\"https:\/\/www.rijeka.hr\/it\/amministrazione-cittadina\/progetti-dellue\/progetti-chiusi\/permettere-tutti-cittadini-le-facilitazioni-delle-nuove-tecnologie\/\"]}]},{\"@type\":\"ImageObject\",\"inLanguage\":\"it-IT\",\"@id\":\"https:\/\/www.rijeka.hr\/it\/amministrazione-cittadina\/progetti-dellue\/progetti-chiusi\/permettere-tutti-cittadini-le-facilitazioni-delle-nuove-tecnologie\/#primaryimage\",\"url\":\"https:\/\/www.rijeka.hr\/it\/wp-content\/uploads\/sites\/3\/2021\/01\/e-Uklju\u010denost-projekt-600x334-600x334.jpg\",\"contentUrl\":\"https:\/\/www.rijeka.hr\/it\/wp-content\/uploads\/sites\/3\/2021\/01\/e-Uklju\u010denost-projekt-600x334-600x334.jpg\",\"width\":600,\"height\":334,\"caption\":\"e-Uklju\u010denost-projekt-600x334-600x334\"},{\"@type\":\"BreadcrumbList\",\"@id\":\"https:\/\/www.rijeka.hr\/it\/amministrazione-cittadina\/progetti-dellue\/progetti-chiusi\/permettere-tutti-cittadini-le-facilitazioni-delle-nuove-tecnologie\/#breadcrumb\",\"itemListElement\":[{\"@type\":\"ListItem\",\"position\":1,\"name\":\"Po\u010detna stranica\",\"item\":\"https:\/\/www.rijeka.hr\/it\/\"},{\"@type\":\"ListItem\",\"position\":2,\"name\":\"Amministrazione cittadina\",\"item\":\"https:\/\/www.rijeka.hr\/it\/amministrazione-cittadina\/\"},{\"@type\":\"ListItem\",\"position\":3,\"name\":\"Progetti dell&#8217;UE\",\"item\":\"https:\/\/www.rijeka.hr\/it\/amministrazione-cittadina\/progetti-dellue\/\"},{\"@type\":\"ListItem\",\"position\":4,\"name\":\"Progetti chiusi\",\"item\":\"https:\/\/www.rijeka.hr\/it\/amministrazione-cittadina\/progetti-dellue\/progetti-chiusi\/\"},{\"@type\":\"ListItem\",\"position\":5,\"name\":\"Permettere a tutti i cittadini facilitazioni delle nuove tecnologie\"}]},{\"@type\":\"WebSite\",\"@id\":\"https:\/\/www.rijeka.hr\/it\/#website\",\"url\":\"https:\/\/www.rijeka.hr\/it\/\",\"name\":\"Citt\u00e0 di Fiume\",\"description\":\"Portale web della Citta&#039; di Fiume\",\"potentialAction\":[{\"@type\":\"SearchAction\",\"target\":{\"@type\":\"EntryPoint\",\"urlTemplate\":\"https:\/\/www.rijeka.hr\/it\/?s={search_term_string}\"},\"query-input\":{\"@type\":\"PropertyValueSpecification\",\"valueRequired\":true,\"valueName\":\"search_term_string\"}}],\"inLanguage\":\"it-IT\"}]}<\/script>\n<!-- \/ Yoast SEO plugin. -->","yoast_head_json":{"title":"Permettere a tutti i cittadini facilitazioni delle nuove tecnologie - Citt\u00e0 di Fiume","robots":{"index":"index","follow":"follow","max-snippet":"max-snippet:-1","max-image-preview":"max-image-preview:large","max-video-preview":"max-video-preview:-1"},"canonical":"https:\/\/www.rijeka.hr\/it\/amministrazione-cittadina\/progetti-dellue\/progetti-chiusi\/permettere-tutti-cittadini-le-facilitazioni-delle-nuove-tecnologie\/","og_locale":"it_IT","og_type":"article","og_title":"Permettere a tutti i cittadini facilitazioni delle nuove tecnologie - Citt\u00e0 di Fiume","og_description":"I rappresentanti della Citt\u00e0 di Fiume hanno preso parte all&#8217;attivit\u00e0 della task force per l&#8217;Inclusione digitale presso il Forum della societ\u00e0 della conoscenza organizzato all&#8217;interno di Eurocities, una rete di citt\u00e0 europee. Gli obiettivi promossi dal Forum e dalla task force per l&#8217;Inclusione digitale mirano a consentire a ogni cittadino i vantaggi dell\u2019utilizzo delle nuove...","og_url":"https:\/\/www.rijeka.hr\/it\/amministrazione-cittadina\/progetti-dellue\/progetti-chiusi\/permettere-tutti-cittadini-le-facilitazioni-delle-nuove-tecnologie\/","og_site_name":"Citt\u00e0 di Fiume","article_modified_time":"2021-01-19T13:12:41+00:00","og_image":[{"width":600,"height":334,"url":"https:\/\/www.rijeka.hr\/it\/wp-content\/uploads\/sites\/3\/2021\/01\/e-Uklju\u010denost-projekt-600x334-600x334.jpg","type":"image\/jpeg"}],"twitter_card":"summary_large_image","twitter_misc":{"Est. reading time":"1 minute"},"schema":{"@context":"https:\/\/schema.org","@graph":[{"@type":"WebPage","@id":"https:\/\/www.rijeka.hr\/it\/amministrazione-cittadina\/progetti-dellue\/progetti-chiusi\/permettere-tutti-cittadini-le-facilitazioni-delle-nuove-tecnologie\/","url":"https:\/\/www.rijeka.hr\/it\/amministrazione-cittadina\/progetti-dellue\/progetti-chiusi\/permettere-tutti-cittadini-le-facilitazioni-delle-nuove-tecnologie\/","name":"Permettere a tutti i cittadini facilitazioni delle nuove tecnologie - Citt\u00e0 di Fiume","isPartOf":{"@id":"https:\/\/www.rijeka.hr\/it\/#website"},"primaryImageOfPage":{"@id":"https:\/\/www.rijeka.hr\/it\/amministrazione-cittadina\/progetti-dellue\/progetti-chiusi\/permettere-tutti-cittadini-le-facilitazioni-delle-nuove-tecnologie\/#primaryimage"},"image":{"@id":"https:\/\/www.rijeka.hr\/it\/amministrazione-cittadina\/progetti-dellue\/progetti-chiusi\/permettere-tutti-cittadini-le-facilitazioni-delle-nuove-tecnologie\/#primaryimage"},"thumbnailUrl":"https:\/\/www.rijeka.hr\/it\/wp-content\/uploads\/sites\/3\/2021\/01\/e-Uklju\u010denost-projekt-600x334-600x334.jpg","datePublished":"2016-11-14T13:20:13+00:00","dateModified":"2021-01-19T13:12:41+00:00","breadcrumb":{"@id":"https:\/\/www.rijeka.hr\/it\/amministrazione-cittadina\/progetti-dellue\/progetti-chiusi\/permettere-tutti-cittadini-le-facilitazioni-delle-nuove-tecnologie\/#breadcrumb"},"inLanguage":"it-IT","potentialAction":[{"@type":"ReadAction","target":["https:\/\/www.rijeka.hr\/it\/amministrazione-cittadina\/progetti-dellue\/progetti-chiusi\/permettere-tutti-cittadini-le-facilitazioni-delle-nuove-tecnologie\/"]}]},{"@type":"ImageObject","inLanguage":"it-IT","@id":"https:\/\/www.rijeka.hr\/it\/amministrazione-cittadina\/progetti-dellue\/progetti-chiusi\/permettere-tutti-cittadini-le-facilitazioni-delle-nuove-tecnologie\/#primaryimage","url":"https:\/\/www.rijeka.hr\/it\/wp-content\/uploads\/sites\/3\/2021\/01\/e-Uklju\u010denost-projekt-600x334-600x334.jpg","contentUrl":"https:\/\/www.rijeka.hr\/it\/wp-content\/uploads\/sites\/3\/2021\/01\/e-Uklju\u010denost-projekt-600x334-600x334.jpg","width":600,"height":334,"caption":"e-Uklju\u010denost-projekt-600x334-600x334"},{"@type":"BreadcrumbList","@id":"https:\/\/www.rijeka.hr\/it\/amministrazione-cittadina\/progetti-dellue\/progetti-chiusi\/permettere-tutti-cittadini-le-facilitazioni-delle-nuove-tecnologie\/#breadcrumb","itemListElement":[{"@type":"ListItem","position":1,"name":"Po\u010detna stranica","item":"https:\/\/www.rijeka.hr\/it\/"},{"@type":"ListItem","position":2,"name":"Amministrazione cittadina","item":"https:\/\/www.rijeka.hr\/it\/amministrazione-cittadina\/"},{"@type":"ListItem","position":3,"name":"Progetti dell&#8217;UE","item":"https:\/\/www.rijeka.hr\/it\/amministrazione-cittadina\/progetti-dellue\/"},{"@type":"ListItem","position":4,"name":"Progetti chiusi","item":"https:\/\/www.rijeka.hr\/it\/amministrazione-cittadina\/progetti-dellue\/progetti-chiusi\/"},{"@type":"ListItem","position":5,"name":"Permettere a tutti i cittadini facilitazioni delle nuove tecnologie"}]},{"@type":"WebSite","@id":"https:\/\/www.rijeka.hr\/it\/#website","url":"https:\/\/www.rijeka.hr\/it\/","name":"Citt\u00e0 di Fiume","description":"Portale web della Citta&#039; di Fiume","potentialAction":[{"@type":"SearchAction","target":{"@type":"EntryPoint","urlTemplate":"https:\/\/www.rijeka.hr\/it\/?s={search_term_string}"},"query-input":{"@type":"PropertyValueSpecification","valueRequired":true,"valueName":"search_term_string"}}],"inLanguage":"it-IT"}]}},"_links":{"self":[{"href":"https:\/\/www.rijeka.hr\/it\/wp-json\/wp\/v2\/pages\/2201","targetHints":{"allow":["GET"]}}],"collection":[{"href":"https:\/\/www.rijeka.hr\/it\/wp-json\/wp\/v2\/pages"}],"about":[{"href":"https:\/\/www.rijeka.hr\/it\/wp-json\/wp\/v2\/types\/page"}],"author":[{"embeddable":true,"href":"https:\/\/www.rijeka.hr\/it\/wp-json\/wp\/v2\/users\/3"}],"replies":[{"embeddable":true,"href":"https:\/\/www.rijeka.hr\/it\/wp-json\/wp\/v2\/comments?post=2201"}],"version-history":[{"count":2,"href":"https:\/\/www.rijeka.hr\/it\/wp-json\/wp\/v2\/pages\/2201\/revisions"}],"predecessor-version":[{"id":11272,"href":"https:\/\/www.rijeka.hr\/it\/wp-json\/wp\/v2\/pages\/2201\/revisions\/11272"}],"up":[{"embeddable":true,"href":"https:\/\/www.rijeka.hr\/it\/wp-json\/wp\/v2\/pages\/2062"}],"wp:featuredmedia":[{"embeddable":true,"href":"https:\/\/www.rijeka.hr\/it\/wp-json\/wp\/v2\/media\/12224"}],"wp:attachment":[{"href":"https:\/\/www.rijeka.hr\/it\/wp-json\/wp\/v2\/media?parent=2201"}],"wp:term":[{"taxonomy":"post_tag","embeddable":true,"href":"https:\/\/www.rijeka.hr\/it\/wp-json\/wp\/v2\/tags?post=2201"}],"curies":[{"name":"wp","href":"https:\/\/api.w.org\/{rel}","templated":true}]}}