{"id":2210,"date":"2016-11-14T14:37:05","date_gmt":"2016-11-14T13:37:05","guid":{"rendered":"https:\/\/www.rijeka.hr\/it\/?page_id=2210"},"modified":"2021-01-19T14:17:58","modified_gmt":"2021-01-19T13:17:58","slug":"e-munis","status":"publish","type":"page","link":"https:\/\/www.rijeka.hr\/it\/amministrazione-cittadina\/progetti-dellue\/progetti-chiusi\/e-munis\/","title":{"rendered":"E-MuniS"},"content":{"rendered":"<h3>Titolo del Progetto:<\/h3>\n<h3>Servizi informatici elettronici municipali &#8211; Progetto di trasferimento e miglioramento delle migliori pratiche (E-MuniS)<\/h3>\n<h3>Obiettivo:<\/h3>\n<p>Offrire la possibilit\u00e0 di introdurre conseguimenti nel campo delle tecnologie informatiche nei processi lavorativi dell&#8217;amministrazione cittadina e quindi migliorare i servizi ai cittadini nelle citt\u00e0 dell&#8217;Europa sud-orientale, consentendo cos\u00ec la loro pi\u00f9 rapida integrazione nella rete cittadina dell&#8217;UE.<\/p>\n<p><img loading=\"lazy\" decoding=\"async\" width=\"1200\" height=\"619\" class=\"aligncenter wp-image-10931 size-full\" src=\"https:\/\/www.rijeka.hr\/it\/wp-content\/uploads\/sites\/3\/2020\/08\/projekt-E-munis-1200x619.jpg\" alt=\"\" srcset=\"https:\/\/www.rijeka.hr\/it\/wp-content\/uploads\/sites\/3\/2020\/08\/projekt-E-munis-1200x619.jpg 1200w, https:\/\/www.rijeka.hr\/it\/wp-content\/uploads\/sites\/3\/2020\/08\/projekt-E-munis-1200x619-600x310.jpg 600w, https:\/\/www.rijeka.hr\/it\/wp-content\/uploads\/sites\/3\/2020\/08\/projekt-E-munis-1200x619-768x396.jpg 768w, https:\/\/www.rijeka.hr\/it\/wp-content\/uploads\/sites\/3\/2020\/08\/projekt-E-munis-1200x619-1000x516.jpg 1000w\" sizes=\"(max-width: 1200px) 100vw, 1200px\" \/><\/p>\n<h3>Durata: novembre 2001 &#8211; ottobre 2003<\/h3>\n<h3>Partner:<\/h3>\n<ul>\n<li>Institut Fraunhofer, Germania<\/li>\n<li>CERT \/ ITI, Grecia<\/li>\n<li>PEUGI, Bulgaria<\/li>\n<li>Virtech, Bulgaria<\/li>\n<li>GISIG, Italia<\/li>\n<li>Arsnova, Spagna<\/li>\n<li>Citt\u00e0 di Bonn, Germania<\/li>\n<li>Citt\u00e0 di Valladolid, Spagna<\/li>\n<li>Zuendel &amp; Partner, Germania<\/li>\n<li>Elisa Consult, Bulgaria<\/li>\n<li>Citt\u00e0 di Sofia, Bulgaria<\/li>\n<li>Citt\u00e0 di Skopje, Macedonia<\/li>\n<li>Citt\u00e0 di Fiume<\/li>\n<\/ul>\n<p>&nbsp;<\/p>\n<h3>Budget:<\/h3>\n<p>Valore del progetto: 1.400.000 euro<br \/>\nBilancio della Citt\u00e0 di Fiume: 85.000 euro<\/p>\n<h3>Finanziato nell&#8217;ambito del programma IST FW5<\/h3>\n<p>Ulteriori informazioni sul progetto sono disponibili nel documento E-MuniS<\/p>\n<p><a title=\"E-MuniS\" href=\"https:\/\/www.rijeka.hr\/it\/progetto-e-munis\/?noredirect=it_IT\" target=\"_blank\" rel=\"noopener\">Projekt E-MuniS<\/a><\/p>\n","protected":false},"excerpt":{"rendered":"<p>Titolo del Progetto: Servizi informatici elettronici municipali &#8211; Progetto di trasferimento e miglioramento delle migliori pratiche (E-MuniS) Obiettivo: Offrire la possibilit\u00e0 di introdurre conseguimenti nel campo delle tecnologie informatiche nei processi lavorativi dell&#8217;amministrazione cittadina e quindi migliorare i servizi ai cittadini nelle citt\u00e0 dell&#8217;Europa sud-orientale, consentendo cos\u00ec la loro pi\u00f9 rapida integrazione nella rete cittadina&#8230;<\/p>\n","protected":false},"author":3,"featured_media":12227,"parent":2062,"menu_order":99,"comment_status":"closed","ping_status":"closed","template":"","meta":{"_acf_changed":false,"_trash_the_other_posts":false,"footnotes":"","_links_to":"","_links_to_target":""},"tags":[],"class_list":["post-2210","page","type-page","status-publish","has-post-thumbnail","hentry"],"acf":[],"yoast_head":"<!-- This site is optimized with the Yoast SEO plugin v24.4 - https:\/\/yoast.com\/wordpress\/plugins\/seo\/ -->\n<title>E-MuniS - Citt\u00e0 di Fiume<\/title>\n<meta name=\"robots\" content=\"index, follow, max-snippet:-1, max-image-preview:large, max-video-preview:-1\" \/>\n<link rel=\"canonical\" href=\"https:\/\/www.rijeka.hr\/it\/amministrazione-cittadina\/progetti-dellue\/progetti-chiusi\/e-munis\/\" \/>\n<meta property=\"og:locale\" content=\"it_IT\" \/>\n<meta property=\"og:type\" content=\"article\" \/>\n<meta property=\"og:title\" content=\"E-MuniS - Citt\u00e0 di Fiume\" \/>\n<meta property=\"og:description\" content=\"Titolo del Progetto: Servizi informatici elettronici municipali &#8211; Progetto di trasferimento e miglioramento delle migliori pratiche (E-MuniS) Obiettivo: Offrire la possibilit\u00e0 di introdurre conseguimenti nel campo delle tecnologie informatiche nei processi lavorativi dell&#8217;amministrazione cittadina e quindi migliorare i servizi ai cittadini nelle citt\u00e0 dell&#8217;Europa sud-orientale, consentendo cos\u00ec la loro pi\u00f9 rapida integrazione nella rete cittadina...\" \/>\n<meta property=\"og:url\" content=\"https:\/\/www.rijeka.hr\/it\/amministrazione-cittadina\/progetti-dellue\/progetti-chiusi\/e-munis\/\" \/>\n<meta property=\"og:site_name\" content=\"Citt\u00e0 di Fiume\" \/>\n<meta property=\"article:modified_time\" content=\"2021-01-19T13:17:58+00:00\" \/>\n<meta property=\"og:image\" content=\"https:\/\/www.rijeka.hr\/it\/wp-content\/uploads\/sites\/3\/2021\/01\/projekt-E-munis-1200x619.jpg\" \/>\n\t<meta property=\"og:image:width\" content=\"1200\" \/>\n\t<meta property=\"og:image:height\" content=\"619\" \/>\n\t<meta property=\"og:image:type\" content=\"image\/jpeg\" \/>\n<meta name=\"twitter:card\" content=\"summary_large_image\" \/>\n<meta name=\"twitter:label1\" content=\"Est. reading time\" \/>\n\t<meta name=\"twitter:data1\" content=\"1 minute\" \/>\n<script type=\"application\/ld+json\" class=\"yoast-schema-graph\">{\"@context\":\"https:\/\/schema.org\",\"@graph\":[{\"@type\":\"WebPage\",\"@id\":\"https:\/\/www.rijeka.hr\/it\/amministrazione-cittadina\/progetti-dellue\/progetti-chiusi\/e-munis\/\",\"url\":\"https:\/\/www.rijeka.hr\/it\/amministrazione-cittadina\/progetti-dellue\/progetti-chiusi\/e-munis\/\",\"name\":\"E-MuniS - Citt\u00e0 di Fiume\",\"isPartOf\":{\"@id\":\"https:\/\/www.rijeka.hr\/it\/#website\"},\"primaryImageOfPage\":{\"@id\":\"https:\/\/www.rijeka.hr\/it\/amministrazione-cittadina\/progetti-dellue\/progetti-chiusi\/e-munis\/#primaryimage\"},\"image\":{\"@id\":\"https:\/\/www.rijeka.hr\/it\/amministrazione-cittadina\/progetti-dellue\/progetti-chiusi\/e-munis\/#primaryimage\"},\"thumbnailUrl\":\"https:\/\/www.rijeka.hr\/it\/wp-content\/uploads\/sites\/3\/2021\/01\/projekt-E-munis-1200x619.jpg\",\"datePublished\":\"2016-11-14T13:37:05+00:00\",\"dateModified\":\"2021-01-19T13:17:58+00:00\",\"breadcrumb\":{\"@id\":\"https:\/\/www.rijeka.hr\/it\/amministrazione-cittadina\/progetti-dellue\/progetti-chiusi\/e-munis\/#breadcrumb\"},\"inLanguage\":\"it-IT\",\"potentialAction\":[{\"@type\":\"ReadAction\",\"target\":[\"https:\/\/www.rijeka.hr\/it\/amministrazione-cittadina\/progetti-dellue\/progetti-chiusi\/e-munis\/\"]}]},{\"@type\":\"ImageObject\",\"inLanguage\":\"it-IT\",\"@id\":\"https:\/\/www.rijeka.hr\/it\/amministrazione-cittadina\/progetti-dellue\/progetti-chiusi\/e-munis\/#primaryimage\",\"url\":\"https:\/\/www.rijeka.hr\/it\/wp-content\/uploads\/sites\/3\/2021\/01\/projekt-E-munis-1200x619.jpg\",\"contentUrl\":\"https:\/\/www.rijeka.hr\/it\/wp-content\/uploads\/sites\/3\/2021\/01\/projekt-E-munis-1200x619.jpg\",\"width\":1200,\"height\":619,\"caption\":\"projekt-E-munis-1200x619\"},{\"@type\":\"BreadcrumbList\",\"@id\":\"https:\/\/www.rijeka.hr\/it\/amministrazione-cittadina\/progetti-dellue\/progetti-chiusi\/e-munis\/#breadcrumb\",\"itemListElement\":[{\"@type\":\"ListItem\",\"position\":1,\"name\":\"Po\u010detna stranica\",\"item\":\"https:\/\/www.rijeka.hr\/it\/\"},{\"@type\":\"ListItem\",\"position\":2,\"name\":\"Amministrazione cittadina\",\"item\":\"https:\/\/www.rijeka.hr\/it\/amministrazione-cittadina\/\"},{\"@type\":\"ListItem\",\"position\":3,\"name\":\"Progetti dell&#8217;UE\",\"item\":\"https:\/\/www.rijeka.hr\/it\/amministrazione-cittadina\/progetti-dellue\/\"},{\"@type\":\"ListItem\",\"position\":4,\"name\":\"Progetti chiusi\",\"item\":\"https:\/\/www.rijeka.hr\/it\/amministrazione-cittadina\/progetti-dellue\/progetti-chiusi\/\"},{\"@type\":\"ListItem\",\"position\":5,\"name\":\"E-MuniS\"}]},{\"@type\":\"WebSite\",\"@id\":\"https:\/\/www.rijeka.hr\/it\/#website\",\"url\":\"https:\/\/www.rijeka.hr\/it\/\",\"name\":\"Citt\u00e0 di Fiume\",\"description\":\"Portale web della Citta&#039; di Fiume\",\"potentialAction\":[{\"@type\":\"SearchAction\",\"target\":{\"@type\":\"EntryPoint\",\"urlTemplate\":\"https:\/\/www.rijeka.hr\/it\/?s={search_term_string}\"},\"query-input\":{\"@type\":\"PropertyValueSpecification\",\"valueRequired\":true,\"valueName\":\"search_term_string\"}}],\"inLanguage\":\"it-IT\"}]}<\/script>\n<!-- \/ Yoast SEO plugin. -->","yoast_head_json":{"title":"E-MuniS - Citt\u00e0 di Fiume","robots":{"index":"index","follow":"follow","max-snippet":"max-snippet:-1","max-image-preview":"max-image-preview:large","max-video-preview":"max-video-preview:-1"},"canonical":"https:\/\/www.rijeka.hr\/it\/amministrazione-cittadina\/progetti-dellue\/progetti-chiusi\/e-munis\/","og_locale":"it_IT","og_type":"article","og_title":"E-MuniS - Citt\u00e0 di Fiume","og_description":"Titolo del Progetto: Servizi informatici elettronici municipali &#8211; Progetto di trasferimento e miglioramento delle migliori pratiche (E-MuniS) Obiettivo: Offrire la possibilit\u00e0 di introdurre conseguimenti nel campo delle tecnologie informatiche nei processi lavorativi dell&#8217;amministrazione cittadina e quindi migliorare i servizi ai cittadini nelle citt\u00e0 dell&#8217;Europa sud-orientale, consentendo cos\u00ec la loro pi\u00f9 rapida integrazione nella rete cittadina...","og_url":"https:\/\/www.rijeka.hr\/it\/amministrazione-cittadina\/progetti-dellue\/progetti-chiusi\/e-munis\/","og_site_name":"Citt\u00e0 di Fiume","article_modified_time":"2021-01-19T13:17:58+00:00","og_image":[{"width":1200,"height":619,"url":"https:\/\/www.rijeka.hr\/it\/wp-content\/uploads\/sites\/3\/2021\/01\/projekt-E-munis-1200x619.jpg","type":"image\/jpeg"}],"twitter_card":"summary_large_image","twitter_misc":{"Est. reading time":"1 minute"},"schema":{"@context":"https:\/\/schema.org","@graph":[{"@type":"WebPage","@id":"https:\/\/www.rijeka.hr\/it\/amministrazione-cittadina\/progetti-dellue\/progetti-chiusi\/e-munis\/","url":"https:\/\/www.rijeka.hr\/it\/amministrazione-cittadina\/progetti-dellue\/progetti-chiusi\/e-munis\/","name":"E-MuniS - Citt\u00e0 di Fiume","isPartOf":{"@id":"https:\/\/www.rijeka.hr\/it\/#website"},"primaryImageOfPage":{"@id":"https:\/\/www.rijeka.hr\/it\/amministrazione-cittadina\/progetti-dellue\/progetti-chiusi\/e-munis\/#primaryimage"},"image":{"@id":"https:\/\/www.rijeka.hr\/it\/amministrazione-cittadina\/progetti-dellue\/progetti-chiusi\/e-munis\/#primaryimage"},"thumbnailUrl":"https:\/\/www.rijeka.hr\/it\/wp-content\/uploads\/sites\/3\/2021\/01\/projekt-E-munis-1200x619.jpg","datePublished":"2016-11-14T13:37:05+00:00","dateModified":"2021-01-19T13:17:58+00:00","breadcrumb":{"@id":"https:\/\/www.rijeka.hr\/it\/amministrazione-cittadina\/progetti-dellue\/progetti-chiusi\/e-munis\/#breadcrumb"},"inLanguage":"it-IT","potentialAction":[{"@type":"ReadAction","target":["https:\/\/www.rijeka.hr\/it\/amministrazione-cittadina\/progetti-dellue\/progetti-chiusi\/e-munis\/"]}]},{"@type":"ImageObject","inLanguage":"it-IT","@id":"https:\/\/www.rijeka.hr\/it\/amministrazione-cittadina\/progetti-dellue\/progetti-chiusi\/e-munis\/#primaryimage","url":"https:\/\/www.rijeka.hr\/it\/wp-content\/uploads\/sites\/3\/2021\/01\/projekt-E-munis-1200x619.jpg","contentUrl":"https:\/\/www.rijeka.hr\/it\/wp-content\/uploads\/sites\/3\/2021\/01\/projekt-E-munis-1200x619.jpg","width":1200,"height":619,"caption":"projekt-E-munis-1200x619"},{"@type":"BreadcrumbList","@id":"https:\/\/www.rijeka.hr\/it\/amministrazione-cittadina\/progetti-dellue\/progetti-chiusi\/e-munis\/#breadcrumb","itemListElement":[{"@type":"ListItem","position":1,"name":"Po\u010detna stranica","item":"https:\/\/www.rijeka.hr\/it\/"},{"@type":"ListItem","position":2,"name":"Amministrazione cittadina","item":"https:\/\/www.rijeka.hr\/it\/amministrazione-cittadina\/"},{"@type":"ListItem","position":3,"name":"Progetti dell&#8217;UE","item":"https:\/\/www.rijeka.hr\/it\/amministrazione-cittadina\/progetti-dellue\/"},{"@type":"ListItem","position":4,"name":"Progetti chiusi","item":"https:\/\/www.rijeka.hr\/it\/amministrazione-cittadina\/progetti-dellue\/progetti-chiusi\/"},{"@type":"ListItem","position":5,"name":"E-MuniS"}]},{"@type":"WebSite","@id":"https:\/\/www.rijeka.hr\/it\/#website","url":"https:\/\/www.rijeka.hr\/it\/","name":"Citt\u00e0 di Fiume","description":"Portale web della Citta&#039; di Fiume","potentialAction":[{"@type":"SearchAction","target":{"@type":"EntryPoint","urlTemplate":"https:\/\/www.rijeka.hr\/it\/?s={search_term_string}"},"query-input":{"@type":"PropertyValueSpecification","valueRequired":true,"valueName":"search_term_string"}}],"inLanguage":"it-IT"}]}},"_links":{"self":[{"href":"https:\/\/www.rijeka.hr\/it\/wp-json\/wp\/v2\/pages\/2210","targetHints":{"allow":["GET"]}}],"collection":[{"href":"https:\/\/www.rijeka.hr\/it\/wp-json\/wp\/v2\/pages"}],"about":[{"href":"https:\/\/www.rijeka.hr\/it\/wp-json\/wp\/v2\/types\/page"}],"author":[{"embeddable":true,"href":"https:\/\/www.rijeka.hr\/it\/wp-json\/wp\/v2\/users\/3"}],"replies":[{"embeddable":true,"href":"https:\/\/www.rijeka.hr\/it\/wp-json\/wp\/v2\/comments?post=2210"}],"version-history":[{"count":2,"href":"https:\/\/www.rijeka.hr\/it\/wp-json\/wp\/v2\/pages\/2210\/revisions"}],"predecessor-version":[{"id":10949,"href":"https:\/\/www.rijeka.hr\/it\/wp-json\/wp\/v2\/pages\/2210\/revisions\/10949"}],"up":[{"embeddable":true,"href":"https:\/\/www.rijeka.hr\/it\/wp-json\/wp\/v2\/pages\/2062"}],"wp:featuredmedia":[{"embeddable":true,"href":"https:\/\/www.rijeka.hr\/it\/wp-json\/wp\/v2\/media\/12227"}],"wp:attachment":[{"href":"https:\/\/www.rijeka.hr\/it\/wp-json\/wp\/v2\/media?parent=2210"}],"wp:term":[{"taxonomy":"post_tag","embeddable":true,"href":"https:\/\/www.rijeka.hr\/it\/wp-json\/wp\/v2\/tags?post=2210"}],"curies":[{"name":"wp","href":"https:\/\/api.w.org\/{rel}","templated":true}]}}