{"id":2213,"date":"2016-11-14T14:43:48","date_gmt":"2016-11-14T13:43:48","guid":{"rendered":"https:\/\/www.rijeka.hr\/it\/?page_id=2213"},"modified":"2021-01-19T14:20:08","modified_gmt":"2021-01-19T13:20:08","slug":"ussud","status":"publish","type":"page","link":"https:\/\/www.rijeka.hr\/it\/amministrazione-cittadina\/progetti-dellue\/progetti-chiusi\/ussud\/","title":{"rendered":"USSUD"},"content":{"rendered":"<h3>USSUD \u2013 Miglioramento degli standard degli studenti nel campo della cultura<\/h3>\n<h3>Obiettivo del progetto:<\/h3>\n<p>Coinvolgere attivamente un maggior numero di giovani nei processi di formazione delle politiche culturali e nella vita culturale della citt\u00e0 in generale.<\/p>\n<h3>Durata: 2012 \u2013 2013<\/h3>\n<h3>Attivit\u00e0 chiave:<\/h3>\n<p><img loading=\"lazy\" decoding=\"async\" width=\"281\" height=\"199\" class=\"size-full wp-image-11206 alignleft\" src=\"https:\/\/www.rijeka.hr\/it\/wp-content\/uploads\/sites\/3\/2020\/09\/USSUD.jpg\" alt=\"\" \/>Si sono tenuti 10 laboratori per studenti gestiti da studenti, due tavole rotonde di esperti, in cui rinomati professionisti non solo dalla Croazia, ma anche da una regione pi\u00f9 ampia, impegnati nella cultura studentesca, hanno tenuto discorsi davanti agli studenti e un grande dibattito pubblico in cui studenti hanno presentato opinioni sulla situazione attuale e sui cambiamenti futuri. Sul sito web del progetto www.ussud.uniri.hr si \u00e8 svolta contemporaneamente la consultazione elettronica sulle politiche culturali dedicate ai giovani.<\/p>\n<p>Il progetto ha portato alla creazione del Centro culturale studentesco e il progetto USSUD \u00e8 proseguito con il sostegno finanziario della Citt\u00e0 di Fiume e dell&#8217;Universit\u00e0 degli studi di Fiume.<\/p>\n<h3>Partner:<\/h3>\n<ul>\n<li>Dipartimento per la cultura, Citt\u00e0 di Fiume<\/li>\n<li>Universit\u00e0 degli studi di Fiume<\/li>\n<\/ul>\n<h3>Finanziato nell&#8217;ambito del programma Giovent\u00f9 in azione<\/h3>\n<h3>Bilancio: 10.934,06 euro<\/h3>\n","protected":false},"excerpt":{"rendered":"<p>USSUD \u2013 Miglioramento degli standard degli studenti nel campo della cultura Obiettivo del progetto: Coinvolgere attivamente un maggior numero di giovani nei processi di formazione delle politiche culturali e nella vita culturale della citt\u00e0 in generale. Durata: 2012 \u2013 2013 Attivit\u00e0 chiave: Si sono tenuti 10 laboratori per studenti gestiti da studenti, due tavole rotonde&#8230;<\/p>\n","protected":false},"author":3,"featured_media":12228,"parent":2062,"menu_order":0,"comment_status":"closed","ping_status":"closed","template":"","meta":{"_acf_changed":false,"_trash_the_other_posts":false,"footnotes":"","_links_to":"","_links_to_target":""},"tags":[],"class_list":["post-2213","page","type-page","status-publish","has-post-thumbnail","hentry"],"acf":[],"yoast_head":"<!-- This site is optimized with the Yoast SEO plugin v24.4 - https:\/\/yoast.com\/wordpress\/plugins\/seo\/ -->\n<title>USSUD - Citt\u00e0 di Fiume<\/title>\n<meta name=\"robots\" content=\"index, follow, max-snippet:-1, max-image-preview:large, max-video-preview:-1\" \/>\n<link rel=\"canonical\" href=\"https:\/\/www.rijeka.hr\/it\/amministrazione-cittadina\/progetti-dellue\/progetti-chiusi\/ussud\/\" \/>\n<meta property=\"og:locale\" content=\"it_IT\" \/>\n<meta property=\"og:type\" content=\"article\" \/>\n<meta property=\"og:title\" content=\"USSUD - Citt\u00e0 di Fiume\" \/>\n<meta property=\"og:description\" content=\"USSUD \u2013 Miglioramento degli standard degli studenti nel campo della cultura Obiettivo del progetto: Coinvolgere attivamente un maggior numero di giovani nei processi di formazione delle politiche culturali e nella vita culturale della citt\u00e0 in generale. Durata: 2012 \u2013 2013 Attivit\u00e0 chiave: Si sono tenuti 10 laboratori per studenti gestiti da studenti, due tavole rotonde...\" \/>\n<meta property=\"og:url\" content=\"https:\/\/www.rijeka.hr\/it\/amministrazione-cittadina\/progetti-dellue\/progetti-chiusi\/ussud\/\" \/>\n<meta property=\"og:site_name\" content=\"Citt\u00e0 di Fiume\" \/>\n<meta property=\"article:modified_time\" content=\"2021-01-19T13:20:08+00:00\" \/>\n<meta property=\"og:image\" content=\"https:\/\/www.rijeka.hr\/it\/wp-content\/uploads\/sites\/3\/2021\/01\/USSUD.jpg\" \/>\n\t<meta property=\"og:image:width\" content=\"281\" \/>\n\t<meta property=\"og:image:height\" content=\"199\" \/>\n\t<meta property=\"og:image:type\" content=\"image\/jpeg\" \/>\n<meta name=\"twitter:card\" content=\"summary_large_image\" \/>\n<meta name=\"twitter:label1\" content=\"Est. reading time\" \/>\n\t<meta name=\"twitter:data1\" content=\"1 minute\" \/>\n<script type=\"application\/ld+json\" class=\"yoast-schema-graph\">{\"@context\":\"https:\/\/schema.org\",\"@graph\":[{\"@type\":\"WebPage\",\"@id\":\"https:\/\/www.rijeka.hr\/it\/amministrazione-cittadina\/progetti-dellue\/progetti-chiusi\/ussud\/\",\"url\":\"https:\/\/www.rijeka.hr\/it\/amministrazione-cittadina\/progetti-dellue\/progetti-chiusi\/ussud\/\",\"name\":\"USSUD - Citt\u00e0 di Fiume\",\"isPartOf\":{\"@id\":\"https:\/\/www.rijeka.hr\/it\/#website\"},\"primaryImageOfPage\":{\"@id\":\"https:\/\/www.rijeka.hr\/it\/amministrazione-cittadina\/progetti-dellue\/progetti-chiusi\/ussud\/#primaryimage\"},\"image\":{\"@id\":\"https:\/\/www.rijeka.hr\/it\/amministrazione-cittadina\/progetti-dellue\/progetti-chiusi\/ussud\/#primaryimage\"},\"thumbnailUrl\":\"https:\/\/www.rijeka.hr\/it\/wp-content\/uploads\/sites\/3\/2021\/01\/USSUD.jpg\",\"datePublished\":\"2016-11-14T13:43:48+00:00\",\"dateModified\":\"2021-01-19T13:20:08+00:00\",\"breadcrumb\":{\"@id\":\"https:\/\/www.rijeka.hr\/it\/amministrazione-cittadina\/progetti-dellue\/progetti-chiusi\/ussud\/#breadcrumb\"},\"inLanguage\":\"it-IT\",\"potentialAction\":[{\"@type\":\"ReadAction\",\"target\":[\"https:\/\/www.rijeka.hr\/it\/amministrazione-cittadina\/progetti-dellue\/progetti-chiusi\/ussud\/\"]}]},{\"@type\":\"ImageObject\",\"inLanguage\":\"it-IT\",\"@id\":\"https:\/\/www.rijeka.hr\/it\/amministrazione-cittadina\/progetti-dellue\/progetti-chiusi\/ussud\/#primaryimage\",\"url\":\"https:\/\/www.rijeka.hr\/it\/wp-content\/uploads\/sites\/3\/2021\/01\/USSUD.jpg\",\"contentUrl\":\"https:\/\/www.rijeka.hr\/it\/wp-content\/uploads\/sites\/3\/2021\/01\/USSUD.jpg\",\"width\":281,\"height\":199,\"caption\":\"USSUD\"},{\"@type\":\"BreadcrumbList\",\"@id\":\"https:\/\/www.rijeka.hr\/it\/amministrazione-cittadina\/progetti-dellue\/progetti-chiusi\/ussud\/#breadcrumb\",\"itemListElement\":[{\"@type\":\"ListItem\",\"position\":1,\"name\":\"Po\u010detna stranica\",\"item\":\"https:\/\/www.rijeka.hr\/it\/\"},{\"@type\":\"ListItem\",\"position\":2,\"name\":\"Amministrazione cittadina\",\"item\":\"https:\/\/www.rijeka.hr\/it\/amministrazione-cittadina\/\"},{\"@type\":\"ListItem\",\"position\":3,\"name\":\"Progetti dell&#8217;UE\",\"item\":\"https:\/\/www.rijeka.hr\/it\/amministrazione-cittadina\/progetti-dellue\/\"},{\"@type\":\"ListItem\",\"position\":4,\"name\":\"Progetti chiusi\",\"item\":\"https:\/\/www.rijeka.hr\/it\/amministrazione-cittadina\/progetti-dellue\/progetti-chiusi\/\"},{\"@type\":\"ListItem\",\"position\":5,\"name\":\"USSUD\"}]},{\"@type\":\"WebSite\",\"@id\":\"https:\/\/www.rijeka.hr\/it\/#website\",\"url\":\"https:\/\/www.rijeka.hr\/it\/\",\"name\":\"Citt\u00e0 di Fiume\",\"description\":\"Portale web della Citta&#039; di Fiume\",\"potentialAction\":[{\"@type\":\"SearchAction\",\"target\":{\"@type\":\"EntryPoint\",\"urlTemplate\":\"https:\/\/www.rijeka.hr\/it\/?s={search_term_string}\"},\"query-input\":{\"@type\":\"PropertyValueSpecification\",\"valueRequired\":true,\"valueName\":\"search_term_string\"}}],\"inLanguage\":\"it-IT\"}]}<\/script>\n<!-- \/ Yoast SEO plugin. -->","yoast_head_json":{"title":"USSUD - Citt\u00e0 di Fiume","robots":{"index":"index","follow":"follow","max-snippet":"max-snippet:-1","max-image-preview":"max-image-preview:large","max-video-preview":"max-video-preview:-1"},"canonical":"https:\/\/www.rijeka.hr\/it\/amministrazione-cittadina\/progetti-dellue\/progetti-chiusi\/ussud\/","og_locale":"it_IT","og_type":"article","og_title":"USSUD - Citt\u00e0 di Fiume","og_description":"USSUD \u2013 Miglioramento degli standard degli studenti nel campo della cultura Obiettivo del progetto: Coinvolgere attivamente un maggior numero di giovani nei processi di formazione delle politiche culturali e nella vita culturale della citt\u00e0 in generale. Durata: 2012 \u2013 2013 Attivit\u00e0 chiave: Si sono tenuti 10 laboratori per studenti gestiti da studenti, due tavole rotonde...","og_url":"https:\/\/www.rijeka.hr\/it\/amministrazione-cittadina\/progetti-dellue\/progetti-chiusi\/ussud\/","og_site_name":"Citt\u00e0 di Fiume","article_modified_time":"2021-01-19T13:20:08+00:00","og_image":[{"width":281,"height":199,"url":"https:\/\/www.rijeka.hr\/it\/wp-content\/uploads\/sites\/3\/2021\/01\/USSUD.jpg","type":"image\/jpeg"}],"twitter_card":"summary_large_image","twitter_misc":{"Est. reading time":"1 minute"},"schema":{"@context":"https:\/\/schema.org","@graph":[{"@type":"WebPage","@id":"https:\/\/www.rijeka.hr\/it\/amministrazione-cittadina\/progetti-dellue\/progetti-chiusi\/ussud\/","url":"https:\/\/www.rijeka.hr\/it\/amministrazione-cittadina\/progetti-dellue\/progetti-chiusi\/ussud\/","name":"USSUD - Citt\u00e0 di Fiume","isPartOf":{"@id":"https:\/\/www.rijeka.hr\/it\/#website"},"primaryImageOfPage":{"@id":"https:\/\/www.rijeka.hr\/it\/amministrazione-cittadina\/progetti-dellue\/progetti-chiusi\/ussud\/#primaryimage"},"image":{"@id":"https:\/\/www.rijeka.hr\/it\/amministrazione-cittadina\/progetti-dellue\/progetti-chiusi\/ussud\/#primaryimage"},"thumbnailUrl":"https:\/\/www.rijeka.hr\/it\/wp-content\/uploads\/sites\/3\/2021\/01\/USSUD.jpg","datePublished":"2016-11-14T13:43:48+00:00","dateModified":"2021-01-19T13:20:08+00:00","breadcrumb":{"@id":"https:\/\/www.rijeka.hr\/it\/amministrazione-cittadina\/progetti-dellue\/progetti-chiusi\/ussud\/#breadcrumb"},"inLanguage":"it-IT","potentialAction":[{"@type":"ReadAction","target":["https:\/\/www.rijeka.hr\/it\/amministrazione-cittadina\/progetti-dellue\/progetti-chiusi\/ussud\/"]}]},{"@type":"ImageObject","inLanguage":"it-IT","@id":"https:\/\/www.rijeka.hr\/it\/amministrazione-cittadina\/progetti-dellue\/progetti-chiusi\/ussud\/#primaryimage","url":"https:\/\/www.rijeka.hr\/it\/wp-content\/uploads\/sites\/3\/2021\/01\/USSUD.jpg","contentUrl":"https:\/\/www.rijeka.hr\/it\/wp-content\/uploads\/sites\/3\/2021\/01\/USSUD.jpg","width":281,"height":199,"caption":"USSUD"},{"@type":"BreadcrumbList","@id":"https:\/\/www.rijeka.hr\/it\/amministrazione-cittadina\/progetti-dellue\/progetti-chiusi\/ussud\/#breadcrumb","itemListElement":[{"@type":"ListItem","position":1,"name":"Po\u010detna stranica","item":"https:\/\/www.rijeka.hr\/it\/"},{"@type":"ListItem","position":2,"name":"Amministrazione cittadina","item":"https:\/\/www.rijeka.hr\/it\/amministrazione-cittadina\/"},{"@type":"ListItem","position":3,"name":"Progetti dell&#8217;UE","item":"https:\/\/www.rijeka.hr\/it\/amministrazione-cittadina\/progetti-dellue\/"},{"@type":"ListItem","position":4,"name":"Progetti chiusi","item":"https:\/\/www.rijeka.hr\/it\/amministrazione-cittadina\/progetti-dellue\/progetti-chiusi\/"},{"@type":"ListItem","position":5,"name":"USSUD"}]},{"@type":"WebSite","@id":"https:\/\/www.rijeka.hr\/it\/#website","url":"https:\/\/www.rijeka.hr\/it\/","name":"Citt\u00e0 di Fiume","description":"Portale web della Citta&#039; di Fiume","potentialAction":[{"@type":"SearchAction","target":{"@type":"EntryPoint","urlTemplate":"https:\/\/www.rijeka.hr\/it\/?s={search_term_string}"},"query-input":{"@type":"PropertyValueSpecification","valueRequired":true,"valueName":"search_term_string"}}],"inLanguage":"it-IT"}]}},"_links":{"self":[{"href":"https:\/\/www.rijeka.hr\/it\/wp-json\/wp\/v2\/pages\/2213","targetHints":{"allow":["GET"]}}],"collection":[{"href":"https:\/\/www.rijeka.hr\/it\/wp-json\/wp\/v2\/pages"}],"about":[{"href":"https:\/\/www.rijeka.hr\/it\/wp-json\/wp\/v2\/types\/page"}],"author":[{"embeddable":true,"href":"https:\/\/www.rijeka.hr\/it\/wp-json\/wp\/v2\/users\/3"}],"replies":[{"embeddable":true,"href":"https:\/\/www.rijeka.hr\/it\/wp-json\/wp\/v2\/comments?post=2213"}],"version-history":[{"count":2,"href":"https:\/\/www.rijeka.hr\/it\/wp-json\/wp\/v2\/pages\/2213\/revisions"}],"predecessor-version":[{"id":11207,"href":"https:\/\/www.rijeka.hr\/it\/wp-json\/wp\/v2\/pages\/2213\/revisions\/11207"}],"up":[{"embeddable":true,"href":"https:\/\/www.rijeka.hr\/it\/wp-json\/wp\/v2\/pages\/2062"}],"wp:featuredmedia":[{"embeddable":true,"href":"https:\/\/www.rijeka.hr\/it\/wp-json\/wp\/v2\/media\/12228"}],"wp:attachment":[{"href":"https:\/\/www.rijeka.hr\/it\/wp-json\/wp\/v2\/media?parent=2213"}],"wp:term":[{"taxonomy":"post_tag","embeddable":true,"href":"https:\/\/www.rijeka.hr\/it\/wp-json\/wp\/v2\/tags?post=2213"}],"curies":[{"name":"wp","href":"https:\/\/api.w.org\/{rel}","templated":true}]}}