{"id":2234,"date":"2016-11-14T15:45:27","date_gmt":"2016-11-14T14:45:27","guid":{"rendered":"https:\/\/www.rijeka.hr\/it\/?page_id=2234"},"modified":"2021-01-19T14:32:09","modified_gmt":"2021-01-19T13:32:09","slug":"engineering","status":"publish","type":"page","link":"https:\/\/www.rijeka.hr\/it\/amministrazione-cittadina\/progetti-dellue\/progetti-chiusi\/engineering\/","title":{"rendered":"ENGINEERING +"},"content":{"rendered":"<h3>Titolo del progetto: ENGINEERING +<\/h3>\n<p><img loading=\"lazy\" decoding=\"async\" width=\"481\" height=\"352\" class=\"aligncenter size-full wp-image-11226\" src=\"https:\/\/www.rijeka.hr\/it\/wp-content\/uploads\/sites\/3\/2020\/09\/ENGINEERING-.jpg\" alt=\"\" \/><\/p>\n<h3>Obiettivo del progetto:<\/h3>\n<p>Collegare le unit\u00e0 di autogoverno locale in cinque paesi al fine di scoprire come le unit\u00e0 di autogoverno locale possono agire per incoraggiare la creazione di partenariati e sviluppare iniziative che promuovano carriere nel campo tecnico tra studenti che frequentano scuole superiori e universit\u00e0, nonch\u00e9 tra persone pronte per la riqualificazione professionale.<\/p>\n<h3>Durata: 2011 &#8211; 2013<\/h3>\n<h3>Attivit\u00e0 chiave:<\/h3>\n<p>Scambiando buone pratiche ed esperienze, preparare un piano al fine di promuovere professioni tecniche e aumentare l&#8217;interesse per tali carriere tra studenti delle scuole superiori e universitari, nonch\u00e9 trovare un modo per superare le differenze tra le conoscenze e le competenze necessarie possedute dai dipendenti e quelle di cui aziende effettivamente hanno bisogno.<\/p>\n<p>Il progetto si svolge attraverso 8 laboratori organizzati in ciascuna citt\u00e0 partner.<\/p>\n<h3>Partner:<\/h3>\n<ul>\n<li>Basingstoke e Deane Borough Council, Gran Bretagna<\/li>\n<li>Citt\u00e0 di Regensburg, Germania<\/li>\n<li>Citt\u00e0 di Monaco di Baviera, Germania<\/li>\n<li>Tameside Metropolitan Borough Council, Gran Bretagna<\/li>\n<li>Citt\u00e0 di Louny, Repubblica Ceca<\/li>\n<li>Citt\u00e0 di Fiume<\/li>\n<li>Direzione del lavoro e dell&#8217;economia, Anversa, Belgio<\/li>\n<li>Citt\u00e0 di Anversa, Belgio<\/li>\n<li>Centro tecnologico regionale di Anversa, Belgio.<\/li>\n<\/ul>\n<h3>Budget:<\/h3>\n<p>Bilancio totale 118.200 euro<\/p>\n<h3>Finanziato con:<\/h3>\n<p>Il programma per l&#8217;Apprendimento Permanente \u2013 programma settoriale Leonardo da Vinci<\/p>\n","protected":false},"excerpt":{"rendered":"<p>Titolo del progetto: ENGINEERING + Obiettivo del progetto: Collegare le unit\u00e0 di autogoverno locale in cinque paesi al fine di scoprire come le unit\u00e0 di autogoverno locale possono agire per incoraggiare la creazione di partenariati e sviluppare iniziative che promuovano carriere nel campo tecnico tra studenti che frequentano scuole superiori e universit\u00e0, nonch\u00e9 tra persone&#8230;<\/p>\n","protected":false},"author":3,"featured_media":11226,"parent":2062,"menu_order":0,"comment_status":"closed","ping_status":"closed","template":"","meta":{"_acf_changed":false,"_trash_the_other_posts":false,"footnotes":"","_links_to":"","_links_to_target":""},"tags":[],"class_list":["post-2234","page","type-page","status-publish","has-post-thumbnail","hentry"],"acf":[],"yoast_head":"<!-- This site is optimized with the Yoast SEO plugin v24.4 - https:\/\/yoast.com\/wordpress\/plugins\/seo\/ -->\n<title>ENGINEERING + - Citt\u00e0 di Fiume<\/title>\n<meta name=\"robots\" content=\"index, follow, max-snippet:-1, max-image-preview:large, max-video-preview:-1\" \/>\n<link rel=\"canonical\" href=\"https:\/\/www.rijeka.hr\/it\/amministrazione-cittadina\/progetti-dellue\/progetti-chiusi\/engineering\/\" \/>\n<meta property=\"og:locale\" content=\"it_IT\" \/>\n<meta property=\"og:type\" content=\"article\" \/>\n<meta property=\"og:title\" content=\"ENGINEERING + - Citt\u00e0 di Fiume\" \/>\n<meta property=\"og:description\" content=\"Titolo del progetto: ENGINEERING + Obiettivo del progetto: Collegare le unit\u00e0 di autogoverno locale in cinque paesi al fine di scoprire come le unit\u00e0 di autogoverno locale possono agire per incoraggiare la creazione di partenariati e sviluppare iniziative che promuovano carriere nel campo tecnico tra studenti che frequentano scuole superiori e universit\u00e0, nonch\u00e9 tra persone...\" \/>\n<meta property=\"og:url\" content=\"https:\/\/www.rijeka.hr\/it\/amministrazione-cittadina\/progetti-dellue\/progetti-chiusi\/engineering\/\" \/>\n<meta property=\"og:site_name\" content=\"Citt\u00e0 di Fiume\" \/>\n<meta property=\"article:modified_time\" content=\"2021-01-19T13:32:09+00:00\" \/>\n<meta property=\"og:image\" content=\"https:\/\/www.rijeka.hr\/it\/wp-content\/uploads\/sites\/3\/2020\/09\/ENGINEERING-.jpg\" \/>\n\t<meta property=\"og:image:width\" content=\"481\" \/>\n\t<meta property=\"og:image:height\" content=\"352\" \/>\n\t<meta property=\"og:image:type\" content=\"image\/jpeg\" \/>\n<meta name=\"twitter:card\" content=\"summary_large_image\" \/>\n<meta name=\"twitter:label1\" content=\"Est. reading time\" \/>\n\t<meta name=\"twitter:data1\" content=\"1 minute\" \/>\n<script type=\"application\/ld+json\" class=\"yoast-schema-graph\">{\"@context\":\"https:\/\/schema.org\",\"@graph\":[{\"@type\":\"WebPage\",\"@id\":\"https:\/\/www.rijeka.hr\/it\/amministrazione-cittadina\/progetti-dellue\/progetti-chiusi\/engineering\/\",\"url\":\"https:\/\/www.rijeka.hr\/it\/amministrazione-cittadina\/progetti-dellue\/progetti-chiusi\/engineering\/\",\"name\":\"ENGINEERING + - Citt\u00e0 di Fiume\",\"isPartOf\":{\"@id\":\"https:\/\/www.rijeka.hr\/it\/#website\"},\"primaryImageOfPage\":{\"@id\":\"https:\/\/www.rijeka.hr\/it\/amministrazione-cittadina\/progetti-dellue\/progetti-chiusi\/engineering\/#primaryimage\"},\"image\":{\"@id\":\"https:\/\/www.rijeka.hr\/it\/amministrazione-cittadina\/progetti-dellue\/progetti-chiusi\/engineering\/#primaryimage\"},\"thumbnailUrl\":\"https:\/\/www.rijeka.hr\/it\/wp-content\/uploads\/sites\/3\/2020\/09\/ENGINEERING-.jpg\",\"datePublished\":\"2016-11-14T14:45:27+00:00\",\"dateModified\":\"2021-01-19T13:32:09+00:00\",\"breadcrumb\":{\"@id\":\"https:\/\/www.rijeka.hr\/it\/amministrazione-cittadina\/progetti-dellue\/progetti-chiusi\/engineering\/#breadcrumb\"},\"inLanguage\":\"it-IT\",\"potentialAction\":[{\"@type\":\"ReadAction\",\"target\":[\"https:\/\/www.rijeka.hr\/it\/amministrazione-cittadina\/progetti-dellue\/progetti-chiusi\/engineering\/\"]}]},{\"@type\":\"ImageObject\",\"inLanguage\":\"it-IT\",\"@id\":\"https:\/\/www.rijeka.hr\/it\/amministrazione-cittadina\/progetti-dellue\/progetti-chiusi\/engineering\/#primaryimage\",\"url\":\"https:\/\/www.rijeka.hr\/it\/wp-content\/uploads\/sites\/3\/2020\/09\/ENGINEERING-.jpg\",\"contentUrl\":\"https:\/\/www.rijeka.hr\/it\/wp-content\/uploads\/sites\/3\/2020\/09\/ENGINEERING-.jpg\",\"width\":481,\"height\":352},{\"@type\":\"BreadcrumbList\",\"@id\":\"https:\/\/www.rijeka.hr\/it\/amministrazione-cittadina\/progetti-dellue\/progetti-chiusi\/engineering\/#breadcrumb\",\"itemListElement\":[{\"@type\":\"ListItem\",\"position\":1,\"name\":\"Po\u010detna stranica\",\"item\":\"https:\/\/www.rijeka.hr\/it\/\"},{\"@type\":\"ListItem\",\"position\":2,\"name\":\"Amministrazione cittadina\",\"item\":\"https:\/\/www.rijeka.hr\/it\/amministrazione-cittadina\/\"},{\"@type\":\"ListItem\",\"position\":3,\"name\":\"Progetti dell&#8217;UE\",\"item\":\"https:\/\/www.rijeka.hr\/it\/amministrazione-cittadina\/progetti-dellue\/\"},{\"@type\":\"ListItem\",\"position\":4,\"name\":\"Progetti chiusi\",\"item\":\"https:\/\/www.rijeka.hr\/it\/amministrazione-cittadina\/progetti-dellue\/progetti-chiusi\/\"},{\"@type\":\"ListItem\",\"position\":5,\"name\":\"ENGINEERING +\"}]},{\"@type\":\"WebSite\",\"@id\":\"https:\/\/www.rijeka.hr\/it\/#website\",\"url\":\"https:\/\/www.rijeka.hr\/it\/\",\"name\":\"Citt\u00e0 di Fiume\",\"description\":\"Portale web della Citta&#039; di Fiume\",\"potentialAction\":[{\"@type\":\"SearchAction\",\"target\":{\"@type\":\"EntryPoint\",\"urlTemplate\":\"https:\/\/www.rijeka.hr\/it\/?s={search_term_string}\"},\"query-input\":{\"@type\":\"PropertyValueSpecification\",\"valueRequired\":true,\"valueName\":\"search_term_string\"}}],\"inLanguage\":\"it-IT\"}]}<\/script>\n<!-- \/ Yoast SEO plugin. -->","yoast_head_json":{"title":"ENGINEERING + - Citt\u00e0 di Fiume","robots":{"index":"index","follow":"follow","max-snippet":"max-snippet:-1","max-image-preview":"max-image-preview:large","max-video-preview":"max-video-preview:-1"},"canonical":"https:\/\/www.rijeka.hr\/it\/amministrazione-cittadina\/progetti-dellue\/progetti-chiusi\/engineering\/","og_locale":"it_IT","og_type":"article","og_title":"ENGINEERING + - Citt\u00e0 di Fiume","og_description":"Titolo del progetto: ENGINEERING + Obiettivo del progetto: Collegare le unit\u00e0 di autogoverno locale in cinque paesi al fine di scoprire come le unit\u00e0 di autogoverno locale possono agire per incoraggiare la creazione di partenariati e sviluppare iniziative che promuovano carriere nel campo tecnico tra studenti che frequentano scuole superiori e universit\u00e0, nonch\u00e9 tra persone...","og_url":"https:\/\/www.rijeka.hr\/it\/amministrazione-cittadina\/progetti-dellue\/progetti-chiusi\/engineering\/","og_site_name":"Citt\u00e0 di Fiume","article_modified_time":"2021-01-19T13:32:09+00:00","og_image":[{"width":481,"height":352,"url":"https:\/\/www.rijeka.hr\/it\/wp-content\/uploads\/sites\/3\/2020\/09\/ENGINEERING-.jpg","type":"image\/jpeg"}],"twitter_card":"summary_large_image","twitter_misc":{"Est. reading time":"1 minute"},"schema":{"@context":"https:\/\/schema.org","@graph":[{"@type":"WebPage","@id":"https:\/\/www.rijeka.hr\/it\/amministrazione-cittadina\/progetti-dellue\/progetti-chiusi\/engineering\/","url":"https:\/\/www.rijeka.hr\/it\/amministrazione-cittadina\/progetti-dellue\/progetti-chiusi\/engineering\/","name":"ENGINEERING + - Citt\u00e0 di Fiume","isPartOf":{"@id":"https:\/\/www.rijeka.hr\/it\/#website"},"primaryImageOfPage":{"@id":"https:\/\/www.rijeka.hr\/it\/amministrazione-cittadina\/progetti-dellue\/progetti-chiusi\/engineering\/#primaryimage"},"image":{"@id":"https:\/\/www.rijeka.hr\/it\/amministrazione-cittadina\/progetti-dellue\/progetti-chiusi\/engineering\/#primaryimage"},"thumbnailUrl":"https:\/\/www.rijeka.hr\/it\/wp-content\/uploads\/sites\/3\/2020\/09\/ENGINEERING-.jpg","datePublished":"2016-11-14T14:45:27+00:00","dateModified":"2021-01-19T13:32:09+00:00","breadcrumb":{"@id":"https:\/\/www.rijeka.hr\/it\/amministrazione-cittadina\/progetti-dellue\/progetti-chiusi\/engineering\/#breadcrumb"},"inLanguage":"it-IT","potentialAction":[{"@type":"ReadAction","target":["https:\/\/www.rijeka.hr\/it\/amministrazione-cittadina\/progetti-dellue\/progetti-chiusi\/engineering\/"]}]},{"@type":"ImageObject","inLanguage":"it-IT","@id":"https:\/\/www.rijeka.hr\/it\/amministrazione-cittadina\/progetti-dellue\/progetti-chiusi\/engineering\/#primaryimage","url":"https:\/\/www.rijeka.hr\/it\/wp-content\/uploads\/sites\/3\/2020\/09\/ENGINEERING-.jpg","contentUrl":"https:\/\/www.rijeka.hr\/it\/wp-content\/uploads\/sites\/3\/2020\/09\/ENGINEERING-.jpg","width":481,"height":352},{"@type":"BreadcrumbList","@id":"https:\/\/www.rijeka.hr\/it\/amministrazione-cittadina\/progetti-dellue\/progetti-chiusi\/engineering\/#breadcrumb","itemListElement":[{"@type":"ListItem","position":1,"name":"Po\u010detna stranica","item":"https:\/\/www.rijeka.hr\/it\/"},{"@type":"ListItem","position":2,"name":"Amministrazione cittadina","item":"https:\/\/www.rijeka.hr\/it\/amministrazione-cittadina\/"},{"@type":"ListItem","position":3,"name":"Progetti dell&#8217;UE","item":"https:\/\/www.rijeka.hr\/it\/amministrazione-cittadina\/progetti-dellue\/"},{"@type":"ListItem","position":4,"name":"Progetti chiusi","item":"https:\/\/www.rijeka.hr\/it\/amministrazione-cittadina\/progetti-dellue\/progetti-chiusi\/"},{"@type":"ListItem","position":5,"name":"ENGINEERING +"}]},{"@type":"WebSite","@id":"https:\/\/www.rijeka.hr\/it\/#website","url":"https:\/\/www.rijeka.hr\/it\/","name":"Citt\u00e0 di Fiume","description":"Portale web della Citta&#039; di Fiume","potentialAction":[{"@type":"SearchAction","target":{"@type":"EntryPoint","urlTemplate":"https:\/\/www.rijeka.hr\/it\/?s={search_term_string}"},"query-input":{"@type":"PropertyValueSpecification","valueRequired":true,"valueName":"search_term_string"}}],"inLanguage":"it-IT"}]}},"_links":{"self":[{"href":"https:\/\/www.rijeka.hr\/it\/wp-json\/wp\/v2\/pages\/2234","targetHints":{"allow":["GET"]}}],"collection":[{"href":"https:\/\/www.rijeka.hr\/it\/wp-json\/wp\/v2\/pages"}],"about":[{"href":"https:\/\/www.rijeka.hr\/it\/wp-json\/wp\/v2\/types\/page"}],"author":[{"embeddable":true,"href":"https:\/\/www.rijeka.hr\/it\/wp-json\/wp\/v2\/users\/3"}],"replies":[{"embeddable":true,"href":"https:\/\/www.rijeka.hr\/it\/wp-json\/wp\/v2\/comments?post=2234"}],"version-history":[{"count":3,"href":"https:\/\/www.rijeka.hr\/it\/wp-json\/wp\/v2\/pages\/2234\/revisions"}],"predecessor-version":[{"id":11232,"href":"https:\/\/www.rijeka.hr\/it\/wp-json\/wp\/v2\/pages\/2234\/revisions\/11232"}],"up":[{"embeddable":true,"href":"https:\/\/www.rijeka.hr\/it\/wp-json\/wp\/v2\/pages\/2062"}],"wp:featuredmedia":[{"embeddable":true,"href":"https:\/\/www.rijeka.hr\/it\/wp-json\/wp\/v2\/media\/11226"}],"wp:attachment":[{"href":"https:\/\/www.rijeka.hr\/it\/wp-json\/wp\/v2\/media?parent=2234"}],"wp:term":[{"taxonomy":"post_tag","embeddable":true,"href":"https:\/\/www.rijeka.hr\/it\/wp-json\/wp\/v2\/tags?post=2234"}],"curies":[{"name":"wp","href":"https:\/\/api.w.org\/{rel}","templated":true}]}}