{"id":2250,"date":"2016-11-15T09:24:03","date_gmt":"2016-11-15T08:24:03","guid":{"rendered":"https:\/\/www.rijeka.hr\/it\/?page_id=2250"},"modified":"2021-01-19T14:40:13","modified_gmt":"2021-01-19T13:40:13","slug":"iris","status":"publish","type":"page","link":"https:\/\/www.rijeka.hr\/it\/amministrazione-cittadina\/progetti-dellue\/progetti-chiusi\/iris\/","title":{"rendered":"IRIS"},"content":{"rendered":"<h3>Titolo del progetto:<\/h3>\n<h3>IRIS &#8211; Lo sport come meccanismo di integrazione e riabilitazione precoce<\/h3>\n<p><img loading=\"lazy\" decoding=\"async\" width=\"377\" height=\"277\" class=\"aligncenter size-full wp-image-11105\" src=\"https:\/\/www.rijeka.hr\/it\/wp-content\/uploads\/sites\/3\/2020\/09\/IRIS-Sport-kao-mehanizam-rane-integracije-i-rehabilitacije.jpg\" alt=\"\" \/><\/p>\n<h3>Obiettivo del progetto:<\/h3>\n<p>Lo scambio di esperienze nel campo dell&#8217;integrazione dei bambini in et\u00e0 prescolare e degli alunni disabili che frequentano classi inferiori della scuola elementare attraverso lo sport, nonch\u00e9 la preparazione delle condizioni necessarie per la loro riuscita integrazione negli asili d\u2019 infanzia e nelle scuole. L&#8217;obiettivo dell&#8217;integrazione precoce \u00e8 quello di migliorare la qualit\u00e0 della vita delle persone disabili e dei loro tutor e dell&#8217;intera comunit\u00e0 locale, mentre nel lungo periodo ridurr\u00e0 i costi d\u2019intervento necessari per la riabilitazione professionale delle persone disabili.<\/p>\n<h3>Durata: marzo 2014 &#8211; giugno 2015<\/h3>\n<h3>Attivit\u00e0 chiave:<\/h3>\n<ul>\n<li>analisi della situazione e dei bisogni del personale educativo che lavora con bambini con necessit\u00e0 speciali;<\/li>\n<li>sviluppo di un programma educativo bilingue per insegnanti d&#8217;asilo, insegnanti di scuola elementare, operatori sportivi, membri di organizzazioni non governative che supportano persone con disabilit\u00e0 e accompagnatori di persone con disabilit\u00e0<\/li>\n<li>laboratori per educatori e insegnanti come combinazione d\u2019insegnamento classico e &#8220;e-learning&#8221; con l&#8217;obiettivo di formarli per l&#8217;attuazione dell&#8217;integrazione precoce negli asili d\u2019infanzia e nelle classi inferiori della scuola elementare<\/li>\n<li>Trasferimento della pratica positiva negli asili d\u2019infanzia e nelle scuole che non hanno preso parte all&#8217;attuazione del programma pilota;<\/li>\n<li>Festival di cinque giorni ospitato da ciascun partner;<\/li>\n<li>Sito web<\/li>\n<\/ul>\n<h3>Partner:<\/h3>\n<p>Assosport fiumana<br \/>\nIstituto IPAK per l&#8217;analisi simbolica e lo sviluppo IT, Slovenia<br \/>\nCentro comunitario per l&#8217;inclusione e il supporto, Pola<\/p>\n<h3>Budget:<\/h3>\n<ul>\n<li>Budget totale del progetto: 229.599,50 EUR<\/li>\n<li>Finanziamento dell\u2019UE: 191.636,33 EUR<\/li>\n<li>Valore del progetto per l&#8217;Assosport fiumana: EUR 98.142,50<\/li>\n<li>Partecipazione della Citt\u00e0 di Fiume: 14.721,37 EUR<\/li>\n<\/ul>\n<h3>Finanziato con:<\/h3>\n<h3>Programma operativo IPA Slovenia &#8211; Croazia 2007 &#8211; 2013<\/h3>\n<h3>Sito ufficiale:<\/h3>\n<p><a href=\"http:\/\/www.iris-projekt.eu\">www.iris-projekt.eu<\/a><\/p>\n","protected":false},"excerpt":{"rendered":"<p>Titolo del progetto: IRIS &#8211; Lo sport come meccanismo di integrazione e riabilitazione precoce Obiettivo del progetto: Lo scambio di esperienze nel campo dell&#8217;integrazione dei bambini in et\u00e0 prescolare e degli alunni disabili che frequentano classi inferiori della scuola elementare attraverso lo sport, nonch\u00e9 la preparazione delle condizioni necessarie per la loro riuscita integrazione negli&#8230;<\/p>\n","protected":false},"author":3,"featured_media":11105,"parent":2062,"menu_order":0,"comment_status":"closed","ping_status":"closed","template":"","meta":{"_acf_changed":false,"_trash_the_other_posts":false,"footnotes":"","_links_to":"","_links_to_target":""},"tags":[],"class_list":["post-2250","page","type-page","status-publish","has-post-thumbnail","hentry"],"acf":[],"yoast_head":"<!-- This site is optimized with the Yoast SEO plugin v24.4 - https:\/\/yoast.com\/wordpress\/plugins\/seo\/ -->\n<title>IRIS - Citt\u00e0 di Fiume<\/title>\n<meta name=\"robots\" content=\"index, follow, max-snippet:-1, max-image-preview:large, max-video-preview:-1\" \/>\n<link rel=\"canonical\" href=\"https:\/\/www.rijeka.hr\/it\/amministrazione-cittadina\/progetti-dellue\/progetti-chiusi\/iris\/\" \/>\n<meta property=\"og:locale\" content=\"it_IT\" \/>\n<meta property=\"og:type\" content=\"article\" \/>\n<meta property=\"og:title\" content=\"IRIS - Citt\u00e0 di Fiume\" \/>\n<meta property=\"og:description\" content=\"Titolo del progetto: IRIS &#8211; Lo sport come meccanismo di integrazione e riabilitazione precoce Obiettivo del progetto: Lo scambio di esperienze nel campo dell&#8217;integrazione dei bambini in et\u00e0 prescolare e degli alunni disabili che frequentano classi inferiori della scuola elementare attraverso lo sport, nonch\u00e9 la preparazione delle condizioni necessarie per la loro riuscita integrazione negli...\" \/>\n<meta property=\"og:url\" content=\"https:\/\/www.rijeka.hr\/it\/amministrazione-cittadina\/progetti-dellue\/progetti-chiusi\/iris\/\" \/>\n<meta property=\"og:site_name\" content=\"Citt\u00e0 di Fiume\" \/>\n<meta property=\"article:modified_time\" content=\"2021-01-19T13:40:13+00:00\" \/>\n<meta property=\"og:image\" content=\"https:\/\/www.rijeka.hr\/it\/wp-content\/uploads\/sites\/3\/2020\/09\/IRIS-Sport-kao-mehanizam-rane-integracije-i-rehabilitacije.jpg\" \/>\n\t<meta property=\"og:image:width\" content=\"377\" \/>\n\t<meta property=\"og:image:height\" content=\"277\" \/>\n\t<meta property=\"og:image:type\" content=\"image\/jpeg\" \/>\n<meta name=\"twitter:card\" content=\"summary_large_image\" \/>\n<meta name=\"twitter:label1\" content=\"Est. reading time\" \/>\n\t<meta name=\"twitter:data1\" content=\"1 minute\" \/>\n<script type=\"application\/ld+json\" class=\"yoast-schema-graph\">{\"@context\":\"https:\/\/schema.org\",\"@graph\":[{\"@type\":\"WebPage\",\"@id\":\"https:\/\/www.rijeka.hr\/it\/amministrazione-cittadina\/progetti-dellue\/progetti-chiusi\/iris\/\",\"url\":\"https:\/\/www.rijeka.hr\/it\/amministrazione-cittadina\/progetti-dellue\/progetti-chiusi\/iris\/\",\"name\":\"IRIS - Citt\u00e0 di Fiume\",\"isPartOf\":{\"@id\":\"https:\/\/www.rijeka.hr\/it\/#website\"},\"primaryImageOfPage\":{\"@id\":\"https:\/\/www.rijeka.hr\/it\/amministrazione-cittadina\/progetti-dellue\/progetti-chiusi\/iris\/#primaryimage\"},\"image\":{\"@id\":\"https:\/\/www.rijeka.hr\/it\/amministrazione-cittadina\/progetti-dellue\/progetti-chiusi\/iris\/#primaryimage\"},\"thumbnailUrl\":\"https:\/\/www.rijeka.hr\/it\/wp-content\/uploads\/sites\/3\/2020\/09\/IRIS-Sport-kao-mehanizam-rane-integracije-i-rehabilitacije.jpg\",\"datePublished\":\"2016-11-15T08:24:03+00:00\",\"dateModified\":\"2021-01-19T13:40:13+00:00\",\"breadcrumb\":{\"@id\":\"https:\/\/www.rijeka.hr\/it\/amministrazione-cittadina\/progetti-dellue\/progetti-chiusi\/iris\/#breadcrumb\"},\"inLanguage\":\"it-IT\",\"potentialAction\":[{\"@type\":\"ReadAction\",\"target\":[\"https:\/\/www.rijeka.hr\/it\/amministrazione-cittadina\/progetti-dellue\/progetti-chiusi\/iris\/\"]}]},{\"@type\":\"ImageObject\",\"inLanguage\":\"it-IT\",\"@id\":\"https:\/\/www.rijeka.hr\/it\/amministrazione-cittadina\/progetti-dellue\/progetti-chiusi\/iris\/#primaryimage\",\"url\":\"https:\/\/www.rijeka.hr\/it\/wp-content\/uploads\/sites\/3\/2020\/09\/IRIS-Sport-kao-mehanizam-rane-integracije-i-rehabilitacije.jpg\",\"contentUrl\":\"https:\/\/www.rijeka.hr\/it\/wp-content\/uploads\/sites\/3\/2020\/09\/IRIS-Sport-kao-mehanizam-rane-integracije-i-rehabilitacije.jpg\",\"width\":377,\"height\":277},{\"@type\":\"BreadcrumbList\",\"@id\":\"https:\/\/www.rijeka.hr\/it\/amministrazione-cittadina\/progetti-dellue\/progetti-chiusi\/iris\/#breadcrumb\",\"itemListElement\":[{\"@type\":\"ListItem\",\"position\":1,\"name\":\"Po\u010detna stranica\",\"item\":\"https:\/\/www.rijeka.hr\/it\/\"},{\"@type\":\"ListItem\",\"position\":2,\"name\":\"Amministrazione cittadina\",\"item\":\"https:\/\/www.rijeka.hr\/it\/amministrazione-cittadina\/\"},{\"@type\":\"ListItem\",\"position\":3,\"name\":\"Progetti dell&#8217;UE\",\"item\":\"https:\/\/www.rijeka.hr\/it\/amministrazione-cittadina\/progetti-dellue\/\"},{\"@type\":\"ListItem\",\"position\":4,\"name\":\"Progetti chiusi\",\"item\":\"https:\/\/www.rijeka.hr\/it\/amministrazione-cittadina\/progetti-dellue\/progetti-chiusi\/\"},{\"@type\":\"ListItem\",\"position\":5,\"name\":\"IRIS\"}]},{\"@type\":\"WebSite\",\"@id\":\"https:\/\/www.rijeka.hr\/it\/#website\",\"url\":\"https:\/\/www.rijeka.hr\/it\/\",\"name\":\"Citt\u00e0 di Fiume\",\"description\":\"Portale web della Citta&#039; di Fiume\",\"potentialAction\":[{\"@type\":\"SearchAction\",\"target\":{\"@type\":\"EntryPoint\",\"urlTemplate\":\"https:\/\/www.rijeka.hr\/it\/?s={search_term_string}\"},\"query-input\":{\"@type\":\"PropertyValueSpecification\",\"valueRequired\":true,\"valueName\":\"search_term_string\"}}],\"inLanguage\":\"it-IT\"}]}<\/script>\n<!-- \/ Yoast SEO plugin. -->","yoast_head_json":{"title":"IRIS - Citt\u00e0 di Fiume","robots":{"index":"index","follow":"follow","max-snippet":"max-snippet:-1","max-image-preview":"max-image-preview:large","max-video-preview":"max-video-preview:-1"},"canonical":"https:\/\/www.rijeka.hr\/it\/amministrazione-cittadina\/progetti-dellue\/progetti-chiusi\/iris\/","og_locale":"it_IT","og_type":"article","og_title":"IRIS - Citt\u00e0 di Fiume","og_description":"Titolo del progetto: IRIS &#8211; Lo sport come meccanismo di integrazione e riabilitazione precoce Obiettivo del progetto: Lo scambio di esperienze nel campo dell&#8217;integrazione dei bambini in et\u00e0 prescolare e degli alunni disabili che frequentano classi inferiori della scuola elementare attraverso lo sport, nonch\u00e9 la preparazione delle condizioni necessarie per la loro riuscita integrazione negli...","og_url":"https:\/\/www.rijeka.hr\/it\/amministrazione-cittadina\/progetti-dellue\/progetti-chiusi\/iris\/","og_site_name":"Citt\u00e0 di Fiume","article_modified_time":"2021-01-19T13:40:13+00:00","og_image":[{"width":377,"height":277,"url":"https:\/\/www.rijeka.hr\/it\/wp-content\/uploads\/sites\/3\/2020\/09\/IRIS-Sport-kao-mehanizam-rane-integracije-i-rehabilitacije.jpg","type":"image\/jpeg"}],"twitter_card":"summary_large_image","twitter_misc":{"Est. reading time":"1 minute"},"schema":{"@context":"https:\/\/schema.org","@graph":[{"@type":"WebPage","@id":"https:\/\/www.rijeka.hr\/it\/amministrazione-cittadina\/progetti-dellue\/progetti-chiusi\/iris\/","url":"https:\/\/www.rijeka.hr\/it\/amministrazione-cittadina\/progetti-dellue\/progetti-chiusi\/iris\/","name":"IRIS - Citt\u00e0 di Fiume","isPartOf":{"@id":"https:\/\/www.rijeka.hr\/it\/#website"},"primaryImageOfPage":{"@id":"https:\/\/www.rijeka.hr\/it\/amministrazione-cittadina\/progetti-dellue\/progetti-chiusi\/iris\/#primaryimage"},"image":{"@id":"https:\/\/www.rijeka.hr\/it\/amministrazione-cittadina\/progetti-dellue\/progetti-chiusi\/iris\/#primaryimage"},"thumbnailUrl":"https:\/\/www.rijeka.hr\/it\/wp-content\/uploads\/sites\/3\/2020\/09\/IRIS-Sport-kao-mehanizam-rane-integracije-i-rehabilitacije.jpg","datePublished":"2016-11-15T08:24:03+00:00","dateModified":"2021-01-19T13:40:13+00:00","breadcrumb":{"@id":"https:\/\/www.rijeka.hr\/it\/amministrazione-cittadina\/progetti-dellue\/progetti-chiusi\/iris\/#breadcrumb"},"inLanguage":"it-IT","potentialAction":[{"@type":"ReadAction","target":["https:\/\/www.rijeka.hr\/it\/amministrazione-cittadina\/progetti-dellue\/progetti-chiusi\/iris\/"]}]},{"@type":"ImageObject","inLanguage":"it-IT","@id":"https:\/\/www.rijeka.hr\/it\/amministrazione-cittadina\/progetti-dellue\/progetti-chiusi\/iris\/#primaryimage","url":"https:\/\/www.rijeka.hr\/it\/wp-content\/uploads\/sites\/3\/2020\/09\/IRIS-Sport-kao-mehanizam-rane-integracije-i-rehabilitacije.jpg","contentUrl":"https:\/\/www.rijeka.hr\/it\/wp-content\/uploads\/sites\/3\/2020\/09\/IRIS-Sport-kao-mehanizam-rane-integracije-i-rehabilitacije.jpg","width":377,"height":277},{"@type":"BreadcrumbList","@id":"https:\/\/www.rijeka.hr\/it\/amministrazione-cittadina\/progetti-dellue\/progetti-chiusi\/iris\/#breadcrumb","itemListElement":[{"@type":"ListItem","position":1,"name":"Po\u010detna stranica","item":"https:\/\/www.rijeka.hr\/it\/"},{"@type":"ListItem","position":2,"name":"Amministrazione cittadina","item":"https:\/\/www.rijeka.hr\/it\/amministrazione-cittadina\/"},{"@type":"ListItem","position":3,"name":"Progetti dell&#8217;UE","item":"https:\/\/www.rijeka.hr\/it\/amministrazione-cittadina\/progetti-dellue\/"},{"@type":"ListItem","position":4,"name":"Progetti chiusi","item":"https:\/\/www.rijeka.hr\/it\/amministrazione-cittadina\/progetti-dellue\/progetti-chiusi\/"},{"@type":"ListItem","position":5,"name":"IRIS"}]},{"@type":"WebSite","@id":"https:\/\/www.rijeka.hr\/it\/#website","url":"https:\/\/www.rijeka.hr\/it\/","name":"Citt\u00e0 di Fiume","description":"Portale web della Citta&#039; di Fiume","potentialAction":[{"@type":"SearchAction","target":{"@type":"EntryPoint","urlTemplate":"https:\/\/www.rijeka.hr\/it\/?s={search_term_string}"},"query-input":{"@type":"PropertyValueSpecification","valueRequired":true,"valueName":"search_term_string"}}],"inLanguage":"it-IT"}]}},"_links":{"self":[{"href":"https:\/\/www.rijeka.hr\/it\/wp-json\/wp\/v2\/pages\/2250","targetHints":{"allow":["GET"]}}],"collection":[{"href":"https:\/\/www.rijeka.hr\/it\/wp-json\/wp\/v2\/pages"}],"about":[{"href":"https:\/\/www.rijeka.hr\/it\/wp-json\/wp\/v2\/types\/page"}],"author":[{"embeddable":true,"href":"https:\/\/www.rijeka.hr\/it\/wp-json\/wp\/v2\/users\/3"}],"replies":[{"embeddable":true,"href":"https:\/\/www.rijeka.hr\/it\/wp-json\/wp\/v2\/comments?post=2250"}],"version-history":[{"count":2,"href":"https:\/\/www.rijeka.hr\/it\/wp-json\/wp\/v2\/pages\/2250\/revisions"}],"predecessor-version":[{"id":11107,"href":"https:\/\/www.rijeka.hr\/it\/wp-json\/wp\/v2\/pages\/2250\/revisions\/11107"}],"up":[{"embeddable":true,"href":"https:\/\/www.rijeka.hr\/it\/wp-json\/wp\/v2\/pages\/2062"}],"wp:featuredmedia":[{"embeddable":true,"href":"https:\/\/www.rijeka.hr\/it\/wp-json\/wp\/v2\/media\/11105"}],"wp:attachment":[{"href":"https:\/\/www.rijeka.hr\/it\/wp-json\/wp\/v2\/media?parent=2250"}],"wp:term":[{"taxonomy":"post_tag","embeddable":true,"href":"https:\/\/www.rijeka.hr\/it\/wp-json\/wp\/v2\/tags?post=2250"}],"curies":[{"name":"wp","href":"https:\/\/api.w.org\/{rel}","templated":true}]}}