{"id":2285,"date":"2016-11-15T12:31:09","date_gmt":"2016-11-15T11:31:09","guid":{"rendered":"https:\/\/www.rijeka.hr\/it\/?page_id=2285"},"modified":"2025-12-11T14:17:53","modified_gmt":"2025-12-11T13:17:53","slug":"lappartenenza-ad-associazioni-internazionali","status":"publish","type":"page","link":"https:\/\/www.rijeka.hr\/it\/amministrazione-cittadina\/collaborazione-internazionale\/lappartenenza-ad-associazioni-internazionali\/","title":{"rendered":"L&#8217;appartenenza ad associazioni internazionali"},"content":{"rendered":"<p>La partecipazione ad associazioni internazionali permette alla Citt\u00e0 di Fiume, attraverso l&#8217;acquisto e lo scambio di esperienze, di dedicarsi in modo migliore ai propri progetti di sviluppo, nonch\u00e9 la loro promozione internazionale.<br \/>\nLa Citt\u00e0 di Fiume \u00e8 membro della seguenti associazioni internazionali:<\/p>\n<ul>\n<li><a href=\"http:\/\/www.euro.who.int\/en\/health-topics\/environment-and-health\/urban-health\">Rete Europea Citt\u00e0 sane<\/a><\/li>\n<li><a href=\"http:\/\/www.gisig.eu\/\">GISIG (Gruppo internazionale per i sistemi informativi geografici)<\/a><\/li>\n<li><a href=\"http:\/\/www.eurocities.eu\/\">EUROCITIES \u2013 (Rete delle citt\u00e0 europee)<\/a><\/li>\n<li><a href=\"http:\/\/www.likeculture.eu\/\">LIKE \u2013 Citt\u00e0 e regioni d\u2019Europa per la cultura<\/a><\/li>\n<li><a href=\"http:\/\/www.carnivalcities.com\/\">FECC \u2013 Federazione Europea delle Citt\u00e0 del Carnevale<\/a><\/li>\n<li><a href=\"http:\/\/www.citiesonwater.com\/\">Centro Internazionale Citt\u00e0 d\u2019Acqua <\/a><\/li>\n<li><a href=\"http:\/\/www.faic.eu\/index_en.asp\">Forum delle Citt\u00e0 dell\u2019Adriatico e dello Ionio<\/a><\/li>\n<li><a href=\"http:\/\/www.energy-cities.eu\/\">Energie Cities \u2013 Associazione europea degli enti locali che promuovono una politica energetica locale sostenibile<\/a><\/li>\n<li><a href=\"http:\/\/www.citiesforchildren.eu\/\">Citt\u00e0 per i bambini<\/a><\/li>\n<li>Iniziativa europea \u2013 Il patto dei sindaci rivolto alla riduzione delle emissioni di gas a effetto serra<\/li>\n<li><a href=\"http:\/\/www.majorcities.eu\/\">Major Cities of Europe \u2013 IT Users Group<\/a><\/li>\n<li><a href=\"http:\/\/www.europeancitiesmarketing.com\/\">Associazione internazionale &#8211; European Cities Marketing<\/a><\/li>\n<li><a href=\"http:\/\/www.culturalpolicies.net\/web\/intercultural-cities.php\">Rete internazionale &#8220;Intercultural cities&#8221;<\/a><\/li>\n<\/ul>\n","protected":false},"excerpt":{"rendered":"<p>La partecipazione ad associazioni internazionali permette alla Citt\u00e0 di Fiume, attraverso l&#8217;acquisto e lo scambio di esperienze, di dedicarsi in modo migliore ai propri progetti di sviluppo, nonch\u00e9 la loro promozione internazionale. La Citt\u00e0 di Fiume \u00e8 membro della seguenti associazioni internazionali: Rete Europea Citt\u00e0 sane GISIG (Gruppo internazionale per i sistemi informativi geografici) EUROCITIES&#8230;<\/p>\n","protected":false},"author":5,"featured_media":0,"parent":2065,"menu_order":0,"comment_status":"closed","ping_status":"closed","template":"","meta":{"_acf_changed":false,"_trash_the_other_posts":false,"footnotes":"","_links_to":"","_links_to_target":""},"tags":[],"class_list":["post-2285","page","type-page","status-publish","hentry"],"acf":[],"yoast_head":"<!-- This site is optimized with the Yoast SEO plugin v24.4 - https:\/\/yoast.com\/wordpress\/plugins\/seo\/ -->\n<title>L&#039;appartenenza ad associazioni internazionali - Citt\u00e0 di Fiume<\/title>\n<meta name=\"robots\" content=\"index, follow, max-snippet:-1, max-image-preview:large, max-video-preview:-1\" \/>\n<link rel=\"canonical\" href=\"https:\/\/www.rijeka.hr\/it\/amministrazione-cittadina\/collaborazione-internazionale\/lappartenenza-ad-associazioni-internazionali\/\" \/>\n<meta property=\"og:locale\" content=\"it_IT\" \/>\n<meta property=\"og:type\" content=\"article\" \/>\n<meta property=\"og:title\" content=\"L&#039;appartenenza ad associazioni internazionali - Citt\u00e0 di Fiume\" \/>\n<meta property=\"og:description\" content=\"La partecipazione ad associazioni internazionali permette alla Citt\u00e0 di Fiume, attraverso l&#8217;acquisto e lo scambio di esperienze, di dedicarsi in modo migliore ai propri progetti di sviluppo, nonch\u00e9 la loro promozione internazionale. La Citt\u00e0 di Fiume \u00e8 membro della seguenti associazioni internazionali: Rete Europea Citt\u00e0 sane GISIG (Gruppo internazionale per i sistemi informativi geografici) EUROCITIES...\" \/>\n<meta property=\"og:url\" content=\"https:\/\/www.rijeka.hr\/it\/amministrazione-cittadina\/collaborazione-internazionale\/lappartenenza-ad-associazioni-internazionali\/\" \/>\n<meta property=\"og:site_name\" content=\"Citt\u00e0 di Fiume\" \/>\n<meta property=\"article:modified_time\" content=\"2025-12-11T13:17:53+00:00\" \/>\n<meta name=\"twitter:card\" content=\"summary_large_image\" \/>\n<meta name=\"twitter:label1\" content=\"Est. reading time\" \/>\n\t<meta name=\"twitter:data1\" content=\"1 minute\" \/>\n<script type=\"application\/ld+json\" class=\"yoast-schema-graph\">{\"@context\":\"https:\/\/schema.org\",\"@graph\":[{\"@type\":\"WebPage\",\"@id\":\"https:\/\/www.rijeka.hr\/it\/amministrazione-cittadina\/collaborazione-internazionale\/lappartenenza-ad-associazioni-internazionali\/\",\"url\":\"https:\/\/www.rijeka.hr\/it\/amministrazione-cittadina\/collaborazione-internazionale\/lappartenenza-ad-associazioni-internazionali\/\",\"name\":\"L'appartenenza ad associazioni internazionali - Citt\u00e0 di Fiume\",\"isPartOf\":{\"@id\":\"https:\/\/www.rijeka.hr\/it\/#website\"},\"datePublished\":\"2016-11-15T11:31:09+00:00\",\"dateModified\":\"2025-12-11T13:17:53+00:00\",\"breadcrumb\":{\"@id\":\"https:\/\/www.rijeka.hr\/it\/amministrazione-cittadina\/collaborazione-internazionale\/lappartenenza-ad-associazioni-internazionali\/#breadcrumb\"},\"inLanguage\":\"it-IT\",\"potentialAction\":[{\"@type\":\"ReadAction\",\"target\":[\"https:\/\/www.rijeka.hr\/it\/amministrazione-cittadina\/collaborazione-internazionale\/lappartenenza-ad-associazioni-internazionali\/\"]}]},{\"@type\":\"BreadcrumbList\",\"@id\":\"https:\/\/www.rijeka.hr\/it\/amministrazione-cittadina\/collaborazione-internazionale\/lappartenenza-ad-associazioni-internazionali\/#breadcrumb\",\"itemListElement\":[{\"@type\":\"ListItem\",\"position\":1,\"name\":\"Po\u010detna stranica\",\"item\":\"https:\/\/www.rijeka.hr\/it\/\"},{\"@type\":\"ListItem\",\"position\":2,\"name\":\"Amministrazione cittadina\",\"item\":\"https:\/\/www.rijeka.hr\/it\/amministrazione-cittadina\/\"},{\"@type\":\"ListItem\",\"position\":3,\"name\":\"Collaborazione internazionale\",\"item\":\"https:\/\/www.rijeka.hr\/it\/amministrazione-cittadina\/collaborazione-internazionale\/\"},{\"@type\":\"ListItem\",\"position\":4,\"name\":\"L&#8217;appartenenza ad associazioni internazionali\"}]},{\"@type\":\"WebSite\",\"@id\":\"https:\/\/www.rijeka.hr\/it\/#website\",\"url\":\"https:\/\/www.rijeka.hr\/it\/\",\"name\":\"Citt\u00e0 di Fiume\",\"description\":\"Portale web della Citta&#039; di Fiume\",\"potentialAction\":[{\"@type\":\"SearchAction\",\"target\":{\"@type\":\"EntryPoint\",\"urlTemplate\":\"https:\/\/www.rijeka.hr\/it\/?s={search_term_string}\"},\"query-input\":{\"@type\":\"PropertyValueSpecification\",\"valueRequired\":true,\"valueName\":\"search_term_string\"}}],\"inLanguage\":\"it-IT\"}]}<\/script>\n<!-- \/ Yoast SEO plugin. -->","yoast_head_json":{"title":"L'appartenenza ad associazioni internazionali - Citt\u00e0 di Fiume","robots":{"index":"index","follow":"follow","max-snippet":"max-snippet:-1","max-image-preview":"max-image-preview:large","max-video-preview":"max-video-preview:-1"},"canonical":"https:\/\/www.rijeka.hr\/it\/amministrazione-cittadina\/collaborazione-internazionale\/lappartenenza-ad-associazioni-internazionali\/","og_locale":"it_IT","og_type":"article","og_title":"L'appartenenza ad associazioni internazionali - Citt\u00e0 di Fiume","og_description":"La partecipazione ad associazioni internazionali permette alla Citt\u00e0 di Fiume, attraverso l&#8217;acquisto e lo scambio di esperienze, di dedicarsi in modo migliore ai propri progetti di sviluppo, nonch\u00e9 la loro promozione internazionale. La Citt\u00e0 di Fiume \u00e8 membro della seguenti associazioni internazionali: Rete Europea Citt\u00e0 sane GISIG (Gruppo internazionale per i sistemi informativi geografici) EUROCITIES...","og_url":"https:\/\/www.rijeka.hr\/it\/amministrazione-cittadina\/collaborazione-internazionale\/lappartenenza-ad-associazioni-internazionali\/","og_site_name":"Citt\u00e0 di Fiume","article_modified_time":"2025-12-11T13:17:53+00:00","twitter_card":"summary_large_image","twitter_misc":{"Est. reading time":"1 minute"},"schema":{"@context":"https:\/\/schema.org","@graph":[{"@type":"WebPage","@id":"https:\/\/www.rijeka.hr\/it\/amministrazione-cittadina\/collaborazione-internazionale\/lappartenenza-ad-associazioni-internazionali\/","url":"https:\/\/www.rijeka.hr\/it\/amministrazione-cittadina\/collaborazione-internazionale\/lappartenenza-ad-associazioni-internazionali\/","name":"L'appartenenza ad associazioni internazionali - Citt\u00e0 di Fiume","isPartOf":{"@id":"https:\/\/www.rijeka.hr\/it\/#website"},"datePublished":"2016-11-15T11:31:09+00:00","dateModified":"2025-12-11T13:17:53+00:00","breadcrumb":{"@id":"https:\/\/www.rijeka.hr\/it\/amministrazione-cittadina\/collaborazione-internazionale\/lappartenenza-ad-associazioni-internazionali\/#breadcrumb"},"inLanguage":"it-IT","potentialAction":[{"@type":"ReadAction","target":["https:\/\/www.rijeka.hr\/it\/amministrazione-cittadina\/collaborazione-internazionale\/lappartenenza-ad-associazioni-internazionali\/"]}]},{"@type":"BreadcrumbList","@id":"https:\/\/www.rijeka.hr\/it\/amministrazione-cittadina\/collaborazione-internazionale\/lappartenenza-ad-associazioni-internazionali\/#breadcrumb","itemListElement":[{"@type":"ListItem","position":1,"name":"Po\u010detna stranica","item":"https:\/\/www.rijeka.hr\/it\/"},{"@type":"ListItem","position":2,"name":"Amministrazione cittadina","item":"https:\/\/www.rijeka.hr\/it\/amministrazione-cittadina\/"},{"@type":"ListItem","position":3,"name":"Collaborazione internazionale","item":"https:\/\/www.rijeka.hr\/it\/amministrazione-cittadina\/collaborazione-internazionale\/"},{"@type":"ListItem","position":4,"name":"L&#8217;appartenenza ad associazioni internazionali"}]},{"@type":"WebSite","@id":"https:\/\/www.rijeka.hr\/it\/#website","url":"https:\/\/www.rijeka.hr\/it\/","name":"Citt\u00e0 di Fiume","description":"Portale web della Citta&#039; di Fiume","potentialAction":[{"@type":"SearchAction","target":{"@type":"EntryPoint","urlTemplate":"https:\/\/www.rijeka.hr\/it\/?s={search_term_string}"},"query-input":{"@type":"PropertyValueSpecification","valueRequired":true,"valueName":"search_term_string"}}],"inLanguage":"it-IT"}]}},"_links":{"self":[{"href":"https:\/\/www.rijeka.hr\/it\/wp-json\/wp\/v2\/pages\/2285","targetHints":{"allow":["GET"]}}],"collection":[{"href":"https:\/\/www.rijeka.hr\/it\/wp-json\/wp\/v2\/pages"}],"about":[{"href":"https:\/\/www.rijeka.hr\/it\/wp-json\/wp\/v2\/types\/page"}],"author":[{"embeddable":true,"href":"https:\/\/www.rijeka.hr\/it\/wp-json\/wp\/v2\/users\/5"}],"replies":[{"embeddable":true,"href":"https:\/\/www.rijeka.hr\/it\/wp-json\/wp\/v2\/comments?post=2285"}],"version-history":[{"count":4,"href":"https:\/\/www.rijeka.hr\/it\/wp-json\/wp\/v2\/pages\/2285\/revisions"}],"predecessor-version":[{"id":20102,"href":"https:\/\/www.rijeka.hr\/it\/wp-json\/wp\/v2\/pages\/2285\/revisions\/20102"}],"up":[{"embeddable":true,"href":"https:\/\/www.rijeka.hr\/it\/wp-json\/wp\/v2\/pages\/2065"}],"wp:attachment":[{"href":"https:\/\/www.rijeka.hr\/it\/wp-json\/wp\/v2\/media?parent=2285"}],"wp:term":[{"taxonomy":"post_tag","embeddable":true,"href":"https:\/\/www.rijeka.hr\/it\/wp-json\/wp\/v2\/tags?post=2285"}],"curies":[{"name":"wp","href":"https:\/\/api.w.org\/{rel}","templated":true}]}}