{"id":2291,"date":"2016-11-15T12:59:32","date_gmt":"2016-11-15T11:59:32","guid":{"rendered":"https:\/\/www.rijeka.hr\/it\/?page_id=2291"},"modified":"2023-03-28T15:42:40","modified_gmt":"2023-03-28T13:42:40","slug":"premi-della-citta-fiume","status":"publish","type":"page","link":"https:\/\/www.rijeka.hr\/it\/amministrazione-cittadina\/premi-della-citta-fiume\/","title":{"rendered":"Premi della Citt\u00e0 di Fiume"},"content":{"rendered":"<p>Al fine di rendere riconoscimento per i conseguimenti eccezionali e contributi particolari allo sviluppo e alla promozione del prestigio della citt\u00e0 di Fiume nei settori dell&#8217;economia, della scienza, della cultura, della sanit\u00e0 e della previdenza sociale, dell&#8217;educazione e dell&#8217;istruzione, dello sport e della cultura tecnica, della tutela dell\u2019ambiente e di altre attivit\u00e0 pubbliche, la Citt\u00e0 di Fiume conferisce riconoscimenti pubblici.<\/p>\n<h3>I riconoscimenti pubblici della Citt\u00e0 di Fiume sono:<\/h3>\n<ul>\n<li><strong>Il premio della Citt\u00e0 di Fiume per l\u2019opera omnia,<\/strong><\/li>\n<li><strong>La Targa d\u2019oro \u201cLo stemma della Citt\u00e0 di Fiume\u201d,<\/strong><\/li>\n<li><strong>Il premio annuale della Citt\u00e0 di Fiume,<\/strong><\/li>\n<li><strong>Cittadino d\u2019onore della Citt\u00e0 di Fiume.<\/strong><\/li>\n<\/ul>\n<p>Su proposta del Comitato per i riconoscimenti pubblici della Citt\u00e0 di Fiume, il Consiglio cittadino prende la Decisione sul conferimento dei riconoscimenti pubblici della Citt\u00e0 di Fiume. Le proposte di conferimento dei riconoscimenti pubblici della Citt\u00e0 di Fiume vengono presentate al Comitato per i riconoscimenti pubblici in base ad un invito pubblico indetto da parte del Comitato per i riconoscimenti pubblici nel bollettino pubblico locale e sul sito web della Citt\u00e0 di Fiume al pi\u00f9 tardi entro la fine del mese di gennaio dell\u2019anno corrente. Il testo dell\u2019invito pubblico contiene le condizioni per l\u2019assegnamento dei riconoscimenti pubblici, i dati sulla documentazione che deve essere allegata alla proposta e i termini per la presentazione delle proposte.<\/p>\n<p>Il diritto a presentare proposte per l\u2019assegnazione dei Premi della Citt\u00e0 di Fiume per l\u2019opera omnia, delle Targhe d\u2019oro \u201cLo Stemma della Citt\u00e0 di Fiume\u201d e Premi annuali della Citt\u00e0 di Fiume hanno i cittadini della citt\u00e0 di Fiume, persone giuridiche domestiche e il sindaco della Citt\u00e0 di Fiume. Il sindaco della Citt\u00e0 di Fiume e i membri del Consiglio cittadino hanno il diritto a presentare proposte per la proclamazione del Cittadini d\u2019onore della Citt\u00e0 di Fiume.<\/p>\n<p>La proposta per l\u2019assegnazione dei riconoscimenti pubblici della Citt\u00e0 di Fiume viene presentata per iscritto. Il processo, le condizioni e il metodo d\u2019assegnazione dei riconoscimenti pubblici della Citt\u00e0 di Fiume sono stati stabiliti nella Decisione sui riconoscimenti pubblici della Citt\u00e0 di Fiume (GU RLM <a href=\"http:\/\/www.sn.pgz.hr\/default.asp?Link=odluke&amp;id=27270\">14\/2013<\/a>).<\/p>\n\n    <div class=\"featured-pages\">\n\n        <ul>\n                            <li><a href=\"https:\/\/www.rijeka.hr\/it\/amministrazione-cittadina\/premi-della-citta-fiume\/vincitori-dei-premi-della-citta-fiume-dallanno-1955-ad-oggi\/\">Vincitori dei premi della Citt\u00e0 di Fiume<\/a><\/li>\n                    <\/ul>\n \n    <\/div>\n\n    \n","protected":false},"excerpt":{"rendered":"<p>Al fine di rendere riconoscimento per i conseguimenti eccezionali e contributi particolari allo sviluppo e alla promozione del prestigio della citt\u00e0 di Fiume nei settori dell&#8217;economia, della scienza, della cultura, della sanit\u00e0 e della previdenza sociale, dell&#8217;educazione e dell&#8217;istruzione, dello sport e della cultura tecnica, della tutela dell\u2019ambiente e di altre attivit\u00e0 pubbliche, la Citt\u00e0&#8230;<\/p>\n","protected":false},"author":2,"featured_media":0,"parent":1833,"menu_order":134,"comment_status":"closed","ping_status":"closed","template":"","meta":{"_acf_changed":false,"_trash_the_other_posts":false,"footnotes":"","_links_to":"","_links_to_target":""},"tags":[],"class_list":["post-2291","page","type-page","status-publish","hentry"],"acf":[],"yoast_head":"<!-- This site is optimized with the Yoast SEO plugin v24.4 - https:\/\/yoast.com\/wordpress\/plugins\/seo\/ -->\n<title>Premi della Citt\u00e0 di Fiume - Citt\u00e0 di Fiume<\/title>\n<meta name=\"robots\" content=\"index, follow, max-snippet:-1, max-image-preview:large, max-video-preview:-1\" \/>\n<link rel=\"canonical\" href=\"https:\/\/www.rijeka.hr\/it\/amministrazione-cittadina\/premi-della-citta-fiume\/\" \/>\n<meta property=\"og:locale\" content=\"it_IT\" \/>\n<meta property=\"og:type\" content=\"article\" \/>\n<meta property=\"og:title\" content=\"Premi della Citt\u00e0 di Fiume - Citt\u00e0 di Fiume\" \/>\n<meta property=\"og:description\" content=\"Al fine di rendere riconoscimento per i conseguimenti eccezionali e contributi particolari allo sviluppo e alla promozione del prestigio della citt\u00e0 di Fiume nei settori dell&#8217;economia, della scienza, della cultura, della sanit\u00e0 e della previdenza sociale, dell&#8217;educazione e dell&#8217;istruzione, dello sport e della cultura tecnica, della tutela dell\u2019ambiente e di altre attivit\u00e0 pubbliche, la Citt\u00e0...\" \/>\n<meta property=\"og:url\" content=\"https:\/\/www.rijeka.hr\/it\/amministrazione-cittadina\/premi-della-citta-fiume\/\" \/>\n<meta property=\"og:site_name\" content=\"Citt\u00e0 di Fiume\" \/>\n<meta property=\"article:modified_time\" content=\"2023-03-28T13:42:40+00:00\" \/>\n<meta name=\"twitter:card\" content=\"summary_large_image\" \/>\n<meta name=\"twitter:label1\" content=\"Est. reading time\" \/>\n\t<meta name=\"twitter:data1\" content=\"2 minutes\" \/>\n<script type=\"application\/ld+json\" class=\"yoast-schema-graph\">{\"@context\":\"https:\/\/schema.org\",\"@graph\":[{\"@type\":\"WebPage\",\"@id\":\"https:\/\/www.rijeka.hr\/it\/amministrazione-cittadina\/premi-della-citta-fiume\/\",\"url\":\"https:\/\/www.rijeka.hr\/it\/amministrazione-cittadina\/premi-della-citta-fiume\/\",\"name\":\"Premi della Citt\u00e0 di Fiume - Citt\u00e0 di Fiume\",\"isPartOf\":{\"@id\":\"https:\/\/www.rijeka.hr\/it\/#website\"},\"datePublished\":\"2016-11-15T11:59:32+00:00\",\"dateModified\":\"2023-03-28T13:42:40+00:00\",\"breadcrumb\":{\"@id\":\"https:\/\/www.rijeka.hr\/it\/amministrazione-cittadina\/premi-della-citta-fiume\/#breadcrumb\"},\"inLanguage\":\"it-IT\",\"potentialAction\":[{\"@type\":\"ReadAction\",\"target\":[\"https:\/\/www.rijeka.hr\/it\/amministrazione-cittadina\/premi-della-citta-fiume\/\"]}]},{\"@type\":\"BreadcrumbList\",\"@id\":\"https:\/\/www.rijeka.hr\/it\/amministrazione-cittadina\/premi-della-citta-fiume\/#breadcrumb\",\"itemListElement\":[{\"@type\":\"ListItem\",\"position\":1,\"name\":\"Po\u010detna stranica\",\"item\":\"https:\/\/www.rijeka.hr\/it\/\"},{\"@type\":\"ListItem\",\"position\":2,\"name\":\"Amministrazione cittadina\",\"item\":\"https:\/\/www.rijeka.hr\/it\/amministrazione-cittadina\/\"},{\"@type\":\"ListItem\",\"position\":3,\"name\":\"Premi della Citt\u00e0 di Fiume\"}]},{\"@type\":\"WebSite\",\"@id\":\"https:\/\/www.rijeka.hr\/it\/#website\",\"url\":\"https:\/\/www.rijeka.hr\/it\/\",\"name\":\"Citt\u00e0 di Fiume\",\"description\":\"Portale web della Citta&#039; di Fiume\",\"potentialAction\":[{\"@type\":\"SearchAction\",\"target\":{\"@type\":\"EntryPoint\",\"urlTemplate\":\"https:\/\/www.rijeka.hr\/it\/?s={search_term_string}\"},\"query-input\":{\"@type\":\"PropertyValueSpecification\",\"valueRequired\":true,\"valueName\":\"search_term_string\"}}],\"inLanguage\":\"it-IT\"}]}<\/script>\n<!-- \/ Yoast SEO plugin. -->","yoast_head_json":{"title":"Premi della Citt\u00e0 di Fiume - Citt\u00e0 di Fiume","robots":{"index":"index","follow":"follow","max-snippet":"max-snippet:-1","max-image-preview":"max-image-preview:large","max-video-preview":"max-video-preview:-1"},"canonical":"https:\/\/www.rijeka.hr\/it\/amministrazione-cittadina\/premi-della-citta-fiume\/","og_locale":"it_IT","og_type":"article","og_title":"Premi della Citt\u00e0 di Fiume - Citt\u00e0 di Fiume","og_description":"Al fine di rendere riconoscimento per i conseguimenti eccezionali e contributi particolari allo sviluppo e alla promozione del prestigio della citt\u00e0 di Fiume nei settori dell&#8217;economia, della scienza, della cultura, della sanit\u00e0 e della previdenza sociale, dell&#8217;educazione e dell&#8217;istruzione, dello sport e della cultura tecnica, della tutela dell\u2019ambiente e di altre attivit\u00e0 pubbliche, la Citt\u00e0...","og_url":"https:\/\/www.rijeka.hr\/it\/amministrazione-cittadina\/premi-della-citta-fiume\/","og_site_name":"Citt\u00e0 di Fiume","article_modified_time":"2023-03-28T13:42:40+00:00","twitter_card":"summary_large_image","twitter_misc":{"Est. reading time":"2 minutes"},"schema":{"@context":"https:\/\/schema.org","@graph":[{"@type":"WebPage","@id":"https:\/\/www.rijeka.hr\/it\/amministrazione-cittadina\/premi-della-citta-fiume\/","url":"https:\/\/www.rijeka.hr\/it\/amministrazione-cittadina\/premi-della-citta-fiume\/","name":"Premi della Citt\u00e0 di Fiume - Citt\u00e0 di Fiume","isPartOf":{"@id":"https:\/\/www.rijeka.hr\/it\/#website"},"datePublished":"2016-11-15T11:59:32+00:00","dateModified":"2023-03-28T13:42:40+00:00","breadcrumb":{"@id":"https:\/\/www.rijeka.hr\/it\/amministrazione-cittadina\/premi-della-citta-fiume\/#breadcrumb"},"inLanguage":"it-IT","potentialAction":[{"@type":"ReadAction","target":["https:\/\/www.rijeka.hr\/it\/amministrazione-cittadina\/premi-della-citta-fiume\/"]}]},{"@type":"BreadcrumbList","@id":"https:\/\/www.rijeka.hr\/it\/amministrazione-cittadina\/premi-della-citta-fiume\/#breadcrumb","itemListElement":[{"@type":"ListItem","position":1,"name":"Po\u010detna stranica","item":"https:\/\/www.rijeka.hr\/it\/"},{"@type":"ListItem","position":2,"name":"Amministrazione cittadina","item":"https:\/\/www.rijeka.hr\/it\/amministrazione-cittadina\/"},{"@type":"ListItem","position":3,"name":"Premi della Citt\u00e0 di Fiume"}]},{"@type":"WebSite","@id":"https:\/\/www.rijeka.hr\/it\/#website","url":"https:\/\/www.rijeka.hr\/it\/","name":"Citt\u00e0 di Fiume","description":"Portale web della Citta&#039; di Fiume","potentialAction":[{"@type":"SearchAction","target":{"@type":"EntryPoint","urlTemplate":"https:\/\/www.rijeka.hr\/it\/?s={search_term_string}"},"query-input":{"@type":"PropertyValueSpecification","valueRequired":true,"valueName":"search_term_string"}}],"inLanguage":"it-IT"}]}},"_links":{"self":[{"href":"https:\/\/www.rijeka.hr\/it\/wp-json\/wp\/v2\/pages\/2291","targetHints":{"allow":["GET"]}}],"collection":[{"href":"https:\/\/www.rijeka.hr\/it\/wp-json\/wp\/v2\/pages"}],"about":[{"href":"https:\/\/www.rijeka.hr\/it\/wp-json\/wp\/v2\/types\/page"}],"author":[{"embeddable":true,"href":"https:\/\/www.rijeka.hr\/it\/wp-json\/wp\/v2\/users\/2"}],"replies":[{"embeddable":true,"href":"https:\/\/www.rijeka.hr\/it\/wp-json\/wp\/v2\/comments?post=2291"}],"version-history":[{"count":3,"href":"https:\/\/www.rijeka.hr\/it\/wp-json\/wp\/v2\/pages\/2291\/revisions"}],"predecessor-version":[{"id":12211,"href":"https:\/\/www.rijeka.hr\/it\/wp-json\/wp\/v2\/pages\/2291\/revisions\/12211"}],"up":[{"embeddable":true,"href":"https:\/\/www.rijeka.hr\/it\/wp-json\/wp\/v2\/pages\/1833"}],"wp:attachment":[{"href":"https:\/\/www.rijeka.hr\/it\/wp-json\/wp\/v2\/media?parent=2291"}],"wp:term":[{"taxonomy":"post_tag","embeddable":true,"href":"https:\/\/www.rijeka.hr\/it\/wp-json\/wp\/v2\/tags?post=2291"}],"curies":[{"name":"wp","href":"https:\/\/api.w.org\/{rel}","templated":true}]}}