{"id":2318,"date":"2016-11-18T14:43:46","date_gmt":"2016-11-18T13:43:46","guid":{"rendered":"https:\/\/www.rijeka.hr\/it\/?page_id=2318"},"modified":"2024-09-27T12:17:27","modified_gmt":"2024-09-27T10:17:27","slug":"resoconti-delle-attivita-svolte-dal-sindaco","status":"publish","type":"page","link":"https:\/\/www.rijeka.hr\/it\/amministrazione-cittadina\/sindaco\/resoconti-delle-attivita-svolte-dal-sindaco\/","title":{"rendered":"Resoconti delle attivit\u00e0 svolte dal sindaco"},"content":{"rendered":"<p>Conformemente <a href=\"https:\/\/www.rijeka.hr\/wp-content\/uploads\/2016\/06\/Statut-Grada-Rijeke-pro%C4%8Di%C5%A1%C4%87eni-tekst.pdf\">allo Statuto della Citt\u00e0<\/a>, <strong>il sindaco presenta al Consiglio cittadino, come organo rappresentativo, su base semestrale, i resoconti delle attivit\u00e0 svolte<\/strong>.<\/p>\n","protected":false},"excerpt":{"rendered":"<p>Conformemente allo Statuto della Citt\u00e0, il sindaco presenta al Consiglio cittadino, come organo rappresentativo, su base semestrale, i resoconti delle attivit\u00e0 svolte.<\/p>\n","protected":false},"author":2,"featured_media":0,"parent":1733,"menu_order":0,"comment_status":"closed","ping_status":"closed","template":"","meta":{"_acf_changed":false,"_trash_the_other_posts":false,"footnotes":"","_links_to":"","_links_to_target":""},"tags":[],"class_list":["post-2318","page","type-page","status-publish","hentry"],"acf":[],"yoast_head":"<!-- This site is optimized with the Yoast SEO plugin v24.4 - https:\/\/yoast.com\/wordpress\/plugins\/seo\/ -->\n<title>Resoconti delle attivit\u00e0 svolte dal sindaco - Citt\u00e0 di Fiume<\/title>\n<meta name=\"robots\" content=\"index, follow, max-snippet:-1, max-image-preview:large, max-video-preview:-1\" \/>\n<link rel=\"canonical\" href=\"https:\/\/www.rijeka.hr\/it\/amministrazione-cittadina\/sindaco\/resoconti-delle-attivita-svolte-dal-sindaco\/\" \/>\n<meta property=\"og:locale\" content=\"it_IT\" \/>\n<meta property=\"og:type\" content=\"article\" \/>\n<meta property=\"og:title\" content=\"Resoconti delle attivit\u00e0 svolte dal sindaco - Citt\u00e0 di Fiume\" \/>\n<meta property=\"og:description\" content=\"Conformemente allo Statuto della Citt\u00e0, il sindaco presenta al Consiglio cittadino, come organo rappresentativo, su base semestrale, i resoconti delle attivit\u00e0 svolte.\" \/>\n<meta property=\"og:url\" content=\"https:\/\/www.rijeka.hr\/it\/amministrazione-cittadina\/sindaco\/resoconti-delle-attivita-svolte-dal-sindaco\/\" \/>\n<meta property=\"og:site_name\" content=\"Citt\u00e0 di Fiume\" \/>\n<meta property=\"article:modified_time\" content=\"2024-09-27T10:17:27+00:00\" \/>\n<meta name=\"twitter:card\" content=\"summary_large_image\" \/>\n<script type=\"application\/ld+json\" class=\"yoast-schema-graph\">{\"@context\":\"https:\/\/schema.org\",\"@graph\":[{\"@type\":\"WebPage\",\"@id\":\"https:\/\/www.rijeka.hr\/it\/amministrazione-cittadina\/sindaco\/resoconti-delle-attivita-svolte-dal-sindaco\/\",\"url\":\"https:\/\/www.rijeka.hr\/it\/amministrazione-cittadina\/sindaco\/resoconti-delle-attivita-svolte-dal-sindaco\/\",\"name\":\"Resoconti delle attivit\u00e0 svolte dal sindaco - Citt\u00e0 di Fiume\",\"isPartOf\":{\"@id\":\"https:\/\/www.rijeka.hr\/it\/#website\"},\"datePublished\":\"2016-11-18T13:43:46+00:00\",\"dateModified\":\"2024-09-27T10:17:27+00:00\",\"breadcrumb\":{\"@id\":\"https:\/\/www.rijeka.hr\/it\/amministrazione-cittadina\/sindaco\/resoconti-delle-attivita-svolte-dal-sindaco\/#breadcrumb\"},\"inLanguage\":\"it-IT\",\"potentialAction\":[{\"@type\":\"ReadAction\",\"target\":[\"https:\/\/www.rijeka.hr\/it\/amministrazione-cittadina\/sindaco\/resoconti-delle-attivita-svolte-dal-sindaco\/\"]}]},{\"@type\":\"BreadcrumbList\",\"@id\":\"https:\/\/www.rijeka.hr\/it\/amministrazione-cittadina\/sindaco\/resoconti-delle-attivita-svolte-dal-sindaco\/#breadcrumb\",\"itemListElement\":[{\"@type\":\"ListItem\",\"position\":1,\"name\":\"Po\u010detna stranica\",\"item\":\"https:\/\/www.rijeka.hr\/it\/\"},{\"@type\":\"ListItem\",\"position\":2,\"name\":\"Amministrazione cittadina\",\"item\":\"https:\/\/www.rijeka.hr\/it\/amministrazione-cittadina\/\"},{\"@type\":\"ListItem\",\"position\":3,\"name\":\"Sindaco\",\"item\":\"https:\/\/www.rijeka.hr\/it\/amministrazione-cittadina\/sindaco\/\"},{\"@type\":\"ListItem\",\"position\":4,\"name\":\"Resoconti delle attivit\u00e0 svolte dal sindaco\"}]},{\"@type\":\"WebSite\",\"@id\":\"https:\/\/www.rijeka.hr\/it\/#website\",\"url\":\"https:\/\/www.rijeka.hr\/it\/\",\"name\":\"Citt\u00e0 di Fiume\",\"description\":\"Portale web della Citta&#039; di Fiume\",\"potentialAction\":[{\"@type\":\"SearchAction\",\"target\":{\"@type\":\"EntryPoint\",\"urlTemplate\":\"https:\/\/www.rijeka.hr\/it\/?s={search_term_string}\"},\"query-input\":{\"@type\":\"PropertyValueSpecification\",\"valueRequired\":true,\"valueName\":\"search_term_string\"}}],\"inLanguage\":\"it-IT\"}]}<\/script>\n<!-- \/ Yoast SEO plugin. -->","yoast_head_json":{"title":"Resoconti delle attivit\u00e0 svolte dal sindaco - Citt\u00e0 di Fiume","robots":{"index":"index","follow":"follow","max-snippet":"max-snippet:-1","max-image-preview":"max-image-preview:large","max-video-preview":"max-video-preview:-1"},"canonical":"https:\/\/www.rijeka.hr\/it\/amministrazione-cittadina\/sindaco\/resoconti-delle-attivita-svolte-dal-sindaco\/","og_locale":"it_IT","og_type":"article","og_title":"Resoconti delle attivit\u00e0 svolte dal sindaco - Citt\u00e0 di Fiume","og_description":"Conformemente allo Statuto della Citt\u00e0, il sindaco presenta al Consiglio cittadino, come organo rappresentativo, su base semestrale, i resoconti delle attivit\u00e0 svolte.","og_url":"https:\/\/www.rijeka.hr\/it\/amministrazione-cittadina\/sindaco\/resoconti-delle-attivita-svolte-dal-sindaco\/","og_site_name":"Citt\u00e0 di Fiume","article_modified_time":"2024-09-27T10:17:27+00:00","twitter_card":"summary_large_image","schema":{"@context":"https:\/\/schema.org","@graph":[{"@type":"WebPage","@id":"https:\/\/www.rijeka.hr\/it\/amministrazione-cittadina\/sindaco\/resoconti-delle-attivita-svolte-dal-sindaco\/","url":"https:\/\/www.rijeka.hr\/it\/amministrazione-cittadina\/sindaco\/resoconti-delle-attivita-svolte-dal-sindaco\/","name":"Resoconti delle attivit\u00e0 svolte dal sindaco - Citt\u00e0 di Fiume","isPartOf":{"@id":"https:\/\/www.rijeka.hr\/it\/#website"},"datePublished":"2016-11-18T13:43:46+00:00","dateModified":"2024-09-27T10:17:27+00:00","breadcrumb":{"@id":"https:\/\/www.rijeka.hr\/it\/amministrazione-cittadina\/sindaco\/resoconti-delle-attivita-svolte-dal-sindaco\/#breadcrumb"},"inLanguage":"it-IT","potentialAction":[{"@type":"ReadAction","target":["https:\/\/www.rijeka.hr\/it\/amministrazione-cittadina\/sindaco\/resoconti-delle-attivita-svolte-dal-sindaco\/"]}]},{"@type":"BreadcrumbList","@id":"https:\/\/www.rijeka.hr\/it\/amministrazione-cittadina\/sindaco\/resoconti-delle-attivita-svolte-dal-sindaco\/#breadcrumb","itemListElement":[{"@type":"ListItem","position":1,"name":"Po\u010detna stranica","item":"https:\/\/www.rijeka.hr\/it\/"},{"@type":"ListItem","position":2,"name":"Amministrazione cittadina","item":"https:\/\/www.rijeka.hr\/it\/amministrazione-cittadina\/"},{"@type":"ListItem","position":3,"name":"Sindaco","item":"https:\/\/www.rijeka.hr\/it\/amministrazione-cittadina\/sindaco\/"},{"@type":"ListItem","position":4,"name":"Resoconti delle attivit\u00e0 svolte dal sindaco"}]},{"@type":"WebSite","@id":"https:\/\/www.rijeka.hr\/it\/#website","url":"https:\/\/www.rijeka.hr\/it\/","name":"Citt\u00e0 di Fiume","description":"Portale web della Citta&#039; di Fiume","potentialAction":[{"@type":"SearchAction","target":{"@type":"EntryPoint","urlTemplate":"https:\/\/www.rijeka.hr\/it\/?s={search_term_string}"},"query-input":{"@type":"PropertyValueSpecification","valueRequired":true,"valueName":"search_term_string"}}],"inLanguage":"it-IT"}]}},"_links":{"self":[{"href":"https:\/\/www.rijeka.hr\/it\/wp-json\/wp\/v2\/pages\/2318","targetHints":{"allow":["GET"]}}],"collection":[{"href":"https:\/\/www.rijeka.hr\/it\/wp-json\/wp\/v2\/pages"}],"about":[{"href":"https:\/\/www.rijeka.hr\/it\/wp-json\/wp\/v2\/types\/page"}],"author":[{"embeddable":true,"href":"https:\/\/www.rijeka.hr\/it\/wp-json\/wp\/v2\/users\/2"}],"replies":[{"embeddable":true,"href":"https:\/\/www.rijeka.hr\/it\/wp-json\/wp\/v2\/comments?post=2318"}],"version-history":[{"count":2,"href":"https:\/\/www.rijeka.hr\/it\/wp-json\/wp\/v2\/pages\/2318\/revisions"}],"predecessor-version":[{"id":2320,"href":"https:\/\/www.rijeka.hr\/it\/wp-json\/wp\/v2\/pages\/2318\/revisions\/2320"}],"up":[{"embeddable":true,"href":"https:\/\/www.rijeka.hr\/it\/wp-json\/wp\/v2\/pages\/1733"}],"wp:attachment":[{"href":"https:\/\/www.rijeka.hr\/it\/wp-json\/wp\/v2\/media?parent=2318"}],"wp:term":[{"taxonomy":"post_tag","embeddable":true,"href":"https:\/\/www.rijeka.hr\/it\/wp-json\/wp\/v2\/tags?post=2318"}],"curies":[{"name":"wp","href":"https:\/\/api.w.org\/{rel}","templated":true}]}}