{"id":2607,"date":"2016-12-27T16:06:28","date_gmt":"2016-12-27T15:06:28","guid":{"rendered":"https:\/\/www.rijeka.hr\/it\/?page_id=2607"},"modified":"2024-11-04T10:01:35","modified_gmt":"2024-11-04T09:01:35","slug":"urban-agglomeration","status":"publish","type":"page","link":"https:\/\/www.rijeka.hr\/it\/urban-agglomeration\/","title":{"rendered":"Agglomerazione urbana di Fiume"},"content":{"rendered":"<p><a href=\"https:\/\/www.rijeka.hr\/it\/wp-content\/uploads\/sites\/3\/2021\/12\/Agglomerazione-urbana-di-Fiume.jpg\" data-rel=\"lightbox-image-0\" data-rl_title=\"\" data-rl_caption=\"\" title=\"\"><img loading=\"lazy\" decoding=\"async\" width=\"918\" height=\"733\" class=\"wp-image-14001 size-full aligncenter\" src=\"https:\/\/www.rijeka.hr\/it\/wp-content\/uploads\/sites\/3\/2021\/12\/Agglomerazione-urbana-di-Fiume.jpg\" alt=\"Agglomerazione urbana di Fiume\" srcset=\"https:\/\/www.rijeka.hr\/it\/wp-content\/uploads\/sites\/3\/2021\/12\/Agglomerazione-urbana-di-Fiume.jpg 918w, https:\/\/www.rijeka.hr\/it\/wp-content\/uploads\/sites\/3\/2021\/12\/Agglomerazione-urbana-di-Fiume-600x479.jpg 600w, https:\/\/www.rijeka.hr\/it\/wp-content\/uploads\/sites\/3\/2021\/12\/Agglomerazione-urbana-di-Fiume-768x613.jpg 768w, https:\/\/www.rijeka.hr\/it\/wp-content\/uploads\/sites\/3\/2021\/12\/Agglomerazione-urbana-di-Fiume-501x400.jpg 501w, https:\/\/www.rijeka.hr\/it\/wp-content\/uploads\/sites\/3\/2021\/12\/Agglomerazione-urbana-di-Fiume-751x600.jpg 751w\" sizes=\"(max-width: 918px) 100vw, 918px\" \/><\/a><\/p>\n<p><strong>L&#8217;agglomerazione urbana di Fiume <\/strong>\u00e8 stata instaurata con la decisione presa dal Ministero dello sviluppo regionale e dei fondi dell\u2019UE il 17 dicembre 2021 ed \u00e8 composta dalle citt\u00e0 e dai comuni come segue:<\/p>\n<ul>\n<li><a href=\"http:\/\/www.rijeka.hr\/\">Citt\u00e0 di Fiume,<\/a><\/li>\n<li>Citt\u00e0 di Buccari,<\/li>\n<li><a href=\"http:\/\/www.kastav.hr\/\">Citt\u00e0 di Castua,<\/a><\/li>\n<li><a href=\"http:\/\/www.kraljevica.hr\/\">Citt\u00e0 di Kraljevica,<\/a><\/li>\n<li><a href=\"http:\/\/www.opatija.hr\/\">Citt\u00e0 di Abbazia,<\/a><\/li>\n<li><a href=\"http:\/\/www.cavle.hr\/\">Comune di \u010cavle,<\/a><\/li>\n<li>Comune di Jelenje<\/li>\n<li><a href=\"http:\/\/www.klana.hr\/\">Comune di Klana,<\/a><\/li>\n<li><a href=\"https:\/\/kostrena.hr\/\">Comune di Kostrena,<\/a><\/li>\n<li><a href=\"http:\/\/www.opcinalovran.hr\/\">Comune di Laurana,<\/a><\/li>\n<li>Comune di Mattuglie<\/li>\n<li><a href=\"http:\/\/www.moscenicka-draga.hr\/Application\/MDraga\/Default.aspx\">Comune di Draga di Moschiena<\/a><\/li>\n<li>Comune di Omi\u0161alj\/Castelmuschio<\/li>\n<li><a href=\"http:\/\/www.opcina-viskovo.hr\/\">Comune di Vi\u0161kovo.\u00a0<\/a><\/li>\n<\/ul>\n<p>Verso la fine del 2014, la Repubblica di Croazia ha firmato l\u2019Accordo di partenariato che stabilisce le citt\u00e0 che possono utilizzare il meccanismo ITI (Meccanismo di investimenti territoriali integrati). Si tratta delle citt\u00e0 con pi\u00f9 di 100.000 abitanti che in questo riguardo possono formare agglomerazioni urbane e delle citt\u00e0 con pi\u00f9 di 50.000 abitanti che possono formare aree urbane.<\/p>\n<p><strong>Il meccanismo ITI<\/strong> \u00e8 un meccanismo dell\u2019Unione europea per il periodo 2014-2020 introdotto allo scopo di rafforzare il ruolo delle citt\u00e0 quale promotore dello sviluppo economico. Il meccanismo serve per l\u2019attuazione delle attivit\u00e0 di sviluppo urbano sostenibile che hanno una dimensione territoriale accentuata e permettono di prestare sostegno finanziario per l\u2019attuazione delle attivit\u00e0 integrate.<\/p>\n<p>Le attivit\u00e0 comprese dal meccanismo ITI possono essere finanziate da tre diversi fondi europei \u2013 <strong>dal Fondo europeo di sviluppo regionale,<\/strong> <strong>dal Fondo di Coesione e dal Fondo sociale europeo<\/strong>, nell\u2019ambito del Programma operativo \u201c<strong>Concorrenza e coesione<\/strong>\u201c 2014-2020 e il programma operativo \u201c<strong>Risorse umane efficaci<\/strong>\u201c 2014-2020. L\u2019importo di <strong>345,35 <\/strong>milioni di kune \u00e8 stato assicurato per l\u2019attuazione delle attivit\u00e0 dedicate allo sviluppo sostenibile nei pi\u00f9 grandi centri urbani della Repubblica di Croazia.<\/p>\n<p>In quanto si tratta dell\u2019utilizzo di importi rilevanti dai fondi dell\u2019UE, il Ministero dello sviluppo regionale e dei fondi dell\u2019UE ha avuto l\u2019obbligo di pubblicare l\u2019invito per la scelta del territorio per l\u2019attuazione del meccanismo ITI. Le agglomerazioni urbane di Zagabria, Spalato e Osijek e le aree urbane di Pola, Zara e Slavonski Brod hanno partecipato al concorso.<\/p>\n<p>L\u2019agglomerazione urbana di Fiume \u00e8 stata ammessa al concorso e sar\u00e0 in grado di beneficiare del meccanismo di investimenti territoriali integrati (ITI) nella Repubblica di Croazia.<\/p>\n","protected":false},"excerpt":{"rendered":"<p>L&#8217;agglomerazione urbana di Fiume \u00e8 stata instaurata con la decisione presa dal Ministero dello sviluppo regionale e dei fondi dell\u2019UE il 17 dicembre 2021 ed \u00e8 composta dalle citt\u00e0 e dai comuni come segue: Citt\u00e0 di Fiume, Citt\u00e0 di Buccari, Citt\u00e0 di Castua, Citt\u00e0 di Kraljevica, Citt\u00e0 di Abbazia, Comune di \u010cavle, Comune di Jelenje&#8230;<\/p>\n","protected":false},"author":2,"featured_media":3095,"parent":0,"menu_order":99,"comment_status":"closed","ping_status":"closed","template":"","meta":{"_acf_changed":false,"_trash_the_other_posts":false,"footnotes":"","_links_to":"","_links_to_target":""},"tags":[403],"class_list":["post-2607","page","type-page","status-publish","has-post-thumbnail","hentry","tag-agglomerazione-urbana"],"acf":[],"yoast_head":"<!-- This site is optimized with the Yoast SEO plugin v24.4 - https:\/\/yoast.com\/wordpress\/plugins\/seo\/ -->\n<title>Agglomerazione urbana di Fiume - Citt\u00e0 di Fiume<\/title>\n<meta name=\"robots\" content=\"index, follow, max-snippet:-1, max-image-preview:large, max-video-preview:-1\" \/>\n<link rel=\"canonical\" href=\"https:\/\/www.rijeka.hr\/it\/urban-agglomeration\/\" \/>\n<meta property=\"og:locale\" content=\"it_IT\" \/>\n<meta property=\"og:type\" content=\"article\" \/>\n<meta property=\"og:title\" content=\"Agglomerazione urbana di Fiume - Citt\u00e0 di Fiume\" \/>\n<meta property=\"og:description\" content=\"L&#8217;agglomerazione urbana di Fiume \u00e8 stata instaurata con la decisione presa dal Ministero dello sviluppo regionale e dei fondi dell\u2019UE il 17 dicembre 2021 ed \u00e8 composta dalle citt\u00e0 e dai comuni come segue: Citt\u00e0 di Fiume, Citt\u00e0 di Buccari, Citt\u00e0 di Castua, Citt\u00e0 di Kraljevica, Citt\u00e0 di Abbazia, Comune di \u010cavle, Comune di Jelenje...\" \/>\n<meta property=\"og:url\" content=\"https:\/\/www.rijeka.hr\/it\/urban-agglomeration\/\" \/>\n<meta property=\"og:site_name\" content=\"Citt\u00e0 di Fiume\" \/>\n<meta property=\"article:modified_time\" content=\"2024-11-04T09:01:35+00:00\" \/>\n<meta property=\"og:image\" content=\"https:\/\/www.rijeka.hr\/it\/wp-content\/uploads\/sites\/3\/2016\/12\/Agglomerazione-urbana-di-Fiume.jpg\" \/>\n\t<meta property=\"og:image:width\" content=\"1200\" \/>\n\t<meta property=\"og:image:height\" content=\"800\" \/>\n\t<meta property=\"og:image:type\" content=\"image\/jpeg\" \/>\n<meta name=\"twitter:card\" content=\"summary_large_image\" \/>\n<meta name=\"twitter:label1\" content=\"Est. reading time\" \/>\n\t<meta name=\"twitter:data1\" content=\"2 minutes\" \/>\n<script type=\"application\/ld+json\" class=\"yoast-schema-graph\">{\"@context\":\"https:\/\/schema.org\",\"@graph\":[{\"@type\":\"WebPage\",\"@id\":\"https:\/\/www.rijeka.hr\/it\/urban-agglomeration\/\",\"url\":\"https:\/\/www.rijeka.hr\/it\/urban-agglomeration\/\",\"name\":\"Agglomerazione urbana di Fiume - Citt\u00e0 di Fiume\",\"isPartOf\":{\"@id\":\"https:\/\/www.rijeka.hr\/it\/#website\"},\"primaryImageOfPage\":{\"@id\":\"https:\/\/www.rijeka.hr\/it\/urban-agglomeration\/#primaryimage\"},\"image\":{\"@id\":\"https:\/\/www.rijeka.hr\/it\/urban-agglomeration\/#primaryimage\"},\"thumbnailUrl\":\"https:\/\/www.rijeka.hr\/it\/wp-content\/uploads\/sites\/3\/2016\/12\/Agglomerazione-urbana-di-Fiume.jpg\",\"datePublished\":\"2016-12-27T15:06:28+00:00\",\"dateModified\":\"2024-11-04T09:01:35+00:00\",\"breadcrumb\":{\"@id\":\"https:\/\/www.rijeka.hr\/it\/urban-agglomeration\/#breadcrumb\"},\"inLanguage\":\"it-IT\",\"potentialAction\":[{\"@type\":\"ReadAction\",\"target\":[\"https:\/\/www.rijeka.hr\/it\/urban-agglomeration\/\"]}]},{\"@type\":\"ImageObject\",\"inLanguage\":\"it-IT\",\"@id\":\"https:\/\/www.rijeka.hr\/it\/urban-agglomeration\/#primaryimage\",\"url\":\"https:\/\/www.rijeka.hr\/it\/wp-content\/uploads\/sites\/3\/2016\/12\/Agglomerazione-urbana-di-Fiume.jpg\",\"contentUrl\":\"https:\/\/www.rijeka.hr\/it\/wp-content\/uploads\/sites\/3\/2016\/12\/Agglomerazione-urbana-di-Fiume.jpg\",\"width\":1200,\"height\":800,\"caption\":\"Agglomerazione urbana di Fiume\"},{\"@type\":\"BreadcrumbList\",\"@id\":\"https:\/\/www.rijeka.hr\/it\/urban-agglomeration\/#breadcrumb\",\"itemListElement\":[{\"@type\":\"ListItem\",\"position\":1,\"name\":\"Po\u010detna stranica\",\"item\":\"https:\/\/www.rijeka.hr\/it\/\"},{\"@type\":\"ListItem\",\"position\":2,\"name\":\"Agglomerazione urbana di Fiume\"}]},{\"@type\":\"WebSite\",\"@id\":\"https:\/\/www.rijeka.hr\/it\/#website\",\"url\":\"https:\/\/www.rijeka.hr\/it\/\",\"name\":\"Citt\u00e0 di Fiume\",\"description\":\"Portale web della Citta&#039; di Fiume\",\"potentialAction\":[{\"@type\":\"SearchAction\",\"target\":{\"@type\":\"EntryPoint\",\"urlTemplate\":\"https:\/\/www.rijeka.hr\/it\/?s={search_term_string}\"},\"query-input\":{\"@type\":\"PropertyValueSpecification\",\"valueRequired\":true,\"valueName\":\"search_term_string\"}}],\"inLanguage\":\"it-IT\"}]}<\/script>\n<!-- \/ Yoast SEO plugin. -->","yoast_head_json":{"title":"Agglomerazione urbana di Fiume - Citt\u00e0 di Fiume","robots":{"index":"index","follow":"follow","max-snippet":"max-snippet:-1","max-image-preview":"max-image-preview:large","max-video-preview":"max-video-preview:-1"},"canonical":"https:\/\/www.rijeka.hr\/it\/urban-agglomeration\/","og_locale":"it_IT","og_type":"article","og_title":"Agglomerazione urbana di Fiume - Citt\u00e0 di Fiume","og_description":"L&#8217;agglomerazione urbana di Fiume \u00e8 stata instaurata con la decisione presa dal Ministero dello sviluppo regionale e dei fondi dell\u2019UE il 17 dicembre 2021 ed \u00e8 composta dalle citt\u00e0 e dai comuni come segue: Citt\u00e0 di Fiume, Citt\u00e0 di Buccari, Citt\u00e0 di Castua, Citt\u00e0 di Kraljevica, Citt\u00e0 di Abbazia, Comune di \u010cavle, Comune di Jelenje...","og_url":"https:\/\/www.rijeka.hr\/it\/urban-agglomeration\/","og_site_name":"Citt\u00e0 di Fiume","article_modified_time":"2024-11-04T09:01:35+00:00","og_image":[{"width":1200,"height":800,"url":"https:\/\/www.rijeka.hr\/it\/wp-content\/uploads\/sites\/3\/2016\/12\/Agglomerazione-urbana-di-Fiume.jpg","type":"image\/jpeg"}],"twitter_card":"summary_large_image","twitter_misc":{"Est. reading time":"2 minutes"},"schema":{"@context":"https:\/\/schema.org","@graph":[{"@type":"WebPage","@id":"https:\/\/www.rijeka.hr\/it\/urban-agglomeration\/","url":"https:\/\/www.rijeka.hr\/it\/urban-agglomeration\/","name":"Agglomerazione urbana di Fiume - Citt\u00e0 di Fiume","isPartOf":{"@id":"https:\/\/www.rijeka.hr\/it\/#website"},"primaryImageOfPage":{"@id":"https:\/\/www.rijeka.hr\/it\/urban-agglomeration\/#primaryimage"},"image":{"@id":"https:\/\/www.rijeka.hr\/it\/urban-agglomeration\/#primaryimage"},"thumbnailUrl":"https:\/\/www.rijeka.hr\/it\/wp-content\/uploads\/sites\/3\/2016\/12\/Agglomerazione-urbana-di-Fiume.jpg","datePublished":"2016-12-27T15:06:28+00:00","dateModified":"2024-11-04T09:01:35+00:00","breadcrumb":{"@id":"https:\/\/www.rijeka.hr\/it\/urban-agglomeration\/#breadcrumb"},"inLanguage":"it-IT","potentialAction":[{"@type":"ReadAction","target":["https:\/\/www.rijeka.hr\/it\/urban-agglomeration\/"]}]},{"@type":"ImageObject","inLanguage":"it-IT","@id":"https:\/\/www.rijeka.hr\/it\/urban-agglomeration\/#primaryimage","url":"https:\/\/www.rijeka.hr\/it\/wp-content\/uploads\/sites\/3\/2016\/12\/Agglomerazione-urbana-di-Fiume.jpg","contentUrl":"https:\/\/www.rijeka.hr\/it\/wp-content\/uploads\/sites\/3\/2016\/12\/Agglomerazione-urbana-di-Fiume.jpg","width":1200,"height":800,"caption":"Agglomerazione urbana di Fiume"},{"@type":"BreadcrumbList","@id":"https:\/\/www.rijeka.hr\/it\/urban-agglomeration\/#breadcrumb","itemListElement":[{"@type":"ListItem","position":1,"name":"Po\u010detna stranica","item":"https:\/\/www.rijeka.hr\/it\/"},{"@type":"ListItem","position":2,"name":"Agglomerazione urbana di Fiume"}]},{"@type":"WebSite","@id":"https:\/\/www.rijeka.hr\/it\/#website","url":"https:\/\/www.rijeka.hr\/it\/","name":"Citt\u00e0 di Fiume","description":"Portale web della Citta&#039; di Fiume","potentialAction":[{"@type":"SearchAction","target":{"@type":"EntryPoint","urlTemplate":"https:\/\/www.rijeka.hr\/it\/?s={search_term_string}"},"query-input":{"@type":"PropertyValueSpecification","valueRequired":true,"valueName":"search_term_string"}}],"inLanguage":"it-IT"}]}},"_links":{"self":[{"href":"https:\/\/www.rijeka.hr\/it\/wp-json\/wp\/v2\/pages\/2607","targetHints":{"allow":["GET"]}}],"collection":[{"href":"https:\/\/www.rijeka.hr\/it\/wp-json\/wp\/v2\/pages"}],"about":[{"href":"https:\/\/www.rijeka.hr\/it\/wp-json\/wp\/v2\/types\/page"}],"author":[{"embeddable":true,"href":"https:\/\/www.rijeka.hr\/it\/wp-json\/wp\/v2\/users\/2"}],"replies":[{"embeddable":true,"href":"https:\/\/www.rijeka.hr\/it\/wp-json\/wp\/v2\/comments?post=2607"}],"version-history":[{"count":4,"href":"https:\/\/www.rijeka.hr\/it\/wp-json\/wp\/v2\/pages\/2607\/revisions"}],"predecessor-version":[{"id":15918,"href":"https:\/\/www.rijeka.hr\/it\/wp-json\/wp\/v2\/pages\/2607\/revisions\/15918"}],"wp:featuredmedia":[{"embeddable":true,"href":"https:\/\/www.rijeka.hr\/it\/wp-json\/wp\/v2\/media\/3095"}],"wp:attachment":[{"href":"https:\/\/www.rijeka.hr\/it\/wp-json\/wp\/v2\/media?parent=2607"}],"wp:term":[{"taxonomy":"post_tag","embeddable":true,"href":"https:\/\/www.rijeka.hr\/it\/wp-json\/wp\/v2\/tags?post=2607"}],"curies":[{"name":"wp","href":"https:\/\/api.w.org\/{rel}","templated":true}]}}