{"id":27,"date":"2016-07-22T09:33:57","date_gmt":"2016-07-22T07:33:57","guid":{"rendered":"https:\/\/www.rijeka.hr\/it\/?page_id=27"},"modified":"2019-11-08T10:27:30","modified_gmt":"2019-11-08T09:27:30","slug":"laboratori-extra-istituzionali-per-bambini-e-giovani-con-disabilita","status":"publish","type":"page","link":"https:\/\/www.rijeka.hr\/it\/temi-per-i-cittadini\/famiglia-e-assistenza-sociale\/previdenza-sociale\/servizi-sociali-assistenza-laica\/laboratori-extra-istituzionali-per-bambini-e-giovani-con-disabilita\/","title":{"rendered":"Laboratori extra istituzionali per bambini e giovani con disabilit\u00e0"},"content":{"rendered":"<p>Le attivit\u00e0 fondamentali comprendono vari laboratori di carattere terapeutico, riabilitativo, educativo e ricreativo (laboratori psicologici, di danza, dramma, musicali, di arte figurativa e linguistici, di nuoto terapeutico e di equitazione terapeutica). I laboratori con l\u2019assistenza professionale si svolgono negli ambienti <a href=\"http:\/\/www.cdp-ri.hr\" target=\"_blank\" rel=\"noopener\">dell\u2019associazione<\/a>, nel Polo natatorio di Cantrida, sulla spiaggia per i disabili Kostanj, al Centro Zamet, al club ippico Vodi\u010dajna Jelenje \u2013 Luke\u017ei e nella Sala di cultura dell\u2019Associazione Yoga nella vita quotidiana. I laboratori si svolgono nelle ore pomeridiane e nei fine settimana. Nelle attivit\u00e0 dei laboratori sono coinvolti i bambini con difficolt\u00e0 nello sviluppo dall\u2019et\u00e0 di asilo d\u2019infanzia fino alla facolt\u00e0 e adulti affetti da paralisi cerebrale.<\/p>\n<p>Lo scopo del progetto \u00e8 l\u2019organizzazione del tempo libero dei bambini con difficolt\u00e0 nello sviluppo e dei disabili in modo qualitativo e attivo al fine di migliorare la qualit\u00e0 della loro vita. L\u2019attuazione di questo progetto rappresenta un notevole passo verso un\u2019inclusione pi\u00f9 attiva dei disabili nella comunit\u00e0 locale. Alcuni laboratori (musicali, di dramma, di arte figurativa e psicologici) vengono promossi ormai da dieci anni.<\/p>\n","protected":false},"excerpt":{"rendered":"<p>Le attivit\u00e0 fondamentali comprendono vari laboratori di carattere terapeutico, riabilitativo, educativo e ricreativo (laboratori psicologici, di danza, dramma, musicali, di arte figurativa e linguistici, di nuoto terapeutico e di equitazione terapeutica). I laboratori con l\u2019assistenza professionale si svolgono negli ambienti dell\u2019associazione, nel Polo natatorio di Cantrida, sulla spiaggia per i disabili Kostanj, al Centro Zamet,&#8230;<\/p>\n","protected":false},"author":6,"featured_media":0,"parent":21,"menu_order":0,"comment_status":"closed","ping_status":"closed","template":"","meta":{"_acf_changed":false,"_trash_the_other_posts":false,"footnotes":"","_links_to":"","_links_to_target":""},"tags":[],"class_list":["post-27","page","type-page","status-publish","hentry"],"acf":[],"yoast_head":"<!-- This site is optimized with the Yoast SEO plugin v24.4 - https:\/\/yoast.com\/wordpress\/plugins\/seo\/ -->\n<title>Laboratori extra istituzionali per bambini e giovani con disabilit\u00e0 - Citt\u00e0 di Fiume<\/title>\n<meta name=\"robots\" content=\"index, follow, max-snippet:-1, max-image-preview:large, max-video-preview:-1\" \/>\n<link rel=\"canonical\" href=\"https:\/\/www.rijeka.hr\/it\/temi-per-i-cittadini\/famiglia-e-assistenza-sociale\/previdenza-sociale\/servizi-sociali-assistenza-laica\/laboratori-extra-istituzionali-per-bambini-e-giovani-con-disabilita\/\" \/>\n<meta property=\"og:locale\" content=\"it_IT\" \/>\n<meta property=\"og:type\" content=\"article\" \/>\n<meta property=\"og:title\" content=\"Laboratori extra istituzionali per bambini e giovani con disabilit\u00e0 - Citt\u00e0 di Fiume\" \/>\n<meta property=\"og:description\" content=\"Le attivit\u00e0 fondamentali comprendono vari laboratori di carattere terapeutico, riabilitativo, educativo e ricreativo (laboratori psicologici, di danza, dramma, musicali, di arte figurativa e linguistici, di nuoto terapeutico e di equitazione terapeutica). I laboratori con l\u2019assistenza professionale si svolgono negli ambienti dell\u2019associazione, nel Polo natatorio di Cantrida, sulla spiaggia per i disabili Kostanj, al Centro Zamet,...\" \/>\n<meta property=\"og:url\" content=\"https:\/\/www.rijeka.hr\/it\/temi-per-i-cittadini\/famiglia-e-assistenza-sociale\/previdenza-sociale\/servizi-sociali-assistenza-laica\/laboratori-extra-istituzionali-per-bambini-e-giovani-con-disabilita\/\" \/>\n<meta property=\"og:site_name\" content=\"Citt\u00e0 di Fiume\" \/>\n<meta property=\"article:modified_time\" content=\"2019-11-08T09:27:30+00:00\" \/>\n<meta name=\"twitter:card\" content=\"summary_large_image\" \/>\n<meta name=\"twitter:label1\" content=\"Est. reading time\" \/>\n\t<meta name=\"twitter:data1\" content=\"1 minute\" \/>\n<script type=\"application\/ld+json\" class=\"yoast-schema-graph\">{\"@context\":\"https:\/\/schema.org\",\"@graph\":[{\"@type\":\"WebPage\",\"@id\":\"https:\/\/www.rijeka.hr\/it\/temi-per-i-cittadini\/famiglia-e-assistenza-sociale\/previdenza-sociale\/servizi-sociali-assistenza-laica\/laboratori-extra-istituzionali-per-bambini-e-giovani-con-disabilita\/\",\"url\":\"https:\/\/www.rijeka.hr\/it\/temi-per-i-cittadini\/famiglia-e-assistenza-sociale\/previdenza-sociale\/servizi-sociali-assistenza-laica\/laboratori-extra-istituzionali-per-bambini-e-giovani-con-disabilita\/\",\"name\":\"Laboratori extra istituzionali per bambini e giovani con disabilit\u00e0 - Citt\u00e0 di Fiume\",\"isPartOf\":{\"@id\":\"https:\/\/www.rijeka.hr\/it\/#website\"},\"datePublished\":\"2016-07-22T07:33:57+00:00\",\"dateModified\":\"2019-11-08T09:27:30+00:00\",\"breadcrumb\":{\"@id\":\"https:\/\/www.rijeka.hr\/it\/temi-per-i-cittadini\/famiglia-e-assistenza-sociale\/previdenza-sociale\/servizi-sociali-assistenza-laica\/laboratori-extra-istituzionali-per-bambini-e-giovani-con-disabilita\/#breadcrumb\"},\"inLanguage\":\"it-IT\",\"potentialAction\":[{\"@type\":\"ReadAction\",\"target\":[\"https:\/\/www.rijeka.hr\/it\/temi-per-i-cittadini\/famiglia-e-assistenza-sociale\/previdenza-sociale\/servizi-sociali-assistenza-laica\/laboratori-extra-istituzionali-per-bambini-e-giovani-con-disabilita\/\"]}]},{\"@type\":\"BreadcrumbList\",\"@id\":\"https:\/\/www.rijeka.hr\/it\/temi-per-i-cittadini\/famiglia-e-assistenza-sociale\/previdenza-sociale\/servizi-sociali-assistenza-laica\/laboratori-extra-istituzionali-per-bambini-e-giovani-con-disabilita\/#breadcrumb\",\"itemListElement\":[{\"@type\":\"ListItem\",\"position\":1,\"name\":\"Po\u010detna stranica\",\"item\":\"https:\/\/www.rijeka.hr\/it\/\"},{\"@type\":\"ListItem\",\"position\":2,\"name\":\"Temi per i cittadini\",\"item\":\"https:\/\/www.rijeka.hr\/it\/temi-per-i-cittadini\/\"},{\"@type\":\"ListItem\",\"position\":3,\"name\":\"Famiglia e previdenza sociale\",\"item\":\"https:\/\/www.rijeka.hr\/it\/temi-per-i-cittadini\/famiglia-e-assistenza-sociale\/\"},{\"@type\":\"ListItem\",\"position\":4,\"name\":\"Previdenza sociale\",\"item\":\"https:\/\/www.rijeka.hr\/it\/temi-per-i-cittadini\/famiglia-e-assistenza-sociale\/previdenza-sociale\/\"},{\"@type\":\"ListItem\",\"position\":5,\"name\":\"Servizi sociali e assistenza laica\",\"item\":\"https:\/\/www.rijeka.hr\/it\/temi-per-i-cittadini\/famiglia-e-assistenza-sociale\/previdenza-sociale\/servizi-sociali-assistenza-laica\/\"},{\"@type\":\"ListItem\",\"position\":6,\"name\":\"Laboratori extra istituzionali per bambini e giovani con disabilit\u00e0\"}]},{\"@type\":\"WebSite\",\"@id\":\"https:\/\/www.rijeka.hr\/it\/#website\",\"url\":\"https:\/\/www.rijeka.hr\/it\/\",\"name\":\"Citt\u00e0 di Fiume\",\"description\":\"Portale web della Citta&#039; di Fiume\",\"potentialAction\":[{\"@type\":\"SearchAction\",\"target\":{\"@type\":\"EntryPoint\",\"urlTemplate\":\"https:\/\/www.rijeka.hr\/it\/?s={search_term_string}\"},\"query-input\":{\"@type\":\"PropertyValueSpecification\",\"valueRequired\":true,\"valueName\":\"search_term_string\"}}],\"inLanguage\":\"it-IT\"}]}<\/script>\n<!-- \/ Yoast SEO plugin. -->","yoast_head_json":{"title":"Laboratori extra istituzionali per bambini e giovani con disabilit\u00e0 - Citt\u00e0 di Fiume","robots":{"index":"index","follow":"follow","max-snippet":"max-snippet:-1","max-image-preview":"max-image-preview:large","max-video-preview":"max-video-preview:-1"},"canonical":"https:\/\/www.rijeka.hr\/it\/temi-per-i-cittadini\/famiglia-e-assistenza-sociale\/previdenza-sociale\/servizi-sociali-assistenza-laica\/laboratori-extra-istituzionali-per-bambini-e-giovani-con-disabilita\/","og_locale":"it_IT","og_type":"article","og_title":"Laboratori extra istituzionali per bambini e giovani con disabilit\u00e0 - Citt\u00e0 di Fiume","og_description":"Le attivit\u00e0 fondamentali comprendono vari laboratori di carattere terapeutico, riabilitativo, educativo e ricreativo (laboratori psicologici, di danza, dramma, musicali, di arte figurativa e linguistici, di nuoto terapeutico e di equitazione terapeutica). I laboratori con l\u2019assistenza professionale si svolgono negli ambienti dell\u2019associazione, nel Polo natatorio di Cantrida, sulla spiaggia per i disabili Kostanj, al Centro Zamet,...","og_url":"https:\/\/www.rijeka.hr\/it\/temi-per-i-cittadini\/famiglia-e-assistenza-sociale\/previdenza-sociale\/servizi-sociali-assistenza-laica\/laboratori-extra-istituzionali-per-bambini-e-giovani-con-disabilita\/","og_site_name":"Citt\u00e0 di Fiume","article_modified_time":"2019-11-08T09:27:30+00:00","twitter_card":"summary_large_image","twitter_misc":{"Est. reading time":"1 minute"},"schema":{"@context":"https:\/\/schema.org","@graph":[{"@type":"WebPage","@id":"https:\/\/www.rijeka.hr\/it\/temi-per-i-cittadini\/famiglia-e-assistenza-sociale\/previdenza-sociale\/servizi-sociali-assistenza-laica\/laboratori-extra-istituzionali-per-bambini-e-giovani-con-disabilita\/","url":"https:\/\/www.rijeka.hr\/it\/temi-per-i-cittadini\/famiglia-e-assistenza-sociale\/previdenza-sociale\/servizi-sociali-assistenza-laica\/laboratori-extra-istituzionali-per-bambini-e-giovani-con-disabilita\/","name":"Laboratori extra istituzionali per bambini e giovani con disabilit\u00e0 - Citt\u00e0 di Fiume","isPartOf":{"@id":"https:\/\/www.rijeka.hr\/it\/#website"},"datePublished":"2016-07-22T07:33:57+00:00","dateModified":"2019-11-08T09:27:30+00:00","breadcrumb":{"@id":"https:\/\/www.rijeka.hr\/it\/temi-per-i-cittadini\/famiglia-e-assistenza-sociale\/previdenza-sociale\/servizi-sociali-assistenza-laica\/laboratori-extra-istituzionali-per-bambini-e-giovani-con-disabilita\/#breadcrumb"},"inLanguage":"it-IT","potentialAction":[{"@type":"ReadAction","target":["https:\/\/www.rijeka.hr\/it\/temi-per-i-cittadini\/famiglia-e-assistenza-sociale\/previdenza-sociale\/servizi-sociali-assistenza-laica\/laboratori-extra-istituzionali-per-bambini-e-giovani-con-disabilita\/"]}]},{"@type":"BreadcrumbList","@id":"https:\/\/www.rijeka.hr\/it\/temi-per-i-cittadini\/famiglia-e-assistenza-sociale\/previdenza-sociale\/servizi-sociali-assistenza-laica\/laboratori-extra-istituzionali-per-bambini-e-giovani-con-disabilita\/#breadcrumb","itemListElement":[{"@type":"ListItem","position":1,"name":"Po\u010detna stranica","item":"https:\/\/www.rijeka.hr\/it\/"},{"@type":"ListItem","position":2,"name":"Temi per i cittadini","item":"https:\/\/www.rijeka.hr\/it\/temi-per-i-cittadini\/"},{"@type":"ListItem","position":3,"name":"Famiglia e previdenza sociale","item":"https:\/\/www.rijeka.hr\/it\/temi-per-i-cittadini\/famiglia-e-assistenza-sociale\/"},{"@type":"ListItem","position":4,"name":"Previdenza sociale","item":"https:\/\/www.rijeka.hr\/it\/temi-per-i-cittadini\/famiglia-e-assistenza-sociale\/previdenza-sociale\/"},{"@type":"ListItem","position":5,"name":"Servizi sociali e assistenza laica","item":"https:\/\/www.rijeka.hr\/it\/temi-per-i-cittadini\/famiglia-e-assistenza-sociale\/previdenza-sociale\/servizi-sociali-assistenza-laica\/"},{"@type":"ListItem","position":6,"name":"Laboratori extra istituzionali per bambini e giovani con disabilit\u00e0"}]},{"@type":"WebSite","@id":"https:\/\/www.rijeka.hr\/it\/#website","url":"https:\/\/www.rijeka.hr\/it\/","name":"Citt\u00e0 di Fiume","description":"Portale web della Citta&#039; di Fiume","potentialAction":[{"@type":"SearchAction","target":{"@type":"EntryPoint","urlTemplate":"https:\/\/www.rijeka.hr\/it\/?s={search_term_string}"},"query-input":{"@type":"PropertyValueSpecification","valueRequired":true,"valueName":"search_term_string"}}],"inLanguage":"it-IT"}]}},"_links":{"self":[{"href":"https:\/\/www.rijeka.hr\/it\/wp-json\/wp\/v2\/pages\/27","targetHints":{"allow":["GET"]}}],"collection":[{"href":"https:\/\/www.rijeka.hr\/it\/wp-json\/wp\/v2\/pages"}],"about":[{"href":"https:\/\/www.rijeka.hr\/it\/wp-json\/wp\/v2\/types\/page"}],"author":[{"embeddable":true,"href":"https:\/\/www.rijeka.hr\/it\/wp-json\/wp\/v2\/users\/6"}],"replies":[{"embeddable":true,"href":"https:\/\/www.rijeka.hr\/it\/wp-json\/wp\/v2\/comments?post=27"}],"version-history":[{"count":2,"href":"https:\/\/www.rijeka.hr\/it\/wp-json\/wp\/v2\/pages\/27\/revisions"}],"predecessor-version":[{"id":6392,"href":"https:\/\/www.rijeka.hr\/it\/wp-json\/wp\/v2\/pages\/27\/revisions\/6392"}],"up":[{"embeddable":true,"href":"https:\/\/www.rijeka.hr\/it\/wp-json\/wp\/v2\/pages\/21"}],"wp:attachment":[{"href":"https:\/\/www.rijeka.hr\/it\/wp-json\/wp\/v2\/media?parent=27"}],"wp:term":[{"taxonomy":"post_tag","embeddable":true,"href":"https:\/\/www.rijeka.hr\/it\/wp-json\/wp\/v2\/tags?post=27"}],"curies":[{"name":"wp","href":"https:\/\/api.w.org\/{rel}","templated":true}]}}