{"id":29,"date":"2016-07-22T09:50:34","date_gmt":"2016-07-22T07:50:34","guid":{"rendered":"https:\/\/www.rijeka.hr\/it\/?page_id=29"},"modified":"2019-11-11T07:46:05","modified_gmt":"2019-11-11T06:46:05","slug":"laboratori-creiamo-insieme-per-bambini-con-difficolta-nello-sviluppo","status":"publish","type":"page","link":"https:\/\/www.rijeka.hr\/it\/temi-per-i-cittadini\/famiglia-e-assistenza-sociale\/previdenza-sociale\/servizi-sociali-assistenza-laica\/laboratori-creiamo-insieme-per-bambini-con-difficolta-nello-sviluppo\/","title":{"rendered":"Laboratori Creiamo insieme per bambini con difficolt\u00e0 nello sviluppo"},"content":{"rendered":"<p>Il progetto comprende l\u2019organizzazione e l\u2019attuazione di laboratori di teatro \u2013 forum e l\u2019esibizione pubblica di spettacoli interattivi di teatro \u2013 forum ideati e creati da parte dei fruitori nel corso dei laboratori. Lo scopo principale del progetto \u00e8 quello di rafforzare i disabili e gli alunni con difficolt\u00e0 residenti nel territorio della citt\u00e0 di Fiume rafforzando le loro risorse che permette loro di affrontare le situazioni e le sfide della vita quotidiana in modo attivo, efficace e responsabile. <a href=\"http:\/\/www.dkp.hr\" target=\"_blank\" rel=\"noopener\">Il progetto viene<\/a> promosso a partire dal mese di gennaio 2014 nella scuola di economia Mijo Mirkovi\u0107 di Fiume e nei vani dell\u2019Associazione delle persone affette da distrofia muscolare della Regione litoraneo &#8211; montana.<\/p>\n","protected":false},"excerpt":{"rendered":"<p>Il progetto comprende l\u2019organizzazione e l\u2019attuazione di laboratori di teatro \u2013 forum e l\u2019esibizione pubblica di spettacoli interattivi di teatro \u2013 forum ideati e creati da parte dei fruitori nel corso dei laboratori. Lo scopo principale del progetto \u00e8 quello di rafforzare i disabili e gli alunni con difficolt\u00e0 residenti nel territorio della citt\u00e0 di&#8230;<\/p>\n","protected":false},"author":6,"featured_media":0,"parent":21,"menu_order":0,"comment_status":"closed","ping_status":"closed","template":"","meta":{"_acf_changed":false,"_trash_the_other_posts":false,"footnotes":"","_links_to":"","_links_to_target":""},"tags":[],"class_list":["post-29","page","type-page","status-publish","hentry"],"acf":[],"yoast_head":"<!-- This site is optimized with the Yoast SEO plugin v24.4 - https:\/\/yoast.com\/wordpress\/plugins\/seo\/ -->\n<title>Laboratori Creiamo insieme per bambini con difficolt\u00e0 nello sviluppo - Citt\u00e0 di Fiume<\/title>\n<meta name=\"robots\" content=\"index, follow, max-snippet:-1, max-image-preview:large, max-video-preview:-1\" \/>\n<link rel=\"canonical\" href=\"https:\/\/www.rijeka.hr\/it\/temi-per-i-cittadini\/famiglia-e-assistenza-sociale\/previdenza-sociale\/servizi-sociali-assistenza-laica\/laboratori-creiamo-insieme-per-bambini-con-difficolta-nello-sviluppo\/\" \/>\n<meta property=\"og:locale\" content=\"it_IT\" \/>\n<meta property=\"og:type\" content=\"article\" \/>\n<meta property=\"og:title\" content=\"Laboratori Creiamo insieme per bambini con difficolt\u00e0 nello sviluppo - Citt\u00e0 di Fiume\" \/>\n<meta property=\"og:description\" content=\"Il progetto comprende l\u2019organizzazione e l\u2019attuazione di laboratori di teatro \u2013 forum e l\u2019esibizione pubblica di spettacoli interattivi di teatro \u2013 forum ideati e creati da parte dei fruitori nel corso dei laboratori. Lo scopo principale del progetto \u00e8 quello di rafforzare i disabili e gli alunni con difficolt\u00e0 residenti nel territorio della citt\u00e0 di...\" \/>\n<meta property=\"og:url\" content=\"https:\/\/www.rijeka.hr\/it\/temi-per-i-cittadini\/famiglia-e-assistenza-sociale\/previdenza-sociale\/servizi-sociali-assistenza-laica\/laboratori-creiamo-insieme-per-bambini-con-difficolta-nello-sviluppo\/\" \/>\n<meta property=\"og:site_name\" content=\"Citt\u00e0 di Fiume\" \/>\n<meta property=\"article:modified_time\" content=\"2019-11-11T06:46:05+00:00\" \/>\n<meta name=\"twitter:card\" content=\"summary_large_image\" \/>\n<meta name=\"twitter:label1\" content=\"Est. reading time\" \/>\n\t<meta name=\"twitter:data1\" content=\"1 minute\" \/>\n<script type=\"application\/ld+json\" class=\"yoast-schema-graph\">{\"@context\":\"https:\/\/schema.org\",\"@graph\":[{\"@type\":\"WebPage\",\"@id\":\"https:\/\/www.rijeka.hr\/it\/temi-per-i-cittadini\/famiglia-e-assistenza-sociale\/previdenza-sociale\/servizi-sociali-assistenza-laica\/laboratori-creiamo-insieme-per-bambini-con-difficolta-nello-sviluppo\/\",\"url\":\"https:\/\/www.rijeka.hr\/it\/temi-per-i-cittadini\/famiglia-e-assistenza-sociale\/previdenza-sociale\/servizi-sociali-assistenza-laica\/laboratori-creiamo-insieme-per-bambini-con-difficolta-nello-sviluppo\/\",\"name\":\"Laboratori Creiamo insieme per bambini con difficolt\u00e0 nello sviluppo - Citt\u00e0 di Fiume\",\"isPartOf\":{\"@id\":\"https:\/\/www.rijeka.hr\/it\/#website\"},\"datePublished\":\"2016-07-22T07:50:34+00:00\",\"dateModified\":\"2019-11-11T06:46:05+00:00\",\"breadcrumb\":{\"@id\":\"https:\/\/www.rijeka.hr\/it\/temi-per-i-cittadini\/famiglia-e-assistenza-sociale\/previdenza-sociale\/servizi-sociali-assistenza-laica\/laboratori-creiamo-insieme-per-bambini-con-difficolta-nello-sviluppo\/#breadcrumb\"},\"inLanguage\":\"it-IT\",\"potentialAction\":[{\"@type\":\"ReadAction\",\"target\":[\"https:\/\/www.rijeka.hr\/it\/temi-per-i-cittadini\/famiglia-e-assistenza-sociale\/previdenza-sociale\/servizi-sociali-assistenza-laica\/laboratori-creiamo-insieme-per-bambini-con-difficolta-nello-sviluppo\/\"]}]},{\"@type\":\"BreadcrumbList\",\"@id\":\"https:\/\/www.rijeka.hr\/it\/temi-per-i-cittadini\/famiglia-e-assistenza-sociale\/previdenza-sociale\/servizi-sociali-assistenza-laica\/laboratori-creiamo-insieme-per-bambini-con-difficolta-nello-sviluppo\/#breadcrumb\",\"itemListElement\":[{\"@type\":\"ListItem\",\"position\":1,\"name\":\"Po\u010detna stranica\",\"item\":\"https:\/\/www.rijeka.hr\/it\/\"},{\"@type\":\"ListItem\",\"position\":2,\"name\":\"Temi per i cittadini\",\"item\":\"https:\/\/www.rijeka.hr\/it\/temi-per-i-cittadini\/\"},{\"@type\":\"ListItem\",\"position\":3,\"name\":\"Famiglia e previdenza sociale\",\"item\":\"https:\/\/www.rijeka.hr\/it\/temi-per-i-cittadini\/famiglia-e-assistenza-sociale\/\"},{\"@type\":\"ListItem\",\"position\":4,\"name\":\"Previdenza sociale\",\"item\":\"https:\/\/www.rijeka.hr\/it\/temi-per-i-cittadini\/famiglia-e-assistenza-sociale\/previdenza-sociale\/\"},{\"@type\":\"ListItem\",\"position\":5,\"name\":\"Servizi sociali e assistenza laica\",\"item\":\"https:\/\/www.rijeka.hr\/it\/temi-per-i-cittadini\/famiglia-e-assistenza-sociale\/previdenza-sociale\/servizi-sociali-assistenza-laica\/\"},{\"@type\":\"ListItem\",\"position\":6,\"name\":\"Laboratori Creiamo insieme per bambini con difficolt\u00e0 nello sviluppo\"}]},{\"@type\":\"WebSite\",\"@id\":\"https:\/\/www.rijeka.hr\/it\/#website\",\"url\":\"https:\/\/www.rijeka.hr\/it\/\",\"name\":\"Citt\u00e0 di Fiume\",\"description\":\"Portale web della Citta&#039; di Fiume\",\"potentialAction\":[{\"@type\":\"SearchAction\",\"target\":{\"@type\":\"EntryPoint\",\"urlTemplate\":\"https:\/\/www.rijeka.hr\/it\/?s={search_term_string}\"},\"query-input\":{\"@type\":\"PropertyValueSpecification\",\"valueRequired\":true,\"valueName\":\"search_term_string\"}}],\"inLanguage\":\"it-IT\"}]}<\/script>\n<!-- \/ Yoast SEO plugin. -->","yoast_head_json":{"title":"Laboratori Creiamo insieme per bambini con difficolt\u00e0 nello sviluppo - Citt\u00e0 di Fiume","robots":{"index":"index","follow":"follow","max-snippet":"max-snippet:-1","max-image-preview":"max-image-preview:large","max-video-preview":"max-video-preview:-1"},"canonical":"https:\/\/www.rijeka.hr\/it\/temi-per-i-cittadini\/famiglia-e-assistenza-sociale\/previdenza-sociale\/servizi-sociali-assistenza-laica\/laboratori-creiamo-insieme-per-bambini-con-difficolta-nello-sviluppo\/","og_locale":"it_IT","og_type":"article","og_title":"Laboratori Creiamo insieme per bambini con difficolt\u00e0 nello sviluppo - Citt\u00e0 di Fiume","og_description":"Il progetto comprende l\u2019organizzazione e l\u2019attuazione di laboratori di teatro \u2013 forum e l\u2019esibizione pubblica di spettacoli interattivi di teatro \u2013 forum ideati e creati da parte dei fruitori nel corso dei laboratori. Lo scopo principale del progetto \u00e8 quello di rafforzare i disabili e gli alunni con difficolt\u00e0 residenti nel territorio della citt\u00e0 di...","og_url":"https:\/\/www.rijeka.hr\/it\/temi-per-i-cittadini\/famiglia-e-assistenza-sociale\/previdenza-sociale\/servizi-sociali-assistenza-laica\/laboratori-creiamo-insieme-per-bambini-con-difficolta-nello-sviluppo\/","og_site_name":"Citt\u00e0 di Fiume","article_modified_time":"2019-11-11T06:46:05+00:00","twitter_card":"summary_large_image","twitter_misc":{"Est. reading time":"1 minute"},"schema":{"@context":"https:\/\/schema.org","@graph":[{"@type":"WebPage","@id":"https:\/\/www.rijeka.hr\/it\/temi-per-i-cittadini\/famiglia-e-assistenza-sociale\/previdenza-sociale\/servizi-sociali-assistenza-laica\/laboratori-creiamo-insieme-per-bambini-con-difficolta-nello-sviluppo\/","url":"https:\/\/www.rijeka.hr\/it\/temi-per-i-cittadini\/famiglia-e-assistenza-sociale\/previdenza-sociale\/servizi-sociali-assistenza-laica\/laboratori-creiamo-insieme-per-bambini-con-difficolta-nello-sviluppo\/","name":"Laboratori Creiamo insieme per bambini con difficolt\u00e0 nello sviluppo - Citt\u00e0 di Fiume","isPartOf":{"@id":"https:\/\/www.rijeka.hr\/it\/#website"},"datePublished":"2016-07-22T07:50:34+00:00","dateModified":"2019-11-11T06:46:05+00:00","breadcrumb":{"@id":"https:\/\/www.rijeka.hr\/it\/temi-per-i-cittadini\/famiglia-e-assistenza-sociale\/previdenza-sociale\/servizi-sociali-assistenza-laica\/laboratori-creiamo-insieme-per-bambini-con-difficolta-nello-sviluppo\/#breadcrumb"},"inLanguage":"it-IT","potentialAction":[{"@type":"ReadAction","target":["https:\/\/www.rijeka.hr\/it\/temi-per-i-cittadini\/famiglia-e-assistenza-sociale\/previdenza-sociale\/servizi-sociali-assistenza-laica\/laboratori-creiamo-insieme-per-bambini-con-difficolta-nello-sviluppo\/"]}]},{"@type":"BreadcrumbList","@id":"https:\/\/www.rijeka.hr\/it\/temi-per-i-cittadini\/famiglia-e-assistenza-sociale\/previdenza-sociale\/servizi-sociali-assistenza-laica\/laboratori-creiamo-insieme-per-bambini-con-difficolta-nello-sviluppo\/#breadcrumb","itemListElement":[{"@type":"ListItem","position":1,"name":"Po\u010detna stranica","item":"https:\/\/www.rijeka.hr\/it\/"},{"@type":"ListItem","position":2,"name":"Temi per i cittadini","item":"https:\/\/www.rijeka.hr\/it\/temi-per-i-cittadini\/"},{"@type":"ListItem","position":3,"name":"Famiglia e previdenza sociale","item":"https:\/\/www.rijeka.hr\/it\/temi-per-i-cittadini\/famiglia-e-assistenza-sociale\/"},{"@type":"ListItem","position":4,"name":"Previdenza sociale","item":"https:\/\/www.rijeka.hr\/it\/temi-per-i-cittadini\/famiglia-e-assistenza-sociale\/previdenza-sociale\/"},{"@type":"ListItem","position":5,"name":"Servizi sociali e assistenza laica","item":"https:\/\/www.rijeka.hr\/it\/temi-per-i-cittadini\/famiglia-e-assistenza-sociale\/previdenza-sociale\/servizi-sociali-assistenza-laica\/"},{"@type":"ListItem","position":6,"name":"Laboratori Creiamo insieme per bambini con difficolt\u00e0 nello sviluppo"}]},{"@type":"WebSite","@id":"https:\/\/www.rijeka.hr\/it\/#website","url":"https:\/\/www.rijeka.hr\/it\/","name":"Citt\u00e0 di Fiume","description":"Portale web della Citta&#039; di Fiume","potentialAction":[{"@type":"SearchAction","target":{"@type":"EntryPoint","urlTemplate":"https:\/\/www.rijeka.hr\/it\/?s={search_term_string}"},"query-input":{"@type":"PropertyValueSpecification","valueRequired":true,"valueName":"search_term_string"}}],"inLanguage":"it-IT"}]}},"_links":{"self":[{"href":"https:\/\/www.rijeka.hr\/it\/wp-json\/wp\/v2\/pages\/29","targetHints":{"allow":["GET"]}}],"collection":[{"href":"https:\/\/www.rijeka.hr\/it\/wp-json\/wp\/v2\/pages"}],"about":[{"href":"https:\/\/www.rijeka.hr\/it\/wp-json\/wp\/v2\/types\/page"}],"author":[{"embeddable":true,"href":"https:\/\/www.rijeka.hr\/it\/wp-json\/wp\/v2\/users\/6"}],"replies":[{"embeddable":true,"href":"https:\/\/www.rijeka.hr\/it\/wp-json\/wp\/v2\/comments?post=29"}],"version-history":[{"count":2,"href":"https:\/\/www.rijeka.hr\/it\/wp-json\/wp\/v2\/pages\/29\/revisions"}],"predecessor-version":[{"id":6423,"href":"https:\/\/www.rijeka.hr\/it\/wp-json\/wp\/v2\/pages\/29\/revisions\/6423"}],"up":[{"embeddable":true,"href":"https:\/\/www.rijeka.hr\/it\/wp-json\/wp\/v2\/pages\/21"}],"wp:attachment":[{"href":"https:\/\/www.rijeka.hr\/it\/wp-json\/wp\/v2\/media?parent=29"}],"wp:term":[{"taxonomy":"post_tag","embeddable":true,"href":"https:\/\/www.rijeka.hr\/it\/wp-json\/wp\/v2\/tags?post=29"}],"curies":[{"name":"wp","href":"https:\/\/api.w.org\/{rel}","templated":true}]}}