{"id":303,"date":"2016-07-22T15:12:18","date_gmt":"2016-07-22T13:12:18","guid":{"rendered":"https:\/\/www.rijeka.hr\/it\/?page_id=303"},"modified":"2019-11-20T15:02:41","modified_gmt":"2019-11-20T14:02:41","slug":"promozione-delle-doti","status":"publish","type":"page","link":"https:\/\/www.rijeka.hr\/it\/temi-per-i-cittadini\/educazione-e-istruzione\/promozione-delle-doti\/","title":{"rendered":"Promozione delle doti"},"content":{"rendered":"<p>La Citt\u00e0 concede borse di studio ad alunni e studenti dotati e sovvenziona diversi programmi e progetti a cui prendono parte i migliori alunni e giovani, il cui obiettivo principale \u00e8 quello di incoraggiare le doti. Si cerca di creare gradualmente un ambiente positivo e favorevole per appoggiare e sviluppare gli interessi dei bambini dotati, che sotto condizioni ottimali possono sviluppare abilit\u00e0 superiori. Inoltre, le scuole elementari della Citt\u00e0 di Fiume ogni anno dimostrano un\u2019alta qualit\u00e0 nel lavoro con alunni, tra cui molti partecipano a concorsi, rassegne e incontri a livello nazionale e internazionali e consegono risultati eccellenti.<\/p>\n<p>Educazione prescolare<\/p>\n<p>Una parte degli educatori dell\u2019ente\u00a0<a href=\"http:\/\/rivrtici.hr\/kraci-programi\">Asili di Fiume\u00a0<\/a>\u00a0 \u00e8 stata educata e sensibilizzata alla scoperta e al lavoro con bambini che possibilmente hanno dei talenti che con l\u2019assistenza dei genitori e collaboratori professionali ogni giorno cercano di soddisfare le loro necessit\u00e0 educative e formative specifiche. Il programma viene attuato su due livelli. Il primo riguarda l\u2019inclusione dei bambini nel programma regolare ampliato e arricchito in piccoli gruppi che hanno le stesse o simili abilit\u00e0, propensioni e interessi organizzando attivit\u00e0 speciali (progetti, giochi logici e didattici pi\u00f9 esigenti, il lavoro su un computer multimediale ecc.). Il secondo programma \u00e8 pi\u00f9 breve e specializzato per incoraggiare lo sviluppo cognitivo dei bambini dotati in et\u00e0 prescolare nella stanza dei giochi BistRI\u0107i.<\/p>\n<p>Alunni delle scuole elementari<\/p>\n<p>Attraverso il programma di cosiddette necessit\u00e0 generali nel settore dell\u2019istruzione, la Citt\u00e0 di Fiume sovvenziona programmi e progetti a cui prendono parte i migliori alunni e giovani e il cui obiettivo principale \u00e8 quello di incoraggiare le doti.<\/p>\n<p><a href=\"https:\/\/www.rijeka.hr\/teme-za-gradane\/odgoj-i-obrazovanje\/osnovne-skole\/programi-i-projekti-u-osnovnim-skolama\/skola-stvaralastva-novigradsko-proljece\/\">Scuola della creativit\u00e0 \u201cLa primavera di Cittanova\u201c<\/a><\/p>\n<p><a href=\"https:\/\/www.rijeka.hr\/teme-za-gradane\/odgoj-i-obrazovanje\/osnovne-skole\/programi-i-projekti-u-osnovnim-skolama\/program-liado-likovni-istrazivacki-atelje-darovitih-osnovnoskolca\/\">Programma \u201cLIADO\u201d \u2013 L\u2019atelier artistico di ricerca degli alunni dotati delle scuole elementari <\/a><\/p>\n<p><a href=\"https:\/\/www.rijeka.hr\/teme-za-gradane\/odgoj-i-obrazovanje\/osnovne-skole\/programi-i-projekti-u-osnovnim-skolama\/program-e-matematicka-ucionica-darovite-mlade-matematicare\/\">Programma \u201cL\u2019aula virtuale di matematica\u201d per giovani matematici di talento<\/a><\/p>\n<p>In collaborazione con il<a href=\"http:\/\/czpd.hr\/category\/dogadanja\/\">\u00a0Centro per l\u2019incoraggiamento dei talenti<\/a>\u00a0 e la Societ\u00e0 dei genitori dei bambini dotati &#8220;Lodur&#8221; il Dipartimento per l\u2019educazione e l\u2019istruzione con numerose attivit\u00e0 celebra la Giornata degli alunni dotati, nel desiderio di sensibilizzare il pubblico sulla necessit\u00e0 di una cura sistematica per gli individui dotati, prima di tutto nel sistema educativo.<\/p>\n<p>Attraverso il programma di necessit\u00e0 pubbliche nella cultura tecnica, la Citt\u00e0 di Fiume appoggia l\u2019abilitazione dei bambini e dei giovani dotati attraverso la creativit\u00e0 tecnica:<\/p>\n<p><a href=\"https:\/\/www.rijeka.hr\/teme-za-gradane\/odgoj-i-obrazovanje\/tehnicka-kultura\/programi-i-projekti-tehnicke-kulture\/biti-pun-znanja-biti-kreativan-biti-vise-svoj\/\">Essere pieni di conoscenza, essere creativi, essere un po\u2019 di pi\u00f9 se stessi<\/a><\/p>\n<p>Alunni delle scuole medie superiori e studenti<\/p>\n<p>Dalla sua fondazione nel 1993 la Citt\u00e0 di Fiume assegna \u00a0<a href=\"https:\/\/www.rijeka.hr\/teme-za-gradane\/odgoj-i-obrazovanje\/stipendije\/\">borse di studio<\/a>\u00a0agli alunni dotati delle terze e delle quarte classi delle scuole medie superiori e studenti allo scopo di incentivare le loro abilit\u00e0. Il criterio fondamentale per la scelta dei borsiti \u00e8 il talento \u2013 una serie di caratteristiche e comportamenti di un individuo dotato che consentono a questa persona di ottenere risultati sopra la media in un campo oppure in alcuni campi dell\u2019attivit\u00e0 umana.<\/p>\n<p>Riconoscimento dei conseguimenti<\/p>\n<p>La Citt\u00e0 di Fiume presta grande attenzione a vari programmi dedicati ai bambini e ai giovani, e appoggia e particolarmente incoraggia il progresso degli alunni e dei giovani dotati, potenziale creativo della Citt\u00e0 di Fiume. Allo scopo di appoggiare il sapere e l\u2019eccellenza e di rilevare individui dotati, la Citt\u00e0 di Fiume organizza ogni anno un ricevimento per i migliori alunni e i loro mentori che a concorsi, rassegne e incontri a livello nazionale e internazionale hanno conseguito risultati eccellenti, come pure per gli alunni della generazione della scuola elementare.<\/p>\n<p><a href=\"https:\/\/www.rijeka.hr\/teme-za-gradane\/odgoj-i-obrazovanje\/prepoznavanje-postignuca-ucenika-njihovih-mentora\/\">Riconoscimento dei conseguimenti ottenuti da parte degli alunni e dei loro mentori<\/a>.<\/p>\n","protected":false},"excerpt":{"rendered":"<p>La Citt\u00e0 concede borse di studio ad alunni e studenti dotati e sovvenziona diversi programmi e progetti a cui prendono parte i migliori alunni e giovani, il cui obiettivo principale \u00e8 quello di incoraggiare le doti. Si cerca di creare gradualmente un ambiente positivo e favorevole per appoggiare e sviluppare gli interessi dei bambini dotati,&#8230;<\/p>\n","protected":false},"author":6,"featured_media":0,"parent":290,"menu_order":118,"comment_status":"closed","ping_status":"closed","template":"","meta":{"_acf_changed":false,"_trash_the_other_posts":false,"footnotes":"","_links_to":"","_links_to_target":""},"tags":[],"class_list":["post-303","page","type-page","status-publish","hentry"],"acf":[],"yoast_head":"<!-- This site is optimized with the Yoast SEO plugin v24.4 - https:\/\/yoast.com\/wordpress\/plugins\/seo\/ -->\n<title>Promozione delle doti - Citt\u00e0 di Fiume<\/title>\n<meta name=\"robots\" content=\"index, follow, max-snippet:-1, max-image-preview:large, max-video-preview:-1\" \/>\n<link rel=\"canonical\" href=\"https:\/\/www.rijeka.hr\/it\/temi-per-i-cittadini\/educazione-e-istruzione\/promozione-delle-doti\/\" \/>\n<meta property=\"og:locale\" content=\"it_IT\" \/>\n<meta property=\"og:type\" content=\"article\" \/>\n<meta property=\"og:title\" content=\"Promozione delle doti - Citt\u00e0 di Fiume\" \/>\n<meta property=\"og:description\" content=\"La Citt\u00e0 concede borse di studio ad alunni e studenti dotati e sovvenziona diversi programmi e progetti a cui prendono parte i migliori alunni e giovani, il cui obiettivo principale \u00e8 quello di incoraggiare le doti. Si cerca di creare gradualmente un ambiente positivo e favorevole per appoggiare e sviluppare gli interessi dei bambini dotati,...\" \/>\n<meta property=\"og:url\" content=\"https:\/\/www.rijeka.hr\/it\/temi-per-i-cittadini\/educazione-e-istruzione\/promozione-delle-doti\/\" \/>\n<meta property=\"og:site_name\" content=\"Citt\u00e0 di Fiume\" \/>\n<meta property=\"article:modified_time\" content=\"2019-11-20T14:02:41+00:00\" \/>\n<meta name=\"twitter:card\" content=\"summary_large_image\" \/>\n<meta name=\"twitter:label1\" content=\"Est. reading time\" \/>\n\t<meta name=\"twitter:data1\" content=\"3 minutes\" \/>\n<script type=\"application\/ld+json\" class=\"yoast-schema-graph\">{\"@context\":\"https:\/\/schema.org\",\"@graph\":[{\"@type\":\"WebPage\",\"@id\":\"https:\/\/www.rijeka.hr\/it\/temi-per-i-cittadini\/educazione-e-istruzione\/promozione-delle-doti\/\",\"url\":\"https:\/\/www.rijeka.hr\/it\/temi-per-i-cittadini\/educazione-e-istruzione\/promozione-delle-doti\/\",\"name\":\"Promozione delle doti - Citt\u00e0 di Fiume\",\"isPartOf\":{\"@id\":\"https:\/\/www.rijeka.hr\/it\/#website\"},\"datePublished\":\"2016-07-22T13:12:18+00:00\",\"dateModified\":\"2019-11-20T14:02:41+00:00\",\"breadcrumb\":{\"@id\":\"https:\/\/www.rijeka.hr\/it\/temi-per-i-cittadini\/educazione-e-istruzione\/promozione-delle-doti\/#breadcrumb\"},\"inLanguage\":\"it-IT\",\"potentialAction\":[{\"@type\":\"ReadAction\",\"target\":[\"https:\/\/www.rijeka.hr\/it\/temi-per-i-cittadini\/educazione-e-istruzione\/promozione-delle-doti\/\"]}]},{\"@type\":\"BreadcrumbList\",\"@id\":\"https:\/\/www.rijeka.hr\/it\/temi-per-i-cittadini\/educazione-e-istruzione\/promozione-delle-doti\/#breadcrumb\",\"itemListElement\":[{\"@type\":\"ListItem\",\"position\":1,\"name\":\"Po\u010detna stranica\",\"item\":\"https:\/\/www.rijeka.hr\/it\/\"},{\"@type\":\"ListItem\",\"position\":2,\"name\":\"Temi per i cittadini\",\"item\":\"https:\/\/www.rijeka.hr\/it\/temi-per-i-cittadini\/\"},{\"@type\":\"ListItem\",\"position\":3,\"name\":\"Educazione e istruzione\",\"item\":\"https:\/\/www.rijeka.hr\/it\/temi-per-i-cittadini\/educazione-e-istruzione\/\"},{\"@type\":\"ListItem\",\"position\":4,\"name\":\"Promozione delle doti\"}]},{\"@type\":\"WebSite\",\"@id\":\"https:\/\/www.rijeka.hr\/it\/#website\",\"url\":\"https:\/\/www.rijeka.hr\/it\/\",\"name\":\"Citt\u00e0 di Fiume\",\"description\":\"Portale web della Citta&#039; di Fiume\",\"potentialAction\":[{\"@type\":\"SearchAction\",\"target\":{\"@type\":\"EntryPoint\",\"urlTemplate\":\"https:\/\/www.rijeka.hr\/it\/?s={search_term_string}\"},\"query-input\":{\"@type\":\"PropertyValueSpecification\",\"valueRequired\":true,\"valueName\":\"search_term_string\"}}],\"inLanguage\":\"it-IT\"}]}<\/script>\n<!-- \/ Yoast SEO plugin. -->","yoast_head_json":{"title":"Promozione delle doti - Citt\u00e0 di Fiume","robots":{"index":"index","follow":"follow","max-snippet":"max-snippet:-1","max-image-preview":"max-image-preview:large","max-video-preview":"max-video-preview:-1"},"canonical":"https:\/\/www.rijeka.hr\/it\/temi-per-i-cittadini\/educazione-e-istruzione\/promozione-delle-doti\/","og_locale":"it_IT","og_type":"article","og_title":"Promozione delle doti - Citt\u00e0 di Fiume","og_description":"La Citt\u00e0 concede borse di studio ad alunni e studenti dotati e sovvenziona diversi programmi e progetti a cui prendono parte i migliori alunni e giovani, il cui obiettivo principale \u00e8 quello di incoraggiare le doti. Si cerca di creare gradualmente un ambiente positivo e favorevole per appoggiare e sviluppare gli interessi dei bambini dotati,...","og_url":"https:\/\/www.rijeka.hr\/it\/temi-per-i-cittadini\/educazione-e-istruzione\/promozione-delle-doti\/","og_site_name":"Citt\u00e0 di Fiume","article_modified_time":"2019-11-20T14:02:41+00:00","twitter_card":"summary_large_image","twitter_misc":{"Est. reading time":"3 minutes"},"schema":{"@context":"https:\/\/schema.org","@graph":[{"@type":"WebPage","@id":"https:\/\/www.rijeka.hr\/it\/temi-per-i-cittadini\/educazione-e-istruzione\/promozione-delle-doti\/","url":"https:\/\/www.rijeka.hr\/it\/temi-per-i-cittadini\/educazione-e-istruzione\/promozione-delle-doti\/","name":"Promozione delle doti - Citt\u00e0 di Fiume","isPartOf":{"@id":"https:\/\/www.rijeka.hr\/it\/#website"},"datePublished":"2016-07-22T13:12:18+00:00","dateModified":"2019-11-20T14:02:41+00:00","breadcrumb":{"@id":"https:\/\/www.rijeka.hr\/it\/temi-per-i-cittadini\/educazione-e-istruzione\/promozione-delle-doti\/#breadcrumb"},"inLanguage":"it-IT","potentialAction":[{"@type":"ReadAction","target":["https:\/\/www.rijeka.hr\/it\/temi-per-i-cittadini\/educazione-e-istruzione\/promozione-delle-doti\/"]}]},{"@type":"BreadcrumbList","@id":"https:\/\/www.rijeka.hr\/it\/temi-per-i-cittadini\/educazione-e-istruzione\/promozione-delle-doti\/#breadcrumb","itemListElement":[{"@type":"ListItem","position":1,"name":"Po\u010detna stranica","item":"https:\/\/www.rijeka.hr\/it\/"},{"@type":"ListItem","position":2,"name":"Temi per i cittadini","item":"https:\/\/www.rijeka.hr\/it\/temi-per-i-cittadini\/"},{"@type":"ListItem","position":3,"name":"Educazione e istruzione","item":"https:\/\/www.rijeka.hr\/it\/temi-per-i-cittadini\/educazione-e-istruzione\/"},{"@type":"ListItem","position":4,"name":"Promozione delle doti"}]},{"@type":"WebSite","@id":"https:\/\/www.rijeka.hr\/it\/#website","url":"https:\/\/www.rijeka.hr\/it\/","name":"Citt\u00e0 di Fiume","description":"Portale web della Citta&#039; di Fiume","potentialAction":[{"@type":"SearchAction","target":{"@type":"EntryPoint","urlTemplate":"https:\/\/www.rijeka.hr\/it\/?s={search_term_string}"},"query-input":{"@type":"PropertyValueSpecification","valueRequired":true,"valueName":"search_term_string"}}],"inLanguage":"it-IT"}]}},"_links":{"self":[{"href":"https:\/\/www.rijeka.hr\/it\/wp-json\/wp\/v2\/pages\/303","targetHints":{"allow":["GET"]}}],"collection":[{"href":"https:\/\/www.rijeka.hr\/it\/wp-json\/wp\/v2\/pages"}],"about":[{"href":"https:\/\/www.rijeka.hr\/it\/wp-json\/wp\/v2\/types\/page"}],"author":[{"embeddable":true,"href":"https:\/\/www.rijeka.hr\/it\/wp-json\/wp\/v2\/users\/6"}],"replies":[{"embeddable":true,"href":"https:\/\/www.rijeka.hr\/it\/wp-json\/wp\/v2\/comments?post=303"}],"version-history":[{"count":3,"href":"https:\/\/www.rijeka.hr\/it\/wp-json\/wp\/v2\/pages\/303\/revisions"}],"predecessor-version":[{"id":1313,"href":"https:\/\/www.rijeka.hr\/it\/wp-json\/wp\/v2\/pages\/303\/revisions\/1313"}],"up":[{"embeddable":true,"href":"https:\/\/www.rijeka.hr\/it\/wp-json\/wp\/v2\/pages\/290"}],"wp:attachment":[{"href":"https:\/\/www.rijeka.hr\/it\/wp-json\/wp\/v2\/media?parent=303"}],"wp:term":[{"taxonomy":"post_tag","embeddable":true,"href":"https:\/\/www.rijeka.hr\/it\/wp-json\/wp\/v2\/tags?post=303"}],"curies":[{"name":"wp","href":"https:\/\/api.w.org\/{rel}","templated":true}]}}