{"id":3069,"date":"2017-01-16T10:58:21","date_gmt":"2017-01-16T09:58:21","guid":{"rendered":"https:\/\/www.rijeka.hr\/it\/?page_id=3069"},"modified":"2024-07-02T15:33:09","modified_gmt":"2024-07-02T13:33:09","slug":"ustanove-kojima-osnivac-grad-rijeka","status":"publish","type":"page","link":"https:\/\/www.rijeka.hr\/it\/temi-per-i-cittadini\/cultura\/istituzioni-culturali\/ustanove-kojima-osnivac-grad-rijeka\/","title":{"rendered":"Istituzioni fondate dalla Citt\u00e0 di Fiume"},"content":{"rendered":"<h2>L&#8217;art-cinema<\/h2>\n<p><img decoding=\"async\" class=\"size-medium wp-image-14183 alignleft\" src=\"https:\/\/www.rijeka.hr\/wp-content\/uploads\/2016\/07\/Signali-u-gradu-projekcije-za-\u0161kole-1-600x400.jpg\" alt=\"U sklopu manifestacije Signali u gradu, koja je dio programa obilje\u009eavanja 70. obljetnice oslobo\u00f0enja Rijeke, u Art-kinu Croatia odr\u009eavaju se projekcije tematskih filmova za u\u00e8enike osnovnih i srednjih \u009akola.\" \/><\/p>\n<p>L&#8217;art-cinema \u201cCroatia\u201d \u00e8 stato inaugurato il 12 dicembre 2008. Il cinema opera come una piattaforma per lo sviluppo dell\u2019attivit\u00e0 audiovisiva fiumana e ha preso il ruolo di promotore della cultura cinematografica. L\u2019art-cinema non \u00e8 solo un luogo per presentare e guardare i film, ma anche un luogo per discuterne, il luogo per l&#8217;educazione, la comunicazione e la ricerca dell\u2019arte di immagini in movimento, per riflessioni cinematografiche e riflessioni sul film. L\u2019art cinema si sta sviluppando come istituzione cittadina centrale e il cinema centrale cittadino con un\u2019offerta svariata e continua di film di qualit\u00e0, con programmi per bambini e giovani, come un centro filmico con programmi educativi e un vivido centro della vita sociale.<\/p>\n<h2>Museo civico di Fiume<\/h2>\n<p><img loading=\"lazy\" decoding=\"async\" class=\"size-medium wp-image-14180 alignleft\" src=\"https:\/\/www.rijeka.hr\/wp-content\/uploads\/2016\/07\/Izlo\u017eba-\u201eGiovanni-Rubinich-\u2013-arhitektonski-opus\u201c-1-600x346.jpg\" alt=\"U sklopu manifestacije Dani talijanske kulture i talijanskog jezika u Rijeci, Muzej grada Rijeke priredio je izlo\u009ebu Giovanni Rubinich \u0096 arhitektonski opus. Autorica izlo\u009ebe je Deborah Pusti\u009aek, a izlo\u009eba ostaje otvorena do 31. sijecnja 2014. Giovanni Rubinich (1876. \u0096 1945.) - arhitekt, politicar i mason - sin je lovranskog samoukog graditelja Andrea Rubinicha i otac arhitekta Giovannija mladeg. Diplomirao je 1900. godine na Politehnickom fakultetu u Budimpe\u009ati. U Rijeci je osnovao projektnu i gradevinsku firmu, a radio je i u Tehnickom gradskom uredu. Smatra se jednim od najva\u009enijih predstavnika rijeckog secesijskog graditeljstva uz Emilija Ambrosinija. Najveci dio opusa ostvario je u svega prvih desetak godina karijere, nakon cega se aktivno poceo baviti politikom, pritom djelomicno zanemarujuci struku.\" width=\"600\" height=\"346\" \/><\/p>\n<p>Il Museo civico di Fiume \u00e8 stato fondato nel 1994 anche se era nato quale Museo dell\u2019insurrezione popolare. Ha sede nell\u2019edificio costruito nel 1976 e progettato dall\u2019architetto Neven \u0160egvi\u0107. Lo stabile \u00e8 situato nel parco del Palazzo del Governo. Il Museo si occupa della raccolta sistematica nonch\u00e9 dell\u2019elaborazione scientifica del materiale museale legato alla storia industriale, culturale e sociale (politica) di Fiume.<\/p>\n<p>Il Museo non propone un allestimento permanente, ma le sue raccolte sono disponibili e si possono ammirare ed esaminare durante i giorni lavorativi.<\/p>\n<p><span style=\"font-size: 0.875rem\">.<\/span><\/p>\n<h2>Il Museo d\u2019arte moderna e contemporanea<\/h2>\n<p><img loading=\"lazy\" decoding=\"async\" class=\"alignleft wp-image-5026 size-medium\" src=\"https:\/\/www.rijeka.hr\/it\/wp-content\/uploads\/sites\/3\/2017\/01\/MMS-Exhibition-Tomislav-Gotovac-300x200.jpg\" alt=\"MMS Exhibition Tomislav Gotovac\" width=\"300\" height=\"200\" \/><\/p>\n<p>Il Museo d&#8217;arte moderna e contemporanea opera dal 1948 come un\u2019istituzione museale e galleristica. Il museo raccoglie e cistodisce opere di artisti fiumani del XIX secolo e di artisti croati e stranieri del XX secolo e del XXI secolo. Il Museo non propone un allestimento permanente mentre le opere delle raccolte vengono esposte periodicamente in mostre tematiche, problematiche e monografiche. Il Museo d&#8217; arte moderna e contemporanea organizza periodicamente mostre personali e collettive di autori croati e stranieri, compie ricerche e allestisce retrospettive di artisti croati meno noti, presenta i lavori di artisti giovani come pure l\u2019attivit\u00e0 svolta da artisti croati contemporanei all\u2019estero. Oltre a questo organizza conferenze e tribune, su temi d\u2019attualit\u00e0 riguardanti l\u2019arte moderna e contemporanea, proiezioni di film documentari e di video d\u2019autore, come pure programmi educativi abbinati alle mostre pi\u00f9 importanti.<\/p>\n<p>Il Museo ha dei spazi espositivi: Museo d\u2019arte moderna e contemporanea, Via Kre\u0161imirova 26c, Fiume, Piccolo Salone, Korzo 24, Fiume<\/p>\n<h2>Il teatro nazionale Croato \u201cIvan de Zajc\u201d di Fiume<\/h2>\n<p><img loading=\"lazy\" decoding=\"async\" class=\"size-medium wp-image-14182 alignleft\" src=\"https:\/\/www.rijeka.hr\/wp-content\/uploads\/2016\/07\/Koncert-Jesen-sa-Sibeliusom-u-HNK-Ivana-Zajca-21-600x320.jpg\" alt=\"Koncert Jesen sa Sibeliusom u HNK Ivana Zajca (2)(1)\" width=\"600\" height=\"320\" \/><\/p>\n<p>La vita teatrale a Fiume ha una tradizione lunga pi\u00f9 di due secoli. Nel 1953 il teatro cambia nome in Ivan Zajc. Dall&#8217;anno 1991 il Teatro ottiene lo status di Teatro nazionale e realizza il suo programma attraverso le attivit\u00e0 del Dramma Croato, del Dramma Italiano, dell\u2019Opera e del Balletto. Contemporaneamente il suo repertorio si distingue per la ponderata riconoscibilit\u00e0, vengono allestite opere liriche e balletti classici recenti come pure drammi e opere liriche facenti parte del patrimonio nazionale, le prime assolute di opere croate e straniere soprattutto contemporanee. Si va costantemente alla ricerca di nuove correnti teatrali nel campo dell\u2019arte deduttiva. Ne sono conferma le partecipazioni e i premi ottenuti a vari festival, premi di associazione artistiche a spettacoli, a attori e compagnie del teatro fiumano.<\/p>\n<p>Dal 2004 il teatro organizza la manifestazione &#8220;Le notti estive fiumane&#8221;. Il Teatro \u00e8 membro della Convenzione teatrale europea.<\/p>\n<h2>Il Teatro cittadino dei burattini di Fiume<\/h2>\n<p><img loading=\"lazy\" decoding=\"async\" class=\"size-medium wp-image-14184 alignleft\" src=\"https:\/\/www.rijeka.hr\/wp-content\/uploads\/2016\/07\/Snje\u017ena-kraljica-3-600x346.jpg\" alt=\"Premijera lutkarske predstave &quot;Snje\u009ena kraljica&quot; odr\u009eana je u Gradskom kazali\u009atu lutaka Rijeka 6. veljace. Autorica dramatizacije je Vedrana Balen Spincic, redatelj Serdo Dlacic, dok je kreacija lutaka, maski i scenografije povjerena Luci Vidanovic.\" width=\"600\" height=\"346\" \/><\/p>\n<p>Il Teatro dei burattini \u00e8 stato fondato nel 1960 e\u00a0da allora ottiene successi per la gioia dei bambini di Fiume.\u00a0Dal febbraio del 1996 il Teatro cittadino dei burattini opera nella sede ristrutturata e dotata delle piu\u2019 moderne tecniche scenografiche. La sala dispone di 188 posti a sedere. La Citt\u00e0 di Fiume e i burattinai fiumani hanno accolto con successo la 19.esima edizione del Congresso mondiale UNIMA e il festival internazionale dei burattini nel 2004. Il teatro dei burattini di Fiume organizza con successo la Rassegna teatrale dei burattini.<\/p>\n<h2>La Biblioteca civica di Fiume<\/h2>\n<p><img loading=\"lazy\" decoding=\"async\" class=\"size-medium wp-image-14181 alignleft\" src=\"https:\/\/www.rijeka.hr\/wp-content\/uploads\/2016\/07\/Gradska-knji\u017enica-prostor-Filodramatice05-600x400.jpg\" alt=\"Gradska knji\u009enica Rijeka, Filodrammatica Obilazak gradonacelnika Vojka Obersnela sredi\u009anjeg odjela gradske knji\u009enice u prostoru Filodrammatica 28.28.2015.\" width=\"600\" height=\"400\" \/><\/p>\n<p>La Biblioteca civica di Fiume \u00e8 un\u2019istituzione pubblica della Citt\u00e0 di Fiume ed \u00e8 la biblioteca di base per le quelle pubbliche e scolastiche della Regione litoraneo-montana. La Biblioteca fornisce , elabora, conserva, da\u2019 in prestito tutti i tipi di volumi\u00a0 e materiale bibliotecario; elabora, compie ricerche e mette a disposizione tutti i tipi di informazioni bibliotecarie \u00a0riguardanti cataloghi, bibliografie, cartografie nonche\u2019 stimola ed educa i suoi fruitori attuali e futuri attraverso varie attivita\u2019, il tutto allo scopo di promuovere i libri, la lettura, il sapere, di elevare il livello d\u2019istruzione e di cultura della popolazione.<\/p>\n<h4>Dipartimenti:<\/h4>\n<ul>\n<li><span style=\"color: #ff0000\"><a style=\"color: #ff0000\" href=\"http:\/\/gkr.hr\/Vodic-za-korisnike\/Lokacije\/Sredisnji-odjel-Palaca-Modello-dom-publicistike-i-znanosti\" target=\"_blank\" rel=\"noopener\">Sezione centrale &#8220;Pala\u010da Modello&#8221;<\/a><\/span><\/li>\n<li><span style=\"color: #ff0000\"><a style=\"color: #ff0000\" href=\"http:\/\/gkr.hr\/Vodic-za-korisnike\/Lokacije\/Sredisnji-odjel-Filodrammatica-dom-lijepe-knjizevnosti\" target=\"_blank\" rel=\"noopener\">Sezione centrale &#8220;Filodrammatica&#8221;<\/a><\/span><\/li>\n<li><span style=\"color: #ff0000\">Sezione di periodica<\/span><\/li>\n<li><span style=\"color: #ff0000\"><a style=\"color: #ff0000\" href=\"http:\/\/gkr.hr\/Vodic-za-korisnike\/Lokacije\/Djecji-odjel-Stribor\" target=\"_blank\" rel=\"noopener\">Dipartimento per l&#8217;infanzia Stribor<\/a><\/span><\/li>\n<li><span style=\"color: #ff0000\"><a style=\"color: #ff0000\" href=\"http:\/\/gkr.hr\/Vodic-za-korisnike\/Lokacije\/Narodna-citaonica\">Sala di lettura<\/a><\/span><\/li>\n<li><span style=\"color: #ff0000\"><a style=\"color: #ff0000\" href=\"http:\/\/gkr.hr\/Vodic-za-korisnike\/Lokacije\/Gradski-bibliobus\" target=\"_blank\" rel=\"noopener\">Bibliobus cittadino\u00a0<\/a><\/span><\/li>\n<li><span style=\"color: #ff0000\"><a style=\"color: #ff0000\" href=\"http:\/\/gkr.hr\/Vodic-za-korisnike\/Lokacije\/Zupanijski-bibliobus\" target=\"_blank\" rel=\"noopener\">Bibliobuus regionale\u00a0<\/a><\/span><\/li>\n<li><span style=\"color: #ff0000\">Succursale di<a style=\"color: #ff0000\" href=\"http:\/\/gkr.hr\/Vodic-za-korisnike\/Lokacije\/Ogranak-Drenova\" target=\"_blank\" rel=\"noopener\">\u00a0Drenova<\/a><\/span><\/li>\n<li><span style=\"color: #ff0000\"><a style=\"color: #ff0000\" href=\"http:\/\/gkr.hr\/Vodic-za-korisnike\/Lokacije\/Ogranak-Turnic\" target=\"_blank\" rel=\"noopener\">Succursale &#8220;Turni\u0107<\/a>&#8220;<\/span><\/li>\n<li><span style=\"color: #ff0000\">Succursale di\u00a0<a style=\"color: #ff0000\" href=\"http:\/\/gkr.hr\/Vodic-za-korisnike\/Lokacije\/Ogranak-Zamet\">Zamet<\/a><\/span><\/li>\n<li><span style=\"color: #ff0000\">Succcursale di\u00a0<a style=\"color: #ff0000\" href=\"http:\/\/gkr.hr\/Vodic-za-korisnike\/Lokacije\/Ogranak-Trsat\" target=\"_blank\" rel=\"noopener\">T<\/a>ersatto<\/span><\/li>\n<li><span style=\"color: #ff0000\"><a style=\"color: #ff0000\" href=\"http:\/\/gkr.hr\/Vodic-za-korisnike\/Lokacije\/Knjiznica-Cavle\" target=\"_blank\" rel=\"noopener\">Biblioteca \u010cavle<\/a><\/span><\/li>\n<\/ul>\n<h2>La Casa di cultura croata<\/h2>\n<p><img loading=\"lazy\" decoding=\"async\" class=\"aligncenter wp-image-6879 size-full\" src=\"https:\/\/www.rijeka.hr\/it\/wp-content\/uploads\/sites\/3\/2018\/08\/HKD.png\" alt=\"\" width=\"600\" height=\"450\" srcset=\"https:\/\/www.rijeka.hr\/it\/wp-content\/uploads\/sites\/3\/2018\/08\/HKD.png 600w, https:\/\/www.rijeka.hr\/it\/wp-content\/uploads\/sites\/3\/2018\/08\/HKD-533x400.png 533w\" sizes=\"(max-width: 600px) 100vw, 600px\" \/><\/p>\n<p>La Casa di cultura croata \u00e8 la pi\u00f9 giovane istituzione culturale istituita nel mese di novembre 2017. Questa istituzione ha a sua disposizione una grande sala con palcoscenico, sale prove e gallerie, ed \u00e8 stata concepita come un centro culturale della citt\u00e0 che grazie al suo personale professionale e attrezzature consente e fornisce supporto a varie attivit\u00e0 culturali con l&#8217;obiettivo di soddisfare le esigenze culturali dei cittadini.<\/p>\n<p>Le attivit\u00e0 svolte dall&#8217;istituzione sono legate al coordinamento e all&#8217;attuazione del programma da parte di organizzazioni culturali indipendenti e istituzionali, supporto ai programmi all&#8217;interno del programma Capitale europea della cultura e al programma espositivo della Galleria Kortil. L&#8217;istituzione \u00e8 responsabile per il montaggio di palchi e tribune per le esigenze delle manifestazioni e dei programmi cittadini.<\/p>\n<p>L&#8217;istituzione opera nell&#8217;edificio costruito dal 1936 al 1947 in base al progetto di Josip Pi\u010dman ed \u00e8 incluso nella Lista dei beni culturali protetti del Registro dei beni culturali della Repubblica di Croazia.<\/p>\n","protected":false},"excerpt":{"rendered":"<p>L&#8217;art-cinema L&#8217;art-cinema \u201cCroatia\u201d \u00e8 stato inaugurato il 12 dicembre 2008. Il cinema opera come una piattaforma per lo sviluppo dell\u2019attivit\u00e0 audiovisiva fiumana e ha preso il ruolo di promotore della cultura cinematografica. L\u2019art-cinema non \u00e8 solo un luogo per presentare e guardare i film, ma anche un luogo per discuterne, il luogo per l&#8217;educazione, la&#8230;<\/p>\n","protected":false},"author":6,"featured_media":0,"parent":1069,"menu_order":0,"comment_status":"closed","ping_status":"closed","template":"","meta":{"_acf_changed":false,"_trash_the_other_posts":false,"footnotes":"","_links_to":"","_links_to_target":""},"tags":[],"class_list":["post-3069","page","type-page","status-publish","hentry"],"acf":[],"yoast_head":"<!-- This site is optimized with the Yoast SEO plugin v24.4 - https:\/\/yoast.com\/wordpress\/plugins\/seo\/ -->\n<title>Istituzioni fondate dalla Citt\u00e0 di Fiume - Citt\u00e0 di Fiume<\/title>\n<meta name=\"robots\" content=\"index, follow, max-snippet:-1, max-image-preview:large, max-video-preview:-1\" \/>\n<link rel=\"canonical\" href=\"https:\/\/www.rijeka.hr\/it\/temi-per-i-cittadini\/cultura\/istituzioni-culturali\/ustanove-kojima-osnivac-grad-rijeka\/\" \/>\n<meta property=\"og:locale\" content=\"it_IT\" \/>\n<meta property=\"og:type\" content=\"article\" \/>\n<meta property=\"og:title\" content=\"Istituzioni fondate dalla Citt\u00e0 di Fiume - Citt\u00e0 di Fiume\" \/>\n<meta property=\"og:description\" content=\"L&#8217;art-cinema L&#8217;art-cinema \u201cCroatia\u201d \u00e8 stato inaugurato il 12 dicembre 2008. Il cinema opera come una piattaforma per lo sviluppo dell\u2019attivit\u00e0 audiovisiva fiumana e ha preso il ruolo di promotore della cultura cinematografica. L\u2019art-cinema non \u00e8 solo un luogo per presentare e guardare i film, ma anche un luogo per discuterne, il luogo per l&#8217;educazione, la...\" \/>\n<meta property=\"og:url\" content=\"https:\/\/www.rijeka.hr\/it\/temi-per-i-cittadini\/cultura\/istituzioni-culturali\/ustanove-kojima-osnivac-grad-rijeka\/\" \/>\n<meta property=\"og:site_name\" content=\"Citt\u00e0 di Fiume\" \/>\n<meta property=\"article:modified_time\" content=\"2024-07-02T13:33:09+00:00\" \/>\n<meta property=\"og:image\" content=\"https:\/\/www.rijeka.hr\/it\/wp-content\/uploads\/sites\/3\/2017\/01\/MMS-Exhibition-Tomislav-Gotovac-300x200.jpg\" \/>\n<meta name=\"twitter:card\" content=\"summary_large_image\" \/>\n<meta name=\"twitter:label1\" content=\"Est. reading time\" \/>\n\t<meta name=\"twitter:data1\" content=\"5 minutes\" \/>\n<script type=\"application\/ld+json\" class=\"yoast-schema-graph\">{\"@context\":\"https:\/\/schema.org\",\"@graph\":[{\"@type\":\"WebPage\",\"@id\":\"https:\/\/www.rijeka.hr\/it\/temi-per-i-cittadini\/cultura\/istituzioni-culturali\/ustanove-kojima-osnivac-grad-rijeka\/\",\"url\":\"https:\/\/www.rijeka.hr\/it\/temi-per-i-cittadini\/cultura\/istituzioni-culturali\/ustanove-kojima-osnivac-grad-rijeka\/\",\"name\":\"Istituzioni fondate dalla Citt\u00e0 di Fiume - Citt\u00e0 di Fiume\",\"isPartOf\":{\"@id\":\"https:\/\/www.rijeka.hr\/it\/#website\"},\"primaryImageOfPage\":{\"@id\":\"https:\/\/www.rijeka.hr\/it\/temi-per-i-cittadini\/cultura\/istituzioni-culturali\/ustanove-kojima-osnivac-grad-rijeka\/#primaryimage\"},\"image\":{\"@id\":\"https:\/\/www.rijeka.hr\/it\/temi-per-i-cittadini\/cultura\/istituzioni-culturali\/ustanove-kojima-osnivac-grad-rijeka\/#primaryimage\"},\"thumbnailUrl\":\"https:\/\/www.rijeka.hr\/it\/wp-content\/uploads\/sites\/3\/2017\/01\/MMS-Exhibition-Tomislav-Gotovac-300x200.jpg\",\"datePublished\":\"2017-01-16T09:58:21+00:00\",\"dateModified\":\"2024-07-02T13:33:09+00:00\",\"breadcrumb\":{\"@id\":\"https:\/\/www.rijeka.hr\/it\/temi-per-i-cittadini\/cultura\/istituzioni-culturali\/ustanove-kojima-osnivac-grad-rijeka\/#breadcrumb\"},\"inLanguage\":\"it-IT\",\"potentialAction\":[{\"@type\":\"ReadAction\",\"target\":[\"https:\/\/www.rijeka.hr\/it\/temi-per-i-cittadini\/cultura\/istituzioni-culturali\/ustanove-kojima-osnivac-grad-rijeka\/\"]}]},{\"@type\":\"ImageObject\",\"inLanguage\":\"it-IT\",\"@id\":\"https:\/\/www.rijeka.hr\/it\/temi-per-i-cittadini\/cultura\/istituzioni-culturali\/ustanove-kojima-osnivac-grad-rijeka\/#primaryimage\",\"url\":\"https:\/\/www.rijeka.hr\/it\/wp-content\/uploads\/sites\/3\/2017\/01\/MMS-Exhibition-Tomislav-Gotovac.jpg\",\"contentUrl\":\"https:\/\/www.rijeka.hr\/it\/wp-content\/uploads\/sites\/3\/2017\/01\/MMS-Exhibition-Tomislav-Gotovac.jpg\",\"width\":1024,\"height\":682,\"caption\":\"MMS Exhibition Tomislav Gotovac\"},{\"@type\":\"BreadcrumbList\",\"@id\":\"https:\/\/www.rijeka.hr\/it\/temi-per-i-cittadini\/cultura\/istituzioni-culturali\/ustanove-kojima-osnivac-grad-rijeka\/#breadcrumb\",\"itemListElement\":[{\"@type\":\"ListItem\",\"position\":1,\"name\":\"Po\u010detna stranica\",\"item\":\"https:\/\/www.rijeka.hr\/it\/\"},{\"@type\":\"ListItem\",\"position\":2,\"name\":\"Temi per i cittadini\",\"item\":\"https:\/\/www.rijeka.hr\/it\/temi-per-i-cittadini\/\"},{\"@type\":\"ListItem\",\"position\":3,\"name\":\"Cultura\",\"item\":\"https:\/\/www.rijeka.hr\/it\/temi-per-i-cittadini\/cultura\/\"},{\"@type\":\"ListItem\",\"position\":4,\"name\":\"Istituzioni culturali\",\"item\":\"https:\/\/www.rijeka.hr\/it\/temi-per-i-cittadini\/cultura\/istituzioni-culturali\/\"},{\"@type\":\"ListItem\",\"position\":5,\"name\":\"Istituzioni fondate dalla Citt\u00e0 di Fiume\"}]},{\"@type\":\"WebSite\",\"@id\":\"https:\/\/www.rijeka.hr\/it\/#website\",\"url\":\"https:\/\/www.rijeka.hr\/it\/\",\"name\":\"Citt\u00e0 di Fiume\",\"description\":\"Portale web della Citta&#039; di Fiume\",\"potentialAction\":[{\"@type\":\"SearchAction\",\"target\":{\"@type\":\"EntryPoint\",\"urlTemplate\":\"https:\/\/www.rijeka.hr\/it\/?s={search_term_string}\"},\"query-input\":{\"@type\":\"PropertyValueSpecification\",\"valueRequired\":true,\"valueName\":\"search_term_string\"}}],\"inLanguage\":\"it-IT\"}]}<\/script>\n<!-- \/ Yoast SEO plugin. -->","yoast_head_json":{"title":"Istituzioni fondate dalla Citt\u00e0 di Fiume - Citt\u00e0 di Fiume","robots":{"index":"index","follow":"follow","max-snippet":"max-snippet:-1","max-image-preview":"max-image-preview:large","max-video-preview":"max-video-preview:-1"},"canonical":"https:\/\/www.rijeka.hr\/it\/temi-per-i-cittadini\/cultura\/istituzioni-culturali\/ustanove-kojima-osnivac-grad-rijeka\/","og_locale":"it_IT","og_type":"article","og_title":"Istituzioni fondate dalla Citt\u00e0 di Fiume - Citt\u00e0 di Fiume","og_description":"L&#8217;art-cinema L&#8217;art-cinema \u201cCroatia\u201d \u00e8 stato inaugurato il 12 dicembre 2008. Il cinema opera come una piattaforma per lo sviluppo dell\u2019attivit\u00e0 audiovisiva fiumana e ha preso il ruolo di promotore della cultura cinematografica. L\u2019art-cinema non \u00e8 solo un luogo per presentare e guardare i film, ma anche un luogo per discuterne, il luogo per l&#8217;educazione, la...","og_url":"https:\/\/www.rijeka.hr\/it\/temi-per-i-cittadini\/cultura\/istituzioni-culturali\/ustanove-kojima-osnivac-grad-rijeka\/","og_site_name":"Citt\u00e0 di Fiume","article_modified_time":"2024-07-02T13:33:09+00:00","og_image":[{"url":"https:\/\/www.rijeka.hr\/it\/wp-content\/uploads\/sites\/3\/2017\/01\/MMS-Exhibition-Tomislav-Gotovac-300x200.jpg","type":"","width":"","height":""}],"twitter_card":"summary_large_image","twitter_misc":{"Est. reading time":"5 minutes"},"schema":{"@context":"https:\/\/schema.org","@graph":[{"@type":"WebPage","@id":"https:\/\/www.rijeka.hr\/it\/temi-per-i-cittadini\/cultura\/istituzioni-culturali\/ustanove-kojima-osnivac-grad-rijeka\/","url":"https:\/\/www.rijeka.hr\/it\/temi-per-i-cittadini\/cultura\/istituzioni-culturali\/ustanove-kojima-osnivac-grad-rijeka\/","name":"Istituzioni fondate dalla Citt\u00e0 di Fiume - Citt\u00e0 di Fiume","isPartOf":{"@id":"https:\/\/www.rijeka.hr\/it\/#website"},"primaryImageOfPage":{"@id":"https:\/\/www.rijeka.hr\/it\/temi-per-i-cittadini\/cultura\/istituzioni-culturali\/ustanove-kojima-osnivac-grad-rijeka\/#primaryimage"},"image":{"@id":"https:\/\/www.rijeka.hr\/it\/temi-per-i-cittadini\/cultura\/istituzioni-culturali\/ustanove-kojima-osnivac-grad-rijeka\/#primaryimage"},"thumbnailUrl":"https:\/\/www.rijeka.hr\/it\/wp-content\/uploads\/sites\/3\/2017\/01\/MMS-Exhibition-Tomislav-Gotovac-300x200.jpg","datePublished":"2017-01-16T09:58:21+00:00","dateModified":"2024-07-02T13:33:09+00:00","breadcrumb":{"@id":"https:\/\/www.rijeka.hr\/it\/temi-per-i-cittadini\/cultura\/istituzioni-culturali\/ustanove-kojima-osnivac-grad-rijeka\/#breadcrumb"},"inLanguage":"it-IT","potentialAction":[{"@type":"ReadAction","target":["https:\/\/www.rijeka.hr\/it\/temi-per-i-cittadini\/cultura\/istituzioni-culturali\/ustanove-kojima-osnivac-grad-rijeka\/"]}]},{"@type":"ImageObject","inLanguage":"it-IT","@id":"https:\/\/www.rijeka.hr\/it\/temi-per-i-cittadini\/cultura\/istituzioni-culturali\/ustanove-kojima-osnivac-grad-rijeka\/#primaryimage","url":"https:\/\/www.rijeka.hr\/it\/wp-content\/uploads\/sites\/3\/2017\/01\/MMS-Exhibition-Tomislav-Gotovac.jpg","contentUrl":"https:\/\/www.rijeka.hr\/it\/wp-content\/uploads\/sites\/3\/2017\/01\/MMS-Exhibition-Tomislav-Gotovac.jpg","width":1024,"height":682,"caption":"MMS Exhibition Tomislav Gotovac"},{"@type":"BreadcrumbList","@id":"https:\/\/www.rijeka.hr\/it\/temi-per-i-cittadini\/cultura\/istituzioni-culturali\/ustanove-kojima-osnivac-grad-rijeka\/#breadcrumb","itemListElement":[{"@type":"ListItem","position":1,"name":"Po\u010detna stranica","item":"https:\/\/www.rijeka.hr\/it\/"},{"@type":"ListItem","position":2,"name":"Temi per i cittadini","item":"https:\/\/www.rijeka.hr\/it\/temi-per-i-cittadini\/"},{"@type":"ListItem","position":3,"name":"Cultura","item":"https:\/\/www.rijeka.hr\/it\/temi-per-i-cittadini\/cultura\/"},{"@type":"ListItem","position":4,"name":"Istituzioni culturali","item":"https:\/\/www.rijeka.hr\/it\/temi-per-i-cittadini\/cultura\/istituzioni-culturali\/"},{"@type":"ListItem","position":5,"name":"Istituzioni fondate dalla Citt\u00e0 di Fiume"}]},{"@type":"WebSite","@id":"https:\/\/www.rijeka.hr\/it\/#website","url":"https:\/\/www.rijeka.hr\/it\/","name":"Citt\u00e0 di Fiume","description":"Portale web della Citta&#039; di Fiume","potentialAction":[{"@type":"SearchAction","target":{"@type":"EntryPoint","urlTemplate":"https:\/\/www.rijeka.hr\/it\/?s={search_term_string}"},"query-input":{"@type":"PropertyValueSpecification","valueRequired":true,"valueName":"search_term_string"}}],"inLanguage":"it-IT"}]}},"_links":{"self":[{"href":"https:\/\/www.rijeka.hr\/it\/wp-json\/wp\/v2\/pages\/3069","targetHints":{"allow":["GET"]}}],"collection":[{"href":"https:\/\/www.rijeka.hr\/it\/wp-json\/wp\/v2\/pages"}],"about":[{"href":"https:\/\/www.rijeka.hr\/it\/wp-json\/wp\/v2\/types\/page"}],"author":[{"embeddable":true,"href":"https:\/\/www.rijeka.hr\/it\/wp-json\/wp\/v2\/users\/6"}],"replies":[{"embeddable":true,"href":"https:\/\/www.rijeka.hr\/it\/wp-json\/wp\/v2\/comments?post=3069"}],"version-history":[{"count":5,"href":"https:\/\/www.rijeka.hr\/it\/wp-json\/wp\/v2\/pages\/3069\/revisions"}],"predecessor-version":[{"id":19140,"href":"https:\/\/www.rijeka.hr\/it\/wp-json\/wp\/v2\/pages\/3069\/revisions\/19140"}],"up":[{"embeddable":true,"href":"https:\/\/www.rijeka.hr\/it\/wp-json\/wp\/v2\/pages\/1069"}],"wp:attachment":[{"href":"https:\/\/www.rijeka.hr\/it\/wp-json\/wp\/v2\/media?parent=3069"}],"wp:term":[{"taxonomy":"post_tag","embeddable":true,"href":"https:\/\/www.rijeka.hr\/it\/wp-json\/wp\/v2\/tags?post=3069"}],"curies":[{"name":"wp","href":"https:\/\/api.w.org\/{rel}","templated":true}]}}