{"id":3184,"date":"2017-01-24T08:54:34","date_gmt":"2017-01-24T07:54:34","guid":{"rendered":"https:\/\/www.rijeka.hr\/it\/?page_id=3184"},"modified":"2019-08-23T14:51:42","modified_gmt":"2019-08-23T12:51:42","slug":"sport-per-disabili","status":"publish","type":"page","link":"https:\/\/www.rijeka.hr\/it\/temi-per-i-cittadini\/sport-e-ricreazione\/sport-per-disabili\/","title":{"rendered":"Sport per disabili"},"content":{"rendered":"<p>Lo sport \u00e8 uno dei metodi in cui persone con disabilit\u00e0 possono attivare e potenziare i propri talenti e abilit\u00e0 e in questo modo possono includersi con maggiore successo nella vita quotidiana.<\/p>\n<h2>Club sportivi per disabili<\/h2>\n<p>Persone con disabilit\u00e0 possono praticare lo sport a Fiume presso circa venti club sportivi. La lista dei club sportivi \u00e8 pubblicata sul sito web dell\u2019Associazione sportiva per persone disabili della Citt\u00e0 di Fiume ed \u00e8 disponibile qui:<\/p>\n\n    <div class=\"featured-download\">\n\n        <ul>\n                                                                                                    <li class=\"type-vnd.ms-excel\"><a href=\"https:\/\/www.rijeka.hr\/it\/wp-content\/uploads\/sites\/3\/2017\/01\/La-lista-dei-club-sportivi-.xls\">La lista dei club sportivi <em>[vnd.ms-excel, 19 KB]<\/em><\/a><\/li>\n                                                                                                                                                                                                                                                                                                                                                                                                                                                                                                                                                                                                                                                                                                                                                                                                                                                                                                        <\/ul>\n \n    <\/div>\n\n    \n<h2>L\u2019adattamento delle strutture sportive gestite dalla municipalizzata Rijeka sport alle persone disabili<\/h2>\n<p>Tutte le strutture sportive gestite dalla municipalizzata Rijeka sport in una certa misura sono state adattate alle persone con disabilit\u00e0, e il livello di adattamento, prima di tutto, dipende del tempo in cui queste strutture sono state costruite e in questo riguardo della possibilit\u00e0 di effettuare l\u2019adattamento con lavori di rifacimento.<\/p>\n<h2>Sovvenzionamento dell\u2019allenamento e delle gare dei disabili<\/h2>\n<p>Attraverso il Programma di necessit\u00e0 pubbliche nello sport vengono finanziati gli allenamenti e le gare dei disabili e delle persone ipoudenti. I mezzi pianificati sono previsti per l\u2019organizzazione e l\u2019attuazione delle attivit\u00e0 programmatiche come pure per il recupero e la risocializzazione allo scopo di includere nelle attivit\u00e0 programmatiche un numero quanto maggiore dei disabili e delle persone ipoudenti.<\/p>\n<p>Il sovvenzionamento comprende le attivit\u00e0 sportive dei club per disabili e ipoudenti e l\u2019attivit\u00e0 dell\u2019Associazione sportiva per persone disabili della Citt\u00e0 di Fiume.<\/p>\n<h2>Manifestazioni:<\/h2>\n<ul>\n<li><a href=\"https:\/\/www.rijeka.hr\/it\/temi-per-i-cittadini\/sport-e-ricreazione\/manifestazioni-sportive-e-ricreative\/?noredirect=it_IT\">Coppa Hendi \u2013 corsa nell\u2019ambito della gara podistica \u201cAndiamo tutti a correre\u201c<\/a><\/li>\n<li><a href=\"https:\/\/www.rijeka.hr\/it\/temi-per-i-cittadini\/sport-e-ricreazione\/manifestazioni-sportive-e-ricreative\/manifestazioni-sportive-ricreative\/giochi-sportivi-bambini-fiume-difficolta-nello-sviluppo\/?noredirect=it_IT\">Programma educativo e sportivo per bambini e giovani con difficolt\u00e0 nello sviluppo<\/a><\/li>\n<li><a href=\"https:\/\/www.rijeka.hr\/it\/temi-per-i-cittadini\/sport-e-ricreazione\/manifestazioni-sportive-e-ricreative\/manifestazioni-sportive-ricreative\/la-giornata-olimpica-croata\/?noredirect=it_IT\">La Giornata olimpica croata<\/a><\/li>\n<\/ul>\n<p>&nbsp;<\/p>\n","protected":false},"excerpt":{"rendered":"<p>Lo sport \u00e8 uno dei metodi in cui persone con disabilit\u00e0 possono attivare e potenziare i propri talenti e abilit\u00e0 e in questo modo possono includersi con maggiore successo nella vita quotidiana. Club sportivi per disabili Persone con disabilit\u00e0 possono praticare lo sport a Fiume presso circa venti club sportivi. La lista dei club sportivi&#8230;<\/p>\n","protected":false},"author":2,"featured_media":0,"parent":319,"menu_order":0,"comment_status":"closed","ping_status":"closed","template":"","meta":{"_acf_changed":false,"_trash_the_other_posts":false,"footnotes":"","_links_to":"","_links_to_target":""},"tags":[],"class_list":["post-3184","page","type-page","status-publish","hentry"],"acf":[],"yoast_head":"<!-- This site is optimized with the Yoast SEO plugin v24.4 - https:\/\/yoast.com\/wordpress\/plugins\/seo\/ -->\n<title>Sport per disabili - Citt\u00e0 di Fiume<\/title>\n<meta name=\"robots\" content=\"index, follow, max-snippet:-1, max-image-preview:large, max-video-preview:-1\" \/>\n<link rel=\"canonical\" href=\"https:\/\/www.rijeka.hr\/it\/temi-per-i-cittadini\/sport-e-ricreazione\/sport-per-disabili\/\" \/>\n<meta property=\"og:locale\" content=\"it_IT\" \/>\n<meta property=\"og:type\" content=\"article\" \/>\n<meta property=\"og:title\" content=\"Sport per disabili - Citt\u00e0 di Fiume\" \/>\n<meta property=\"og:description\" content=\"Lo sport \u00e8 uno dei metodi in cui persone con disabilit\u00e0 possono attivare e potenziare i propri talenti e abilit\u00e0 e in questo modo possono includersi con maggiore successo nella vita quotidiana. Club sportivi per disabili Persone con disabilit\u00e0 possono praticare lo sport a Fiume presso circa venti club sportivi. La lista dei club sportivi...\" \/>\n<meta property=\"og:url\" content=\"https:\/\/www.rijeka.hr\/it\/temi-per-i-cittadini\/sport-e-ricreazione\/sport-per-disabili\/\" \/>\n<meta property=\"og:site_name\" content=\"Citt\u00e0 di Fiume\" \/>\n<meta property=\"article:modified_time\" content=\"2019-08-23T12:51:42+00:00\" \/>\n<meta name=\"twitter:card\" content=\"summary_large_image\" \/>\n<meta name=\"twitter:label1\" content=\"Est. reading time\" \/>\n\t<meta name=\"twitter:data1\" content=\"1 minute\" \/>\n<script type=\"application\/ld+json\" class=\"yoast-schema-graph\">{\"@context\":\"https:\/\/schema.org\",\"@graph\":[{\"@type\":\"WebPage\",\"@id\":\"https:\/\/www.rijeka.hr\/it\/temi-per-i-cittadini\/sport-e-ricreazione\/sport-per-disabili\/\",\"url\":\"https:\/\/www.rijeka.hr\/it\/temi-per-i-cittadini\/sport-e-ricreazione\/sport-per-disabili\/\",\"name\":\"Sport per disabili - Citt\u00e0 di Fiume\",\"isPartOf\":{\"@id\":\"https:\/\/www.rijeka.hr\/it\/#website\"},\"datePublished\":\"2017-01-24T07:54:34+00:00\",\"dateModified\":\"2019-08-23T12:51:42+00:00\",\"breadcrumb\":{\"@id\":\"https:\/\/www.rijeka.hr\/it\/temi-per-i-cittadini\/sport-e-ricreazione\/sport-per-disabili\/#breadcrumb\"},\"inLanguage\":\"it-IT\",\"potentialAction\":[{\"@type\":\"ReadAction\",\"target\":[\"https:\/\/www.rijeka.hr\/it\/temi-per-i-cittadini\/sport-e-ricreazione\/sport-per-disabili\/\"]}]},{\"@type\":\"BreadcrumbList\",\"@id\":\"https:\/\/www.rijeka.hr\/it\/temi-per-i-cittadini\/sport-e-ricreazione\/sport-per-disabili\/#breadcrumb\",\"itemListElement\":[{\"@type\":\"ListItem\",\"position\":1,\"name\":\"Po\u010detna stranica\",\"item\":\"https:\/\/www.rijeka.hr\/it\/\"},{\"@type\":\"ListItem\",\"position\":2,\"name\":\"Temi per i cittadini\",\"item\":\"https:\/\/www.rijeka.hr\/it\/temi-per-i-cittadini\/\"},{\"@type\":\"ListItem\",\"position\":3,\"name\":\"Sport e ricreazione\",\"item\":\"https:\/\/www.rijeka.hr\/it\/temi-per-i-cittadini\/sport-e-ricreazione\/\"},{\"@type\":\"ListItem\",\"position\":4,\"name\":\"Sport per disabili\"}]},{\"@type\":\"WebSite\",\"@id\":\"https:\/\/www.rijeka.hr\/it\/#website\",\"url\":\"https:\/\/www.rijeka.hr\/it\/\",\"name\":\"Citt\u00e0 di Fiume\",\"description\":\"Portale web della Citta&#039; di Fiume\",\"potentialAction\":[{\"@type\":\"SearchAction\",\"target\":{\"@type\":\"EntryPoint\",\"urlTemplate\":\"https:\/\/www.rijeka.hr\/it\/?s={search_term_string}\"},\"query-input\":{\"@type\":\"PropertyValueSpecification\",\"valueRequired\":true,\"valueName\":\"search_term_string\"}}],\"inLanguage\":\"it-IT\"}]}<\/script>\n<!-- \/ Yoast SEO plugin. -->","yoast_head_json":{"title":"Sport per disabili - Citt\u00e0 di Fiume","robots":{"index":"index","follow":"follow","max-snippet":"max-snippet:-1","max-image-preview":"max-image-preview:large","max-video-preview":"max-video-preview:-1"},"canonical":"https:\/\/www.rijeka.hr\/it\/temi-per-i-cittadini\/sport-e-ricreazione\/sport-per-disabili\/","og_locale":"it_IT","og_type":"article","og_title":"Sport per disabili - Citt\u00e0 di Fiume","og_description":"Lo sport \u00e8 uno dei metodi in cui persone con disabilit\u00e0 possono attivare e potenziare i propri talenti e abilit\u00e0 e in questo modo possono includersi con maggiore successo nella vita quotidiana. Club sportivi per disabili Persone con disabilit\u00e0 possono praticare lo sport a Fiume presso circa venti club sportivi. La lista dei club sportivi...","og_url":"https:\/\/www.rijeka.hr\/it\/temi-per-i-cittadini\/sport-e-ricreazione\/sport-per-disabili\/","og_site_name":"Citt\u00e0 di Fiume","article_modified_time":"2019-08-23T12:51:42+00:00","twitter_card":"summary_large_image","twitter_misc":{"Est. reading time":"1 minute"},"schema":{"@context":"https:\/\/schema.org","@graph":[{"@type":"WebPage","@id":"https:\/\/www.rijeka.hr\/it\/temi-per-i-cittadini\/sport-e-ricreazione\/sport-per-disabili\/","url":"https:\/\/www.rijeka.hr\/it\/temi-per-i-cittadini\/sport-e-ricreazione\/sport-per-disabili\/","name":"Sport per disabili - Citt\u00e0 di Fiume","isPartOf":{"@id":"https:\/\/www.rijeka.hr\/it\/#website"},"datePublished":"2017-01-24T07:54:34+00:00","dateModified":"2019-08-23T12:51:42+00:00","breadcrumb":{"@id":"https:\/\/www.rijeka.hr\/it\/temi-per-i-cittadini\/sport-e-ricreazione\/sport-per-disabili\/#breadcrumb"},"inLanguage":"it-IT","potentialAction":[{"@type":"ReadAction","target":["https:\/\/www.rijeka.hr\/it\/temi-per-i-cittadini\/sport-e-ricreazione\/sport-per-disabili\/"]}]},{"@type":"BreadcrumbList","@id":"https:\/\/www.rijeka.hr\/it\/temi-per-i-cittadini\/sport-e-ricreazione\/sport-per-disabili\/#breadcrumb","itemListElement":[{"@type":"ListItem","position":1,"name":"Po\u010detna stranica","item":"https:\/\/www.rijeka.hr\/it\/"},{"@type":"ListItem","position":2,"name":"Temi per i cittadini","item":"https:\/\/www.rijeka.hr\/it\/temi-per-i-cittadini\/"},{"@type":"ListItem","position":3,"name":"Sport e ricreazione","item":"https:\/\/www.rijeka.hr\/it\/temi-per-i-cittadini\/sport-e-ricreazione\/"},{"@type":"ListItem","position":4,"name":"Sport per disabili"}]},{"@type":"WebSite","@id":"https:\/\/www.rijeka.hr\/it\/#website","url":"https:\/\/www.rijeka.hr\/it\/","name":"Citt\u00e0 di Fiume","description":"Portale web della Citta&#039; di Fiume","potentialAction":[{"@type":"SearchAction","target":{"@type":"EntryPoint","urlTemplate":"https:\/\/www.rijeka.hr\/it\/?s={search_term_string}"},"query-input":{"@type":"PropertyValueSpecification","valueRequired":true,"valueName":"search_term_string"}}],"inLanguage":"it-IT"}]}},"_links":{"self":[{"href":"https:\/\/www.rijeka.hr\/it\/wp-json\/wp\/v2\/pages\/3184","targetHints":{"allow":["GET"]}}],"collection":[{"href":"https:\/\/www.rijeka.hr\/it\/wp-json\/wp\/v2\/pages"}],"about":[{"href":"https:\/\/www.rijeka.hr\/it\/wp-json\/wp\/v2\/types\/page"}],"author":[{"embeddable":true,"href":"https:\/\/www.rijeka.hr\/it\/wp-json\/wp\/v2\/users\/2"}],"replies":[{"embeddable":true,"href":"https:\/\/www.rijeka.hr\/it\/wp-json\/wp\/v2\/comments?post=3184"}],"version-history":[{"count":7,"href":"https:\/\/www.rijeka.hr\/it\/wp-json\/wp\/v2\/pages\/3184\/revisions"}],"predecessor-version":[{"id":3190,"href":"https:\/\/www.rijeka.hr\/it\/wp-json\/wp\/v2\/pages\/3184\/revisions\/3190"}],"up":[{"embeddable":true,"href":"https:\/\/www.rijeka.hr\/it\/wp-json\/wp\/v2\/pages\/319"}],"wp:attachment":[{"href":"https:\/\/www.rijeka.hr\/it\/wp-json\/wp\/v2\/media?parent=3184"}],"wp:term":[{"taxonomy":"post_tag","embeddable":true,"href":"https:\/\/www.rijeka.hr\/it\/wp-json\/wp\/v2\/tags?post=3184"}],"curies":[{"name":"wp","href":"https:\/\/api.w.org\/{rel}","templated":true}]}}