{"id":322,"date":"2016-07-22T15:26:42","date_gmt":"2016-07-22T13:26:42","guid":{"rendered":"https:\/\/www.rijeka.hr\/it\/?page_id=322"},"modified":"2025-01-07T09:47:56","modified_gmt":"2025-01-07T08:47:56","slug":"necessita-pubbliche-nello-sport","status":"publish","type":"page","link":"https:\/\/www.rijeka.hr\/it\/temi-per-i-cittadini\/sport-e-ricreazione\/necessita-pubbliche-nello-sport\/","title":{"rendered":"Necessit\u00e0 pubbliche nello sport"},"content":{"rendered":"<p>Le attivit\u00e0 programmatiche inerenti allo sport nella citt\u00e0 di Fiume si basano, prima di tutto, sulla Legge sullo sport (Gazzetta Ufficiale N 71\/06, 150\/08, 124\/10, 124\/11, 86\/12 e 94\/13), come pure sulla Strategia di sviluppo della Citt\u00e0 di Fiume per il periodo 2014 &#8211; 2020.<\/p>\n<p>Il concorso per il finanziamento nell&#8217;ambito del Programma mirato a soddisfare le necessit\u00e0 pubbliche della Citt\u00e0 di Fiume in campo sportivo viene bandito dalla Comunit\u00e0 delle societ\u00e0 sportive di Fiume &#8220;L&#8217;assosport fiumana&#8221;, la quale, tramite le sue commissioni professionali e consultive, considera le offerte pervenute e inoltra la sua proposta al comitato esecutivo dell&#8217;Assosport fiumana per sovvenzionare i programmi dai mezzi del Bilancio della Citt\u00e0 di Fiume.<\/p>\n<p>Il comitato esecutivo dell&#8217;Assosport fiumana inoltra la proposta all&#8217;Assemblea dell&#8217;Assosport fiumana. Dopo l&#8217;approvazione nell\u2019Assemblea, il sindaco della Citt\u00e0 di Fiume determina la Proposta di programma di necessit\u00e0 pubbliche nello sport per l\u2019anno in questione. Il Consiglio cittadino della Citt\u00e0 di Fiume approva il Programma di necessit\u00e0 pubbliche in campo sportivo per il prossimo anno verso la fine dell&#8217;anno in corso.<\/p>\n<p>Il consiglio cittadino, su proposta del sindaco, determina inoltre l&#8217;importo dei mezzi per finanziare il Programma di esigenze pubbliche.<\/p>\n<p>Con i mezzi del bilancio la citt\u00e0 sovvenziona le attivit\u00e0 ordinarie delle associazioni sportive, le attivit\u00e0 sportive dell&#8217;infanzia, degli alunni e degli studenti fuori dall&#8217;orario scolastico, le attivit\u00e0 sportive e ricreative dei cittadini, le attivit\u00e0 terapeutiche e riabilitative in favore delle persone diversamente abili e di salute cagionevole, i programmi incentivanti dedicati al monitoraggio e alla remunerazione dei migliori e pi\u00f9 promettenti atleti, programmi speciali volti, prima di tutto, a seguire il lavoro della Comunit\u00e0 delle societ\u00e0 sportive della Citt\u00e0 di Fiume, programmi straordinari \u2013 l&#8217;organizzazione e lo svolgimento delle manifestazioni tradizionali e significative sul territorio della citt\u00e0, le partecipazioni di squadre e sportivi fiumani alle gare internazionali, corsi educativi e di perfezionamento professionale, e programmi a carattere pubblicistico-editoriale.<\/p>\n<p>Dopo essere stato determinato dal Consiglio cittadino, il Programma di necessit\u00e0 pubbliche nello sport viene approvato dall\u2019Assemblea dell\u2019Assosport fiumana che approva il Piano dettagliato per la ripartizione dei mezzi finanziari nell\u2019ambito del Programma e lo invia al sindaco e al Consiglio cittadino per ottenere un consenso successivo.<\/p>\n<p>Il piano dettagliato di ripartizione dei mezzi finanziari per le attivit\u00e0 sovvenzionate dall\u2019Assosport fiumana e dal Dipartimento per lo sport e la cultura tecnica, contiene pure un\u2019indicazione del costo stimato di utilizzo degli impianti sportivi per le associazioni comprese dal programma.<\/p>\n<p>L\u2019Assosport fiumana mantiene la documentazione relativa all&#8217;utilizzo degli impianti sportivi al fine di avere una presentazione unificata sia dei finanziamenti a fondo perduto che le associazioni ottengono dal Bilancio della Citt\u00e0 di Fiume, sia delle stime che riguardano l\u2019uso degli impianti, che non rappresenta un finanziamento in denaro, per\u00f2 rappresenta un tipo di assistenza alle societ\u00e0 in quanto le associazioni sportive usano gli impianti sportivi senza pagare alcun compenso. In questo modo si raggiunge una trasparenza completa verso la comunit\u00e0 locale, ovvero della Citt\u00e0 di Fiume e dell\u2019Assosport fiumana verso le societ\u00e0 sportive di Fiume.<\/p>\n<p>Durante la redazione del Piano dettagliato di ripartizione dei mezzi finanziari, la quota che riguarda gli allenamenti e le gare degli atleti, la qualit\u00e0 dei programmi e le attivit\u00e0 dei club viene determinata in conformit\u00e0 al Regolamento sulla classificazione delle discipline sportive dell\u2019Assosport fiumana e i club sportivi in base al Regolamento sulla classificazione dei club sportivi, mentre la qualit\u00e0 viene determinata secondo il numero degli atleti registrati, delle squadre attive e delle persone professionali coinvolte nei programmi.<\/p>\n<p>Ulteriori informazioni sono disponibili sul sito web dell\u2019<a href=\"http:\/\/www.rss.hr\/\">Assosport fiumana<\/a>.<\/p>\n<p>&nbsp;<\/p>\n<p>&nbsp;<\/p>\n<p>&nbsp;<\/p>\n<p>&nbsp;<\/p>\n","protected":false},"excerpt":{"rendered":"<p>Le attivit\u00e0 programmatiche inerenti allo sport nella citt\u00e0 di Fiume si basano, prima di tutto, sulla Legge sullo sport (Gazzetta Ufficiale N 71\/06, 150\/08, 124\/10, 124\/11, 86\/12 e 94\/13), come pure sulla Strategia di sviluppo della Citt\u00e0 di Fiume per il periodo 2014 &#8211; 2020. Il concorso per il finanziamento nell&#8217;ambito del Programma mirato a&#8230;<\/p>\n","protected":false},"author":6,"featured_media":0,"parent":319,"menu_order":0,"comment_status":"closed","ping_status":"closed","template":"","meta":{"_acf_changed":false,"_trash_the_other_posts":false,"footnotes":"","_links_to":"","_links_to_target":""},"tags":[],"class_list":["post-322","page","type-page","status-publish","hentry"],"acf":[],"yoast_head":"<!-- This site is optimized with the Yoast SEO plugin v24.4 - https:\/\/yoast.com\/wordpress\/plugins\/seo\/ -->\n<title>Necessit\u00e0 pubbliche nello sport - Citt\u00e0 di Fiume<\/title>\n<meta name=\"robots\" content=\"index, follow, max-snippet:-1, max-image-preview:large, max-video-preview:-1\" \/>\n<link rel=\"canonical\" href=\"https:\/\/www.rijeka.hr\/it\/temi-per-i-cittadini\/sport-e-ricreazione\/necessita-pubbliche-nello-sport\/\" \/>\n<meta property=\"og:locale\" content=\"it_IT\" \/>\n<meta property=\"og:type\" content=\"article\" \/>\n<meta property=\"og:title\" content=\"Necessit\u00e0 pubbliche nello sport - Citt\u00e0 di Fiume\" \/>\n<meta property=\"og:description\" content=\"Le attivit\u00e0 programmatiche inerenti allo sport nella citt\u00e0 di Fiume si basano, prima di tutto, sulla Legge sullo sport (Gazzetta Ufficiale N 71\/06, 150\/08, 124\/10, 124\/11, 86\/12 e 94\/13), come pure sulla Strategia di sviluppo della Citt\u00e0 di Fiume per il periodo 2014 &#8211; 2020. Il concorso per il finanziamento nell&#8217;ambito del Programma mirato a...\" \/>\n<meta property=\"og:url\" content=\"https:\/\/www.rijeka.hr\/it\/temi-per-i-cittadini\/sport-e-ricreazione\/necessita-pubbliche-nello-sport\/\" \/>\n<meta property=\"og:site_name\" content=\"Citt\u00e0 di Fiume\" \/>\n<meta property=\"article:modified_time\" content=\"2025-01-07T08:47:56+00:00\" \/>\n<meta name=\"twitter:card\" content=\"summary_large_image\" \/>\n<meta name=\"twitter:label1\" content=\"Est. reading time\" \/>\n\t<meta name=\"twitter:data1\" content=\"3 minutes\" \/>\n<script type=\"application\/ld+json\" class=\"yoast-schema-graph\">{\"@context\":\"https:\/\/schema.org\",\"@graph\":[{\"@type\":\"WebPage\",\"@id\":\"https:\/\/www.rijeka.hr\/it\/temi-per-i-cittadini\/sport-e-ricreazione\/necessita-pubbliche-nello-sport\/\",\"url\":\"https:\/\/www.rijeka.hr\/it\/temi-per-i-cittadini\/sport-e-ricreazione\/necessita-pubbliche-nello-sport\/\",\"name\":\"Necessit\u00e0 pubbliche nello sport - Citt\u00e0 di Fiume\",\"isPartOf\":{\"@id\":\"https:\/\/www.rijeka.hr\/it\/#website\"},\"datePublished\":\"2016-07-22T13:26:42+00:00\",\"dateModified\":\"2025-01-07T08:47:56+00:00\",\"breadcrumb\":{\"@id\":\"https:\/\/www.rijeka.hr\/it\/temi-per-i-cittadini\/sport-e-ricreazione\/necessita-pubbliche-nello-sport\/#breadcrumb\"},\"inLanguage\":\"it-IT\",\"potentialAction\":[{\"@type\":\"ReadAction\",\"target\":[\"https:\/\/www.rijeka.hr\/it\/temi-per-i-cittadini\/sport-e-ricreazione\/necessita-pubbliche-nello-sport\/\"]}]},{\"@type\":\"BreadcrumbList\",\"@id\":\"https:\/\/www.rijeka.hr\/it\/temi-per-i-cittadini\/sport-e-ricreazione\/necessita-pubbliche-nello-sport\/#breadcrumb\",\"itemListElement\":[{\"@type\":\"ListItem\",\"position\":1,\"name\":\"Po\u010detna stranica\",\"item\":\"https:\/\/www.rijeka.hr\/it\/\"},{\"@type\":\"ListItem\",\"position\":2,\"name\":\"Temi per i cittadini\",\"item\":\"https:\/\/www.rijeka.hr\/it\/temi-per-i-cittadini\/\"},{\"@type\":\"ListItem\",\"position\":3,\"name\":\"Sport e ricreazione\",\"item\":\"https:\/\/www.rijeka.hr\/it\/temi-per-i-cittadini\/sport-e-ricreazione\/\"},{\"@type\":\"ListItem\",\"position\":4,\"name\":\"Necessit\u00e0 pubbliche nello sport\"}]},{\"@type\":\"WebSite\",\"@id\":\"https:\/\/www.rijeka.hr\/it\/#website\",\"url\":\"https:\/\/www.rijeka.hr\/it\/\",\"name\":\"Citt\u00e0 di Fiume\",\"description\":\"Portale web della Citta&#039; di Fiume\",\"potentialAction\":[{\"@type\":\"SearchAction\",\"target\":{\"@type\":\"EntryPoint\",\"urlTemplate\":\"https:\/\/www.rijeka.hr\/it\/?s={search_term_string}\"},\"query-input\":{\"@type\":\"PropertyValueSpecification\",\"valueRequired\":true,\"valueName\":\"search_term_string\"}}],\"inLanguage\":\"it-IT\"}]}<\/script>\n<!-- \/ Yoast SEO plugin. -->","yoast_head_json":{"title":"Necessit\u00e0 pubbliche nello sport - Citt\u00e0 di Fiume","robots":{"index":"index","follow":"follow","max-snippet":"max-snippet:-1","max-image-preview":"max-image-preview:large","max-video-preview":"max-video-preview:-1"},"canonical":"https:\/\/www.rijeka.hr\/it\/temi-per-i-cittadini\/sport-e-ricreazione\/necessita-pubbliche-nello-sport\/","og_locale":"it_IT","og_type":"article","og_title":"Necessit\u00e0 pubbliche nello sport - Citt\u00e0 di Fiume","og_description":"Le attivit\u00e0 programmatiche inerenti allo sport nella citt\u00e0 di Fiume si basano, prima di tutto, sulla Legge sullo sport (Gazzetta Ufficiale N 71\/06, 150\/08, 124\/10, 124\/11, 86\/12 e 94\/13), come pure sulla Strategia di sviluppo della Citt\u00e0 di Fiume per il periodo 2014 &#8211; 2020. Il concorso per il finanziamento nell&#8217;ambito del Programma mirato a...","og_url":"https:\/\/www.rijeka.hr\/it\/temi-per-i-cittadini\/sport-e-ricreazione\/necessita-pubbliche-nello-sport\/","og_site_name":"Citt\u00e0 di Fiume","article_modified_time":"2025-01-07T08:47:56+00:00","twitter_card":"summary_large_image","twitter_misc":{"Est. reading time":"3 minutes"},"schema":{"@context":"https:\/\/schema.org","@graph":[{"@type":"WebPage","@id":"https:\/\/www.rijeka.hr\/it\/temi-per-i-cittadini\/sport-e-ricreazione\/necessita-pubbliche-nello-sport\/","url":"https:\/\/www.rijeka.hr\/it\/temi-per-i-cittadini\/sport-e-ricreazione\/necessita-pubbliche-nello-sport\/","name":"Necessit\u00e0 pubbliche nello sport - Citt\u00e0 di Fiume","isPartOf":{"@id":"https:\/\/www.rijeka.hr\/it\/#website"},"datePublished":"2016-07-22T13:26:42+00:00","dateModified":"2025-01-07T08:47:56+00:00","breadcrumb":{"@id":"https:\/\/www.rijeka.hr\/it\/temi-per-i-cittadini\/sport-e-ricreazione\/necessita-pubbliche-nello-sport\/#breadcrumb"},"inLanguage":"it-IT","potentialAction":[{"@type":"ReadAction","target":["https:\/\/www.rijeka.hr\/it\/temi-per-i-cittadini\/sport-e-ricreazione\/necessita-pubbliche-nello-sport\/"]}]},{"@type":"BreadcrumbList","@id":"https:\/\/www.rijeka.hr\/it\/temi-per-i-cittadini\/sport-e-ricreazione\/necessita-pubbliche-nello-sport\/#breadcrumb","itemListElement":[{"@type":"ListItem","position":1,"name":"Po\u010detna stranica","item":"https:\/\/www.rijeka.hr\/it\/"},{"@type":"ListItem","position":2,"name":"Temi per i cittadini","item":"https:\/\/www.rijeka.hr\/it\/temi-per-i-cittadini\/"},{"@type":"ListItem","position":3,"name":"Sport e ricreazione","item":"https:\/\/www.rijeka.hr\/it\/temi-per-i-cittadini\/sport-e-ricreazione\/"},{"@type":"ListItem","position":4,"name":"Necessit\u00e0 pubbliche nello sport"}]},{"@type":"WebSite","@id":"https:\/\/www.rijeka.hr\/it\/#website","url":"https:\/\/www.rijeka.hr\/it\/","name":"Citt\u00e0 di Fiume","description":"Portale web della Citta&#039; di Fiume","potentialAction":[{"@type":"SearchAction","target":{"@type":"EntryPoint","urlTemplate":"https:\/\/www.rijeka.hr\/it\/?s={search_term_string}"},"query-input":{"@type":"PropertyValueSpecification","valueRequired":true,"valueName":"search_term_string"}}],"inLanguage":"it-IT"}]}},"_links":{"self":[{"href":"https:\/\/www.rijeka.hr\/it\/wp-json\/wp\/v2\/pages\/322","targetHints":{"allow":["GET"]}}],"collection":[{"href":"https:\/\/www.rijeka.hr\/it\/wp-json\/wp\/v2\/pages"}],"about":[{"href":"https:\/\/www.rijeka.hr\/it\/wp-json\/wp\/v2\/types\/page"}],"author":[{"embeddable":true,"href":"https:\/\/www.rijeka.hr\/it\/wp-json\/wp\/v2\/users\/6"}],"replies":[{"embeddable":true,"href":"https:\/\/www.rijeka.hr\/it\/wp-json\/wp\/v2\/comments?post=322"}],"version-history":[{"count":5,"href":"https:\/\/www.rijeka.hr\/it\/wp-json\/wp\/v2\/pages\/322\/revisions"}],"predecessor-version":[{"id":3208,"href":"https:\/\/www.rijeka.hr\/it\/wp-json\/wp\/v2\/pages\/322\/revisions\/3208"}],"up":[{"embeddable":true,"href":"https:\/\/www.rijeka.hr\/it\/wp-json\/wp\/v2\/pages\/319"}],"wp:attachment":[{"href":"https:\/\/www.rijeka.hr\/it\/wp-json\/wp\/v2\/media?parent=322"}],"wp:term":[{"taxonomy":"post_tag","embeddable":true,"href":"https:\/\/www.rijeka.hr\/it\/wp-json\/wp\/v2\/tags?post=322"}],"curies":[{"name":"wp","href":"https:\/\/api.w.org\/{rel}","templated":true}]}}