{"id":3230,"date":"2017-01-26T13:49:25","date_gmt":"2017-01-26T12:49:25","guid":{"rendered":"https:\/\/www.rijeka.hr\/it\/?page_id=3230"},"modified":"2021-05-19T12:08:45","modified_gmt":"2021-05-19T10:08:45","slug":"progetto-delle-passeggiate-fiumane","status":"publish","type":"page","link":"https:\/\/www.rijeka.hr\/it\/temi-per-i-cittadini\/sport-e-ricreazione\/parchi-di-gioco\/progetto-delle-passeggiate-fiumane\/","title":{"rendered":"Passeggiate fiumane"},"content":{"rendered":"<p>Il progetto \u201cPasseggiate fiumane\u201d \u00e8 stato avviato nell\u2019ambito delle attivit\u00e0 dell\u2019&#8217;Ufficio del progetto &#8220;Fiume \u2013 citt\u00e0 sana&#8221; della Citt\u00e0 di Fiume, mentre la realizzazione \u00e8 avvenuta in collaborazione con la Citt\u00e0 di Fiume e le associazioni alpinistiche \u201cHT e HP U\u010dka\u201d, \u201cDuga\u201d e \u201cBazovica\u201d di Fiume.<\/p>\n<p>L\u2019idea delle passeggiate fiumane \u00e8 nata dall\u2019intento di collegare l\u2019ultimo punto sud-orientale con l\u2019ultimo punto nord-occidentale della zona cittadina, ovvero di permettere di arrivare camminando dal Plumbum nella parte orientale della citt\u00e0 di Fiume fino al rione Bivio, ossia a Preluca, nella parte occidentale della citt\u00e0.<\/p>\n<p>L&#8217;anello delle Passeggiate fiumane \u00e8 suddiviso in alcuni tratti e sottotratti (sentieri) che tutti iniziano e finiscono alle fermate degli autobus urbani e attraversano le zone urbane pi\u00f9 belle e pi\u00f9 verdi, circondate da numerosi monumenti storici.<\/p>\n<p>La Citt\u00e0 di Fiume pianifica inoltre di realizzare una passeggiata lungomare e in questo modo si otterr\u00e0 un\u2019unica rete di passeggiate. Le passeggiate sono state ideate per la ricreazione e il desidero \u00e8 quello di spingere i cittadini a muoversi di pi\u00f9.<\/p>\n<p>&nbsp;<\/p>\n<h2>I tratti delle passeggiate aperti fino ad ora<\/h2>\n<p><strong>Plumbum \u2013 Tersatto<br \/>\n<\/strong>Nell&#8217;ambito del progetto &#8220;Passeggiate fiumane&#8221; nel 2011 \u00e8 stato inaugurato il primo tratto delle passeggiate della lunghezza di 11.5 chilometri, dal Plumbum, attraverso Ve\u017eica inferiore e Ve\u017eica superiore e il colle di Santa Croce e Strmica fino a Tersatto.<\/p>\n\n    <div class=\"featured-download\">\n\n        <ul>\n                                                                                                    <li class=\"type-pdf\"><a href=\"https:\/\/www.rijeka.hr\/it\/wp-content\/uploads\/sites\/3\/2017\/01\/Karta-\u0161etnice-Plumbum-Trsat.pdf\">La mappa della passeggiata Plumbum - Trsat <em>[pdf, 5 MB]<\/em><\/a><\/li>\n                                                                                                                                            <li class=\"type-pdf\"><a href=\"https:\/\/www.rijeka.hr\/it\/wp-content\/uploads\/sites\/3\/2017\/01\/Detaljniji-opis-poddionica-prve-dionice.pdf\">Descrizione dettagliata dei sottotratti del primo tratto <em>[pdf, 6 MB]<\/em><\/a><\/li>\n                                                                                                                                                                                                                                                                                                                                                                                                                                                                                                                                                                                                                                                                                                                                                                                                                                                                            <\/ul>\n \n    <\/div>\n\n    \n<p><strong>Tersatto \u2013 Orehovica \u2013 Mar\u0161i\u0107<br \/>\n<\/strong>Il tratto da Tersatto a Orehovica che ha una lunghezza di 2,5 chilometri \u00e8 stato inaugurato nel 2012 ed \u00e8 un po\u2019 pi\u00f9 impegnativo per i passeggiatori. Il tratto parte dal Palazzetto dello sport a Tersatto e finisce a Orehovica dov\u2019\u00e8 possibile continuare il percorso lungo il canyon della Rje\u010dine, recarsi verso il centro cittadino o continuare lungo il percorso delle \u201cMlikarice\u201d per salire fino a Hrastenica e pi\u00f9 in l\u00e0, fino alla localit\u00e0 di Mar\u0161i\u0107i, nel comune di \u010cavle che ha una lunghezza complessiva di 4 chilometri.<\/p>\n\n    <div class=\"featured-download\">\n\n        <ul>\n                                                                                                    <li class=\"type-pdf\"><a href=\"https:\/\/www.rijeka.hr\/it\/wp-content\/uploads\/sites\/3\/2017\/01\/Karta-\u0161etnice-Trsat-Orehovica-Mar\u0161i\u0107.pdf\">La mappa della passeggiata Tersatto - Orehovica \u2013 Mar\u0161i\u0107 <em>[pdf, 5 MB]<\/em><\/a><\/li>\n                                                                                                                                                                                                                                                                                                                                                                                                                                                                                                                                                                                                                                                                                                                                                                                                                                                                                                        <\/ul>\n \n    <\/div>\n\n    \n<p><strong>Attraverso il canyon della Rje\u010dina<br \/>\n<\/strong>Il tratto da Orehovica fino al cimitero di Drenova che passa per il canyon della Rje\u010dina, porta sopra il Veli Vrh fino a Drenova e la sua lunghezza \u00e8 di 9,8 chilometri. Il percorso \u00e8 impegnativo per\u00f2 offre paesaggi pittoreschi del canyon, dei vecchi mulini, e panorami spettacolari dai pendii che si alzano sopra il canyon. Il tratto pi\u00f9 breve da Orehovica al mulino di Mate\u0161i\u0107 ha una lunghezza di 800 metri e richiede una camminata di soli 15 minuti.<\/p>\n\n    <div class=\"featured-download\">\n\n        <ul>\n                                                                                                    <li class=\"type-pdf\"><a href=\"https:\/\/www.rijeka.hr\/it\/wp-content\/uploads\/sites\/3\/2017\/01\/Karta-\u0161etnice-Kanjon-Rje\u010dine.pdf\">La mappa della passeggiata attraverso il canyon della Rje\u010dina <em>[pdf, 7 MB]<\/em><\/a><\/li>\n                                                                                                                                                                                                                                                                                                                                                                                                                                                                                                                                                                                                                                                                                                                                                                                                                                                                                                        <\/ul>\n \n    <\/div>\n\n    \n<h2>Lo scopo del progetto &#8220;Passeggiate fiumane&#8221;<\/h2>\n<p>Le passeggiate sono state ideate per la ricreazione, sono idonee per l&#8217;educazione, per approfondire la conoscenza della flora e per un migliore orientamento nello spazio, e possono essere utilizzate per supplementare l&#8217;offerta turistica della citt\u00e0 di Fiume. Due tratti (Veli vrh e Preluk-Bivio) potranno essere utilizzati dalle persone con difficolt\u00e0 motorie e dalle persone anziane.<\/p>\n<p>Lo scopo del progetto \u00e8 quello di incentivare i cittadini a muoversi di pi\u00f9 per stare in salute, a camminare e che una parte del tragitto giornaliero casa-lavoro sia lungo le Passeggiate fiumane, in questo modo i cittadini di Fiume conosceranno meglio da soli la propria citt\u00e0, le numerose bellezze naturali che circondano la citt\u00e0 e saranno in grado di condividere lo spazio cos\u00ec ordinato con tutti coloro che arrivano a Fiume.<\/p>\n","protected":false},"excerpt":{"rendered":"<p>Il progetto \u201cPasseggiate fiumane\u201d \u00e8 stato avviato nell\u2019ambito delle attivit\u00e0 dell\u2019&#8217;Ufficio del progetto &#8220;Fiume \u2013 citt\u00e0 sana&#8221; della Citt\u00e0 di Fiume, mentre la realizzazione \u00e8 avvenuta in collaborazione con la Citt\u00e0 di Fiume e le associazioni alpinistiche \u201cHT e HP U\u010dka\u201d, \u201cDuga\u201d e \u201cBazovica\u201d di Fiume. L\u2019idea delle passeggiate fiumane \u00e8 nata dall\u2019intento di collegare&#8230;<\/p>\n","protected":false},"author":2,"featured_media":0,"parent":339,"menu_order":50,"comment_status":"closed","ping_status":"closed","template":"","meta":{"_acf_changed":false,"_trash_the_other_posts":false,"footnotes":"","_links_to":"","_links_to_target":""},"tags":[],"class_list":["post-3230","page","type-page","status-publish","hentry"],"acf":[],"yoast_head":"<!-- This site is optimized with the Yoast SEO plugin v24.4 - https:\/\/yoast.com\/wordpress\/plugins\/seo\/ -->\n<title>Passeggiate fiumane - Citt\u00e0 di Fiume<\/title>\n<meta name=\"robots\" content=\"index, follow, max-snippet:-1, max-image-preview:large, max-video-preview:-1\" \/>\n<link rel=\"canonical\" href=\"https:\/\/www.rijeka.hr\/it\/temi-per-i-cittadini\/sport-e-ricreazione\/parchi-di-gioco\/progetto-delle-passeggiate-fiumane\/\" \/>\n<meta property=\"og:locale\" content=\"it_IT\" \/>\n<meta property=\"og:type\" content=\"article\" \/>\n<meta property=\"og:title\" content=\"Passeggiate fiumane - Citt\u00e0 di Fiume\" \/>\n<meta property=\"og:description\" content=\"Il progetto \u201cPasseggiate fiumane\u201d \u00e8 stato avviato nell\u2019ambito delle attivit\u00e0 dell\u2019&#8217;Ufficio del progetto &#8220;Fiume \u2013 citt\u00e0 sana&#8221; della Citt\u00e0 di Fiume, mentre la realizzazione \u00e8 avvenuta in collaborazione con la Citt\u00e0 di Fiume e le associazioni alpinistiche \u201cHT e HP U\u010dka\u201d, \u201cDuga\u201d e \u201cBazovica\u201d di Fiume. L\u2019idea delle passeggiate fiumane \u00e8 nata dall\u2019intento di collegare...\" \/>\n<meta property=\"og:url\" content=\"https:\/\/www.rijeka.hr\/it\/temi-per-i-cittadini\/sport-e-ricreazione\/parchi-di-gioco\/progetto-delle-passeggiate-fiumane\/\" \/>\n<meta property=\"og:site_name\" content=\"Citt\u00e0 di Fiume\" \/>\n<meta property=\"article:modified_time\" content=\"2021-05-19T10:08:45+00:00\" \/>\n<meta name=\"twitter:card\" content=\"summary_large_image\" \/>\n<meta name=\"twitter:label1\" content=\"Est. reading time\" \/>\n\t<meta name=\"twitter:data1\" content=\"3 minutes\" \/>\n<script type=\"application\/ld+json\" class=\"yoast-schema-graph\">{\"@context\":\"https:\/\/schema.org\",\"@graph\":[{\"@type\":\"WebPage\",\"@id\":\"https:\/\/www.rijeka.hr\/it\/temi-per-i-cittadini\/sport-e-ricreazione\/parchi-di-gioco\/progetto-delle-passeggiate-fiumane\/\",\"url\":\"https:\/\/www.rijeka.hr\/it\/temi-per-i-cittadini\/sport-e-ricreazione\/parchi-di-gioco\/progetto-delle-passeggiate-fiumane\/\",\"name\":\"Passeggiate fiumane - Citt\u00e0 di Fiume\",\"isPartOf\":{\"@id\":\"https:\/\/www.rijeka.hr\/it\/#website\"},\"datePublished\":\"2017-01-26T12:49:25+00:00\",\"dateModified\":\"2021-05-19T10:08:45+00:00\",\"breadcrumb\":{\"@id\":\"https:\/\/www.rijeka.hr\/it\/temi-per-i-cittadini\/sport-e-ricreazione\/parchi-di-gioco\/progetto-delle-passeggiate-fiumane\/#breadcrumb\"},\"inLanguage\":\"it-IT\",\"potentialAction\":[{\"@type\":\"ReadAction\",\"target\":[\"https:\/\/www.rijeka.hr\/it\/temi-per-i-cittadini\/sport-e-ricreazione\/parchi-di-gioco\/progetto-delle-passeggiate-fiumane\/\"]}]},{\"@type\":\"BreadcrumbList\",\"@id\":\"https:\/\/www.rijeka.hr\/it\/temi-per-i-cittadini\/sport-e-ricreazione\/parchi-di-gioco\/progetto-delle-passeggiate-fiumane\/#breadcrumb\",\"itemListElement\":[{\"@type\":\"ListItem\",\"position\":1,\"name\":\"Po\u010detna stranica\",\"item\":\"https:\/\/www.rijeka.hr\/it\/\"},{\"@type\":\"ListItem\",\"position\":2,\"name\":\"Temi per i cittadini\",\"item\":\"https:\/\/www.rijeka.hr\/it\/temi-per-i-cittadini\/\"},{\"@type\":\"ListItem\",\"position\":3,\"name\":\"Sport e ricreazione\",\"item\":\"https:\/\/www.rijeka.hr\/it\/temi-per-i-cittadini\/sport-e-ricreazione\/\"},{\"@type\":\"ListItem\",\"position\":4,\"name\":\"Passeggiate e parchi\",\"item\":\"https:\/\/www.rijeka.hr\/it\/temi-per-i-cittadini\/sport-e-ricreazione\/parchi-di-gioco\/\"},{\"@type\":\"ListItem\",\"position\":5,\"name\":\"Passeggiate fiumane\"}]},{\"@type\":\"WebSite\",\"@id\":\"https:\/\/www.rijeka.hr\/it\/#website\",\"url\":\"https:\/\/www.rijeka.hr\/it\/\",\"name\":\"Citt\u00e0 di Fiume\",\"description\":\"Portale web della Citta&#039; di Fiume\",\"potentialAction\":[{\"@type\":\"SearchAction\",\"target\":{\"@type\":\"EntryPoint\",\"urlTemplate\":\"https:\/\/www.rijeka.hr\/it\/?s={search_term_string}\"},\"query-input\":{\"@type\":\"PropertyValueSpecification\",\"valueRequired\":true,\"valueName\":\"search_term_string\"}}],\"inLanguage\":\"it-IT\"}]}<\/script>\n<!-- \/ Yoast SEO plugin. -->","yoast_head_json":{"title":"Passeggiate fiumane - Citt\u00e0 di Fiume","robots":{"index":"index","follow":"follow","max-snippet":"max-snippet:-1","max-image-preview":"max-image-preview:large","max-video-preview":"max-video-preview:-1"},"canonical":"https:\/\/www.rijeka.hr\/it\/temi-per-i-cittadini\/sport-e-ricreazione\/parchi-di-gioco\/progetto-delle-passeggiate-fiumane\/","og_locale":"it_IT","og_type":"article","og_title":"Passeggiate fiumane - Citt\u00e0 di Fiume","og_description":"Il progetto \u201cPasseggiate fiumane\u201d \u00e8 stato avviato nell\u2019ambito delle attivit\u00e0 dell\u2019&#8217;Ufficio del progetto &#8220;Fiume \u2013 citt\u00e0 sana&#8221; della Citt\u00e0 di Fiume, mentre la realizzazione \u00e8 avvenuta in collaborazione con la Citt\u00e0 di Fiume e le associazioni alpinistiche \u201cHT e HP U\u010dka\u201d, \u201cDuga\u201d e \u201cBazovica\u201d di Fiume. L\u2019idea delle passeggiate fiumane \u00e8 nata dall\u2019intento di collegare...","og_url":"https:\/\/www.rijeka.hr\/it\/temi-per-i-cittadini\/sport-e-ricreazione\/parchi-di-gioco\/progetto-delle-passeggiate-fiumane\/","og_site_name":"Citt\u00e0 di Fiume","article_modified_time":"2021-05-19T10:08:45+00:00","twitter_card":"summary_large_image","twitter_misc":{"Est. reading time":"3 minutes"},"schema":{"@context":"https:\/\/schema.org","@graph":[{"@type":"WebPage","@id":"https:\/\/www.rijeka.hr\/it\/temi-per-i-cittadini\/sport-e-ricreazione\/parchi-di-gioco\/progetto-delle-passeggiate-fiumane\/","url":"https:\/\/www.rijeka.hr\/it\/temi-per-i-cittadini\/sport-e-ricreazione\/parchi-di-gioco\/progetto-delle-passeggiate-fiumane\/","name":"Passeggiate fiumane - Citt\u00e0 di Fiume","isPartOf":{"@id":"https:\/\/www.rijeka.hr\/it\/#website"},"datePublished":"2017-01-26T12:49:25+00:00","dateModified":"2021-05-19T10:08:45+00:00","breadcrumb":{"@id":"https:\/\/www.rijeka.hr\/it\/temi-per-i-cittadini\/sport-e-ricreazione\/parchi-di-gioco\/progetto-delle-passeggiate-fiumane\/#breadcrumb"},"inLanguage":"it-IT","potentialAction":[{"@type":"ReadAction","target":["https:\/\/www.rijeka.hr\/it\/temi-per-i-cittadini\/sport-e-ricreazione\/parchi-di-gioco\/progetto-delle-passeggiate-fiumane\/"]}]},{"@type":"BreadcrumbList","@id":"https:\/\/www.rijeka.hr\/it\/temi-per-i-cittadini\/sport-e-ricreazione\/parchi-di-gioco\/progetto-delle-passeggiate-fiumane\/#breadcrumb","itemListElement":[{"@type":"ListItem","position":1,"name":"Po\u010detna stranica","item":"https:\/\/www.rijeka.hr\/it\/"},{"@type":"ListItem","position":2,"name":"Temi per i cittadini","item":"https:\/\/www.rijeka.hr\/it\/temi-per-i-cittadini\/"},{"@type":"ListItem","position":3,"name":"Sport e ricreazione","item":"https:\/\/www.rijeka.hr\/it\/temi-per-i-cittadini\/sport-e-ricreazione\/"},{"@type":"ListItem","position":4,"name":"Passeggiate e parchi","item":"https:\/\/www.rijeka.hr\/it\/temi-per-i-cittadini\/sport-e-ricreazione\/parchi-di-gioco\/"},{"@type":"ListItem","position":5,"name":"Passeggiate fiumane"}]},{"@type":"WebSite","@id":"https:\/\/www.rijeka.hr\/it\/#website","url":"https:\/\/www.rijeka.hr\/it\/","name":"Citt\u00e0 di Fiume","description":"Portale web della Citta&#039; di Fiume","potentialAction":[{"@type":"SearchAction","target":{"@type":"EntryPoint","urlTemplate":"https:\/\/www.rijeka.hr\/it\/?s={search_term_string}"},"query-input":{"@type":"PropertyValueSpecification","valueRequired":true,"valueName":"search_term_string"}}],"inLanguage":"it-IT"}]}},"_links":{"self":[{"href":"https:\/\/www.rijeka.hr\/it\/wp-json\/wp\/v2\/pages\/3230","targetHints":{"allow":["GET"]}}],"collection":[{"href":"https:\/\/www.rijeka.hr\/it\/wp-json\/wp\/v2\/pages"}],"about":[{"href":"https:\/\/www.rijeka.hr\/it\/wp-json\/wp\/v2\/types\/page"}],"author":[{"embeddable":true,"href":"https:\/\/www.rijeka.hr\/it\/wp-json\/wp\/v2\/users\/2"}],"replies":[{"embeddable":true,"href":"https:\/\/www.rijeka.hr\/it\/wp-json\/wp\/v2\/comments?post=3230"}],"version-history":[{"count":3,"href":"https:\/\/www.rijeka.hr\/it\/wp-json\/wp\/v2\/pages\/3230\/revisions"}],"predecessor-version":[{"id":13092,"href":"https:\/\/www.rijeka.hr\/it\/wp-json\/wp\/v2\/pages\/3230\/revisions\/13092"}],"up":[{"embeddable":true,"href":"https:\/\/www.rijeka.hr\/it\/wp-json\/wp\/v2\/pages\/339"}],"wp:attachment":[{"href":"https:\/\/www.rijeka.hr\/it\/wp-json\/wp\/v2\/media?parent=3230"}],"wp:term":[{"taxonomy":"post_tag","embeddable":true,"href":"https:\/\/www.rijeka.hr\/it\/wp-json\/wp\/v2\/tags?post=3230"}],"curies":[{"name":"wp","href":"https:\/\/api.w.org\/{rel}","templated":true}]}}