{"id":3267,"date":"2017-01-26T15:34:31","date_gmt":"2017-01-26T14:34:31","guid":{"rendered":"https:\/\/www.rijeka.hr\/it\/?page_id=3267"},"modified":"2017-11-08T10:04:17","modified_gmt":"2017-11-08T09:04:17","slug":"manifestazioni-internazionali","status":"publish","type":"page","link":"https:\/\/www.rijeka.hr\/it\/temi-per-i-cittadini\/sport-e-ricreazione\/manifestazioni-sportive-e-ricreative\/manifestazioni-internazionali\/","title":{"rendered":"Manifestazioni internazionali"},"content":{"rendered":"<h3>Festival dello sport e della ricreazione \u2013 gara podistica \u201cHomo si te\u0107\/Andiamo tutti a correre\u201d<\/h3>\n<p>Il Festival dello sport e della ricreazione \u00e8 una manifestazione che ogni anno raduna oltre mille partecipanti. La manifestazione include la pi\u00f9 grande gara podistica in Croazia Homo si te\u0107\/Andiamo tutti a correre, accompagnata dalla gara per i pi\u00f9 giovani e per disabili, come pure la Semimaratona fiumana, la corsa Molo Longo e la corsa per la scalinata di Tersatto. Oltre al programma sportivo si svolge anche un programma di intrattenimento e vari programmi collaterali nel centro della citt\u00e0 da dove la corsa prende il via.<\/p>\n<p>Ulteriori informazioni sono disponibili sul sito web della manifestazione Homo si te\u0107.<\/p>\n<h3>Torneo internazionale juniores di Natale<\/h3>\n<h3>Campionato croato internazionale open di karate \u201cCroatia Open\u201d<\/h3>\n<p>Il Campionato croato internazionale open di karate \u201cCroatia Open\u201d per il numero dei partecipanti e dei paesi partecipanti \u00e8 tra le competizioni pi\u00f9 importanti d\u2019Europa. Fiume ospita la competizione a partire dal 2009.<\/p>\n<h3>Torneo internazionale giovanile di calcio \u201cKvarnerska rivijera\u201d<\/h3>\n<p>Il torneo \u201cKvarnerska rivijera\u201d \u00e8 il torneo internazionale di calcio pi\u00f9 vecchio d\u2019Europa e il torneo di calcio pi\u00f9 vecchio della Croazia che ogni anno, di regola a giugno, raduna i migliori giovani calciatori nostrani e stranieri.<\/p>\n<h3>Coppa Primorje di nuoto sincronizzato<\/h3>\n<p>La coppa Primorje di nuoto sincronizzato \u00e8 l\u2019unica competizione croata di nuoto sincronizzato che \u00e8 stata inserita nel calendario della LEN (Federazione europea di nuoto). Questa manifestazione si \u00e8 svolta per la prima volta nel 1997, e tutti gli anni ospita un numero sempre maggiore di squadre e di sincronette con una grande partecipazione di squadre straniere.<\/p>\n<h3>Torneo internazionale di scacchi \u201cMediterraneo 2017\u201d<\/h3>\n<p>Il torneo internazionale di scacchi avviato nel 2007 \u00e8 cresciuto nel torneo di scacchi open internazionale pi\u00f9 grande non solo nella Repubblica di Croazia ma anche in una regione pi\u00f9 ampia.<\/p>\n","protected":false},"excerpt":{"rendered":"<p>Festival dello sport e della ricreazione \u2013 gara podistica \u201cHomo si te\u0107\/Andiamo tutti a correre\u201d Il Festival dello sport e della ricreazione \u00e8 una manifestazione che ogni anno raduna oltre mille partecipanti. La manifestazione include la pi\u00f9 grande gara podistica in Croazia Homo si te\u0107\/Andiamo tutti a correre, accompagnata dalla gara per i pi\u00f9 giovani&#8230;<\/p>\n","protected":false},"author":6,"featured_media":0,"parent":337,"menu_order":0,"comment_status":"closed","ping_status":"closed","template":"","meta":{"_acf_changed":false,"_trash_the_other_posts":false,"footnotes":"","_links_to":"","_links_to_target":""},"tags":[],"class_list":["post-3267","page","type-page","status-publish","hentry"],"acf":[],"yoast_head":"<!-- This site is optimized with the Yoast SEO plugin v24.4 - https:\/\/yoast.com\/wordpress\/plugins\/seo\/ -->\n<title>Manifestazioni internazionali - Citt\u00e0 di Fiume<\/title>\n<meta name=\"robots\" content=\"index, follow, max-snippet:-1, max-image-preview:large, max-video-preview:-1\" \/>\n<link rel=\"canonical\" href=\"https:\/\/www.rijeka.hr\/it\/temi-per-i-cittadini\/sport-e-ricreazione\/manifestazioni-sportive-e-ricreative\/manifestazioni-internazionali\/\" \/>\n<meta property=\"og:locale\" content=\"it_IT\" \/>\n<meta property=\"og:type\" content=\"article\" \/>\n<meta property=\"og:title\" content=\"Manifestazioni internazionali - Citt\u00e0 di Fiume\" \/>\n<meta property=\"og:description\" content=\"Festival dello sport e della ricreazione \u2013 gara podistica \u201cHomo si te\u0107\/Andiamo tutti a correre\u201d Il Festival dello sport e della ricreazione \u00e8 una manifestazione che ogni anno raduna oltre mille partecipanti. La manifestazione include la pi\u00f9 grande gara podistica in Croazia Homo si te\u0107\/Andiamo tutti a correre, accompagnata dalla gara per i pi\u00f9 giovani...\" \/>\n<meta property=\"og:url\" content=\"https:\/\/www.rijeka.hr\/it\/temi-per-i-cittadini\/sport-e-ricreazione\/manifestazioni-sportive-e-ricreative\/manifestazioni-internazionali\/\" \/>\n<meta property=\"og:site_name\" content=\"Citt\u00e0 di Fiume\" \/>\n<meta property=\"article:modified_time\" content=\"2017-11-08T09:04:17+00:00\" \/>\n<meta name=\"twitter:card\" content=\"summary_large_image\" \/>\n<meta name=\"twitter:label1\" content=\"Est. reading time\" \/>\n\t<meta name=\"twitter:data1\" content=\"1 minute\" \/>\n<script type=\"application\/ld+json\" class=\"yoast-schema-graph\">{\"@context\":\"https:\/\/schema.org\",\"@graph\":[{\"@type\":\"WebPage\",\"@id\":\"https:\/\/www.rijeka.hr\/it\/temi-per-i-cittadini\/sport-e-ricreazione\/manifestazioni-sportive-e-ricreative\/manifestazioni-internazionali\/\",\"url\":\"https:\/\/www.rijeka.hr\/it\/temi-per-i-cittadini\/sport-e-ricreazione\/manifestazioni-sportive-e-ricreative\/manifestazioni-internazionali\/\",\"name\":\"Manifestazioni internazionali - Citt\u00e0 di Fiume\",\"isPartOf\":{\"@id\":\"https:\/\/www.rijeka.hr\/it\/#website\"},\"datePublished\":\"2017-01-26T14:34:31+00:00\",\"dateModified\":\"2017-11-08T09:04:17+00:00\",\"breadcrumb\":{\"@id\":\"https:\/\/www.rijeka.hr\/it\/temi-per-i-cittadini\/sport-e-ricreazione\/manifestazioni-sportive-e-ricreative\/manifestazioni-internazionali\/#breadcrumb\"},\"inLanguage\":\"it-IT\",\"potentialAction\":[{\"@type\":\"ReadAction\",\"target\":[\"https:\/\/www.rijeka.hr\/it\/temi-per-i-cittadini\/sport-e-ricreazione\/manifestazioni-sportive-e-ricreative\/manifestazioni-internazionali\/\"]}]},{\"@type\":\"BreadcrumbList\",\"@id\":\"https:\/\/www.rijeka.hr\/it\/temi-per-i-cittadini\/sport-e-ricreazione\/manifestazioni-sportive-e-ricreative\/manifestazioni-internazionali\/#breadcrumb\",\"itemListElement\":[{\"@type\":\"ListItem\",\"position\":1,\"name\":\"Po\u010detna stranica\",\"item\":\"https:\/\/www.rijeka.hr\/it\/\"},{\"@type\":\"ListItem\",\"position\":2,\"name\":\"Temi per i cittadini\",\"item\":\"https:\/\/www.rijeka.hr\/it\/temi-per-i-cittadini\/\"},{\"@type\":\"ListItem\",\"position\":3,\"name\":\"Sport e ricreazione\",\"item\":\"https:\/\/www.rijeka.hr\/it\/temi-per-i-cittadini\/sport-e-ricreazione\/\"},{\"@type\":\"ListItem\",\"position\":4,\"name\":\"Manifestazioni sportive e ricreative\",\"item\":\"https:\/\/www.rijeka.hr\/it\/temi-per-i-cittadini\/sport-e-ricreazione\/manifestazioni-sportive-e-ricreative\/\"},{\"@type\":\"ListItem\",\"position\":5,\"name\":\"Manifestazioni internazionali\"}]},{\"@type\":\"WebSite\",\"@id\":\"https:\/\/www.rijeka.hr\/it\/#website\",\"url\":\"https:\/\/www.rijeka.hr\/it\/\",\"name\":\"Citt\u00e0 di Fiume\",\"description\":\"Portale web della Citta&#039; di Fiume\",\"potentialAction\":[{\"@type\":\"SearchAction\",\"target\":{\"@type\":\"EntryPoint\",\"urlTemplate\":\"https:\/\/www.rijeka.hr\/it\/?s={search_term_string}\"},\"query-input\":{\"@type\":\"PropertyValueSpecification\",\"valueRequired\":true,\"valueName\":\"search_term_string\"}}],\"inLanguage\":\"it-IT\"}]}<\/script>\n<!-- \/ Yoast SEO plugin. -->","yoast_head_json":{"title":"Manifestazioni internazionali - Citt\u00e0 di Fiume","robots":{"index":"index","follow":"follow","max-snippet":"max-snippet:-1","max-image-preview":"max-image-preview:large","max-video-preview":"max-video-preview:-1"},"canonical":"https:\/\/www.rijeka.hr\/it\/temi-per-i-cittadini\/sport-e-ricreazione\/manifestazioni-sportive-e-ricreative\/manifestazioni-internazionali\/","og_locale":"it_IT","og_type":"article","og_title":"Manifestazioni internazionali - Citt\u00e0 di Fiume","og_description":"Festival dello sport e della ricreazione \u2013 gara podistica \u201cHomo si te\u0107\/Andiamo tutti a correre\u201d Il Festival dello sport e della ricreazione \u00e8 una manifestazione che ogni anno raduna oltre mille partecipanti. La manifestazione include la pi\u00f9 grande gara podistica in Croazia Homo si te\u0107\/Andiamo tutti a correre, accompagnata dalla gara per i pi\u00f9 giovani...","og_url":"https:\/\/www.rijeka.hr\/it\/temi-per-i-cittadini\/sport-e-ricreazione\/manifestazioni-sportive-e-ricreative\/manifestazioni-internazionali\/","og_site_name":"Citt\u00e0 di Fiume","article_modified_time":"2017-11-08T09:04:17+00:00","twitter_card":"summary_large_image","twitter_misc":{"Est. reading time":"1 minute"},"schema":{"@context":"https:\/\/schema.org","@graph":[{"@type":"WebPage","@id":"https:\/\/www.rijeka.hr\/it\/temi-per-i-cittadini\/sport-e-ricreazione\/manifestazioni-sportive-e-ricreative\/manifestazioni-internazionali\/","url":"https:\/\/www.rijeka.hr\/it\/temi-per-i-cittadini\/sport-e-ricreazione\/manifestazioni-sportive-e-ricreative\/manifestazioni-internazionali\/","name":"Manifestazioni internazionali - Citt\u00e0 di Fiume","isPartOf":{"@id":"https:\/\/www.rijeka.hr\/it\/#website"},"datePublished":"2017-01-26T14:34:31+00:00","dateModified":"2017-11-08T09:04:17+00:00","breadcrumb":{"@id":"https:\/\/www.rijeka.hr\/it\/temi-per-i-cittadini\/sport-e-ricreazione\/manifestazioni-sportive-e-ricreative\/manifestazioni-internazionali\/#breadcrumb"},"inLanguage":"it-IT","potentialAction":[{"@type":"ReadAction","target":["https:\/\/www.rijeka.hr\/it\/temi-per-i-cittadini\/sport-e-ricreazione\/manifestazioni-sportive-e-ricreative\/manifestazioni-internazionali\/"]}]},{"@type":"BreadcrumbList","@id":"https:\/\/www.rijeka.hr\/it\/temi-per-i-cittadini\/sport-e-ricreazione\/manifestazioni-sportive-e-ricreative\/manifestazioni-internazionali\/#breadcrumb","itemListElement":[{"@type":"ListItem","position":1,"name":"Po\u010detna stranica","item":"https:\/\/www.rijeka.hr\/it\/"},{"@type":"ListItem","position":2,"name":"Temi per i cittadini","item":"https:\/\/www.rijeka.hr\/it\/temi-per-i-cittadini\/"},{"@type":"ListItem","position":3,"name":"Sport e ricreazione","item":"https:\/\/www.rijeka.hr\/it\/temi-per-i-cittadini\/sport-e-ricreazione\/"},{"@type":"ListItem","position":4,"name":"Manifestazioni sportive e ricreative","item":"https:\/\/www.rijeka.hr\/it\/temi-per-i-cittadini\/sport-e-ricreazione\/manifestazioni-sportive-e-ricreative\/"},{"@type":"ListItem","position":5,"name":"Manifestazioni internazionali"}]},{"@type":"WebSite","@id":"https:\/\/www.rijeka.hr\/it\/#website","url":"https:\/\/www.rijeka.hr\/it\/","name":"Citt\u00e0 di Fiume","description":"Portale web della Citta&#039; di Fiume","potentialAction":[{"@type":"SearchAction","target":{"@type":"EntryPoint","urlTemplate":"https:\/\/www.rijeka.hr\/it\/?s={search_term_string}"},"query-input":{"@type":"PropertyValueSpecification","valueRequired":true,"valueName":"search_term_string"}}],"inLanguage":"it-IT"}]}},"_links":{"self":[{"href":"https:\/\/www.rijeka.hr\/it\/wp-json\/wp\/v2\/pages\/3267","targetHints":{"allow":["GET"]}}],"collection":[{"href":"https:\/\/www.rijeka.hr\/it\/wp-json\/wp\/v2\/pages"}],"about":[{"href":"https:\/\/www.rijeka.hr\/it\/wp-json\/wp\/v2\/types\/page"}],"author":[{"embeddable":true,"href":"https:\/\/www.rijeka.hr\/it\/wp-json\/wp\/v2\/users\/6"}],"replies":[{"embeddable":true,"href":"https:\/\/www.rijeka.hr\/it\/wp-json\/wp\/v2\/comments?post=3267"}],"version-history":[{"count":5,"href":"https:\/\/www.rijeka.hr\/it\/wp-json\/wp\/v2\/pages\/3267\/revisions"}],"predecessor-version":[{"id":3299,"href":"https:\/\/www.rijeka.hr\/it\/wp-json\/wp\/v2\/pages\/3267\/revisions\/3299"}],"up":[{"embeddable":true,"href":"https:\/\/www.rijeka.hr\/it\/wp-json\/wp\/v2\/pages\/337"}],"wp:attachment":[{"href":"https:\/\/www.rijeka.hr\/it\/wp-json\/wp\/v2\/media?parent=3267"}],"wp:term":[{"taxonomy":"post_tag","embeddable":true,"href":"https:\/\/www.rijeka.hr\/it\/wp-json\/wp\/v2\/tags?post=3267"}],"curies":[{"name":"wp","href":"https:\/\/api.w.org\/{rel}","templated":true}]}}