{"id":343,"date":"2016-07-22T15:41:15","date_gmt":"2016-07-22T13:41:15","guid":{"rendered":"https:\/\/www.rijeka.hr\/it\/?page_id=343"},"modified":"2025-01-24T12:38:04","modified_gmt":"2025-01-24T11:38:04","slug":"efficienza-energetica","status":"publish","type":"page","link":"https:\/\/www.rijeka.hr\/it\/temi-per-i-cittadini\/abitazione-ed-edilizia\/sviluppo-sostenibile-efficienza-energetica-e-protezione-ambientale\/efficienza-energetica\/","title":{"rendered":"Efficienza energetica"},"content":{"rendered":"<p>L&#8217;efficienza energetica \u00e8 oggi riconosciuta in tutto il mondo come un modo forte e finanziariamente ottimale per raggiungere gli obiettivi di sviluppo sostenibile. Viene anche menzionata come una nuova fonte di energia. La razionalizzazione dei consumi energetici, ovvero il consumo di meno energia per lo stesso scopo ha il suo valore economico perch\u00e9 l&#8217;investimento in efficienza energetica viene restituito attraverso il risparmio.<\/p>\n<p>La Citt\u00e0 di Fiume, come ente di autogoverno locale, \u00e8 attiva da molti anni nel campo della gestione efficiente dell&#8217;energia, al fine di migliorare l&#8217;efficienza energetica e ridurre gli effetti nocivi sull&#8217;ambiente e sensibilizzare i cittadini sulla necessit\u00e0 di uso efficiente dell&#8217;energia. Nel suo funzionamento si basa sulla Legge sulla costruzione (Gazzetta ufficiale 153\/13, 20\/17, 39\/19), sulla Legge sull&#8217;energia (Gazzetta ufficiale, nn. 120\/12, 14\/14, 102\/15, 68\/18 ). &#8211; Legge sugli emendamenti alla Legge sulla regolamentazione energetica) e la Legge sull&#8217;efficienza energetica (Gazzetta ufficiale nn. 127\/14, 116\/18, 88\/17, 25\/20).<\/p>\n<p>Nella sua politica di gestione energetica, la Citt\u00e0 di Fiume aderisce ai seguenti principi:<\/p>\n<ul>\n<li>accento sull&#8217;aumento dell&#8217;efficienza energetica,<\/li>\n<li>conformit\u00e0 ai requisiti legali e di altro tipo relativi all&#8217;uso e al consumo di energia e all&#8217;efficienza energetica,<\/li>\n<li>gestione degli edifici di propriet\u00e0 della Citt\u00e0 di Fiume al fine di migliorare le prestazioni energetiche utilizzando nuove tecnologie, materiali e attrezzature pi\u00f9 efficienti dal punto di vista energetico,<\/li>\n<li>sostenere l&#8217;approvvigionamento di prodotti e servizi efficienti dal punto di vista energetico e progettazioni per migliorare le prestazioni energetiche,<\/li>\n<li>garantire lo sviluppo e l&#8217;attuazione di progetti energetici volti a ridurre le emissioni di gas a effetto serra e altri impatti ambientali, nonch\u00e9 le perdite di energia,<\/li>\n<li>sviluppare la consapevolezza del comportamento energetico e accettabile dei dipendenti,<\/li>\n<li>mantenere la comunicazione nella gestione delle risorse energetiche.<\/li>\n<\/ul>\n<p>Queste determinanti della Politica di Gestione dell&#8217;Energia sono state tradotte in obiettivi generali di gestione, dai quali vengono determinati ogni anno specifici obiettivi individuali e vengono sviluppati piani relativi al miglioramento e alla gestione efficiente dell&#8217;energia.<\/p>\n","protected":false},"excerpt":{"rendered":"<p>L&#8217;efficienza energetica \u00e8 oggi riconosciuta in tutto il mondo come un modo forte e finanziariamente ottimale per raggiungere gli obiettivi di sviluppo sostenibile. Viene anche menzionata come una nuova fonte di energia. La razionalizzazione dei consumi energetici, ovvero il consumo di meno energia per lo stesso scopo ha il suo valore economico perch\u00e9 l&#8217;investimento in&#8230;<\/p>\n","protected":false},"author":12,"featured_media":0,"parent":7653,"menu_order":50,"comment_status":"closed","ping_status":"closed","template":"","meta":{"_acf_changed":false,"_trash_the_other_posts":false,"footnotes":"","_links_to":"","_links_to_target":""},"tags":[],"class_list":["post-343","page","type-page","status-publish","hentry"],"acf":[],"yoast_head":"<!-- This site is optimized with the Yoast SEO plugin v24.4 - https:\/\/yoast.com\/wordpress\/plugins\/seo\/ -->\n<title>Efficienza energetica - Citt\u00e0 di Fiume<\/title>\n<meta name=\"robots\" content=\"index, follow, max-snippet:-1, max-image-preview:large, max-video-preview:-1\" \/>\n<link rel=\"canonical\" href=\"https:\/\/www.rijeka.hr\/it\/temi-per-i-cittadini\/abitazione-ed-edilizia\/sviluppo-sostenibile-efficienza-energetica-e-protezione-ambientale\/efficienza-energetica\/\" \/>\n<meta property=\"og:locale\" content=\"it_IT\" \/>\n<meta property=\"og:type\" content=\"article\" \/>\n<meta property=\"og:title\" content=\"Efficienza energetica - Citt\u00e0 di Fiume\" \/>\n<meta property=\"og:description\" content=\"L&#8217;efficienza energetica \u00e8 oggi riconosciuta in tutto il mondo come un modo forte e finanziariamente ottimale per raggiungere gli obiettivi di sviluppo sostenibile. Viene anche menzionata come una nuova fonte di energia. La razionalizzazione dei consumi energetici, ovvero il consumo di meno energia per lo stesso scopo ha il suo valore economico perch\u00e9 l&#8217;investimento in...\" \/>\n<meta property=\"og:url\" content=\"https:\/\/www.rijeka.hr\/it\/temi-per-i-cittadini\/abitazione-ed-edilizia\/sviluppo-sostenibile-efficienza-energetica-e-protezione-ambientale\/efficienza-energetica\/\" \/>\n<meta property=\"og:site_name\" content=\"Citt\u00e0 di Fiume\" \/>\n<meta property=\"article:modified_time\" content=\"2025-01-24T11:38:04+00:00\" \/>\n<meta name=\"twitter:card\" content=\"summary_large_image\" \/>\n<meta name=\"twitter:label1\" content=\"Est. reading time\" \/>\n\t<meta name=\"twitter:data1\" content=\"2 minutes\" \/>\n<script type=\"application\/ld+json\" class=\"yoast-schema-graph\">{\"@context\":\"https:\/\/schema.org\",\"@graph\":[{\"@type\":\"WebPage\",\"@id\":\"https:\/\/www.rijeka.hr\/it\/temi-per-i-cittadini\/abitazione-ed-edilizia\/sviluppo-sostenibile-efficienza-energetica-e-protezione-ambientale\/efficienza-energetica\/\",\"url\":\"https:\/\/www.rijeka.hr\/it\/temi-per-i-cittadini\/abitazione-ed-edilizia\/sviluppo-sostenibile-efficienza-energetica-e-protezione-ambientale\/efficienza-energetica\/\",\"name\":\"Efficienza energetica - Citt\u00e0 di Fiume\",\"isPartOf\":{\"@id\":\"https:\/\/www.rijeka.hr\/it\/#website\"},\"datePublished\":\"2016-07-22T13:41:15+00:00\",\"dateModified\":\"2025-01-24T11:38:04+00:00\",\"breadcrumb\":{\"@id\":\"https:\/\/www.rijeka.hr\/it\/temi-per-i-cittadini\/abitazione-ed-edilizia\/sviluppo-sostenibile-efficienza-energetica-e-protezione-ambientale\/efficienza-energetica\/#breadcrumb\"},\"inLanguage\":\"it-IT\",\"potentialAction\":[{\"@type\":\"ReadAction\",\"target\":[\"https:\/\/www.rijeka.hr\/it\/temi-per-i-cittadini\/abitazione-ed-edilizia\/sviluppo-sostenibile-efficienza-energetica-e-protezione-ambientale\/efficienza-energetica\/\"]}]},{\"@type\":\"BreadcrumbList\",\"@id\":\"https:\/\/www.rijeka.hr\/it\/temi-per-i-cittadini\/abitazione-ed-edilizia\/sviluppo-sostenibile-efficienza-energetica-e-protezione-ambientale\/efficienza-energetica\/#breadcrumb\",\"itemListElement\":[{\"@type\":\"ListItem\",\"position\":1,\"name\":\"Po\u010detna stranica\",\"item\":\"https:\/\/www.rijeka.hr\/it\/\"},{\"@type\":\"ListItem\",\"position\":2,\"name\":\"Temi per i cittadini\",\"item\":\"https:\/\/www.rijeka.hr\/it\/temi-per-i-cittadini\/\"},{\"@type\":\"ListItem\",\"position\":3,\"name\":\"Abitazione ed edilizia\",\"item\":\"https:\/\/www.rijeka.hr\/it\/temi-per-i-cittadini\/abitazione-ed-edilizia\/\"},{\"@type\":\"ListItem\",\"position\":4,\"name\":\"Sviluppo sostenibile, efficienza energetica e protezione ambientale\",\"item\":\"https:\/\/www.rijeka.hr\/it\/temi-per-i-cittadini\/abitazione-ed-edilizia\/sviluppo-sostenibile-efficienza-energetica-e-protezione-ambientale\/\"},{\"@type\":\"ListItem\",\"position\":5,\"name\":\"Efficienza energetica\"}]},{\"@type\":\"WebSite\",\"@id\":\"https:\/\/www.rijeka.hr\/it\/#website\",\"url\":\"https:\/\/www.rijeka.hr\/it\/\",\"name\":\"Citt\u00e0 di Fiume\",\"description\":\"Portale web della Citta&#039; di Fiume\",\"potentialAction\":[{\"@type\":\"SearchAction\",\"target\":{\"@type\":\"EntryPoint\",\"urlTemplate\":\"https:\/\/www.rijeka.hr\/it\/?s={search_term_string}\"},\"query-input\":{\"@type\":\"PropertyValueSpecification\",\"valueRequired\":true,\"valueName\":\"search_term_string\"}}],\"inLanguage\":\"it-IT\"}]}<\/script>\n<!-- \/ Yoast SEO plugin. -->","yoast_head_json":{"title":"Efficienza energetica - Citt\u00e0 di Fiume","robots":{"index":"index","follow":"follow","max-snippet":"max-snippet:-1","max-image-preview":"max-image-preview:large","max-video-preview":"max-video-preview:-1"},"canonical":"https:\/\/www.rijeka.hr\/it\/temi-per-i-cittadini\/abitazione-ed-edilizia\/sviluppo-sostenibile-efficienza-energetica-e-protezione-ambientale\/efficienza-energetica\/","og_locale":"it_IT","og_type":"article","og_title":"Efficienza energetica - Citt\u00e0 di Fiume","og_description":"L&#8217;efficienza energetica \u00e8 oggi riconosciuta in tutto il mondo come un modo forte e finanziariamente ottimale per raggiungere gli obiettivi di sviluppo sostenibile. Viene anche menzionata come una nuova fonte di energia. La razionalizzazione dei consumi energetici, ovvero il consumo di meno energia per lo stesso scopo ha il suo valore economico perch\u00e9 l&#8217;investimento in...","og_url":"https:\/\/www.rijeka.hr\/it\/temi-per-i-cittadini\/abitazione-ed-edilizia\/sviluppo-sostenibile-efficienza-energetica-e-protezione-ambientale\/efficienza-energetica\/","og_site_name":"Citt\u00e0 di Fiume","article_modified_time":"2025-01-24T11:38:04+00:00","twitter_card":"summary_large_image","twitter_misc":{"Est. reading time":"2 minutes"},"schema":{"@context":"https:\/\/schema.org","@graph":[{"@type":"WebPage","@id":"https:\/\/www.rijeka.hr\/it\/temi-per-i-cittadini\/abitazione-ed-edilizia\/sviluppo-sostenibile-efficienza-energetica-e-protezione-ambientale\/efficienza-energetica\/","url":"https:\/\/www.rijeka.hr\/it\/temi-per-i-cittadini\/abitazione-ed-edilizia\/sviluppo-sostenibile-efficienza-energetica-e-protezione-ambientale\/efficienza-energetica\/","name":"Efficienza energetica - Citt\u00e0 di Fiume","isPartOf":{"@id":"https:\/\/www.rijeka.hr\/it\/#website"},"datePublished":"2016-07-22T13:41:15+00:00","dateModified":"2025-01-24T11:38:04+00:00","breadcrumb":{"@id":"https:\/\/www.rijeka.hr\/it\/temi-per-i-cittadini\/abitazione-ed-edilizia\/sviluppo-sostenibile-efficienza-energetica-e-protezione-ambientale\/efficienza-energetica\/#breadcrumb"},"inLanguage":"it-IT","potentialAction":[{"@type":"ReadAction","target":["https:\/\/www.rijeka.hr\/it\/temi-per-i-cittadini\/abitazione-ed-edilizia\/sviluppo-sostenibile-efficienza-energetica-e-protezione-ambientale\/efficienza-energetica\/"]}]},{"@type":"BreadcrumbList","@id":"https:\/\/www.rijeka.hr\/it\/temi-per-i-cittadini\/abitazione-ed-edilizia\/sviluppo-sostenibile-efficienza-energetica-e-protezione-ambientale\/efficienza-energetica\/#breadcrumb","itemListElement":[{"@type":"ListItem","position":1,"name":"Po\u010detna stranica","item":"https:\/\/www.rijeka.hr\/it\/"},{"@type":"ListItem","position":2,"name":"Temi per i cittadini","item":"https:\/\/www.rijeka.hr\/it\/temi-per-i-cittadini\/"},{"@type":"ListItem","position":3,"name":"Abitazione ed edilizia","item":"https:\/\/www.rijeka.hr\/it\/temi-per-i-cittadini\/abitazione-ed-edilizia\/"},{"@type":"ListItem","position":4,"name":"Sviluppo sostenibile, efficienza energetica e protezione ambientale","item":"https:\/\/www.rijeka.hr\/it\/temi-per-i-cittadini\/abitazione-ed-edilizia\/sviluppo-sostenibile-efficienza-energetica-e-protezione-ambientale\/"},{"@type":"ListItem","position":5,"name":"Efficienza energetica"}]},{"@type":"WebSite","@id":"https:\/\/www.rijeka.hr\/it\/#website","url":"https:\/\/www.rijeka.hr\/it\/","name":"Citt\u00e0 di Fiume","description":"Portale web della Citta&#039; di Fiume","potentialAction":[{"@type":"SearchAction","target":{"@type":"EntryPoint","urlTemplate":"https:\/\/www.rijeka.hr\/it\/?s={search_term_string}"},"query-input":{"@type":"PropertyValueSpecification","valueRequired":true,"valueName":"search_term_string"}}],"inLanguage":"it-IT"}]}},"_links":{"self":[{"href":"https:\/\/www.rijeka.hr\/it\/wp-json\/wp\/v2\/pages\/343","targetHints":{"allow":["GET"]}}],"collection":[{"href":"https:\/\/www.rijeka.hr\/it\/wp-json\/wp\/v2\/pages"}],"about":[{"href":"https:\/\/www.rijeka.hr\/it\/wp-json\/wp\/v2\/types\/page"}],"author":[{"embeddable":true,"href":"https:\/\/www.rijeka.hr\/it\/wp-json\/wp\/v2\/users\/12"}],"replies":[{"embeddable":true,"href":"https:\/\/www.rijeka.hr\/it\/wp-json\/wp\/v2\/comments?post=343"}],"version-history":[{"count":4,"href":"https:\/\/www.rijeka.hr\/it\/wp-json\/wp\/v2\/pages\/343\/revisions"}],"predecessor-version":[{"id":12525,"href":"https:\/\/www.rijeka.hr\/it\/wp-json\/wp\/v2\/pages\/343\/revisions\/12525"}],"up":[{"embeddable":true,"href":"https:\/\/www.rijeka.hr\/it\/wp-json\/wp\/v2\/pages\/7653"}],"wp:attachment":[{"href":"https:\/\/www.rijeka.hr\/it\/wp-json\/wp\/v2\/media?parent=343"}],"wp:term":[{"taxonomy":"post_tag","embeddable":true,"href":"https:\/\/www.rijeka.hr\/it\/wp-json\/wp\/v2\/tags?post=343"}],"curies":[{"name":"wp","href":"https:\/\/api.w.org\/{rel}","templated":true}]}}