{"id":3580,"date":"2017-02-09T12:28:17","date_gmt":"2017-02-09T11:28:17","guid":{"rendered":"https:\/\/www.rijeka.hr\/it\/?page_id=3580"},"modified":"2024-02-14T15:19:07","modified_gmt":"2024-02-14T14:19:07","slug":"cose-bilancio-previsione-pianificare-eseguire-controllare-bilancio","status":"publish","type":"page","link":"https:\/\/www.rijeka.hr\/it\/amministrazione-cittadina\/bilancio\/cose-bilancio-previsione-pianificare-eseguire-controllare-bilancio\/","title":{"rendered":"Cos\u2019\u00e8 il bilancio di previsione? Come pianificare, eseguire e controllare il Bilancio?"},"content":{"rendered":"<h3>Il Bilancio<\/h3>\n<p>Il bilancio \u00e8 il fondamentale documento finanziario e legale nel quale sono determinate tutte le entrate e uscite della Citt\u00e0 per l\u2019anno fiscale (dal 1 gennaio al 31 dicembre).<\/p>\n<p>Il sindaco della Citt\u00e0 di Fiume come organo esecutivo, propone il bilancio, il quale viene approvato dal Consiglio cittadino, come organo rappresentativo, con la maggioranza dei voti di tutti i membri del Consiglio cittadino.<\/p>\n<p>Il bilancio viene approvato verso la fine dell\u2019anno in corso per il prossimo anno fiscale.<\/p>\n<h3>Struttura del Bilancio<\/h3>\n<ul>\n<li><strong>Parte generale<\/strong><\/li>\n<\/ul>\n<p>\u2013 Conto economico \u2013 contiene lo schema di tutti i ricavi e proventi e di tutte le spese e oneri dell\u2019anno fiscale.<br \/>\n\u2013 Conto dei movimenti finanziari \u2013 contiene tutti i proventi derivanti dalle attivit\u00e0 finanziarie e debiti e tutte le spese delle attivit\u00e0 finanziarie e il rimborso dei prestiti per l\u2019anno fiscale.<\/p>\n<ul>\n<li><strong>Parte speciale<\/strong><\/li>\n<\/ul>\n<p>\u2013 contiene il piano per le spese e gli oneri dei dipartimenti dell\u2019amministrazione cittadina e dei fruitori di bilancio ripartiti secondo i programmi e le attivit\u00e0 e i progetti di capitale e quelli attuali.<\/p>\n<ul>\n<li><strong>Il piano dei programmi di sviluppo <\/strong><\/li>\n<\/ul>\n<p>\u2013 contiene le spese previste per investimenti, l\u2019assistenza in forma di capitale e donazioni per i prossimi tre anni.<\/p>\n<p>&nbsp;<\/p>\n<h3>Le spese del bilancio \u2013 che cosa viene finanziato dal Bilancio?<\/h3>\n<p>In conformit\u00e0 alla Legge sull\u2019autogoverno locale e regionale e allo Statuto della Citt\u00e0 di Fiume:<\/p>\n<ul>\n<li>la sistemazione degli abitati e delle abitazioni,<\/li>\n<li>pianificazione spaziale e urbanistica,<\/li>\n<li>affari comunali,<\/li>\n<li>cura dei bambini,<\/li>\n<li>previdenza sociale,<\/li>\n<li>assistenza sanitaria di base,<\/li>\n<li>educazione e istruzione,<\/li>\n<li>cultura,<\/li>\n<li>sport e cultura tecnica,<\/li>\n<li>protezione del consumatore,<\/li>\n<li>la tutela e il miglioramento dell\u2019ambiente naturale<\/li>\n<li>sicurezza antincendio e la tutela civile,<\/li>\n<li>traffico nel suo territorio,<\/li>\n<li>la manutenzione delle strade pubbliche,<\/li>\n<li>rilascio di permessi di costruire e permessi di ubicazione, altri atti legati alla costruzione e all\u2019attuazione di documenti di pianificazione territoriale e<\/li>\n<li>altre attivit\u00e0 in conformit\u00e0 alle leggi speciali.<\/li>\n<\/ul>\n<p>&nbsp;<\/p>\n<h3>Proiezione del bilancio<\/h3>\n<p>La proiezione si basa sulla Legge sul bilancio, sulle Linee Guida del Governo della Repubblica di Croazia inerenti alla politica macroeconomica e fiscale per un periodo triennale, sulle Istruzioni del Ministero delle Finanze per la compilazione del bilancio di stato e dei bilanci delle unit\u00e0 di governo locale e regionale per un periodo triennale, sulle Linee Guida per la compilazione del bilancio della Citt\u00e0 di Fiume e sulla stima della realizzazione delle proprie entrate e uscite.<\/p>\n<h3><strong>Compilazione e l\u2019emanazione del bilancio<\/strong><\/h3>\n<ul>\n<li>la metodologia per la compilazione del Bilancio e dei piani finanziari dei fruitori di bilancio \u00e8 regolata dalla Legge sul bilancio e dalle Istruzioni del Ministero delle Finanze,<\/li>\n<li>il Dipartimento municipale delle Finanze, sulla base dei piani finanziari dei dipartimenti municipali, prepara la proposta di bilancio che consegna al sindaco (il termine di legge per la consegna \u00e8 15 ottobre dell\u2019anno in corso),<\/li>\n<li>il sindaco, in una seduta pubblica discute la proposta di Bilancio, stabilisce le modifiche alla proposta e invia la proposta finale di bilancio al Consiglio cittadino (il termine di legge \u00e8 15 novembre dell\u2019anno in corso),<\/li>\n<li>gli organi di lavoro del Consiglio cittadino (comitati) discutono la proposta di bilancio prima di tenere la seduta pubblica del Consiglio cittadino,<\/li>\n<li>Il Consiglio cittadino nel corso della seduta pubblica discute la proposta di bilancio, analizza i programmi e la politica di bilancio proposta dal sindaco e approva il Bilancio,<\/li>\n<li>Il bilancio viene pubblicato nella \u201cGazzetta Ufficiale della Regione litoraneo &#8211; montana\u201d.<\/li>\n<\/ul>\n<p>&nbsp;<\/p>\n<h3><strong>Indebitamento<\/strong><\/h3>\n<ul>\n<li>assumendo prestiti, mutui e attraverso l\u2019emissione di titoli,<\/li>\n<li>per investimenti finanziati dal Bilancio confermati dal Consiglio cittadino,<\/li>\n<li>l\u2019indebitamento richiede il previo consenso del Governo della Repubblica di Croazia,<\/li>\n<li>il tasso annuo di indebitamento non pu\u00f2 superare il 20% dei ricavi realizzati nell\u2019anno precedente.<\/li>\n<\/ul>\n<p>&nbsp;<\/p>\n<p><strong>Indebitamento delle persone giuridiche di propriet\u00e0 della Citt\u00e0 di Fiume <\/strong><\/p>\n<ul>\n<li>esclusivamente con il consenso della Citt\u00e0 di Fiume,<\/li>\n<li>fino all\u2019importo e per gli scopi stabiliti nella decisione presa dal Consiglio cittadino,<\/li>\n<li>la Citt\u00e0 pu\u00f2 prestare garanzia per il compimento degli obblighi delle societ\u00e0 e delle istituzioni pubbliche di cui \u00e8 fondatore e proprietaria.<\/li>\n<\/ul>\n<p>&nbsp;<\/p>\n<h3>Esecuzione del bilancio<\/h3>\n<ul>\n<li>viene regolata dalla Delibera sull\u2019esecuzione del Bilancio della Citt\u00e0 di Fiume,<\/li>\n<li>tutte le entrate e le uscite vengono effettuate attraverso il conto unico del Bilancio,<\/li>\n<li>i dipartimenti municipali raccolgono e riscuotono le entrate di bilancio che rientrano nel loro campo di attivit\u00e0 e sono responsabili per una completa e tempestiva riscossione,<\/li>\n<li>dipartimenti municipali eseguiscono le spese di bilancio e sono responsabili per la loro esecuzione che deve essere in conformit\u00e0 alle destinazioni e agli importi stabili nella Parte speciale del Bilancio \u2013 ripartizione,<\/li>\n<li>Il Dipartimento finanze consegna al sindaco la relazione semiannuale (il termine di legge \u00e8 fino al 5 settembre) e la relazione annuale sull\u2019esecuzione del Bilancio (il termine di legge fino al 1 maggio),<\/li>\n<li>Il Consiglio cittadino prende in considerazione e approva la relazione semiannuale (il termine di legge \u00e8 15 settembre) e la relazione annuale sull\u2019esecuzione del Bilancio (il termine di legge \u00e8 1 giugno),<\/li>\n<li>La relazione annuale sull\u2019esecuzione del Bilancio viene trasmessa al Ministero delle finanze e all\u2019Ufficio di revisione dello Stato.<\/li>\n<\/ul>\n<p>&nbsp;<\/p>\n<h3>Revisione<\/h3>\n<p>In armonia con la Legge sulla revisione, l\u2019Ufficio di revisione dello Stato ha l\u2019obbligo di svolgere su base annua la revisione delle spese di bilancio della Citt\u00e0 di Fiume, dei rendiconti finanziari e delle transazioni finanziarie di bilancio.<\/p>\n<h3>Supervisione di bilancio<\/h3>\n<p>In armonia con la Legge sul bilancio il Ministero delle Finanze svolge la supervisione di bilancio e la supervisone per verificare se i mezzi di bilancio assegnati dal Bilancio dello stato sono stati utilizzati in conformit\u00e0 alla loro destinazione.<\/p>\n<p>&nbsp;<\/p>\n<p>&nbsp;<\/p>\n","protected":false},"excerpt":{"rendered":"<p>Il Bilancio Il bilancio \u00e8 il fondamentale documento finanziario e legale nel quale sono determinate tutte le entrate e uscite della Citt\u00e0 per l\u2019anno fiscale (dal 1 gennaio al 31 dicembre). Il sindaco della Citt\u00e0 di Fiume come organo esecutivo, propone il bilancio, il quale viene approvato dal Consiglio cittadino, come organo rappresentativo, con la&#8230;<\/p>\n","protected":false},"author":13,"featured_media":0,"parent":1164,"menu_order":0,"comment_status":"closed","ping_status":"closed","template":"","meta":{"_acf_changed":false,"_trash_the_other_posts":false,"footnotes":"","_links_to":"","_links_to_target":""},"tags":[],"class_list":["post-3580","page","type-page","status-publish","hentry"],"acf":[],"yoast_head":"<!-- This site is optimized with the Yoast SEO plugin v24.4 - https:\/\/yoast.com\/wordpress\/plugins\/seo\/ -->\n<title>Cos\u2019\u00e8 il bilancio di previsione? Come pianificare, eseguire e controllare il Bilancio? - Citt\u00e0 di Fiume<\/title>\n<meta name=\"robots\" content=\"index, follow, max-snippet:-1, max-image-preview:large, max-video-preview:-1\" \/>\n<link rel=\"canonical\" href=\"https:\/\/www.rijeka.hr\/it\/amministrazione-cittadina\/bilancio\/cose-bilancio-previsione-pianificare-eseguire-controllare-bilancio\/\" \/>\n<meta property=\"og:locale\" content=\"it_IT\" \/>\n<meta property=\"og:type\" content=\"article\" \/>\n<meta property=\"og:title\" content=\"Cos\u2019\u00e8 il bilancio di previsione? Come pianificare, eseguire e controllare il Bilancio? - Citt\u00e0 di Fiume\" \/>\n<meta property=\"og:description\" content=\"Il Bilancio Il bilancio \u00e8 il fondamentale documento finanziario e legale nel quale sono determinate tutte le entrate e uscite della Citt\u00e0 per l\u2019anno fiscale (dal 1 gennaio al 31 dicembre). Il sindaco della Citt\u00e0 di Fiume come organo esecutivo, propone il bilancio, il quale viene approvato dal Consiglio cittadino, come organo rappresentativo, con la...\" \/>\n<meta property=\"og:url\" content=\"https:\/\/www.rijeka.hr\/it\/amministrazione-cittadina\/bilancio\/cose-bilancio-previsione-pianificare-eseguire-controllare-bilancio\/\" \/>\n<meta property=\"og:site_name\" content=\"Citt\u00e0 di Fiume\" \/>\n<meta property=\"article:modified_time\" content=\"2024-02-14T14:19:07+00:00\" \/>\n<meta name=\"twitter:card\" content=\"summary_large_image\" \/>\n<meta name=\"twitter:label1\" content=\"Est. reading time\" \/>\n\t<meta name=\"twitter:data1\" content=\"5 minutes\" \/>\n<script type=\"application\/ld+json\" class=\"yoast-schema-graph\">{\"@context\":\"https:\/\/schema.org\",\"@graph\":[{\"@type\":\"WebPage\",\"@id\":\"https:\/\/www.rijeka.hr\/it\/amministrazione-cittadina\/bilancio\/cose-bilancio-previsione-pianificare-eseguire-controllare-bilancio\/\",\"url\":\"https:\/\/www.rijeka.hr\/it\/amministrazione-cittadina\/bilancio\/cose-bilancio-previsione-pianificare-eseguire-controllare-bilancio\/\",\"name\":\"Cos\u2019\u00e8 il bilancio di previsione? Come pianificare, eseguire e controllare il Bilancio? - Citt\u00e0 di Fiume\",\"isPartOf\":{\"@id\":\"https:\/\/www.rijeka.hr\/it\/#website\"},\"datePublished\":\"2017-02-09T11:28:17+00:00\",\"dateModified\":\"2024-02-14T14:19:07+00:00\",\"breadcrumb\":{\"@id\":\"https:\/\/www.rijeka.hr\/it\/amministrazione-cittadina\/bilancio\/cose-bilancio-previsione-pianificare-eseguire-controllare-bilancio\/#breadcrumb\"},\"inLanguage\":\"it-IT\",\"potentialAction\":[{\"@type\":\"ReadAction\",\"target\":[\"https:\/\/www.rijeka.hr\/it\/amministrazione-cittadina\/bilancio\/cose-bilancio-previsione-pianificare-eseguire-controllare-bilancio\/\"]}]},{\"@type\":\"BreadcrumbList\",\"@id\":\"https:\/\/www.rijeka.hr\/it\/amministrazione-cittadina\/bilancio\/cose-bilancio-previsione-pianificare-eseguire-controllare-bilancio\/#breadcrumb\",\"itemListElement\":[{\"@type\":\"ListItem\",\"position\":1,\"name\":\"Po\u010detna stranica\",\"item\":\"https:\/\/www.rijeka.hr\/it\/\"},{\"@type\":\"ListItem\",\"position\":2,\"name\":\"Amministrazione cittadina\",\"item\":\"https:\/\/www.rijeka.hr\/it\/amministrazione-cittadina\/\"},{\"@type\":\"ListItem\",\"position\":3,\"name\":\"Bilancio\",\"item\":\"https:\/\/www.rijeka.hr\/it\/amministrazione-cittadina\/bilancio\/\"},{\"@type\":\"ListItem\",\"position\":4,\"name\":\"Cos\u2019\u00e8 il bilancio di previsione? Come pianificare, eseguire e controllare il Bilancio?\"}]},{\"@type\":\"WebSite\",\"@id\":\"https:\/\/www.rijeka.hr\/it\/#website\",\"url\":\"https:\/\/www.rijeka.hr\/it\/\",\"name\":\"Citt\u00e0 di Fiume\",\"description\":\"Portale web della Citta&#039; di Fiume\",\"potentialAction\":[{\"@type\":\"SearchAction\",\"target\":{\"@type\":\"EntryPoint\",\"urlTemplate\":\"https:\/\/www.rijeka.hr\/it\/?s={search_term_string}\"},\"query-input\":{\"@type\":\"PropertyValueSpecification\",\"valueRequired\":true,\"valueName\":\"search_term_string\"}}],\"inLanguage\":\"it-IT\"}]}<\/script>\n<!-- \/ Yoast SEO plugin. -->","yoast_head_json":{"title":"Cos\u2019\u00e8 il bilancio di previsione? Come pianificare, eseguire e controllare il Bilancio? - Citt\u00e0 di Fiume","robots":{"index":"index","follow":"follow","max-snippet":"max-snippet:-1","max-image-preview":"max-image-preview:large","max-video-preview":"max-video-preview:-1"},"canonical":"https:\/\/www.rijeka.hr\/it\/amministrazione-cittadina\/bilancio\/cose-bilancio-previsione-pianificare-eseguire-controllare-bilancio\/","og_locale":"it_IT","og_type":"article","og_title":"Cos\u2019\u00e8 il bilancio di previsione? Come pianificare, eseguire e controllare il Bilancio? - Citt\u00e0 di Fiume","og_description":"Il Bilancio Il bilancio \u00e8 il fondamentale documento finanziario e legale nel quale sono determinate tutte le entrate e uscite della Citt\u00e0 per l\u2019anno fiscale (dal 1 gennaio al 31 dicembre). Il sindaco della Citt\u00e0 di Fiume come organo esecutivo, propone il bilancio, il quale viene approvato dal Consiglio cittadino, come organo rappresentativo, con la...","og_url":"https:\/\/www.rijeka.hr\/it\/amministrazione-cittadina\/bilancio\/cose-bilancio-previsione-pianificare-eseguire-controllare-bilancio\/","og_site_name":"Citt\u00e0 di Fiume","article_modified_time":"2024-02-14T14:19:07+00:00","twitter_card":"summary_large_image","twitter_misc":{"Est. reading time":"5 minutes"},"schema":{"@context":"https:\/\/schema.org","@graph":[{"@type":"WebPage","@id":"https:\/\/www.rijeka.hr\/it\/amministrazione-cittadina\/bilancio\/cose-bilancio-previsione-pianificare-eseguire-controllare-bilancio\/","url":"https:\/\/www.rijeka.hr\/it\/amministrazione-cittadina\/bilancio\/cose-bilancio-previsione-pianificare-eseguire-controllare-bilancio\/","name":"Cos\u2019\u00e8 il bilancio di previsione? Come pianificare, eseguire e controllare il Bilancio? - Citt\u00e0 di Fiume","isPartOf":{"@id":"https:\/\/www.rijeka.hr\/it\/#website"},"datePublished":"2017-02-09T11:28:17+00:00","dateModified":"2024-02-14T14:19:07+00:00","breadcrumb":{"@id":"https:\/\/www.rijeka.hr\/it\/amministrazione-cittadina\/bilancio\/cose-bilancio-previsione-pianificare-eseguire-controllare-bilancio\/#breadcrumb"},"inLanguage":"it-IT","potentialAction":[{"@type":"ReadAction","target":["https:\/\/www.rijeka.hr\/it\/amministrazione-cittadina\/bilancio\/cose-bilancio-previsione-pianificare-eseguire-controllare-bilancio\/"]}]},{"@type":"BreadcrumbList","@id":"https:\/\/www.rijeka.hr\/it\/amministrazione-cittadina\/bilancio\/cose-bilancio-previsione-pianificare-eseguire-controllare-bilancio\/#breadcrumb","itemListElement":[{"@type":"ListItem","position":1,"name":"Po\u010detna stranica","item":"https:\/\/www.rijeka.hr\/it\/"},{"@type":"ListItem","position":2,"name":"Amministrazione cittadina","item":"https:\/\/www.rijeka.hr\/it\/amministrazione-cittadina\/"},{"@type":"ListItem","position":3,"name":"Bilancio","item":"https:\/\/www.rijeka.hr\/it\/amministrazione-cittadina\/bilancio\/"},{"@type":"ListItem","position":4,"name":"Cos\u2019\u00e8 il bilancio di previsione? Come pianificare, eseguire e controllare il Bilancio?"}]},{"@type":"WebSite","@id":"https:\/\/www.rijeka.hr\/it\/#website","url":"https:\/\/www.rijeka.hr\/it\/","name":"Citt\u00e0 di Fiume","description":"Portale web della Citta&#039; di Fiume","potentialAction":[{"@type":"SearchAction","target":{"@type":"EntryPoint","urlTemplate":"https:\/\/www.rijeka.hr\/it\/?s={search_term_string}"},"query-input":{"@type":"PropertyValueSpecification","valueRequired":true,"valueName":"search_term_string"}}],"inLanguage":"it-IT"}]}},"_links":{"self":[{"href":"https:\/\/www.rijeka.hr\/it\/wp-json\/wp\/v2\/pages\/3580","targetHints":{"allow":["GET"]}}],"collection":[{"href":"https:\/\/www.rijeka.hr\/it\/wp-json\/wp\/v2\/pages"}],"about":[{"href":"https:\/\/www.rijeka.hr\/it\/wp-json\/wp\/v2\/types\/page"}],"author":[{"embeddable":true,"href":"https:\/\/www.rijeka.hr\/it\/wp-json\/wp\/v2\/users\/13"}],"replies":[{"embeddable":true,"href":"https:\/\/www.rijeka.hr\/it\/wp-json\/wp\/v2\/comments?post=3580"}],"version-history":[{"count":15,"href":"https:\/\/www.rijeka.hr\/it\/wp-json\/wp\/v2\/pages\/3580\/revisions"}],"predecessor-version":[{"id":10081,"href":"https:\/\/www.rijeka.hr\/it\/wp-json\/wp\/v2\/pages\/3580\/revisions\/10081"}],"up":[{"embeddable":true,"href":"https:\/\/www.rijeka.hr\/it\/wp-json\/wp\/v2\/pages\/1164"}],"wp:attachment":[{"href":"https:\/\/www.rijeka.hr\/it\/wp-json\/wp\/v2\/media?parent=3580"}],"wp:term":[{"taxonomy":"post_tag","embeddable":true,"href":"https:\/\/www.rijeka.hr\/it\/wp-json\/wp\/v2\/tags?post=3580"}],"curies":[{"name":"wp","href":"https:\/\/api.w.org\/{rel}","templated":true}]}}