{"id":361,"date":"2016-07-22T15:59:29","date_gmt":"2016-07-22T13:59:29","guid":{"rendered":"https:\/\/www.rijeka.hr\/it\/?page_id=361"},"modified":"2023-01-24T09:20:42","modified_gmt":"2023-01-24T08:20:42","slug":"programma-generale-volto-a-incoraggiare-lo-sviluppo-dellimprenditoria-nella-citta-di-fiume","status":"publish","type":"page","link":"https:\/\/www.rijeka.hr\/it\/temi-per-i-cittadini\/affari-e-investimenti\/programma-generale-volto-a-incoraggiare-lo-sviluppo-dellimprenditoria-nella-citta-di-fiume\/","title":{"rendered":"Programma generale di misure volto a incoraggiare lo sviluppo dell\u2019imprenditoria nella citt\u00e0 di Fiume"},"content":{"rendered":"<p>Ormai nel 2008, la Citt\u00e0 di Fiume ha adottato il suo programma generale di misure volto a incoraggiare lo sviluppo dell&#8217;imprenditoria sul territorio della citt\u00e0 di Fiume e sono state sistematizzate le attivit\u00e0 della Citt\u00e0 che riguardano gli incentivi imprenditoriali per renderli trasparenti e per facilitare la comunicazione con gli imprenditori. Nel corso degli anni il programma ha seguito le esigenze degli imprenditori ed \u00e8 stato continuamente complementato.<\/p>\n<p>Lo scopo del Programma generale volto a incoraggiare lo sviluppo dell\u2019imprenditoria cittadina \u00e8 quello di creare un favorevole ambiente imprenditoriale per l\u2019attivit\u00e0 degli imprenditori, sviluppare un clima imprenditoriale e assicurare le precondizioni per lo sviluppo di abilit\u00e0 imprenditoriali sul territorio della citt\u00e0 di Fiume.<\/p>\n<p>Il programma comprende complessivamente 23 misure e il segmento pi\u00f9 ampio riguarda l&#8217;assegnazione di sovvenzioni agli imprenditori. Le misure mirano a rafforzare l\u2019apparizione competitiva degli imprenditori sul mercato, realizzare l\u2019educazione pratica e informarsi meglio sull\u2019imprenditoria, migliorare le condizioni per la disponibilit\u00e0 dei mezzi finanziari, utilizzare l\u2019infrastruttura imprenditoriale di rete e spazi per la realizzazione di iniziative imprenditoriali, migliorare la cultura imprenditoriale e risolvere problemi sociali applicando principi imprenditoriali.<\/p>\n<p>I beneficiari delle sovvenzioni sono piccole entit\u00e0 completamente di propriet\u00e0 privata, con sede legale sul territorio della citt\u00e0 di Fiume e associazioni costituite come entit\u00e0 giuridiche il cui scopo \u00e8 la promozione degli interessi economici dei membri del cluster, con sede legale sul territorio della citt\u00e0 di Fiume o che hanno un membro con sede legale sul territorio della citt\u00e0 di Fiume, che operano con profitto e cooperano con istituti scientifici e di ricerca.<\/p>\n<p>&nbsp;<\/p>\n<p>&nbsp;<\/p>\n<p>&nbsp;<\/p>\n<h3><\/h3>\n","protected":false},"excerpt":{"rendered":"<p>Ormai nel 2008, la Citt\u00e0 di Fiume ha adottato il suo programma generale di misure volto a incoraggiare lo sviluppo dell&#8217;imprenditoria sul territorio della citt\u00e0 di Fiume e sono state sistematizzate le attivit\u00e0 della Citt\u00e0 che riguardano gli incentivi imprenditoriali per renderli trasparenti e per facilitare la comunicazione con gli imprenditori. Nel corso degli anni&#8230;<\/p>\n","protected":false},"author":2,"featured_media":0,"parent":357,"menu_order":0,"comment_status":"closed","ping_status":"closed","template":"","meta":{"_acf_changed":false,"_trash_the_other_posts":false,"footnotes":"","_links_to":"","_links_to_target":""},"tags":[],"class_list":["post-361","page","type-page","status-publish","hentry"],"acf":[],"yoast_head":"<!-- This site is optimized with the Yoast SEO plugin v24.4 - https:\/\/yoast.com\/wordpress\/plugins\/seo\/ -->\n<title>Programma generale di misure volto a incoraggiare lo sviluppo dell\u2019imprenditoria nella citt\u00e0 di Fiume - Citt\u00e0 di Fiume<\/title>\n<meta name=\"robots\" content=\"index, follow, max-snippet:-1, max-image-preview:large, max-video-preview:-1\" \/>\n<link rel=\"canonical\" href=\"https:\/\/www.rijeka.hr\/it\/temi-per-i-cittadini\/affari-e-investimenti\/programma-generale-volto-a-incoraggiare-lo-sviluppo-dellimprenditoria-nella-citta-di-fiume\/\" \/>\n<meta property=\"og:locale\" content=\"it_IT\" \/>\n<meta property=\"og:type\" content=\"article\" \/>\n<meta property=\"og:title\" content=\"Programma generale di misure volto a incoraggiare lo sviluppo dell\u2019imprenditoria nella citt\u00e0 di Fiume - Citt\u00e0 di Fiume\" \/>\n<meta property=\"og:description\" content=\"Ormai nel 2008, la Citt\u00e0 di Fiume ha adottato il suo programma generale di misure volto a incoraggiare lo sviluppo dell&#8217;imprenditoria sul territorio della citt\u00e0 di Fiume e sono state sistematizzate le attivit\u00e0 della Citt\u00e0 che riguardano gli incentivi imprenditoriali per renderli trasparenti e per facilitare la comunicazione con gli imprenditori. Nel corso degli anni...\" \/>\n<meta property=\"og:url\" content=\"https:\/\/www.rijeka.hr\/it\/temi-per-i-cittadini\/affari-e-investimenti\/programma-generale-volto-a-incoraggiare-lo-sviluppo-dellimprenditoria-nella-citta-di-fiume\/\" \/>\n<meta property=\"og:site_name\" content=\"Citt\u00e0 di Fiume\" \/>\n<meta property=\"article:modified_time\" content=\"2023-01-24T08:20:42+00:00\" \/>\n<meta name=\"twitter:card\" content=\"summary_large_image\" \/>\n<meta name=\"twitter:label1\" content=\"Est. reading time\" \/>\n\t<meta name=\"twitter:data1\" content=\"1 minute\" \/>\n<script type=\"application\/ld+json\" class=\"yoast-schema-graph\">{\"@context\":\"https:\/\/schema.org\",\"@graph\":[{\"@type\":\"WebPage\",\"@id\":\"https:\/\/www.rijeka.hr\/it\/temi-per-i-cittadini\/affari-e-investimenti\/programma-generale-volto-a-incoraggiare-lo-sviluppo-dellimprenditoria-nella-citta-di-fiume\/\",\"url\":\"https:\/\/www.rijeka.hr\/it\/temi-per-i-cittadini\/affari-e-investimenti\/programma-generale-volto-a-incoraggiare-lo-sviluppo-dellimprenditoria-nella-citta-di-fiume\/\",\"name\":\"Programma generale di misure volto a incoraggiare lo sviluppo dell\u2019imprenditoria nella citt\u00e0 di Fiume - Citt\u00e0 di Fiume\",\"isPartOf\":{\"@id\":\"https:\/\/www.rijeka.hr\/it\/#website\"},\"datePublished\":\"2016-07-22T13:59:29+00:00\",\"dateModified\":\"2023-01-24T08:20:42+00:00\",\"breadcrumb\":{\"@id\":\"https:\/\/www.rijeka.hr\/it\/temi-per-i-cittadini\/affari-e-investimenti\/programma-generale-volto-a-incoraggiare-lo-sviluppo-dellimprenditoria-nella-citta-di-fiume\/#breadcrumb\"},\"inLanguage\":\"it-IT\",\"potentialAction\":[{\"@type\":\"ReadAction\",\"target\":[\"https:\/\/www.rijeka.hr\/it\/temi-per-i-cittadini\/affari-e-investimenti\/programma-generale-volto-a-incoraggiare-lo-sviluppo-dellimprenditoria-nella-citta-di-fiume\/\"]}]},{\"@type\":\"BreadcrumbList\",\"@id\":\"https:\/\/www.rijeka.hr\/it\/temi-per-i-cittadini\/affari-e-investimenti\/programma-generale-volto-a-incoraggiare-lo-sviluppo-dellimprenditoria-nella-citta-di-fiume\/#breadcrumb\",\"itemListElement\":[{\"@type\":\"ListItem\",\"position\":1,\"name\":\"Po\u010detna stranica\",\"item\":\"https:\/\/www.rijeka.hr\/it\/\"},{\"@type\":\"ListItem\",\"position\":2,\"name\":\"Temi per i cittadini\",\"item\":\"https:\/\/www.rijeka.hr\/it\/temi-per-i-cittadini\/\"},{\"@type\":\"ListItem\",\"position\":3,\"name\":\"Affari e investimenti\",\"item\":\"https:\/\/www.rijeka.hr\/it\/temi-per-i-cittadini\/affari-e-investimenti\/\"},{\"@type\":\"ListItem\",\"position\":4,\"name\":\"Programma generale di misure volto a incoraggiare lo sviluppo dell\u2019imprenditoria nella citt\u00e0 di Fiume\"}]},{\"@type\":\"WebSite\",\"@id\":\"https:\/\/www.rijeka.hr\/it\/#website\",\"url\":\"https:\/\/www.rijeka.hr\/it\/\",\"name\":\"Citt\u00e0 di Fiume\",\"description\":\"Portale web della Citta&#039; di Fiume\",\"potentialAction\":[{\"@type\":\"SearchAction\",\"target\":{\"@type\":\"EntryPoint\",\"urlTemplate\":\"https:\/\/www.rijeka.hr\/it\/?s={search_term_string}\"},\"query-input\":{\"@type\":\"PropertyValueSpecification\",\"valueRequired\":true,\"valueName\":\"search_term_string\"}}],\"inLanguage\":\"it-IT\"}]}<\/script>\n<!-- \/ Yoast SEO plugin. -->","yoast_head_json":{"title":"Programma generale di misure volto a incoraggiare lo sviluppo dell\u2019imprenditoria nella citt\u00e0 di Fiume - Citt\u00e0 di Fiume","robots":{"index":"index","follow":"follow","max-snippet":"max-snippet:-1","max-image-preview":"max-image-preview:large","max-video-preview":"max-video-preview:-1"},"canonical":"https:\/\/www.rijeka.hr\/it\/temi-per-i-cittadini\/affari-e-investimenti\/programma-generale-volto-a-incoraggiare-lo-sviluppo-dellimprenditoria-nella-citta-di-fiume\/","og_locale":"it_IT","og_type":"article","og_title":"Programma generale di misure volto a incoraggiare lo sviluppo dell\u2019imprenditoria nella citt\u00e0 di Fiume - Citt\u00e0 di Fiume","og_description":"Ormai nel 2008, la Citt\u00e0 di Fiume ha adottato il suo programma generale di misure volto a incoraggiare lo sviluppo dell&#8217;imprenditoria sul territorio della citt\u00e0 di Fiume e sono state sistematizzate le attivit\u00e0 della Citt\u00e0 che riguardano gli incentivi imprenditoriali per renderli trasparenti e per facilitare la comunicazione con gli imprenditori. Nel corso degli anni...","og_url":"https:\/\/www.rijeka.hr\/it\/temi-per-i-cittadini\/affari-e-investimenti\/programma-generale-volto-a-incoraggiare-lo-sviluppo-dellimprenditoria-nella-citta-di-fiume\/","og_site_name":"Citt\u00e0 di Fiume","article_modified_time":"2023-01-24T08:20:42+00:00","twitter_card":"summary_large_image","twitter_misc":{"Est. reading time":"1 minute"},"schema":{"@context":"https:\/\/schema.org","@graph":[{"@type":"WebPage","@id":"https:\/\/www.rijeka.hr\/it\/temi-per-i-cittadini\/affari-e-investimenti\/programma-generale-volto-a-incoraggiare-lo-sviluppo-dellimprenditoria-nella-citta-di-fiume\/","url":"https:\/\/www.rijeka.hr\/it\/temi-per-i-cittadini\/affari-e-investimenti\/programma-generale-volto-a-incoraggiare-lo-sviluppo-dellimprenditoria-nella-citta-di-fiume\/","name":"Programma generale di misure volto a incoraggiare lo sviluppo dell\u2019imprenditoria nella citt\u00e0 di Fiume - Citt\u00e0 di Fiume","isPartOf":{"@id":"https:\/\/www.rijeka.hr\/it\/#website"},"datePublished":"2016-07-22T13:59:29+00:00","dateModified":"2023-01-24T08:20:42+00:00","breadcrumb":{"@id":"https:\/\/www.rijeka.hr\/it\/temi-per-i-cittadini\/affari-e-investimenti\/programma-generale-volto-a-incoraggiare-lo-sviluppo-dellimprenditoria-nella-citta-di-fiume\/#breadcrumb"},"inLanguage":"it-IT","potentialAction":[{"@type":"ReadAction","target":["https:\/\/www.rijeka.hr\/it\/temi-per-i-cittadini\/affari-e-investimenti\/programma-generale-volto-a-incoraggiare-lo-sviluppo-dellimprenditoria-nella-citta-di-fiume\/"]}]},{"@type":"BreadcrumbList","@id":"https:\/\/www.rijeka.hr\/it\/temi-per-i-cittadini\/affari-e-investimenti\/programma-generale-volto-a-incoraggiare-lo-sviluppo-dellimprenditoria-nella-citta-di-fiume\/#breadcrumb","itemListElement":[{"@type":"ListItem","position":1,"name":"Po\u010detna stranica","item":"https:\/\/www.rijeka.hr\/it\/"},{"@type":"ListItem","position":2,"name":"Temi per i cittadini","item":"https:\/\/www.rijeka.hr\/it\/temi-per-i-cittadini\/"},{"@type":"ListItem","position":3,"name":"Affari e investimenti","item":"https:\/\/www.rijeka.hr\/it\/temi-per-i-cittadini\/affari-e-investimenti\/"},{"@type":"ListItem","position":4,"name":"Programma generale di misure volto a incoraggiare lo sviluppo dell\u2019imprenditoria nella citt\u00e0 di Fiume"}]},{"@type":"WebSite","@id":"https:\/\/www.rijeka.hr\/it\/#website","url":"https:\/\/www.rijeka.hr\/it\/","name":"Citt\u00e0 di Fiume","description":"Portale web della Citta&#039; di Fiume","potentialAction":[{"@type":"SearchAction","target":{"@type":"EntryPoint","urlTemplate":"https:\/\/www.rijeka.hr\/it\/?s={search_term_string}"},"query-input":{"@type":"PropertyValueSpecification","valueRequired":true,"valueName":"search_term_string"}}],"inLanguage":"it-IT"}]}},"_links":{"self":[{"href":"https:\/\/www.rijeka.hr\/it\/wp-json\/wp\/v2\/pages\/361","targetHints":{"allow":["GET"]}}],"collection":[{"href":"https:\/\/www.rijeka.hr\/it\/wp-json\/wp\/v2\/pages"}],"about":[{"href":"https:\/\/www.rijeka.hr\/it\/wp-json\/wp\/v2\/types\/page"}],"author":[{"embeddable":true,"href":"https:\/\/www.rijeka.hr\/it\/wp-json\/wp\/v2\/users\/2"}],"replies":[{"embeddable":true,"href":"https:\/\/www.rijeka.hr\/it\/wp-json\/wp\/v2\/comments?post=361"}],"version-history":[{"count":5,"href":"https:\/\/www.rijeka.hr\/it\/wp-json\/wp\/v2\/pages\/361\/revisions"}],"predecessor-version":[{"id":17341,"href":"https:\/\/www.rijeka.hr\/it\/wp-json\/wp\/v2\/pages\/361\/revisions\/17341"}],"up":[{"embeddable":true,"href":"https:\/\/www.rijeka.hr\/it\/wp-json\/wp\/v2\/pages\/357"}],"wp:attachment":[{"href":"https:\/\/www.rijeka.hr\/it\/wp-json\/wp\/v2\/media?parent=361"}],"wp:term":[{"taxonomy":"post_tag","embeddable":true,"href":"https:\/\/www.rijeka.hr\/it\/wp-json\/wp\/v2\/tags?post=361"}],"curies":[{"name":"wp","href":"https:\/\/api.w.org\/{rel}","templated":true}]}}