{"id":3632,"date":"2017-02-17T12:48:56","date_gmt":"2017-02-17T11:48:56","guid":{"rendered":"https:\/\/www.rijeka.hr\/it\/?page_id=3632"},"modified":"2021-12-27T11:17:24","modified_gmt":"2021-12-27T10:17:24","slug":"autogoverno-locale","status":"publish","type":"page","link":"https:\/\/www.rijeka.hr\/it\/autogoverno-locale\/","title":{"rendered":"Autogoverno locale"},"content":{"rendered":"<p><strong>34 comitati di quartiere<\/strong> sono costituti sul comprensorio della Citt\u00e0 di Fiume <strong>come una forma di partecipazione diretta dei cittadini alla deliberazione in materia degli affari locali che influiscono direttamente e quotidianamente sulla vita e sul lavoro dei cittadini<\/strong>. Il comitato di quartiere viene costituito per il quartiere che rispetto agli altri quartieri rappresenta un\u2019unit\u00e0 separata e delimitata (parte dell\u2019abitato). Il comitato di quartiere \u00e8 un ente dotato di personalit\u00e0 giuridica.<\/p>\n<p>I seguenti comitati di quartiere sono operanti sul comprensorio della citt\u00e0 di Fiume: Banderovo, Belvedere, Braida-Dolac, Bra\u0161\u0107ine-Pulac, Bulevard, Centro-Su\u0161ak, Draga, Drenova, Ve\u017eica Superiore, Zamet Superiore, Citt\u00e0 di Tersatto, Grbci, Cantrida, Cosala, Crimea, Porto, Mlaka, Orehovica, Pa\u0161ac, Pe\u0107ine, Pehlin, Gelsi, Ve\u017eica Inferiore, Potok, Srdo\u010di, San Cosimo, San Nicol\u00f2, Svilno, Scoglietto, Scurigne, Valscurigne, Torretta, Vojak e Zamet.<\/p>\n<h3><strong>Elezioni per i Consigli dei comitati di quartiere<\/strong><\/h3>\n<p>Il mandato dei membri del Consiglio del comitato di quartiere dura quattro anni. Le elezioni per i consigli dei comitati di quartiere si svolgono ogni 4 anni. Il numero dei membri del consiglio del comitato di quartiere sul comprensorio della citt\u00e0 di Fiume viene determinato secondo il numero degli abitanti che vivono sul territorio del comitato di quartiere in modo che il consiglio:<\/p>\n<ul>\n<li>del comitato di quartiere che conta fino a 7.500 abitanti ha cinque membri,<\/li>\n<li>del comitato di quartiere con pi\u00f9 di 7.500 fino a 11.000 abitanti, ha sette membri.<\/li>\n<\/ul>\n<p><strong>\u00a0<\/strong><\/p>\n<h3><strong>Obiettivi di sviluppo dell\u2019autogoverno locale<\/strong><\/h3>\n<ul>\n<li>costituire una forma organizzata di partecipazione diretta dei cittadini alla deliberazione sugli affari locali che direttamente e quotidianamente influiscono sulla vita e sul lavoro dei cittadini,<\/li>\n<li>considerare in un modo migliore i problemi pi\u00f9 ristretti e locali e la soluzione degli stessi in coordinamento con i rappresentanti legittimi di una certa comunit\u00e0 locale,<\/li>\n<li>mobilizzazione di risorse umane e materiali addizionali della comunit\u00e0 locale nel risolvere questioni importanti per questa comunit\u00e0 e indirettamente promuovere l\u2019atteggiamento verso la corresponsabilit\u00e0 dei cittadini e dell\u2019autorit\u00e0 rappresentativa e quell\u2019esecutiva cittadina per le condizioni di vita in ogni comitato di quartiere e citt\u00e0 nel suo intero,<\/li>\n<li>elevare in modo uniforme lo standard comunale e sociale di tutte le zone cittadine.<\/li>\n<\/ul>\n<p><strong>\u00a0<\/strong><\/p>\n<h3><strong>I pi\u00f9 importanti atti normativi che regolano l\u2019autogoverno locale della Citt\u00e0 di Fiume, ovvero le attivit\u00e0 dei comitati di quartiere<\/strong><\/h3>\n<ul>\n<li>Legge sull\u2019autogoverno locale e regionale<\/li>\n<li>Statuto della Citt\u00e0 di Fiume<\/li>\n<li>Decisone sulla selezione dei membri dei comitati di quartiere sul comprensorio della citt\u00e0 di Fiume<\/li>\n<li>Decisione sui territori, confini e sedi dei comitati di quartiere sul comprensorio della citt\u00e0 di Fiume<\/li>\n<li>Decisione sulle modalit\u00e0 di finanziamento delle attivit\u00e0 dei comitati di quartiere sul comprensorio della citt\u00e0 di Fiume<\/li>\n<li>Decisone sulla determinazione del compenso dei membri dei comitati di quartiere sul territorio cittadino per le attivit\u00e0 svolte<\/li>\n<li>La normativa e le Regole di comportamento del Consiglio dei comitati di quartiere<\/li>\n<li>Decisone sull\u2019utilizzo temporaneo e periodico dei vani d\u2019affari negli edifici dell\u2019autogoverno locale di propriet\u00e0 della Citt\u00e0 di Fiume.<\/li>\n<\/ul>\n<h3><strong>I confini e territori dei comitati di quartiere (sedi dei comitati di quartiere nella citt\u00e0 di Fiume)<\/strong><\/h3>\n<ul>\n<li>il territorio del comitato di quartiere \u00e8 una completa unit\u00e0 spaziale sul territorio cittadino con i confini stabiliti e le appartenenti vie e numeri civici<\/li>\n<li>i consigli dei comitati di quartiere operano e lavorano presso le sedi dei comitati di quartiere<\/li>\n<li>tutti e 34 comitati di quartiere hanno le proprie sedi<\/li>\n<li>gli edifici e i vani che ospitano le sedi dei comitati di quartiere sono di propriet\u00e0 della Citt\u00e0 di Fiume oppure sono presi in affitto<\/li>\n<li>gli edifici e i vani sono gestiti dal Dipartimento cittadino per la gestione del patrimonio immobiliare e il Dipartimento cittadino per l\u2019autogoverno locale e amministrazione<\/li>\n<\/ul>\n<p><strong>\u00a0<\/strong><\/p>\n<h3><strong>Deliberazione dei Consigli dei comitati di quartiere<\/strong><\/h3>\n<p>Indipendentemente, in conformit\u00e0 alla Legge, allo Statuto e alle decisioni del Consiglio cittadino, <em>i consigli dei comitati di quartiere:<\/em><\/p>\n<ul>\n<li>adottano il programma di attivit\u00e0 e la relazione sulle attivit\u00e0 svolte dal comitato di quartiere<\/li>\n<li>adottano il piano finanziario del comitato di quartiere e il calcolo annuale che riguarda l\u2019esecuzione del piano finanziario<\/li>\n<li>adottano il piano di piccoli interventi comunali e stabiliscono le priorit\u00e0 nella loro realizzazione<\/li>\n<li>adottano la normativa e il regolamento di comportamento del comitato di quartiere e il regolamento sulla retribuzione delle persone fisiche e giuridiche per l\u2019assistenza e il contributo alla realizzazione dei programmi e allo sviluppo del comitato di quartiere<\/li>\n<li>eleggono e destituiscono il presidente del consiglio del comitato di quartiere<\/li>\n<li>deliberano sull\u2019utilizzo dei mezzi assicurati nel bilancio della Citt\u00e0 di Fiume per singole destinazioni, in conformit\u00e0 agli atti generali del Consiglio cittadino<\/li>\n<li>convocano raduni locali dei cittadini<\/li>\n<li>cooperano con gli altri comitati di quartiere sul territorio della citt\u00e0 di Fiume<\/li>\n<li>costituiscono i propri organi di lavoro (sottocomitati) ed eleggono e destituiscono i loro membri<\/li>\n<li>cooperano con i dipartimenti cittadini e con le societ\u00e0 e aziende municipalizzate<\/li>\n<li>cooperano con associazioni, istituzioni, con il settore pubblico e il settore economico, e con persone fisiche nello svolgimento delle attivit\u00e0 sul loro territorio inerenti alle questioni nell\u2019interesse dei cittadini che abitano sul territorio del comitato di quartiere<\/li>\n<li>propongono programmi di sviluppo per ogni territorio conformemente ai piani della Citt\u00e0 di Fiume<\/li>\n<li>controllano le condizioni in cui si trovano infrastrutture comunali, e secondo questo stabiliscono le esigenze degli abitanti allo scopo di migliorare la qualit\u00e0 abitativa, assestare la zona, svolgere le attivit\u00e0 comunali e prestare altri servizi legati all\u2019infrastruttura locale<\/li>\n<li>stabiliscono le esigenze degli abitanti nel campo della cultura, dello sport e della cultura tecnica, dell\u2019assestamento e della tutela dell\u2019ambiente, e quelle che rientrano nello scopo dei servizi di cura all\u2019infanzia, agli anziani, e della salute pubblica.<\/li>\n<\/ul>\n<p>&nbsp;<\/p>\n<h3><strong>Consigli dei comitati di quartiere forniscono parere<\/strong><\/h3>\n<ul>\n<li>sulle proposte in fase di redazione e sull\u2019adozione dei documenti attinenti alla pianificazione territoriale della Citt\u00e0 di Fiume<\/li>\n<li>sulle questioni legate al miglioramento della qualit\u00e0 abitativa, della tutela dell\u2019ambiente, un lavoro pi\u00f9 efficace dei servizi comunali, alla regolazione del traffico, alla sicurezza dei cittadini \u2026<\/li>\n<li>sulle bozze e proposte di atti generali che adotta il Consiglio cittadino, che assumono un significato diretto per il lavoro dei comitati di quartiere e l\u2019autogoverno locale nella sua interezza<\/li>\n<li>sulle proposte di separazione dal territorio del comitato di quartiere, di fusone dei comitati di quartiere e di modifica di denominazione del comitato di quartiere<\/li>\n<li>sulle proposte di denominazione delle vie<\/li>\n<li>sulle domande per l\u2019estensione dell\u2019orario di chiusura dei ristoranti e dei bar sul proprio territorio<\/li>\n<li>sulle domande per l\u2019utilizzo degli spazi dell\u2019autogoverno locale.<\/li>\n<\/ul>\n<p>&nbsp;<\/p>\n<h3><strong>Ruolo dei comitati di quartiere nel bilancio partecipativo<\/strong><\/h3>\n<p>I comitati di quartiere hanno un ruolo importante nell\u2019attuazione dei programmi di Piccoli interventi comunali che rappresenta una forma di bilancio partecipativo, ovvero della partecipazione dei cittadini alla pianificazione e all\u2019approvazione del bilancio.<\/p>\n\n    <div class=\"featured-pages\">\n\n        <ul>\n                            <li><a href=\"https:\/\/www.rijeka.hr\/it\/temi-per-i-cittadini\/cittadinanza-attiva\/bilancio-partecipativo\/piccoli-interventi-comunali\/\">Piccoli interventi comunali<\/a><\/li>\n                    <\/ul>\n \n    <\/div>\n\n    \n<p>Inoltre i comitati di quartiere si includono nel Programma di partenariato locale di Fiume.<\/p>\n\n    <div class=\"featured-pages\">\n\n        <ul>\n                            <li><a href=\"https:\/\/www.rijeka.hr\/it\/temi-per-i-cittadini\/cittadinanza-attiva\/bilancio-partecipativo\/il-programma-di-partenariato-locale-di-fiume\/\">Il programma fiumano di partenariato locale<\/a><\/li>\n                    <\/ul>\n \n    <\/div>\n\n    \n","protected":false},"excerpt":{"rendered":"<p>34 comitati di quartiere sono costituti sul comprensorio della Citt\u00e0 di Fiume come una forma di partecipazione diretta dei cittadini alla deliberazione in materia degli affari locali che influiscono direttamente e quotidianamente sulla vita e sul lavoro dei cittadini. Il comitato di quartiere viene costituito per il quartiere che rispetto agli altri quartieri rappresenta un\u2019unit\u00e0&#8230;<\/p>\n","protected":false},"author":54,"featured_media":0,"parent":0,"menu_order":99,"comment_status":"closed","ping_status":"closed","template":"","meta":{"_acf_changed":false,"_trash_the_other_posts":false,"footnotes":"","_links_to":"","_links_to_target":""},"tags":[],"class_list":["post-3632","page","type-page","status-publish","hentry"],"acf":[],"yoast_head":"<!-- This site is optimized with the Yoast SEO plugin v24.4 - https:\/\/yoast.com\/wordpress\/plugins\/seo\/ -->\n<title>Autogoverno locale - Citt\u00e0 di Fiume<\/title>\n<meta name=\"robots\" content=\"index, follow, max-snippet:-1, max-image-preview:large, max-video-preview:-1\" \/>\n<link rel=\"canonical\" href=\"https:\/\/www.rijeka.hr\/it\/autogoverno-locale\/\" \/>\n<meta property=\"og:locale\" content=\"it_IT\" \/>\n<meta property=\"og:type\" content=\"article\" \/>\n<meta property=\"og:title\" content=\"Autogoverno locale - Citt\u00e0 di Fiume\" \/>\n<meta property=\"og:description\" content=\"34 comitati di quartiere sono costituti sul comprensorio della Citt\u00e0 di Fiume come una forma di partecipazione diretta dei cittadini alla deliberazione in materia degli affari locali che influiscono direttamente e quotidianamente sulla vita e sul lavoro dei cittadini. Il comitato di quartiere viene costituito per il quartiere che rispetto agli altri quartieri rappresenta un\u2019unit\u00e0...\" \/>\n<meta property=\"og:url\" content=\"https:\/\/www.rijeka.hr\/it\/autogoverno-locale\/\" \/>\n<meta property=\"og:site_name\" content=\"Citt\u00e0 di Fiume\" \/>\n<meta property=\"article:modified_time\" content=\"2021-12-27T10:17:24+00:00\" \/>\n<meta name=\"twitter:card\" content=\"summary_large_image\" \/>\n<meta name=\"twitter:label1\" content=\"Est. reading time\" \/>\n\t<meta name=\"twitter:data1\" content=\"6 minutes\" \/>\n<script type=\"application\/ld+json\" class=\"yoast-schema-graph\">{\"@context\":\"https:\/\/schema.org\",\"@graph\":[{\"@type\":\"WebPage\",\"@id\":\"https:\/\/www.rijeka.hr\/it\/autogoverno-locale\/\",\"url\":\"https:\/\/www.rijeka.hr\/it\/autogoverno-locale\/\",\"name\":\"Autogoverno locale - Citt\u00e0 di Fiume\",\"isPartOf\":{\"@id\":\"https:\/\/www.rijeka.hr\/it\/#website\"},\"datePublished\":\"2017-02-17T11:48:56+00:00\",\"dateModified\":\"2021-12-27T10:17:24+00:00\",\"breadcrumb\":{\"@id\":\"https:\/\/www.rijeka.hr\/it\/autogoverno-locale\/#breadcrumb\"},\"inLanguage\":\"it-IT\",\"potentialAction\":[{\"@type\":\"ReadAction\",\"target\":[\"https:\/\/www.rijeka.hr\/it\/autogoverno-locale\/\"]}]},{\"@type\":\"BreadcrumbList\",\"@id\":\"https:\/\/www.rijeka.hr\/it\/autogoverno-locale\/#breadcrumb\",\"itemListElement\":[{\"@type\":\"ListItem\",\"position\":1,\"name\":\"Po\u010detna stranica\",\"item\":\"https:\/\/www.rijeka.hr\/it\/\"},{\"@type\":\"ListItem\",\"position\":2,\"name\":\"Autogoverno locale\"}]},{\"@type\":\"WebSite\",\"@id\":\"https:\/\/www.rijeka.hr\/it\/#website\",\"url\":\"https:\/\/www.rijeka.hr\/it\/\",\"name\":\"Citt\u00e0 di Fiume\",\"description\":\"Portale web della Citta&#039; di Fiume\",\"potentialAction\":[{\"@type\":\"SearchAction\",\"target\":{\"@type\":\"EntryPoint\",\"urlTemplate\":\"https:\/\/www.rijeka.hr\/it\/?s={search_term_string}\"},\"query-input\":{\"@type\":\"PropertyValueSpecification\",\"valueRequired\":true,\"valueName\":\"search_term_string\"}}],\"inLanguage\":\"it-IT\"}]}<\/script>\n<!-- \/ Yoast SEO plugin. -->","yoast_head_json":{"title":"Autogoverno locale - Citt\u00e0 di Fiume","robots":{"index":"index","follow":"follow","max-snippet":"max-snippet:-1","max-image-preview":"max-image-preview:large","max-video-preview":"max-video-preview:-1"},"canonical":"https:\/\/www.rijeka.hr\/it\/autogoverno-locale\/","og_locale":"it_IT","og_type":"article","og_title":"Autogoverno locale - Citt\u00e0 di Fiume","og_description":"34 comitati di quartiere sono costituti sul comprensorio della Citt\u00e0 di Fiume come una forma di partecipazione diretta dei cittadini alla deliberazione in materia degli affari locali che influiscono direttamente e quotidianamente sulla vita e sul lavoro dei cittadini. Il comitato di quartiere viene costituito per il quartiere che rispetto agli altri quartieri rappresenta un\u2019unit\u00e0...","og_url":"https:\/\/www.rijeka.hr\/it\/autogoverno-locale\/","og_site_name":"Citt\u00e0 di Fiume","article_modified_time":"2021-12-27T10:17:24+00:00","twitter_card":"summary_large_image","twitter_misc":{"Est. reading time":"6 minutes"},"schema":{"@context":"https:\/\/schema.org","@graph":[{"@type":"WebPage","@id":"https:\/\/www.rijeka.hr\/it\/autogoverno-locale\/","url":"https:\/\/www.rijeka.hr\/it\/autogoverno-locale\/","name":"Autogoverno locale - Citt\u00e0 di Fiume","isPartOf":{"@id":"https:\/\/www.rijeka.hr\/it\/#website"},"datePublished":"2017-02-17T11:48:56+00:00","dateModified":"2021-12-27T10:17:24+00:00","breadcrumb":{"@id":"https:\/\/www.rijeka.hr\/it\/autogoverno-locale\/#breadcrumb"},"inLanguage":"it-IT","potentialAction":[{"@type":"ReadAction","target":["https:\/\/www.rijeka.hr\/it\/autogoverno-locale\/"]}]},{"@type":"BreadcrumbList","@id":"https:\/\/www.rijeka.hr\/it\/autogoverno-locale\/#breadcrumb","itemListElement":[{"@type":"ListItem","position":1,"name":"Po\u010detna stranica","item":"https:\/\/www.rijeka.hr\/it\/"},{"@type":"ListItem","position":2,"name":"Autogoverno locale"}]},{"@type":"WebSite","@id":"https:\/\/www.rijeka.hr\/it\/#website","url":"https:\/\/www.rijeka.hr\/it\/","name":"Citt\u00e0 di Fiume","description":"Portale web della Citta&#039; di Fiume","potentialAction":[{"@type":"SearchAction","target":{"@type":"EntryPoint","urlTemplate":"https:\/\/www.rijeka.hr\/it\/?s={search_term_string}"},"query-input":{"@type":"PropertyValueSpecification","valueRequired":true,"valueName":"search_term_string"}}],"inLanguage":"it-IT"}]}},"_links":{"self":[{"href":"https:\/\/www.rijeka.hr\/it\/wp-json\/wp\/v2\/pages\/3632","targetHints":{"allow":["GET"]}}],"collection":[{"href":"https:\/\/www.rijeka.hr\/it\/wp-json\/wp\/v2\/pages"}],"about":[{"href":"https:\/\/www.rijeka.hr\/it\/wp-json\/wp\/v2\/types\/page"}],"author":[{"embeddable":true,"href":"https:\/\/www.rijeka.hr\/it\/wp-json\/wp\/v2\/users\/54"}],"replies":[{"embeddable":true,"href":"https:\/\/www.rijeka.hr\/it\/wp-json\/wp\/v2\/comments?post=3632"}],"version-history":[{"count":4,"href":"https:\/\/www.rijeka.hr\/it\/wp-json\/wp\/v2\/pages\/3632\/revisions"}],"predecessor-version":[{"id":3634,"href":"https:\/\/www.rijeka.hr\/it\/wp-json\/wp\/v2\/pages\/3632\/revisions\/3634"}],"wp:attachment":[{"href":"https:\/\/www.rijeka.hr\/it\/wp-json\/wp\/v2\/media?parent=3632"}],"wp:term":[{"taxonomy":"post_tag","embeddable":true,"href":"https:\/\/www.rijeka.hr\/it\/wp-json\/wp\/v2\/tags?post=3632"}],"curies":[{"name":"wp","href":"https:\/\/api.w.org\/{rel}","templated":true}]}}