{"id":3661,"date":"2017-02-24T13:05:22","date_gmt":"2017-02-24T12:05:22","guid":{"rendered":"https:\/\/www.rijeka.hr\/it\/?page_id=3661"},"modified":"2019-01-29T15:25:07","modified_gmt":"2019-01-29T14:25:07","slug":"ustanove-kojima-osnivac-pgz-ministarstvo-kulture","status":"publish","type":"page","link":"https:\/\/www.rijeka.hr\/it\/temi-per-i-cittadini\/cultura\/istituzioni-culturali\/ustanove-kojima-osnivac-pgz-ministarstvo-kulture\/","title":{"rendered":"Istituzioni fondate dalla Regione litoraneo \u2013 montana e dal Ministero della Cultura"},"content":{"rendered":"<h2>Museo di storia naturale di Fiume<\/h2>\n<p><img decoding=\"async\" class=\"size-medium wp-image-14231 alignleft\" src=\"https:\/\/www.rijeka.hr\/wp-content\/uploads\/2016\/07\/Prirodoslovni-muzej01-600x400.jpg\" alt=\"Prirodoslovni muzej01\" \/><\/p>\n<p>Il <a href=\"http:\/\/www.prirodoslovni.com\/\">Museo di storia naturale di Fiume<\/a> \u00e8 il primo museo regionale dell\u2019area fiumana. \u00c8\u00a0stato fondato il 16 maggio 1876 e aperto al pubblico il primo maggio 1946. \u00c8 situato nel Parco Vladimir Nazor, nei pressi del Palazzo del Governo, nell\u2019edificio appartenuto alla famiglia del conte Negroni.<br \/>\nL\u2019istituzione si occupa della raccolta, della conservazione e della custodia di specie e reperti naturali del territorio del Quarnero, dell\u2019Istria e del Gorski kotar.<\/p>\n<p>Visitando l\u2019allestimento permanente del museo potete conoscere pi\u00f9 da vicino il patrimonio naturale, le ricerche compiute nonch\u00e9 lo stato e la salvaguardia del territorio fiumano.<\/p>\n<h2><span style=\"font-size: 0.875rem;\">.<\/span>Il Museo di storia e marineria del Litorale croato<\/h2>\n<p><img loading=\"lazy\" decoding=\"async\" class=\"size-medium wp-image-14230 alignleft\" src=\"https:\/\/www.rijeka.hr\/wp-content\/uploads\/2016\/07\/Guvernerova-pala\u010da-600x435.jpg\" alt=\"Guvernerova pala\u010da\" width=\"600\" height=\"435\" \/><\/p>\n<p>Il <a href=\"http:\/\/ppmhp.hr\/\" target=\"_blank\" rel=\"noopener\">Museo di storia e marineria del Litorale croato<\/a> \u00e8 nato dalla fusione di due istituzioni museali, ovvero del Museo Civico (i cui inizi risalgono al XIX secolo e allo sviluppo dell\u2019attivit\u00e0 museale a Fiume, quest\u2019ultima avviata dopo che l\u2019imperatore Francesco Giuseppe I don\u00f2 alla Citt\u00e0 un bicchiere con il desiderio che venisse custodito nel museo civico), e del Museo civico di Su\u0161ak, istituito nel 1934. Dalla loro fusione, nel 1951 nacque il Museo del Litorale croato, il quale, nel 1953, mut\u00f2 la propria denominazione in Museo popolare, per divenire, il 28 giugno 1961 Museo di storia e marineria del Litorale croato, nome che conserva tutt\u2019oggi. Ha sede nel Palazzo del Governo.<\/p>\n<p>Il ricco fondo museale \u00e8 costituito da materiale delle sezioni archeologica, marittima, etnografica e storico-culturale.<br \/>\nL\u2019allestimento storico-culturale \u00e8 dislocato al primo piano. Il Salone Bianco, Rosso, Verde e Giallo, la Sala dei marmi e l&#8217;imponente atrio sono il riflesso dell&#8217;antico splendore del palazzo e del modo di vivere delle classi superiori a cavallo dei due secoli. Dall&#8217;altra parte \u00e8 allestita la mostra che rappresenta lo sviluppo dello stile e della morfologia del mobilio dal rinascimento allo storicismo. Oltre agli oggetti di valore, ad attirare pure l\u2019attenzione dei visitatori sar\u00e0 sicuramente la collezione di antichi orologi fabbricati nel periodo che va dall&#8217;inizio del XVIII alla met\u00e0 del XX secolo.<\/p>\n<p>Sulle pareti di tutti i vani espositivi si pu\u00f2 ammirare anche una parte della preziosa collezione di ritratti di personaggi della vita pubblica di Fiume, di regnanti e dignitari nonch\u00e9 di cittadini abbienti noti e sconosciuti. Essi rappresentano dei documenti dai quali \u00e8 possibile carpire una grande quantit\u00e0 di dati inerenti Fiume, il modo di pensare e lo stile di vita di allora.<\/p>\n<p>Al primo piano si trova pure il cospicuo lascito del dott. Franjo Kresnik, medico di Su\u0161ak, eminente conoscitore della liuteria cremonese, valentissimo costruttore di violini noto in tutto il mondo.<\/p>\n<h2>Archivio di Stato di Fiume<\/h2>\n<p><strong>\u00a0<\/strong><\/p>\n<p><img loading=\"lazy\" decoding=\"async\" class=\"size-medium wp-image-14232 alignleft\" src=\"https:\/\/www.rijeka.hr\/wp-content\/uploads\/2016\/07\/TM043-Dr\u017eavni-arhiv-Rijeka-400x600.jpg\" alt=\"TM043 Dr\u017eavni arhiv Rijeka\" width=\"400\" height=\"600\" \/><\/p>\n<p><a href=\"http:\/\/www.riarhiv.hr\/\">L\u2019Archivio di Stato di <\/a>Fiume, custodisce nei magazzini il materiale storico scritto della regione del Quarnero, del Gorski Kotar e dell\u2019Istria. Il pi\u00f9 vecchio documento depositato nell\u2019Archivio di Stato di Fiume risale al 1201. Tra i documenti pi\u00f9 antichi, un valore particolare hanno le collezioni; Atti e carte costitutive (dal 1201 godine),\u00a0la Collezione dei registri di stato civile (dal 1560) e Statuti dei comuni (dal 1423).<\/p>\n<p><a href=\"http:\/\/www.riarhiv.hr\/\">L\u2019archivio di Stato di Fiume <\/a>\u00a0ha due sedi, una sede nell\u2019edificio situato nel Parco Nikola Host e l&#8217;altra in due edifici all\u2019indirizzo via dell&#8217;Acquedotto (<em>Vodovodna<\/em>), ai numeri civici \u00a02 e 5 che sono il primo esempio dell\u2019adattamento dell\u2019architettura industriale agli scopi culturali a Fiume.<\/p>\n<p><strong>\u00a0<\/strong><\/p>\n<p>&nbsp;<\/p>\n","protected":false},"excerpt":{"rendered":"<p>Museo di storia naturale di Fiume Il Museo di storia naturale di Fiume \u00e8 il primo museo regionale dell\u2019area fiumana. \u00c8\u00a0stato fondato il 16 maggio 1876 e aperto al pubblico il primo maggio 1946. \u00c8 situato nel Parco Vladimir Nazor, nei pressi del Palazzo del Governo, nell\u2019edificio appartenuto alla famiglia del conte Negroni. L\u2019istituzione si&#8230;<\/p>\n","protected":false},"author":6,"featured_media":0,"parent":1069,"menu_order":0,"comment_status":"closed","ping_status":"closed","template":"","meta":{"_acf_changed":false,"_trash_the_other_posts":false,"footnotes":"","_links_to":"","_links_to_target":""},"tags":[],"class_list":["post-3661","page","type-page","status-publish","hentry"],"acf":[],"yoast_head":"<!-- This site is optimized with the Yoast SEO plugin v24.4 - https:\/\/yoast.com\/wordpress\/plugins\/seo\/ -->\n<title>Istituzioni fondate dalla Regione litoraneo \u2013 montana e dal Ministero della Cultura - Citt\u00e0 di Fiume<\/title>\n<meta name=\"robots\" content=\"index, follow, max-snippet:-1, max-image-preview:large, max-video-preview:-1\" \/>\n<link rel=\"canonical\" href=\"https:\/\/www.rijeka.hr\/it\/temi-per-i-cittadini\/cultura\/istituzioni-culturali\/ustanove-kojima-osnivac-pgz-ministarstvo-kulture\/\" \/>\n<meta property=\"og:locale\" content=\"it_IT\" \/>\n<meta property=\"og:type\" content=\"article\" \/>\n<meta property=\"og:title\" content=\"Istituzioni fondate dalla Regione litoraneo \u2013 montana e dal Ministero della Cultura - Citt\u00e0 di Fiume\" \/>\n<meta property=\"og:description\" content=\"Museo di storia naturale di Fiume Il Museo di storia naturale di Fiume \u00e8 il primo museo regionale dell\u2019area fiumana. \u00c8\u00a0stato fondato il 16 maggio 1876 e aperto al pubblico il primo maggio 1946. \u00c8 situato nel Parco Vladimir Nazor, nei pressi del Palazzo del Governo, nell\u2019edificio appartenuto alla famiglia del conte Negroni. L\u2019istituzione si...\" \/>\n<meta property=\"og:url\" content=\"https:\/\/www.rijeka.hr\/it\/temi-per-i-cittadini\/cultura\/istituzioni-culturali\/ustanove-kojima-osnivac-pgz-ministarstvo-kulture\/\" \/>\n<meta property=\"og:site_name\" content=\"Citt\u00e0 di Fiume\" \/>\n<meta property=\"article:modified_time\" content=\"2019-01-29T14:25:07+00:00\" \/>\n<meta property=\"og:image\" content=\"https:\/\/www.rijeka.hr\/wp-content\/uploads\/2016\/07\/Prirodoslovni-muzej01-600x400.jpg\" \/>\n<meta name=\"twitter:card\" content=\"summary_large_image\" \/>\n<meta name=\"twitter:label1\" content=\"Est. reading time\" \/>\n\t<meta name=\"twitter:data1\" content=\"3 minutes\" \/>\n<script type=\"application\/ld+json\" class=\"yoast-schema-graph\">{\"@context\":\"https:\/\/schema.org\",\"@graph\":[{\"@type\":\"WebPage\",\"@id\":\"https:\/\/www.rijeka.hr\/it\/temi-per-i-cittadini\/cultura\/istituzioni-culturali\/ustanove-kojima-osnivac-pgz-ministarstvo-kulture\/\",\"url\":\"https:\/\/www.rijeka.hr\/it\/temi-per-i-cittadini\/cultura\/istituzioni-culturali\/ustanove-kojima-osnivac-pgz-ministarstvo-kulture\/\",\"name\":\"Istituzioni fondate dalla Regione litoraneo \u2013 montana e dal Ministero della Cultura - Citt\u00e0 di Fiume\",\"isPartOf\":{\"@id\":\"https:\/\/www.rijeka.hr\/it\/#website\"},\"primaryImageOfPage\":{\"@id\":\"https:\/\/www.rijeka.hr\/it\/temi-per-i-cittadini\/cultura\/istituzioni-culturali\/ustanove-kojima-osnivac-pgz-ministarstvo-kulture\/#primaryimage\"},\"image\":{\"@id\":\"https:\/\/www.rijeka.hr\/it\/temi-per-i-cittadini\/cultura\/istituzioni-culturali\/ustanove-kojima-osnivac-pgz-ministarstvo-kulture\/#primaryimage\"},\"thumbnailUrl\":\"https:\/\/www.rijeka.hr\/wp-content\/uploads\/2016\/07\/Prirodoslovni-muzej01-600x400.jpg\",\"datePublished\":\"2017-02-24T12:05:22+00:00\",\"dateModified\":\"2019-01-29T14:25:07+00:00\",\"breadcrumb\":{\"@id\":\"https:\/\/www.rijeka.hr\/it\/temi-per-i-cittadini\/cultura\/istituzioni-culturali\/ustanove-kojima-osnivac-pgz-ministarstvo-kulture\/#breadcrumb\"},\"inLanguage\":\"it-IT\",\"potentialAction\":[{\"@type\":\"ReadAction\",\"target\":[\"https:\/\/www.rijeka.hr\/it\/temi-per-i-cittadini\/cultura\/istituzioni-culturali\/ustanove-kojima-osnivac-pgz-ministarstvo-kulture\/\"]}]},{\"@type\":\"ImageObject\",\"inLanguage\":\"it-IT\",\"@id\":\"https:\/\/www.rijeka.hr\/it\/temi-per-i-cittadini\/cultura\/istituzioni-culturali\/ustanove-kojima-osnivac-pgz-ministarstvo-kulture\/#primaryimage\",\"url\":\"https:\/\/www.rijeka.hr\/wp-content\/uploads\/2016\/07\/Prirodoslovni-muzej01-600x400.jpg\",\"contentUrl\":\"https:\/\/www.rijeka.hr\/wp-content\/uploads\/2016\/07\/Prirodoslovni-muzej01-600x400.jpg\"},{\"@type\":\"BreadcrumbList\",\"@id\":\"https:\/\/www.rijeka.hr\/it\/temi-per-i-cittadini\/cultura\/istituzioni-culturali\/ustanove-kojima-osnivac-pgz-ministarstvo-kulture\/#breadcrumb\",\"itemListElement\":[{\"@type\":\"ListItem\",\"position\":1,\"name\":\"Po\u010detna stranica\",\"item\":\"https:\/\/www.rijeka.hr\/it\/\"},{\"@type\":\"ListItem\",\"position\":2,\"name\":\"Temi per i cittadini\",\"item\":\"https:\/\/www.rijeka.hr\/it\/temi-per-i-cittadini\/\"},{\"@type\":\"ListItem\",\"position\":3,\"name\":\"Cultura\",\"item\":\"https:\/\/www.rijeka.hr\/it\/temi-per-i-cittadini\/cultura\/\"},{\"@type\":\"ListItem\",\"position\":4,\"name\":\"Istituzioni culturali\",\"item\":\"https:\/\/www.rijeka.hr\/it\/temi-per-i-cittadini\/cultura\/istituzioni-culturali\/\"},{\"@type\":\"ListItem\",\"position\":5,\"name\":\"Istituzioni fondate dalla Regione litoraneo \u2013 montana e dal Ministero della Cultura\"}]},{\"@type\":\"WebSite\",\"@id\":\"https:\/\/www.rijeka.hr\/it\/#website\",\"url\":\"https:\/\/www.rijeka.hr\/it\/\",\"name\":\"Citt\u00e0 di Fiume\",\"description\":\"Portale web della Citta&#039; di Fiume\",\"potentialAction\":[{\"@type\":\"SearchAction\",\"target\":{\"@type\":\"EntryPoint\",\"urlTemplate\":\"https:\/\/www.rijeka.hr\/it\/?s={search_term_string}\"},\"query-input\":{\"@type\":\"PropertyValueSpecification\",\"valueRequired\":true,\"valueName\":\"search_term_string\"}}],\"inLanguage\":\"it-IT\"}]}<\/script>\n<!-- \/ Yoast SEO plugin. -->","yoast_head_json":{"title":"Istituzioni fondate dalla Regione litoraneo \u2013 montana e dal Ministero della Cultura - Citt\u00e0 di Fiume","robots":{"index":"index","follow":"follow","max-snippet":"max-snippet:-1","max-image-preview":"max-image-preview:large","max-video-preview":"max-video-preview:-1"},"canonical":"https:\/\/www.rijeka.hr\/it\/temi-per-i-cittadini\/cultura\/istituzioni-culturali\/ustanove-kojima-osnivac-pgz-ministarstvo-kulture\/","og_locale":"it_IT","og_type":"article","og_title":"Istituzioni fondate dalla Regione litoraneo \u2013 montana e dal Ministero della Cultura - Citt\u00e0 di Fiume","og_description":"Museo di storia naturale di Fiume Il Museo di storia naturale di Fiume \u00e8 il primo museo regionale dell\u2019area fiumana. \u00c8\u00a0stato fondato il 16 maggio 1876 e aperto al pubblico il primo maggio 1946. \u00c8 situato nel Parco Vladimir Nazor, nei pressi del Palazzo del Governo, nell\u2019edificio appartenuto alla famiglia del conte Negroni. L\u2019istituzione si...","og_url":"https:\/\/www.rijeka.hr\/it\/temi-per-i-cittadini\/cultura\/istituzioni-culturali\/ustanove-kojima-osnivac-pgz-ministarstvo-kulture\/","og_site_name":"Citt\u00e0 di Fiume","article_modified_time":"2019-01-29T14:25:07+00:00","og_image":[{"url":"https:\/\/www.rijeka.hr\/wp-content\/uploads\/2016\/07\/Prirodoslovni-muzej01-600x400.jpg","type":"","width":"","height":""}],"twitter_card":"summary_large_image","twitter_misc":{"Est. reading time":"3 minutes"},"schema":{"@context":"https:\/\/schema.org","@graph":[{"@type":"WebPage","@id":"https:\/\/www.rijeka.hr\/it\/temi-per-i-cittadini\/cultura\/istituzioni-culturali\/ustanove-kojima-osnivac-pgz-ministarstvo-kulture\/","url":"https:\/\/www.rijeka.hr\/it\/temi-per-i-cittadini\/cultura\/istituzioni-culturali\/ustanove-kojima-osnivac-pgz-ministarstvo-kulture\/","name":"Istituzioni fondate dalla Regione litoraneo \u2013 montana e dal Ministero della Cultura - Citt\u00e0 di Fiume","isPartOf":{"@id":"https:\/\/www.rijeka.hr\/it\/#website"},"primaryImageOfPage":{"@id":"https:\/\/www.rijeka.hr\/it\/temi-per-i-cittadini\/cultura\/istituzioni-culturali\/ustanove-kojima-osnivac-pgz-ministarstvo-kulture\/#primaryimage"},"image":{"@id":"https:\/\/www.rijeka.hr\/it\/temi-per-i-cittadini\/cultura\/istituzioni-culturali\/ustanove-kojima-osnivac-pgz-ministarstvo-kulture\/#primaryimage"},"thumbnailUrl":"https:\/\/www.rijeka.hr\/wp-content\/uploads\/2016\/07\/Prirodoslovni-muzej01-600x400.jpg","datePublished":"2017-02-24T12:05:22+00:00","dateModified":"2019-01-29T14:25:07+00:00","breadcrumb":{"@id":"https:\/\/www.rijeka.hr\/it\/temi-per-i-cittadini\/cultura\/istituzioni-culturali\/ustanove-kojima-osnivac-pgz-ministarstvo-kulture\/#breadcrumb"},"inLanguage":"it-IT","potentialAction":[{"@type":"ReadAction","target":["https:\/\/www.rijeka.hr\/it\/temi-per-i-cittadini\/cultura\/istituzioni-culturali\/ustanove-kojima-osnivac-pgz-ministarstvo-kulture\/"]}]},{"@type":"ImageObject","inLanguage":"it-IT","@id":"https:\/\/www.rijeka.hr\/it\/temi-per-i-cittadini\/cultura\/istituzioni-culturali\/ustanove-kojima-osnivac-pgz-ministarstvo-kulture\/#primaryimage","url":"https:\/\/www.rijeka.hr\/wp-content\/uploads\/2016\/07\/Prirodoslovni-muzej01-600x400.jpg","contentUrl":"https:\/\/www.rijeka.hr\/wp-content\/uploads\/2016\/07\/Prirodoslovni-muzej01-600x400.jpg"},{"@type":"BreadcrumbList","@id":"https:\/\/www.rijeka.hr\/it\/temi-per-i-cittadini\/cultura\/istituzioni-culturali\/ustanove-kojima-osnivac-pgz-ministarstvo-kulture\/#breadcrumb","itemListElement":[{"@type":"ListItem","position":1,"name":"Po\u010detna stranica","item":"https:\/\/www.rijeka.hr\/it\/"},{"@type":"ListItem","position":2,"name":"Temi per i cittadini","item":"https:\/\/www.rijeka.hr\/it\/temi-per-i-cittadini\/"},{"@type":"ListItem","position":3,"name":"Cultura","item":"https:\/\/www.rijeka.hr\/it\/temi-per-i-cittadini\/cultura\/"},{"@type":"ListItem","position":4,"name":"Istituzioni culturali","item":"https:\/\/www.rijeka.hr\/it\/temi-per-i-cittadini\/cultura\/istituzioni-culturali\/"},{"@type":"ListItem","position":5,"name":"Istituzioni fondate dalla Regione litoraneo \u2013 montana e dal Ministero della Cultura"}]},{"@type":"WebSite","@id":"https:\/\/www.rijeka.hr\/it\/#website","url":"https:\/\/www.rijeka.hr\/it\/","name":"Citt\u00e0 di Fiume","description":"Portale web della Citta&#039; di Fiume","potentialAction":[{"@type":"SearchAction","target":{"@type":"EntryPoint","urlTemplate":"https:\/\/www.rijeka.hr\/it\/?s={search_term_string}"},"query-input":{"@type":"PropertyValueSpecification","valueRequired":true,"valueName":"search_term_string"}}],"inLanguage":"it-IT"}]}},"_links":{"self":[{"href":"https:\/\/www.rijeka.hr\/it\/wp-json\/wp\/v2\/pages\/3661","targetHints":{"allow":["GET"]}}],"collection":[{"href":"https:\/\/www.rijeka.hr\/it\/wp-json\/wp\/v2\/pages"}],"about":[{"href":"https:\/\/www.rijeka.hr\/it\/wp-json\/wp\/v2\/types\/page"}],"author":[{"embeddable":true,"href":"https:\/\/www.rijeka.hr\/it\/wp-json\/wp\/v2\/users\/6"}],"replies":[{"embeddable":true,"href":"https:\/\/www.rijeka.hr\/it\/wp-json\/wp\/v2\/comments?post=3661"}],"version-history":[{"count":13,"href":"https:\/\/www.rijeka.hr\/it\/wp-json\/wp\/v2\/pages\/3661\/revisions"}],"predecessor-version":[{"id":8052,"href":"https:\/\/www.rijeka.hr\/it\/wp-json\/wp\/v2\/pages\/3661\/revisions\/8052"}],"up":[{"embeddable":true,"href":"https:\/\/www.rijeka.hr\/it\/wp-json\/wp\/v2\/pages\/1069"}],"wp:attachment":[{"href":"https:\/\/www.rijeka.hr\/it\/wp-json\/wp\/v2\/media?parent=3661"}],"wp:term":[{"taxonomy":"post_tag","embeddable":true,"href":"https:\/\/www.rijeka.hr\/it\/wp-json\/wp\/v2\/tags?post=3661"}],"curies":[{"name":"wp","href":"https:\/\/api.w.org\/{rel}","templated":true}]}}